{"id":11,"date":"2019-03-04T21:55:02","date_gmt":"2019-03-04T21:55:02","guid":{"rendered":"http:\/\/192.168.12.75\/sample\/wpglobus\/?page_id=11"},"modified":"2019-04-11T07:14:12","modified_gmt":"2019-04-11T07:14:12","slug":"whats_new","status":"publish","type":"page","link":"https:\/\/docs.imanage.com\/br\/work\/whats_new.html","title":{"rendered":"O que h\u00e1 de novo?"},"content":{"rendered":"<p><strong>Vers\u00f5es<\/strong><\/p>\n<ul>\n<li>iManage Work Desktop for Windows 10.2.0.185<\/li>\n<li>iManage Agent Services 10.2.0.73<\/li>\n<li>iManage Installer 10.2.0.49<\/li>\n<\/ul>\n<h1>Ordene conte\u00fado para melhor visualiza\u00e7\u00e3o e f\u00e1cil acesso<\/h1>\n<p>Agora voc\u00ea pode classificar seu conte\u00fado na ordem crescente ou decrescente para encontrar rapidamente seu item na lista.<\/p>\n<h1>Mantenha-se atualizado com as mais recentes funcionalidades<\/h1>\n<p>Usando as Atualiza\u00e7\u00f5es Autom\u00e1ticas do iManage, voc\u00ea pode se manter atualizado em rela\u00e7\u00e3o aos mais recentes clientes de \u00e1rea de trabalho do iManage Work e instalar as respectivas atualiza\u00e7\u00f5es com base em sua programa\u00e7\u00e3o. Voc\u00ea pode at\u00e9 mesmo reverter as atualiza\u00e7\u00f5es conforme necess\u00e1rio.<\/p>\n<h1>Busca aprimorada do espa\u00e7o de trabalho<\/h1>\n<p>Semelhante \u00e0s buscas de documentos e e-mails, agora voc\u00ea pode escolher rapidamente os seguintes valores para buscas em espa\u00e7os de trabalho: T\u00edtulo, Descri\u00e7\u00e3o, Propriet\u00e1rio e Palavra-chave.<\/p>\n<h1>Arquive todos os e-mails na conversa<\/h1>\n<p>Agora voc\u00ea pode arquivar todos os e-mails na conversa com apenas um clique.<\/p>\n<h1>Veja todos os e-mails em uma lista cronol\u00f3gica ou como conversas<\/h1>\n<p>Agora voc\u00ea pode desativar a visualiza\u00e7\u00e3o de conversa padr\u00e3o para ver uma lista cronol\u00f3gica de e-mails.<\/p>\n<p>Para mais informa\u00e7\u00f5es, consulte a documenta\u00e7\u00e3o do iManage Work.<\/p>\n","protected":false},"excerpt":{"rendered":"<p>Vers\u00f5es iManage Work Desktop for Windows 10.2.0.185 iManage Agent Services 10.2.0.73 iManage Installer 10.2.0.49 Ordene conte\u00fado para melhor visualiza\u00e7\u00e3o e f\u00e1cil acesso Agora voc\u00ea pode classificar seu conte\u00fado na ordem crescente ou decrescente para encontrar rapidamente seu item na lista. Mantenha-se atualizado com as mais recentes funcionalidades Usando as Atualiza\u00e7\u00f5es Autom\u00e1ticas do iManage, voc\u00ea pode [&hellip;]<\/p>\n","protected":false},"author":4,"featured_media":0,"parent":146,"menu_order":0,"comment_status":"closed","ping_status":"closed","template":"","meta":{"_acf_changed":false,"footnotes":""},"class_list":["post-11","page","type-page","status-publish","hentry"],"translation":{"provider":"WPGlobus","version":"3.0.2","language":"br","enabled_languages":["en","de","fr","qc","jp","br","es","zh"],"languages":{"en":{"title":true,"content":true,"excerpt":false},"de":{"title":true,"content":true,"excerpt":false},"fr":{"title":true,"content":true,"excerpt":false},"qc":{"title":false,"content":false,"excerpt":false},"jp":{"title":true,"content":true,"excerpt":false},"br":{"title":true,"content":true,"excerpt":false},"es":{"title":true,"content":true,"excerpt":false},"zh":{"title":false,"content":false,"excerpt":false}}},"acf":[],"yoast_head":"<!-- This site is optimized with the Yoast SEO plugin v27.6 - https:\/\/yoast.com\/product\/yoast-seo-wordpress\/ -->\n<title>O que h\u00e1 de novo? &#8211; Docs - iManage<\/title>\n<meta name=\"robots\" content=\"index, follow, max-snippet:-1, max-image-preview:large, max-video-preview:-1\" \/>\n<link rel=\"canonical\" href=\"https:\/\/docs.imanage.com\/work\/whats_new.html\" \/>\n<meta property=\"og:locale\" content=\"pt_BR\" \/>\n<meta property=\"og:type\" content=\"article\" \/>\n<meta property=\"og:title\" content=\"O que h\u00e1 de novo? &#8211; Docs - iManage\" \/>\n<meta property=\"og:url\" content=\"https:\/\/docs.imanage.com\/work\/whats_new.html\" \/>\n<meta property=\"og:site_name\" content=\"Docs - iManage\" \/>\n<meta property=\"article:modified_time\" content=\"2019-04-11T07:14:12+00:00\" \/>\n<meta property=\"og:image\" content=\"https:\/\/docs.imanage.com\/wp-content\/uploads\/2019\/02\/sogreni_new-300x15.png\" \/>\n<meta name=\"twitter:card\" content=\"summary_large_image\" \/>\n<meta name=\"twitter:label1\" content=\"Est. reading time\" \/>\n\t<meta name=\"twitter:data1\" content=\"6 minutes\" \/>\n<script type=\"application\/ld+json\" class=\"yoast-schema-graph\">{\"@context\":\"https:\\\/\\\/schema.org\",\"@graph\":[{\"@type\":\"WebPage\",\"@id\":\"https:\\\/\\\/docs.imanage.com\\\/work\\\/whats_new.html\",\"url\":\"https:\\\/\\\/docs.imanage.com\\\/work\\\/whats_new.html\",\"name\":\"O que h\u00e1 de novo? &#8211; Docs - iManage\",\"isPartOf\":{\"@id\":\"https:\\\/\\\/docs.imanage.com\\\/#website\"},\"primaryImageOfPage\":{\"@id\":\"https:\\\/\\\/docs.imanage.com\\\/work\\\/whats_new.html#primaryimage\"},\"image\":{\"@id\":\"https:\\\/\\\/docs.imanage.com\\\/work\\\/whats_new.html#primaryimage\"},\"thumbnailUrl\":\"https:\\\/\\\/docs.imanage.com\\\/wp-content\\\/uploads\\\/2019\\\/02\\\/sogreni_new-300x15.png\",\"datePublished\":\"2019-03-04T21:55:02+00:00\",\"dateModified\":\"2019-04-11T07:14:12+00:00\",\"breadcrumb\":{\"@id\":\"https:\\\/\\\/docs.imanage.com\\\/work\\\/whats_new.html#breadcrumb\"},\"inLanguage\":\"pt-BR\",\"potentialAction\":[{\"@type\":\"ReadAction\",\"target\":[\"https:\\\/\\\/docs.imanage.com\\\/work\\\/whats_new.html\"]}]},{\"@type\":\"ImageObject\",\"inLanguage\":\"pt-BR\",\"@id\":\"https:\\\/\\\/docs.imanage.com\\\/work\\\/whats_new.html#primaryimage\",\"url\":\"https:\\\/\\\/docs.imanage.com\\\/wp-content\\\/uploads\\\/2019\\\/02\\\/sogreni_new-300x15.png\",\"contentUrl\":\"https:\\\/\\\/docs.imanage.com\\\/wp-content\\\/uploads\\\/2019\\\/02\\\/sogreni_new-300x15.png\"},{\"@type\":\"BreadcrumbList\",\"@id\":\"https:\\\/\\\/docs.imanage.com\\\/work\\\/whats_new.html#breadcrumb\",\"itemListElement\":[{\"@type\":\"ListItem\",\"position\":1,\"name\":\"Home\",\"item\":\"https:\\\/\\\/docs.imanage.com\\\/\"},{\"@type\":\"ListItem\",\"position\":2,\"name\":\"Work\",\"item\":\"https:\\\/\\\/docs.imanage.com\\\/work.html\"},{\"@type\":\"ListItem\",\"position\":3,\"name\":\"What&#8217;s New?\"}]},{\"@type\":\"WebSite\",\"@id\":\"https:\\\/\\\/docs.imanage.com\\\/#website\",\"url\":\"https:\\\/\\\/docs.imanage.com\\\/\",\"name\":\"Docs - iManage\",\"description\":\"\",\"potentialAction\":[{\"@type\":\"SearchAction\",\"target\":{\"@type\":\"EntryPoint\",\"urlTemplate\":\"https:\\\/\\\/docs.imanage.com\\\/?s={search_term_string}\"},\"query-input\":{\"@type\":\"PropertyValueSpecification\",\"valueRequired\":true,\"valueName\":\"search_term_string\"}}],\"inLanguage\":\"pt-BR\"}]}<\/script>\n<!-- \/ Yoast SEO plugin. -->","yoast_head_json":{"title":"O que h\u00e1 de novo? &#8211; Docs - iManage","robots":{"index":"index","follow":"follow","max-snippet":"max-snippet:-1","max-image-preview":"max-image-preview:large","max-video-preview":"max-video-preview:-1"},"canonical":"https:\/\/docs.imanage.com\/work\/whats_new.html","og_locale":"pt_BR","og_type":"article","og_title":"O que h\u00e1 de novo? &#8211; Docs - iManage","og_url":"https:\/\/docs.imanage.com\/work\/whats_new.html","og_site_name":"Docs - iManage","article_modified_time":"2019-04-11T07:14:12+00:00","og_image":[{"url":"https:\/\/docs.imanage.com\/wp-content\/uploads\/2019\/02\/sogreni_new-300x15.png","type":"","width":"","height":""}],"twitter_card":"summary_large_image","twitter_misc":{"Est. reading time":"6 minutes"},"schema":{"@context":"https:\/\/schema.org","@graph":[{"@type":"WebPage","@id":"https:\/\/docs.imanage.com\/work\/whats_new.html","url":"https:\/\/docs.imanage.com\/work\/whats_new.html","name":"O que h\u00e1 de novo? &#8211; Docs - iManage","isPartOf":{"@id":"https:\/\/docs.imanage.com\/#website"},"primaryImageOfPage":{"@id":"https:\/\/docs.imanage.com\/work\/whats_new.html#primaryimage"},"image":{"@id":"https:\/\/docs.imanage.com\/work\/whats_new.html#primaryimage"},"thumbnailUrl":"https:\/\/docs.imanage.com\/wp-content\/uploads\/2019\/02\/sogreni_new-300x15.png","datePublished":"2019-03-04T21:55:02+00:00","dateModified":"2019-04-11T07:14:12+00:00","breadcrumb":{"@id":"https:\/\/docs.imanage.com\/work\/whats_new.html#breadcrumb"},"inLanguage":"pt-BR","potentialAction":[{"@type":"ReadAction","target":["https:\/\/docs.imanage.com\/work\/whats_new.html"]}]},{"@type":"ImageObject","inLanguage":"pt-BR","@id":"https:\/\/docs.imanage.com\/work\/whats_new.html#primaryimage","url":"https:\/\/docs.imanage.com\/wp-content\/uploads\/2019\/02\/sogreni_new-300x15.png","contentUrl":"https:\/\/docs.imanage.com\/wp-content\/uploads\/2019\/02\/sogreni_new-300x15.png"},{"@type":"BreadcrumbList","@id":"https:\/\/docs.imanage.com\/work\/whats_new.html#breadcrumb","itemListElement":[{"@type":"ListItem","position":1,"name":"Home","item":"https:\/\/docs.imanage.com\/"},{"@type":"ListItem","position":2,"name":"Work","item":"https:\/\/docs.imanage.com\/work.html"},{"@type":"ListItem","position":3,"name":"What&#8217;s New?"}]},{"@type":"WebSite","@id":"https:\/\/docs.imanage.com\/#website","url":"https:\/\/docs.imanage.com\/","name":"Docs - iManage","description":"","potentialAction":[{"@type":"SearchAction","target":{"@type":"EntryPoint","urlTemplate":"https:\/\/docs.imanage.com\/?s={search_term_string}"},"query-input":{"@type":"PropertyValueSpecification","valueRequired":true,"valueName":"search_term_string"}}],"inLanguage":"pt-BR"}]}},"_links":{"self":[{"href":"https:\/\/docs.imanage.com\/br\/wp-json\/wp\/v2\/pages\/11","targetHints":{"allow":["GET"]}}],"collection":[{"href":"https:\/\/docs.imanage.com\/br\/wp-json\/wp\/v2\/pages"}],"about":[{"href":"https:\/\/docs.imanage.com\/br\/wp-json\/wp\/v2\/types\/page"}],"author":[{"embeddable":true,"href":"https:\/\/docs.imanage.com\/br\/wp-json\/wp\/v2\/users\/4"}],"replies":[{"embeddable":true,"href":"https:\/\/docs.imanage.com\/br\/wp-json\/wp\/v2\/comments?post=11"}],"version-history":[{"count":0,"href":"https:\/\/docs.imanage.com\/br\/wp-json\/wp\/v2\/pages\/11\/revisions"}],"up":[{"embeddable":true,"href":"https:\/\/docs.imanage.com\/br\/wp-json\/wp\/v2\/pages\/146"}],"wp:attachment":[{"href":"https:\/\/docs.imanage.com\/br\/wp-json\/wp\/v2\/media?parent=11"}],"curies":[{"name":"wp","href":"https:\/\/api.w.org\/{rel}","templated":true}]}}