{"id":2,"date":"2018-06-22T05:55:25","date_gmt":"2018-06-22T05:55:25","guid":{"rendered":"http:\/\/192.168.12.75\/sample\/wpglobus\/?page_id=2"},"modified":"2019-05-17T11:59:41","modified_gmt":"2019-05-17T11:59:41","slug":"wdw-10-2-19-03","status":"publish","type":"page","link":"https:\/\/docs.imanage.com\/br\/work\/wdw-10-2-19-03.html","title":{"rendered":"Novidades no iManage Desktop Work for Windows &#8211; Abril de 2019"},"content":{"rendered":"<p><strong>Vers\u00e3o: 10.2.1.142<\/strong><\/p>\n<h1>Lembrete de marca\u00e7\u00e3o autom\u00e1tico<\/h1>\n<p>Voc\u00ea costuma abrir documentos e desatentamente os deixa desmarcados e precisa ser lembrado por seus colegas quando eles tentam, sem sucesso, editar os documentos?<\/p>\n<p>O iManage Work Desktop for Windows agora lembra voc\u00ea automaticamente de qualquer documento aberto ou desmarcado, ajudando-lhe a minimizar o bloqueio acidental de um documento para que sua equipe possa continuar acessando documentos importantes.<\/p>\n<p><img loading=\"lazy\" decoding=\"async\" class=\"alignnone size-full wp-image-311\" src=\"https:\/\/docs.imanage.com\/wp-content\/uploads\/2019\/05\/04_Notification-Popup-2-1.gif\" alt=\"\" width=\"786\" height=\"469\" \/><\/p>\n<h1>Indicador visual para Salvar e sincronizar<\/h1>\n<p>Quando voc\u00ea editar um documento e usar a op\u00e7\u00e3o <strong>Salvar e sincronizar <\/strong>para salvar as altera\u00e7\u00f5es, receber\u00e1 um indicador visual mostrando o progresso e uma confirma\u00e7\u00e3o de que as altera\u00e7\u00f5es foram carregadas no iManage Work.<\/p>\n<p><img loading=\"lazy\" decoding=\"async\" class=\"alignnone size-full wp-image-309\" src=\"https:\/\/docs.imanage.com\/wp-content\/uploads\/2019\/05\/02_Gif-Save-Sync-1.gif\" alt=\"\" width=\"786\" height=\"469\" \/><\/p>\n<h1>Altere o idioma da interface do usu\u00e1rio para o Painel do iManage Work<\/h1>\n<p>O Painel Work n\u00e3o precisa mais estar no mesmo idioma que o Windows! Voc\u00ea pode alterar o idioma do Painel Work para qualquer idioma que o iManage Work Desktop for Windows 10.2.1 suporte usando a nova op\u00e7\u00e3o <strong>WebLocale<\/strong> no arquivo imEmm.config.<\/p>\n<h1>Novos atalhos de teclado para o Painel do iManage Work<\/h1>\n<p>Os seguintes atalhos de teclado est\u00e3o dispon\u00edveis para manipular o n\u00edvel de zoom ou para recarregar o painel:<\/p>\n<ul>\n<li><span class=\"inline-comment-marker\" data-ref=\"1323525a-1ca7-4ae0-9016-82818c7c5139\">Tecla CTRL + roda do mouse OU tecla CTRL e tecla + ou -: Para aumentar ou diminuir o n\u00edvel de zoom.<\/span><\/li>\n<li>Tecla CTRL + F5: Para recarregar o conte\u00fado.<\/li>\n<li>Tecla CTRL + 0 (zero): Para redefinir o n\u00edvel de zoom.<\/li>\n<\/ul>\n<h1>Inicie automaticamente o Painel do iManage Work quando o MS Outlook for iniciado<\/h1>\n<p>Voc\u00ea precisa abrir o Painel do iManage Work toda vez que reinicia o Outlook? Agora voc\u00ea pode configurar facilmente o Painel Work para ser iniciado automaticamente para que possa retornar rapidamente ao trabalho a ser feito.<\/p>\n<p><img loading=\"lazy\" decoding=\"async\" class=\"alignnone size-full wp-image-308\" src=\"https:\/\/docs.imanage.com\/wp-content\/uploads\/2019\/05\/01_Option-to-Display_Panel-1.gif\" alt=\"\" width=\"768\" height=\"413\" \/><\/p>\n<h1 id=\"id-.iManageWork10forOfficeandEmailManagementforOutlookReleaseNotes(10.1)v10.2.1-Optionforre-enablingdisablediManageWorkadd-insforMicrosoftOffice\">Reative os suplementos do iManage Work desativados para o Microsoft Office<\/h1>\n<p>Deseja evitar a tarefa de acessar a lista de suplementos desativados para diferentes aplicativos e os ativar sempre que forem desativados por algum motivo? A reativa\u00e7\u00e3o autom\u00e1tica de suplementos do iManage Work para aplicativos do Microsoft Office (Outlook, Word, PowerPoint, Excel, Visio e MS Project) agora pode ser configurada usando o novo <strong>iwReEnabledAddinOption<\/strong> no arquivo imWorkOptions.xml.<\/p>\n<h1 id=\"id-.iManageWork10forOfficeandEmailManagementforOutlookReleaseNotes(10.1)v10.2.1-Visualindicatorfordocumentsdeclaredasrecords\">Indicador visual para documentos declarados como registros<\/h1>\n<p>Para ajudar a identificar rapidamente documentos declarados como registros no Microsoft Office, os documentos listados no modo de exibi\u00e7\u00e3o Backstage exibem um \u00edcone de martelo <img loading=\"lazy\" decoding=\"async\" class=\"alignnone size-full wp-image-284\" src=\"https:\/\/docs.imanage.com\/wp-content\/uploads\/2019\/03\/RecordOverlay-1.png\" alt=\"\" width=\"24\" height=\"24\" \/> no documento.<\/p>\n<p><img loading=\"lazy\" decoding=\"async\" class=\"alignnone size-full wp-image-310\" src=\"https:\/\/docs.imanage.com\/wp-content\/uploads\/2019\/05\/03_GIF_DeclareAsRecordIcon-2-1.gif\" alt=\"\" width=\"820\" height=\"485\" \/><\/p>\n","protected":false},"excerpt":{"rendered":"<p>Vers\u00e3o: 10.2.1.142 Lembrete de marca\u00e7\u00e3o autom\u00e1tico Voc\u00ea costuma abrir documentos e desatentamente os deixa desmarcados e precisa ser lembrado por seus colegas quando eles tentam, sem sucesso, editar os documentos? O iManage Work Desktop for Windows agora lembra voc\u00ea automaticamente de qualquer documento aberto ou desmarcado, ajudando-lhe a minimizar o bloqueio acidental de um documento [&hellip;]<\/p>\n","protected":false},"author":4,"featured_media":0,"parent":146,"menu_order":0,"comment_status":"closed","ping_status":"open","template":"","meta":{"_acf_changed":false,"footnotes":""},"class_list":["post-2","page","type-page","status-publish","hentry"],"translation":{"provider":"WPGlobus","version":"3.0.2","language":"br","enabled_languages":["en","de","fr","qc","jp","br","es","zh"],"languages":{"en":{"title":true,"content":true,"excerpt":false},"de":{"title":true,"content":true,"excerpt":false},"fr":{"title":true,"content":true,"excerpt":false},"qc":{"title":false,"content":false,"excerpt":false},"jp":{"title":true,"content":true,"excerpt":false},"br":{"title":true,"content":true,"excerpt":false},"es":{"title":true,"content":true,"excerpt":false},"zh":{"title":true,"content":true,"excerpt":false}}},"acf":[],"yoast_head":"<!-- This site is optimized with the Yoast SEO plugin v27.5 - https:\/\/yoast.com\/product\/yoast-seo-wordpress\/ -->\n<title>Novidades no iManage Desktop Work for Windows - Abril de 2019 &#8211; Docs - iManage<\/title>\n<meta name=\"robots\" content=\"index, follow, max-snippet:-1, max-image-preview:large, max-video-preview:-1\" \/>\n<link rel=\"canonical\" href=\"https:\/\/docs.imanage.com\/br\/work\/wdw-10-2-19-03.html\" \/>\n<meta property=\"og:locale\" content=\"pt_BR\" \/>\n<meta property=\"og:type\" content=\"article\" \/>\n<meta property=\"og:title\" content=\"Novidades no iManage Desktop Work for Windows - Abril de 2019 &#8211; Docs - iManage\" \/>\n<meta property=\"og:url\" content=\"https:\/\/docs.imanage.com\/br\/work\/wdw-10-2-19-03.html\" \/>\n<meta property=\"og:site_name\" content=\"Docs - iManage\" \/>\n<meta property=\"article:modified_time\" content=\"2019-05-17T11:59:41+00:00\" \/>\n<meta property=\"og:image\" content=\"https:\/\/docs.imanage.com\/wp-content\/uploads\/2019\/04\/04_Notification-Popup-2-1.gif\" \/>\n<meta name=\"twitter:card\" content=\"summary_large_image\" \/>\n<meta name=\"twitter:label1\" content=\"Est. reading time\" \/>\n\t<meta name=\"twitter:data1\" content=\"11 minutes\" \/>\n<script type=\"application\/ld+json\" class=\"yoast-schema-graph\">{\"@context\":\"https:\\\/\\\/schema.org\",\"@graph\":[{\"@type\":\"WebPage\",\"@id\":\"https:\\\/\\\/docs.imanage.com\\\/br\\\/work\\\/wdw-10-2-19-03.html\",\"url\":\"https:\\\/\\\/docs.imanage.com\\\/br\\\/work\\\/wdw-10-2-19-03.html\",\"name\":\"Novidades no iManage Desktop Work for Windows - Abril de 2019 &#8211; Docs - iManage\",\"isPartOf\":{\"@id\":\"https:\\\/\\\/docs.imanage.com\\\/#website\"},\"primaryImageOfPage\":{\"@id\":\"https:\\\/\\\/docs.imanage.com\\\/br\\\/work\\\/wdw-10-2-19-03.html#primaryimage\"},\"image\":{\"@id\":\"https:\\\/\\\/docs.imanage.com\\\/br\\\/work\\\/wdw-10-2-19-03.html#primaryimage\"},\"thumbnailUrl\":\"https:\\\/\\\/docs.imanage.com\\\/wp-content\\\/uploads\\\/2019\\\/04\\\/04_Notification-Popup-2-1.gif\",\"datePublished\":\"2018-06-22T05:55:25+00:00\",\"dateModified\":\"2019-05-17T11:59:41+00:00\",\"breadcrumb\":{\"@id\":\"https:\\\/\\\/docs.imanage.com\\\/br\\\/work\\\/wdw-10-2-19-03.html#breadcrumb\"},\"inLanguage\":\"pt-BR\",\"potentialAction\":[{\"@type\":\"ReadAction\",\"target\":[\"https:\\\/\\\/docs.imanage.com\\\/br\\\/work\\\/wdw-10-2-19-03.html\"]}]},{\"@type\":\"ImageObject\",\"inLanguage\":\"pt-BR\",\"@id\":\"https:\\\/\\\/docs.imanage.com\\\/br\\\/work\\\/wdw-10-2-19-03.html#primaryimage\",\"url\":\"https:\\\/\\\/docs.imanage.com\\\/wp-content\\\/uploads\\\/2019\\\/04\\\/04_Notification-Popup-2-1.gif\",\"contentUrl\":\"https:\\\/\\\/docs.imanage.com\\\/wp-content\\\/uploads\\\/2019\\\/04\\\/04_Notification-Popup-2-1.gif\"},{\"@type\":\"BreadcrumbList\",\"@id\":\"https:\\\/\\\/docs.imanage.com\\\/br\\\/work\\\/wdw-10-2-19-03.html#breadcrumb\",\"itemListElement\":[{\"@type\":\"ListItem\",\"position\":1,\"name\":\"Home\",\"item\":\"https:\\\/\\\/docs.imanage.com\\\/\"},{\"@type\":\"ListItem\",\"position\":2,\"name\":\"Work\",\"item\":\"https:\\\/\\\/docs.imanage.com\\\/work.html\"},{\"@type\":\"ListItem\",\"position\":3,\"name\":\"Novidades no iManage Desktop Work for Windows &#8211; Abril de 2019\"}]},{\"@type\":\"WebSite\",\"@id\":\"https:\\\/\\\/docs.imanage.com\\\/#website\",\"url\":\"https:\\\/\\\/docs.imanage.com\\\/\",\"name\":\"Docs - iManage\",\"description\":\"\",\"potentialAction\":[{\"@type\":\"SearchAction\",\"target\":{\"@type\":\"EntryPoint\",\"urlTemplate\":\"https:\\\/\\\/docs.imanage.com\\\/?s={search_term_string}\"},\"query-input\":{\"@type\":\"PropertyValueSpecification\",\"valueRequired\":true,\"valueName\":\"search_term_string\"}}],\"inLanguage\":\"pt-BR\"}]}<\/script>\n<!-- \/ Yoast SEO plugin. -->","yoast_head_json":{"title":"Novidades no iManage Desktop Work for Windows - Abril de 2019 &#8211; Docs - iManage","robots":{"index":"index","follow":"follow","max-snippet":"max-snippet:-1","max-image-preview":"max-image-preview:large","max-video-preview":"max-video-preview:-1"},"canonical":"https:\/\/docs.imanage.com\/br\/work\/wdw-10-2-19-03.html","og_locale":"pt_BR","og_type":"article","og_title":"Novidades no iManage Desktop Work for Windows - Abril de 2019 &#8211; Docs - iManage","og_url":"https:\/\/docs.imanage.com\/br\/work\/wdw-10-2-19-03.html","og_site_name":"Docs - iManage","article_modified_time":"2019-05-17T11:59:41+00:00","og_image":[{"url":"https:\/\/docs.imanage.com\/wp-content\/uploads\/2019\/04\/04_Notification-Popup-2-1.gif","type":"","width":"","height":""}],"twitter_card":"summary_large_image","twitter_misc":{"Est. reading time":"11 minutes"},"schema":{"@context":"https:\/\/schema.org","@graph":[{"@type":"WebPage","@id":"https:\/\/docs.imanage.com\/br\/work\/wdw-10-2-19-03.html","url":"https:\/\/docs.imanage.com\/br\/work\/wdw-10-2-19-03.html","name":"Novidades no iManage Desktop Work for Windows - Abril de 2019 &#8211; Docs - iManage","isPartOf":{"@id":"https:\/\/docs.imanage.com\/#website"},"primaryImageOfPage":{"@id":"https:\/\/docs.imanage.com\/br\/work\/wdw-10-2-19-03.html#primaryimage"},"image":{"@id":"https:\/\/docs.imanage.com\/br\/work\/wdw-10-2-19-03.html#primaryimage"},"thumbnailUrl":"https:\/\/docs.imanage.com\/wp-content\/uploads\/2019\/04\/04_Notification-Popup-2-1.gif","datePublished":"2018-06-22T05:55:25+00:00","dateModified":"2019-05-17T11:59:41+00:00","breadcrumb":{"@id":"https:\/\/docs.imanage.com\/br\/work\/wdw-10-2-19-03.html#breadcrumb"},"inLanguage":"pt-BR","potentialAction":[{"@type":"ReadAction","target":["https:\/\/docs.imanage.com\/br\/work\/wdw-10-2-19-03.html"]}]},{"@type":"ImageObject","inLanguage":"pt-BR","@id":"https:\/\/docs.imanage.com\/br\/work\/wdw-10-2-19-03.html#primaryimage","url":"https:\/\/docs.imanage.com\/wp-content\/uploads\/2019\/04\/04_Notification-Popup-2-1.gif","contentUrl":"https:\/\/docs.imanage.com\/wp-content\/uploads\/2019\/04\/04_Notification-Popup-2-1.gif"},{"@type":"BreadcrumbList","@id":"https:\/\/docs.imanage.com\/br\/work\/wdw-10-2-19-03.html#breadcrumb","itemListElement":[{"@type":"ListItem","position":1,"name":"Home","item":"https:\/\/docs.imanage.com\/"},{"@type":"ListItem","position":2,"name":"Work","item":"https:\/\/docs.imanage.com\/work.html"},{"@type":"ListItem","position":3,"name":"Novidades no iManage Desktop Work for Windows &#8211; Abril de 2019"}]},{"@type":"WebSite","@id":"https:\/\/docs.imanage.com\/#website","url":"https:\/\/docs.imanage.com\/","name":"Docs - iManage","description":"","potentialAction":[{"@type":"SearchAction","target":{"@type":"EntryPoint","urlTemplate":"https:\/\/docs.imanage.com\/?s={search_term_string}"},"query-input":{"@type":"PropertyValueSpecification","valueRequired":true,"valueName":"search_term_string"}}],"inLanguage":"pt-BR"}]}},"_links":{"self":[{"href":"https:\/\/docs.imanage.com\/br\/wp-json\/wp\/v2\/pages\/2","targetHints":{"allow":["GET"]}}],"collection":[{"href":"https:\/\/docs.imanage.com\/br\/wp-json\/wp\/v2\/pages"}],"about":[{"href":"https:\/\/docs.imanage.com\/br\/wp-json\/wp\/v2\/types\/page"}],"author":[{"embeddable":true,"href":"https:\/\/docs.imanage.com\/br\/wp-json\/wp\/v2\/users\/4"}],"replies":[{"embeddable":true,"href":"https:\/\/docs.imanage.com\/br\/wp-json\/wp\/v2\/comments?post=2"}],"version-history":[{"count":0,"href":"https:\/\/docs.imanage.com\/br\/wp-json\/wp\/v2\/pages\/2\/revisions"}],"up":[{"embeddable":true,"href":"https:\/\/docs.imanage.com\/br\/wp-json\/wp\/v2\/pages\/146"}],"wp:attachment":[{"href":"https:\/\/docs.imanage.com\/br\/wp-json\/wp\/v2\/media?parent=2"}],"curies":[{"name":"wp","href":"https:\/\/api.w.org\/{rel}","templated":true}]}}