{"id":249,"date":"2019-06-05T21:22:34","date_gmt":"2019-06-05T21:22:34","guid":{"rendered":"https:\/\/docs.imanage.com\/?page_id=249"},"modified":"2020-09-07T10:36:34","modified_gmt":"2020-09-07T10:36:34","slug":"whats-new-in-imanage-work","status":"publish","type":"page","link":"https:\/\/docs.imanage.com\/br\/whats-new-in-imanage-work.html","title":{"rendered":"O que h\u00e1 de novo no iManage Work?"},"content":{"rendered":"<h1>Junho de 2019<\/h1>\n<h3>Baixe v\u00e1rios arquivos<\/h3>\n<p>Selecione v\u00e1rios arquivos e baixe-os para um local no seu computador. Voc\u00ea pode decidir entre baixar arquivos individuais ou um \u00fanico arquivo ZIP, o que garante que todos os arquivos baixados sejam compactados para facilitar o compartilhamento.<\/p>\n<h3>Realoque o conte\u00fado de um resultado de busca ou das listas recentes<\/h3>\n<p>Anteriormente, os usu\u00e1rios precisavam navegar em cada pasta antes de poderem mover os documentos, o que era demorado e tedioso. Agora os usu\u00e1rios podem procurar documentos e realoc\u00e1-los em outra pasta de destino, permitindo que organizem facilmente seus arquivos. Se um \u00fanico documento for referenciado em v\u00e1rios locais, os usu\u00e1rios s\u00e3o notificados, para que possam decidir quais documentos pretendem mover.<\/p>\n<h3>Compartilhe facilmente e-mails com terceiros<\/h3>\n<p>H\u00e1 momentos em que voc\u00ea precisa anexar um e-mail como refer\u00eancia. Ficou mais f\u00e1cil do que nunca compartilhar e-mails enviados com os seus clientes. Voc\u00ea pode simplesmente copiar e-mails para as pastas dos seus clientes ou compartilhar links seguros, que podem ser gerenciados com a capacidade de rastreamento e vencimento, conforme necess\u00e1rio.<\/p>\n<h3>Exclua com efici\u00eancia v\u00e1rias vers\u00f5es de um documento<\/h3>\n<p>Com uma \u00fanica opera\u00e7\u00e3o, voc\u00ea pode excluir o documento inteiro, que pode incluir v\u00e1rias vers\u00f5es. Os privil\u00e9gios de seguran\u00e7a ainda ser\u00e3o respeitados, o que significa que, se voc\u00ea n\u00e3o tiver acesso a uma vers\u00e3o de um documento, n\u00e3o poder\u00e1 exclu\u00ed-lo. Se voc\u00ea excluiu o documento acidentalmente, poder\u00e1 restaur\u00e1-lo facilmente a partir da Lixeira do Work 10, sem precisar solicitar assist\u00eancia t\u00e9cnica.<\/p>\n<h3>Acesse rapidamente itens importantes<\/h3>\n<p>Seu trabalho gira em torno de Projetos, ao inv\u00e9s de documentos ou e-mails individuais. Agora voc\u00ea pode definir sua p\u00e1gina inicial como Projetos recentes, E-mails ou at\u00e9 mesmo Clientes\/Engajamentos. De modo alternativo, se preferir come\u00e7ar o dia acessando um item marcado, como por exemplo um modelo de documento, voc\u00ea tamb\u00e9m pode fazer isso com o iManage Work.<\/p>\n<h1>Melhorias gerais<\/h1>\n<ul>\n<li>Se um espa\u00e7o de trabalho de destino exclu\u00eddo ainda estiver listado em uma categoria em Meus assuntos, voc\u00ea poder\u00e1 remover esse espa\u00e7o de trabalho e limpar o seu Meus assuntos.<\/li>\n<li>A Busca foi aprimorada para cuidar adequadamente das buscas que incluem n\u00fameros de documentos separados por v\u00edrgulas ou espa\u00e7os.<\/li>\n<\/ul>\n<h1>Melhorias de usabilidade, estabilidade e desempenho<\/h1>\n<p>Para melhorar a usabilidade e o desempenho gerais, v\u00e1rios aprimoramentos e corre\u00e7\u00f5es foram adicionados<\/p>\n","protected":false},"excerpt":{"rendered":"<p>Junho de 2019 Baixe v\u00e1rios arquivos Selecione v\u00e1rios arquivos e baixe-os para um local no seu computador. Voc\u00ea pode decidir entre baixar arquivos individuais ou um \u00fanico arquivo ZIP, o que garante que todos os arquivos baixados sejam compactados para facilitar o compartilhamento. Realoque o conte\u00fado de um resultado de busca ou das listas recentes [&hellip;]<\/p>\n","protected":false},"author":4,"featured_media":0,"parent":0,"menu_order":0,"comment_status":"closed","ping_status":"closed","template":"","meta":{"_acf_changed":false,"footnotes":""},"class_list":["post-249","page","type-page","status-publish","hentry"],"translation":{"provider":"WPGlobus","version":"3.0.2","language":"br","enabled_languages":["en","de","fr","qc","jp","br","es","zh"],"languages":{"en":{"title":true,"content":true,"excerpt":false},"de":{"title":true,"content":true,"excerpt":false},"fr":{"title":true,"content":true,"excerpt":false},"qc":{"title":false,"content":false,"excerpt":false},"jp":{"title":true,"content":true,"excerpt":false},"br":{"title":true,"content":true,"excerpt":false},"es":{"title":true,"content":true,"excerpt":false},"zh":{"title":true,"content":true,"excerpt":false}}},"acf":[],"yoast_head":"<!-- This site is optimized with the Yoast SEO plugin v27.3 - https:\/\/yoast.com\/product\/yoast-seo-wordpress\/ -->\n<title>O que h\u00e1 de novo no iManage Work? &#8211; Docs - iManage<\/title>\n<meta name=\"robots\" content=\"index, follow, max-snippet:-1, max-image-preview:large, max-video-preview:-1\" \/>\n<link rel=\"canonical\" href=\"https:\/\/docs.imanage.com\/jp\/whats-new-in-imanage-work.html\" \/>\n<meta property=\"og:locale\" content=\"pt_BR\" \/>\n<meta property=\"og:type\" content=\"article\" \/>\n<meta property=\"og:title\" content=\"O que h\u00e1 de novo no iManage Work? &#8211; Docs - iManage\" \/>\n<meta property=\"og:url\" content=\"https:\/\/docs.imanage.com\/jp\/whats-new-in-imanage-work.html\" \/>\n<meta property=\"og:site_name\" content=\"Docs - iManage\" \/>\n<meta property=\"article:modified_time\" content=\"2020-09-07T10:36:34+00:00\" \/>\n<meta property=\"og:image\" content=\"https:\/\/docs.imanage.com\/wp-content\/uploads\/2019\/06\/02_Downloading-multiple-items.gif\" \/>\n<meta name=\"twitter:card\" content=\"summary_large_image\" \/>\n<meta name=\"twitter:label1\" content=\"Est. reading time\" \/>\n\t<meta name=\"twitter:data1\" content=\"11 minutes\" \/>\n<script type=\"application\/ld+json\" class=\"yoast-schema-graph\">{\"@context\":\"https:\\\/\\\/schema.org\",\"@graph\":[{\"@type\":\"WebPage\",\"@id\":\"https:\\\/\\\/docs.imanage.com\\\/jp\\\/whats-new-in-imanage-work.html\",\"url\":\"https:\\\/\\\/docs.imanage.com\\\/jp\\\/whats-new-in-imanage-work.html\",\"name\":\"O que h\u00e1 de novo no iManage Work? &#8211; Docs - iManage\",\"isPartOf\":{\"@id\":\"https:\\\/\\\/docs.imanage.com\\\/#website\"},\"primaryImageOfPage\":{\"@id\":\"https:\\\/\\\/docs.imanage.com\\\/jp\\\/whats-new-in-imanage-work.html#primaryimage\"},\"image\":{\"@id\":\"https:\\\/\\\/docs.imanage.com\\\/jp\\\/whats-new-in-imanage-work.html#primaryimage\"},\"thumbnailUrl\":\"https:\\\/\\\/docs.imanage.com\\\/wp-content\\\/uploads\\\/2019\\\/06\\\/02_Downloading-multiple-items.gif\",\"datePublished\":\"2019-06-05T21:22:34+00:00\",\"dateModified\":\"2020-09-07T10:36:34+00:00\",\"breadcrumb\":{\"@id\":\"https:\\\/\\\/docs.imanage.com\\\/jp\\\/whats-new-in-imanage-work.html#breadcrumb\"},\"inLanguage\":\"pt-BR\",\"potentialAction\":[{\"@type\":\"ReadAction\",\"target\":[\"https:\\\/\\\/docs.imanage.com\\\/jp\\\/whats-new-in-imanage-work.html\"]}]},{\"@type\":\"ImageObject\",\"inLanguage\":\"pt-BR\",\"@id\":\"https:\\\/\\\/docs.imanage.com\\\/jp\\\/whats-new-in-imanage-work.html#primaryimage\",\"url\":\"https:\\\/\\\/docs.imanage.com\\\/wp-content\\\/uploads\\\/2019\\\/06\\\/02_Downloading-multiple-items.gif\",\"contentUrl\":\"https:\\\/\\\/docs.imanage.com\\\/wp-content\\\/uploads\\\/2019\\\/06\\\/02_Downloading-multiple-items.gif\"},{\"@type\":\"BreadcrumbList\",\"@id\":\"https:\\\/\\\/docs.imanage.com\\\/jp\\\/whats-new-in-imanage-work.html#breadcrumb\",\"itemListElement\":[{\"@type\":\"ListItem\",\"position\":1,\"name\":\"Home\",\"item\":\"https:\\\/\\\/docs.imanage.com\\\/\"},{\"@type\":\"ListItem\",\"position\":2,\"name\":\"iManage Work\u306e\u65b0\u6a5f\u80fd\uff1f\"}]},{\"@type\":\"WebSite\",\"@id\":\"https:\\\/\\\/docs.imanage.com\\\/#website\",\"url\":\"https:\\\/\\\/docs.imanage.com\\\/\",\"name\":\"Docs - iManage\",\"description\":\"\",\"potentialAction\":[{\"@type\":\"SearchAction\",\"target\":{\"@type\":\"EntryPoint\",\"urlTemplate\":\"https:\\\/\\\/docs.imanage.com\\\/?s={search_term_string}\"},\"query-input\":{\"@type\":\"PropertyValueSpecification\",\"valueRequired\":true,\"valueName\":\"search_term_string\"}}],\"inLanguage\":\"pt-BR\"}]}<\/script>\n<!-- \/ Yoast SEO plugin. -->","yoast_head_json":{"title":"O que h\u00e1 de novo no iManage Work? &#8211; Docs - iManage","robots":{"index":"index","follow":"follow","max-snippet":"max-snippet:-1","max-image-preview":"max-image-preview:large","max-video-preview":"max-video-preview:-1"},"canonical":"https:\/\/docs.imanage.com\/jp\/whats-new-in-imanage-work.html","og_locale":"pt_BR","og_type":"article","og_title":"O que h\u00e1 de novo no iManage Work? &#8211; Docs - iManage","og_url":"https:\/\/docs.imanage.com\/jp\/whats-new-in-imanage-work.html","og_site_name":"Docs - iManage","article_modified_time":"2020-09-07T10:36:34+00:00","og_image":[{"url":"https:\/\/docs.imanage.com\/wp-content\/uploads\/2019\/06\/02_Downloading-multiple-items.gif","type":"","width":"","height":""}],"twitter_card":"summary_large_image","twitter_misc":{"Est. reading time":"11 minutes"},"schema":{"@context":"https:\/\/schema.org","@graph":[{"@type":"WebPage","@id":"https:\/\/docs.imanage.com\/jp\/whats-new-in-imanage-work.html","url":"https:\/\/docs.imanage.com\/jp\/whats-new-in-imanage-work.html","name":"O que h\u00e1 de novo no iManage Work? &#8211; Docs - iManage","isPartOf":{"@id":"https:\/\/docs.imanage.com\/#website"},"primaryImageOfPage":{"@id":"https:\/\/docs.imanage.com\/jp\/whats-new-in-imanage-work.html#primaryimage"},"image":{"@id":"https:\/\/docs.imanage.com\/jp\/whats-new-in-imanage-work.html#primaryimage"},"thumbnailUrl":"https:\/\/docs.imanage.com\/wp-content\/uploads\/2019\/06\/02_Downloading-multiple-items.gif","datePublished":"2019-06-05T21:22:34+00:00","dateModified":"2020-09-07T10:36:34+00:00","breadcrumb":{"@id":"https:\/\/docs.imanage.com\/jp\/whats-new-in-imanage-work.html#breadcrumb"},"inLanguage":"pt-BR","potentialAction":[{"@type":"ReadAction","target":["https:\/\/docs.imanage.com\/jp\/whats-new-in-imanage-work.html"]}]},{"@type":"ImageObject","inLanguage":"pt-BR","@id":"https:\/\/docs.imanage.com\/jp\/whats-new-in-imanage-work.html#primaryimage","url":"https:\/\/docs.imanage.com\/wp-content\/uploads\/2019\/06\/02_Downloading-multiple-items.gif","contentUrl":"https:\/\/docs.imanage.com\/wp-content\/uploads\/2019\/06\/02_Downloading-multiple-items.gif"},{"@type":"BreadcrumbList","@id":"https:\/\/docs.imanage.com\/jp\/whats-new-in-imanage-work.html#breadcrumb","itemListElement":[{"@type":"ListItem","position":1,"name":"Home","item":"https:\/\/docs.imanage.com\/"},{"@type":"ListItem","position":2,"name":"iManage Work\u306e\u65b0\u6a5f\u80fd\uff1f"}]},{"@type":"WebSite","@id":"https:\/\/docs.imanage.com\/#website","url":"https:\/\/docs.imanage.com\/","name":"Docs - iManage","description":"","potentialAction":[{"@type":"SearchAction","target":{"@type":"EntryPoint","urlTemplate":"https:\/\/docs.imanage.com\/?s={search_term_string}"},"query-input":{"@type":"PropertyValueSpecification","valueRequired":true,"valueName":"search_term_string"}}],"inLanguage":"pt-BR"}]}},"_links":{"self":[{"href":"https:\/\/docs.imanage.com\/br\/wp-json\/wp\/v2\/pages\/249","targetHints":{"allow":["GET"]}}],"collection":[{"href":"https:\/\/docs.imanage.com\/br\/wp-json\/wp\/v2\/pages"}],"about":[{"href":"https:\/\/docs.imanage.com\/br\/wp-json\/wp\/v2\/types\/page"}],"author":[{"embeddable":true,"href":"https:\/\/docs.imanage.com\/br\/wp-json\/wp\/v2\/users\/4"}],"replies":[{"embeddable":true,"href":"https:\/\/docs.imanage.com\/br\/wp-json\/wp\/v2\/comments?post=249"}],"version-history":[{"count":0,"href":"https:\/\/docs.imanage.com\/br\/wp-json\/wp\/v2\/pages\/249\/revisions"}],"wp:attachment":[{"href":"https:\/\/docs.imanage.com\/br\/wp-json\/wp\/v2\/media?parent=249"}],"curies":[{"name":"wp","href":"https:\/\/api.w.org\/{rel}","templated":true}]}}