{"id":301,"date":"2019-06-04T17:01:26","date_gmt":"2019-06-04T17:01:26","guid":{"rendered":"https:\/\/docs.imanage.com\/?page_id=301"},"modified":"2019-08-05T05:56:58","modified_gmt":"2019-08-05T05:56:58","slug":"wdw-10-2-19-06","status":"publish","type":"page","link":"https:\/\/docs.imanage.com\/br\/work\/wdw-10-2-19-06.html","title":{"rendered":"Novidades no iManage Work Desktop para Windows &#8211; Julho de 2019"},"content":{"rendered":"<div class=\"entry-content\">\n<h4><strong>Build: 10.2.3.38<\/strong><\/h4>\n<h1>Renomear assuntos de e-mail durante o Enviar &#038; Arquivar<\/h1>\n<p>Voc\u00ea precisa capturar informa\u00e7\u00f5es importantes ao enviar e-mails? Agora voc\u00ea pode alterar a descri\u00e7\u00e3o do e-mail ao enviar e arquivar no iManage Work, para que voc\u00ea possa encontrar facilmente este e-mail espec\u00edfico mais tarde. O assunto original do e-mail n\u00e3o \u00e9 alterado com a nova descri\u00e7\u00e3o, o que significa que, se voc\u00ea estiver respondendo ou encaminhando ao e-mail mais tarde, o destinat\u00e1rio continuar\u00e1 a ver o assunto original do e-mail.<\/p>\n<h1>Importe facilmente os e-mails armazenados nas pastas do Outlook para as pastas do projeto no iManage Work<\/h1>\n<p>Agora voc\u00ea pode facilmente mover ou copiar suas pastas da Caixa de Entrada do Outlook (incluindo subpastas) para o iManage Work com uma \u00fanica opera\u00e7\u00e3o f\u00e1cil. Isso tamb\u00e9m permite copiar a pasta do Outlook e seu conte\u00fado para v\u00e1rias pastas.<\/p>\n<p>&nbsp;<\/p>\n<p><strong>Vers\u00e3o anterior<\/strong><\/p>\n<p><a href=\"https:\/\/docs.imanage.com\/work\/wdw-10-2-19-05.html\">iManage Work Desktop para Windows &#8211; Junho de 2019<\/a><\/p>\n<\/div>\n","protected":false},"excerpt":{"rendered":"<p>Build: 10.2.3.38 Renomear assuntos de e-mail durante o Enviar &#038; Arquivar Voc\u00ea precisa capturar informa\u00e7\u00f5es importantes ao enviar e-mails? Agora voc\u00ea pode alterar a descri\u00e7\u00e3o do e-mail ao enviar e arquivar no iManage Work, para que voc\u00ea possa encontrar facilmente este e-mail espec\u00edfico mais tarde. O assunto original do e-mail n\u00e3o \u00e9 alterado com a [&hellip;]<\/p>\n","protected":false},"author":4,"featured_media":0,"parent":146,"menu_order":0,"comment_status":"closed","ping_status":"closed","template":"","meta":{"_acf_changed":false,"footnotes":""},"class_list":["post-301","page","type-page","status-publish","hentry"],"translation":{"provider":"WPGlobus","version":"3.0.2","language":"br","enabled_languages":["en","de","fr","qc","jp","br","es","zh"],"languages":{"en":{"title":true,"content":true,"excerpt":false},"de":{"title":true,"content":true,"excerpt":false},"fr":{"title":true,"content":true,"excerpt":false},"qc":{"title":false,"content":false,"excerpt":false},"jp":{"title":true,"content":true,"excerpt":false},"br":{"title":true,"content":true,"excerpt":false},"es":{"title":true,"content":true,"excerpt":false},"zh":{"title":true,"content":true,"excerpt":false}}},"acf":[],"yoast_head":"<!-- This site is optimized with the Yoast SEO plugin v27.4 - https:\/\/yoast.com\/product\/yoast-seo-wordpress\/ -->\n<title>Novidades no iManage Work Desktop para Windows - Julho de 2019 &#8211; Docs - iManage<\/title>\n<meta name=\"robots\" content=\"index, follow, max-snippet:-1, max-image-preview:large, max-video-preview:-1\" \/>\n<link rel=\"canonical\" href=\"https:\/\/docs.imanage.com\/fr\/work\/wdw-10-2-19-06.html\" \/>\n<meta property=\"og:locale\" content=\"pt_BR\" \/>\n<meta property=\"og:type\" content=\"article\" \/>\n<meta property=\"og:title\" content=\"Novidades no iManage Work Desktop para Windows - Julho de 2019 &#8211; Docs - iManage\" \/>\n<meta property=\"og:url\" content=\"https:\/\/docs.imanage.com\/fr\/work\/wdw-10-2-19-06.html\" \/>\n<meta property=\"og:site_name\" content=\"Docs - iManage\" \/>\n<meta property=\"article:modified_time\" content=\"2019-08-05T05:56:58+00:00\" \/>\n<meta property=\"og:image\" content=\"https:\/\/docs.imanage.com\/wp-content\/uploads\/2019\/08\/edit-description-1.png\" \/>\n<meta name=\"twitter:card\" content=\"summary_large_image\" \/>\n<meta name=\"twitter:label1\" content=\"Est. reading time\" \/>\n\t<meta name=\"twitter:data1\" content=\"4 minutes\" \/>\n<script type=\"application\/ld+json\" class=\"yoast-schema-graph\">{\"@context\":\"https:\\\/\\\/schema.org\",\"@graph\":[{\"@type\":\"WebPage\",\"@id\":\"https:\\\/\\\/docs.imanage.com\\\/fr\\\/work\\\/wdw-10-2-19-06.html\",\"url\":\"https:\\\/\\\/docs.imanage.com\\\/fr\\\/work\\\/wdw-10-2-19-06.html\",\"name\":\"Novidades no iManage Work Desktop para Windows - Julho de 2019 &#8211; Docs - iManage\",\"isPartOf\":{\"@id\":\"https:\\\/\\\/docs.imanage.com\\\/#website\"},\"primaryImageOfPage\":{\"@id\":\"https:\\\/\\\/docs.imanage.com\\\/fr\\\/work\\\/wdw-10-2-19-06.html#primaryimage\"},\"image\":{\"@id\":\"https:\\\/\\\/docs.imanage.com\\\/fr\\\/work\\\/wdw-10-2-19-06.html#primaryimage\"},\"thumbnailUrl\":\"https:\\\/\\\/docs.imanage.com\\\/wp-content\\\/uploads\\\/2019\\\/08\\\/edit-description-1.png\",\"datePublished\":\"2019-06-04T17:01:26+00:00\",\"dateModified\":\"2019-08-05T05:56:58+00:00\",\"breadcrumb\":{\"@id\":\"https:\\\/\\\/docs.imanage.com\\\/fr\\\/work\\\/wdw-10-2-19-06.html#breadcrumb\"},\"inLanguage\":\"pt-BR\",\"potentialAction\":[{\"@type\":\"ReadAction\",\"target\":[\"https:\\\/\\\/docs.imanage.com\\\/fr\\\/work\\\/wdw-10-2-19-06.html\"]}]},{\"@type\":\"ImageObject\",\"inLanguage\":\"pt-BR\",\"@id\":\"https:\\\/\\\/docs.imanage.com\\\/fr\\\/work\\\/wdw-10-2-19-06.html#primaryimage\",\"url\":\"https:\\\/\\\/docs.imanage.com\\\/wp-content\\\/uploads\\\/2019\\\/08\\\/edit-description-1.png\",\"contentUrl\":\"https:\\\/\\\/docs.imanage.com\\\/wp-content\\\/uploads\\\/2019\\\/08\\\/edit-description-1.png\"},{\"@type\":\"BreadcrumbList\",\"@id\":\"https:\\\/\\\/docs.imanage.com\\\/fr\\\/work\\\/wdw-10-2-19-06.html#breadcrumb\",\"itemListElement\":[{\"@type\":\"ListItem\",\"position\":1,\"name\":\"Home\",\"item\":\"https:\\\/\\\/docs.imanage.com\\\/\"},{\"@type\":\"ListItem\",\"position\":2,\"name\":\"Work\",\"item\":\"https:\\\/\\\/docs.imanage.com\\\/work.html\"},{\"@type\":\"ListItem\",\"position\":3,\"name\":\"Nouveaut\u00e9s de iManage Work Desktop pour Windows &#8211; Juillet 2019\"}]},{\"@type\":\"WebSite\",\"@id\":\"https:\\\/\\\/docs.imanage.com\\\/#website\",\"url\":\"https:\\\/\\\/docs.imanage.com\\\/\",\"name\":\"Docs - iManage\",\"description\":\"\",\"potentialAction\":[{\"@type\":\"SearchAction\",\"target\":{\"@type\":\"EntryPoint\",\"urlTemplate\":\"https:\\\/\\\/docs.imanage.com\\\/?s={search_term_string}\"},\"query-input\":{\"@type\":\"PropertyValueSpecification\",\"valueRequired\":true,\"valueName\":\"search_term_string\"}}],\"inLanguage\":\"pt-BR\"}]}<\/script>\n<!-- \/ Yoast SEO plugin. -->","yoast_head_json":{"title":"Novidades no iManage Work Desktop para Windows - Julho de 2019 &#8211; Docs - iManage","robots":{"index":"index","follow":"follow","max-snippet":"max-snippet:-1","max-image-preview":"max-image-preview:large","max-video-preview":"max-video-preview:-1"},"canonical":"https:\/\/docs.imanage.com\/fr\/work\/wdw-10-2-19-06.html","og_locale":"pt_BR","og_type":"article","og_title":"Novidades no iManage Work Desktop para Windows - Julho de 2019 &#8211; Docs - iManage","og_url":"https:\/\/docs.imanage.com\/fr\/work\/wdw-10-2-19-06.html","og_site_name":"Docs - iManage","article_modified_time":"2019-08-05T05:56:58+00:00","og_image":[{"url":"https:\/\/docs.imanage.com\/wp-content\/uploads\/2019\/08\/edit-description-1.png","type":"","width":"","height":""}],"twitter_card":"summary_large_image","twitter_misc":{"Est. reading time":"4 minutes"},"schema":{"@context":"https:\/\/schema.org","@graph":[{"@type":"WebPage","@id":"https:\/\/docs.imanage.com\/fr\/work\/wdw-10-2-19-06.html","url":"https:\/\/docs.imanage.com\/fr\/work\/wdw-10-2-19-06.html","name":"Novidades no iManage Work Desktop para Windows - Julho de 2019 &#8211; Docs - iManage","isPartOf":{"@id":"https:\/\/docs.imanage.com\/#website"},"primaryImageOfPage":{"@id":"https:\/\/docs.imanage.com\/fr\/work\/wdw-10-2-19-06.html#primaryimage"},"image":{"@id":"https:\/\/docs.imanage.com\/fr\/work\/wdw-10-2-19-06.html#primaryimage"},"thumbnailUrl":"https:\/\/docs.imanage.com\/wp-content\/uploads\/2019\/08\/edit-description-1.png","datePublished":"2019-06-04T17:01:26+00:00","dateModified":"2019-08-05T05:56:58+00:00","breadcrumb":{"@id":"https:\/\/docs.imanage.com\/fr\/work\/wdw-10-2-19-06.html#breadcrumb"},"inLanguage":"pt-BR","potentialAction":[{"@type":"ReadAction","target":["https:\/\/docs.imanage.com\/fr\/work\/wdw-10-2-19-06.html"]}]},{"@type":"ImageObject","inLanguage":"pt-BR","@id":"https:\/\/docs.imanage.com\/fr\/work\/wdw-10-2-19-06.html#primaryimage","url":"https:\/\/docs.imanage.com\/wp-content\/uploads\/2019\/08\/edit-description-1.png","contentUrl":"https:\/\/docs.imanage.com\/wp-content\/uploads\/2019\/08\/edit-description-1.png"},{"@type":"BreadcrumbList","@id":"https:\/\/docs.imanage.com\/fr\/work\/wdw-10-2-19-06.html#breadcrumb","itemListElement":[{"@type":"ListItem","position":1,"name":"Home","item":"https:\/\/docs.imanage.com\/"},{"@type":"ListItem","position":2,"name":"Work","item":"https:\/\/docs.imanage.com\/work.html"},{"@type":"ListItem","position":3,"name":"Nouveaut\u00e9s de iManage Work Desktop pour Windows &#8211; Juillet 2019"}]},{"@type":"WebSite","@id":"https:\/\/docs.imanage.com\/#website","url":"https:\/\/docs.imanage.com\/","name":"Docs - iManage","description":"","potentialAction":[{"@type":"SearchAction","target":{"@type":"EntryPoint","urlTemplate":"https:\/\/docs.imanage.com\/?s={search_term_string}"},"query-input":{"@type":"PropertyValueSpecification","valueRequired":true,"valueName":"search_term_string"}}],"inLanguage":"pt-BR"}]}},"_links":{"self":[{"href":"https:\/\/docs.imanage.com\/br\/wp-json\/wp\/v2\/pages\/301","targetHints":{"allow":["GET"]}}],"collection":[{"href":"https:\/\/docs.imanage.com\/br\/wp-json\/wp\/v2\/pages"}],"about":[{"href":"https:\/\/docs.imanage.com\/br\/wp-json\/wp\/v2\/types\/page"}],"author":[{"embeddable":true,"href":"https:\/\/docs.imanage.com\/br\/wp-json\/wp\/v2\/users\/4"}],"replies":[{"embeddable":true,"href":"https:\/\/docs.imanage.com\/br\/wp-json\/wp\/v2\/comments?post=301"}],"version-history":[{"count":0,"href":"https:\/\/docs.imanage.com\/br\/wp-json\/wp\/v2\/pages\/301\/revisions"}],"up":[{"embeddable":true,"href":"https:\/\/docs.imanage.com\/br\/wp-json\/wp\/v2\/pages\/146"}],"wp:attachment":[{"href":"https:\/\/docs.imanage.com\/br\/wp-json\/wp\/v2\/media?parent=301"}],"curies":[{"name":"wp","href":"https:\/\/api.w.org\/{rel}","templated":true}]}}