{"id":302,"date":"2019-05-15T04:56:30","date_gmt":"2019-05-15T04:56:30","guid":{"rendered":"https:\/\/docs.imanage.com\/?page_id=302"},"modified":"2019-06-12T08:42:13","modified_gmt":"2019-06-12T08:42:13","slug":"wdw-10-2-19-05","status":"publish","type":"page","link":"https:\/\/docs.imanage.com\/br\/work\/wdw-10-2-19-05.html","title":{"rendered":"Novidades no iManage Work Desktop para Windows &#8211; Junho de 2019"},"content":{"rendered":"<p><strong>Vers\u00e3o: 10.2.2.20<\/strong><\/p>\n<h1>Links simples formatados no texto ao inserir anexos<\/h1>\n<p>Os links formatados no texto simplificados garantem que o corpo do e-mail n\u00e3o fique desformatado ao inserir anexos do iManage como links. Isso permite que voc\u00ea copie e cole facilmente o link formatado em outra se\u00e7\u00e3o do e-mail.<\/p>\n<p><img loading=\"lazy\" decoding=\"async\" class=\"alignnone size-full wp-image-330\" src=\"https:\/\/docs.imanage.com\/wp-content\/uploads\/2019\/06\/Inserting-link-as-text-format-2.gif\" alt=\"\" width=\"960\" height=\"514\" \/><\/p>\n<h1>Pr\u00e9via de links NRL sem abrir os anexos<\/h1>\n<p>Voc\u00ea n\u00e3o precisa mais abrir o iManage Work para ver anexos de e-mail. Voc\u00ea pode ter uma pr\u00e9via de anexos NRL no Microsoft Outlook simplesmente clicando no \u00edcone do anexo no Painel de Leitura.<\/p>\n<h1>Abra automaticamente o painel do iManage Work no Outlook<\/h1>\n<p>Voc\u00ea prefere que o painel do iManage Work seja aberto automaticamente quando abrir o Outlook? O iManage agora reter\u00e1 sua \u00faltima prefer\u00eancia, o que significa que se voc\u00ea tiver o painel Work aberto quando fechar o Outlook, ele abrir\u00e1 automaticamente quando voc\u00ea abrir o Outlook.<\/p>\n<h1>Encontre todos os e-mails arquivados navegando at\u00e9 a pasta vinculada<\/h1>\n<p>Voc\u00ea n\u00e3o precisa mais abrir o iManage Work explicitamente para visualizar todos os e-mails arquivados em uma pasta vinculada. Com uma simples op\u00e7\u00e3o de <strong>Ir para a Pasta iManage<\/strong>, voc\u00ea pode encontrar rapidamente todos os e-mails arquivados dentro da pasta vinculada e concluir seu trabalho.<\/p>\n<p><img loading=\"lazy\" decoding=\"async\" class=\"alignnone size-full wp-image-304\" src=\"https:\/\/docs.imanage.com\/wp-content\/uploads\/2019\/05\/Go-to-iManage-Folder.gif\" alt=\"\" width=\"960\" height=\"512\" \/><\/p>\n<h1>Melhorias gerais<\/h1>\n<ul>\n<li>Resolvidos os problemas que impediam salvar novos documentos PDF com mais de 25 MB.<\/li>\n<li>Resolvidos os problemas que impediam que as etiquetas fossem adicionadas ao assunto do e-mail durante a a\u00e7\u00e3o de &#8220;Enviar e arquivar&#8221; quando a localiza\u00e7\u00e3o de arquivamento era de Localiza\u00e7\u00f5es Recentes.<\/li>\n<\/ul>\n<h1>Melhorias de usabilidade, estabilidade e desempenho<\/h1>\n<p>Para melhorar a usabilidade geral e o desempenho, v\u00e1rios aprimoramentos e corre\u00e7\u00f5es foram adicionados. Especificamente,<\/p>\n<ul>\n<li>O desempenho da abertura de arquivos no iManage Work foi melhorado<\/li>\n<li>Resolvidos os problemas que exibiam intermitentemente o Painel do iManage Work como um painel cinza para determinados usu\u00e1rios<\/li>\n<\/ul>\n<p>&nbsp;<\/p>\n<p><strong>Lan\u00e7amento anterior<\/strong><\/p>\n<p><a href=\"https:\/\/docs.imanage.com\/work\/wdw-10-2-19-03.html\">iManage Work Desktop para Windows &#8211; Abril de 2019<\/a><\/p>\n","protected":false},"excerpt":{"rendered":"<p>Vers\u00e3o: 10.2.2.20 Links simples formatados no texto ao inserir anexos Os links formatados no texto simplificados garantem que o corpo do e-mail n\u00e3o fique desformatado ao inserir anexos do iManage como links. Isso permite que voc\u00ea copie e cole facilmente o link formatado em outra se\u00e7\u00e3o do e-mail. Pr\u00e9via de links NRL sem abrir os [&hellip;]<\/p>\n","protected":false},"author":4,"featured_media":0,"parent":146,"menu_order":0,"comment_status":"closed","ping_status":"closed","template":"","meta":{"_acf_changed":false,"footnotes":""},"class_list":["post-302","page","type-page","status-publish","hentry"],"translation":{"provider":"WPGlobus","version":"3.0.2","language":"br","enabled_languages":["en","de","fr","qc","jp","br","es","zh"],"languages":{"en":{"title":true,"content":true,"excerpt":false},"de":{"title":true,"content":true,"excerpt":false},"fr":{"title":true,"content":true,"excerpt":false},"qc":{"title":false,"content":false,"excerpt":false},"jp":{"title":true,"content":true,"excerpt":false},"br":{"title":true,"content":true,"excerpt":false},"es":{"title":true,"content":true,"excerpt":false},"zh":{"title":true,"content":true,"excerpt":false}}},"acf":[],"yoast_head":"<!-- This site is optimized with the Yoast SEO plugin v27.4 - https:\/\/yoast.com\/product\/yoast-seo-wordpress\/ -->\n<title>Novidades no iManage Work Desktop para Windows - Junho de 2019 &#8211; Docs - iManage<\/title>\n<meta name=\"robots\" content=\"index, follow, max-snippet:-1, max-image-preview:large, max-video-preview:-1\" \/>\n<link rel=\"canonical\" href=\"https:\/\/docs.imanage.com\/es\/work\/wdw-10-2-19-05.html\" \/>\n<meta property=\"og:locale\" content=\"pt_BR\" \/>\n<meta property=\"og:type\" content=\"article\" \/>\n<meta property=\"og:title\" content=\"Novidades no iManage Work Desktop para Windows - Junho de 2019 &#8211; Docs - iManage\" \/>\n<meta property=\"og:url\" content=\"https:\/\/docs.imanage.com\/es\/work\/wdw-10-2-19-05.html\" \/>\n<meta property=\"og:site_name\" content=\"Docs - iManage\" \/>\n<meta property=\"article:modified_time\" content=\"2019-06-12T08:42:13+00:00\" \/>\n<meta property=\"og:image\" content=\"https:\/\/docs.imanage.com\/wp-content\/uploads\/2019\/05\/Inserting-link-as-text-format.gif\" \/>\n<meta name=\"twitter:card\" content=\"summary_large_image\" \/>\n<meta name=\"twitter:label1\" content=\"Est. reading time\" \/>\n\t<meta name=\"twitter:data1\" content=\"8 minutes\" \/>\n<script type=\"application\/ld+json\" class=\"yoast-schema-graph\">{\"@context\":\"https:\\\/\\\/schema.org\",\"@graph\":[{\"@type\":\"WebPage\",\"@id\":\"https:\\\/\\\/docs.imanage.com\\\/es\\\/work\\\/wdw-10-2-19-05.html\",\"url\":\"https:\\\/\\\/docs.imanage.com\\\/es\\\/work\\\/wdw-10-2-19-05.html\",\"name\":\"Novidades no iManage Work Desktop para Windows - Junho de 2019 &#8211; Docs - iManage\",\"isPartOf\":{\"@id\":\"https:\\\/\\\/docs.imanage.com\\\/#website\"},\"primaryImageOfPage\":{\"@id\":\"https:\\\/\\\/docs.imanage.com\\\/es\\\/work\\\/wdw-10-2-19-05.html#primaryimage\"},\"image\":{\"@id\":\"https:\\\/\\\/docs.imanage.com\\\/es\\\/work\\\/wdw-10-2-19-05.html#primaryimage\"},\"thumbnailUrl\":\"https:\\\/\\\/docs.imanage.com\\\/wp-content\\\/uploads\\\/2019\\\/05\\\/Inserting-link-as-text-format.gif\",\"datePublished\":\"2019-05-15T04:56:30+00:00\",\"dateModified\":\"2019-06-12T08:42:13+00:00\",\"description\":\"The latest iManage Work Desktop for Windows release offers better user experience, seamless previewing, and enhanced authentication security.\",\"breadcrumb\":{\"@id\":\"https:\\\/\\\/docs.imanage.com\\\/es\\\/work\\\/wdw-10-2-19-05.html#breadcrumb\"},\"inLanguage\":\"pt-BR\",\"potentialAction\":[{\"@type\":\"ReadAction\",\"target\":[\"https:\\\/\\\/docs.imanage.com\\\/es\\\/work\\\/wdw-10-2-19-05.html\"]}]},{\"@type\":\"ImageObject\",\"inLanguage\":\"pt-BR\",\"@id\":\"https:\\\/\\\/docs.imanage.com\\\/es\\\/work\\\/wdw-10-2-19-05.html#primaryimage\",\"url\":\"https:\\\/\\\/docs.imanage.com\\\/wp-content\\\/uploads\\\/2019\\\/05\\\/Inserting-link-as-text-format.gif\",\"contentUrl\":\"https:\\\/\\\/docs.imanage.com\\\/wp-content\\\/uploads\\\/2019\\\/05\\\/Inserting-link-as-text-format.gif\"},{\"@type\":\"BreadcrumbList\",\"@id\":\"https:\\\/\\\/docs.imanage.com\\\/es\\\/work\\\/wdw-10-2-19-05.html#breadcrumb\",\"itemListElement\":[{\"@type\":\"ListItem\",\"position\":1,\"name\":\"Home\",\"item\":\"https:\\\/\\\/docs.imanage.com\\\/\"},{\"@type\":\"ListItem\",\"position\":2,\"name\":\"Work\",\"item\":\"https:\\\/\\\/docs.imanage.com\\\/work.html\"},{\"@type\":\"ListItem\",\"position\":3,\"name\":\"Qu\u00e9 hay de nuevo en iManage Work Desktop para Windows \u2013 Junio 2019\"}]},{\"@type\":\"WebSite\",\"@id\":\"https:\\\/\\\/docs.imanage.com\\\/#website\",\"url\":\"https:\\\/\\\/docs.imanage.com\\\/\",\"name\":\"Docs - iManage\",\"description\":\"\",\"potentialAction\":[{\"@type\":\"SearchAction\",\"target\":{\"@type\":\"EntryPoint\",\"urlTemplate\":\"https:\\\/\\\/docs.imanage.com\\\/?s={search_term_string}\"},\"query-input\":{\"@type\":\"PropertyValueSpecification\",\"valueRequired\":true,\"valueName\":\"search_term_string\"}}],\"inLanguage\":\"pt-BR\"}]}<\/script>\n<!-- \/ Yoast SEO plugin. -->","yoast_head_json":{"title":"Novidades no iManage Work Desktop para Windows - Junho de 2019 &#8211; Docs - iManage","robots":{"index":"index","follow":"follow","max-snippet":"max-snippet:-1","max-image-preview":"max-image-preview:large","max-video-preview":"max-video-preview:-1"},"canonical":"https:\/\/docs.imanage.com\/es\/work\/wdw-10-2-19-05.html","og_locale":"pt_BR","og_type":"article","og_title":"Novidades no iManage Work Desktop para Windows - Junho de 2019 &#8211; Docs - iManage","og_url":"https:\/\/docs.imanage.com\/es\/work\/wdw-10-2-19-05.html","og_site_name":"Docs - iManage","article_modified_time":"2019-06-12T08:42:13+00:00","og_image":[{"url":"https:\/\/docs.imanage.com\/wp-content\/uploads\/2019\/05\/Inserting-link-as-text-format.gif","type":"","width":"","height":""}],"twitter_card":"summary_large_image","twitter_misc":{"Est. reading time":"8 minutes"},"schema":{"@context":"https:\/\/schema.org","@graph":[{"@type":"WebPage","@id":"https:\/\/docs.imanage.com\/es\/work\/wdw-10-2-19-05.html","url":"https:\/\/docs.imanage.com\/es\/work\/wdw-10-2-19-05.html","name":"Novidades no iManage Work Desktop para Windows - Junho de 2019 &#8211; Docs - iManage","isPartOf":{"@id":"https:\/\/docs.imanage.com\/#website"},"primaryImageOfPage":{"@id":"https:\/\/docs.imanage.com\/es\/work\/wdw-10-2-19-05.html#primaryimage"},"image":{"@id":"https:\/\/docs.imanage.com\/es\/work\/wdw-10-2-19-05.html#primaryimage"},"thumbnailUrl":"https:\/\/docs.imanage.com\/wp-content\/uploads\/2019\/05\/Inserting-link-as-text-format.gif","datePublished":"2019-05-15T04:56:30+00:00","dateModified":"2019-06-12T08:42:13+00:00","description":"The latest iManage Work Desktop for Windows release offers better user experience, seamless previewing, and enhanced authentication security.","breadcrumb":{"@id":"https:\/\/docs.imanage.com\/es\/work\/wdw-10-2-19-05.html#breadcrumb"},"inLanguage":"pt-BR","potentialAction":[{"@type":"ReadAction","target":["https:\/\/docs.imanage.com\/es\/work\/wdw-10-2-19-05.html"]}]},{"@type":"ImageObject","inLanguage":"pt-BR","@id":"https:\/\/docs.imanage.com\/es\/work\/wdw-10-2-19-05.html#primaryimage","url":"https:\/\/docs.imanage.com\/wp-content\/uploads\/2019\/05\/Inserting-link-as-text-format.gif","contentUrl":"https:\/\/docs.imanage.com\/wp-content\/uploads\/2019\/05\/Inserting-link-as-text-format.gif"},{"@type":"BreadcrumbList","@id":"https:\/\/docs.imanage.com\/es\/work\/wdw-10-2-19-05.html#breadcrumb","itemListElement":[{"@type":"ListItem","position":1,"name":"Home","item":"https:\/\/docs.imanage.com\/"},{"@type":"ListItem","position":2,"name":"Work","item":"https:\/\/docs.imanage.com\/work.html"},{"@type":"ListItem","position":3,"name":"Qu\u00e9 hay de nuevo en iManage Work Desktop para Windows \u2013 Junio 2019"}]},{"@type":"WebSite","@id":"https:\/\/docs.imanage.com\/#website","url":"https:\/\/docs.imanage.com\/","name":"Docs - iManage","description":"","potentialAction":[{"@type":"SearchAction","target":{"@type":"EntryPoint","urlTemplate":"https:\/\/docs.imanage.com\/?s={search_term_string}"},"query-input":{"@type":"PropertyValueSpecification","valueRequired":true,"valueName":"search_term_string"}}],"inLanguage":"pt-BR"}]}},"_links":{"self":[{"href":"https:\/\/docs.imanage.com\/br\/wp-json\/wp\/v2\/pages\/302","targetHints":{"allow":["GET"]}}],"collection":[{"href":"https:\/\/docs.imanage.com\/br\/wp-json\/wp\/v2\/pages"}],"about":[{"href":"https:\/\/docs.imanage.com\/br\/wp-json\/wp\/v2\/types\/page"}],"author":[{"embeddable":true,"href":"https:\/\/docs.imanage.com\/br\/wp-json\/wp\/v2\/users\/4"}],"replies":[{"embeddable":true,"href":"https:\/\/docs.imanage.com\/br\/wp-json\/wp\/v2\/comments?post=302"}],"version-history":[{"count":0,"href":"https:\/\/docs.imanage.com\/br\/wp-json\/wp\/v2\/pages\/302\/revisions"}],"up":[{"embeddable":true,"href":"https:\/\/docs.imanage.com\/br\/wp-json\/wp\/v2\/pages\/146"}],"wp:attachment":[{"href":"https:\/\/docs.imanage.com\/br\/wp-json\/wp\/v2\/media?parent=302"}],"curies":[{"name":"wp","href":"https:\/\/api.w.org\/{rel}","templated":true}]}}