{"id":315,"date":"2019-06-04T14:29:38","date_gmt":"2019-06-04T14:29:38","guid":{"rendered":"https:\/\/docs.imanage.com\/?page_id=315"},"modified":"2019-06-19T09:28:52","modified_gmt":"2019-06-19T09:28:52","slug":"whats-new-in-imanage-work-2019-07","status":"publish","type":"page","link":"https:\/\/docs.imanage.com\/br\/whats-new-in-imanage-work-2019-07.html","title":{"rendered":"Novidades no iManage Work \u2013 Julho de 2019"},"content":{"rendered":"<h1>Em Breve<\/h1>\n<p>Selecione a op\u00e7\u00e3o &#8220;Em Breve&#8221; e tenha a chance de usar os recursos em primeira m\u00e3o que est\u00e3o ao virar da esquina. Envie feedback para\u00a0<strong><a href=\"mailto:feedback@imanage.com\">feedback@imanage.com<\/a><\/strong>, para melhorias no recurso de pr\u00e9-visualiza\u00e7\u00e3o.<\/p>\n<h1>Exibi\u00e7\u00e3o em Grade como pr\u00e9-visualiza\u00e7\u00e3o antecipada Em Breve<\/h1>\n<p>Alterne entre uma exibi\u00e7\u00e3o de lista e uma exibi\u00e7\u00e3o de grade para alterar o esquema dos resultados. A exibi\u00e7\u00e3o em grade permite adicionar colunas de metadados adicionais e classificar as colunas para visualizar facilmente os resultados.<\/p>\n<h1>Busque e-mails pelo n\u00famero do documento<\/h1>\n<p>Agora voc\u00ea pode facilmente pesquisar por email usando o(s) n\u00famero(s) do documento na Busca simples.<\/p>\n","protected":false},"excerpt":{"rendered":"<p>Em Breve Selecione a op\u00e7\u00e3o &#8220;Em Breve&#8221; e tenha a chance de usar os recursos em primeira m\u00e3o que est\u00e3o ao virar da esquina. Envie feedback para\u00a0feedback@imanage.com, para melhorias no recurso de pr\u00e9-visualiza\u00e7\u00e3o. Exibi\u00e7\u00e3o em Grade como pr\u00e9-visualiza\u00e7\u00e3o antecipada Em Breve Alterne entre uma exibi\u00e7\u00e3o de lista e uma exibi\u00e7\u00e3o de grade para alterar o [&hellip;]<\/p>\n","protected":false},"author":4,"featured_media":0,"parent":0,"menu_order":0,"comment_status":"closed","ping_status":"closed","template":"","meta":{"_acf_changed":false,"footnotes":""},"class_list":["post-315","page","type-page","status-publish","hentry"],"translation":{"provider":"WPGlobus","version":"3.0.2","language":"br","enabled_languages":["en","de","fr","qc","jp","br","es","zh"],"languages":{"en":{"title":true,"content":true,"excerpt":false},"de":{"title":true,"content":true,"excerpt":false},"fr":{"title":true,"content":true,"excerpt":false},"qc":{"title":false,"content":false,"excerpt":false},"jp":{"title":true,"content":true,"excerpt":false},"br":{"title":true,"content":true,"excerpt":false},"es":{"title":true,"content":true,"excerpt":false},"zh":{"title":true,"content":true,"excerpt":false}}},"acf":[],"yoast_head":"<!-- This site is optimized with the Yoast SEO plugin v27.4 - https:\/\/yoast.com\/product\/yoast-seo-wordpress\/ -->\n<title>Novidades no iManage Work \u2013 Julho de 2019 &#8211; Docs - iManage<\/title>\n<meta name=\"robots\" content=\"index, follow, max-snippet:-1, max-image-preview:large, max-video-preview:-1\" \/>\n<link rel=\"canonical\" href=\"https:\/\/docs.imanage.com\/whats-new-in-imanage-work-2019-07.html\" \/>\n<meta property=\"og:locale\" content=\"pt_BR\" \/>\n<meta property=\"og:type\" content=\"article\" \/>\n<meta property=\"og:title\" content=\"Novidades no iManage Work \u2013 Julho de 2019 &#8211; Docs - iManage\" \/>\n<meta property=\"og:url\" content=\"https:\/\/docs.imanage.com\/whats-new-in-imanage-work-2019-07.html\" \/>\n<meta property=\"og:site_name\" content=\"Docs - iManage\" \/>\n<meta property=\"article:modified_time\" content=\"2019-06-19T09:28:52+00:00\" \/>\n<meta property=\"og:image\" content=\"https:\/\/docs.imanage.com\/wp-content\/uploads\/2019\/06\/coming-soon-167x300.png\" \/>\n<meta name=\"twitter:card\" content=\"summary_large_image\" \/>\n<meta name=\"twitter:label1\" content=\"Est. reading time\" \/>\n\t<meta name=\"twitter:data1\" content=\"3 minutes\" \/>\n<script type=\"application\/ld+json\" class=\"yoast-schema-graph\">{\"@context\":\"https:\\\/\\\/schema.org\",\"@graph\":[{\"@type\":\"WebPage\",\"@id\":\"https:\\\/\\\/docs.imanage.com\\\/whats-new-in-imanage-work-2019-07.html\",\"url\":\"https:\\\/\\\/docs.imanage.com\\\/whats-new-in-imanage-work-2019-07.html\",\"name\":\"Novidades no iManage Work \u2013 Julho de 2019 &#8211; Docs - iManage\",\"isPartOf\":{\"@id\":\"https:\\\/\\\/docs.imanage.com\\\/#website\"},\"primaryImageOfPage\":{\"@id\":\"https:\\\/\\\/docs.imanage.com\\\/whats-new-in-imanage-work-2019-07.html#primaryimage\"},\"image\":{\"@id\":\"https:\\\/\\\/docs.imanage.com\\\/whats-new-in-imanage-work-2019-07.html#primaryimage\"},\"thumbnailUrl\":\"https:\\\/\\\/docs.imanage.com\\\/wp-content\\\/uploads\\\/2019\\\/06\\\/coming-soon-167x300.png\",\"datePublished\":\"2019-06-04T14:29:38+00:00\",\"dateModified\":\"2019-06-19T09:28:52+00:00\",\"breadcrumb\":{\"@id\":\"https:\\\/\\\/docs.imanage.com\\\/whats-new-in-imanage-work-2019-07.html#breadcrumb\"},\"inLanguage\":\"pt-BR\",\"potentialAction\":[{\"@type\":\"ReadAction\",\"target\":[\"https:\\\/\\\/docs.imanage.com\\\/whats-new-in-imanage-work-2019-07.html\"]}]},{\"@type\":\"ImageObject\",\"inLanguage\":\"pt-BR\",\"@id\":\"https:\\\/\\\/docs.imanage.com\\\/whats-new-in-imanage-work-2019-07.html#primaryimage\",\"url\":\"https:\\\/\\\/docs.imanage.com\\\/wp-content\\\/uploads\\\/2019\\\/06\\\/coming-soon-167x300.png\",\"contentUrl\":\"https:\\\/\\\/docs.imanage.com\\\/wp-content\\\/uploads\\\/2019\\\/06\\\/coming-soon-167x300.png\"},{\"@type\":\"BreadcrumbList\",\"@id\":\"https:\\\/\\\/docs.imanage.com\\\/whats-new-in-imanage-work-2019-07.html#breadcrumb\",\"itemListElement\":[{\"@type\":\"ListItem\",\"position\":1,\"name\":\"Home\",\"item\":\"https:\\\/\\\/docs.imanage.com\\\/\"},{\"@type\":\"ListItem\",\"position\":2,\"name\":\"What&#8217;s New in iManage Work &#8211; July 2019\"}]},{\"@type\":\"WebSite\",\"@id\":\"https:\\\/\\\/docs.imanage.com\\\/#website\",\"url\":\"https:\\\/\\\/docs.imanage.com\\\/\",\"name\":\"Docs - iManage\",\"description\":\"\",\"potentialAction\":[{\"@type\":\"SearchAction\",\"target\":{\"@type\":\"EntryPoint\",\"urlTemplate\":\"https:\\\/\\\/docs.imanage.com\\\/?s={search_term_string}\"},\"query-input\":{\"@type\":\"PropertyValueSpecification\",\"valueRequired\":true,\"valueName\":\"search_term_string\"}}],\"inLanguage\":\"pt-BR\"}]}<\/script>\n<!-- \/ Yoast SEO plugin. -->","yoast_head_json":{"title":"Novidades no iManage Work \u2013 Julho de 2019 &#8211; Docs - iManage","robots":{"index":"index","follow":"follow","max-snippet":"max-snippet:-1","max-image-preview":"max-image-preview:large","max-video-preview":"max-video-preview:-1"},"canonical":"https:\/\/docs.imanage.com\/whats-new-in-imanage-work-2019-07.html","og_locale":"pt_BR","og_type":"article","og_title":"Novidades no iManage Work \u2013 Julho de 2019 &#8211; Docs - iManage","og_url":"https:\/\/docs.imanage.com\/whats-new-in-imanage-work-2019-07.html","og_site_name":"Docs - iManage","article_modified_time":"2019-06-19T09:28:52+00:00","og_image":[{"url":"https:\/\/docs.imanage.com\/wp-content\/uploads\/2019\/06\/coming-soon-167x300.png","type":"","width":"","height":""}],"twitter_card":"summary_large_image","twitter_misc":{"Est. reading time":"3 minutes"},"schema":{"@context":"https:\/\/schema.org","@graph":[{"@type":"WebPage","@id":"https:\/\/docs.imanage.com\/whats-new-in-imanage-work-2019-07.html","url":"https:\/\/docs.imanage.com\/whats-new-in-imanage-work-2019-07.html","name":"Novidades no iManage Work \u2013 Julho de 2019 &#8211; Docs - iManage","isPartOf":{"@id":"https:\/\/docs.imanage.com\/#website"},"primaryImageOfPage":{"@id":"https:\/\/docs.imanage.com\/whats-new-in-imanage-work-2019-07.html#primaryimage"},"image":{"@id":"https:\/\/docs.imanage.com\/whats-new-in-imanage-work-2019-07.html#primaryimage"},"thumbnailUrl":"https:\/\/docs.imanage.com\/wp-content\/uploads\/2019\/06\/coming-soon-167x300.png","datePublished":"2019-06-04T14:29:38+00:00","dateModified":"2019-06-19T09:28:52+00:00","breadcrumb":{"@id":"https:\/\/docs.imanage.com\/whats-new-in-imanage-work-2019-07.html#breadcrumb"},"inLanguage":"pt-BR","potentialAction":[{"@type":"ReadAction","target":["https:\/\/docs.imanage.com\/whats-new-in-imanage-work-2019-07.html"]}]},{"@type":"ImageObject","inLanguage":"pt-BR","@id":"https:\/\/docs.imanage.com\/whats-new-in-imanage-work-2019-07.html#primaryimage","url":"https:\/\/docs.imanage.com\/wp-content\/uploads\/2019\/06\/coming-soon-167x300.png","contentUrl":"https:\/\/docs.imanage.com\/wp-content\/uploads\/2019\/06\/coming-soon-167x300.png"},{"@type":"BreadcrumbList","@id":"https:\/\/docs.imanage.com\/whats-new-in-imanage-work-2019-07.html#breadcrumb","itemListElement":[{"@type":"ListItem","position":1,"name":"Home","item":"https:\/\/docs.imanage.com\/"},{"@type":"ListItem","position":2,"name":"What&#8217;s New in iManage Work &#8211; July 2019"}]},{"@type":"WebSite","@id":"https:\/\/docs.imanage.com\/#website","url":"https:\/\/docs.imanage.com\/","name":"Docs - iManage","description":"","potentialAction":[{"@type":"SearchAction","target":{"@type":"EntryPoint","urlTemplate":"https:\/\/docs.imanage.com\/?s={search_term_string}"},"query-input":{"@type":"PropertyValueSpecification","valueRequired":true,"valueName":"search_term_string"}}],"inLanguage":"pt-BR"}]}},"_links":{"self":[{"href":"https:\/\/docs.imanage.com\/br\/wp-json\/wp\/v2\/pages\/315","targetHints":{"allow":["GET"]}}],"collection":[{"href":"https:\/\/docs.imanage.com\/br\/wp-json\/wp\/v2\/pages"}],"about":[{"href":"https:\/\/docs.imanage.com\/br\/wp-json\/wp\/v2\/types\/page"}],"author":[{"embeddable":true,"href":"https:\/\/docs.imanage.com\/br\/wp-json\/wp\/v2\/users\/4"}],"replies":[{"embeddable":true,"href":"https:\/\/docs.imanage.com\/br\/wp-json\/wp\/v2\/comments?post=315"}],"version-history":[{"count":0,"href":"https:\/\/docs.imanage.com\/br\/wp-json\/wp\/v2\/pages\/315\/revisions"}],"wp:attachment":[{"href":"https:\/\/docs.imanage.com\/br\/wp-json\/wp\/v2\/media?parent=315"}],"curies":[{"name":"wp","href":"https:\/\/api.w.org\/{rel}","templated":true}]}}