{"id":346,"date":"2019-07-04T17:35:05","date_gmt":"2019-07-04T17:35:05","guid":{"rendered":"https:\/\/docs.imanage.com\/?page_id=346"},"modified":"2020-02-20T18:04:58","modified_gmt":"2020-02-20T18:04:58","slug":"whats-new-in-imanage-work-2020-01","status":"publish","type":"page","link":"https:\/\/docs.imanage.com\/br\/whats-new-in-imanage-work-2020-01.html","title":{"rendered":"O que h\u00e1 de novo no iManage Work &#8211; janeiro de 2020"},"content":{"rendered":"<p><strong>Lan\u00e7amentos importantes de recursos de \u00edcone de realce do Coming Soon (Em breve)<\/strong><\/p>\n<p>Indica que a visualiza\u00e7\u00e3o pr\u00e9via de recursos est\u00e1 habilitada via <strong>Coming Soon (Em breve)<\/strong>. Visualize a lista de recursos de visualiza\u00e7\u00e3o passando o mouse sobre o \u00edcone do Coming Soon (Em breve) ao lado do menu do usu\u00e1rio.<\/p>\n<p><img loading=\"lazy\" decoding=\"async\" class=\"black-border alignnone wp-image-442\" src=\"https:\/\/docs.imanage.com\/wp-content\/uploads\/2020\/02\/brazil-coming-soon-1-250x188.png\" alt=\"\" width=\"320\" height=\"61\" srcset=\"https:\/\/docs.imanage.com\/wp-content\/uploads\/2020\/02\/brazil-coming-soon-1-300x57.png 300w, https:\/\/docs.imanage.com\/wp-content\/uploads\/2020\/02\/brazil-coming-soon-1-768x146.png 768w, https:\/\/docs.imanage.com\/wp-content\/uploads\/2020\/02\/brazil-coming-soon-1.png 992w\" sizes=\"auto, (max-width: 320px) 100vw, 320px\" \/><\/p>\n<p><strong>Modo de exibi\u00e7\u00e3o de \u00e1rvore<\/strong><\/p>\n<p>O iManage Work aprimorou a experi\u00eancia de navega\u00e7\u00e3o ao fornecer um modo de exibi\u00e7\u00e3o de \u00e1rvore com pasta expans\u00edvel atrav\u00e9s do <strong>Coming Soon (Em breve).<\/strong> Voc\u00ea pode us\u00e1-lo para navegar facilmente pelos locais e subpastas dispon\u00edveis. No Microsoft Outlook, voc\u00ea pode encontrar o modo de visualiza\u00e7\u00e3o de \u00e1rvore na guia <strong>Procurar <\/strong>do painel do iManage Work, quando encaixado.<\/p>\n<p><strong>NOTA:<\/strong> Os filtros foram movidos para o lado direito no bot\u00e3o <strong>Filtros<\/strong>. O modo de visualiza\u00e7\u00e3o de \u00e1rvore n\u00e3o est\u00e1 dispon\u00edvel para dispositivos m\u00f3veis com telas pequenas.<\/p>\n<p><img loading=\"lazy\" decoding=\"async\" class=\"alignnone size-full wp-image-389 black-border\" src=\"https:\/\/docs.imanage.com\/wp-content\/uploads\/2019\/12\/FILTER_Placement_Simple_360.png\" alt=\"\" width=\"360\" height=\"246\" srcset=\"https:\/\/docs.imanage.com\/wp-content\/uploads\/2019\/12\/FILTER_Placement_Simple_360.png 360w, https:\/\/docs.imanage.com\/wp-content\/uploads\/2019\/12\/FILTER_Placement_Simple_360-300x205.png 300w\" sizes=\"auto, (max-width: 360px) 100vw, 360px\" \/><\/p>\n<p><strong>Atualizar um documento previamente editado para a vers\u00e3o mais recente<\/strong><\/p>\n<p>Agora voc\u00ea pode usar a linha do tempo do documento para atualizar um documento editado anteriormente para a vers\u00e3o mais recente, sem precisar baix\u00e1-lo.<br \/>\n<strong>NOTA:<\/strong> Este recurso est\u00e1 dispon\u00edvel apenas para usu\u00e1rios do iManage Cloud.<\/p>\n<p><strong>Excluir v\u00e1rios arquivos<\/strong><\/p>\n<p>Selecione at\u00e9 50 itens (na visualiza\u00e7\u00e3o em lista) ou at\u00e9 5.000 itens (na visualiza\u00e7\u00e3o em grade) e ent\u00e3o mova-os para o lixo e os exclua.<\/p>\n<p><img loading=\"lazy\" decoding=\"async\" class=\"black-border alignnone wp-image-441\" src=\"https:\/\/docs.imanage.com\/wp-content\/uploads\/2020\/02\/Brazil-delete-multiple-files-250x190.png\" alt=\"\" width=\"990\" height=\"253\" srcset=\"https:\/\/docs.imanage.com\/wp-content\/uploads\/2020\/02\/Brazil-delete-multiple-files-300x77.png 300w, https:\/\/docs.imanage.com\/wp-content\/uploads\/2020\/02\/Brazil-delete-multiple-files-1024x262.png 1024w, https:\/\/docs.imanage.com\/wp-content\/uploads\/2020\/02\/Brazil-delete-multiple-files-768x196.png 768w, https:\/\/docs.imanage.com\/wp-content\/uploads\/2020\/02\/Brazil-delete-multiple-files-1536x392.png 1536w, https:\/\/docs.imanage.com\/wp-content\/uploads\/2020\/02\/Brazil-delete-multiple-files.png 1867w\" sizes=\"auto, (max-width: 990px) 100vw, 990px\" \/><\/p>\n<p>Voc\u00ea pode excluir todas as vers\u00f5es de um documento selecionado ou somente a vers\u00e3o atualmente selecionada.<\/p>\n<p><strong>Abrang\u00eancia de pesquisa persistente para subpastas<\/strong><\/p>\n<p>Pesquise por arquivos dentro de uma pasta e de todos as subpastas aninhadas abaixo deste arquivo sem precisar configurar as prefer\u00eancias de cada pesquisa.<\/p>\n<p><strong>Visualiza\u00e7\u00e3o em grade, agora dispon\u00edvel por padr\u00e3o com melhorias adicionais<\/strong><\/p>\n<p>Anteriormente dispon\u00edvel como um recurso do Coming Soon (Em breve), a visualiza\u00e7\u00e3o em grade est\u00e1 agora dispon\u00edvel como recurso padr\u00e3o. Escolhe entre a visualiza\u00e7\u00e3o em lista ou a visualiza\u00e7\u00e3o em grade de acordo com a sua prefer\u00eancia.<\/p>\n<p><img loading=\"lazy\" decoding=\"async\" class=\"black-border alignnone wp-image-443\" src=\"https:\/\/docs.imanage.com\/wp-content\/uploads\/2020\/02\/brazil-dd-1-250x190.png\" alt=\"\" width=\"160\" height=\"81\" srcset=\"https:\/\/docs.imanage.com\/wp-content\/uploads\/2020\/02\/brazil-dd-1-300x152.png 300w, https:\/\/docs.imanage.com\/wp-content\/uploads\/2020\/02\/brazil-dd-1.png 580w\" sizes=\"auto, (max-width: 160px) 100vw, 160px\" \/><\/p>\n","protected":false},"excerpt":{"rendered":"<p>Lan\u00e7amentos importantes de recursos de \u00edcone de realce do Coming Soon (Em breve) Indica que a visualiza\u00e7\u00e3o pr\u00e9via de recursos est\u00e1 habilitada via Coming Soon (Em breve). Visualize a lista de recursos de visualiza\u00e7\u00e3o passando o mouse sobre o \u00edcone do Coming Soon (Em breve) ao lado do menu do usu\u00e1rio. Modo de exibi\u00e7\u00e3o de [&hellip;]<\/p>\n","protected":false},"author":4,"featured_media":0,"parent":0,"menu_order":0,"comment_status":"closed","ping_status":"closed","template":"","meta":{"_acf_changed":false,"footnotes":""},"class_list":["post-346","page","type-page","status-publish","hentry"],"translation":{"provider":"WPGlobus","version":"3.0.2","language":"br","enabled_languages":["en","de","fr","qc","jp","br","es","zh"],"languages":{"en":{"title":true,"content":true,"excerpt":false},"de":{"title":true,"content":true,"excerpt":false},"fr":{"title":true,"content":true,"excerpt":false},"qc":{"title":false,"content":false,"excerpt":false},"jp":{"title":true,"content":true,"excerpt":false},"br":{"title":true,"content":true,"excerpt":false},"es":{"title":true,"content":true,"excerpt":false},"zh":{"title":true,"content":true,"excerpt":false}}},"acf":[],"yoast_head":"<!-- This site is optimized with the Yoast SEO plugin v27.4 - https:\/\/yoast.com\/product\/yoast-seo-wordpress\/ -->\n<title>O que h\u00e1 de novo no iManage Work - janeiro de 2020 &#8211; Docs - iManage<\/title>\n<meta name=\"robots\" content=\"index, follow, max-snippet:-1, max-image-preview:large, max-video-preview:-1\" \/>\n<link rel=\"canonical\" href=\"https:\/\/docs.imanage.com\/zh\/whats-new-in-imanage-work-2020-01.html\" \/>\n<meta property=\"og:locale\" content=\"pt_BR\" \/>\n<meta property=\"og:type\" content=\"article\" \/>\n<meta property=\"og:title\" content=\"O que h\u00e1 de novo no iManage Work - janeiro de 2020 &#8211; Docs - iManage\" \/>\n<meta property=\"og:url\" content=\"https:\/\/docs.imanage.com\/zh\/whats-new-in-imanage-work-2020-01.html\" \/>\n<meta property=\"og:site_name\" content=\"Docs - iManage\" \/>\n<meta property=\"article:modified_time\" content=\"2020-02-20T18:04:58+00:00\" \/>\n<meta property=\"og:image\" content=\"https:\/\/docs.imanage.com\/wp-content\/uploads\/2020\/01\/coming-soon-icon-250x129.png\" \/>\n<meta name=\"twitter:card\" content=\"summary_large_image\" \/>\n<meta name=\"twitter:label1\" content=\"Est. reading time\" \/>\n\t<meta name=\"twitter:data1\" content=\"8 minutes\" \/>\n<script type=\"application\/ld+json\" class=\"yoast-schema-graph\">{\"@context\":\"https:\\\/\\\/schema.org\",\"@graph\":[{\"@type\":\"WebPage\",\"@id\":\"https:\\\/\\\/docs.imanage.com\\\/zh\\\/whats-new-in-imanage-work-2020-01.html\",\"url\":\"https:\\\/\\\/docs.imanage.com\\\/zh\\\/whats-new-in-imanage-work-2020-01.html\",\"name\":\"O que h\u00e1 de novo no iManage Work - janeiro de 2020 &#8211; Docs - iManage\",\"isPartOf\":{\"@id\":\"https:\\\/\\\/docs.imanage.com\\\/#website\"},\"primaryImageOfPage\":{\"@id\":\"https:\\\/\\\/docs.imanage.com\\\/zh\\\/whats-new-in-imanage-work-2020-01.html#primaryimage\"},\"image\":{\"@id\":\"https:\\\/\\\/docs.imanage.com\\\/zh\\\/whats-new-in-imanage-work-2020-01.html#primaryimage\"},\"thumbnailUrl\":\"https:\\\/\\\/docs.imanage.com\\\/wp-content\\\/uploads\\\/2020\\\/01\\\/coming-soon-icon-250x129.png\",\"datePublished\":\"2019-07-04T17:35:05+00:00\",\"dateModified\":\"2020-02-20T18:04:58+00:00\",\"breadcrumb\":{\"@id\":\"https:\\\/\\\/docs.imanage.com\\\/zh\\\/whats-new-in-imanage-work-2020-01.html#breadcrumb\"},\"inLanguage\":\"pt-BR\",\"potentialAction\":[{\"@type\":\"ReadAction\",\"target\":[\"https:\\\/\\\/docs.imanage.com\\\/zh\\\/whats-new-in-imanage-work-2020-01.html\"]}]},{\"@type\":\"ImageObject\",\"inLanguage\":\"pt-BR\",\"@id\":\"https:\\\/\\\/docs.imanage.com\\\/zh\\\/whats-new-in-imanage-work-2020-01.html#primaryimage\",\"url\":\"https:\\\/\\\/docs.imanage.com\\\/wp-content\\\/uploads\\\/2020\\\/01\\\/coming-soon-icon-250x129.png\",\"contentUrl\":\"https:\\\/\\\/docs.imanage.com\\\/wp-content\\\/uploads\\\/2020\\\/01\\\/coming-soon-icon-250x129.png\"},{\"@type\":\"BreadcrumbList\",\"@id\":\"https:\\\/\\\/docs.imanage.com\\\/zh\\\/whats-new-in-imanage-work-2020-01.html#breadcrumb\",\"itemListElement\":[{\"@type\":\"ListItem\",\"position\":1,\"name\":\"Home\",\"item\":\"https:\\\/\\\/docs.imanage.com\\\/\"},{\"@type\":\"ListItem\",\"position\":2,\"name\":\"iManage Work \u65b0\u589e\u529f\u80fd \u2013 2020 \u5e74 1 \u6708\"}]},{\"@type\":\"WebSite\",\"@id\":\"https:\\\/\\\/docs.imanage.com\\\/#website\",\"url\":\"https:\\\/\\\/docs.imanage.com\\\/\",\"name\":\"Docs - iManage\",\"description\":\"\",\"potentialAction\":[{\"@type\":\"SearchAction\",\"target\":{\"@type\":\"EntryPoint\",\"urlTemplate\":\"https:\\\/\\\/docs.imanage.com\\\/?s={search_term_string}\"},\"query-input\":{\"@type\":\"PropertyValueSpecification\",\"valueRequired\":true,\"valueName\":\"search_term_string\"}}],\"inLanguage\":\"pt-BR\"}]}<\/script>\n<!-- \/ Yoast SEO plugin. -->","yoast_head_json":{"title":"O que h\u00e1 de novo no iManage Work - janeiro de 2020 &#8211; Docs - iManage","robots":{"index":"index","follow":"follow","max-snippet":"max-snippet:-1","max-image-preview":"max-image-preview:large","max-video-preview":"max-video-preview:-1"},"canonical":"https:\/\/docs.imanage.com\/zh\/whats-new-in-imanage-work-2020-01.html","og_locale":"pt_BR","og_type":"article","og_title":"O que h\u00e1 de novo no iManage Work - janeiro de 2020 &#8211; Docs - iManage","og_url":"https:\/\/docs.imanage.com\/zh\/whats-new-in-imanage-work-2020-01.html","og_site_name":"Docs - iManage","article_modified_time":"2020-02-20T18:04:58+00:00","og_image":[{"url":"https:\/\/docs.imanage.com\/wp-content\/uploads\/2020\/01\/coming-soon-icon-250x129.png","type":"","width":"","height":""}],"twitter_card":"summary_large_image","twitter_misc":{"Est. reading time":"8 minutes"},"schema":{"@context":"https:\/\/schema.org","@graph":[{"@type":"WebPage","@id":"https:\/\/docs.imanage.com\/zh\/whats-new-in-imanage-work-2020-01.html","url":"https:\/\/docs.imanage.com\/zh\/whats-new-in-imanage-work-2020-01.html","name":"O que h\u00e1 de novo no iManage Work - janeiro de 2020 &#8211; Docs - iManage","isPartOf":{"@id":"https:\/\/docs.imanage.com\/#website"},"primaryImageOfPage":{"@id":"https:\/\/docs.imanage.com\/zh\/whats-new-in-imanage-work-2020-01.html#primaryimage"},"image":{"@id":"https:\/\/docs.imanage.com\/zh\/whats-new-in-imanage-work-2020-01.html#primaryimage"},"thumbnailUrl":"https:\/\/docs.imanage.com\/wp-content\/uploads\/2020\/01\/coming-soon-icon-250x129.png","datePublished":"2019-07-04T17:35:05+00:00","dateModified":"2020-02-20T18:04:58+00:00","breadcrumb":{"@id":"https:\/\/docs.imanage.com\/zh\/whats-new-in-imanage-work-2020-01.html#breadcrumb"},"inLanguage":"pt-BR","potentialAction":[{"@type":"ReadAction","target":["https:\/\/docs.imanage.com\/zh\/whats-new-in-imanage-work-2020-01.html"]}]},{"@type":"ImageObject","inLanguage":"pt-BR","@id":"https:\/\/docs.imanage.com\/zh\/whats-new-in-imanage-work-2020-01.html#primaryimage","url":"https:\/\/docs.imanage.com\/wp-content\/uploads\/2020\/01\/coming-soon-icon-250x129.png","contentUrl":"https:\/\/docs.imanage.com\/wp-content\/uploads\/2020\/01\/coming-soon-icon-250x129.png"},{"@type":"BreadcrumbList","@id":"https:\/\/docs.imanage.com\/zh\/whats-new-in-imanage-work-2020-01.html#breadcrumb","itemListElement":[{"@type":"ListItem","position":1,"name":"Home","item":"https:\/\/docs.imanage.com\/"},{"@type":"ListItem","position":2,"name":"iManage Work \u65b0\u589e\u529f\u80fd \u2013 2020 \u5e74 1 \u6708"}]},{"@type":"WebSite","@id":"https:\/\/docs.imanage.com\/#website","url":"https:\/\/docs.imanage.com\/","name":"Docs - iManage","description":"","potentialAction":[{"@type":"SearchAction","target":{"@type":"EntryPoint","urlTemplate":"https:\/\/docs.imanage.com\/?s={search_term_string}"},"query-input":{"@type":"PropertyValueSpecification","valueRequired":true,"valueName":"search_term_string"}}],"inLanguage":"pt-BR"}]}},"_links":{"self":[{"href":"https:\/\/docs.imanage.com\/br\/wp-json\/wp\/v2\/pages\/346","targetHints":{"allow":["GET"]}}],"collection":[{"href":"https:\/\/docs.imanage.com\/br\/wp-json\/wp\/v2\/pages"}],"about":[{"href":"https:\/\/docs.imanage.com\/br\/wp-json\/wp\/v2\/types\/page"}],"author":[{"embeddable":true,"href":"https:\/\/docs.imanage.com\/br\/wp-json\/wp\/v2\/users\/4"}],"replies":[{"embeddable":true,"href":"https:\/\/docs.imanage.com\/br\/wp-json\/wp\/v2\/comments?post=346"}],"version-history":[{"count":0,"href":"https:\/\/docs.imanage.com\/br\/wp-json\/wp\/v2\/pages\/346\/revisions"}],"wp:attachment":[{"href":"https:\/\/docs.imanage.com\/br\/wp-json\/wp\/v2\/media?parent=346"}],"curies":[{"name":"wp","href":"https:\/\/api.w.org\/{rel}","templated":true}]}}