{"id":464,"date":"2020-02-25T06:20:55","date_gmt":"2020-02-25T06:20:55","guid":{"rendered":"https:\/\/docs.imanage.com\/?page_id=464"},"modified":"2020-08-03T13:27:28","modified_gmt":"2020-08-03T13:27:28","slug":"whats-new-in-imanage-wdw-2020-03","status":"publish","type":"page","link":"https:\/\/docs.imanage.com\/br\/work\/whats-new-in-imanage-wdw-2020-03.html","title":{"rendered":"O que h\u00e1 de novo no iManage Work Desktop for Windows \u2013   Junho 2020"},"content":{"rendered":"<h4><strong>Build: 10.2.6.107<\/strong><\/h4>\n<h1 id=\"id-.iManageWork10forOfficeandEmailManagementforOutlookReleaseNotes(10.1)v10.2.6-Selectcolumnstodisplayinfilingdialogboxeswhenfilingemails\">Selecione o cabe\u00e7alho da coluna do espa\u00e7o de trabalho a ser exibido nas caixas de di\u00e1logo de arquivamento de e-mail<\/h1>\n<p>Agora voc\u00ea pode selecionar os cabe\u00e7alhos da coluna do espa\u00e7o de trabalho que voc\u00ea deseja visualizar nas caixas de di\u00e1logo de arquivamento de e-mail.\u00a0 Selecione \u00a0na\u00a0caixa de di\u00e1logo <strong>Enviar e Arquivar, <\/strong>na caixa de di\u00e1logo <strong>Navegar e Arquivar<\/strong> e na caixa de di\u00e1logo de arquivamento na barra de ferramentas do <strong>iManage Work<\/strong> para adicionar ou remover os cabe\u00e7alhos de coluna padr\u00e3o configurados pelo seu administrador. Tamb\u00e9m \u00e9 poss\u00edvel clicar com o bot\u00e3o direito em qualquer coluna existente para adicionar ou remover cabe\u00e7alhos de coluna nas caixas de di\u00e1logo de arquivamento. Al\u00e9m disso, \u00e9 poss\u00edvel reorganizar os cabe\u00e7alhos da coluna usando arrastar e soltar.<\/p>\n<p>As altera\u00e7\u00f5es feitas s\u00e3o salvas na sua m\u00e1quina e aparecer\u00e3o em todas as tr\u00eas caixas de di\u00e1logo de arquivamento, e ao arquivar e-mails offline.<\/p>\n<p><strong>NOTA:<\/strong> Caso deseje visualizar um campo\/cabe\u00e7alho personalizado na coluna que n\u00e3o est\u00e1 dispon\u00edvel atualmente, entre em contato com seu administrador.<\/p>\n<p><img loading=\"lazy\" decoding=\"async\" class=\"alignnone size-full wp-image-511\" src=\"https:\/\/docs.imanage.com\/wp-content\/uploads\/2020\/07\/Gif-file-for-Whats-new-page.gif\" alt=\"\" width=\"920\" height=\"446\" \/><\/p>\n","protected":false},"excerpt":{"rendered":"<p>Build: 10.2.6.107 Selecione o cabe\u00e7alho da coluna do espa\u00e7o de trabalho a ser exibido nas caixas de di\u00e1logo de arquivamento de e-mail Agora voc\u00ea pode selecionar os cabe\u00e7alhos da coluna do espa\u00e7o de trabalho que voc\u00ea deseja visualizar nas caixas de di\u00e1logo de arquivamento de e-mail.\u00a0 Selecione \u00a0na\u00a0caixa de di\u00e1logo Enviar e Arquivar, na caixa [&hellip;]<\/p>\n","protected":false},"author":4,"featured_media":0,"parent":146,"menu_order":0,"comment_status":"closed","ping_status":"closed","template":"","meta":{"_acf_changed":false,"footnotes":""},"class_list":["post-464","page","type-page","status-publish","hentry"],"translation":{"provider":"WPGlobus","version":"3.0.2","language":"br","enabled_languages":["en","de","fr","qc","jp","br","es","zh"],"languages":{"en":{"title":true,"content":true,"excerpt":false},"de":{"title":true,"content":true,"excerpt":false},"fr":{"title":true,"content":true,"excerpt":false},"qc":{"title":false,"content":false,"excerpt":false},"jp":{"title":true,"content":true,"excerpt":false},"br":{"title":true,"content":true,"excerpt":false},"es":{"title":true,"content":true,"excerpt":false},"zh":{"title":true,"content":true,"excerpt":false}}},"acf":[],"yoast_head":"<!-- This site is optimized with the Yoast SEO plugin v27.4 - https:\/\/yoast.com\/product\/yoast-seo-wordpress\/ -->\n<title>O que h\u00e1 de novo no iManage Work Desktop for Windows \u2013  Junho 2020 &#8211; Docs - iManage<\/title>\n<meta name=\"robots\" content=\"index, follow, max-snippet:-1, max-image-preview:large, max-video-preview:-1\" \/>\n<link rel=\"canonical\" href=\"https:\/\/docs.imanage.com\/work\/whats-new-in-imanage-wdw-2020-03.html\" \/>\n<meta property=\"og:locale\" content=\"pt_BR\" \/>\n<meta property=\"og:type\" content=\"article\" \/>\n<meta property=\"og:title\" content=\"O que h\u00e1 de novo no iManage Work Desktop for Windows \u2013  Junho 2020 &#8211; Docs - iManage\" \/>\n<meta property=\"og:url\" content=\"https:\/\/docs.imanage.com\/work\/whats-new-in-imanage-wdw-2020-03.html\" \/>\n<meta property=\"og:site_name\" content=\"Docs - iManage\" \/>\n<meta property=\"article:modified_time\" content=\"2020-08-03T13:27:28+00:00\" \/>\n<meta property=\"og:image\" content=\"https:\/\/docs.imanage.com\/wp-content\/uploads\/2020\/03\/gear.png\" \/>\n<meta name=\"twitter:card\" content=\"summary_large_image\" \/>\n<meta name=\"twitter:label1\" content=\"Est. reading time\" \/>\n\t<meta name=\"twitter:data1\" content=\"5 minutes\" \/>\n<script type=\"application\/ld+json\" class=\"yoast-schema-graph\">{\"@context\":\"https:\\\/\\\/schema.org\",\"@graph\":[{\"@type\":\"WebPage\",\"@id\":\"https:\\\/\\\/docs.imanage.com\\\/work\\\/whats-new-in-imanage-wdw-2020-03.html\",\"url\":\"https:\\\/\\\/docs.imanage.com\\\/work\\\/whats-new-in-imanage-wdw-2020-03.html\",\"name\":\"O que h\u00e1 de novo no iManage Work Desktop for Windows \u2013 Junho 2020 &#8211; Docs - iManage\",\"isPartOf\":{\"@id\":\"https:\\\/\\\/docs.imanage.com\\\/#website\"},\"primaryImageOfPage\":{\"@id\":\"https:\\\/\\\/docs.imanage.com\\\/work\\\/whats-new-in-imanage-wdw-2020-03.html#primaryimage\"},\"image\":{\"@id\":\"https:\\\/\\\/docs.imanage.com\\\/work\\\/whats-new-in-imanage-wdw-2020-03.html#primaryimage\"},\"thumbnailUrl\":\"https:\\\/\\\/docs.imanage.com\\\/wp-content\\\/uploads\\\/2020\\\/03\\\/gear.png\",\"datePublished\":\"2020-02-25T06:20:55+00:00\",\"dateModified\":\"2020-08-03T13:27:28+00:00\",\"breadcrumb\":{\"@id\":\"https:\\\/\\\/docs.imanage.com\\\/work\\\/whats-new-in-imanage-wdw-2020-03.html#breadcrumb\"},\"inLanguage\":\"pt-BR\",\"potentialAction\":[{\"@type\":\"ReadAction\",\"target\":[\"https:\\\/\\\/docs.imanage.com\\\/work\\\/whats-new-in-imanage-wdw-2020-03.html\"]}]},{\"@type\":\"ImageObject\",\"inLanguage\":\"pt-BR\",\"@id\":\"https:\\\/\\\/docs.imanage.com\\\/work\\\/whats-new-in-imanage-wdw-2020-03.html#primaryimage\",\"url\":\"https:\\\/\\\/docs.imanage.com\\\/wp-content\\\/uploads\\\/2020\\\/03\\\/gear.png\",\"contentUrl\":\"https:\\\/\\\/docs.imanage.com\\\/wp-content\\\/uploads\\\/2020\\\/03\\\/gear.png\"},{\"@type\":\"BreadcrumbList\",\"@id\":\"https:\\\/\\\/docs.imanage.com\\\/work\\\/whats-new-in-imanage-wdw-2020-03.html#breadcrumb\",\"itemListElement\":[{\"@type\":\"ListItem\",\"position\":1,\"name\":\"Home\",\"item\":\"https:\\\/\\\/docs.imanage.com\\\/\"},{\"@type\":\"ListItem\",\"position\":2,\"name\":\"Work\",\"item\":\"https:\\\/\\\/docs.imanage.com\\\/work.html\"},{\"@type\":\"ListItem\",\"position\":3,\"name\":\"What&#8217;s New in iManage Work Desktop for Windows &#8211; June 2020\"}]},{\"@type\":\"WebSite\",\"@id\":\"https:\\\/\\\/docs.imanage.com\\\/#website\",\"url\":\"https:\\\/\\\/docs.imanage.com\\\/\",\"name\":\"Docs - iManage\",\"description\":\"\",\"potentialAction\":[{\"@type\":\"SearchAction\",\"target\":{\"@type\":\"EntryPoint\",\"urlTemplate\":\"https:\\\/\\\/docs.imanage.com\\\/?s={search_term_string}\"},\"query-input\":{\"@type\":\"PropertyValueSpecification\",\"valueRequired\":true,\"valueName\":\"search_term_string\"}}],\"inLanguage\":\"pt-BR\"}]}<\/script>\n<!-- \/ Yoast SEO plugin. -->","yoast_head_json":{"title":"O que h\u00e1 de novo no iManage Work Desktop for Windows \u2013  Junho 2020 &#8211; Docs - iManage","robots":{"index":"index","follow":"follow","max-snippet":"max-snippet:-1","max-image-preview":"max-image-preview:large","max-video-preview":"max-video-preview:-1"},"canonical":"https:\/\/docs.imanage.com\/work\/whats-new-in-imanage-wdw-2020-03.html","og_locale":"pt_BR","og_type":"article","og_title":"O que h\u00e1 de novo no iManage Work Desktop for Windows \u2013  Junho 2020 &#8211; Docs - iManage","og_url":"https:\/\/docs.imanage.com\/work\/whats-new-in-imanage-wdw-2020-03.html","og_site_name":"Docs - iManage","article_modified_time":"2020-08-03T13:27:28+00:00","og_image":[{"url":"https:\/\/docs.imanage.com\/wp-content\/uploads\/2020\/03\/gear.png","type":"","width":"","height":""}],"twitter_card":"summary_large_image","twitter_misc":{"Est. reading time":"5 minutes"},"schema":{"@context":"https:\/\/schema.org","@graph":[{"@type":"WebPage","@id":"https:\/\/docs.imanage.com\/work\/whats-new-in-imanage-wdw-2020-03.html","url":"https:\/\/docs.imanage.com\/work\/whats-new-in-imanage-wdw-2020-03.html","name":"O que h\u00e1 de novo no iManage Work Desktop for Windows \u2013 Junho 2020 &#8211; Docs - iManage","isPartOf":{"@id":"https:\/\/docs.imanage.com\/#website"},"primaryImageOfPage":{"@id":"https:\/\/docs.imanage.com\/work\/whats-new-in-imanage-wdw-2020-03.html#primaryimage"},"image":{"@id":"https:\/\/docs.imanage.com\/work\/whats-new-in-imanage-wdw-2020-03.html#primaryimage"},"thumbnailUrl":"https:\/\/docs.imanage.com\/wp-content\/uploads\/2020\/03\/gear.png","datePublished":"2020-02-25T06:20:55+00:00","dateModified":"2020-08-03T13:27:28+00:00","breadcrumb":{"@id":"https:\/\/docs.imanage.com\/work\/whats-new-in-imanage-wdw-2020-03.html#breadcrumb"},"inLanguage":"pt-BR","potentialAction":[{"@type":"ReadAction","target":["https:\/\/docs.imanage.com\/work\/whats-new-in-imanage-wdw-2020-03.html"]}]},{"@type":"ImageObject","inLanguage":"pt-BR","@id":"https:\/\/docs.imanage.com\/work\/whats-new-in-imanage-wdw-2020-03.html#primaryimage","url":"https:\/\/docs.imanage.com\/wp-content\/uploads\/2020\/03\/gear.png","contentUrl":"https:\/\/docs.imanage.com\/wp-content\/uploads\/2020\/03\/gear.png"},{"@type":"BreadcrumbList","@id":"https:\/\/docs.imanage.com\/work\/whats-new-in-imanage-wdw-2020-03.html#breadcrumb","itemListElement":[{"@type":"ListItem","position":1,"name":"Home","item":"https:\/\/docs.imanage.com\/"},{"@type":"ListItem","position":2,"name":"Work","item":"https:\/\/docs.imanage.com\/work.html"},{"@type":"ListItem","position":3,"name":"What&#8217;s New in iManage Work Desktop for Windows &#8211; June 2020"}]},{"@type":"WebSite","@id":"https:\/\/docs.imanage.com\/#website","url":"https:\/\/docs.imanage.com\/","name":"Docs - iManage","description":"","potentialAction":[{"@type":"SearchAction","target":{"@type":"EntryPoint","urlTemplate":"https:\/\/docs.imanage.com\/?s={search_term_string}"},"query-input":{"@type":"PropertyValueSpecification","valueRequired":true,"valueName":"search_term_string"}}],"inLanguage":"pt-BR"}]}},"_links":{"self":[{"href":"https:\/\/docs.imanage.com\/br\/wp-json\/wp\/v2\/pages\/464","targetHints":{"allow":["GET"]}}],"collection":[{"href":"https:\/\/docs.imanage.com\/br\/wp-json\/wp\/v2\/pages"}],"about":[{"href":"https:\/\/docs.imanage.com\/br\/wp-json\/wp\/v2\/types\/page"}],"author":[{"embeddable":true,"href":"https:\/\/docs.imanage.com\/br\/wp-json\/wp\/v2\/users\/4"}],"replies":[{"embeddable":true,"href":"https:\/\/docs.imanage.com\/br\/wp-json\/wp\/v2\/comments?post=464"}],"version-history":[{"count":0,"href":"https:\/\/docs.imanage.com\/br\/wp-json\/wp\/v2\/pages\/464\/revisions"}],"up":[{"embeddable":true,"href":"https:\/\/docs.imanage.com\/br\/wp-json\/wp\/v2\/pages\/146"}],"wp:attachment":[{"href":"https:\/\/docs.imanage.com\/br\/wp-json\/wp\/v2\/media?parent=464"}],"curies":[{"name":"wp","href":"https:\/\/api.w.org\/{rel}","templated":true}]}}