{"id":513,"date":"2020-07-06T06:37:03","date_gmt":"2020-07-06T06:37:03","guid":{"rendered":"https:\/\/docs.imanage.com\/?page_id=513"},"modified":"2020-08-12T05:23:15","modified_gmt":"2020-08-12T05:23:15","slug":"whats-new-in-imanage-work-2020-07","status":"publish","type":"page","link":"https:\/\/docs.imanage.com\/br\/whats-new-in-imanage-work-2020-07.html","title":{"rendered":"O que h\u00e1 de novo no iManage Work &#8211; julho de 2020"},"content":{"rendered":"<h1><span style=\"font-size: 1.5rem;\">Visualiza\u00e7\u00e3o em \u00e1rvore por padr\u00e3o<strong><br \/>\n<\/strong><\/span><\/h1>\n<p>Dispon\u00edvel mais cedo atrav\u00e9s do <strong>Em Breve<\/strong>, a visualiza\u00e7\u00e3o em \u00e1rvore ser\u00e1 o modo de visualiza\u00e7\u00e3o padr\u00e3o daqui para frente para os usu\u00e1rios no iManage Work e painel do iManage Work painel para o Microsoft Outlook.<\/p>\n<h1>Mover pastas usando o menu kebab ou de contexto<\/h1>\n<p>Reorganize a sua estrutura de pastas ao realocar pastas, pastas de pesquisa e atalhos de pastas usando o menu kebab ou de contexto. Subpastas, documentos e e-mails de uma pasta s\u00e3o movidos junto com a pasta pai quando realocados. Mover uma pasta de pesquisa n\u00e3o afeta os crit\u00e9rios de pesquisa com base nos quais a pasta de pesquisa foi salva.<\/p>\n<p><img loading=\"lazy\" decoding=\"async\" class=\"alignnone wp-image-514 black-border\" src=\"https:\/\/docs.imanage.com\/wp-content\/uploads\/2020\/07\/Moving-folders-using-context-or-kebab-menu.png\" alt=\"\" width=\"200\" height=\"173\" \/><\/p>\n<h1>Mover categorias usando o menu kebab ou de contexto<\/h1>\n<p>Mova uma categoria para dentro de outra localizada em <strong>Meus Casos<\/strong> ou <strong>Meus Favoritos<\/strong>.<\/p>\n<h1>Criar atalhos de pastas de documentos usando o menu kebab ou de contexto<\/h1>\n<p>Crie um atalho de documento para uma pasta de documentos para outro espa\u00e7o de trabalho localizado no mesmo banco de dados ou em um diferente.<\/p>\n<p><img loading=\"lazy\" decoding=\"async\" class=\"black-border alignnone wp-image-517\" src=\"https:\/\/docs.imanage.com\/wp-content\/uploads\/2020\/07\/create-document-folder-shortcut.png\" alt=\"\" width=\"220\" height=\"165\" \/><\/p>\n<p>NOTA: A cria\u00e7\u00e3o de atalhos de documentos s\u00f3 \u00e9 poss\u00edvel se sua configura\u00e7\u00e3o permitir que os objetos sejam criados no n\u00edvel raiz da \u00e1rea de trabalho.<\/p>\n<h1>Mover atalhos usando o menu kebab ou de contexto<\/h1>\n<p>Mova atalhos de espa\u00e7os de trabalho, de documentos ou de pastas de um local a outro.<\/p>\n<p><img loading=\"lazy\" decoding=\"async\" class=\"black-border alignnone wp-image-518\" src=\"https:\/\/docs.imanage.com\/wp-content\/uploads\/2020\/07\/Moving-shortcuts.png\" alt=\"\" width=\"220\" height=\"190\" \/><\/p>\n<h1>Fluxo de trabalho aprimorado para exclus\u00e3o de documentos<\/h1>\n<p>Exclua documentos de uma pasta usando o menu kebab ou de contexto. As op\u00e7\u00f5es dispon\u00edveis para os usu\u00e1rios exclu\u00edrem documentos variam com base no n\u00famero de vers\u00f5es e refer\u00eancias que um documento possui, como por exemplo:<br \/>\n&#8211; Documento com uma \u00fanica vers\u00e3o e sem refer\u00eancias<br \/>\n&#8211; Documento com m\u00faltiplas vers\u00f5es e sem refer\u00eancias<br \/>\n&#8211; Documento com uma \u00fanica vers\u00e3o e refer\u00eancias em v\u00e1rios locais<br \/>\n&#8211; Documento com m\u00faltiplas vers\u00f5es e refer\u00eancias em v\u00e1rios locais<br \/>\n&#8211; M\u00faltiplos documentos com v\u00e1rias refer\u00eancias<br \/>\nPara mais informa\u00e7\u00f5es, consulte <a href=\"https:\/\/docs.imanage.com\/work-web-help\/10.3.0\/en-US\/Deleting_a_document.html\">Excluir documentos<\/a>.<\/p>\n<h1>Configura\u00e7\u00f5es administrativas aprimoradas no iManage Control Center<\/h1>\n<p><strong>Definir o comportamento padr\u00e3o de clique no t\u00edtulo para documentos:<br \/>\n<\/strong>Op\u00e7\u00e3o <strong><em>Abrir em Visualiza\u00e7\u00e3o Protegida<\/em><\/strong> para abrir documentos do Microsoft Office em modo de visualiza\u00e7\u00e3o protegido para impedir que usu\u00e1rios acidentalmente excluam documentos em que foi feito o check out.<\/p>\n<p><img loading=\"lazy\" decoding=\"async\" class=\"black-border alignnone wp-image-519\" src=\"https:\/\/docs.imanage.com\/wp-content\/uploads\/2020\/07\/Open-in-protexted-view-1024x219.png\" alt=\"\" width=\"720\" height=\"154\" srcset=\"https:\/\/docs.imanage.com\/wp-content\/uploads\/2020\/07\/Open-in-protexted-view-1024x219.png 1024w, https:\/\/docs.imanage.com\/wp-content\/uploads\/2020\/07\/Open-in-protexted-view-300x64.png 300w, https:\/\/docs.imanage.com\/wp-content\/uploads\/2020\/07\/Open-in-protexted-view-768x164.png 768w, https:\/\/docs.imanage.com\/wp-content\/uploads\/2020\/07\/Open-in-protexted-view.png 1062w\" sizes=\"auto, (max-width: 720px) 100vw, 720px\" \/><\/p>\n<p><strong>Op\u00e7\u00e3o de menu Exclus\u00e3o unificada no Centro de Controle do iManage:<\/strong><br \/>\nO menu expl\u00edcito <strong><em>Excluir atalho <\/em><\/strong>foi removido do Centro de Controle do iManage. Consequentemente, a op\u00e7\u00e3o <strong><em>Excluir <\/em><\/strong>agora \u00e9 sens\u00edvel ao contexto e aparece no menu de contexto para documentos, e-mails e pastas, enquanto que a op\u00e7\u00e3o <strong><em>Excluir atalho<\/em><\/strong> aparece para atalhos de documentos, e-mails e pastas quando a op\u00e7\u00e3o Excluir \u00e9 inclu\u00edda nos respectivos menus de contexto.<\/p>\n<h1>Capacidade de executar m\u00faltiplas opera\u00e7\u00f5es na \u00e1rvore usando o arrastar e soltar<\/h1>\n<p><strong>Expandir e navegar os n\u00f3s da \u00e1rvore:<\/strong><\/p>\n<p>Arraste itens do painel central, passe o mouse sobre a \u00e1rvore para expandir os n\u00f3s e solte os itens onde h\u00e1 um cont\u00eainer destacado em azul.<\/p>\n<p><img decoding=\"async\" class=\"alignnone wp-image-521 size-large black-border\" src=\"https:\/\/docs.imanage.com\/work-web-help\/10.3.0\/en-US\/images\/download\/attachments\/85082028\/expand_and_browse_tree_using_DnD.gif\" alt=\"\" width=\"700\" \/><\/p>\n<p>A lista de a\u00e7\u00f5es poss\u00edveis que podem ser executadas usando teclas espec\u00edficas \u00e9 exibida no prompt de mensagem de ajuda.<\/p>\n<p><img loading=\"lazy\" decoding=\"async\" class=\"black-border alignnone wp-image-522 size-medium\" src=\"https:\/\/docs.imanage.com\/wp-content\/uploads\/2020\/07\/helper-message-on-windows-300x68.png\" alt=\"\" width=\"300\" height=\"68\" srcset=\"https:\/\/docs.imanage.com\/wp-content\/uploads\/2020\/07\/helper-message-on-windows-300x68.png 300w, https:\/\/docs.imanage.com\/wp-content\/uploads\/2020\/07\/helper-message-on-windows.png 506w\" sizes=\"auto, (max-width: 300px) 100vw, 300px\" \/><\/p>\n<p>Com base nos navegadores e no sistema operacional utilizados pelos usu\u00e1rios, o comportamento e a chave usados para as opera\u00e7\u00f5es relativas \u00e0 \u00e1rvore podem variar. Para mais detalhes, consulte <a href=\"https:\/\/docs.imanage.com\/work-web-help\/10.3.0\/en-US\/Keyboard_functions_for_operations_related_to_the_tree.html\">Fun\u00e7\u00f5es do teclado para opera\u00e7\u00f5es relativas \u00e0 \u00e1rvore<\/a>.<\/p>\n<p><strong>Mover pastas da lista ou da exibi\u00e7\u00e3o em grade para a \u00e1rvore:<\/strong><\/p>\n<p>Mova pastas de documentos e de pesquisa usando o arrastar e soltar.<\/p>\n<p><img decoding=\"async\" class=\"alignnone wp-image-521 size-large black-border\" src=\"https:\/\/docs.imanage.com\/work-web-help\/10.3.0\/en-US\/images\/download\/attachments\/85074216\/Moving_folders_using_DnD.gif\" alt=\"\" width=\"700\" \/><\/p>\n<p><strong>Mover documentos e e-mails para uma pasta na \u00e1rvore:<\/strong><\/p>\n<p>Mova documentos e e-mails para pastas ou atalhos de pastas usando o arrastar e soltar.<br \/>\n<img decoding=\"async\" class=\"alignnone wp-image-521 size-large black-border\" src=\"https:\/\/docs.imanage.com\/work-web-help\/10.3.0\/en-US\/images\/download\/attachments\/85074212\/Move_emails_using_DnD.gif\" alt=\"\" width=\"700\" \/><\/p>\n<p><strong>Copiar documentos para uma pasta na \u00e1rvore:<br \/>\n<\/strong>Arraste um documento, localize a pasta de destino, pressione a tecla <strong>Ctrl <\/strong>e solte para copiar.<\/p>\n<p><img decoding=\"async\" class=\"alignnone wp-image-521 size-large black-border\" src=\"https:\/\/docs.imanage.com\/work-web-help\/10.3.0\/en-US\/images\/download\/attachments\/85082571\/Copy_to_tree_using_dnd.gif\" alt=\"\" width=\"700\" \/><\/p>\n<p>Com base nos navegadores e no sistema operacional utilizados pelos usu\u00e1rios, o comportamento e a chave usados para este recurso podem variar. Para mais detalhes, consulte <a href=\"https:\/\/docs.imanage.com\/work-web-help\/10.3.0\/en-US\/Copying_document%28s%29_to_a_folder_in_the_tree_using_drag-and-drop.html\">Copiar documentos para uma pasta na \u00e1rvore arrastando e soltando<\/a>.<\/p>\n<p><strong>Adicionar refer\u00eancias de documentos para uma pasta na \u00e1rvore:<br \/>\n<\/strong>Arraste um documento, localize a pasta de destino, pressione a tecla <strong>Shift<\/strong> e solte para adicionar uma refer\u00eancia \u00e0quela pasta.<br \/>\n<img decoding=\"async\" class=\"alignnone wp-image-521 size-large black-border\" src=\"https:\/\/docs.imanage.com\/work-web-help\/10.3.0\/en-US\/images\/download\/attachments\/85090116\/Add_doc_reference_to_tree_using_DnD.gif\" alt=\"\" width=\"700\" \/><\/p>\n<p>O comportamento e a chave usados para este recurso podem variar com base nos navegadores e no sistema operacional utilizados pelos usu\u00e1rios. Para mais informa\u00e7\u00f5es, consulte <a href=\"https:\/\/docs.imanage.com\/work-web-help\/10.3.0\/en-US\/Keyboard_functions_for_operations_related_to_the_tree.html\">Fun\u00e7\u00f5es do teclado para opera\u00e7\u00f5es relativas \u00e0 \u00e1rvore<\/a>.<\/p>\n<p><strong>Adicionar atalhos de pastas a um espa\u00e7o de trabalho ou guia na \u00e1rvore:<br \/>\n<\/strong>Arraste um documento\/pasta de pesquisa, localize o espa\u00e7o de trabalho ou guia de destino, pressione a tecla <strong>Shift<\/strong> e solte para adicionar um atalho de pasta.<br \/>\n<img decoding=\"async\" class=\"alignnone wp-image-521 size-large black-border\" src=\"https:\/\/docs.imanage.com\/work-web-help\/10.3.0\/en-US\/images\/download\/attachments\/85096950\/Create_folder_shortcut_in_tree_using_DnD.gif\" alt=\"\" width=\"750\" \/><\/p>\n<p><strong>Adicionar itens aos Meus Favoritos na \u00e1rvore:<br \/>\n<\/strong>Arraste e solte itens a partir do painel central para <strong>Meus Favoritos <\/strong>ou uma categoria alojada dentro deles na \u00e1rvore.<\/p>\n<p><img decoding=\"async\" class=\"alignnone wp-image-521 size-large black-border\" src=\"https:\/\/docs.imanage.com\/work-web-help\/10.3.0\/en-US\/images\/download\/attachments\/85098180\/Add_to_my_favorites_using_DnD.gif\" alt=\"\" width=\"750\" \/><\/p>\n<p><strong>Mover categorias para Meus Favoritos\/Meus Casos na \u00e1rvore:<br \/>\n<\/strong>Reorganize categorias em <strong>Meus Casos <\/strong>ou <strong>Meus Favoritos <\/strong>movendo uma ou v\u00e1rias categorias do painel central para outra categoria em <strong>Meus Casos<\/strong> ou <strong>Meus Favoritos<\/strong> usando o arrastar e soltar.<\/p>\n<p><img decoding=\"async\" class=\"alignnone wp-image-521 size-large black-border\" src=\"https:\/\/docs.imanage.com\/work-web-help\/10.3.0\/en-US\/images\/download\/attachments\/89261980\/Moving_categories_using_DnD.gif\" alt=\"\" width=\"750\" \/><\/p>\n<p><strong>Adicionar atalhos para espa\u00e7os de trabalho para Meus Favoritos\/Meus Casos ou categorias dentro de Meus Favoritos\/Meus Casos:<br \/>\n<\/strong>Arraste um espa\u00e7o de trabalho, passe o mouse por cima da \u00e1rvore at\u00e9 chegar em <strong>Meus Favoritos\/Meus Casos<\/strong> ou a categoria de destino dentro deles e solte-o.<\/p>\n<p><img decoding=\"async\" class=\"alignnone wp-image-521 size-large black-border\" src=\"https:\/\/docs.imanage.com\/work-web-help\/10.3.0\/en-US\/images\/download\/attachments\/89263536\/Adding_workspace_shortcuts_using_DnD.gif\" alt=\"\" width=\"750\" \/><\/p>\n<h1>Arquivar anexos de e-mail no painel do iManage Work usando o arrastar e soltar<\/h1>\n<p>Arraste e solte um ou v\u00e1rios anexos de e-mail da sua caixa de entrada do Microsoft Outlook diretamente para o painel do Work sob a guia da \u00e1rvore Navegar (em modo encaixado) para arquiv\u00e1-los no iManage Work.<\/p>\n","protected":false},"excerpt":{"rendered":"<p>Visualiza\u00e7\u00e3o em \u00e1rvore por padr\u00e3o Dispon\u00edvel mais cedo atrav\u00e9s do Em Breve, a visualiza\u00e7\u00e3o em \u00e1rvore ser\u00e1 o modo de visualiza\u00e7\u00e3o padr\u00e3o daqui para frente para os usu\u00e1rios no iManage Work e painel do iManage Work painel para o Microsoft Outlook. Mover pastas usando o menu kebab ou de contexto Reorganize a sua estrutura de [&hellip;]<\/p>\n","protected":false},"author":4,"featured_media":0,"parent":0,"menu_order":0,"comment_status":"closed","ping_status":"closed","template":"","meta":{"_acf_changed":false,"footnotes":""},"class_list":["post-513","page","type-page","status-publish","hentry"],"translation":{"provider":"WPGlobus","version":"3.0.2","language":"br","enabled_languages":["en","de","fr","qc","jp","br","es","zh"],"languages":{"en":{"title":true,"content":true,"excerpt":false},"de":{"title":true,"content":true,"excerpt":false},"fr":{"title":true,"content":true,"excerpt":false},"qc":{"title":false,"content":false,"excerpt":false},"jp":{"title":true,"content":true,"excerpt":false},"br":{"title":true,"content":true,"excerpt":false},"es":{"title":true,"content":true,"excerpt":false},"zh":{"title":true,"content":true,"excerpt":false}}},"acf":[],"yoast_head":"<!-- This site is optimized with the Yoast SEO plugin v27.5 - https:\/\/yoast.com\/product\/yoast-seo-wordpress\/ -->\n<title>O que h\u00e1 de novo no iManage Work - julho de 2020 &#8211; Docs - iManage<\/title>\n<meta name=\"robots\" content=\"index, follow, max-snippet:-1, max-image-preview:large, max-video-preview:-1\" \/>\n<link rel=\"canonical\" href=\"https:\/\/docs.imanage.com\/es\/whats-new-in-imanage-work-2020-07.html\" \/>\n<meta property=\"og:locale\" content=\"pt_BR\" \/>\n<meta property=\"og:type\" content=\"article\" \/>\n<meta property=\"og:title\" content=\"O que h\u00e1 de novo no iManage Work - julho de 2020 &#8211; Docs - iManage\" \/>\n<meta property=\"og:url\" content=\"https:\/\/docs.imanage.com\/es\/whats-new-in-imanage-work-2020-07.html\" \/>\n<meta property=\"og:site_name\" content=\"Docs - iManage\" \/>\n<meta property=\"article:modified_time\" content=\"2020-08-12T05:23:15+00:00\" \/>\n<meta property=\"og:image\" content=\"https:\/\/docs.imanage.com\/wp-content\/uploads\/2020\/07\/Moving-folders-using-context-or-kebab-menu.png\" \/>\n<meta name=\"twitter:card\" content=\"summary_large_image\" \/>\n<meta name=\"twitter:label1\" content=\"Est. reading time\" \/>\n\t<meta name=\"twitter:data1\" content=\"25 minutes\" \/>\n<script type=\"application\/ld+json\" class=\"yoast-schema-graph\">{\"@context\":\"https:\\\/\\\/schema.org\",\"@graph\":[{\"@type\":\"WebPage\",\"@id\":\"https:\\\/\\\/docs.imanage.com\\\/es\\\/whats-new-in-imanage-work-2020-07.html\",\"url\":\"https:\\\/\\\/docs.imanage.com\\\/es\\\/whats-new-in-imanage-work-2020-07.html\",\"name\":\"O que h\u00e1 de novo no iManage Work - julho de 2020 &#8211; Docs - iManage\",\"isPartOf\":{\"@id\":\"https:\\\/\\\/docs.imanage.com\\\/#website\"},\"primaryImageOfPage\":{\"@id\":\"https:\\\/\\\/docs.imanage.com\\\/es\\\/whats-new-in-imanage-work-2020-07.html#primaryimage\"},\"image\":{\"@id\":\"https:\\\/\\\/docs.imanage.com\\\/es\\\/whats-new-in-imanage-work-2020-07.html#primaryimage\"},\"thumbnailUrl\":\"https:\\\/\\\/docs.imanage.com\\\/wp-content\\\/uploads\\\/2020\\\/07\\\/Moving-folders-using-context-or-kebab-menu.png\",\"datePublished\":\"2020-07-06T06:37:03+00:00\",\"dateModified\":\"2020-08-12T05:23:15+00:00\",\"breadcrumb\":{\"@id\":\"https:\\\/\\\/docs.imanage.com\\\/es\\\/whats-new-in-imanage-work-2020-07.html#breadcrumb\"},\"inLanguage\":\"pt-BR\",\"potentialAction\":[{\"@type\":\"ReadAction\",\"target\":[\"https:\\\/\\\/docs.imanage.com\\\/es\\\/whats-new-in-imanage-work-2020-07.html\"]}]},{\"@type\":\"ImageObject\",\"inLanguage\":\"pt-BR\",\"@id\":\"https:\\\/\\\/docs.imanage.com\\\/es\\\/whats-new-in-imanage-work-2020-07.html#primaryimage\",\"url\":\"https:\\\/\\\/docs.imanage.com\\\/wp-content\\\/uploads\\\/2020\\\/07\\\/Moving-folders-using-context-or-kebab-menu.png\",\"contentUrl\":\"https:\\\/\\\/docs.imanage.com\\\/wp-content\\\/uploads\\\/2020\\\/07\\\/Moving-folders-using-context-or-kebab-menu.png\"},{\"@type\":\"BreadcrumbList\",\"@id\":\"https:\\\/\\\/docs.imanage.com\\\/es\\\/whats-new-in-imanage-work-2020-07.html#breadcrumb\",\"itemListElement\":[{\"@type\":\"ListItem\",\"position\":1,\"name\":\"Home\",\"item\":\"https:\\\/\\\/docs.imanage.com\\\/\"},{\"@type\":\"ListItem\",\"position\":2,\"name\":\"Novedades en iManage Work &#8211; Julio 2020\"}]},{\"@type\":\"WebSite\",\"@id\":\"https:\\\/\\\/docs.imanage.com\\\/#website\",\"url\":\"https:\\\/\\\/docs.imanage.com\\\/\",\"name\":\"Docs - iManage\",\"description\":\"\",\"potentialAction\":[{\"@type\":\"SearchAction\",\"target\":{\"@type\":\"EntryPoint\",\"urlTemplate\":\"https:\\\/\\\/docs.imanage.com\\\/?s={search_term_string}\"},\"query-input\":{\"@type\":\"PropertyValueSpecification\",\"valueRequired\":true,\"valueName\":\"search_term_string\"}}],\"inLanguage\":\"pt-BR\"}]}<\/script>\n<!-- \/ Yoast SEO plugin. -->","yoast_head_json":{"title":"O que h\u00e1 de novo no iManage Work - julho de 2020 &#8211; Docs - iManage","robots":{"index":"index","follow":"follow","max-snippet":"max-snippet:-1","max-image-preview":"max-image-preview:large","max-video-preview":"max-video-preview:-1"},"canonical":"https:\/\/docs.imanage.com\/es\/whats-new-in-imanage-work-2020-07.html","og_locale":"pt_BR","og_type":"article","og_title":"O que h\u00e1 de novo no iManage Work - julho de 2020 &#8211; Docs - iManage","og_url":"https:\/\/docs.imanage.com\/es\/whats-new-in-imanage-work-2020-07.html","og_site_name":"Docs - iManage","article_modified_time":"2020-08-12T05:23:15+00:00","og_image":[{"url":"https:\/\/docs.imanage.com\/wp-content\/uploads\/2020\/07\/Moving-folders-using-context-or-kebab-menu.png","type":"","width":"","height":""}],"twitter_card":"summary_large_image","twitter_misc":{"Est. reading time":"25 minutes"},"schema":{"@context":"https:\/\/schema.org","@graph":[{"@type":"WebPage","@id":"https:\/\/docs.imanage.com\/es\/whats-new-in-imanage-work-2020-07.html","url":"https:\/\/docs.imanage.com\/es\/whats-new-in-imanage-work-2020-07.html","name":"O que h\u00e1 de novo no iManage Work - julho de 2020 &#8211; Docs - iManage","isPartOf":{"@id":"https:\/\/docs.imanage.com\/#website"},"primaryImageOfPage":{"@id":"https:\/\/docs.imanage.com\/es\/whats-new-in-imanage-work-2020-07.html#primaryimage"},"image":{"@id":"https:\/\/docs.imanage.com\/es\/whats-new-in-imanage-work-2020-07.html#primaryimage"},"thumbnailUrl":"https:\/\/docs.imanage.com\/wp-content\/uploads\/2020\/07\/Moving-folders-using-context-or-kebab-menu.png","datePublished":"2020-07-06T06:37:03+00:00","dateModified":"2020-08-12T05:23:15+00:00","breadcrumb":{"@id":"https:\/\/docs.imanage.com\/es\/whats-new-in-imanage-work-2020-07.html#breadcrumb"},"inLanguage":"pt-BR","potentialAction":[{"@type":"ReadAction","target":["https:\/\/docs.imanage.com\/es\/whats-new-in-imanage-work-2020-07.html"]}]},{"@type":"ImageObject","inLanguage":"pt-BR","@id":"https:\/\/docs.imanage.com\/es\/whats-new-in-imanage-work-2020-07.html#primaryimage","url":"https:\/\/docs.imanage.com\/wp-content\/uploads\/2020\/07\/Moving-folders-using-context-or-kebab-menu.png","contentUrl":"https:\/\/docs.imanage.com\/wp-content\/uploads\/2020\/07\/Moving-folders-using-context-or-kebab-menu.png"},{"@type":"BreadcrumbList","@id":"https:\/\/docs.imanage.com\/es\/whats-new-in-imanage-work-2020-07.html#breadcrumb","itemListElement":[{"@type":"ListItem","position":1,"name":"Home","item":"https:\/\/docs.imanage.com\/"},{"@type":"ListItem","position":2,"name":"Novedades en iManage Work &#8211; Julio 2020"}]},{"@type":"WebSite","@id":"https:\/\/docs.imanage.com\/#website","url":"https:\/\/docs.imanage.com\/","name":"Docs - iManage","description":"","potentialAction":[{"@type":"SearchAction","target":{"@type":"EntryPoint","urlTemplate":"https:\/\/docs.imanage.com\/?s={search_term_string}"},"query-input":{"@type":"PropertyValueSpecification","valueRequired":true,"valueName":"search_term_string"}}],"inLanguage":"pt-BR"}]}},"_links":{"self":[{"href":"https:\/\/docs.imanage.com\/br\/wp-json\/wp\/v2\/pages\/513","targetHints":{"allow":["GET"]}}],"collection":[{"href":"https:\/\/docs.imanage.com\/br\/wp-json\/wp\/v2\/pages"}],"about":[{"href":"https:\/\/docs.imanage.com\/br\/wp-json\/wp\/v2\/types\/page"}],"author":[{"embeddable":true,"href":"https:\/\/docs.imanage.com\/br\/wp-json\/wp\/v2\/users\/4"}],"replies":[{"embeddable":true,"href":"https:\/\/docs.imanage.com\/br\/wp-json\/wp\/v2\/comments?post=513"}],"version-history":[{"count":0,"href":"https:\/\/docs.imanage.com\/br\/wp-json\/wp\/v2\/pages\/513\/revisions"}],"wp:attachment":[{"href":"https:\/\/docs.imanage.com\/br\/wp-json\/wp\/v2\/media?parent=513"}],"curies":[{"name":"wp","href":"https:\/\/api.w.org\/{rel}","templated":true}]}}