{"id":541,"date":"2020-09-09T12:23:41","date_gmt":"2020-09-09T12:23:41","guid":{"rendered":"https:\/\/docs.imanage.com\/?page_id=541"},"modified":"2021-08-09T16:32:23","modified_gmt":"2021-08-09T16:32:23","slug":"whats-new-in-imanage-work-2020-10","status":"publish","type":"page","link":"https:\/\/docs.imanage.com\/br\/whats-new-in-imanage-work-2020-10.html","title":{"rendered":"O que h\u00e1 de novo no iManage Work &#8211; Outubro de 2020"},"content":{"rendered":"<h1><strong>Apresentando o \u201carrastar e soltar\u201d para fluxos de trabalho eficientes<\/strong><\/h1>\n<p>Mova um ou mais atalho(s) de documentos arrastando-o(s) e soltando-o(s) entre o painel central e a \u00e1rvore.<br \/>\n<img decoding=\"async\" class=\"alignnone wp-image-521 size-large black-border\" src=\"https:\/\/docs.imanage.com\/work-web-help\/10.3.2\/en-US\/images\/download\/attachments\/89278760\/dnddoc_shortcuts_from_center_panel_to_tree_July_23.gif\" alt=\"\" width=\"900\" \/><\/p>\n<p>Mova atalho(s) para espa\u00e7os de trabalho do painel central para\u00a0<strong>Meus Casos<\/strong>\u00a0ou para a categoria desejada dentro deles na \u00e1rvore arrastando e soltando.<br \/>\n<img decoding=\"async\" class=\"alignnone wp-image-521 size-large black-border\" src=\"https:\/\/docs.imanage.com\/work-web-help\/10.3.2\/en-US\/images\/download\/attachments\/89279991\/dnd_ws_shortcuts_from_center_panel_to_tree_July_23.gif\" alt=\"\" width=\"900\" \/><\/p>\n<p>Mova um ou mais atalho(s) de pastas arrastando-o(s) e soltando-o(s) entre o painel central e a \u00e1rvore.<br \/>\n<img decoding=\"async\" class=\"alignnone wp-image-521 size-large black-border\" src=\"https:\/\/docs.imanage.com\/work-web-help\/10.3.2\/en-US\/images\/download\/attachments\/89284392\/July_28%2C_Move_Folder_shortcuts_using_DnD.gif\" alt=\"\" width=\"900\" \/><\/p>\n<p>Mova um ou mais atalho(s) do painel central para\u00a0Meus Favoritos\u00a0ou para a categoria desejada dentro deles na \u00e1rvore arrastando e soltando.<\/p>\n<p><img decoding=\"async\" class=\"alignnone wp-image-521 size-large black-border\" src=\"https:\/\/docs.imanage.com\/work-web-help\/10.3.2\/en-US\/images\/download\/attachments\/89285194\/July_30%2C_DnD_Shortcuts_within_my_favorites.gif\" alt=\"\" width=\"900\" \/><\/p>\n<h1><strong>Carregamentos do desktop para a \u00e1rvore, agora compat\u00edveis para documentos e pastas<\/strong><\/h1>\n<p>Fa\u00e7a apenas um movimento, carregue pasta(s) ou documento(s) do seu desktop para a \u00e1rvore arrastando e soltando.<br \/>\n<img decoding=\"async\" class=\"alignnone wp-image-521 size-large black-border\" src=\"https:\/\/docs.imanage.com\/work-web-help\/10.3.2\/en-US\/images\/download\/attachments\/89289833\/Sep_27%2C_Uploading_documents_from_the_desktop_to_a_tree_node_using_drag-and-drop.gif\" alt=\"\" width=\"1080\" \/><\/p>\n<p><img decoding=\"async\" class=\"alignnone wp-image-521 size-large black-border\" src=\"https:\/\/docs.imanage.com\/work-web-help\/10.3.2\/en-US\/images\/download\/attachments\/89289866\/Sep_27%2C_Uploading_folders_from_the_desktop_to_a_tree_node_using_drag-and-drop.gif\" alt=\"\" width=\"1080\" \/><\/p>\n<p>&nbsp;<\/p>\n<h1>Mova pastas e documentos<\/h1>\n<p>Al\u00e9m de arrastar e soltar, apenas selecione as pastas e documentos e use a op\u00e7\u00e3o do menu de contexto ativado com o bot\u00e3o direito do mouse para relocar para outra localiza\u00e7\u00e3o para organizar seu trabalho.<\/p>\n<h1>Visualize ainda mais pastas na \u00e1rvore<\/h1>\n<p>Voc\u00ea n\u00e3o est\u00e1 mais limitado a visualizar apenas 50 itens na \u00e1rvore. Apenas passe o mouse sobre <strong>Mostrar mais\u00a0<\/strong>para expandir e visualizar mais itens diretamente na \u00e1rvore.<br \/>\n<img decoding=\"async\" class=\"alignnone wp-image-521 size-large black-border\" src=\"https:\/\/docs.imanage.com\/work-web-help\/10.3.2\/en-US\/images\/download\/attachments\/89287368\/Sep_26%2C_Ability_to_show_all_nodes_at_any_level_in_the_tree.gif\" alt=\"\" width=\"900\" \/><\/p>\n<h1>Localize a pasta pai com facilidade<\/h1>\n<p>Utilize a op\u00e7\u00e3o <strong>Mostrar na \u00e1rvore\u00a0<\/strong>no menu de contexto ativado com o bot\u00e3o direito do mouse para localizar facilmente a pasta pai e localizar o caminho exato da pasta. Ao visualizar documentos na lista recente ou nos resultados da pesquisa, isso permite que voc\u00ea encontre facilmente a localiza\u00e7\u00e3o exata do arquivo, para que possa encontrar outros arquivos localizados nesta pasta.<br \/>\n<img decoding=\"async\" class=\"alignnone wp-image-521 size-large black-border\" src=\"https:\/\/docs.imanage.com\/work-web-help\/10.3.2\/en-US\/images\/download\/attachments\/93036766\/Sep_01%2C_Show_in_tree_new_context_menu_option.gif\" alt=\"\" width=\"900\" \/><\/p>\n<p>Visualizar os itens presentes em v\u00e1rias localiza\u00e7\u00f5es ficou simples com uma caixa de di\u00e1logo exibindo essas localiza\u00e7\u00f5es.<br \/>\n<img decoding=\"async\" class=\"alignnone wp-image-521 size-large black-border\" src=\"https:\/\/docs.imanage.com\/work-web-help\/10.3.2\/en-US\/images\/download\/attachments\/93033489\/Sep_27%2C_New_Show_in_Tree_context_menu_option_.gif\" alt=\"\" width=\"900\" \/><\/p>\n<h1>Visualize os filtros aplicados<\/h1>\n<p>Visualize e ajuste facilmente os filtros, permitindo que voc\u00ea divida os resultados para encontrar o conte\u00fado mais relevante.<br \/>\n<img decoding=\"async\" class=\"alignnone wp-image-521 size-large black-border\" src=\"https:\/\/docs.imanage.com\/work-web-help\/10.3.2\/en-US\/images\/download\/attachments\/93036750\/New_Filter.png\" alt=\"\" width=\"900\" \/><\/p>\n<h1>Os menus de contexto\u00a0ativados com o bot\u00e3o direito do mouse, antes dispon\u00edveis no painel central, agora tamb\u00e9m est\u00e3o dispon\u00edveis nos n\u00f3s das \u00e1rvores<\/h1>\n<p>Mais conveni\u00eancia para voc\u00ea. Os menus de contexto ativados com o bot\u00e3o direito do mouse est\u00e3o dispon\u00edveis no n\u00f3 da \u00e1rvore. Economiza o seu tempo permitindo que voc\u00ea execute a\u00e7\u00f5es no local enquanto navega pela hierarquia da pasta, o que economiza tempo.<br \/>\n<img decoding=\"async\" class=\"alignnone wp-image-521 size-large black-border\" src=\"https:\/\/docs.imanage.com\/wp-content\/uploads\/2020\/09\/Sep-26-Ability-to-perform-context-menu-operations-on-the-tree-node-1.gif\" alt=\"\" width=\"900\" \/><\/p>\n<h1>Pesquisa avan\u00e7ada sem sair do MS Outlook<\/h1>\n<p>V\u00e1 al\u00e9m da pesquisa por autor e t\u00edtulo para encontrar conte\u00fado baseado em qualquer metadados usando a pesquisa avan\u00e7ada no painel de trabalho dentro do MS Outlook.<br \/>\n<img decoding=\"async\" class=\"alignnone wp-image-521 size-large black-border\" src=\"https:\/\/docs.imanage.com\/wp-content\/uploads\/2020\/09\/Sep-27-Advanced-search-in-Work-panel-.gif\" alt=\"\" width=\"700\" \/><\/p>\n<h1><strong>Mais atalhos do teclado para uma navega\u00e7\u00e3o mais r\u00e1pida<\/strong><\/h1>\n<p><img loading=\"lazy\" decoding=\"async\" class=\"alignnone size-full wp-image-565\" src=\"https:\/\/docs.imanage.com\/wp-content\/uploads\/2020\/10\/Br_table.png\" alt=\"\" width=\"729\" height=\"393\" srcset=\"https:\/\/docs.imanage.com\/wp-content\/uploads\/2020\/10\/Br_table.png 729w, https:\/\/docs.imanage.com\/wp-content\/uploads\/2020\/10\/Br_table-300x162.png 300w\" sizes=\"auto, (max-width: 729px) 100vw, 729px\" \/><\/p>\n","protected":false},"excerpt":{"rendered":"<p>Apresentando o \u201carrastar e soltar\u201d para fluxos de trabalho eficientes Mova um ou mais atalho(s) de documentos arrastando-o(s) e soltando-o(s) entre o painel central e a \u00e1rvore. Mova atalho(s) para espa\u00e7os de trabalho do painel central para\u00a0Meus Casos\u00a0ou para a categoria desejada dentro deles na \u00e1rvore arrastando e soltando. Mova um ou mais atalho(s) de [&hellip;]<\/p>\n","protected":false},"author":4,"featured_media":0,"parent":0,"menu_order":0,"comment_status":"closed","ping_status":"closed","template":"","meta":{"_acf_changed":false,"footnotes":""},"class_list":["post-541","page","type-page","status-publish","hentry"],"translation":{"provider":"WPGlobus","version":"3.0.2","language":"br","enabled_languages":["en","de","fr","qc","jp","br","es","zh"],"languages":{"en":{"title":true,"content":true,"excerpt":false},"de":{"title":true,"content":true,"excerpt":false},"fr":{"title":true,"content":true,"excerpt":false},"qc":{"title":false,"content":false,"excerpt":false},"jp":{"title":true,"content":true,"excerpt":false},"br":{"title":true,"content":true,"excerpt":false},"es":{"title":true,"content":true,"excerpt":false},"zh":{"title":true,"content":true,"excerpt":false}}},"acf":[],"yoast_head":"<!-- This site is optimized with the Yoast SEO plugin v27.4 - https:\/\/yoast.com\/product\/yoast-seo-wordpress\/ -->\n<title>O que h\u00e1 de novo no iManage Work - Outubro de 2020 &#8211; Docs - iManage<\/title>\n<meta name=\"robots\" content=\"index, follow, max-snippet:-1, max-image-preview:large, max-video-preview:-1\" \/>\n<link rel=\"canonical\" href=\"https:\/\/docs.imanage.com\/whats-new-in-imanage-work-2020-10.html\" \/>\n<meta property=\"og:locale\" content=\"pt_BR\" \/>\n<meta property=\"og:type\" content=\"article\" \/>\n<meta property=\"og:title\" content=\"O que h\u00e1 de novo no iManage Work - Outubro de 2020 &#8211; Docs - iManage\" \/>\n<meta property=\"og:url\" content=\"https:\/\/docs.imanage.com\/whats-new-in-imanage-work-2020-10.html\" \/>\n<meta property=\"og:site_name\" content=\"Docs - iManage\" \/>\n<meta property=\"article:modified_time\" content=\"2021-08-09T16:32:23+00:00\" \/>\n<meta property=\"og:image\" content=\"https:\/\/docs.imanage.com\/work-web-help\/10.3.2\/en-US\/images\/download\/attachments\/89278760\/dnddoc_shortcuts_from_center_panel_to_tree_July_23.gif\" \/>\n<meta name=\"twitter:card\" content=\"summary_large_image\" \/>\n<meta name=\"twitter:label1\" content=\"Est. reading time\" \/>\n\t<meta name=\"twitter:data1\" content=\"11 minutes\" \/>\n<script type=\"application\/ld+json\" class=\"yoast-schema-graph\">{\"@context\":\"https:\\\/\\\/schema.org\",\"@graph\":[{\"@type\":\"WebPage\",\"@id\":\"https:\\\/\\\/docs.imanage.com\\\/whats-new-in-imanage-work-2020-10.html\",\"url\":\"https:\\\/\\\/docs.imanage.com\\\/whats-new-in-imanage-work-2020-10.html\",\"name\":\"O que h\u00e1 de novo no iManage Work - Outubro de 2020 &#8211; Docs - iManage\",\"isPartOf\":{\"@id\":\"https:\\\/\\\/docs.imanage.com\\\/#website\"},\"primaryImageOfPage\":{\"@id\":\"https:\\\/\\\/docs.imanage.com\\\/whats-new-in-imanage-work-2020-10.html#primaryimage\"},\"image\":{\"@id\":\"https:\\\/\\\/docs.imanage.com\\\/whats-new-in-imanage-work-2020-10.html#primaryimage\"},\"thumbnailUrl\":\"https:\\\/\\\/docs.imanage.com\\\/work-web-help\\\/10.3.2\\\/en-US\\\/images\\\/download\\\/attachments\\\/89278760\\\/dnddoc_shortcuts_from_center_panel_to_tree_July_23.gif\",\"datePublished\":\"2020-09-09T12:23:41+00:00\",\"dateModified\":\"2021-08-09T16:32:23+00:00\",\"breadcrumb\":{\"@id\":\"https:\\\/\\\/docs.imanage.com\\\/whats-new-in-imanage-work-2020-10.html#breadcrumb\"},\"inLanguage\":\"pt-BR\",\"potentialAction\":[{\"@type\":\"ReadAction\",\"target\":[\"https:\\\/\\\/docs.imanage.com\\\/whats-new-in-imanage-work-2020-10.html\"]}]},{\"@type\":\"ImageObject\",\"inLanguage\":\"pt-BR\",\"@id\":\"https:\\\/\\\/docs.imanage.com\\\/whats-new-in-imanage-work-2020-10.html#primaryimage\",\"url\":\"https:\\\/\\\/docs.imanage.com\\\/work-web-help\\\/10.3.2\\\/en-US\\\/images\\\/download\\\/attachments\\\/89278760\\\/dnddoc_shortcuts_from_center_panel_to_tree_July_23.gif\",\"contentUrl\":\"https:\\\/\\\/docs.imanage.com\\\/work-web-help\\\/10.3.2\\\/en-US\\\/images\\\/download\\\/attachments\\\/89278760\\\/dnddoc_shortcuts_from_center_panel_to_tree_July_23.gif\"},{\"@type\":\"BreadcrumbList\",\"@id\":\"https:\\\/\\\/docs.imanage.com\\\/whats-new-in-imanage-work-2020-10.html#breadcrumb\",\"itemListElement\":[{\"@type\":\"ListItem\",\"position\":1,\"name\":\"Home\",\"item\":\"https:\\\/\\\/docs.imanage.com\\\/\"},{\"@type\":\"ListItem\",\"position\":2,\"name\":\"What&#8217;s New in iManage Work &#8211; October 2020\"}]},{\"@type\":\"WebSite\",\"@id\":\"https:\\\/\\\/docs.imanage.com\\\/#website\",\"url\":\"https:\\\/\\\/docs.imanage.com\\\/\",\"name\":\"Docs - iManage\",\"description\":\"\",\"potentialAction\":[{\"@type\":\"SearchAction\",\"target\":{\"@type\":\"EntryPoint\",\"urlTemplate\":\"https:\\\/\\\/docs.imanage.com\\\/?s={search_term_string}\"},\"query-input\":{\"@type\":\"PropertyValueSpecification\",\"valueRequired\":true,\"valueName\":\"search_term_string\"}}],\"inLanguage\":\"pt-BR\"}]}<\/script>\n<!-- \/ Yoast SEO plugin. -->","yoast_head_json":{"title":"O que h\u00e1 de novo no iManage Work - Outubro de 2020 &#8211; Docs - iManage","robots":{"index":"index","follow":"follow","max-snippet":"max-snippet:-1","max-image-preview":"max-image-preview:large","max-video-preview":"max-video-preview:-1"},"canonical":"https:\/\/docs.imanage.com\/whats-new-in-imanage-work-2020-10.html","og_locale":"pt_BR","og_type":"article","og_title":"O que h\u00e1 de novo no iManage Work - Outubro de 2020 &#8211; Docs - iManage","og_url":"https:\/\/docs.imanage.com\/whats-new-in-imanage-work-2020-10.html","og_site_name":"Docs - iManage","article_modified_time":"2021-08-09T16:32:23+00:00","og_image":[{"url":"https:\/\/docs.imanage.com\/work-web-help\/10.3.2\/en-US\/images\/download\/attachments\/89278760\/dnddoc_shortcuts_from_center_panel_to_tree_July_23.gif","type":"","width":"","height":""}],"twitter_card":"summary_large_image","twitter_misc":{"Est. reading time":"11 minutes"},"schema":{"@context":"https:\/\/schema.org","@graph":[{"@type":"WebPage","@id":"https:\/\/docs.imanage.com\/whats-new-in-imanage-work-2020-10.html","url":"https:\/\/docs.imanage.com\/whats-new-in-imanage-work-2020-10.html","name":"O que h\u00e1 de novo no iManage Work - Outubro de 2020 &#8211; Docs - iManage","isPartOf":{"@id":"https:\/\/docs.imanage.com\/#website"},"primaryImageOfPage":{"@id":"https:\/\/docs.imanage.com\/whats-new-in-imanage-work-2020-10.html#primaryimage"},"image":{"@id":"https:\/\/docs.imanage.com\/whats-new-in-imanage-work-2020-10.html#primaryimage"},"thumbnailUrl":"https:\/\/docs.imanage.com\/work-web-help\/10.3.2\/en-US\/images\/download\/attachments\/89278760\/dnddoc_shortcuts_from_center_panel_to_tree_July_23.gif","datePublished":"2020-09-09T12:23:41+00:00","dateModified":"2021-08-09T16:32:23+00:00","breadcrumb":{"@id":"https:\/\/docs.imanage.com\/whats-new-in-imanage-work-2020-10.html#breadcrumb"},"inLanguage":"pt-BR","potentialAction":[{"@type":"ReadAction","target":["https:\/\/docs.imanage.com\/whats-new-in-imanage-work-2020-10.html"]}]},{"@type":"ImageObject","inLanguage":"pt-BR","@id":"https:\/\/docs.imanage.com\/whats-new-in-imanage-work-2020-10.html#primaryimage","url":"https:\/\/docs.imanage.com\/work-web-help\/10.3.2\/en-US\/images\/download\/attachments\/89278760\/dnddoc_shortcuts_from_center_panel_to_tree_July_23.gif","contentUrl":"https:\/\/docs.imanage.com\/work-web-help\/10.3.2\/en-US\/images\/download\/attachments\/89278760\/dnddoc_shortcuts_from_center_panel_to_tree_July_23.gif"},{"@type":"BreadcrumbList","@id":"https:\/\/docs.imanage.com\/whats-new-in-imanage-work-2020-10.html#breadcrumb","itemListElement":[{"@type":"ListItem","position":1,"name":"Home","item":"https:\/\/docs.imanage.com\/"},{"@type":"ListItem","position":2,"name":"What&#8217;s New in iManage Work &#8211; October 2020"}]},{"@type":"WebSite","@id":"https:\/\/docs.imanage.com\/#website","url":"https:\/\/docs.imanage.com\/","name":"Docs - iManage","description":"","potentialAction":[{"@type":"SearchAction","target":{"@type":"EntryPoint","urlTemplate":"https:\/\/docs.imanage.com\/?s={search_term_string}"},"query-input":{"@type":"PropertyValueSpecification","valueRequired":true,"valueName":"search_term_string"}}],"inLanguage":"pt-BR"}]}},"_links":{"self":[{"href":"https:\/\/docs.imanage.com\/br\/wp-json\/wp\/v2\/pages\/541","targetHints":{"allow":["GET"]}}],"collection":[{"href":"https:\/\/docs.imanage.com\/br\/wp-json\/wp\/v2\/pages"}],"about":[{"href":"https:\/\/docs.imanage.com\/br\/wp-json\/wp\/v2\/types\/page"}],"author":[{"embeddable":true,"href":"https:\/\/docs.imanage.com\/br\/wp-json\/wp\/v2\/users\/4"}],"replies":[{"embeddable":true,"href":"https:\/\/docs.imanage.com\/br\/wp-json\/wp\/v2\/comments?post=541"}],"version-history":[{"count":0,"href":"https:\/\/docs.imanage.com\/br\/wp-json\/wp\/v2\/pages\/541\/revisions"}],"wp:attachment":[{"href":"https:\/\/docs.imanage.com\/br\/wp-json\/wp\/v2\/media?parent=541"}],"curies":[{"name":"wp","href":"https:\/\/api.w.org\/{rel}","templated":true}]}}