{"id":548,"date":"2020-09-18T16:52:21","date_gmt":"2020-09-18T16:52:21","guid":{"rendered":"https:\/\/docs.imanage.com\/?page_id=548"},"modified":"2021-02-11T07:37:26","modified_gmt":"2021-02-11T07:37:26","slug":"whats-new-in-imanage-work-desktop-for-windows-october-2020","status":"publish","type":"page","link":"https:\/\/docs.imanage.com\/br\/whats-new-in-imanage-work-desktop-for-windows-october-2020.html","title":{"rendered":"O que h\u00e1 de novo no iManage Work Desktop for Windows"},"content":{"rendered":"<h4><strong>Build 10.3.0.38 (Fevereiro 2021)<\/strong><\/h4>\n<h1>Melhorias gerais<\/h1>\n<p>Foram adicionadas diversas melhorias para melhorar a usabilidade e o desempenho. Especificamente:<\/p>\n<ul>\n<li>Problemas relacionados a anexos de e-mails foram resolvidos.<\/li>\n<li>Problemas relacionados \u00e0 abertura de documentos usando os clientes cl\u00e1ssicos do iManage Work<\/li>\n<\/ul>\n<h4><strong>Build 10.3.0.31 (Outubro 2020)<\/strong><\/h4>\n<h1><strong>Alterar o idioma da interface do usu\u00e1rio do iManage Work Desktop para Windows<\/strong><\/h1>\n<p>Agora, voc\u00ea pode facilmente alterar o idioma de todos os componentes do iManage Work Desktop para Windows \u2014 por exemplo, a faixa de op\u00e7\u00f5es do iManage, as caixas de di\u00e1logo, o <strong>painel de trabalho<\/strong> do iManage \u2014 sem ter de alterar o idioma do seu Microsoft Windows. Agora, uma nova configura\u00e7\u00e3o do iwLocale est\u00e1 dispon\u00edvel, e permite que voc\u00ea defina o idioma da interface do usu\u00e1rio do iManage Work Desktop para Windows no Microsoft Office e Microsoft Outlook. Voc\u00ea pode configurar qualquer idioma compat\u00edvel com o iManage Work Desktop para Windows. Entre em contato com o seu administrador se precisar alterar o idioma da interface do usu\u00e1rio.<\/p>\n<p><strong>NOTA:<\/strong> Os idiomas compat\u00edveis s\u00e3o ingl\u00eas (padr\u00e3o), franc\u00eas (Fran\u00e7a), alem\u00e3o, portugu\u00eas (Brasil), espanhol, japon\u00eas e chin\u00eas simplificado.<\/p>\n<p><strong>Lan\u00e7amento anterior<\/strong>: <a href=\"https:\/\/docs.imanage.com\/work\/whats-new-in-imanage-work-desktop-for-windows-june-2020.html\">iManage Work Desktop for Windows 10.2.7<\/a><\/p>\n","protected":false},"excerpt":{"rendered":"<p>Build 10.3.0.38 (Fevereiro 2021) Melhorias gerais Foram adicionadas diversas melhorias para melhorar a usabilidade e o desempenho. Especificamente: Problemas relacionados a anexos de e-mails foram resolvidos. Problemas relacionados \u00e0 abertura de documentos usando os clientes cl\u00e1ssicos do iManage Work Build 10.3.0.31 (Outubro 2020) Alterar o idioma da interface do usu\u00e1rio do iManage Work Desktop para [&hellip;]<\/p>\n","protected":false},"author":4,"featured_media":0,"parent":0,"menu_order":0,"comment_status":"closed","ping_status":"closed","template":"","meta":{"_acf_changed":false,"footnotes":""},"class_list":["post-548","page","type-page","status-publish","hentry"],"translation":{"provider":"WPGlobus","version":"3.0.2","language":"br","enabled_languages":["en","de","fr","qc","jp","br","es","zh"],"languages":{"en":{"title":true,"content":true,"excerpt":false},"de":{"title":true,"content":true,"excerpt":false},"fr":{"title":true,"content":true,"excerpt":false},"qc":{"title":false,"content":false,"excerpt":false},"jp":{"title":true,"content":true,"excerpt":false},"br":{"title":true,"content":true,"excerpt":false},"es":{"title":true,"content":true,"excerpt":false},"zh":{"title":true,"content":true,"excerpt":false}}},"acf":[],"yoast_head":"<!-- This site is optimized with the Yoast SEO plugin v27.3 - https:\/\/yoast.com\/product\/yoast-seo-wordpress\/ -->\n<title>O que h\u00e1 de novo no iManage Work Desktop for Windows &#8211; Docs - iManage<\/title>\n<meta name=\"robots\" content=\"index, follow, max-snippet:-1, max-image-preview:large, max-video-preview:-1\" \/>\n<link rel=\"canonical\" href=\"https:\/\/docs.imanage.com\/whats-new-in-imanage-work-desktop-for-windows-october-2020.html\" \/>\n<meta property=\"og:locale\" content=\"pt_BR\" \/>\n<meta property=\"og:type\" content=\"article\" \/>\n<meta property=\"og:title\" content=\"O que h\u00e1 de novo no iManage Work Desktop for Windows &#8211; Docs - iManage\" \/>\n<meta property=\"og:url\" content=\"https:\/\/docs.imanage.com\/whats-new-in-imanage-work-desktop-for-windows-october-2020.html\" \/>\n<meta property=\"og:site_name\" content=\"Docs - iManage\" \/>\n<meta property=\"article:modified_time\" content=\"2021-02-11T07:37:26+00:00\" \/>\n<meta property=\"og:image\" content=\"https:\/\/docs.imanage.com\/wp-content\/uploads\/2020\/10\/FolderSync.gif\" \/>\n<meta name=\"twitter:card\" content=\"summary_large_image\" \/>\n<meta name=\"twitter:label1\" content=\"Est. reading time\" \/>\n\t<meta name=\"twitter:data1\" content=\"6 minutes\" \/>\n<script type=\"application\/ld+json\" class=\"yoast-schema-graph\">{\"@context\":\"https:\\\/\\\/schema.org\",\"@graph\":[{\"@type\":\"WebPage\",\"@id\":\"https:\\\/\\\/docs.imanage.com\\\/whats-new-in-imanage-work-desktop-for-windows-october-2020.html\",\"url\":\"https:\\\/\\\/docs.imanage.com\\\/whats-new-in-imanage-work-desktop-for-windows-october-2020.html\",\"name\":\"O que h\u00e1 de novo no iManage Work Desktop for Windows &#8211; Docs - iManage\",\"isPartOf\":{\"@id\":\"https:\\\/\\\/docs.imanage.com\\\/#website\"},\"primaryImageOfPage\":{\"@id\":\"https:\\\/\\\/docs.imanage.com\\\/whats-new-in-imanage-work-desktop-for-windows-october-2020.html#primaryimage\"},\"image\":{\"@id\":\"https:\\\/\\\/docs.imanage.com\\\/whats-new-in-imanage-work-desktop-for-windows-october-2020.html#primaryimage\"},\"thumbnailUrl\":\"https:\\\/\\\/docs.imanage.com\\\/wp-content\\\/uploads\\\/2020\\\/10\\\/FolderSync.gif\",\"datePublished\":\"2020-09-18T16:52:21+00:00\",\"dateModified\":\"2021-02-11T07:37:26+00:00\",\"breadcrumb\":{\"@id\":\"https:\\\/\\\/docs.imanage.com\\\/whats-new-in-imanage-work-desktop-for-windows-october-2020.html#breadcrumb\"},\"inLanguage\":\"pt-BR\",\"potentialAction\":[{\"@type\":\"ReadAction\",\"target\":[\"https:\\\/\\\/docs.imanage.com\\\/whats-new-in-imanage-work-desktop-for-windows-october-2020.html\"]}]},{\"@type\":\"ImageObject\",\"inLanguage\":\"pt-BR\",\"@id\":\"https:\\\/\\\/docs.imanage.com\\\/whats-new-in-imanage-work-desktop-for-windows-october-2020.html#primaryimage\",\"url\":\"https:\\\/\\\/docs.imanage.com\\\/wp-content\\\/uploads\\\/2020\\\/10\\\/FolderSync.gif\",\"contentUrl\":\"https:\\\/\\\/docs.imanage.com\\\/wp-content\\\/uploads\\\/2020\\\/10\\\/FolderSync.gif\"},{\"@type\":\"BreadcrumbList\",\"@id\":\"https:\\\/\\\/docs.imanage.com\\\/whats-new-in-imanage-work-desktop-for-windows-october-2020.html#breadcrumb\",\"itemListElement\":[{\"@type\":\"ListItem\",\"position\":1,\"name\":\"Home\",\"item\":\"https:\\\/\\\/docs.imanage.com\\\/\"},{\"@type\":\"ListItem\",\"position\":2,\"name\":\"What&#8217;s New in iManage Work Desktop for Windows\"}]},{\"@type\":\"WebSite\",\"@id\":\"https:\\\/\\\/docs.imanage.com\\\/#website\",\"url\":\"https:\\\/\\\/docs.imanage.com\\\/\",\"name\":\"Docs - iManage\",\"description\":\"\",\"potentialAction\":[{\"@type\":\"SearchAction\",\"target\":{\"@type\":\"EntryPoint\",\"urlTemplate\":\"https:\\\/\\\/docs.imanage.com\\\/?s={search_term_string}\"},\"query-input\":{\"@type\":\"PropertyValueSpecification\",\"valueRequired\":true,\"valueName\":\"search_term_string\"}}],\"inLanguage\":\"pt-BR\"}]}<\/script>\n<!-- \/ Yoast SEO plugin. -->","yoast_head_json":{"title":"O que h\u00e1 de novo no iManage Work Desktop for Windows &#8211; Docs - iManage","robots":{"index":"index","follow":"follow","max-snippet":"max-snippet:-1","max-image-preview":"max-image-preview:large","max-video-preview":"max-video-preview:-1"},"canonical":"https:\/\/docs.imanage.com\/whats-new-in-imanage-work-desktop-for-windows-october-2020.html","og_locale":"pt_BR","og_type":"article","og_title":"O que h\u00e1 de novo no iManage Work Desktop for Windows &#8211; Docs - iManage","og_url":"https:\/\/docs.imanage.com\/whats-new-in-imanage-work-desktop-for-windows-october-2020.html","og_site_name":"Docs - iManage","article_modified_time":"2021-02-11T07:37:26+00:00","og_image":[{"url":"https:\/\/docs.imanage.com\/wp-content\/uploads\/2020\/10\/FolderSync.gif","type":"","width":"","height":""}],"twitter_card":"summary_large_image","twitter_misc":{"Est. reading time":"6 minutes"},"schema":{"@context":"https:\/\/schema.org","@graph":[{"@type":"WebPage","@id":"https:\/\/docs.imanage.com\/whats-new-in-imanage-work-desktop-for-windows-october-2020.html","url":"https:\/\/docs.imanage.com\/whats-new-in-imanage-work-desktop-for-windows-october-2020.html","name":"O que h\u00e1 de novo no iManage Work Desktop for Windows &#8211; Docs - iManage","isPartOf":{"@id":"https:\/\/docs.imanage.com\/#website"},"primaryImageOfPage":{"@id":"https:\/\/docs.imanage.com\/whats-new-in-imanage-work-desktop-for-windows-october-2020.html#primaryimage"},"image":{"@id":"https:\/\/docs.imanage.com\/whats-new-in-imanage-work-desktop-for-windows-october-2020.html#primaryimage"},"thumbnailUrl":"https:\/\/docs.imanage.com\/wp-content\/uploads\/2020\/10\/FolderSync.gif","datePublished":"2020-09-18T16:52:21+00:00","dateModified":"2021-02-11T07:37:26+00:00","breadcrumb":{"@id":"https:\/\/docs.imanage.com\/whats-new-in-imanage-work-desktop-for-windows-october-2020.html#breadcrumb"},"inLanguage":"pt-BR","potentialAction":[{"@type":"ReadAction","target":["https:\/\/docs.imanage.com\/whats-new-in-imanage-work-desktop-for-windows-october-2020.html"]}]},{"@type":"ImageObject","inLanguage":"pt-BR","@id":"https:\/\/docs.imanage.com\/whats-new-in-imanage-work-desktop-for-windows-october-2020.html#primaryimage","url":"https:\/\/docs.imanage.com\/wp-content\/uploads\/2020\/10\/FolderSync.gif","contentUrl":"https:\/\/docs.imanage.com\/wp-content\/uploads\/2020\/10\/FolderSync.gif"},{"@type":"BreadcrumbList","@id":"https:\/\/docs.imanage.com\/whats-new-in-imanage-work-desktop-for-windows-october-2020.html#breadcrumb","itemListElement":[{"@type":"ListItem","position":1,"name":"Home","item":"https:\/\/docs.imanage.com\/"},{"@type":"ListItem","position":2,"name":"What&#8217;s New in iManage Work Desktop for Windows"}]},{"@type":"WebSite","@id":"https:\/\/docs.imanage.com\/#website","url":"https:\/\/docs.imanage.com\/","name":"Docs - iManage","description":"","potentialAction":[{"@type":"SearchAction","target":{"@type":"EntryPoint","urlTemplate":"https:\/\/docs.imanage.com\/?s={search_term_string}"},"query-input":{"@type":"PropertyValueSpecification","valueRequired":true,"valueName":"search_term_string"}}],"inLanguage":"pt-BR"}]}},"_links":{"self":[{"href":"https:\/\/docs.imanage.com\/br\/wp-json\/wp\/v2\/pages\/548","targetHints":{"allow":["GET"]}}],"collection":[{"href":"https:\/\/docs.imanage.com\/br\/wp-json\/wp\/v2\/pages"}],"about":[{"href":"https:\/\/docs.imanage.com\/br\/wp-json\/wp\/v2\/types\/page"}],"author":[{"embeddable":true,"href":"https:\/\/docs.imanage.com\/br\/wp-json\/wp\/v2\/users\/4"}],"replies":[{"embeddable":true,"href":"https:\/\/docs.imanage.com\/br\/wp-json\/wp\/v2\/comments?post=548"}],"version-history":[{"count":0,"href":"https:\/\/docs.imanage.com\/br\/wp-json\/wp\/v2\/pages\/548\/revisions"}],"wp:attachment":[{"href":"https:\/\/docs.imanage.com\/br\/wp-json\/wp\/v2\/media?parent=548"}],"curies":[{"name":"wp","href":"https:\/\/api.w.org\/{rel}","templated":true}]}}