{"id":571,"date":"2020-11-04T20:13:37","date_gmt":"2020-11-04T20:13:37","guid":{"rendered":"https:\/\/docs.imanage.com\/?page_id=571"},"modified":"2021-08-09T16:19:25","modified_gmt":"2021-08-09T16:19:25","slug":"whats-new-in-imanage-work-2021-02","status":"publish","type":"page","link":"https:\/\/docs.imanage.com\/br\/whats-new-in-imanage-work-2021-02.html","title":{"rendered":"O que h\u00e1 de novo no iManage Work?"},"content":{"rendered":"<h4>Fevereiro de 2021<\/h4>\n<h1><strong>Veja rapidamente o status de seguran\u00e7a de uma pasta<\/strong><\/h1>\n<p>N\u00e3o \u00e9 mais necess\u00e1rio acessar as propriedades da pasta para ver a seguran\u00e7a desta. Agora tem um novo \u00edcone de sobreposi\u00e7\u00e3o de chave <img loading=\"lazy\" decoding=\"async\" class=\"alignnone wp-image-576\" src=\"https:\/\/docs.imanage.com\/wp-content\/uploads\/2020\/12\/key-overlay-icon.png\" alt=\"\" width=\"34\" height=\"28\" \/> que \u00e9 exibido nas pastas que n\u00e3o herdaram a seguran\u00e7a da pasta pai.<br \/>\n<img decoding=\"async\" class=\"alignnone wp-image-521 size-large black-border\" src=\"https:\/\/docs.imanage.com\/work-web-help\/10.3.3\/en-US\/images\/download\/attachments\/99821371\/Updation_of_folder_security_for_Folder_or_Tab_or_Category.gif\" alt=\"\" width=\"900\" \/><\/p>\n<h1>Adicione um documento a Meus Favoritos\u00a0diretamente\u00a0da sua pr\u00e9-visualiza\u00e7\u00e3o<\/h1>\n<p>Pretende pr\u00e9-visualizar um documento e precisa adicion\u00e1-lo aos Meus Favoritos para encontr\u00e1-lo mais tarde? Apenas selecione a nova op\u00e7\u00e3o\u00a0<strong>Adicionar aos Meus Favoritos<\/strong>\u00a0na barra de ferramentas da pr\u00e9-visualiza\u00e7\u00e3o.<br \/>\n<img loading=\"lazy\" decoding=\"async\" class=\"alignnone size-large wp-image-594 black-border\" src=\"https:\/\/docs.imanage.com\/wp-content\/uploads\/2021\/02\/Adding-a-document-to-My-Fav-in-preview-mode-1024x352.png\" alt=\"\" width=\"525\" height=\"180\" srcset=\"https:\/\/docs.imanage.com\/wp-content\/uploads\/2021\/02\/Adding-a-document-to-My-Fav-in-preview-mode-1024x352.png 1024w, https:\/\/docs.imanage.com\/wp-content\/uploads\/2021\/02\/Adding-a-document-to-My-Fav-in-preview-mode-300x103.png 300w, https:\/\/docs.imanage.com\/wp-content\/uploads\/2021\/02\/Adding-a-document-to-My-Fav-in-preview-mode-768x264.png 768w, https:\/\/docs.imanage.com\/wp-content\/uploads\/2021\/02\/Adding-a-document-to-My-Fav-in-preview-mode.png 1338w\" sizes=\"auto, (max-width: 525px) 100vw, 525px\" \/><\/p>\n<h1>Expanda ou recolha a navega\u00e7\u00e3o lateral, o que voc\u00ea preferir!<\/h1>\n<p>Precisa de mais espa\u00e7o na sua tela para visualizar mais informa\u00e7\u00f5es? O atalho de teclado da barra invertida, ou a op\u00e7\u00e3o do menu de hamb\u00farguer <img loading=\"lazy\" decoding=\"async\" class=\"alignnone wp-image-577\" src=\"https:\/\/docs.imanage.com\/wp-content\/uploads\/2020\/12\/hamburger-menu.png\" alt=\"\" width=\"34\" height=\"32\" \/> no canto superior esquerdo ajuda voc\u00ea a expandir ou recolher a navega\u00e7\u00e3o lateral e criar mais espa\u00e7o.<\/p>\n<h1>A exporta\u00e7\u00e3o de metadados facilita o compartilhamento<\/h1>\n<p>O <strong>recurso de<\/strong> exporta\u00e7\u00e3o\u00a0permite que voc\u00ea exporte metadados de itens (basicamente, os valores da coluna configurada nas configura\u00e7\u00f5es da Exibi\u00e7\u00e3o em grade) na exibi\u00e7\u00e3o em grade como um relat\u00f3rio\u00a0.csv.<\/p>\n<p><img decoding=\"async\" class=\"alignnone wp-image-521 size-large black-border\" src=\"https:\/\/docs.imanage.com\/work-web-help\/10.3.3\/en-US\/images\/download\/attachments\/99821407\/Exporting_metadata_from_the_grid_view.gif\" alt=\"\" width=\"900\" \/><\/p>\n<h1>Fa\u00e7a mais com documentos do MS Office usando a op\u00e7\u00e3o Abrir como Somente leitura<\/h1>\n<p>A nova op\u00e7\u00e3o\u00a0<strong>Abrir como Somente leitura<\/strong> \u00e9 acessada com um clique com o bot\u00e3o direito no menu de contexto\/menu de tr\u00eas pontos, e permite executar opera\u00e7\u00f5es como Imprimir, Salvar como novo documento\u00a0e mais, sem precisar de fato fazer check out do documento.<\/p>\n<p><img loading=\"lazy\" decoding=\"async\" class=\"black-border alignnone wp-image-595\" src=\"https:\/\/docs.imanage.com\/wp-content\/uploads\/2021\/02\/Red-only-in-MS-office.png\" alt=\"\" width=\"200\" height=\"372\" srcset=\"https:\/\/docs.imanage.com\/wp-content\/uploads\/2021\/02\/Red-only-in-MS-office.png 394w, https:\/\/docs.imanage.com\/wp-content\/uploads\/2021\/02\/Red-only-in-MS-office-161x300.png 161w\" sizes=\"auto, (max-width: 200px) 100vw, 200px\" \/><\/p>\n","protected":false},"excerpt":{"rendered":"<p>Fevereiro de 2021 Veja rapidamente o status de seguran\u00e7a de uma pasta N\u00e3o \u00e9 mais necess\u00e1rio acessar as propriedades da pasta para ver a seguran\u00e7a desta. Agora tem um novo \u00edcone de sobreposi\u00e7\u00e3o de chave que \u00e9 exibido nas pastas que n\u00e3o herdaram a seguran\u00e7a da pasta pai. Adicione um documento a Meus Favoritos\u00a0diretamente\u00a0da sua [&hellip;]<\/p>\n","protected":false},"author":4,"featured_media":0,"parent":0,"menu_order":0,"comment_status":"closed","ping_status":"closed","template":"","meta":{"_acf_changed":false,"footnotes":""},"class_list":["post-571","page","type-page","status-publish","hentry"],"translation":{"provider":"WPGlobus","version":"3.0.2","language":"br","enabled_languages":["en","de","fr","qc","jp","br","es","zh"],"languages":{"en":{"title":true,"content":true,"excerpt":false},"de":{"title":true,"content":true,"excerpt":false},"fr":{"title":true,"content":true,"excerpt":false},"qc":{"title":false,"content":false,"excerpt":false},"jp":{"title":true,"content":true,"excerpt":false},"br":{"title":true,"content":true,"excerpt":false},"es":{"title":true,"content":true,"excerpt":false},"zh":{"title":true,"content":true,"excerpt":false}}},"acf":[],"yoast_head":"<!-- This site is optimized with the Yoast SEO plugin v27.4 - https:\/\/yoast.com\/product\/yoast-seo-wordpress\/ -->\n<title>O que h\u00e1 de novo no iManage Work? &#8211; Docs - iManage<\/title>\n<meta name=\"robots\" content=\"index, follow, max-snippet:-1, max-image-preview:large, max-video-preview:-1\" \/>\n<link rel=\"canonical\" href=\"https:\/\/docs.imanage.com\/zh\/whats-new-in-imanage-work-2021-02.html\" \/>\n<meta property=\"og:locale\" content=\"pt_BR\" \/>\n<meta property=\"og:type\" content=\"article\" \/>\n<meta property=\"og:title\" content=\"O que h\u00e1 de novo no iManage Work? &#8211; Docs - iManage\" \/>\n<meta property=\"og:url\" content=\"https:\/\/docs.imanage.com\/zh\/whats-new-in-imanage-work-2021-02.html\" \/>\n<meta property=\"og:site_name\" content=\"Docs - iManage\" \/>\n<meta property=\"article:modified_time\" content=\"2021-08-09T16:19:25+00:00\" \/>\n<meta property=\"og:image\" content=\"https:\/\/docs.imanage.com\/wp-content\/uploads\/2020\/12\/key-overlay-icon.png\" \/>\n<meta name=\"twitter:card\" content=\"summary_large_image\" \/>\n<meta name=\"twitter:label1\" content=\"Est. reading time\" \/>\n\t<meta name=\"twitter:data1\" content=\"6 minutes\" \/>\n<script type=\"application\/ld+json\" class=\"yoast-schema-graph\">{\"@context\":\"https:\\\/\\\/schema.org\",\"@graph\":[{\"@type\":\"WebPage\",\"@id\":\"https:\\\/\\\/docs.imanage.com\\\/zh\\\/whats-new-in-imanage-work-2021-02.html\",\"url\":\"https:\\\/\\\/docs.imanage.com\\\/zh\\\/whats-new-in-imanage-work-2021-02.html\",\"name\":\"O que h\u00e1 de novo no iManage Work? &#8211; Docs - iManage\",\"isPartOf\":{\"@id\":\"https:\\\/\\\/docs.imanage.com\\\/#website\"},\"primaryImageOfPage\":{\"@id\":\"https:\\\/\\\/docs.imanage.com\\\/zh\\\/whats-new-in-imanage-work-2021-02.html#primaryimage\"},\"image\":{\"@id\":\"https:\\\/\\\/docs.imanage.com\\\/zh\\\/whats-new-in-imanage-work-2021-02.html#primaryimage\"},\"thumbnailUrl\":\"https:\\\/\\\/docs.imanage.com\\\/wp-content\\\/uploads\\\/2020\\\/12\\\/key-overlay-icon.png\",\"datePublished\":\"2020-11-04T20:13:37+00:00\",\"dateModified\":\"2021-08-09T16:19:25+00:00\",\"breadcrumb\":{\"@id\":\"https:\\\/\\\/docs.imanage.com\\\/zh\\\/whats-new-in-imanage-work-2021-02.html#breadcrumb\"},\"inLanguage\":\"pt-BR\",\"potentialAction\":[{\"@type\":\"ReadAction\",\"target\":[\"https:\\\/\\\/docs.imanage.com\\\/zh\\\/whats-new-in-imanage-work-2021-02.html\"]}]},{\"@type\":\"ImageObject\",\"inLanguage\":\"pt-BR\",\"@id\":\"https:\\\/\\\/docs.imanage.com\\\/zh\\\/whats-new-in-imanage-work-2021-02.html#primaryimage\",\"url\":\"https:\\\/\\\/docs.imanage.com\\\/wp-content\\\/uploads\\\/2020\\\/12\\\/key-overlay-icon.png\",\"contentUrl\":\"https:\\\/\\\/docs.imanage.com\\\/wp-content\\\/uploads\\\/2020\\\/12\\\/key-overlay-icon.png\"},{\"@type\":\"BreadcrumbList\",\"@id\":\"https:\\\/\\\/docs.imanage.com\\\/zh\\\/whats-new-in-imanage-work-2021-02.html#breadcrumb\",\"itemListElement\":[{\"@type\":\"ListItem\",\"position\":1,\"name\":\"Home\",\"item\":\"https:\\\/\\\/docs.imanage.com\\\/\"},{\"@type\":\"ListItem\",\"position\":2,\"name\":\"iManage Work \u65b0\u589e\u529f\u80fd\"}]},{\"@type\":\"WebSite\",\"@id\":\"https:\\\/\\\/docs.imanage.com\\\/#website\",\"url\":\"https:\\\/\\\/docs.imanage.com\\\/\",\"name\":\"Docs - iManage\",\"description\":\"\",\"potentialAction\":[{\"@type\":\"SearchAction\",\"target\":{\"@type\":\"EntryPoint\",\"urlTemplate\":\"https:\\\/\\\/docs.imanage.com\\\/?s={search_term_string}\"},\"query-input\":{\"@type\":\"PropertyValueSpecification\",\"valueRequired\":true,\"valueName\":\"search_term_string\"}}],\"inLanguage\":\"pt-BR\"}]}<\/script>\n<!-- \/ Yoast SEO plugin. -->","yoast_head_json":{"title":"O que h\u00e1 de novo no iManage Work? &#8211; Docs - iManage","robots":{"index":"index","follow":"follow","max-snippet":"max-snippet:-1","max-image-preview":"max-image-preview:large","max-video-preview":"max-video-preview:-1"},"canonical":"https:\/\/docs.imanage.com\/zh\/whats-new-in-imanage-work-2021-02.html","og_locale":"pt_BR","og_type":"article","og_title":"O que h\u00e1 de novo no iManage Work? &#8211; Docs - iManage","og_url":"https:\/\/docs.imanage.com\/zh\/whats-new-in-imanage-work-2021-02.html","og_site_name":"Docs - iManage","article_modified_time":"2021-08-09T16:19:25+00:00","og_image":[{"url":"https:\/\/docs.imanage.com\/wp-content\/uploads\/2020\/12\/key-overlay-icon.png","type":"","width":"","height":""}],"twitter_card":"summary_large_image","twitter_misc":{"Est. reading time":"6 minutes"},"schema":{"@context":"https:\/\/schema.org","@graph":[{"@type":"WebPage","@id":"https:\/\/docs.imanage.com\/zh\/whats-new-in-imanage-work-2021-02.html","url":"https:\/\/docs.imanage.com\/zh\/whats-new-in-imanage-work-2021-02.html","name":"O que h\u00e1 de novo no iManage Work? &#8211; Docs - iManage","isPartOf":{"@id":"https:\/\/docs.imanage.com\/#website"},"primaryImageOfPage":{"@id":"https:\/\/docs.imanage.com\/zh\/whats-new-in-imanage-work-2021-02.html#primaryimage"},"image":{"@id":"https:\/\/docs.imanage.com\/zh\/whats-new-in-imanage-work-2021-02.html#primaryimage"},"thumbnailUrl":"https:\/\/docs.imanage.com\/wp-content\/uploads\/2020\/12\/key-overlay-icon.png","datePublished":"2020-11-04T20:13:37+00:00","dateModified":"2021-08-09T16:19:25+00:00","breadcrumb":{"@id":"https:\/\/docs.imanage.com\/zh\/whats-new-in-imanage-work-2021-02.html#breadcrumb"},"inLanguage":"pt-BR","potentialAction":[{"@type":"ReadAction","target":["https:\/\/docs.imanage.com\/zh\/whats-new-in-imanage-work-2021-02.html"]}]},{"@type":"ImageObject","inLanguage":"pt-BR","@id":"https:\/\/docs.imanage.com\/zh\/whats-new-in-imanage-work-2021-02.html#primaryimage","url":"https:\/\/docs.imanage.com\/wp-content\/uploads\/2020\/12\/key-overlay-icon.png","contentUrl":"https:\/\/docs.imanage.com\/wp-content\/uploads\/2020\/12\/key-overlay-icon.png"},{"@type":"BreadcrumbList","@id":"https:\/\/docs.imanage.com\/zh\/whats-new-in-imanage-work-2021-02.html#breadcrumb","itemListElement":[{"@type":"ListItem","position":1,"name":"Home","item":"https:\/\/docs.imanage.com\/"},{"@type":"ListItem","position":2,"name":"iManage Work \u65b0\u589e\u529f\u80fd"}]},{"@type":"WebSite","@id":"https:\/\/docs.imanage.com\/#website","url":"https:\/\/docs.imanage.com\/","name":"Docs - iManage","description":"","potentialAction":[{"@type":"SearchAction","target":{"@type":"EntryPoint","urlTemplate":"https:\/\/docs.imanage.com\/?s={search_term_string}"},"query-input":{"@type":"PropertyValueSpecification","valueRequired":true,"valueName":"search_term_string"}}],"inLanguage":"pt-BR"}]}},"_links":{"self":[{"href":"https:\/\/docs.imanage.com\/br\/wp-json\/wp\/v2\/pages\/571","targetHints":{"allow":["GET"]}}],"collection":[{"href":"https:\/\/docs.imanage.com\/br\/wp-json\/wp\/v2\/pages"}],"about":[{"href":"https:\/\/docs.imanage.com\/br\/wp-json\/wp\/v2\/types\/page"}],"author":[{"embeddable":true,"href":"https:\/\/docs.imanage.com\/br\/wp-json\/wp\/v2\/users\/4"}],"replies":[{"embeddable":true,"href":"https:\/\/docs.imanage.com\/br\/wp-json\/wp\/v2\/comments?post=571"}],"version-history":[{"count":0,"href":"https:\/\/docs.imanage.com\/br\/wp-json\/wp\/v2\/pages\/571\/revisions"}],"wp:attachment":[{"href":"https:\/\/docs.imanage.com\/br\/wp-json\/wp\/v2\/media?parent=571"}],"curies":[{"name":"wp","href":"https:\/\/api.w.org\/{rel}","templated":true}]}}