{"id":579,"date":"2021-01-08T07:12:30","date_gmt":"2021-01-08T07:12:30","guid":{"rendered":"https:\/\/docs.imanage.com\/?page_id=579"},"modified":"2021-03-01T16:02:05","modified_gmt":"2021-03-01T16:02:05","slug":"whats-new-in-imanage-wdw-02-2021","status":"publish","type":"page","link":"https:\/\/docs.imanage.com\/br\/work\/whats-new-in-imanage-wdw-02-2021.html","title":{"rendered":"O que h\u00e1 de novo no iManage Work Desktop for Windows"},"content":{"rendered":"<h4>\u00a0Build: 10.4.0.45 (Mar\u00e7o de 2021)<\/h4>\n<h1>Melhorias no gerenciamento de e-mails para o Microsoft Outlook<\/h1>\n<h3><strong>Arquivar e-mails a partir de caixas de correio compartilhadas no Microsoft Outlook<\/strong><\/h3>\n<p>Se voc\u00ea e seus colegas estiverem usando caixas de correio compartilhadas no Microsoft Outlook dentro da sua organiza\u00e7\u00e3o, voc\u00ea agora pode conectar as suas pastas de caixa de correio compartilhada a uma pasta adequada do iManage Work e garantir que todos os seus e-mails sejam arquivados no iManage Work. Ao conectar as pastas da caixa de correio compartilhada, voc\u00ea estar\u00e1 arquivando e-mails em nome de outros usu\u00e1rios da caixa de correio compartilhada.<\/p>\n<p><img loading=\"lazy\" decoding=\"async\" class=\"alignnone wp-image-587\" src=\"https:\/\/docs.imanage.com\/wp-content\/uploads\/2021\/01\/GIF_1-1.gif\" alt=\"\" width=\"1000\" height=\"454\" \/><\/p>\n<h3><strong>Distinga m\u00faltiplos links de NRL com facilidade<\/strong><\/h3>\n<p>Em vers\u00f5es anteriores, para se trabalhar em um documento era preciso abrir todos os links de NRL para identificar o documento necess\u00e1rio. A partir desta vers\u00e3o, isso n\u00e3o \u00e9 mais necess\u00e1rio. Voc\u00ea agora pode imediatamente visualizar informa\u00e7\u00f5es relacionadas a links de NRL, tais como vers\u00e3o e tipo do documento, sem ter que abri-los. Isso facilita a distin\u00e7\u00e3o, especialmente quando h\u00e1 diversos links de NRL, pois agora voc\u00ea sempre sabe qual o link correto para abrir. Para obter mais informa\u00e7\u00f5es sobre como configurar os links de NRL, entre em contato com o seu administrador.<\/p>\n<p><img loading=\"lazy\" decoding=\"async\" class=\"alignnone wp-image-591\" src=\"https:\/\/docs.imanage.com\/wp-content\/uploads\/2021\/02\/wdw_latest_01-1.png\" alt=\"\" width=\"1000\" height=\"301\" srcset=\"https:\/\/docs.imanage.com\/wp-content\/uploads\/2021\/02\/wdw_latest_01-1.png 1425w, https:\/\/docs.imanage.com\/wp-content\/uploads\/2021\/02\/wdw_latest_01-1-300x90.png 300w, https:\/\/docs.imanage.com\/wp-content\/uploads\/2021\/02\/wdw_latest_01-1-1024x308.png 1024w, https:\/\/docs.imanage.com\/wp-content\/uploads\/2021\/02\/wdw_latest_01-1-768x231.png 768w\" sizes=\"auto, (max-width: 1000px) 100vw, 1000px\" \/><\/p>\n<h3><strong>Aprimore casos de uso de arquivamento de e-mails com op\u00e7\u00f5es personalizadas<\/strong><\/h3>\n<p>O iManage Work Desktop for Windows agora inclui bot\u00f5es personalizados na barra de ferramentas de gerenciamento de e-mail para auxiliar no arquivamento de e-mails. Voc\u00ea pode usar esses bot\u00f5es personalizados para expandir os casos de uso comercial de gerenciamento principal de e-mails \u2014 por exemplo, solicitar que um usu\u00e1rio insira coment\u00e1rios ao arquivar e-mails. Para obter mais informa\u00e7\u00f5es sobre os bot\u00f5es personalizados, entre em contato com o seu administrador.<\/p>\n<h1>O que h\u00e1 de novo no iManage Drive<\/h1>\n<p><strong>Build: 10.4.1 (mar\u00e7o de 2021)<\/strong><\/p>\n<h3>Suporte de idiomas<\/h3>\n<p>Use o iManage Drive no seu idioma nativo\/de prefer\u00eancia! O aplicativo agora est\u00e1 dispon\u00edvel nos mesmos idiomas suportados pelo iManage Work, que s\u00e3o:<\/p>\n<ul>\n<li>Ingl\u00eas (EUA)<\/li>\n<li>Franc\u00eas (Fran\u00e7a)<\/li>\n<li>Alem\u00e3o (Alemanha)<\/li>\n<li>Portugu\u00eas (Brasileiro)<\/li>\n<li>Espanhol (Espanha)<\/li>\n<li>Chin\u00eas (China)<\/li>\n<li>Japon\u00eas (Jap\u00e3o)<\/li>\n<\/ul>\n<p><img loading=\"lazy\" decoding=\"async\" class=\"alignnone wp-image-597\" src=\"https:\/\/docs.imanage.com\/wp-content\/uploads\/2021\/02\/WinLang.gif\" alt=\"\" width=\"1000\" height=\"625\" \/><\/p>\n<h3>Suporte de legendas personalizadas<\/h3>\n<p>O iManage Drive agora \u00e9 compat\u00edvel com legendas personalizadas no iManage Work para alterar etiquetas da interface do usu\u00e1rio (UI) no iManage Drive, tais como Assuntos, Meu trabalho, Documentos, entre outros. Por exemplo, se o administrador do seu iManage Work nomear Assuntos como <em>Espa\u00e7os de trabalho<\/em>, o mesmo ir\u00e1 acontecer na UI do iManage Drive. J\u00e1 que as etiquetas s\u00e3o traduzidas para conjuntos de idiomas para cada um dos idiomas suportados, eles s\u00e3o exibidos no idioma selecionado ao usar o iManage Drive para fazer login no iManage Work.<\/p>\n<h3>iManage Drive dispon\u00edvel para macOS<\/h3>\n<p>O lan\u00e7amento do iManage Drive para Mac 10.4.1 General Availability (GA) garante que agora voc\u00ea pode acessar e atualizar o conte\u00fado do iManage Work usando o seu Mac. O aplicativo funcionar no macOS\u00a0Catalina 10.15.6 ou Big Sur e permite acesso ao conte\u00fado do iManage rapidamente a partir da sua janela do Finder\u00a0e\u00a0o menu do iManage Drive na barra de menus do seu Mac.<\/p>\n<p><img loading=\"lazy\" decoding=\"async\" class=\"alignnone wp-image-598\" src=\"https:\/\/docs.imanage.com\/wp-content\/uploads\/2021\/02\/DriveMac.gif\" alt=\"\" width=\"1000\" height=\"625\" \/><\/p>\n<h3>Capacidade de compartilhar links do iManage<\/h3>\n<p>Clique com o bot\u00e3o direito em qualquer conte\u00fado (assuntos, arquivos e pastas) na sua unidade mapeada que deseja compartilhar com outros usu\u00e1rios do iManage Work, selecione\u00a0<strong>Copiar link<\/strong> e cole-o em um e-mail ou qualquer canal de comunica\u00e7\u00e3o que utilize. Quando o destinat\u00e1rio selecionar o link, o conte\u00fado abrir\u00e1 no iManage Work.<\/p>\n<p><img loading=\"lazy\" decoding=\"async\" class=\"alignnone wp-image-599\" src=\"https:\/\/docs.imanage.com\/wp-content\/uploads\/2021\/02\/WinCopyLink.gif\" alt=\"\" width=\"1000\" height=\"625\" \/><\/p>\n<p><strong>Lan\u00e7amento anterior<\/strong>: <a href=\"https:\/\/docs.imanage.com\/br\/whats-new-in-imanage-work-desktop-for-windows-october-2020.html\">iManage Desktop for Windows \u2013 10.3.0<\/a><\/p>\n","protected":false},"excerpt":{"rendered":"<p>\u00a0Build: 10.4.0.45 (Mar\u00e7o de 2021) Melhorias no gerenciamento de e-mails para o Microsoft Outlook Arquivar e-mails a partir de caixas de correio compartilhadas no Microsoft Outlook Se voc\u00ea e seus colegas estiverem usando caixas de correio compartilhadas no Microsoft Outlook dentro da sua organiza\u00e7\u00e3o, voc\u00ea agora pode conectar as suas pastas de caixa de correio [&hellip;]<\/p>\n","protected":false},"author":4,"featured_media":0,"parent":146,"menu_order":0,"comment_status":"closed","ping_status":"closed","template":"","meta":{"_acf_changed":false,"footnotes":""},"class_list":["post-579","page","type-page","status-publish","hentry"],"translation":{"provider":"WPGlobus","version":"3.0.2","language":"br","enabled_languages":["en","de","fr","qc","jp","br","es","zh"],"languages":{"en":{"title":true,"content":true,"excerpt":false},"de":{"title":true,"content":true,"excerpt":false},"fr":{"title":true,"content":true,"excerpt":false},"qc":{"title":false,"content":false,"excerpt":false},"jp":{"title":true,"content":true,"excerpt":false},"br":{"title":true,"content":true,"excerpt":false},"es":{"title":true,"content":true,"excerpt":false},"zh":{"title":true,"content":true,"excerpt":false}}},"acf":[],"yoast_head":"<!-- This site is optimized with the Yoast SEO plugin v27.3 - https:\/\/yoast.com\/product\/yoast-seo-wordpress\/ -->\n<title>O que h\u00e1 de novo no iManage Work Desktop for Windows &#8211; Docs - iManage<\/title>\n<meta name=\"robots\" content=\"index, follow, max-snippet:-1, max-image-preview:large, max-video-preview:-1\" \/>\n<link rel=\"canonical\" href=\"https:\/\/docs.imanage.com\/br\/work\/whats-new-in-imanage-wdw-02-2021.html\" \/>\n<meta property=\"og:locale\" content=\"pt_BR\" \/>\n<meta property=\"og:type\" content=\"article\" \/>\n<meta property=\"og:title\" content=\"O que h\u00e1 de novo no iManage Work Desktop for Windows &#8211; Docs - iManage\" \/>\n<meta property=\"og:url\" content=\"https:\/\/docs.imanage.com\/br\/work\/whats-new-in-imanage-wdw-02-2021.html\" \/>\n<meta property=\"og:site_name\" content=\"Docs - iManage\" \/>\n<meta property=\"article:modified_time\" content=\"2021-03-01T16:02:05+00:00\" \/>\n<meta property=\"og:image\" content=\"https:\/\/docs.imanage.com\/wp-content\/uploads\/2021\/01\/GIF_1-1.gif\" \/>\n<meta name=\"twitter:card\" content=\"summary_large_image\" \/>\n<meta name=\"twitter:label1\" content=\"Est. reading time\" \/>\n\t<meta name=\"twitter:data1\" content=\"15 minutes\" \/>\n<script type=\"application\/ld+json\" class=\"yoast-schema-graph\">{\"@context\":\"https:\\\/\\\/schema.org\",\"@graph\":[{\"@type\":\"WebPage\",\"@id\":\"https:\\\/\\\/docs.imanage.com\\\/br\\\/work\\\/whats-new-in-imanage-wdw-02-2021.html\",\"url\":\"https:\\\/\\\/docs.imanage.com\\\/br\\\/work\\\/whats-new-in-imanage-wdw-02-2021.html\",\"name\":\"O que h\u00e1 de novo no iManage Work Desktop for Windows &#8211; Docs - iManage\",\"isPartOf\":{\"@id\":\"https:\\\/\\\/docs.imanage.com\\\/#website\"},\"primaryImageOfPage\":{\"@id\":\"https:\\\/\\\/docs.imanage.com\\\/br\\\/work\\\/whats-new-in-imanage-wdw-02-2021.html#primaryimage\"},\"image\":{\"@id\":\"https:\\\/\\\/docs.imanage.com\\\/br\\\/work\\\/whats-new-in-imanage-wdw-02-2021.html#primaryimage\"},\"thumbnailUrl\":\"https:\\\/\\\/docs.imanage.com\\\/wp-content\\\/uploads\\\/2021\\\/01\\\/GIF_1-1.gif\",\"datePublished\":\"2021-01-08T07:12:30+00:00\",\"dateModified\":\"2021-03-01T16:02:05+00:00\",\"breadcrumb\":{\"@id\":\"https:\\\/\\\/docs.imanage.com\\\/br\\\/work\\\/whats-new-in-imanage-wdw-02-2021.html#breadcrumb\"},\"inLanguage\":\"pt-BR\",\"potentialAction\":[{\"@type\":\"ReadAction\",\"target\":[\"https:\\\/\\\/docs.imanage.com\\\/br\\\/work\\\/whats-new-in-imanage-wdw-02-2021.html\"]}]},{\"@type\":\"ImageObject\",\"inLanguage\":\"pt-BR\",\"@id\":\"https:\\\/\\\/docs.imanage.com\\\/br\\\/work\\\/whats-new-in-imanage-wdw-02-2021.html#primaryimage\",\"url\":\"https:\\\/\\\/docs.imanage.com\\\/wp-content\\\/uploads\\\/2021\\\/01\\\/GIF_1-1.gif\",\"contentUrl\":\"https:\\\/\\\/docs.imanage.com\\\/wp-content\\\/uploads\\\/2021\\\/01\\\/GIF_1-1.gif\"},{\"@type\":\"BreadcrumbList\",\"@id\":\"https:\\\/\\\/docs.imanage.com\\\/br\\\/work\\\/whats-new-in-imanage-wdw-02-2021.html#breadcrumb\",\"itemListElement\":[{\"@type\":\"ListItem\",\"position\":1,\"name\":\"Home\",\"item\":\"https:\\\/\\\/docs.imanage.com\\\/\"},{\"@type\":\"ListItem\",\"position\":2,\"name\":\"Work\",\"item\":\"https:\\\/\\\/docs.imanage.com\\\/work.html\"},{\"@type\":\"ListItem\",\"position\":3,\"name\":\"O que h\u00e1 de novo no iManage Work Desktop for Windows\"}]},{\"@type\":\"WebSite\",\"@id\":\"https:\\\/\\\/docs.imanage.com\\\/#website\",\"url\":\"https:\\\/\\\/docs.imanage.com\\\/\",\"name\":\"Docs - iManage\",\"description\":\"\",\"potentialAction\":[{\"@type\":\"SearchAction\",\"target\":{\"@type\":\"EntryPoint\",\"urlTemplate\":\"https:\\\/\\\/docs.imanage.com\\\/?s={search_term_string}\"},\"query-input\":{\"@type\":\"PropertyValueSpecification\",\"valueRequired\":true,\"valueName\":\"search_term_string\"}}],\"inLanguage\":\"pt-BR\"}]}<\/script>\n<!-- \/ Yoast SEO plugin. -->","yoast_head_json":{"title":"O que h\u00e1 de novo no iManage Work Desktop for Windows &#8211; Docs - iManage","robots":{"index":"index","follow":"follow","max-snippet":"max-snippet:-1","max-image-preview":"max-image-preview:large","max-video-preview":"max-video-preview:-1"},"canonical":"https:\/\/docs.imanage.com\/br\/work\/whats-new-in-imanage-wdw-02-2021.html","og_locale":"pt_BR","og_type":"article","og_title":"O que h\u00e1 de novo no iManage Work Desktop for Windows &#8211; Docs - iManage","og_url":"https:\/\/docs.imanage.com\/br\/work\/whats-new-in-imanage-wdw-02-2021.html","og_site_name":"Docs - iManage","article_modified_time":"2021-03-01T16:02:05+00:00","og_image":[{"url":"https:\/\/docs.imanage.com\/wp-content\/uploads\/2021\/01\/GIF_1-1.gif","type":"","width":"","height":""}],"twitter_card":"summary_large_image","twitter_misc":{"Est. reading time":"15 minutes"},"schema":{"@context":"https:\/\/schema.org","@graph":[{"@type":"WebPage","@id":"https:\/\/docs.imanage.com\/br\/work\/whats-new-in-imanage-wdw-02-2021.html","url":"https:\/\/docs.imanage.com\/br\/work\/whats-new-in-imanage-wdw-02-2021.html","name":"O que h\u00e1 de novo no iManage Work Desktop for Windows &#8211; Docs - iManage","isPartOf":{"@id":"https:\/\/docs.imanage.com\/#website"},"primaryImageOfPage":{"@id":"https:\/\/docs.imanage.com\/br\/work\/whats-new-in-imanage-wdw-02-2021.html#primaryimage"},"image":{"@id":"https:\/\/docs.imanage.com\/br\/work\/whats-new-in-imanage-wdw-02-2021.html#primaryimage"},"thumbnailUrl":"https:\/\/docs.imanage.com\/wp-content\/uploads\/2021\/01\/GIF_1-1.gif","datePublished":"2021-01-08T07:12:30+00:00","dateModified":"2021-03-01T16:02:05+00:00","breadcrumb":{"@id":"https:\/\/docs.imanage.com\/br\/work\/whats-new-in-imanage-wdw-02-2021.html#breadcrumb"},"inLanguage":"pt-BR","potentialAction":[{"@type":"ReadAction","target":["https:\/\/docs.imanage.com\/br\/work\/whats-new-in-imanage-wdw-02-2021.html"]}]},{"@type":"ImageObject","inLanguage":"pt-BR","@id":"https:\/\/docs.imanage.com\/br\/work\/whats-new-in-imanage-wdw-02-2021.html#primaryimage","url":"https:\/\/docs.imanage.com\/wp-content\/uploads\/2021\/01\/GIF_1-1.gif","contentUrl":"https:\/\/docs.imanage.com\/wp-content\/uploads\/2021\/01\/GIF_1-1.gif"},{"@type":"BreadcrumbList","@id":"https:\/\/docs.imanage.com\/br\/work\/whats-new-in-imanage-wdw-02-2021.html#breadcrumb","itemListElement":[{"@type":"ListItem","position":1,"name":"Home","item":"https:\/\/docs.imanage.com\/"},{"@type":"ListItem","position":2,"name":"Work","item":"https:\/\/docs.imanage.com\/work.html"},{"@type":"ListItem","position":3,"name":"O que h\u00e1 de novo no iManage Work Desktop for Windows"}]},{"@type":"WebSite","@id":"https:\/\/docs.imanage.com\/#website","url":"https:\/\/docs.imanage.com\/","name":"Docs - iManage","description":"","potentialAction":[{"@type":"SearchAction","target":{"@type":"EntryPoint","urlTemplate":"https:\/\/docs.imanage.com\/?s={search_term_string}"},"query-input":{"@type":"PropertyValueSpecification","valueRequired":true,"valueName":"search_term_string"}}],"inLanguage":"pt-BR"}]}},"_links":{"self":[{"href":"https:\/\/docs.imanage.com\/br\/wp-json\/wp\/v2\/pages\/579","targetHints":{"allow":["GET"]}}],"collection":[{"href":"https:\/\/docs.imanage.com\/br\/wp-json\/wp\/v2\/pages"}],"about":[{"href":"https:\/\/docs.imanage.com\/br\/wp-json\/wp\/v2\/types\/page"}],"author":[{"embeddable":true,"href":"https:\/\/docs.imanage.com\/br\/wp-json\/wp\/v2\/users\/4"}],"replies":[{"embeddable":true,"href":"https:\/\/docs.imanage.com\/br\/wp-json\/wp\/v2\/comments?post=579"}],"version-history":[{"count":0,"href":"https:\/\/docs.imanage.com\/br\/wp-json\/wp\/v2\/pages\/579\/revisions"}],"up":[{"embeddable":true,"href":"https:\/\/docs.imanage.com\/br\/wp-json\/wp\/v2\/pages\/146"}],"wp:attachment":[{"href":"https:\/\/docs.imanage.com\/br\/wp-json\/wp\/v2\/media?parent=579"}],"curies":[{"name":"wp","href":"https:\/\/api.w.org\/{rel}","templated":true}]}}