{"id":581,"date":"2021-01-15T12:07:35","date_gmt":"2021-01-15T12:07:35","guid":{"rendered":"https:\/\/docs.imanage.com\/?page_id=581"},"modified":"2021-10-21T12:43:07","modified_gmt":"2021-10-21T12:43:07","slug":"whats-new-in-imanage-work-2021-09","status":"publish","type":"page","link":"https:\/\/docs.imanage.com\/br\/whats-new-in-imanage-work-2021-09.html","title":{"rendered":"O que h\u00e1 de novo no iManage Work?"},"content":{"rendered":"<p><strong>Julho de 2021<\/strong><\/p>\n<h1>Crie uma nova vers\u00e3o de documento facilmente!<\/h1>\n<p>Agora voc\u00ea pode copiar um documento e criar uma nova vers\u00e3o sem ter que abri-lo ou baix\u00e1-lo primeiro, economizando tempo.<br \/>\n<img loading=\"lazy\" decoding=\"async\" class=\"gifplayer alignnone wp-image-664 size-large black-border\" src=\"https:\/\/docs.imanage.com\/wp-content\/uploads\/2021\/07\/Sep-2021-rel-Copy-as-new-version--1024x573.jpg\" alt=\"\" width=\"900\" height=\"504\" data-gif=\"https:\/\/docs.imanage.com\/wp-content\/uploads\/2021\/07\/Sep-2021-rel-Copy-as-new-version-.gif\" srcset=\"https:\/\/docs.imanage.com\/wp-content\/uploads\/2021\/07\/Sep-2021-rel-Copy-as-new-version--1024x573.jpg 1024w, https:\/\/docs.imanage.com\/wp-content\/uploads\/2021\/07\/Sep-2021-rel-Copy-as-new-version--300x168.jpg 300w, https:\/\/docs.imanage.com\/wp-content\/uploads\/2021\/07\/Sep-2021-rel-Copy-as-new-version--768x430.jpg 768w, https:\/\/docs.imanage.com\/wp-content\/uploads\/2021\/07\/Sep-2021-rel-Copy-as-new-version--1536x860.jpg 1536w, https:\/\/docs.imanage.com\/wp-content\/uploads\/2021\/07\/Sep-2021-rel-Copy-as-new-version--2048x1146.jpg 2048w\" sizes=\"auto, (max-width: 900px) 100vw, 900px\" \/><\/p>\n<h1>C\u00f3pia de link com clique \u00fanico.<\/h1>\n<p>Copie e compartilhe um link para um arquivo ou projeto com um \u00fanico clique. A nova ferramenta para copiar links agiliza e facilita o compartilhamento de conte\u00fado com colegas com apenas um clique do mouse. Economize tempo com um \u00fanico clique para copiar um link para um arquivo ou projeto e compartilh\u00e1-lo com seus colegas.<br \/>\n<img loading=\"lazy\" decoding=\"async\" class=\"gifplayer alignnone wp-image-664 size-large black-border\" src=\"https:\/\/docs.imanage.com\/wp-content\/uploads\/2021\/07\/Sep-2021-rel-Simplified-copy-link-workflow-.jpg\" alt=\"\" width=\"900\" height=\"504\" data-gif=\"https:\/\/docs.imanage.com\/wp-content\/uploads\/2021\/07\/Sep-2021-rel-Simplified-copy-link-workflow-.gif\" \/><\/p>\n<h1>Esteja sempre atualizado<\/h1>\n<p>Ao clicar em um link para visualizar um documento, voc\u00ea \u00e9 automaticamente direcionado \u00e0 vers\u00e3o mais recente. Isso lhe ajuda a se manter atualizado com as altera\u00e7\u00f5es mais recentes e lhe d\u00e1 a flexibilidade de verificar facilmente o hist\u00f3rico do documento ao alternar para visualiza\u00e7\u00e3o do documento.<br \/>\n<img loading=\"lazy\" decoding=\"async\" class=\"gifplayer alignnone wp-image-664 size-large black-border\" src=\"https:\/\/docs.imanage.com\/wp-content\/uploads\/2021\/08\/Sep-2021-rel-Always-stay-current.jpg\" alt=\"\" width=\"900\" height=\"504\" data-gif=\"https:\/\/docs.imanage.com\/wp-content\/uploads\/2021\/08\/Sep-2021-rel-Always-stay-current.gif\" \/><\/p>\n<p><strong>OBSERVA\u00c7\u00c3O<\/strong>: Para ativar este recurso, os administradores podem alterar as configura\u00e7\u00f5es em\u00a0<a href=\"https:\/\/docs.imanage.com\/cloud\/cc-help\/en\/Upcoming_Features.html\">iManage Control Center<\/a>.<\/p>\n<h1>Submenus novos e dedicados para opera\u00e7\u00f5es de documentos<\/h1>\n<p>Os novos submenus para opera\u00e7\u00f5es de documentos tornam r\u00e1pido e f\u00e1cil Abrir ou Copiar documentos, de modo que voc\u00ea possa manter o foco no seu trabalho.<br \/>\n<img loading=\"lazy\" decoding=\"async\" class=\"gifplayer alignnone wp-image-664 size-large black-border\" src=\"https:\/\/docs.imanage.com\/wp-content\/uploads\/2021\/07\/Sep-2021-rel-Open-and-copy-sub-menu.jpg\" alt=\"\" width=\"900\" height=\"504\" data-gif=\"https:\/\/docs.imanage.com\/wp-content\/uploads\/2021\/07\/Sep-2021-rel-Open-and-copy-sub-menu.gif\" \/><\/p>\n<h1>Elimine a exposi\u00e7\u00e3o de conte\u00fado acidental<\/h1>\n<p>Ao fornecer acesso ao conte\u00fado para os usu\u00e1rios, autores ou grupos, voc\u00ea pode rapidamente ver se eles t\u00eam os direitos de acesso apropriados, o que elimina o risco de compartilhamento de conte\u00fado acidental.<br \/>\n<img loading=\"lazy\" decoding=\"async\" class=\"gifplayer alignnone wp-image-664 size-large black-border\" src=\"https:\/\/docs.imanage.com\/wp-content\/uploads\/2021\/08\/Eliminate-accidental-exposure.jpg\" alt=\"\" width=\"900\" height=\"504\" data-gif=\"https:\/\/docs.imanage.com\/wp-content\/uploads\/2021\/08\/Eliminate-accidental-exposure.gif\" \/><\/p>\n<h1>Acesse facilmente as Pastas Recentes.<\/h1>\n<p>Quer encontrar as pastas nas quais voc\u00ea salvou conte\u00fado ou arquivou e-mails recentemente? Agora essas pastas s\u00e3o facilmente acess\u00edveis com um \u00fanico clique. Al\u00e9m disso, a pesquisa de Pasta \u00e9 convenientemente disponibilizada a partir da experi\u00eancia de pesquisa simples, possibilitando a voc\u00ea encontrar pastas espec\u00edficas rapidamente, sem ter que usar a Pesquisa avan\u00e7ada.<br \/>\n<img loading=\"lazy\" decoding=\"async\" class=\"gifplayer alignnone wp-image-664 size-large black-border\" src=\"https:\/\/docs.imanage.com\/wp-content\/uploads\/2021\/08\/Easily-access-Recent-Folders.jpg\" alt=\"\" width=\"900\" height=\"504\" data-gif=\"https:\/\/docs.imanage.com\/wp-content\/uploads\/2021\/08\/Easily-access-Recent-Folders.gif\" \/><\/p>\n<h1>Mova o painel de progresso para qualquer lugar<\/h1>\n<p>Est\u00e1 trabalhando em uma tela pequena e precisa de uma \u00e1rea de visualiza\u00e7\u00e3o maior?\u00a0Arraste e mova o painel de progresso para qualquer lugar no iManage Work. A posi\u00e7\u00e3o do painel de progresso definida por voc\u00ea ser\u00e1 lembrada at\u00e9 voc\u00ea mov\u00ea-lo novamente!<br \/>\n<img loading=\"lazy\" decoding=\"async\" class=\"gifplayer alignnone wp-image-664 size-large black-border\" style=\"font-size: 1rem;\" src=\"https:\/\/docs.imanage.com\/wp-content\/uploads\/2021\/07\/Sep-2021-rel-Moving-progress-panel.jpg\" alt=\"\" width=\"900\" height=\"504\" data-gif=\"https:\/\/docs.imanage.com\/wp-content\/uploads\/2021\/07\/Sep-2021-rel-Moving-progress-panel.gif\" \/><\/p>\n<p><a href=\"https:\/\/docs.imanage.com\/whats-new-in-imanage-work-2021-02.html\">Lan\u00e7amento anterior<\/a><\/p>\n","protected":false},"excerpt":{"rendered":"<p>Julho de 2021 Crie uma nova vers\u00e3o de documento facilmente! Agora voc\u00ea pode copiar um documento e criar uma nova vers\u00e3o sem ter que abri-lo ou baix\u00e1-lo primeiro, economizando tempo. C\u00f3pia de link com clique \u00fanico. Copie e compartilhe um link para um arquivo ou projeto com um \u00fanico clique. A nova ferramenta para copiar [&hellip;]<\/p>\n","protected":false},"author":4,"featured_media":0,"parent":0,"menu_order":0,"comment_status":"closed","ping_status":"closed","template":"","meta":{"_acf_changed":false,"footnotes":""},"class_list":["post-581","page","type-page","status-publish","hentry"],"translation":{"provider":"WPGlobus","version":"3.0.2","language":"br","enabled_languages":["en","de","fr","qc","jp","br","es","zh"],"languages":{"en":{"title":true,"content":true,"excerpt":false},"de":{"title":true,"content":true,"excerpt":false},"fr":{"title":true,"content":true,"excerpt":false},"qc":{"title":false,"content":false,"excerpt":false},"jp":{"title":true,"content":true,"excerpt":false},"br":{"title":true,"content":true,"excerpt":false},"es":{"title":true,"content":true,"excerpt":false},"zh":{"title":true,"content":true,"excerpt":false}}},"acf":[],"yoast_head":"<!-- This site is optimized with the Yoast SEO plugin v27.4 - https:\/\/yoast.com\/product\/yoast-seo-wordpress\/ -->\n<title>O que h\u00e1 de novo no iManage Work? &#8211; Docs - iManage<\/title>\n<meta name=\"robots\" content=\"index, follow, max-snippet:-1, max-image-preview:large, max-video-preview:-1\" \/>\n<link rel=\"canonical\" href=\"https:\/\/docs.imanage.com\/whats-new-in-imanage-work-2021-09.html\" \/>\n<meta property=\"og:locale\" content=\"pt_BR\" \/>\n<meta property=\"og:type\" content=\"article\" \/>\n<meta property=\"og:title\" content=\"O que h\u00e1 de novo no iManage Work? &#8211; Docs - iManage\" \/>\n<meta property=\"og:url\" content=\"https:\/\/docs.imanage.com\/whats-new-in-imanage-work-2021-09.html\" \/>\n<meta property=\"og:site_name\" content=\"Docs - iManage\" \/>\n<meta property=\"article:modified_time\" content=\"2021-10-21T12:43:07+00:00\" \/>\n<meta property=\"og:image\" content=\"https:\/\/docs.imanage.com\/wp-content\/uploads\/2021\/07\/Sep-2021-rel-Copy-as-new-version--1024x573.jpg\" \/>\n<meta name=\"twitter:card\" content=\"summary_large_image\" \/>\n<meta name=\"twitter:label1\" content=\"Est. reading time\" \/>\n\t<meta name=\"twitter:data1\" content=\"9 minutes\" \/>\n<script type=\"application\/ld+json\" class=\"yoast-schema-graph\">{\"@context\":\"https:\\\/\\\/schema.org\",\"@graph\":[{\"@type\":\"WebPage\",\"@id\":\"https:\\\/\\\/docs.imanage.com\\\/whats-new-in-imanage-work-2021-09.html\",\"url\":\"https:\\\/\\\/docs.imanage.com\\\/whats-new-in-imanage-work-2021-09.html\",\"name\":\"O que h\u00e1 de novo no iManage Work? &#8211; Docs - iManage\",\"isPartOf\":{\"@id\":\"https:\\\/\\\/docs.imanage.com\\\/#website\"},\"primaryImageOfPage\":{\"@id\":\"https:\\\/\\\/docs.imanage.com\\\/whats-new-in-imanage-work-2021-09.html#primaryimage\"},\"image\":{\"@id\":\"https:\\\/\\\/docs.imanage.com\\\/whats-new-in-imanage-work-2021-09.html#primaryimage\"},\"thumbnailUrl\":\"https:\\\/\\\/docs.imanage.com\\\/wp-content\\\/uploads\\\/2021\\\/07\\\/Sep-2021-rel-Copy-as-new-version--1024x573.jpg\",\"datePublished\":\"2021-01-15T12:07:35+00:00\",\"dateModified\":\"2021-10-21T12:43:07+00:00\",\"breadcrumb\":{\"@id\":\"https:\\\/\\\/docs.imanage.com\\\/whats-new-in-imanage-work-2021-09.html#breadcrumb\"},\"inLanguage\":\"pt-BR\",\"potentialAction\":[{\"@type\":\"ReadAction\",\"target\":[\"https:\\\/\\\/docs.imanage.com\\\/whats-new-in-imanage-work-2021-09.html\"]}]},{\"@type\":\"ImageObject\",\"inLanguage\":\"pt-BR\",\"@id\":\"https:\\\/\\\/docs.imanage.com\\\/whats-new-in-imanage-work-2021-09.html#primaryimage\",\"url\":\"https:\\\/\\\/docs.imanage.com\\\/wp-content\\\/uploads\\\/2021\\\/07\\\/Sep-2021-rel-Copy-as-new-version--1024x573.jpg\",\"contentUrl\":\"https:\\\/\\\/docs.imanage.com\\\/wp-content\\\/uploads\\\/2021\\\/07\\\/Sep-2021-rel-Copy-as-new-version--1024x573.jpg\"},{\"@type\":\"BreadcrumbList\",\"@id\":\"https:\\\/\\\/docs.imanage.com\\\/whats-new-in-imanage-work-2021-09.html#breadcrumb\",\"itemListElement\":[{\"@type\":\"ListItem\",\"position\":1,\"name\":\"Home\",\"item\":\"https:\\\/\\\/docs.imanage.com\\\/\"},{\"@type\":\"ListItem\",\"position\":2,\"name\":\"What&#8217;s New in iManage Work\"}]},{\"@type\":\"WebSite\",\"@id\":\"https:\\\/\\\/docs.imanage.com\\\/#website\",\"url\":\"https:\\\/\\\/docs.imanage.com\\\/\",\"name\":\"Docs - iManage\",\"description\":\"\",\"potentialAction\":[{\"@type\":\"SearchAction\",\"target\":{\"@type\":\"EntryPoint\",\"urlTemplate\":\"https:\\\/\\\/docs.imanage.com\\\/?s={search_term_string}\"},\"query-input\":{\"@type\":\"PropertyValueSpecification\",\"valueRequired\":true,\"valueName\":\"search_term_string\"}}],\"inLanguage\":\"pt-BR\"}]}<\/script>\n<!-- \/ Yoast SEO plugin. -->","yoast_head_json":{"title":"O que h\u00e1 de novo no iManage Work? &#8211; Docs - iManage","robots":{"index":"index","follow":"follow","max-snippet":"max-snippet:-1","max-image-preview":"max-image-preview:large","max-video-preview":"max-video-preview:-1"},"canonical":"https:\/\/docs.imanage.com\/whats-new-in-imanage-work-2021-09.html","og_locale":"pt_BR","og_type":"article","og_title":"O que h\u00e1 de novo no iManage Work? &#8211; Docs - iManage","og_url":"https:\/\/docs.imanage.com\/whats-new-in-imanage-work-2021-09.html","og_site_name":"Docs - iManage","article_modified_time":"2021-10-21T12:43:07+00:00","og_image":[{"url":"https:\/\/docs.imanage.com\/wp-content\/uploads\/2021\/07\/Sep-2021-rel-Copy-as-new-version--1024x573.jpg","type":"","width":"","height":""}],"twitter_card":"summary_large_image","twitter_misc":{"Est. reading time":"9 minutes"},"schema":{"@context":"https:\/\/schema.org","@graph":[{"@type":"WebPage","@id":"https:\/\/docs.imanage.com\/whats-new-in-imanage-work-2021-09.html","url":"https:\/\/docs.imanage.com\/whats-new-in-imanage-work-2021-09.html","name":"O que h\u00e1 de novo no iManage Work? &#8211; Docs - iManage","isPartOf":{"@id":"https:\/\/docs.imanage.com\/#website"},"primaryImageOfPage":{"@id":"https:\/\/docs.imanage.com\/whats-new-in-imanage-work-2021-09.html#primaryimage"},"image":{"@id":"https:\/\/docs.imanage.com\/whats-new-in-imanage-work-2021-09.html#primaryimage"},"thumbnailUrl":"https:\/\/docs.imanage.com\/wp-content\/uploads\/2021\/07\/Sep-2021-rel-Copy-as-new-version--1024x573.jpg","datePublished":"2021-01-15T12:07:35+00:00","dateModified":"2021-10-21T12:43:07+00:00","breadcrumb":{"@id":"https:\/\/docs.imanage.com\/whats-new-in-imanage-work-2021-09.html#breadcrumb"},"inLanguage":"pt-BR","potentialAction":[{"@type":"ReadAction","target":["https:\/\/docs.imanage.com\/whats-new-in-imanage-work-2021-09.html"]}]},{"@type":"ImageObject","inLanguage":"pt-BR","@id":"https:\/\/docs.imanage.com\/whats-new-in-imanage-work-2021-09.html#primaryimage","url":"https:\/\/docs.imanage.com\/wp-content\/uploads\/2021\/07\/Sep-2021-rel-Copy-as-new-version--1024x573.jpg","contentUrl":"https:\/\/docs.imanage.com\/wp-content\/uploads\/2021\/07\/Sep-2021-rel-Copy-as-new-version--1024x573.jpg"},{"@type":"BreadcrumbList","@id":"https:\/\/docs.imanage.com\/whats-new-in-imanage-work-2021-09.html#breadcrumb","itemListElement":[{"@type":"ListItem","position":1,"name":"Home","item":"https:\/\/docs.imanage.com\/"},{"@type":"ListItem","position":2,"name":"What&#8217;s New in iManage Work"}]},{"@type":"WebSite","@id":"https:\/\/docs.imanage.com\/#website","url":"https:\/\/docs.imanage.com\/","name":"Docs - iManage","description":"","potentialAction":[{"@type":"SearchAction","target":{"@type":"EntryPoint","urlTemplate":"https:\/\/docs.imanage.com\/?s={search_term_string}"},"query-input":{"@type":"PropertyValueSpecification","valueRequired":true,"valueName":"search_term_string"}}],"inLanguage":"pt-BR"}]}},"_links":{"self":[{"href":"https:\/\/docs.imanage.com\/br\/wp-json\/wp\/v2\/pages\/581","targetHints":{"allow":["GET"]}}],"collection":[{"href":"https:\/\/docs.imanage.com\/br\/wp-json\/wp\/v2\/pages"}],"about":[{"href":"https:\/\/docs.imanage.com\/br\/wp-json\/wp\/v2\/types\/page"}],"author":[{"embeddable":true,"href":"https:\/\/docs.imanage.com\/br\/wp-json\/wp\/v2\/users\/4"}],"replies":[{"embeddable":true,"href":"https:\/\/docs.imanage.com\/br\/wp-json\/wp\/v2\/comments?post=581"}],"version-history":[{"count":0,"href":"https:\/\/docs.imanage.com\/br\/wp-json\/wp\/v2\/pages\/581\/revisions"}],"wp:attachment":[{"href":"https:\/\/docs.imanage.com\/br\/wp-json\/wp\/v2\/media?parent=581"}],"curies":[{"name":"wp","href":"https:\/\/api.w.org\/{rel}","templated":true}]}}