{"id":610,"date":"2021-03-26T08:22:04","date_gmt":"2021-03-26T08:22:04","guid":{"rendered":"https:\/\/docs.imanage.com\/?page_id=610"},"modified":"2022-10-17T08:20:40","modified_gmt":"2022-10-17T08:20:40","slug":"whats-new-in-imanage-wdw-2021","status":"publish","type":"page","link":"https:\/\/docs.imanage.com\/br\/work\/whats-new-in-imanage-wdw-2021.html","title":{"rendered":"O que h\u00e1 de novo no iManage Work Desktop for Windows"},"content":{"rendered":"<h4>Cria\u00e7\u00e3o 10.5.0.43 (Junho de 2021)<\/h4>\n<h1>Melhorias no gerenciamento de e-mails para o Microsoft Outlook<\/h1>\n<h3>Nunca mais se perca ao encaixar ou desencaixar o seu iManage Work Panel.<\/h3>\n<p>Agora voc\u00ea pode encaixar ou desencaixar o seu iManage\u00a0<strong>Work Panel<\/strong>\u00a0sem se preocupar em se perder. Essa atualiza\u00e7\u00e3o permite a voc\u00ea navegar at\u00e9 uma pasta ou documento e,\u00a0em seguida, encaixar ou desencaixar o iManage\u00a0<strong>Work Panel\u00a0<\/strong>enquanto salva o seu caminho de navega\u00e7\u00e3o automaticamente.\u00a0Isso poupa tempo e facilita a concentra\u00e7\u00e3o no trabalho.<\/p>\n<p><img loading=\"lazy\" decoding=\"async\" class=\"alignnone wp-image-625\" src=\"https:\/\/docs.imanage.com\/wp-content\/uploads\/2021\/05\/Undock-a-doc-1.gif\" alt=\"\" width=\"1000\" height=\"564\" \/><\/p>\n<h1>Melhorias para se trabalhar com documentos<\/h1>\n<h3>Altera para notifica\u00e7\u00f5es de e-mail para co-authoring<\/h3>\n<p>Em vers\u00f5es anteriores, quando voc\u00ea enviava uma notifica\u00e7\u00e3o de e-mail para o coautor de um documento, os destinat\u00e1rios n\u00e3o conseguem saber quem pode editar um documento e quem pode apenas visualiz\u00e1-lo. Nesta nova vers\u00e3o do iManage Work, ao enviar um convite por e-mail, o e-mail lista claramente os nomes dos destinat\u00e1rios e se eles possuem permiss\u00e3o para editar ou apenas de visualiza\u00e7\u00e3o. Para obter mais informa\u00e7\u00f5es sobre como ativar este recurso, entre em contato com o seu administrador.<\/p>\n<h4><img loading=\"lazy\" decoding=\"async\" class=\"alignnone wp-image-621\" src=\"https:\/\/docs.imanage.com\/wp-content\/uploads\/2021\/05\/Screenshot-2021-05-13-at-2.00.26-PM-1024x428.png\" alt=\"\" width=\"1000\" height=\"418\" srcset=\"https:\/\/docs.imanage.com\/wp-content\/uploads\/2021\/05\/Screenshot-2021-05-13-at-2.00.26-PM-1024x428.png 1024w, https:\/\/docs.imanage.com\/wp-content\/uploads\/2021\/05\/Screenshot-2021-05-13-at-2.00.26-PM-300x125.png 300w, https:\/\/docs.imanage.com\/wp-content\/uploads\/2021\/05\/Screenshot-2021-05-13-at-2.00.26-PM-768x321.png 768w, https:\/\/docs.imanage.com\/wp-content\/uploads\/2021\/05\/Screenshot-2021-05-13-at-2.00.26-PM-1536x642.png 1536w, https:\/\/docs.imanage.com\/wp-content\/uploads\/2021\/05\/Screenshot-2021-05-13-at-2.00.26-PM-2048x856.png 2048w\" sizes=\"auto, (max-width: 1000px) 100vw, 1000px\" \/><\/h4>\n<h3>Salvar PDF como novo documento ficou mais f\u00e1cil<\/h3>\n<p>Antes, quando se desejava salvar um novo documento do Microsoft Office para o iManage Work 10 como um arquivo de PDF, a op\u00e7\u00e3o padr\u00e3o era <strong>Nova Vers\u00e3o<\/strong>. Portanto, se voc\u00ea queria salvar o arquivo PDF como um novo documento, voc\u00ea precisava alterar a op\u00e7\u00e3o de\u00a0<strong>Nova Vers\u00e3o<\/strong>\u00a0para\u00a0<strong>Novo Documento<\/strong>.\u00a0 Agora voc\u00ea pode configurar <strong>Novo Documento<\/strong> como a op\u00e7\u00e3o padr\u00e3o e poupar tempo, pois n\u00e3o \u00e9 mais necess\u00e1rio selecionar essa op\u00e7\u00e3o todas as vezes que for salvar um arquivo PDF.\u00a0 Para obter mais informa\u00e7\u00f5es sobre como ativar esta defini\u00e7\u00e3o, entre em contato com o seu administrador.<\/p>\n<p><img loading=\"lazy\" decoding=\"async\" class=\"alignnone wp-image-622\" src=\"https:\/\/docs.imanage.com\/wp-content\/uploads\/2021\/05\/Screenshot-2021-05-13-at-1.19.19-PM-1024x850.png\" alt=\"\" width=\"720\" height=\"598\" srcset=\"https:\/\/docs.imanage.com\/wp-content\/uploads\/2021\/05\/Screenshot-2021-05-13-at-1.19.19-PM-1024x850.png 1024w, https:\/\/docs.imanage.com\/wp-content\/uploads\/2021\/05\/Screenshot-2021-05-13-at-1.19.19-PM-300x249.png 300w, https:\/\/docs.imanage.com\/wp-content\/uploads\/2021\/05\/Screenshot-2021-05-13-at-1.19.19-PM-768x638.png 768w, https:\/\/docs.imanage.com\/wp-content\/uploads\/2021\/05\/Screenshot-2021-05-13-at-1.19.19-PM-1536x1275.png 1536w, https:\/\/docs.imanage.com\/wp-content\/uploads\/2021\/05\/Screenshot-2021-05-13-at-1.19.19-PM.png 1650w\" sizes=\"auto, (max-width: 720px) 100vw, 720px\" \/><\/p>\n<h1>O que h\u00e1 de novo no iManage Drive<\/h1>\n<p><strong>Build: 10.5.1 (julho de 2021)<\/strong><\/p>\n<h1><strong>Acesse as pastas Meus Casos e Assuntos Recentes da sua pasta mapeada<\/strong><\/h1>\n<ul>\n<li>O iManage Drive lista suas pastas Meus Casos e Assuntos Recentes na sua pasta mapeada.<\/li>\n<li>Se voc\u00ea for um usu\u00e1rio do iManage FileShare, migrar para o iManage Drive \u00e9 extremamente simples e n\u00e3o exige nenhuma altera\u00e7\u00e3o no seu comportamento de usu\u00e1rio.<\/li>\n<\/ul>\n<p><img loading=\"lazy\" decoding=\"async\" class=\"alignnone wp-image-645 size-full\" src=\"https:\/\/docs.imanage.com\/wp-content\/uploads\/2021\/07\/Mac_Mymatters.gif\" alt=\"\" width=\"720\" height=\"417\" \/><\/p>\n<h1><strong>Visualize o progresso da sincroniza\u00e7\u00e3o do espa\u00e7o de trabalho no painel do iManage Drive<\/strong><\/h1>\n<p>Quer saber quando a sincroniza\u00e7\u00e3o terminar\u00e1 nos v\u00e1rios espa\u00e7os de trabalho selecionados? O painel do iManage Drive exibe atualiza\u00e7\u00f5es constantes sobre o progresso da sincroniza\u00e7\u00e3o, especialmente para assuntos com um grande n\u00famero de pastas e documentos que podem levar algum tempo para sincronizar.<\/p>\n<p>Todos os espa\u00e7os de trabalho selecionados para sincroniza\u00e7\u00e3o est\u00e3o listados na fila e ser\u00e3o sincronizados na ordem listada.<\/p>\n<p><img loading=\"lazy\" decoding=\"async\" class=\"alignnone size-full wp-image-647\" src=\"https:\/\/docs.imanage.com\/wp-content\/uploads\/2021\/07\/Mac_Mattersync.gif\" alt=\"\" width=\"720\" height=\"433\" \/><\/p>\n<h1><strong>Carregue novas vers\u00f5es de arquivos usando a op\u00e7\u00e3o de clicar com o bot\u00e3o direito<\/strong><\/h1>\n<p>Clique em um arquivo com o bot\u00e3o direito em sua pasta mapeada e use a op\u00e7\u00e3o <strong>Carregar nova vers\u00e3o<\/strong> para selecionar qualquer arquivo de sua pasta local ou \u00e1rea de trabalho para criar uma nova vers\u00e3o. O novo arquivo pode ter o mesmo formato que a vers\u00e3o atual ou estar em outro formato. Por exemplo, voc\u00ea trabalha no demonstrativo financeiro atual da sua organiza\u00e7\u00e3o que est\u00e1 em formato do Microsoft Word e ent\u00e3o carrega a vers\u00e3o finalizada como um\u00a0PDF usando sua pasta mapeada.<\/p>\n<p>Quando o iManage Drive sincronizar, esse arquivo ser\u00e1 carregado para o iManage Work e substituir\u00e1 a vers\u00e3o anterior na pasta mapeada.<\/p>\n<p><strong>OBSERVA\u00c7\u00c3O<\/strong>: Esta op\u00e7\u00e3o n\u00e3o est\u00e1 dispon\u00edvel para arquivos declarados como registro ou para arquivos marcados, e n\u00e3o \u00e9 suportada para e-mails.<\/p>\n<p><img loading=\"lazy\" decoding=\"async\" class=\"alignnone size-full wp-image-648\" src=\"https:\/\/docs.imanage.com\/wp-content\/uploads\/2021\/07\/Mac_Upload.gif\" alt=\"\" width=\"720\" height=\"417\" \/><\/p>\n<p><strong>Lan\u00e7amento anterior<\/strong>: <a href=\"https:\/\/docs.imanage.com\/br\/work\/whats-new-in-imanage-wdw-02-2021.html\">iManage Desktop for Windows &#8211; 10.4.0 e iManage Drive &#8211; 10.4.1<\/a><\/p>\n","protected":false},"excerpt":{"rendered":"<p>Cria\u00e7\u00e3o 10.5.0.43 (Junho de 2021) Melhorias no gerenciamento de e-mails para o Microsoft Outlook Nunca mais se perca ao encaixar ou desencaixar o seu iManage Work Panel. Agora voc\u00ea pode encaixar ou desencaixar o seu iManage\u00a0Work Panel\u00a0sem se preocupar em se perder. Essa atualiza\u00e7\u00e3o permite a voc\u00ea navegar at\u00e9 uma pasta ou documento e,\u00a0em seguida, [&hellip;]<\/p>\n","protected":false},"author":4,"featured_media":0,"parent":146,"menu_order":0,"comment_status":"closed","ping_status":"closed","template":"","meta":{"_acf_changed":false,"footnotes":""},"class_list":["post-610","page","type-page","status-publish","hentry"],"translation":{"provider":"WPGlobus","version":"3.0.2","language":"br","enabled_languages":["en","de","fr","qc","jp","br","es","zh"],"languages":{"en":{"title":true,"content":true,"excerpt":false},"de":{"title":true,"content":true,"excerpt":false},"fr":{"title":true,"content":true,"excerpt":false},"qc":{"title":false,"content":false,"excerpt":false},"jp":{"title":true,"content":true,"excerpt":false},"br":{"title":true,"content":true,"excerpt":false},"es":{"title":true,"content":true,"excerpt":false},"zh":{"title":true,"content":true,"excerpt":false}}},"acf":[],"yoast_head":"<!-- This site is optimized with the Yoast SEO plugin v27.3 - https:\/\/yoast.com\/product\/yoast-seo-wordpress\/ -->\n<title>O que h\u00e1 de novo no iManage Work Desktop for Windows &#8211; Docs - iManage<\/title>\n<meta name=\"robots\" content=\"index, follow, max-snippet:-1, max-image-preview:large, max-video-preview:-1\" \/>\n<link rel=\"canonical\" href=\"https:\/\/docs.imanage.com\/work\/whats-new-in-imanage-wdw-2021.html\" \/>\n<meta property=\"og:locale\" content=\"pt_BR\" \/>\n<meta property=\"og:type\" content=\"article\" \/>\n<meta property=\"og:title\" content=\"O que h\u00e1 de novo no iManage Work Desktop for Windows &#8211; Docs - iManage\" \/>\n<meta property=\"og:url\" content=\"https:\/\/docs.imanage.com\/work\/whats-new-in-imanage-wdw-2021.html\" \/>\n<meta property=\"og:site_name\" content=\"Docs - iManage\" \/>\n<meta property=\"article:modified_time\" content=\"2022-10-17T08:20:40+00:00\" \/>\n<meta property=\"og:image\" content=\"https:\/\/docs.imanage.com\/wp-content\/uploads\/2021\/05\/Undock-a-doc-1.gif\" \/>\n<meta name=\"twitter:card\" content=\"summary_large_image\" \/>\n<meta name=\"twitter:label1\" content=\"Est. reading time\" \/>\n\t<meta name=\"twitter:data1\" content=\"4 minutes\" \/>\n<script type=\"application\/ld+json\" class=\"yoast-schema-graph\">{\"@context\":\"https:\\\/\\\/schema.org\",\"@graph\":[{\"@type\":\"WebPage\",\"@id\":\"https:\\\/\\\/docs.imanage.com\\\/work\\\/whats-new-in-imanage-wdw-2021.html\",\"url\":\"https:\\\/\\\/docs.imanage.com\\\/work\\\/whats-new-in-imanage-wdw-2021.html\",\"name\":\"O que h\u00e1 de novo no iManage Work Desktop for Windows &#8211; Docs - iManage\",\"isPartOf\":{\"@id\":\"https:\\\/\\\/docs.imanage.com\\\/#website\"},\"primaryImageOfPage\":{\"@id\":\"https:\\\/\\\/docs.imanage.com\\\/work\\\/whats-new-in-imanage-wdw-2021.html#primaryimage\"},\"image\":{\"@id\":\"https:\\\/\\\/docs.imanage.com\\\/work\\\/whats-new-in-imanage-wdw-2021.html#primaryimage\"},\"thumbnailUrl\":\"https:\\\/\\\/docs.imanage.com\\\/wp-content\\\/uploads\\\/2021\\\/05\\\/Undock-a-doc-1.gif\",\"datePublished\":\"2021-03-26T08:22:04+00:00\",\"dateModified\":\"2022-10-17T08:20:40+00:00\",\"breadcrumb\":{\"@id\":\"https:\\\/\\\/docs.imanage.com\\\/work\\\/whats-new-in-imanage-wdw-2021.html#breadcrumb\"},\"inLanguage\":\"pt-BR\",\"potentialAction\":[{\"@type\":\"ReadAction\",\"target\":[\"https:\\\/\\\/docs.imanage.com\\\/work\\\/whats-new-in-imanage-wdw-2021.html\"]}]},{\"@type\":\"ImageObject\",\"inLanguage\":\"pt-BR\",\"@id\":\"https:\\\/\\\/docs.imanage.com\\\/work\\\/whats-new-in-imanage-wdw-2021.html#primaryimage\",\"url\":\"https:\\\/\\\/docs.imanage.com\\\/wp-content\\\/uploads\\\/2021\\\/05\\\/Undock-a-doc-1.gif\",\"contentUrl\":\"https:\\\/\\\/docs.imanage.com\\\/wp-content\\\/uploads\\\/2021\\\/05\\\/Undock-a-doc-1.gif\"},{\"@type\":\"BreadcrumbList\",\"@id\":\"https:\\\/\\\/docs.imanage.com\\\/work\\\/whats-new-in-imanage-wdw-2021.html#breadcrumb\",\"itemListElement\":[{\"@type\":\"ListItem\",\"position\":1,\"name\":\"Home\",\"item\":\"https:\\\/\\\/docs.imanage.com\\\/\"},{\"@type\":\"ListItem\",\"position\":2,\"name\":\"Work\",\"item\":\"https:\\\/\\\/docs.imanage.com\\\/work.html\"},{\"@type\":\"ListItem\",\"position\":3,\"name\":\"What&#8217;s new in iManage Work Desktop for Windows\"}]},{\"@type\":\"WebSite\",\"@id\":\"https:\\\/\\\/docs.imanage.com\\\/#website\",\"url\":\"https:\\\/\\\/docs.imanage.com\\\/\",\"name\":\"Docs - iManage\",\"description\":\"\",\"potentialAction\":[{\"@type\":\"SearchAction\",\"target\":{\"@type\":\"EntryPoint\",\"urlTemplate\":\"https:\\\/\\\/docs.imanage.com\\\/?s={search_term_string}\"},\"query-input\":{\"@type\":\"PropertyValueSpecification\",\"valueRequired\":true,\"valueName\":\"search_term_string\"}}],\"inLanguage\":\"pt-BR\"}]}<\/script>\n<!-- \/ Yoast SEO plugin. -->","yoast_head_json":{"title":"O que h\u00e1 de novo no iManage Work Desktop for Windows &#8211; Docs - iManage","robots":{"index":"index","follow":"follow","max-snippet":"max-snippet:-1","max-image-preview":"max-image-preview:large","max-video-preview":"max-video-preview:-1"},"canonical":"https:\/\/docs.imanage.com\/work\/whats-new-in-imanage-wdw-2021.html","og_locale":"pt_BR","og_type":"article","og_title":"O que h\u00e1 de novo no iManage Work Desktop for Windows &#8211; Docs - iManage","og_url":"https:\/\/docs.imanage.com\/work\/whats-new-in-imanage-wdw-2021.html","og_site_name":"Docs - iManage","article_modified_time":"2022-10-17T08:20:40+00:00","og_image":[{"url":"https:\/\/docs.imanage.com\/wp-content\/uploads\/2021\/05\/Undock-a-doc-1.gif","type":"","width":"","height":""}],"twitter_card":"summary_large_image","twitter_misc":{"Est. reading time":"4 minutes"},"schema":{"@context":"https:\/\/schema.org","@graph":[{"@type":"WebPage","@id":"https:\/\/docs.imanage.com\/work\/whats-new-in-imanage-wdw-2021.html","url":"https:\/\/docs.imanage.com\/work\/whats-new-in-imanage-wdw-2021.html","name":"O que h\u00e1 de novo no iManage Work Desktop for Windows &#8211; Docs - iManage","isPartOf":{"@id":"https:\/\/docs.imanage.com\/#website"},"primaryImageOfPage":{"@id":"https:\/\/docs.imanage.com\/work\/whats-new-in-imanage-wdw-2021.html#primaryimage"},"image":{"@id":"https:\/\/docs.imanage.com\/work\/whats-new-in-imanage-wdw-2021.html#primaryimage"},"thumbnailUrl":"https:\/\/docs.imanage.com\/wp-content\/uploads\/2021\/05\/Undock-a-doc-1.gif","datePublished":"2021-03-26T08:22:04+00:00","dateModified":"2022-10-17T08:20:40+00:00","breadcrumb":{"@id":"https:\/\/docs.imanage.com\/work\/whats-new-in-imanage-wdw-2021.html#breadcrumb"},"inLanguage":"pt-BR","potentialAction":[{"@type":"ReadAction","target":["https:\/\/docs.imanage.com\/work\/whats-new-in-imanage-wdw-2021.html"]}]},{"@type":"ImageObject","inLanguage":"pt-BR","@id":"https:\/\/docs.imanage.com\/work\/whats-new-in-imanage-wdw-2021.html#primaryimage","url":"https:\/\/docs.imanage.com\/wp-content\/uploads\/2021\/05\/Undock-a-doc-1.gif","contentUrl":"https:\/\/docs.imanage.com\/wp-content\/uploads\/2021\/05\/Undock-a-doc-1.gif"},{"@type":"BreadcrumbList","@id":"https:\/\/docs.imanage.com\/work\/whats-new-in-imanage-wdw-2021.html#breadcrumb","itemListElement":[{"@type":"ListItem","position":1,"name":"Home","item":"https:\/\/docs.imanage.com\/"},{"@type":"ListItem","position":2,"name":"Work","item":"https:\/\/docs.imanage.com\/work.html"},{"@type":"ListItem","position":3,"name":"What&#8217;s new in iManage Work Desktop for Windows"}]},{"@type":"WebSite","@id":"https:\/\/docs.imanage.com\/#website","url":"https:\/\/docs.imanage.com\/","name":"Docs - iManage","description":"","potentialAction":[{"@type":"SearchAction","target":{"@type":"EntryPoint","urlTemplate":"https:\/\/docs.imanage.com\/?s={search_term_string}"},"query-input":{"@type":"PropertyValueSpecification","valueRequired":true,"valueName":"search_term_string"}}],"inLanguage":"pt-BR"}]}},"_links":{"self":[{"href":"https:\/\/docs.imanage.com\/br\/wp-json\/wp\/v2\/pages\/610","targetHints":{"allow":["GET"]}}],"collection":[{"href":"https:\/\/docs.imanage.com\/br\/wp-json\/wp\/v2\/pages"}],"about":[{"href":"https:\/\/docs.imanage.com\/br\/wp-json\/wp\/v2\/types\/page"}],"author":[{"embeddable":true,"href":"https:\/\/docs.imanage.com\/br\/wp-json\/wp\/v2\/users\/4"}],"replies":[{"embeddable":true,"href":"https:\/\/docs.imanage.com\/br\/wp-json\/wp\/v2\/comments?post=610"}],"version-history":[{"count":0,"href":"https:\/\/docs.imanage.com\/br\/wp-json\/wp\/v2\/pages\/610\/revisions"}],"up":[{"embeddable":true,"href":"https:\/\/docs.imanage.com\/br\/wp-json\/wp\/v2\/pages\/146"}],"wp:attachment":[{"href":"https:\/\/docs.imanage.com\/br\/wp-json\/wp\/v2\/media?parent=610"}],"curies":[{"name":"wp","href":"https:\/\/api.w.org\/{rel}","templated":true}]}}