{"id":643,"date":"2021-07-14T08:28:36","date_gmt":"2021-07-14T08:28:36","guid":{"rendered":"https:\/\/docs.imanage.com\/?page_id=643"},"modified":"2021-07-28T09:42:28","modified_gmt":"2021-07-28T09:42:28","slug":"whats-new-in-imanage-drive-mac-2021-07","status":"publish","type":"page","link":"https:\/\/docs.imanage.com\/br\/whats-new-in-imanage-drive-mac-2021-07.html","title":{"rendered":"O que h\u00e1 de novo no iManage Drive"},"content":{"rendered":"<p><strong>Build: 10.5.1 (julho de 2021)<\/strong><\/p>\n<h1><strong>Acesse as pastas Meus Casos e Assuntos Recentes da sua pasta mapeada<\/strong><\/h1>\n<ul>\n<li>O iManage Drive lista suas pastas Meus Casos e Assuntos Recentes na sua pasta mapeada.<\/li>\n<li>Se voc\u00ea for um usu\u00e1rio do iManage FileShare, migrar para o iManage Drive \u00e9 extremamente simples e n\u00e3o exige nenhuma altera\u00e7\u00e3o no seu comportamento de usu\u00e1rio.<\/li>\n<\/ul>\n<p><img loading=\"lazy\" decoding=\"async\" class=\"alignnone wp-image-645 size-full\" src=\"https:\/\/docs.imanage.com\/wp-content\/uploads\/2021\/07\/Mac_Mymatters.gif\" alt=\"\" width=\"720\" height=\"417\" \/><\/p>\n<h1><strong>Visualize o progresso da sincroniza\u00e7\u00e3o do espa\u00e7o de trabalho no painel do iManage Drive<\/strong><\/h1>\n<p>Quer saber quando a sincroniza\u00e7\u00e3o terminar\u00e1 nos v\u00e1rios espa\u00e7os de trabalho selecionados? O painel do iManage Drive exibe atualiza\u00e7\u00f5es constantes sobre o progresso da sincroniza\u00e7\u00e3o, especialmente para assuntos com um grande n\u00famero de pastas e documentos que podem levar algum tempo para sincronizar.<\/p>\n<p>Todos os espa\u00e7os de trabalho selecionados para sincroniza\u00e7\u00e3o est\u00e3o listados na fila e ser\u00e3o sincronizados na ordem listada.<\/p>\n<p><img loading=\"lazy\" decoding=\"async\" class=\"alignnone size-full wp-image-647\" src=\"https:\/\/docs.imanage.com\/wp-content\/uploads\/2021\/07\/Mac_Mattersync.gif\" alt=\"\" width=\"720\" height=\"433\" \/><\/p>\n<h1><strong>Carregue novas vers\u00f5es de arquivos usando a op\u00e7\u00e3o de clicar com o bot\u00e3o direito<\/strong><\/h1>\n<p>Clique em um arquivo com o bot\u00e3o direito em sua pasta mapeada e use a op\u00e7\u00e3o <strong>Carregar nova vers\u00e3o<\/strong> para selecionar qualquer arquivo de sua pasta local ou \u00e1rea de trabalho para criar uma nova vers\u00e3o. O novo arquivo pode ter o mesmo formato que a vers\u00e3o atual ou estar em outro formato. Por exemplo, voc\u00ea trabalha no demonstrativo financeiro atual da sua organiza\u00e7\u00e3o que est\u00e1 em formato do Microsoft Word e ent\u00e3o carrega a vers\u00e3o finalizada como um\u00a0PDF usando sua pasta mapeada.<\/p>\n<p>Quando o iManage Drive sincronizar, esse arquivo ser\u00e1 carregado para o iManage Work e substituir\u00e1 a vers\u00e3o anterior na pasta mapeada.<\/p>\n<p><strong>OBSERVA\u00c7\u00c3O<\/strong>: Esta op\u00e7\u00e3o n\u00e3o est\u00e1 dispon\u00edvel para arquivos declarados como registro ou para arquivos marcados, e n\u00e3o \u00e9 suportada para e-mails.<\/p>\n<p><img loading=\"lazy\" decoding=\"async\" class=\"alignnone size-full wp-image-648\" src=\"https:\/\/docs.imanage.com\/wp-content\/uploads\/2021\/07\/Mac_Upload.gif\" alt=\"\" width=\"720\" height=\"417\" \/><\/p>\n","protected":false},"excerpt":{"rendered":"<p>Build: 10.5.1 (julho de 2021) Acesse as pastas Meus Casos e Assuntos Recentes da sua pasta mapeada O iManage Drive lista suas pastas Meus Casos e Assuntos Recentes na sua pasta mapeada. Se voc\u00ea for um usu\u00e1rio do iManage FileShare, migrar para o iManage Drive \u00e9 extremamente simples e n\u00e3o exige nenhuma altera\u00e7\u00e3o no seu [&hellip;]<\/p>\n","protected":false},"author":4,"featured_media":0,"parent":0,"menu_order":0,"comment_status":"closed","ping_status":"closed","template":"","meta":{"_acf_changed":false,"footnotes":""},"class_list":["post-643","page","type-page","status-publish","hentry"],"translation":{"provider":"WPGlobus","version":"3.0.2","language":"br","enabled_languages":["en","de","fr","qc","jp","br","es","zh"],"languages":{"en":{"title":true,"content":true,"excerpt":false},"de":{"title":true,"content":true,"excerpt":false},"fr":{"title":true,"content":true,"excerpt":false},"qc":{"title":false,"content":false,"excerpt":false},"jp":{"title":true,"content":true,"excerpt":false},"br":{"title":true,"content":true,"excerpt":false},"es":{"title":true,"content":true,"excerpt":false},"zh":{"title":true,"content":true,"excerpt":false}}},"acf":[],"yoast_head":"<!-- This site is optimized with the Yoast SEO plugin v27.3 - https:\/\/yoast.com\/product\/yoast-seo-wordpress\/ -->\n<title>O que h\u00e1 de novo no iManage Drive &#8211; Docs - iManage<\/title>\n<meta name=\"robots\" content=\"index, follow, max-snippet:-1, max-image-preview:large, max-video-preview:-1\" \/>\n<link rel=\"canonical\" href=\"https:\/\/docs.imanage.com\/whats-new-in-imanage-drive-mac-2021-07.html\" \/>\n<meta property=\"og:locale\" content=\"pt_BR\" \/>\n<meta property=\"og:type\" content=\"article\" \/>\n<meta property=\"og:title\" content=\"O que h\u00e1 de novo no iManage Drive &#8211; Docs - iManage\" \/>\n<meta property=\"og:url\" content=\"https:\/\/docs.imanage.com\/whats-new-in-imanage-drive-mac-2021-07.html\" \/>\n<meta property=\"og:site_name\" content=\"Docs - iManage\" \/>\n<meta property=\"article:modified_time\" content=\"2021-07-28T09:42:28+00:00\" \/>\n<meta property=\"og:image\" content=\"https:\/\/docs.imanage.com\/wp-content\/uploads\/2021\/07\/Mac_Mymatters.gif\" \/>\n<meta name=\"twitter:card\" content=\"summary_large_image\" \/>\n<meta name=\"twitter:label1\" content=\"Est. reading time\" \/>\n\t<meta name=\"twitter:data1\" content=\"7 minutes\" \/>\n<script type=\"application\/ld+json\" class=\"yoast-schema-graph\">{\"@context\":\"https:\\\/\\\/schema.org\",\"@graph\":[{\"@type\":\"WebPage\",\"@id\":\"https:\\\/\\\/docs.imanage.com\\\/whats-new-in-imanage-drive-mac-2021-07.html\",\"url\":\"https:\\\/\\\/docs.imanage.com\\\/whats-new-in-imanage-drive-mac-2021-07.html\",\"name\":\"O que h\u00e1 de novo no iManage Drive &#8211; Docs - iManage\",\"isPartOf\":{\"@id\":\"https:\\\/\\\/docs.imanage.com\\\/#website\"},\"primaryImageOfPage\":{\"@id\":\"https:\\\/\\\/docs.imanage.com\\\/whats-new-in-imanage-drive-mac-2021-07.html#primaryimage\"},\"image\":{\"@id\":\"https:\\\/\\\/docs.imanage.com\\\/whats-new-in-imanage-drive-mac-2021-07.html#primaryimage\"},\"thumbnailUrl\":\"https:\\\/\\\/docs.imanage.com\\\/wp-content\\\/uploads\\\/2021\\\/07\\\/Mac_Mymatters.gif\",\"datePublished\":\"2021-07-14T08:28:36+00:00\",\"dateModified\":\"2021-07-28T09:42:28+00:00\",\"breadcrumb\":{\"@id\":\"https:\\\/\\\/docs.imanage.com\\\/whats-new-in-imanage-drive-mac-2021-07.html#breadcrumb\"},\"inLanguage\":\"pt-BR\",\"potentialAction\":[{\"@type\":\"ReadAction\",\"target\":[\"https:\\\/\\\/docs.imanage.com\\\/whats-new-in-imanage-drive-mac-2021-07.html\"]}]},{\"@type\":\"ImageObject\",\"inLanguage\":\"pt-BR\",\"@id\":\"https:\\\/\\\/docs.imanage.com\\\/whats-new-in-imanage-drive-mac-2021-07.html#primaryimage\",\"url\":\"https:\\\/\\\/docs.imanage.com\\\/wp-content\\\/uploads\\\/2021\\\/07\\\/Mac_Mymatters.gif\",\"contentUrl\":\"https:\\\/\\\/docs.imanage.com\\\/wp-content\\\/uploads\\\/2021\\\/07\\\/Mac_Mymatters.gif\"},{\"@type\":\"BreadcrumbList\",\"@id\":\"https:\\\/\\\/docs.imanage.com\\\/whats-new-in-imanage-drive-mac-2021-07.html#breadcrumb\",\"itemListElement\":[{\"@type\":\"ListItem\",\"position\":1,\"name\":\"Home\",\"item\":\"https:\\\/\\\/docs.imanage.com\\\/\"},{\"@type\":\"ListItem\",\"position\":2,\"name\":\"What\u2019s new in iManage Drive\"}]},{\"@type\":\"WebSite\",\"@id\":\"https:\\\/\\\/docs.imanage.com\\\/#website\",\"url\":\"https:\\\/\\\/docs.imanage.com\\\/\",\"name\":\"Docs - iManage\",\"description\":\"\",\"potentialAction\":[{\"@type\":\"SearchAction\",\"target\":{\"@type\":\"EntryPoint\",\"urlTemplate\":\"https:\\\/\\\/docs.imanage.com\\\/?s={search_term_string}\"},\"query-input\":{\"@type\":\"PropertyValueSpecification\",\"valueRequired\":true,\"valueName\":\"search_term_string\"}}],\"inLanguage\":\"pt-BR\"}]}<\/script>\n<!-- \/ Yoast SEO plugin. -->","yoast_head_json":{"title":"O que h\u00e1 de novo no iManage Drive &#8211; Docs - iManage","robots":{"index":"index","follow":"follow","max-snippet":"max-snippet:-1","max-image-preview":"max-image-preview:large","max-video-preview":"max-video-preview:-1"},"canonical":"https:\/\/docs.imanage.com\/whats-new-in-imanage-drive-mac-2021-07.html","og_locale":"pt_BR","og_type":"article","og_title":"O que h\u00e1 de novo no iManage Drive &#8211; Docs - iManage","og_url":"https:\/\/docs.imanage.com\/whats-new-in-imanage-drive-mac-2021-07.html","og_site_name":"Docs - iManage","article_modified_time":"2021-07-28T09:42:28+00:00","og_image":[{"url":"https:\/\/docs.imanage.com\/wp-content\/uploads\/2021\/07\/Mac_Mymatters.gif","type":"","width":"","height":""}],"twitter_card":"summary_large_image","twitter_misc":{"Est. reading time":"7 minutes"},"schema":{"@context":"https:\/\/schema.org","@graph":[{"@type":"WebPage","@id":"https:\/\/docs.imanage.com\/whats-new-in-imanage-drive-mac-2021-07.html","url":"https:\/\/docs.imanage.com\/whats-new-in-imanage-drive-mac-2021-07.html","name":"O que h\u00e1 de novo no iManage Drive &#8211; Docs - iManage","isPartOf":{"@id":"https:\/\/docs.imanage.com\/#website"},"primaryImageOfPage":{"@id":"https:\/\/docs.imanage.com\/whats-new-in-imanage-drive-mac-2021-07.html#primaryimage"},"image":{"@id":"https:\/\/docs.imanage.com\/whats-new-in-imanage-drive-mac-2021-07.html#primaryimage"},"thumbnailUrl":"https:\/\/docs.imanage.com\/wp-content\/uploads\/2021\/07\/Mac_Mymatters.gif","datePublished":"2021-07-14T08:28:36+00:00","dateModified":"2021-07-28T09:42:28+00:00","breadcrumb":{"@id":"https:\/\/docs.imanage.com\/whats-new-in-imanage-drive-mac-2021-07.html#breadcrumb"},"inLanguage":"pt-BR","potentialAction":[{"@type":"ReadAction","target":["https:\/\/docs.imanage.com\/whats-new-in-imanage-drive-mac-2021-07.html"]}]},{"@type":"ImageObject","inLanguage":"pt-BR","@id":"https:\/\/docs.imanage.com\/whats-new-in-imanage-drive-mac-2021-07.html#primaryimage","url":"https:\/\/docs.imanage.com\/wp-content\/uploads\/2021\/07\/Mac_Mymatters.gif","contentUrl":"https:\/\/docs.imanage.com\/wp-content\/uploads\/2021\/07\/Mac_Mymatters.gif"},{"@type":"BreadcrumbList","@id":"https:\/\/docs.imanage.com\/whats-new-in-imanage-drive-mac-2021-07.html#breadcrumb","itemListElement":[{"@type":"ListItem","position":1,"name":"Home","item":"https:\/\/docs.imanage.com\/"},{"@type":"ListItem","position":2,"name":"What\u2019s new in iManage Drive"}]},{"@type":"WebSite","@id":"https:\/\/docs.imanage.com\/#website","url":"https:\/\/docs.imanage.com\/","name":"Docs - iManage","description":"","potentialAction":[{"@type":"SearchAction","target":{"@type":"EntryPoint","urlTemplate":"https:\/\/docs.imanage.com\/?s={search_term_string}"},"query-input":{"@type":"PropertyValueSpecification","valueRequired":true,"valueName":"search_term_string"}}],"inLanguage":"pt-BR"}]}},"_links":{"self":[{"href":"https:\/\/docs.imanage.com\/br\/wp-json\/wp\/v2\/pages\/643","targetHints":{"allow":["GET"]}}],"collection":[{"href":"https:\/\/docs.imanage.com\/br\/wp-json\/wp\/v2\/pages"}],"about":[{"href":"https:\/\/docs.imanage.com\/br\/wp-json\/wp\/v2\/types\/page"}],"author":[{"embeddable":true,"href":"https:\/\/docs.imanage.com\/br\/wp-json\/wp\/v2\/users\/4"}],"replies":[{"embeddable":true,"href":"https:\/\/docs.imanage.com\/br\/wp-json\/wp\/v2\/comments?post=643"}],"version-history":[{"count":0,"href":"https:\/\/docs.imanage.com\/br\/wp-json\/wp\/v2\/pages\/643\/revisions"}],"wp:attachment":[{"href":"https:\/\/docs.imanage.com\/br\/wp-json\/wp\/v2\/media?parent=643"}],"curies":[{"name":"wp","href":"https:\/\/api.w.org\/{rel}","templated":true}]}}