{"id":644,"date":"2021-07-17T13:44:48","date_gmt":"2021-07-17T13:44:48","guid":{"rendered":"https:\/\/docs.imanage.com\/?page_id=644"},"modified":"2022-02-22T12:06:01","modified_gmt":"2022-02-22T12:06:01","slug":"whats-new-in-imanage-wdw-2021-10","status":"publish","type":"page","link":"https:\/\/docs.imanage.com\/br\/work\/whats-new-in-imanage-wdw-2021-10.html","title":{"rendered":"O que h\u00e1 de novo no iManage Work Desktop for Windows"},"content":{"rendered":"<p><strong>Build: 10.6.0.64\u00a0 (Outubro de 2021)<\/strong><\/p>\n<h2>Melhorias para se trabalhar com documentos<\/h2>\n<h3>Crie cartas personalizadas usando o Mail Merge<\/h3>\n<p>Voc\u00ea cria uma s\u00e9rie de documentos, por exemplo \u2013 uma carta ou fatura, que seja personalizada para cada um de seus clientes? Agora voc\u00ea pode iniciar uma mescla de correspond\u00eancias selecionando documentos diretamente do iManage Work ao inv\u00e9s de baixar os arquivos para sua m\u00e1quina local.<\/p>\n<p><img loading=\"lazy\" decoding=\"async\" class=\"alignnone wp-image-707\" src=\"https:\/\/docs.imanage.com\/wp-content\/uploads\/2021\/09\/mail_merge_01-1024x151.png\" alt=\"\" width=\"900\" height=\"132\" srcset=\"https:\/\/docs.imanage.com\/wp-content\/uploads\/2021\/09\/mail_merge_01-1024x151.png 1024w, https:\/\/docs.imanage.com\/wp-content\/uploads\/2021\/09\/mail_merge_01-300x44.png 300w, https:\/\/docs.imanage.com\/wp-content\/uploads\/2021\/09\/mail_merge_01-768x113.png 768w, https:\/\/docs.imanage.com\/wp-content\/uploads\/2021\/09\/mail_merge_01-1536x226.png 1536w, https:\/\/docs.imanage.com\/wp-content\/uploads\/2021\/09\/mail_merge_01.png 1986w\" sizes=\"auto, (max-width: 900px) 100vw, 900px\" \/><\/p>\n<p><img loading=\"lazy\" decoding=\"async\" class=\"wp-image-706 aligncenter\" src=\"https:\/\/docs.imanage.com\/wp-content\/uploads\/2021\/09\/maril_merge-1.png\" alt=\"\" width=\"700\" height=\"527\" srcset=\"https:\/\/docs.imanage.com\/wp-content\/uploads\/2021\/09\/maril_merge-1.png 972w, https:\/\/docs.imanage.com\/wp-content\/uploads\/2021\/09\/maril_merge-1-300x226.png 300w, https:\/\/docs.imanage.com\/wp-content\/uploads\/2021\/09\/maril_merge-1-768x578.png 768w\" sizes=\"auto, (max-width: 700px) 100vw, 700px\" \/><\/p>\n<h3>Insira o texto do arquivo PDF no Microsoft Word<\/h3>\n<p>Agora voc\u00ea pode inserir texto de um arquivo PDF que esteja dispon\u00edvel no iManage Work diretamente no Microsoft Word. N\u00e3o \u00e9 mais necess\u00e1rio baixar o PDF e convert\u00ea-lo para um arquivo de texto antes de colar o conte\u00fado em um documento do Microsoft Word.<\/p>\n<p><img loading=\"lazy\" decoding=\"async\" class=\"alignnone wp-image-710\" src=\"https:\/\/docs.imanage.com\/wp-content\/uploads\/2021\/09\/InsertZoom-2.gif\" alt=\"\" width=\"900\" height=\"441\" \/><\/p>\n<p>&nbsp;<\/p>\n<h3>Trabalhar com o Adobe Acrobat vers\u00f5es Standard e Professional agora \u00e9 mais f\u00e1cil<\/h3>\n<p>Se voc\u00ea usa as vers\u00f5es Adobe Acrobat Standard DC e Adobe Acrobat Pro DC em sua organiza\u00e7\u00e3o, voc\u00ea agora pode abrir um documento diretamente do iManage Work para as seguintes opera\u00e7\u00f5es:<\/p>\n<ul>\n<li>Criar um \u00fanico ou v\u00e1rios arquivos PDF a partir de qualquer arquivo salvo no iManage Work e salv\u00e1-lo de volta no iManage Work.<\/li>\n<li>Criar um portf\u00f3lio de PDFs a partir de arquivos salvos no iManage Work e salv\u00e1-lo de volta no iManage Work.<\/li>\n<li>Comparar dois arquivos PDF salvos no iManage Work.<\/li>\n<li>Combinar dois ou mais arquivos PDF salvos no iManage Work.<\/li>\n<li>Adicionar n\u00fameros bates aos arquivos PDF salvos no iManage Work.<\/li>\n<\/ul>\n<p>Precisa abrir arquivos de sua m\u00e1quina local? Use a op\u00e7\u00e3o <strong>Abrir arquivo local<\/strong> dispon\u00edvel na caixa de di\u00e1logo <strong>Abrir<\/strong> do iManage para abrir qualquer arquivo que esteja dispon\u00edvel em sua m\u00e1quina.<\/p>\n<p><strong>OBSERVA\u00c7\u00c3O<\/strong>: Esses recursos n\u00e3o s\u00e3o suportados ao usar o Adobe Acrobat Reader.<\/p>\n<h3>Quer usar o Adobe Acrobat em outro idioma?<\/h3>\n<p>Antes, o Adobe Acrobat Reader e o Adobe Acrobat DC suportavam localiza\u00e7\u00e3o apenas com base no idioma configurado no Microsoft Windows. Agora \u00e9 poss\u00edvel configurar o Adobe Acrobat para que ele esteja em qualquer idioma suportado que n\u00e3o seja o da configura\u00e7\u00e3o local. Entre em contato com o seu administrador, caso precise alterar o idioma padr\u00e3o para o Adobe Acrobat.<\/p>\n<p><strong>OBSERVA\u00c7\u00c3O<\/strong>: Os idiomas suportados s\u00e3o ingl\u00eas (padr\u00e3o), franc\u00eas (Fran\u00e7a), alem\u00e3o, portugu\u00eas (Brasil), espanhol, japon\u00eas e chin\u00eas simplificado.<\/p>\n<h2>Melhorias no gerenciamento de e-mails para o Microsoft Outlook<\/h2>\n<h3>Salvando anexos de um convite do Microsoft Outlook<\/h3>\n<p>Agora \u00e9 poss\u00edvel salvar anexos recebidos em convites do Microsoft Outlook para o iManage Work como um Novo Documento ou uma Nova Vers\u00e3o usando a op\u00e7\u00e3o <strong>Salvar Anexos<\/strong>\u00a0dispon\u00edvel na caixa de ferramentas do EMM.<\/p>\n<p><img loading=\"lazy\" decoding=\"async\" class=\"alignnone wp-image-704\" src=\"https:\/\/docs.imanage.com\/wp-content\/uploads\/2021\/09\/SaveAttachment.gif\" alt=\"\" width=\"900\" height=\"441\" \/><\/p>\n<h3>Mais de uma sugest\u00e3o de arquivamento de e-mail?<\/h3>\n<p>Para aumentar a exatid\u00e3o das sugest\u00f5es de e-mails, agora um \u00edcone de sugest\u00f5es e uma descri\u00e7\u00e3o s\u00e3o exibidos para indicar que sugest\u00f5es de arquivamento alternativas est\u00e3o dispon\u00edveis quando voc\u00ea seleciona um local de arquivamento para arquivar e-mails.<\/p>\n<p><img loading=\"lazy\" decoding=\"async\" class=\"alignnone wp-image-699\" src=\"https:\/\/docs.imanage.com\/wp-content\/uploads\/2021\/09\/image-1.png\" alt=\"\" width=\"900\" height=\"99\" srcset=\"https:\/\/docs.imanage.com\/wp-content\/uploads\/2021\/09\/image-1.png 970w, https:\/\/docs.imanage.com\/wp-content\/uploads\/2021\/09\/image-1-300x33.png 300w, https:\/\/docs.imanage.com\/wp-content\/uploads\/2021\/09\/image-1-768x85.png 768w\" sizes=\"auto, (max-width: 900px) 100vw, 900px\" \/><\/p>\n<h3>Deseja visualizar todos os arquivos salvos ao selecionar um local de arquivamento?<\/h3>\n<p>Agora basta abrir a pasta do iManage Work a partir do arquivamento sugerido para visualizar todos os e-mails e documentos salvos na pasta do iManage Work. Isso ajuda a decidir se o local de arquivamento selecionado \u00e9 o correto.<\/p>\n<h3><img loading=\"lazy\" decoding=\"async\" class=\"alignnone wp-image-713\" style=\"font-size: 1rem;\" src=\"https:\/\/docs.imanage.com\/wp-content\/uploads\/2021\/09\/2_filingFolder.gif\" alt=\"\" width=\"900\" height=\"518\" \/><\/h3>\n<h3>Escolha como deseja inserir anexos ao compor e-mails<\/h3>\n<p>Agora \u00e9 poss\u00edvel decidir como os anexos de arquivos podem ser adicionados (link, arquivo ou ambos) e sua sele\u00e7\u00e3o ser\u00e1 lembrada. Isso poupa tempo ao redigir e-mails.<\/p>\n<p><img loading=\"lazy\" decoding=\"async\" class=\"alignnone wp-image-712\" src=\"https:\/\/docs.imanage.com\/wp-content\/uploads\/2021\/09\/1_InsertAttachment.gif\" alt=\"\" width=\"900\" height=\"518\" \/><\/p>\n<h1>O que h\u00e1 de novo no iManage Drive<\/h1>\n<p><strong>Build: 10.6.1 (Novembro de 2021)<\/strong><\/p>\n<h2>Confirmar mudan\u00e7as no arquivo e pasta<\/h2>\n<p>O iManage Drive agora envia notifica\u00e7\u00f5es antes de a\u00e7\u00f5es em massa, por exemplo \u2013 exclus\u00f5es em massa s\u00e3o sincronizadas com o servidor.\u00a0O aplicativo solicita que voc\u00ea confirme as mudan\u00e7as de arquivo e pasta, como excluir, criar, atualizar e renomear antes de sincroniz\u00e1-las com o iManage Work.<\/p>\n<p>Seu administrador pode configurar o n\u00famero de altera\u00e7\u00f5es ou exclus\u00f5es que precisam ocorrer para que o aplicativo exiba a caixa de di\u00e1logo de confirma\u00e7\u00e3o de sincroniza\u00e7\u00e3o; o valor padr\u00e3o \u00e9 10. Voc\u00ea pode alterar isso acessando <strong>Prefer\u00eancias <\/strong>> <strong>Notifica\u00e7\u00f5es<\/strong>.\u00a0Para obter mais informa\u00e7\u00f5es, consulte a se\u00e7\u00e3o <em>Confirmando mudan\u00e7as no arquivo e pasta <\/em>no<em> Guia do Usu\u00e1rio iManage Drive 10.6.1<\/em>.<\/p>\n<p><img loading=\"lazy\" decoding=\"async\" class=\"alignnone wp-image-755\" src=\"https:\/\/docs.imanage.com\/wp-content\/uploads\/2021\/11\/SyncConfirm-4.gif\" alt=\"\" width=\"1000\" height=\"625\" \/><\/p>\n<h2>Gerenciar problemas de sincroniza\u00e7\u00e3o de arquivos<\/h2>\n<p>Para garantir que as altera\u00e7\u00f5es n\u00e3o sejam perdidas nos arquivos do diret\u00f3rio de trabalho do iManage Drive que n\u00e3o s\u00e3o sincronizados com o servidor devido a permiss\u00e3o ou outros problemas, ser\u00e1 exibida a caixa de di\u00e1logo de erro de sincroniza\u00e7\u00e3o para permitir que voc\u00ea:<\/p>\n<ul>\n<li>copie os arquivos para um local desejado<\/li>\n<li>ignore alguns ou todos os arquivos listados<\/li>\n<li>clique com o bot\u00e3o direito individualmente e selecione a a\u00e7\u00e3o desejada no menu de contexto em exibi\u00e7\u00e3o.<\/li>\n<\/ul>\n<p>Para obter mais informa\u00e7\u00f5es, consulte a se\u00e7\u00e3o G<em>erenciando erros de sincroniza\u00e7\u00e3o de arquivos <\/em>no <em>Guia do Usu\u00e1rio iManage Drive10.6.1.<\/em><\/p>\n<p><img loading=\"lazy\" decoding=\"async\" class=\"alignnone size-full wp-image-754\" src=\"https:\/\/docs.imanage.com\/wp-content\/uploads\/2021\/11\/SyncIssues-4.gif\" alt=\"\" width=\"1000\" height=\"625\" \/><\/p>\n<h2>Aprimoramentos de mensagens IU: A\u00e7\u00f5es de pasta e espa\u00e7o de trabalho<\/h2>\n<p>Quando voc\u00ea executa uma a\u00e7\u00e3o de excluir, copiar, criar, renomear ou mover que o iManage Drive bloqueia, o aplicativo exibe notifica\u00e7\u00f5es para comunicar por que a a\u00e7\u00e3o n\u00e3o foi permitida. Isso possibilita evitar a repeti\u00e7\u00e3o da a\u00e7\u00e3o proibida, alterar as configura\u00e7\u00f5es conforme aplic\u00e1vel para habilitar a a\u00e7\u00e3o ou solicitar as permiss\u00f5es necess\u00e1rias.\u00a0Alguns cen\u00e1rios em que essas mensagens aparecem s\u00e3o:<\/p>\n<ul>\n<li>Copiar a pasta para fora do iManage Drive quando a configura\u00e7\u00e3o allow_folder_copy_outside_drive \u00e9 desabilitada.<\/li>\n<li>Tentar mover uma pasta para fora do iManage Drive.<\/li>\n<li>Renomear e apagar as pastas sem o n\u00edvel exigido de permiss\u00e3o para faz\u00ea-lo.<\/li>\n<li>Copiar ou mover pastas para outras sem o n\u00edvel de permiss\u00e3o necess\u00e1rio para as pastas principais.<\/li>\n<li>Executar tarefas proibidas, tais como tentar apagar ou mover uma pasta quando estiver off-line, mover pastas nos espa\u00e7os de trabalho e executar opera\u00e7\u00f5es no n\u00edvel em que todos os espa\u00e7os de trabalho est\u00e3o localizados em <strong>Meus Assuntos<\/strong> e <strong>Assuntos Recentes<\/strong>.<\/li>\n<li>Tentar excluir pastas quando a exclus\u00e3o da pasta n\u00e3o estiver habilitada no aplicativo <strong>Prefer\u00eancias<\/strong>.<\/li>\n<\/ul>\n<p><img loading=\"lazy\" decoding=\"async\" class=\"alignnone size-full wp-image-753\" src=\"https:\/\/docs.imanage.com\/wp-content\/uploads\/2021\/11\/WorkspaceFldrs-4.gif\" alt=\"\" width=\"1000\" height=\"625\" \/><\/p>\n<p><strong>Lan\u00e7amento anterior<\/strong>: <a href=\"https:\/\/docs.imanage.com\/br\/work\/whats-new-in-imanage-wdw-2021.html\">iManage Work Desktop for Windows 10.5 e iManage Drive 10.5.1<\/a><\/p>\n","protected":false},"excerpt":{"rendered":"<p>Build: 10.6.0.64\u00a0 (Outubro de 2021) Melhorias para se trabalhar com documentos Crie cartas personalizadas usando o Mail Merge Voc\u00ea cria uma s\u00e9rie de documentos, por exemplo \u2013 uma carta ou fatura, que seja personalizada para cada um de seus clientes? Agora voc\u00ea pode iniciar uma mescla de correspond\u00eancias selecionando documentos diretamente do iManage Work ao [&hellip;]<\/p>\n","protected":false},"author":4,"featured_media":0,"parent":146,"menu_order":0,"comment_status":"closed","ping_status":"closed","template":"","meta":{"_acf_changed":false,"footnotes":""},"class_list":["post-644","page","type-page","status-publish","hentry"],"translation":{"provider":"WPGlobus","version":"3.0.2","language":"br","enabled_languages":["en","de","fr","qc","jp","br","es","zh"],"languages":{"en":{"title":true,"content":true,"excerpt":false},"de":{"title":true,"content":true,"excerpt":false},"fr":{"title":true,"content":true,"excerpt":false},"qc":{"title":false,"content":false,"excerpt":false},"jp":{"title":true,"content":true,"excerpt":false},"br":{"title":true,"content":true,"excerpt":false},"es":{"title":true,"content":true,"excerpt":false},"zh":{"title":true,"content":true,"excerpt":false}}},"acf":[],"yoast_head":"<!-- This site is optimized with the Yoast SEO plugin v27.3 - https:\/\/yoast.com\/product\/yoast-seo-wordpress\/ -->\n<title>O que h\u00e1 de novo no iManage Work Desktop for Windows &#8211; Docs - iManage<\/title>\n<meta name=\"robots\" content=\"index, follow, max-snippet:-1, max-image-preview:large, max-video-preview:-1\" \/>\n<link rel=\"canonical\" href=\"https:\/\/docs.imanage.com\/work\/whats-new-in-imanage-wdw-2021-10.html\" \/>\n<meta property=\"og:locale\" content=\"pt_BR\" \/>\n<meta property=\"og:type\" content=\"article\" \/>\n<meta property=\"og:title\" content=\"O que h\u00e1 de novo no iManage Work Desktop for Windows &#8211; Docs - iManage\" \/>\n<meta property=\"og:url\" content=\"https:\/\/docs.imanage.com\/work\/whats-new-in-imanage-wdw-2021-10.html\" \/>\n<meta property=\"og:site_name\" content=\"Docs - iManage\" \/>\n<meta property=\"article:modified_time\" content=\"2022-02-22T12:06:01+00:00\" \/>\n<meta property=\"og:image\" content=\"https:\/\/docs.imanage.com\/wp-content\/uploads\/2021\/09\/mail_merge_01-1024x151.png\" \/>\n<meta name=\"twitter:card\" content=\"summary_large_image\" \/>\n<meta name=\"twitter:label1\" content=\"Est. reading time\" \/>\n\t<meta name=\"twitter:data1\" content=\"27 minutes\" \/>\n<script type=\"application\/ld+json\" class=\"yoast-schema-graph\">{\"@context\":\"https:\\\/\\\/schema.org\",\"@graph\":[{\"@type\":\"WebPage\",\"@id\":\"https:\\\/\\\/docs.imanage.com\\\/work\\\/whats-new-in-imanage-wdw-2021-10.html\",\"url\":\"https:\\\/\\\/docs.imanage.com\\\/work\\\/whats-new-in-imanage-wdw-2021-10.html\",\"name\":\"O que h\u00e1 de novo no iManage Work Desktop for Windows &#8211; Docs - iManage\",\"isPartOf\":{\"@id\":\"https:\\\/\\\/docs.imanage.com\\\/#website\"},\"primaryImageOfPage\":{\"@id\":\"https:\\\/\\\/docs.imanage.com\\\/work\\\/whats-new-in-imanage-wdw-2021-10.html#primaryimage\"},\"image\":{\"@id\":\"https:\\\/\\\/docs.imanage.com\\\/work\\\/whats-new-in-imanage-wdw-2021-10.html#primaryimage\"},\"thumbnailUrl\":\"https:\\\/\\\/docs.imanage.com\\\/wp-content\\\/uploads\\\/2021\\\/09\\\/mail_merge_01-1024x151.png\",\"datePublished\":\"2021-07-17T13:44:48+00:00\",\"dateModified\":\"2022-02-22T12:06:01+00:00\",\"breadcrumb\":{\"@id\":\"https:\\\/\\\/docs.imanage.com\\\/work\\\/whats-new-in-imanage-wdw-2021-10.html#breadcrumb\"},\"inLanguage\":\"pt-BR\",\"potentialAction\":[{\"@type\":\"ReadAction\",\"target\":[\"https:\\\/\\\/docs.imanage.com\\\/work\\\/whats-new-in-imanage-wdw-2021-10.html\"]}]},{\"@type\":\"ImageObject\",\"inLanguage\":\"pt-BR\",\"@id\":\"https:\\\/\\\/docs.imanage.com\\\/work\\\/whats-new-in-imanage-wdw-2021-10.html#primaryimage\",\"url\":\"https:\\\/\\\/docs.imanage.com\\\/wp-content\\\/uploads\\\/2021\\\/09\\\/mail_merge_01-1024x151.png\",\"contentUrl\":\"https:\\\/\\\/docs.imanage.com\\\/wp-content\\\/uploads\\\/2021\\\/09\\\/mail_merge_01-1024x151.png\"},{\"@type\":\"BreadcrumbList\",\"@id\":\"https:\\\/\\\/docs.imanage.com\\\/work\\\/whats-new-in-imanage-wdw-2021-10.html#breadcrumb\",\"itemListElement\":[{\"@type\":\"ListItem\",\"position\":1,\"name\":\"Home\",\"item\":\"https:\\\/\\\/docs.imanage.com\\\/\"},{\"@type\":\"ListItem\",\"position\":2,\"name\":\"Work\",\"item\":\"https:\\\/\\\/docs.imanage.com\\\/work.html\"},{\"@type\":\"ListItem\",\"position\":3,\"name\":\"What&#8217;s new in iManage Work Desktop for Windows\"}]},{\"@type\":\"WebSite\",\"@id\":\"https:\\\/\\\/docs.imanage.com\\\/#website\",\"url\":\"https:\\\/\\\/docs.imanage.com\\\/\",\"name\":\"Docs - iManage\",\"description\":\"\",\"potentialAction\":[{\"@type\":\"SearchAction\",\"target\":{\"@type\":\"EntryPoint\",\"urlTemplate\":\"https:\\\/\\\/docs.imanage.com\\\/?s={search_term_string}\"},\"query-input\":{\"@type\":\"PropertyValueSpecification\",\"valueRequired\":true,\"valueName\":\"search_term_string\"}}],\"inLanguage\":\"pt-BR\"}]}<\/script>\n<!-- \/ Yoast SEO plugin. -->","yoast_head_json":{"title":"O que h\u00e1 de novo no iManage Work Desktop for Windows &#8211; Docs - iManage","robots":{"index":"index","follow":"follow","max-snippet":"max-snippet:-1","max-image-preview":"max-image-preview:large","max-video-preview":"max-video-preview:-1"},"canonical":"https:\/\/docs.imanage.com\/work\/whats-new-in-imanage-wdw-2021-10.html","og_locale":"pt_BR","og_type":"article","og_title":"O que h\u00e1 de novo no iManage Work Desktop for Windows &#8211; Docs - iManage","og_url":"https:\/\/docs.imanage.com\/work\/whats-new-in-imanage-wdw-2021-10.html","og_site_name":"Docs - iManage","article_modified_time":"2022-02-22T12:06:01+00:00","og_image":[{"url":"https:\/\/docs.imanage.com\/wp-content\/uploads\/2021\/09\/mail_merge_01-1024x151.png","type":"","width":"","height":""}],"twitter_card":"summary_large_image","twitter_misc":{"Est. reading time":"27 minutes"},"schema":{"@context":"https:\/\/schema.org","@graph":[{"@type":"WebPage","@id":"https:\/\/docs.imanage.com\/work\/whats-new-in-imanage-wdw-2021-10.html","url":"https:\/\/docs.imanage.com\/work\/whats-new-in-imanage-wdw-2021-10.html","name":"O que h\u00e1 de novo no iManage Work Desktop for Windows &#8211; Docs - iManage","isPartOf":{"@id":"https:\/\/docs.imanage.com\/#website"},"primaryImageOfPage":{"@id":"https:\/\/docs.imanage.com\/work\/whats-new-in-imanage-wdw-2021-10.html#primaryimage"},"image":{"@id":"https:\/\/docs.imanage.com\/work\/whats-new-in-imanage-wdw-2021-10.html#primaryimage"},"thumbnailUrl":"https:\/\/docs.imanage.com\/wp-content\/uploads\/2021\/09\/mail_merge_01-1024x151.png","datePublished":"2021-07-17T13:44:48+00:00","dateModified":"2022-02-22T12:06:01+00:00","breadcrumb":{"@id":"https:\/\/docs.imanage.com\/work\/whats-new-in-imanage-wdw-2021-10.html#breadcrumb"},"inLanguage":"pt-BR","potentialAction":[{"@type":"ReadAction","target":["https:\/\/docs.imanage.com\/work\/whats-new-in-imanage-wdw-2021-10.html"]}]},{"@type":"ImageObject","inLanguage":"pt-BR","@id":"https:\/\/docs.imanage.com\/work\/whats-new-in-imanage-wdw-2021-10.html#primaryimage","url":"https:\/\/docs.imanage.com\/wp-content\/uploads\/2021\/09\/mail_merge_01-1024x151.png","contentUrl":"https:\/\/docs.imanage.com\/wp-content\/uploads\/2021\/09\/mail_merge_01-1024x151.png"},{"@type":"BreadcrumbList","@id":"https:\/\/docs.imanage.com\/work\/whats-new-in-imanage-wdw-2021-10.html#breadcrumb","itemListElement":[{"@type":"ListItem","position":1,"name":"Home","item":"https:\/\/docs.imanage.com\/"},{"@type":"ListItem","position":2,"name":"Work","item":"https:\/\/docs.imanage.com\/work.html"},{"@type":"ListItem","position":3,"name":"What&#8217;s new in iManage Work Desktop for Windows"}]},{"@type":"WebSite","@id":"https:\/\/docs.imanage.com\/#website","url":"https:\/\/docs.imanage.com\/","name":"Docs - iManage","description":"","potentialAction":[{"@type":"SearchAction","target":{"@type":"EntryPoint","urlTemplate":"https:\/\/docs.imanage.com\/?s={search_term_string}"},"query-input":{"@type":"PropertyValueSpecification","valueRequired":true,"valueName":"search_term_string"}}],"inLanguage":"pt-BR"}]}},"_links":{"self":[{"href":"https:\/\/docs.imanage.com\/br\/wp-json\/wp\/v2\/pages\/644","targetHints":{"allow":["GET"]}}],"collection":[{"href":"https:\/\/docs.imanage.com\/br\/wp-json\/wp\/v2\/pages"}],"about":[{"href":"https:\/\/docs.imanage.com\/br\/wp-json\/wp\/v2\/types\/page"}],"author":[{"embeddable":true,"href":"https:\/\/docs.imanage.com\/br\/wp-json\/wp\/v2\/users\/4"}],"replies":[{"embeddable":true,"href":"https:\/\/docs.imanage.com\/br\/wp-json\/wp\/v2\/comments?post=644"}],"version-history":[{"count":0,"href":"https:\/\/docs.imanage.com\/br\/wp-json\/wp\/v2\/pages\/644\/revisions"}],"up":[{"embeddable":true,"href":"https:\/\/docs.imanage.com\/br\/wp-json\/wp\/v2\/pages\/146"}],"wp:attachment":[{"href":"https:\/\/docs.imanage.com\/br\/wp-json\/wp\/v2\/media?parent=644"}],"curies":[{"name":"wp","href":"https:\/\/api.w.org\/{rel}","templated":true}]}}