{"id":711,"date":"2021-09-28T13:00:57","date_gmt":"2021-09-28T13:00:57","guid":{"rendered":"https:\/\/docs.imanage.com\/?page_id=711"},"modified":"2024-04-16T17:20:33","modified_gmt":"2024-04-16T17:20:33","slug":"whats-new-in-imanage-wdw-2022-02","status":"publish","type":"page","link":"https:\/\/docs.imanage.com\/br\/work\/whats-new-in-imanage-wdw-2022-02.html","title":{"rendered":"O que h\u00e1 de novo no iManage Work Desktop for Windows"},"content":{"rendered":"<p><strong>Vers\u00e3o 10.7.1.20 (novembro de 2022)<\/strong><\/p>\n<h2>Melhorias gerais<\/h2>\n<p>Esta vers\u00e3o corrige diversos problemas. Nenhum novo recurso est\u00e1 inclu\u00eddo nesta vers\u00e3o.<\/p>\n<p><strong>Vers\u00e3o 10.7.1.1 (junho de 2022)<\/strong><\/p>\n<h2>Melhorias gerais<\/h2>\n<p>Foram adicionadas diversas melhorias para melhorar a usabilidade e o desempenho geral. Especificamente:<\/p>\n<ul>\n<li>Problemas resolvidos relacionados \u00e0 exibi\u00e7\u00e3o de resolu\u00e7\u00e3o\/escala para caixas de di\u00e1logo integradas do iManage (iManage Open, iManage Save e assim por diante). A partir de agora, ao alterar a resolu\u00e7\u00e3o e valores da tela de seu monitor ou ao usar diversos monitores com cada um definido para uma configura\u00e7\u00e3o de visualiza\u00e7\u00e3o diferente, as caixas de di\u00e1logo integradas do iManage s\u00e3o exibidas automaticamente de acordo com as configura\u00e7\u00f5es do monitor. A imagem n\u00e3o aparece mais tremida, branca, ou deslocada.<\/li>\n<li>Problemas resolvidos ao criar arquivos PDF utilizando a op\u00e7\u00e3o\u00a0<strong>salvar como PDF<\/strong> do iManage no Microsoft Word. Ao tentar criar arquivos PDF salvos em sua m\u00e1quina local, <strong>Novo documento<\/strong> \u00e9 selecionado por padr\u00e3o. Ao tentar criar arquivos PDF de documentos salvos para o iManage Work<strong>, Nova vers\u00e3o<\/strong> \u00e9 selecionado por padr\u00e3o.<\/li>\n<li>Problemas resolvidos relacionados a arquivos de configura\u00e7\u00e3o que n\u00e3o eram baixados para certos usu\u00e1rios do iManage Cloud.<\/li>\n<li>Problemas resolvidos relacionados a documentos do Microsoft Word que n\u00e3o eram verificados quando abertos na visualiza\u00e7\u00e3o protegidas e eram fechados ap\u00f3s realizar edi\u00e7\u00f5es.<\/li>\n<\/ul>\n<p><strong>Build 10.7.0.105 (Abril de 2022)<\/strong><\/p>\n<h2>O painel do iManage Work agora exibe reposta em tempo real, ao arrastar e-mails para arquivamento<\/h2>\n<p>O Painel do iManage Work atualiza automaticamente ao arrastar e-mails ou anexos para uma pasta no Painel para arquiv\u00e1-los. Ou seja, voc\u00ea pode ver as altera\u00e7\u00f5es t\u00e3o logo o e-mail ou anexo seja arquivado. Isto dispensa a necessidade de atualizar o Painel do iManage Work para confirmar a opera\u00e7\u00e3o.<\/p>\n<p><strong>OBSERVA\u00c7\u00c3O<\/strong>: Este recurso requer o iManager Work Desktop for Windows 10.6.0 ou superior, iManage Work vers\u00e3o Web 10.4.x e atualiza\u00e7\u00f5es de outubro de 2021 para usu\u00e1rios do iManage Work Cloud.<\/p>\n<p><img loading=\"lazy\" decoding=\"async\" class=\"alignnone wp-image-775\" src=\"https:\/\/docs.imanage.com\/wp-content\/uploads\/2022\/03\/WorkPanelRefresh_2.gif\" alt=\"\" width=\"800\" height=\"390\" \/><\/p>\n<h2>Modifique arquivos PDF no Adobe Acrobat Pro e Adobe Acrobat Reader no modo protegido<\/h2>\n<p>Se sua organiza\u00e7\u00e3o permite usar o Adobe Acrobat Pro ou Adobe Acrobat Reader no modo protegido apenas, voc\u00ea agora poder\u00e1 modificar arquivos PDF salvos no iManage Work usando estes aplicativos, mesmo o modo protegido estiver habilitado.<\/p>\n<p>Com o modo protegido habilitado no Adobe Acrobat Pro e Adobe Acrobat Reader, o plugin do iManage Work \u00e9 desabilitado nestes aplicativos e voc\u00ea n\u00e3o poder\u00e1 visualizar as op\u00e7\u00f5es do iManager Work, como Abrir, Salvar como etc. No entanto, ao modificar os arquivos PDF no iManager Work usando estes aplicativos, todas as edi\u00e7\u00f5es s\u00e3o salvas para o iManage Work. Para habilitar este recurso ou para obter mais informa\u00e7\u00f5es, consulte seu administrador.<\/p>\n<p><img loading=\"lazy\" decoding=\"async\" class=\"alignnone wp-image-776\" src=\"https:\/\/docs.imanage.com\/wp-content\/uploads\/2022\/03\/NonIntegration.gif\" alt=\"\" width=\"800\" height=\"450\" \/><\/p>\n<p><strong>Franc\u00eas (Canad\u00e1) agora compat\u00edvel com o iManage Work for Windows<\/strong><\/p>\n<p>O iManage Work Desktop for Windows agora exibe interface em franc\u00eas (Canad\u00e1) se este for o idioma definido para exibi\u00e7\u00e3o no Microsoft Windows e Microsoft Office.\u00a0 Para saber mais, consulte seu administrador.<\/p>\n<h1>O que h\u00e1 de novo no iManage Drive<\/h1>\n<p><strong>Build: 10.8.0 (S<b>etembro<\/b> 2022)<\/strong><\/p>\n<p>Voc\u00ea pode pesquisar um documento ou documentos armazenados dentro de um espa\u00e7o de trabalho sincronizado do iManage Drive. Selecione\u00a0 <img loading=\"lazy\" decoding=\"async\" class=\"alignnone wp-image-821\" src=\"https:\/\/docs.imanage.com\/wp-content\/uploads\/2022\/09\/Screenshot-2022-07-24-at-10.00.32-PM-1.png\" alt=\"\" width=\"25\" height=\"28\" \/>\u00a0(\u00edcone de pesquisa) no iManage Drive para abrir a janela de\u00a0<strong>Pesquisa\u00a0<\/strong>dentro do aplicativo e pesquisar documentos usando tanto uma palavra-chave, o t\u00edtulo do documento, autor\/operador antecedido pelo s\u00edmbolo @, quanto o n\u00famero do documento antecedido do s\u00edmbolo #.\u00a0Para mais informa\u00e7\u00f5es sobre este recurso, confira a se\u00e7\u00e3o\u00a0<a class=\"external-link\" href=\"https:\/\/docs.imanage.com\/drive-windows-help\/10.8.0\/en\/Searching_for_documents_in_iManage_Drive.html\" rel=\"nofollow\"><em>Buscando documentos no iManage Drive<\/em><\/a>\u00a0na\u00a0<a class=\"external-link\" href=\"https:\/\/docs.imanage.com\/drive-windows-help\/10.8.0\/en\/iManage_Drive_User_Guide.html\" rel=\"nofollow\"><em>Ajuda ao usu\u00e1rio para iManage Drive<\/em><\/a>.\u00a0O recurso de pesquisa est\u00e1 dispon\u00edvel no iManage Drive 10.8.0 ou posterior.<\/p>\n<p><img loading=\"lazy\" decoding=\"async\" class=\"alignnone wp-image-822 size-full\" src=\"https:\/\/docs.imanage.com\/wp-content\/uploads\/2022\/09\/3_searchwindows.gif\" alt=\"\" width=\"820\" height=\"659\" \/><\/p>\n<p><strong>Lan\u00e7amento anterior<\/strong>:\u00a0<a href=\"https:\/\/docs.imanage.com\/br\/work\/whats-new-in-imanage-wdw-2021-10.html\">iManage Work Desktop for Windows 10.6.0\u00a0<\/a><\/p>\n","protected":false},"excerpt":{"rendered":"<p>Vers\u00e3o 10.7.1.20 (novembro de 2022) Melhorias gerais Esta vers\u00e3o corrige diversos problemas. Nenhum novo recurso est\u00e1 inclu\u00eddo nesta vers\u00e3o. Vers\u00e3o 10.7.1.1 (junho de 2022) Melhorias gerais Foram adicionadas diversas melhorias para melhorar a usabilidade e o desempenho geral. Especificamente: Problemas resolvidos relacionados \u00e0 exibi\u00e7\u00e3o de resolu\u00e7\u00e3o\/escala para caixas de di\u00e1logo integradas do iManage (iManage Open, [&hellip;]<\/p>\n","protected":false},"author":4,"featured_media":0,"parent":146,"menu_order":0,"comment_status":"closed","ping_status":"closed","template":"","meta":{"_acf_changed":false,"footnotes":""},"class_list":["post-711","page","type-page","status-publish","hentry"],"translation":{"provider":"WPGlobus","version":"3.0.2","language":"br","enabled_languages":["en","de","fr","qc","jp","br","es","zh"],"languages":{"en":{"title":true,"content":true,"excerpt":false},"de":{"title":true,"content":true,"excerpt":false},"fr":{"title":true,"content":true,"excerpt":false},"qc":{"title":true,"content":true,"excerpt":false},"jp":{"title":true,"content":true,"excerpt":false},"br":{"title":true,"content":true,"excerpt":false},"es":{"title":true,"content":true,"excerpt":false},"zh":{"title":true,"content":true,"excerpt":false}}},"acf":[],"yoast_head":"<!-- This site is optimized with the Yoast SEO plugin v27.3 - https:\/\/yoast.com\/product\/yoast-seo-wordpress\/ -->\n<title>O que h\u00e1 de novo no iManage Work Desktop for Windows &#8211; Docs - iManage<\/title>\n<meta name=\"robots\" content=\"index, follow, max-snippet:-1, max-image-preview:large, max-video-preview:-1\" \/>\n<link rel=\"canonical\" href=\"https:\/\/docs.imanage.com\/work\/whats-new-in-imanage-wdw-2022-02.html\" \/>\n<meta property=\"og:locale\" content=\"pt_BR\" \/>\n<meta property=\"og:type\" content=\"article\" \/>\n<meta property=\"og:title\" content=\"O que h\u00e1 de novo no iManage Work Desktop for Windows &#8211; Docs - iManage\" \/>\n<meta property=\"og:url\" content=\"https:\/\/docs.imanage.com\/work\/whats-new-in-imanage-wdw-2022-02.html\" \/>\n<meta property=\"og:site_name\" content=\"Docs - iManage\" \/>\n<meta property=\"article:modified_time\" content=\"2024-04-16T17:20:33+00:00\" \/>\n<meta property=\"og:image\" content=\"https:\/\/docs.imanage.com\/wp-content\/uploads\/2022\/03\/WorkPanelRefresh_2.gif\" \/>\n<meta name=\"twitter:card\" content=\"summary_large_image\" \/>\n<meta name=\"twitter:label1\" content=\"Est. reading time\" \/>\n\t<meta name=\"twitter:data1\" content=\"2 minutes\" \/>\n<script type=\"application\/ld+json\" class=\"yoast-schema-graph\">{\"@context\":\"https:\\\/\\\/schema.org\",\"@graph\":[{\"@type\":\"WebPage\",\"@id\":\"https:\\\/\\\/docs.imanage.com\\\/work\\\/whats-new-in-imanage-wdw-2022-02.html\",\"url\":\"https:\\\/\\\/docs.imanage.com\\\/work\\\/whats-new-in-imanage-wdw-2022-02.html\",\"name\":\"O que h\u00e1 de novo no iManage Work Desktop for Windows &#8211; Docs - iManage\",\"isPartOf\":{\"@id\":\"https:\\\/\\\/docs.imanage.com\\\/#website\"},\"primaryImageOfPage\":{\"@id\":\"https:\\\/\\\/docs.imanage.com\\\/work\\\/whats-new-in-imanage-wdw-2022-02.html#primaryimage\"},\"image\":{\"@id\":\"https:\\\/\\\/docs.imanage.com\\\/work\\\/whats-new-in-imanage-wdw-2022-02.html#primaryimage\"},\"thumbnailUrl\":\"https:\\\/\\\/docs.imanage.com\\\/wp-content\\\/uploads\\\/2022\\\/03\\\/WorkPanelRefresh_2.gif\",\"datePublished\":\"2021-09-28T13:00:57+00:00\",\"dateModified\":\"2024-04-16T17:20:33+00:00\",\"breadcrumb\":{\"@id\":\"https:\\\/\\\/docs.imanage.com\\\/work\\\/whats-new-in-imanage-wdw-2022-02.html#breadcrumb\"},\"inLanguage\":\"pt-BR\",\"potentialAction\":[{\"@type\":\"ReadAction\",\"target\":[\"https:\\\/\\\/docs.imanage.com\\\/work\\\/whats-new-in-imanage-wdw-2022-02.html\"]}]},{\"@type\":\"ImageObject\",\"inLanguage\":\"pt-BR\",\"@id\":\"https:\\\/\\\/docs.imanage.com\\\/work\\\/whats-new-in-imanage-wdw-2022-02.html#primaryimage\",\"url\":\"https:\\\/\\\/docs.imanage.com\\\/wp-content\\\/uploads\\\/2022\\\/03\\\/WorkPanelRefresh_2.gif\",\"contentUrl\":\"https:\\\/\\\/docs.imanage.com\\\/wp-content\\\/uploads\\\/2022\\\/03\\\/WorkPanelRefresh_2.gif\"},{\"@type\":\"BreadcrumbList\",\"@id\":\"https:\\\/\\\/docs.imanage.com\\\/work\\\/whats-new-in-imanage-wdw-2022-02.html#breadcrumb\",\"itemListElement\":[{\"@type\":\"ListItem\",\"position\":1,\"name\":\"Home\",\"item\":\"https:\\\/\\\/docs.imanage.com\\\/\"},{\"@type\":\"ListItem\",\"position\":2,\"name\":\"Work\",\"item\":\"https:\\\/\\\/docs.imanage.com\\\/work.html\"},{\"@type\":\"ListItem\",\"position\":3,\"name\":\"What\u2019s new in iManage Work Desktop for Windows\"}]},{\"@type\":\"WebSite\",\"@id\":\"https:\\\/\\\/docs.imanage.com\\\/#website\",\"url\":\"https:\\\/\\\/docs.imanage.com\\\/\",\"name\":\"Docs - iManage\",\"description\":\"\",\"potentialAction\":[{\"@type\":\"SearchAction\",\"target\":{\"@type\":\"EntryPoint\",\"urlTemplate\":\"https:\\\/\\\/docs.imanage.com\\\/?s={search_term_string}\"},\"query-input\":{\"@type\":\"PropertyValueSpecification\",\"valueRequired\":true,\"valueName\":\"search_term_string\"}}],\"inLanguage\":\"pt-BR\"}]}<\/script>\n<!-- \/ Yoast SEO plugin. -->","yoast_head_json":{"title":"O que h\u00e1 de novo no iManage Work Desktop for Windows &#8211; Docs - iManage","robots":{"index":"index","follow":"follow","max-snippet":"max-snippet:-1","max-image-preview":"max-image-preview:large","max-video-preview":"max-video-preview:-1"},"canonical":"https:\/\/docs.imanage.com\/work\/whats-new-in-imanage-wdw-2022-02.html","og_locale":"pt_BR","og_type":"article","og_title":"O que h\u00e1 de novo no iManage Work Desktop for Windows &#8211; Docs - iManage","og_url":"https:\/\/docs.imanage.com\/work\/whats-new-in-imanage-wdw-2022-02.html","og_site_name":"Docs - iManage","article_modified_time":"2024-04-16T17:20:33+00:00","og_image":[{"url":"https:\/\/docs.imanage.com\/wp-content\/uploads\/2022\/03\/WorkPanelRefresh_2.gif","type":"","width":"","height":""}],"twitter_card":"summary_large_image","twitter_misc":{"Est. reading time":"2 minutes"},"schema":{"@context":"https:\/\/schema.org","@graph":[{"@type":"WebPage","@id":"https:\/\/docs.imanage.com\/work\/whats-new-in-imanage-wdw-2022-02.html","url":"https:\/\/docs.imanage.com\/work\/whats-new-in-imanage-wdw-2022-02.html","name":"O que h\u00e1 de novo no iManage Work Desktop for Windows &#8211; Docs - iManage","isPartOf":{"@id":"https:\/\/docs.imanage.com\/#website"},"primaryImageOfPage":{"@id":"https:\/\/docs.imanage.com\/work\/whats-new-in-imanage-wdw-2022-02.html#primaryimage"},"image":{"@id":"https:\/\/docs.imanage.com\/work\/whats-new-in-imanage-wdw-2022-02.html#primaryimage"},"thumbnailUrl":"https:\/\/docs.imanage.com\/wp-content\/uploads\/2022\/03\/WorkPanelRefresh_2.gif","datePublished":"2021-09-28T13:00:57+00:00","dateModified":"2024-04-16T17:20:33+00:00","breadcrumb":{"@id":"https:\/\/docs.imanage.com\/work\/whats-new-in-imanage-wdw-2022-02.html#breadcrumb"},"inLanguage":"pt-BR","potentialAction":[{"@type":"ReadAction","target":["https:\/\/docs.imanage.com\/work\/whats-new-in-imanage-wdw-2022-02.html"]}]},{"@type":"ImageObject","inLanguage":"pt-BR","@id":"https:\/\/docs.imanage.com\/work\/whats-new-in-imanage-wdw-2022-02.html#primaryimage","url":"https:\/\/docs.imanage.com\/wp-content\/uploads\/2022\/03\/WorkPanelRefresh_2.gif","contentUrl":"https:\/\/docs.imanage.com\/wp-content\/uploads\/2022\/03\/WorkPanelRefresh_2.gif"},{"@type":"BreadcrumbList","@id":"https:\/\/docs.imanage.com\/work\/whats-new-in-imanage-wdw-2022-02.html#breadcrumb","itemListElement":[{"@type":"ListItem","position":1,"name":"Home","item":"https:\/\/docs.imanage.com\/"},{"@type":"ListItem","position":2,"name":"Work","item":"https:\/\/docs.imanage.com\/work.html"},{"@type":"ListItem","position":3,"name":"What\u2019s new in iManage Work Desktop for Windows"}]},{"@type":"WebSite","@id":"https:\/\/docs.imanage.com\/#website","url":"https:\/\/docs.imanage.com\/","name":"Docs - iManage","description":"","potentialAction":[{"@type":"SearchAction","target":{"@type":"EntryPoint","urlTemplate":"https:\/\/docs.imanage.com\/?s={search_term_string}"},"query-input":{"@type":"PropertyValueSpecification","valueRequired":true,"valueName":"search_term_string"}}],"inLanguage":"pt-BR"}]}},"_links":{"self":[{"href":"https:\/\/docs.imanage.com\/br\/wp-json\/wp\/v2\/pages\/711","targetHints":{"allow":["GET"]}}],"collection":[{"href":"https:\/\/docs.imanage.com\/br\/wp-json\/wp\/v2\/pages"}],"about":[{"href":"https:\/\/docs.imanage.com\/br\/wp-json\/wp\/v2\/types\/page"}],"author":[{"embeddable":true,"href":"https:\/\/docs.imanage.com\/br\/wp-json\/wp\/v2\/users\/4"}],"replies":[{"embeddable":true,"href":"https:\/\/docs.imanage.com\/br\/wp-json\/wp\/v2\/comments?post=711"}],"version-history":[{"count":0,"href":"https:\/\/docs.imanage.com\/br\/wp-json\/wp\/v2\/pages\/711\/revisions"}],"up":[{"embeddable":true,"href":"https:\/\/docs.imanage.com\/br\/wp-json\/wp\/v2\/pages\/146"}],"wp:attachment":[{"href":"https:\/\/docs.imanage.com\/br\/wp-json\/wp\/v2\/media?parent=711"}],"curies":[{"name":"wp","href":"https:\/\/api.w.org\/{rel}","templated":true}]}}