{"id":794,"date":"2022-04-22T09:46:17","date_gmt":"2022-04-22T09:46:17","guid":{"rendered":"https:\/\/docs.imanage.com\/?page_id=794"},"modified":"2024-04-16T17:21:25","modified_gmt":"2024-04-16T17:21:25","slug":"whats-new-in-imanage-wdw-10-8-0","status":"publish","type":"page","link":"https:\/\/docs.imanage.com\/br\/work\/whats-new-in-imanage-wdw-10-8-0.html","title":{"rendered":"O que h\u00e1 de novo no iManage Work Desktop for Windows"},"content":{"rendered":"<p>Vers\u00e3o 10.8.0.98 (outubro de 2022)<\/p>\n<h2>Vincule ou incorpore arquivos do Microsoft Excel junto com o iManage Links Manager<\/h2>\n<p>Para acesso r\u00e1pido \u00e0s informa\u00e7\u00f5es relacionadas em outro arquivo do Microsoft Excel, agora, voc\u00ea pode inserir um link direto em uma planilha. Voc\u00ea tamb\u00e9m pode incorporar um arquivo do Microsoft Excel completo a uma planilha. Isto \u00e9 poss\u00edvel com o painel iManage Links Manager.<\/p>\n<p>Para usar o painel do iManage Links Manager, voc\u00ea deve usar:<\/p>\n<ul>\n<li>Microsoft Excel 2016 ou Microsoft Excel no Microsoft 365.<\/li>\n<li>iManage Excel 10.7.1 ou posterior, instalado e em execu\u00e7\u00e3o.<\/li>\n<\/ul>\n<p>Para saber mais, contate seu administrador.<\/p>\n<p><img loading=\"lazy\" decoding=\"async\" class=\"alignnone wp-image-811 size-full\" src=\"https:\/\/docs.imanage.com\/wp-content\/uploads\/2022\/09\/04_OLE_Linking.gif\" alt=\"\" width=\"920\" height=\"519\" \/><\/p>\n<h2>Renomeie o assunto do e-mail no iManage Work ao arquivar os e-mails<\/h2>\n<p id=\"id-.iManageWork10forOfficeandEmailManagementforOutlookReleaseNotes(10.1)v10.8.0_WDW-RenamingemailsubjectiniManageWorkwhenfillingemails\" class=\"with-breadcrumbs\"><span style=\"color: #333333; font-size: 1rem;\">Voc\u00ea pode atualizar um assunto de e-mail ao preencher os e-mails para o iManage Work ao marcar a caixa de sele\u00e7\u00e3o <\/span><img loading=\"lazy\" decoding=\"async\" class=\"alignnone size-full wp-image-809\" style=\"color: #333333; font-size: 1rem;\" src=\"https:\/\/docs.imanage.com\/wp-content\/uploads\/2022\/08\/checkbox_rename_filing.png\" alt=\"\" width=\"42\" height=\"29\" \/><strong style=\"color: #333333; font-size: 1rem;\">\u00a0<\/strong><span style=\"color: #333333; font-size: 1rem;\">(renomear e-mail(s) ao arquivar) dispon\u00edvel na barra de ferramentas EMM e a caixa de di\u00e1logo<\/span> <span style=\"color: #333333; font-size: 1rem;\"><strong>Selecionar local de arquivamento<\/strong>. Para ativar este recurso, consulte seu administrador.<\/span><\/p>\n<p><strong>OBSERVA\u00c7\u00c3O<\/strong>: Ao alterar o assunto do e-mail antes de arquivar no iManage Work,<\/p>\n<ul>\n<li>somente o campo <strong>Assunto<\/strong> no iManage Work \u00e9 atualizado com o novo nome.<\/li>\n<li>O assunto do e-mal n\u00e3o muda no Microsoft Outlook.<\/li>\n<li>O assunto original \u00e9 exibido ao abrir, responder ou encaminhar o e-mail do iManage Work ou do painel do iManage Work.<\/li>\n<\/ul>\n<p><img loading=\"lazy\" decoding=\"async\" class=\"alignnone size-full wp-image-812\" src=\"https:\/\/docs.imanage.com\/wp-content\/uploads\/2022\/09\/01_RenameEmails.gif\" alt=\"\" width=\"920\" height=\"472\" \/><\/p>\n<h2>iManage Work Desktop for Windows oferece compatibilidade de acessibilidade 508<\/h2>\n<p>iManage Work Desktop for Windows oferece compatibilidade de acessibilidade 508, de acordo com a Se\u00e7\u00e3o 508 das regulamenta\u00e7\u00f5es governamentais.<\/p>\n<p>Voc\u00ea agora pode usar o software de leitura de tela JAWS 2021 ou JAWS 2022 para ler ou usar alternativas de teclado para cliques de mouse ao usar:<\/p>\n<ul>\n<li>guia, faixa, menus, caixas de di\u00e1logo e pain\u00e9is do iManage dispon\u00edveis nos aplicativos Microsoft Word, Microsoft Excel, Microsoft PowerPoint, Microsoft Outlook, Microsoft Visio, e MS Project<\/li>\n<li>guias, menus, caixas de di\u00e1logo e pain\u00e9is do iManage dispon\u00edveis no Adobe Acrobat\u00a0Reader DC\u00a0e Adobe Acrobat Pro DC<\/li>\n<li>Barra de ferramentas de gerenciamento de e-mails e caixa de di\u00e1logo de sele\u00e7\u00e3o de local de arquivamento no Microsoft Outlook.<\/li>\n<li id=\"title-text\" class=\"with-breadcrumbs\"><span class=\"sv-ti-title-text\">Painel de iManage Work<\/span><\/li>\n<li>iManage Work Agent<\/li>\n<\/ul>\n<p>Para ativar este recurso, consulte seu administrador.<\/p>\n<h2>Inser\u00e7\u00e3o de anexos do iManage Work usando a guia Inserir<\/h2>\n<p>Voc\u00ea pode inserir documentos salvos para o iManage Work ao criar tarefas, reuni\u00f5es ou compromissos, usando a op\u00e7\u00e3o <strong>Inserir Anexo do iManage<\/strong>, agora dispon\u00edvel na guia Inserir na janela <strong>Nova Tarefa, Nova Reuni\u00e3o<\/strong> ou <strong>Novo Compromisso<\/strong> no Microsoft Outlook.<\/p>\n<p>Janela Novo Compromisso<\/p>\n<p><img loading=\"lazy\" decoding=\"async\" class=\"alignnone wp-image-816 size-full\" src=\"https:\/\/docs.imanage.com\/wp-content\/uploads\/2022\/09\/02_Attachment_meeting-1.gif\" alt=\"\" width=\"920\" height=\"472\" \/><\/p>\n<p>Janela Nova Tarefa<\/p>\n<p><img loading=\"lazy\" decoding=\"async\" class=\"alignnone wp-image-817 size-full\" src=\"https:\/\/docs.imanage.com\/wp-content\/uploads\/2022\/09\/03_Attachment_Task-1.gif\" alt=\"\" width=\"920\" height=\"472\" \/><\/p>\n<h1>O que h\u00e1 de novo no iManage Drive<\/h1>\n<p>Build: 10.8.0 (Setembro 2022)<\/p>\n<h2 id=\"id-.ForBeamerv10.8.0-Pesquisadispon\u00edvelagoranoiManageDrive\">Pesquisa dispon\u00edvel agora no iManage Drive<\/h2>\n<p>Voc\u00ea pode pesquisar um documento ou documentos armazenados dentro de um espa\u00e7o de trabalho sincronizado do iManage Drive. Selecione\u00a0 <img loading=\"lazy\" decoding=\"async\" class=\"alignnone wp-image-821\" src=\"https:\/\/docs.imanage.com\/wp-content\/uploads\/2022\/09\/Screenshot-2022-07-24-at-10.00.32-PM-1.png\" alt=\"\" width=\"25\" height=\"28\" \/>\u00a0(\u00edcone de pesquisa) no iManage Drive para abrir a janela de\u00a0<strong>Pesquisa\u00a0<\/strong>dentro do aplicativo e pesquisar documentos usando tanto uma palavra-chave, o t\u00edtulo do documento, autor\/operador antecedido pelo s\u00edmbolo @, quanto o n\u00famero do documento antecedido do s\u00edmbolo #.\u00a0Para mais informa\u00e7\u00f5es sobre este recurso, confira a se\u00e7\u00e3o\u00a0<a class=\"external-link\" href=\"https:\/\/docs.imanage.com\/drive-windows-help\/10.8.0\/en\/Searching_for_documents_in_iManage_Drive.html\" rel=\"nofollow\"><em>Buscando documentos no iManage Drive<\/em><\/a>\u00a0na\u00a0<a class=\"external-link\" href=\"https:\/\/docs.imanage.com\/drive-windows-help\/10.8.0\/en\/iManage_Drive_User_Guide.html\" rel=\"nofollow\"><em>Ajuda ao usu\u00e1rio para iManage Drive<\/em><\/a>.\u00a0O recurso de pesquisa est\u00e1 dispon\u00edvel no iManage Drive 10.8.0 ou posterior.<\/p>\n<p><img loading=\"lazy\" decoding=\"async\" class=\"alignnone wp-image-822 size-full\" src=\"https:\/\/docs.imanage.com\/wp-content\/uploads\/2022\/09\/3_searchwindows.gif\" alt=\"\" width=\"820\" height=\"659\" \/><\/p>\n<p><strong>Previous release<\/strong>:\u00a0<a href=\"https:\/\/docs.imanage.com\/br\/work\/whats-new-in-imanage-wdw-2022-02.html\">iManage Desktop for Windows 10.7\u00a0<\/a><\/p>\n","protected":false},"excerpt":{"rendered":"<p>Vers\u00e3o 10.8.0.98 (outubro de 2022) Vincule ou incorpore arquivos do Microsoft Excel junto com o iManage Links Manager Para acesso r\u00e1pido \u00e0s informa\u00e7\u00f5es relacionadas em outro arquivo do Microsoft Excel, agora, voc\u00ea pode inserir um link direto em uma planilha. Voc\u00ea tamb\u00e9m pode incorporar um arquivo do Microsoft Excel completo a uma planilha. Isto \u00e9 [&hellip;]<\/p>\n","protected":false},"author":4,"featured_media":0,"parent":146,"menu_order":0,"comment_status":"closed","ping_status":"closed","template":"","meta":{"_acf_changed":false,"footnotes":""},"class_list":["post-794","page","type-page","status-publish","hentry"],"translation":{"provider":"WPGlobus","version":"3.0.2","language":"br","enabled_languages":["en","de","fr","qc","jp","br","es","zh"],"languages":{"en":{"title":true,"content":true,"excerpt":false},"de":{"title":true,"content":true,"excerpt":false},"fr":{"title":true,"content":true,"excerpt":false},"qc":{"title":true,"content":true,"excerpt":false},"jp":{"title":true,"content":true,"excerpt":false},"br":{"title":true,"content":true,"excerpt":false},"es":{"title":true,"content":true,"excerpt":false},"zh":{"title":true,"content":true,"excerpt":false}}},"acf":[],"yoast_head":"<!-- This site is optimized with the Yoast SEO plugin v27.3 - https:\/\/yoast.com\/product\/yoast-seo-wordpress\/ -->\n<title>O que h\u00e1 de novo no iManage Work Desktop for Windows &#8211; Docs - iManage<\/title>\n<meta name=\"robots\" content=\"index, follow, max-snippet:-1, max-image-preview:large, max-video-preview:-1\" \/>\n<link rel=\"canonical\" href=\"https:\/\/docs.imanage.com\/work\/whats-new-in-imanage-wdw-10-8-0.html\" \/>\n<meta property=\"og:locale\" content=\"pt_BR\" \/>\n<meta property=\"og:type\" content=\"article\" \/>\n<meta property=\"og:title\" content=\"O que h\u00e1 de novo no iManage Work Desktop for Windows &#8211; Docs - iManage\" \/>\n<meta property=\"og:url\" content=\"https:\/\/docs.imanage.com\/work\/whats-new-in-imanage-wdw-10-8-0.html\" \/>\n<meta property=\"og:site_name\" content=\"Docs - iManage\" \/>\n<meta property=\"article:modified_time\" content=\"2024-04-16T17:21:25+00:00\" \/>\n<meta property=\"og:image\" content=\"https:\/\/docs.imanage.com\/wp-content\/uploads\/2022\/09\/04_OLE_Linking.gif\" \/>\n<meta name=\"twitter:card\" content=\"summary_large_image\" \/>\n<meta name=\"twitter:label1\" content=\"Est. reading time\" \/>\n\t<meta name=\"twitter:data1\" content=\"4 minutes\" \/>\n<script type=\"application\/ld+json\" class=\"yoast-schema-graph\">{\"@context\":\"https:\\\/\\\/schema.org\",\"@graph\":[{\"@type\":\"WebPage\",\"@id\":\"https:\\\/\\\/docs.imanage.com\\\/work\\\/whats-new-in-imanage-wdw-10-8-0.html\",\"url\":\"https:\\\/\\\/docs.imanage.com\\\/work\\\/whats-new-in-imanage-wdw-10-8-0.html\",\"name\":\"O que h\u00e1 de novo no iManage Work Desktop for Windows &#8211; Docs - iManage\",\"isPartOf\":{\"@id\":\"https:\\\/\\\/docs.imanage.com\\\/#website\"},\"primaryImageOfPage\":{\"@id\":\"https:\\\/\\\/docs.imanage.com\\\/work\\\/whats-new-in-imanage-wdw-10-8-0.html#primaryimage\"},\"image\":{\"@id\":\"https:\\\/\\\/docs.imanage.com\\\/work\\\/whats-new-in-imanage-wdw-10-8-0.html#primaryimage\"},\"thumbnailUrl\":\"https:\\\/\\\/docs.imanage.com\\\/wp-content\\\/uploads\\\/2022\\\/09\\\/04_OLE_Linking.gif\",\"datePublished\":\"2022-04-22T09:46:17+00:00\",\"dateModified\":\"2024-04-16T17:21:25+00:00\",\"breadcrumb\":{\"@id\":\"https:\\\/\\\/docs.imanage.com\\\/work\\\/whats-new-in-imanage-wdw-10-8-0.html#breadcrumb\"},\"inLanguage\":\"pt-BR\",\"potentialAction\":[{\"@type\":\"ReadAction\",\"target\":[\"https:\\\/\\\/docs.imanage.com\\\/work\\\/whats-new-in-imanage-wdw-10-8-0.html\"]}]},{\"@type\":\"ImageObject\",\"inLanguage\":\"pt-BR\",\"@id\":\"https:\\\/\\\/docs.imanage.com\\\/work\\\/whats-new-in-imanage-wdw-10-8-0.html#primaryimage\",\"url\":\"https:\\\/\\\/docs.imanage.com\\\/wp-content\\\/uploads\\\/2022\\\/09\\\/04_OLE_Linking.gif\",\"contentUrl\":\"https:\\\/\\\/docs.imanage.com\\\/wp-content\\\/uploads\\\/2022\\\/09\\\/04_OLE_Linking.gif\"},{\"@type\":\"BreadcrumbList\",\"@id\":\"https:\\\/\\\/docs.imanage.com\\\/work\\\/whats-new-in-imanage-wdw-10-8-0.html#breadcrumb\",\"itemListElement\":[{\"@type\":\"ListItem\",\"position\":1,\"name\":\"Home\",\"item\":\"https:\\\/\\\/docs.imanage.com\\\/\"},{\"@type\":\"ListItem\",\"position\":2,\"name\":\"Work\",\"item\":\"https:\\\/\\\/docs.imanage.com\\\/work.html\"},{\"@type\":\"ListItem\",\"position\":3,\"name\":\"What\u2019s new in iManage Work Desktop for Windows\"}]},{\"@type\":\"WebSite\",\"@id\":\"https:\\\/\\\/docs.imanage.com\\\/#website\",\"url\":\"https:\\\/\\\/docs.imanage.com\\\/\",\"name\":\"Docs - iManage\",\"description\":\"\",\"potentialAction\":[{\"@type\":\"SearchAction\",\"target\":{\"@type\":\"EntryPoint\",\"urlTemplate\":\"https:\\\/\\\/docs.imanage.com\\\/?s={search_term_string}\"},\"query-input\":{\"@type\":\"PropertyValueSpecification\",\"valueRequired\":true,\"valueName\":\"search_term_string\"}}],\"inLanguage\":\"pt-BR\"}]}<\/script>\n<!-- \/ Yoast SEO plugin. -->","yoast_head_json":{"title":"O que h\u00e1 de novo no iManage Work Desktop for Windows &#8211; Docs - iManage","robots":{"index":"index","follow":"follow","max-snippet":"max-snippet:-1","max-image-preview":"max-image-preview:large","max-video-preview":"max-video-preview:-1"},"canonical":"https:\/\/docs.imanage.com\/work\/whats-new-in-imanage-wdw-10-8-0.html","og_locale":"pt_BR","og_type":"article","og_title":"O que h\u00e1 de novo no iManage Work Desktop for Windows &#8211; Docs - iManage","og_url":"https:\/\/docs.imanage.com\/work\/whats-new-in-imanage-wdw-10-8-0.html","og_site_name":"Docs - iManage","article_modified_time":"2024-04-16T17:21:25+00:00","og_image":[{"url":"https:\/\/docs.imanage.com\/wp-content\/uploads\/2022\/09\/04_OLE_Linking.gif","type":"","width":"","height":""}],"twitter_card":"summary_large_image","twitter_misc":{"Est. reading time":"4 minutes"},"schema":{"@context":"https:\/\/schema.org","@graph":[{"@type":"WebPage","@id":"https:\/\/docs.imanage.com\/work\/whats-new-in-imanage-wdw-10-8-0.html","url":"https:\/\/docs.imanage.com\/work\/whats-new-in-imanage-wdw-10-8-0.html","name":"O que h\u00e1 de novo no iManage Work Desktop for Windows &#8211; Docs - iManage","isPartOf":{"@id":"https:\/\/docs.imanage.com\/#website"},"primaryImageOfPage":{"@id":"https:\/\/docs.imanage.com\/work\/whats-new-in-imanage-wdw-10-8-0.html#primaryimage"},"image":{"@id":"https:\/\/docs.imanage.com\/work\/whats-new-in-imanage-wdw-10-8-0.html#primaryimage"},"thumbnailUrl":"https:\/\/docs.imanage.com\/wp-content\/uploads\/2022\/09\/04_OLE_Linking.gif","datePublished":"2022-04-22T09:46:17+00:00","dateModified":"2024-04-16T17:21:25+00:00","breadcrumb":{"@id":"https:\/\/docs.imanage.com\/work\/whats-new-in-imanage-wdw-10-8-0.html#breadcrumb"},"inLanguage":"pt-BR","potentialAction":[{"@type":"ReadAction","target":["https:\/\/docs.imanage.com\/work\/whats-new-in-imanage-wdw-10-8-0.html"]}]},{"@type":"ImageObject","inLanguage":"pt-BR","@id":"https:\/\/docs.imanage.com\/work\/whats-new-in-imanage-wdw-10-8-0.html#primaryimage","url":"https:\/\/docs.imanage.com\/wp-content\/uploads\/2022\/09\/04_OLE_Linking.gif","contentUrl":"https:\/\/docs.imanage.com\/wp-content\/uploads\/2022\/09\/04_OLE_Linking.gif"},{"@type":"BreadcrumbList","@id":"https:\/\/docs.imanage.com\/work\/whats-new-in-imanage-wdw-10-8-0.html#breadcrumb","itemListElement":[{"@type":"ListItem","position":1,"name":"Home","item":"https:\/\/docs.imanage.com\/"},{"@type":"ListItem","position":2,"name":"Work","item":"https:\/\/docs.imanage.com\/work.html"},{"@type":"ListItem","position":3,"name":"What\u2019s new in iManage Work Desktop for Windows"}]},{"@type":"WebSite","@id":"https:\/\/docs.imanage.com\/#website","url":"https:\/\/docs.imanage.com\/","name":"Docs - iManage","description":"","potentialAction":[{"@type":"SearchAction","target":{"@type":"EntryPoint","urlTemplate":"https:\/\/docs.imanage.com\/?s={search_term_string}"},"query-input":{"@type":"PropertyValueSpecification","valueRequired":true,"valueName":"search_term_string"}}],"inLanguage":"pt-BR"}]}},"_links":{"self":[{"href":"https:\/\/docs.imanage.com\/br\/wp-json\/wp\/v2\/pages\/794","targetHints":{"allow":["GET"]}}],"collection":[{"href":"https:\/\/docs.imanage.com\/br\/wp-json\/wp\/v2\/pages"}],"about":[{"href":"https:\/\/docs.imanage.com\/br\/wp-json\/wp\/v2\/types\/page"}],"author":[{"embeddable":true,"href":"https:\/\/docs.imanage.com\/br\/wp-json\/wp\/v2\/users\/4"}],"replies":[{"embeddable":true,"href":"https:\/\/docs.imanage.com\/br\/wp-json\/wp\/v2\/comments?post=794"}],"version-history":[{"count":0,"href":"https:\/\/docs.imanage.com\/br\/wp-json\/wp\/v2\/pages\/794\/revisions"}],"up":[{"embeddable":true,"href":"https:\/\/docs.imanage.com\/br\/wp-json\/wp\/v2\/pages\/146"}],"wp:attachment":[{"href":"https:\/\/docs.imanage.com\/br\/wp-json\/wp\/v2\/media?parent=794"}],"curies":[{"name":"wp","href":"https:\/\/api.w.org\/{rel}","templated":true}]}}