{"id":832,"date":"2022-11-11T18:32:52","date_gmt":"2022-11-11T18:32:52","guid":{"rendered":"https:\/\/docs.imanage.com\/?page_id=832"},"modified":"2024-04-16T18:16:34","modified_gmt":"2024-04-16T18:16:34","slug":"whats-new-in-imanage-wdw-10-9-0","status":"publish","type":"page","link":"https:\/\/docs.imanage.com\/br\/work\/whats-new-in-imanage-wdw-10-9-0.html","title":{"rendered":"O que h\u00e1 de novo no iManage Work Desktop for Windows"},"content":{"rendered":"<p>Cria\u00e7\u00e3o: no: 10.9.1.14 (setembro 2023)<\/p>\n<h2>A caixa de di\u00e1logo Salvar Como ret\u00e9m a \u00faltima localiza\u00e7\u00e3o<\/h2>\n<p>A partir de agora, ao utilizar a op\u00e7\u00e3o iManage Work Save As para salvar um documento novo ou anexo, a caixa de di\u00e1logo iManage Save As ret\u00e9m a \u00faltima localiza\u00e7\u00e3o, o que significa que voc\u00ea n\u00e3o precisa mais navegar pela pasta toda vez.<\/p>\n<p>Adicionalmente, ao salvar um documento preexistente utilizando a op\u00e7\u00e3o Salvar Como, a caixa de di\u00e1logo padr\u00e3o Salvar Como navega at\u00e9 o local onde o documento foi aberto.<\/p>\n<h2>Acessibilidade Aumentada ao Painel iManage Offline<\/h2>\n<p>Agora voc\u00ea pode utilizar o leitor de tela Job Access With Speech (JAWS) 2022 com o painel iManage Offline. Voc\u00ea tamb\u00e9m pode utilizar as alternativas de teclado para cliques de mouse no painel iManage Offline.<\/p>\n<p>Para maiores informa\u00e7\u00f5es sobre uso de alternativas de teclado para o painel iManage Offline, consulte a se\u00e7\u00e3o <em>Visualizando e Carregando Documentos Offline<\/em> em <em>iManage Work Desktop for Windows Help.<\/em><\/p>\n<h2>Processo Mais Eficiente de Login para iManage Work Desktop for Windows<\/h2>\n<p>Agora voc\u00ea pode logar no iManage Work Desktop for Windows utilizando seu navegador padr\u00e3o ao inv\u00e9s da caixa de di\u00e1logo Login. Essa funcionalidade \u00e9 \u00fatil especialmente quando voc\u00ea esbarra em um problema com a caixa de di\u00e1logo tradicional de Login.<\/p>\n<p><img loading=\"lazy\" decoding=\"async\" class=\"alignnone wp-image-877\" src=\"https:\/\/docs.imanage.com\/wp-content\/uploads\/2023\/07\/LoginNew_GIF.gif\" alt=\"\" width=\"700\" height=\"423\" \/><\/p>\n<p>Cria\u00e7\u00e3o: no: 10.9.0.91 (Abril 2023)<\/p>\n<h2>Aperfei\u00e7oamento das atualiza\u00e7\u00f5es autom\u00e1ticas do iManage<\/h2>\n<p>Aperfei\u00e7oamos nossas atualiza\u00e7\u00f5es autom\u00e1ticas iManage. A partir de agora, depois de instalar ou fazer o upgrade do iManage Work Desktop for Windows 10.9.0:<\/p>\n<ul>\n<li>Voc\u00ea n\u00e3o precisa mais fechar seus aplicativos Microsoft Office ou Adobe Acrobat quando fizer o upgrade para uma vers\u00e3o mais recente fabricada ou configurada do aplicativo. Depois de instalar a atualiza\u00e7\u00e3o, uma InfoBar amarela aparece em seu aplicativo Microsoft Office, exceto para Microsoft Visio.<\/li>\n<li>Voc\u00ea pode garantir que suas atualiza\u00e7\u00f5es sejam instaladas automaticamente em seu computador sem ter que fazer nada.<\/li>\n<\/ul>\n<p><img loading=\"lazy\" decoding=\"async\" class=\"alignnone wp-image-859 size-full\" src=\"https:\/\/docs.imanage.com\/wp-content\/uploads\/2023\/04\/2023-04-12_14-12-43.png\" alt=\"\" width=\"1200\" height=\"60\" srcset=\"https:\/\/docs.imanage.com\/wp-content\/uploads\/2023\/04\/2023-04-12_14-12-43.png 1200w, https:\/\/docs.imanage.com\/wp-content\/uploads\/2023\/04\/2023-04-12_14-12-43-300x15.png 300w, https:\/\/docs.imanage.com\/wp-content\/uploads\/2023\/04\/2023-04-12_14-12-43-1024x51.png 1024w, https:\/\/docs.imanage.com\/wp-content\/uploads\/2023\/04\/2023-04-12_14-12-43-768x38.png 768w\" sizes=\"auto, (max-width: 1200px) 100vw, 1200px\" \/><\/p>\n<p>Para utilizar todas as vantagens das atualiza\u00e7\u00f5es autom\u00e1ticas de iManage, consulte seu administrador ou verifique o <a href=\"https:\/\/docs.imanage.com\/wdw-install-help\/10.9.0\/en\/iManage_Work_Desktop_for_Windows_Installation_Help.html\"><em>Guia de instala\u00e7\u00e3o do iManage Work Desktop for Windows<\/em><\/a>.<\/p>\n<p><strong>OBSERVA\u00c7\u00c3O<\/strong>: Voc\u00ea pode utilizar as vantagens acima somente se estiver fazendo o upgrade do iManage Work Desktop for Windows 10.9.0 para uma vers\u00e3o mais recente do aplicativo. Estas vantagens n\u00e3o est\u00e3o dispon\u00edveis se voc\u00ea estiver fazendo o upgrade de uma vers\u00e3o precedente \u00e0 iManage Work Desktop for Windows (10.8.0 e anteriores).<\/p>\n<h2>Mudan\u00e7as no modelo de coautoria<\/h2>\n<p>Quando voc\u00ea terminar a coautoria de um documento e salv\u00e1-lo como um novo documento, ver\u00e1 um modelo de e-mail com links para o documento original e para o novo documento. Os destinat\u00e1rios podem ent\u00e3o selecionar o antigo ou o novo documento para o coautor.<\/p>\n<p><img loading=\"lazy\" decoding=\"async\" class=\"alignnone wp-image-857 size-full\" src=\"https:\/\/docs.imanage.com\/wp-content\/uploads\/2023\/04\/coauthor_template.png\" alt=\"\" width=\"1658\" height=\"729\" srcset=\"https:\/\/docs.imanage.com\/wp-content\/uploads\/2023\/04\/coauthor_template.png 1658w, https:\/\/docs.imanage.com\/wp-content\/uploads\/2023\/04\/coauthor_template-300x132.png 300w, https:\/\/docs.imanage.com\/wp-content\/uploads\/2023\/04\/coauthor_template-1024x450.png 1024w, https:\/\/docs.imanage.com\/wp-content\/uploads\/2023\/04\/coauthor_template-768x338.png 768w, https:\/\/docs.imanage.com\/wp-content\/uploads\/2023\/04\/coauthor_template-1536x675.png 1536w\" sizes=\"auto, (max-width: 1658px) 100vw, 1658px\" \/><\/p>\n<h2>Maior acessibilidade \u00e0 caixa de di\u00e1logo Navegar e Arquivar e \u00e0 barra de ferramentas EMM<\/h2>\n<p>Voc\u00ea pode agora utilizar o leitor de tela JAWS com a caixa de di\u00e1logo Navegar e Arquivar e a barra de ferramenta EMM. Voc\u00ea tamb\u00e9m pode utilizar as alternativas do teclado para clicar com o mouse na barra de ferramentas EMM e na caixa de di\u00e1logo Selecionar o Local de Arquivamento.<\/p>\n<p>Para obter mais informa\u00e7\u00f5es sobre como utilizar as alternativas no teclado para a barra de ferramentas EMM e Selecionar o Local de Arquivamento, consulte a se\u00e7\u00e3o <em>Uso da barra de ferramentas EMM e caixa de di\u00e1logo Selecionar o Local de Arquivamento<\/em> em <em>Ajuda do iManage Work Desktop for Windows <\/em>.<\/p>\n<h2>Melhorias no preenchimento de e-mails<\/h2>\n<p>Aperfei\u00e7oamos a forma como seus e-mails s\u00e3o preenchidos em iManage Work. A partir de agora,<\/p>\n<ul>\n<li>Os e-mails podem ser preenchidos, mesmo se voc\u00ea os coloca num lugar diferente em sua caixa de mensagens.<\/li>\n<li>Os e-mails que n\u00e3o s\u00e3o preenchidos devido a diferentes erros s\u00e3o marcados com um status de erro.<\/li>\n<\/ul>\n<p>Se a caixa de mensagens com a qual voc\u00ea trabalha for sua, voc\u00ea pode visualizar todos os e-mails que n\u00e3o foram preenchidos devido a diferentes erros, selecionando <strong>Mostrar erros de preenchimento<\/strong>, dispon\u00edvel na aba iManage no Microsoft Outlook. Todos os e-mails que n\u00e3o tiverem sido preenchidos podem ser vistos na pasta \u00abFalhas de preenchimento de e-mails\u00bb.<\/p>\n<p><img loading=\"lazy\" decoding=\"async\" class=\"alignnone wp-image-860\" src=\"https:\/\/docs.imanage.com\/wp-content\/uploads\/2023\/04\/GIF_Email_Filing.gif\" alt=\"\" width=\"700\" height=\"306\" \/><\/p>\n<p>Voc\u00ea pode ent\u00e3o utilizar a op\u00e7\u00e3o \u00abTentar o preenchimento novamente\u00bb no menu do bot\u00e3o direito do mouse para tentar preencher estes e-mails outra vez. Os e-mails s\u00e3o reprocessados e ent\u00e3o preenchidos no(s) local(is) sugerido(s) precedentemente.<\/p>\n<p><img loading=\"lazy\" decoding=\"async\" class=\"alignnone wp-image-861\" src=\"https:\/\/docs.imanage.com\/wp-content\/uploads\/2023\/04\/RetryFiling.gif\" alt=\"\" width=\"700\" height=\"287\" \/><\/p>\n<h1>O que h\u00e1 de novo no iManage Drive<\/h1>\n<p><strong>Cria\u00e7\u00e3o: 10.9.0 (maio de 2023)<\/strong><\/p>\n<h2>Sincronizar e abrir conte\u00fados diretamente do iManage Work no iManage Drive<\/h2>\n<p>Voc\u00ea pode agora sincronizar e abrir conte\u00fados salvados no iManage Work diretamente no iManage Drive. Voc\u00ea pode:<\/p>\n<ul class=\"ak-ul\" data-indent-level=\"1\">\n<li style=\"list-style-type: none;\">\n<ul>\n<li>selecionar o espa\u00e7o de trabalho, a pasta, o documento ou o e-mail que voc\u00ea quiser sincronizar e selecionar <strong>Sincronizar e Abrir em arquivo Explorer <\/strong>no <img loading=\"lazy\" decoding=\"async\" class=\"alignnone size-full wp-image-847\" src=\"https:\/\/docs.imanage.com\/wp-content\/uploads\/2023\/03\/Screenshot-2023-03-06-at-10.06.34-PM.png\" alt=\"\" width=\"32\" height=\"62\" \/> menu de tr\u00eas pontos.<\/li>\n<\/ul>\n<\/li>\n<li>selecionar diversos espa\u00e7os de trabalho e depois selecionar <img loading=\"lazy\" decoding=\"async\" class=\"alignnone wp-image-848\" src=\"https:\/\/docs.imanage.com\/wp-content\/uploads\/2023\/03\/Screenshot-2023-03-06-at-10.41.27-PM.png\" alt=\"\" width=\"24\" height=\"24\" \/>(<strong>Sincronizar e Abrir em arquivo Explorer<\/strong>).<\/li>\n<\/ul>\n<p>Se o iManage Drive detecta que o item selecionado n\u00e3o foi sincronizado, ent\u00e3o o painel do iManage Drive abre e lhe pede para confirmar a sincroniza\u00e7\u00e3o dos itens selecionados. Quando os itens tiverem sido selecionados, Windows Explorer abre e voc\u00ea pode visualizar os itens selecionados que estar\u00e3o evidenciados. Para obter mais informa\u00e7\u00f5es, consulte a <a href=\"https:\/\/docs.imanage.com\/drive-windows-help\/10.9.0\/en\/Syncing_from_iManage_Work_using_web_extensions.html\"><em>Sincroniza\u00e7\u00e3o do iManage Work usando a se\u00e7\u00e3o de extens\u00f5es da web <\/em>\u00a0<\/a>em <a href=\"https:\/\/docs.imanage.com\/drive-windows-help\/10.9.0\/en\/iManage_Drive_Help.html\"><em>Ajuda no iManage Drive<\/em><\/a><em>.<\/em><\/p>\n<p><strong>OBSERVA\u00c7\u00c3O<\/strong>: Para que voc\u00ea tenha acesso a este recurso, seu administrador deve ativar as Extens\u00f5es Web do iManage Drive no iManage Control Center. Entre em contato com seu administrador para obter mais informa\u00e7\u00f5es.<\/p>\n<p data-renderer-start-pos=\"831\"><img loading=\"lazy\" decoding=\"async\" class=\"alignnone wp-image-849 size-full\" src=\"https:\/\/docs.imanage.com\/wp-content\/uploads\/2023\/03\/sync_web.gif\" alt=\"\" width=\"920\" height=\"518\" \/><\/p>\n<h2>Melhorias na sincroniza\u00e7\u00e3o e dessincroniza\u00e7\u00e3o de assuntos do painel do iManage Drive<\/h2>\n<p>Quando voc\u00ea selecionar novos assuntos para sincronizar em Selecionar Assuntos para a caixa de di\u00e1logo de sincroniza\u00e7\u00e3o, eles estar\u00e3o enumerados no alto da lista Selecionados com a etiqueta <strong>Novos<\/strong>. Se voc\u00ea escolher dessincronizar um assunto, a etiqueta <strong>Para dessincronizar <\/strong>aparecer\u00e1 como mostrado na imagem abaixo.<\/p>\n<p><img loading=\"lazy\" decoding=\"async\" class=\"alignnone wp-image-850\" src=\"https:\/\/docs.imanage.com\/wp-content\/uploads\/2023\/03\/Screenshot-2023-03-19-at-4.07.37-PM-300x239.png\" alt=\"\" width=\"700\" height=\"557\" srcset=\"https:\/\/docs.imanage.com\/wp-content\/uploads\/2023\/03\/Screenshot-2023-03-19-at-4.07.37-PM-300x239.png 300w, https:\/\/docs.imanage.com\/wp-content\/uploads\/2023\/03\/Screenshot-2023-03-19-at-4.07.37-PM-1024x815.png 1024w, https:\/\/docs.imanage.com\/wp-content\/uploads\/2023\/03\/Screenshot-2023-03-19-at-4.07.37-PM-768x611.png 768w, https:\/\/docs.imanage.com\/wp-content\/uploads\/2023\/03\/Screenshot-2023-03-19-at-4.07.37-PM-1536x1223.png 1536w, https:\/\/docs.imanage.com\/wp-content\/uploads\/2023\/03\/Screenshot-2023-03-19-at-4.07.37-PM.png 1568w\" sizes=\"auto, (max-width: 700px) 100vw, 700px\" \/><\/p>\n<div class=\"rich-media-item mediaSingleView-content-wrap image-center css-1mzi1es\" data-layout=\"center\" data-node-type=\"mediaSingle\">\n<div class=\"css-1co4408\">\n<div data-context-id=\"270139445\" data-type=\"file\" data-node-type=\"media\" data-width=\"1568\" data-height=\"1248\" data-id=\"956fab6d-ce88-4bd4-bc60-a3c3500ede0f\" data-collection=\"contentId-270139445\" data-file-name=\"Screenshot%202023-03-19%20at%204.07.37%20PM.png?version=1&amp;modificationDate=1679223616207&amp;cacheVersion=1&amp;api=v2&amp;width=720\" data-file-size=\"531470\" data-file-mime-type=\"image\/png\" data-alt=\"\">\n<div id=\"newFileExperienceWrapper\" class=\"new-file-experience-wrapper css-1m3tkab\" data-testid=\"media-card-view\">\n<div class=\"media-file-card-view css-1yn77bd\" data-testid=\"media-file-card-view\" data-test-status=\"complete\" data-test-media-name=\"Screenshot%202023-03-19%20at%204.07.37%20PM.png?version=1&amp;modificationDate=1679223616207&amp;cacheVersion=1&amp;api=v2&amp;width=720\" data-test-progress=\"1\">\n<p>Al\u00e9m disso, mudamos a op\u00e7\u00e3o do menu do espa\u00e7o de trabalho de Desvincular para Dessincronizar. Consequentemente, a partir de agora, quando voc\u00ea dessincronizar assuntos do painel de iManage Drive de Assuntos sincronizados, Meus casos ou Assuntos recentes, voc\u00ea dever\u00e1 selecionar <strong>Dessincronizar<\/strong> ao inv\u00e9s de <strong>Desvincular<\/strong>, como mostrado na imagem abaixo.<\/p>\n<\/div>\n<\/div>\n<\/div>\n<\/div>\n<\/div>\n<div class=\"rich-media-item mediaSingleView-content-wrap image-center css-1mzi1es\" data-layout=\"center\" data-node-type=\"mediaSingle\">\n<div class=\"css-bx0m7m\">\n<div data-context-id=\"270139445\" data-type=\"file\" data-node-type=\"media\" data-width=\"804\" data-height=\"478\" data-id=\"ed50029b-ba5a-4a52-9fbf-c6089ee2a5d9\" data-collection=\"contentId-270139445\" data-file-name=\"Screenshot 2023-03-24 at 3.23.50 PM.png\" data-file-size=\"328616\" data-file-mime-type=\"image\/png\" data-alt=\"\">\n<div id=\"newFileExperienceWrapper\" class=\"new-file-experience-wrapper css-blus94\" data-testid=\"media-card-view\">\n<div class=\"media-file-card-view css-1yn77bd\" data-testid=\"media-file-card-view\" data-test-status=\"complete\" data-test-media-name=\"Screenshot 2023-03-24 at 3.23.50 PM.png\" data-test-progress=\"1\"><img decoding=\"async\" draggable=\"false\" src=\"blob:https:\/\/imanage-wiki.atlassian.net\/71bd069f-b39a-4fad-8bb4-31bd0f0bce67#media-blob-url=true&amp;id=ed50029b-ba5a-4a52-9fbf-c6089ee2a5d9&amp;collection=contentId-270139445&amp;contextId=270139445&amp;mimeType=image%2Fpng&amp;name=Screenshot%202023-03-24%20at%203.23.50%20PM.png&amp;size=328616&amp;height=478&amp;width=804&amp;alt=\" alt=\"\" data-testid=\"media-image\" \/><img loading=\"lazy\" decoding=\"async\" class=\"alignnone wp-image-851\" src=\"https:\/\/docs.imanage.com\/wp-content\/uploads\/2023\/03\/Screenshot-2023-03-24-at-3.23.50-PM-300x178.png\" alt=\"\" width=\"700\" height=\"416\" srcset=\"https:\/\/docs.imanage.com\/wp-content\/uploads\/2023\/03\/Screenshot-2023-03-24-at-3.23.50-PM-300x178.png 300w, https:\/\/docs.imanage.com\/wp-content\/uploads\/2023\/03\/Screenshot-2023-03-24-at-3.23.50-PM-1024x609.png 1024w, https:\/\/docs.imanage.com\/wp-content\/uploads\/2023\/03\/Screenshot-2023-03-24-at-3.23.50-PM-768x457.png 768w, https:\/\/docs.imanage.com\/wp-content\/uploads\/2023\/03\/Screenshot-2023-03-24-at-3.23.50-PM-1536x913.png 1536w, https:\/\/docs.imanage.com\/wp-content\/uploads\/2023\/03\/Screenshot-2023-03-24-at-3.23.50-PM.png 1608w\" sizes=\"auto, (max-width: 700px) 100vw, 700px\" \/><\/div>\n<div data-testid=\"media-file-card-view\" data-test-status=\"complete\" data-test-media-name=\"Screenshot 2023-03-24 at 3.23.50 PM.png\" data-test-progress=\"1\">\n<h2>Interface de usu\u00e1rio melhorada ao visualizar problemas de sincroniza\u00e7\u00e3o<\/h2>\n<p>Aperfei\u00e7oamos nossa caixa de di\u00e1logo para Mostrar problemas de sincroniza\u00e7\u00e3o em iManage Drive 10.9.0\u00a0Quaisquer itens detectados como apresentando um conflito de sincroniza\u00e7\u00e3o s\u00e3o agora pr\u00e9-selecionados na caixa de di\u00e1logo de sincroniza\u00e7\u00e3o. Al\u00e9m disso, as op\u00e7\u00f5es dispon\u00edveis para resolver os problemas de sincroniza\u00e7\u00e3o s\u00e3o agora proeminentemente exibidas na parte inferior da caixa de di\u00e1logo.<\/p>\n<p>Formula\u00e7\u00f5es adicionais tamb\u00e9m foram acrescentadas para ajudar voc\u00ea a adotar a a\u00e7\u00e3o mais apropriada. Para mais informa\u00e7\u00f5es sobre a gest\u00e3o de problemas de sincroniza\u00e7\u00e3o, confira a se\u00e7\u00e3o <em>Solucionando problemas de sincroniza\u00e7\u00e3o de arquivos<\/em><a href=\"https:\/\/docs.imanage.com\/drive-windows-help\/10.9.0\/en\/Managing_file_sync_issues.html\"> em Ajuda do iManage Drive.<\/a><\/p>\n<\/div>\n<\/div>\n<\/div>\n<\/div>\n<\/div>\n<p><img loading=\"lazy\" decoding=\"async\" class=\"alignnone wp-image-852\" src=\"https:\/\/docs.imanage.com\/wp-content\/uploads\/2023\/03\/Screenshot-2023-03-18-at-10.05.58-AM-300x203.png\" alt=\"\" width=\"700\" height=\"473\" srcset=\"https:\/\/docs.imanage.com\/wp-content\/uploads\/2023\/03\/Screenshot-2023-03-18-at-10.05.58-AM-300x203.png 300w, https:\/\/docs.imanage.com\/wp-content\/uploads\/2023\/03\/Screenshot-2023-03-18-at-10.05.58-AM-768x519.png 768w, https:\/\/docs.imanage.com\/wp-content\/uploads\/2023\/03\/Screenshot-2023-03-18-at-10.05.58-AM.png 827w\" sizes=\"auto, (max-width: 700px) 100vw, 700px\" \/><\/p>\n<p><strong>Lan\u00e7amento anterior<\/strong>:\u00a0<a href=\"https:\/\/docs.imanage.com\/br\/work\/whats-new-in-imanage-wdw-10-8-0.html\">iManage Work Desktop for Windows 10.8.0 e iManage Drive 10.8.0<\/a><\/p>\n","protected":false},"excerpt":{"rendered":"<p>Cria\u00e7\u00e3o: no: 10.9.1.14 (setembro 2023) A caixa de di\u00e1logo Salvar Como ret\u00e9m a \u00faltima localiza\u00e7\u00e3o A partir de agora, ao utilizar a op\u00e7\u00e3o iManage Work Save As para salvar um documento novo ou anexo, a caixa de di\u00e1logo iManage Save As ret\u00e9m a \u00faltima localiza\u00e7\u00e3o, o que significa que voc\u00ea n\u00e3o precisa mais navegar pela [&hellip;]<\/p>\n","protected":false},"author":4,"featured_media":0,"parent":146,"menu_order":0,"comment_status":"closed","ping_status":"closed","template":"","meta":{"_acf_changed":false,"footnotes":""},"class_list":["post-832","page","type-page","status-publish","hentry"],"translation":{"provider":"WPGlobus","version":"3.0.2","language":"br","enabled_languages":["en","de","fr","qc","jp","br","es","zh"],"languages":{"en":{"title":true,"content":true,"excerpt":false},"de":{"title":true,"content":true,"excerpt":false},"fr":{"title":true,"content":true,"excerpt":false},"qc":{"title":true,"content":true,"excerpt":false},"jp":{"title":true,"content":true,"excerpt":false},"br":{"title":true,"content":true,"excerpt":false},"es":{"title":true,"content":true,"excerpt":false},"zh":{"title":true,"content":true,"excerpt":false}}},"acf":[],"yoast_head":"<!-- This site is optimized with the Yoast SEO plugin v27.3 - https:\/\/yoast.com\/product\/yoast-seo-wordpress\/ -->\n<title>O que h\u00e1 de novo no iManage Work Desktop for Windows &#8211; Docs - iManage<\/title>\n<meta name=\"robots\" content=\"index, follow, max-snippet:-1, max-image-preview:large, max-video-preview:-1\" \/>\n<link rel=\"canonical\" href=\"https:\/\/docs.imanage.com\/work\/whats-new-in-imanage-wdw-10-9-0.html\" \/>\n<meta property=\"og:locale\" content=\"pt_BR\" \/>\n<meta property=\"og:type\" content=\"article\" \/>\n<meta property=\"og:title\" content=\"O que h\u00e1 de novo no iManage Work Desktop for Windows &#8211; Docs - iManage\" \/>\n<meta property=\"og:url\" content=\"https:\/\/docs.imanage.com\/work\/whats-new-in-imanage-wdw-10-9-0.html\" \/>\n<meta property=\"og:site_name\" content=\"Docs - iManage\" \/>\n<meta property=\"article:modified_time\" content=\"2024-04-16T18:16:34+00:00\" \/>\n<meta property=\"og:image\" content=\"https:\/\/docs.imanage.com\/wp-content\/uploads\/2023\/07\/LoginNew_GIF.gif\" \/>\n<meta name=\"twitter:card\" content=\"summary_large_image\" \/>\n<meta name=\"twitter:label1\" content=\"Est. reading time\" \/>\n\t<meta name=\"twitter:data1\" content=\"7 minutes\" \/>\n<script type=\"application\/ld+json\" class=\"yoast-schema-graph\">{\"@context\":\"https:\\\/\\\/schema.org\",\"@graph\":[{\"@type\":\"WebPage\",\"@id\":\"https:\\\/\\\/docs.imanage.com\\\/work\\\/whats-new-in-imanage-wdw-10-9-0.html\",\"url\":\"https:\\\/\\\/docs.imanage.com\\\/work\\\/whats-new-in-imanage-wdw-10-9-0.html\",\"name\":\"O que h\u00e1 de novo no iManage Work Desktop for Windows &#8211; Docs - iManage\",\"isPartOf\":{\"@id\":\"https:\\\/\\\/docs.imanage.com\\\/#website\"},\"primaryImageOfPage\":{\"@id\":\"https:\\\/\\\/docs.imanage.com\\\/work\\\/whats-new-in-imanage-wdw-10-9-0.html#primaryimage\"},\"image\":{\"@id\":\"https:\\\/\\\/docs.imanage.com\\\/work\\\/whats-new-in-imanage-wdw-10-9-0.html#primaryimage\"},\"thumbnailUrl\":\"https:\\\/\\\/docs.imanage.com\\\/wp-content\\\/uploads\\\/2023\\\/07\\\/LoginNew_GIF.gif\",\"datePublished\":\"2022-11-11T18:32:52+00:00\",\"dateModified\":\"2024-04-16T18:16:34+00:00\",\"breadcrumb\":{\"@id\":\"https:\\\/\\\/docs.imanage.com\\\/work\\\/whats-new-in-imanage-wdw-10-9-0.html#breadcrumb\"},\"inLanguage\":\"pt-BR\",\"potentialAction\":[{\"@type\":\"ReadAction\",\"target\":[\"https:\\\/\\\/docs.imanage.com\\\/work\\\/whats-new-in-imanage-wdw-10-9-0.html\"]}]},{\"@type\":\"ImageObject\",\"inLanguage\":\"pt-BR\",\"@id\":\"https:\\\/\\\/docs.imanage.com\\\/work\\\/whats-new-in-imanage-wdw-10-9-0.html#primaryimage\",\"url\":\"https:\\\/\\\/docs.imanage.com\\\/wp-content\\\/uploads\\\/2023\\\/07\\\/LoginNew_GIF.gif\",\"contentUrl\":\"https:\\\/\\\/docs.imanage.com\\\/wp-content\\\/uploads\\\/2023\\\/07\\\/LoginNew_GIF.gif\"},{\"@type\":\"BreadcrumbList\",\"@id\":\"https:\\\/\\\/docs.imanage.com\\\/work\\\/whats-new-in-imanage-wdw-10-9-0.html#breadcrumb\",\"itemListElement\":[{\"@type\":\"ListItem\",\"position\":1,\"name\":\"Home\",\"item\":\"https:\\\/\\\/docs.imanage.com\\\/\"},{\"@type\":\"ListItem\",\"position\":2,\"name\":\"Work\",\"item\":\"https:\\\/\\\/docs.imanage.com\\\/work.html\"},{\"@type\":\"ListItem\",\"position\":3,\"name\":\"What&#8217;s new in iManage Work Desktop for Windows\"}]},{\"@type\":\"WebSite\",\"@id\":\"https:\\\/\\\/docs.imanage.com\\\/#website\",\"url\":\"https:\\\/\\\/docs.imanage.com\\\/\",\"name\":\"Docs - iManage\",\"description\":\"\",\"potentialAction\":[{\"@type\":\"SearchAction\",\"target\":{\"@type\":\"EntryPoint\",\"urlTemplate\":\"https:\\\/\\\/docs.imanage.com\\\/?s={search_term_string}\"},\"query-input\":{\"@type\":\"PropertyValueSpecification\",\"valueRequired\":true,\"valueName\":\"search_term_string\"}}],\"inLanguage\":\"pt-BR\"}]}<\/script>\n<!-- \/ Yoast SEO plugin. -->","yoast_head_json":{"title":"O que h\u00e1 de novo no iManage Work Desktop for Windows &#8211; Docs - iManage","robots":{"index":"index","follow":"follow","max-snippet":"max-snippet:-1","max-image-preview":"max-image-preview:large","max-video-preview":"max-video-preview:-1"},"canonical":"https:\/\/docs.imanage.com\/work\/whats-new-in-imanage-wdw-10-9-0.html","og_locale":"pt_BR","og_type":"article","og_title":"O que h\u00e1 de novo no iManage Work Desktop for Windows &#8211; Docs - iManage","og_url":"https:\/\/docs.imanage.com\/work\/whats-new-in-imanage-wdw-10-9-0.html","og_site_name":"Docs - iManage","article_modified_time":"2024-04-16T18:16:34+00:00","og_image":[{"url":"https:\/\/docs.imanage.com\/wp-content\/uploads\/2023\/07\/LoginNew_GIF.gif","type":"","width":"","height":""}],"twitter_card":"summary_large_image","twitter_misc":{"Est. reading time":"7 minutes"},"schema":{"@context":"https:\/\/schema.org","@graph":[{"@type":"WebPage","@id":"https:\/\/docs.imanage.com\/work\/whats-new-in-imanage-wdw-10-9-0.html","url":"https:\/\/docs.imanage.com\/work\/whats-new-in-imanage-wdw-10-9-0.html","name":"O que h\u00e1 de novo no iManage Work Desktop for Windows &#8211; Docs - iManage","isPartOf":{"@id":"https:\/\/docs.imanage.com\/#website"},"primaryImageOfPage":{"@id":"https:\/\/docs.imanage.com\/work\/whats-new-in-imanage-wdw-10-9-0.html#primaryimage"},"image":{"@id":"https:\/\/docs.imanage.com\/work\/whats-new-in-imanage-wdw-10-9-0.html#primaryimage"},"thumbnailUrl":"https:\/\/docs.imanage.com\/wp-content\/uploads\/2023\/07\/LoginNew_GIF.gif","datePublished":"2022-11-11T18:32:52+00:00","dateModified":"2024-04-16T18:16:34+00:00","breadcrumb":{"@id":"https:\/\/docs.imanage.com\/work\/whats-new-in-imanage-wdw-10-9-0.html#breadcrumb"},"inLanguage":"pt-BR","potentialAction":[{"@type":"ReadAction","target":["https:\/\/docs.imanage.com\/work\/whats-new-in-imanage-wdw-10-9-0.html"]}]},{"@type":"ImageObject","inLanguage":"pt-BR","@id":"https:\/\/docs.imanage.com\/work\/whats-new-in-imanage-wdw-10-9-0.html#primaryimage","url":"https:\/\/docs.imanage.com\/wp-content\/uploads\/2023\/07\/LoginNew_GIF.gif","contentUrl":"https:\/\/docs.imanage.com\/wp-content\/uploads\/2023\/07\/LoginNew_GIF.gif"},{"@type":"BreadcrumbList","@id":"https:\/\/docs.imanage.com\/work\/whats-new-in-imanage-wdw-10-9-0.html#breadcrumb","itemListElement":[{"@type":"ListItem","position":1,"name":"Home","item":"https:\/\/docs.imanage.com\/"},{"@type":"ListItem","position":2,"name":"Work","item":"https:\/\/docs.imanage.com\/work.html"},{"@type":"ListItem","position":3,"name":"What&#8217;s new in iManage Work Desktop for Windows"}]},{"@type":"WebSite","@id":"https:\/\/docs.imanage.com\/#website","url":"https:\/\/docs.imanage.com\/","name":"Docs - iManage","description":"","potentialAction":[{"@type":"SearchAction","target":{"@type":"EntryPoint","urlTemplate":"https:\/\/docs.imanage.com\/?s={search_term_string}"},"query-input":{"@type":"PropertyValueSpecification","valueRequired":true,"valueName":"search_term_string"}}],"inLanguage":"pt-BR"}]}},"_links":{"self":[{"href":"https:\/\/docs.imanage.com\/br\/wp-json\/wp\/v2\/pages\/832","targetHints":{"allow":["GET"]}}],"collection":[{"href":"https:\/\/docs.imanage.com\/br\/wp-json\/wp\/v2\/pages"}],"about":[{"href":"https:\/\/docs.imanage.com\/br\/wp-json\/wp\/v2\/types\/page"}],"author":[{"embeddable":true,"href":"https:\/\/docs.imanage.com\/br\/wp-json\/wp\/v2\/users\/4"}],"replies":[{"embeddable":true,"href":"https:\/\/docs.imanage.com\/br\/wp-json\/wp\/v2\/comments?post=832"}],"version-history":[{"count":0,"href":"https:\/\/docs.imanage.com\/br\/wp-json\/wp\/v2\/pages\/832\/revisions"}],"up":[{"embeddable":true,"href":"https:\/\/docs.imanage.com\/br\/wp-json\/wp\/v2\/pages\/146"}],"wp:attachment":[{"href":"https:\/\/docs.imanage.com\/br\/wp-json\/wp\/v2\/media?parent=832"}],"curies":[{"name":"wp","href":"https:\/\/api.w.org\/{rel}","templated":true}]}}