{"id":837,"date":"2023-02-14T09:09:48","date_gmt":"2023-02-14T09:09:48","guid":{"rendered":"https:\/\/docs.imanage.com\/?page_id=837"},"modified":"2023-06-12T09:38:51","modified_gmt":"2023-06-12T09:38:51","slug":"whats-new-in-imanage-drive-m-10-9-0","status":"publish","type":"page","link":"https:\/\/docs.imanage.com\/br\/work\/whats-new-in-imanage-drive-m-10-9-0.html","title":{"rendered":"O que h\u00e1 de novo no iManage Drive for Mac"},"content":{"rendered":"<p><strong>Cria\u00e7\u00e3o: 10.9.0 (Junho de 2023)<\/strong><\/p>\n<h2>Sincronizar e abrir conte\u00fados diretamente do iManage Work no iManage Drive for Mac<\/h2>\n<p>Voc\u00ea pode agora sincronizar e abrir conte\u00fados salvados no iManage Work diretamente no iManage Drive. Voc\u00ea pode:<\/p>\n<ul class=\"ak-ul\" data-indent-level=\"1\">\n<li style=\"list-style-type: none;\">\n<ul>\n<li>selecionar o espa\u00e7o de trabalho, a pasta, o documento ou o e-mail que voc\u00ea quiser sincronizar e selecionar <strong>Sincronizar e Abrir em arquivo Explorer <\/strong>no <img loading=\"lazy\" decoding=\"async\" class=\"alignnone size-full wp-image-847\" src=\"https:\/\/docs.imanage.com\/wp-content\/uploads\/2023\/03\/Screenshot-2023-03-06-at-10.06.34-PM.png\" alt=\"\" width=\"32\" height=\"62\" \/> menu de tr\u00eas pontos.<\/li>\n<li>selecionar diversos espa\u00e7os de trabalho e depois selecionar <img loading=\"lazy\" decoding=\"async\" class=\"alignnone wp-image-848\" src=\"https:\/\/docs.imanage.com\/wp-content\/uploads\/2023\/03\/Screenshot-2023-03-06-at-10.41.27-PM.png\" alt=\"\" width=\"24\" height=\"24\" \/>(<strong>Sincronizar e Abrir em arquivo Explorer<\/strong>).<\/li>\n<\/ul>\n<\/li>\n<\/ul>\n<p>Se o iManage Drive detecta que o item selecionado n\u00e3o foi sincronizado, ent\u00e3o o painel do iManage Drive for Mac abre e lhe pede para confirmar a sincroniza\u00e7\u00e3o dos itens selecionados. Quando os itens tiverem sido selecionados, Finder abre e voc\u00ea pode visualizar os itens selecionados que estar\u00e3o evidenciados. Para obter mais informa\u00e7\u00f5es, consulte a <a href=\"https:\/\/docs.imanage.com\/drive-mac-help\/10.9.0\/en\/Syncing_from_iManage_Work_using_web_extensions.html\"><em>Sincroniza\u00e7\u00e3o do iManage Work usando a se\u00e7\u00e3o de extens\u00f5es da web <\/em>\u00a0<\/a>em <a href=\"https:\/\/docs.imanage.com\/drive-mac-help\/10.9.0\/en\/iManage_Drive_for_Mac_User_Help.html\"><em>Ajuda no iManage Drive for Mac<\/em><\/a><em>.<\/em><\/p>\n<p><strong>OBSERVA\u00c7\u00c3O<\/strong>: Para que voc\u00ea tenha acesso a este recurso, seu administrador deve ativar as Extens\u00f5es Web do iManage Drive for Mac no iManage Control Center. Entre em contato com seu administrador para obter mais informa\u00e7\u00f5es.<\/p>\n<p><img loading=\"lazy\" decoding=\"async\" class=\"alignnone wp-image-869\" src=\"https:\/\/docs.imanage.com\/wp-content\/uploads\/2023\/06\/WhatsNew_DriveMac.gif\" alt=\"\" width=\"800\" height=\"539\" \/><\/p>\n<h2>Melhorias na sincroniza\u00e7\u00e3o e dessincroniza\u00e7\u00e3o de assuntos do painel do iManage Drive for Mac<\/h2>\n<p>Quando voc\u00ea selecionar novos assuntos para sincronizar em Selecionar Assuntos para a caixa de di\u00e1logo de sincroniza\u00e7\u00e3o, eles estar\u00e3o enumerados no alto da lista Selecionados com a etiqueta <strong>Novos<\/strong>. Se voc\u00ea escolher dessincronizar um assunto, a etiqueta <strong>Para dessincronizar <\/strong>aparecer\u00e1 como mostrado na imagem abaixo.<\/p>\n<p><img loading=\"lazy\" decoding=\"async\" class=\"alignnone wp-image-865\" src=\"https:\/\/docs.imanage.com\/wp-content\/uploads\/2023\/05\/2023-04-05_23-12-25.png\" alt=\"\" width=\"800\" height=\"630\" srcset=\"https:\/\/docs.imanage.com\/wp-content\/uploads\/2023\/05\/2023-04-05_23-12-25.png 1566w, https:\/\/docs.imanage.com\/wp-content\/uploads\/2023\/05\/2023-04-05_23-12-25-300x236.png 300w, https:\/\/docs.imanage.com\/wp-content\/uploads\/2023\/05\/2023-04-05_23-12-25-1024x807.png 1024w, https:\/\/docs.imanage.com\/wp-content\/uploads\/2023\/05\/2023-04-05_23-12-25-768x605.png 768w, https:\/\/docs.imanage.com\/wp-content\/uploads\/2023\/05\/2023-04-05_23-12-25-1536x1210.png 1536w\" sizes=\"auto, (max-width: 800px) 100vw, 800px\" \/><\/p>\n<div class=\"rich-media-item mediaSingleView-content-wrap image-center css-1mzi1es\" data-layout=\"center\" data-node-type=\"mediaSingle\">\n<div class=\"css-1co4408\">\n<div data-context-id=\"270139445\" data-type=\"file\" data-node-type=\"media\" data-width=\"1568\" data-height=\"1248\" data-id=\"956fab6d-ce88-4bd4-bc60-a3c3500ede0f\" data-collection=\"contentId-270139445\" data-file-name=\"Screenshot%202023-03-19%20at%204.07.37%20PM.png?version=1&amp;modificationDate=1679223616207&amp;cacheVersion=1&amp;api=v2&amp;width=720\" data-file-size=\"531470\" data-file-mime-type=\"image\/png\" data-alt=\"\">\n<div id=\"newFileExperienceWrapper\" class=\"new-file-experience-wrapper css-1m3tkab\" data-testid=\"media-card-view\">\n<div class=\"media-file-card-view css-1yn77bd\" data-testid=\"media-file-card-view\" data-test-status=\"complete\" data-test-media-name=\"Screenshot%202023-03-19%20at%204.07.37%20PM.png?version=1&amp;modificationDate=1679223616207&amp;cacheVersion=1&amp;api=v2&amp;width=720\" data-test-progress=\"1\">\n<p>Al\u00e9m disso, mudamos a op\u00e7\u00e3o do menu do espa\u00e7o de trabalho de Desvincular para Dessincronizar. Consequentemente, a partir de agora, quando voc\u00ea dessincronizar assuntos do painel de iManage Drive for Mac de Assuntos sincronizados, Meus casos ou Assuntos recentes, voc\u00ea dever\u00e1 selecionar <strong>Dessincronizar<\/strong> ao inv\u00e9s de <strong>Desvincular<\/strong>, como mostrado na imagem abaixo.<\/p>\n<\/div>\n<\/div>\n<\/div>\n<\/div>\n<\/div>\n<p><img loading=\"lazy\" decoding=\"async\" class=\"alignnone wp-image-866\" src=\"https:\/\/docs.imanage.com\/wp-content\/uploads\/2023\/05\/Screenshot-2023-03-24-at-3.23.50-PM.png\" alt=\"\" width=\"800\" height=\"476\" srcset=\"https:\/\/docs.imanage.com\/wp-content\/uploads\/2023\/05\/Screenshot-2023-03-24-at-3.23.50-PM.png 1608w, https:\/\/docs.imanage.com\/wp-content\/uploads\/2023\/05\/Screenshot-2023-03-24-at-3.23.50-PM-300x178.png 300w, https:\/\/docs.imanage.com\/wp-content\/uploads\/2023\/05\/Screenshot-2023-03-24-at-3.23.50-PM-1024x609.png 1024w, https:\/\/docs.imanage.com\/wp-content\/uploads\/2023\/05\/Screenshot-2023-03-24-at-3.23.50-PM-768x457.png 768w, https:\/\/docs.imanage.com\/wp-content\/uploads\/2023\/05\/Screenshot-2023-03-24-at-3.23.50-PM-1536x913.png 1536w\" sizes=\"auto, (max-width: 800px) 100vw, 800px\" \/><\/p>\n<h2>Interface de usu\u00e1rio melhorada ao visualizar problemas de sincroniza\u00e7\u00e3o<\/h2>\n<p>Aperfei\u00e7oamos nossa caixa de di\u00e1logo para Mostrar problemas de sincroniza\u00e7\u00e3o em iManage Drive for Mac 10.9.0 Quaisquer itens detectados como apresentando um conflito de sincroniza\u00e7\u00e3o s\u00e3o agora pr\u00e9-selecionados na caixa de di\u00e1logo de sincroniza\u00e7\u00e3o. Al\u00e9m disso, as op\u00e7\u00f5es dispon\u00edveis para resolver os problemas de sincroniza\u00e7\u00e3o s\u00e3o agora proeminentemente exibidas na parte inferior da caixa de di\u00e1logo.<\/p>\n<p>Formula\u00e7\u00f5es adicionais tamb\u00e9m foram acrescentadas para ajudar voc\u00ea a adotar a a\u00e7\u00e3o mais apropriada. Para mais informa\u00e7\u00f5es sobre a gest\u00e3o de problemas de sincroniza\u00e7\u00e3o, confira a se\u00e7\u00e3o <em><a href=\"https:\/\/docs.imanage.com\/drive-mac-help\/10.9.0\/en\/Managing_file_sync_issues.html\">Solucionando problemas de sincroniza\u00e7\u00e3o<\/a> de arquivos<\/em><a href=\"https:\/\/docs.imanage.com\/drive-windows-help\/10.9.0\/en\/Managing_file_sync_issues.html\"> em Ajuda do iManage Drive.<\/a><\/p>\n<p><img loading=\"lazy\" decoding=\"async\" class=\"alignnone wp-image-867\" src=\"https:\/\/docs.imanage.com\/wp-content\/uploads\/2023\/05\/Screenshot-2023-03-18-at-10.05.58-AM.png\" alt=\"\" width=\"800\" height=\"549\" srcset=\"https:\/\/docs.imanage.com\/wp-content\/uploads\/2023\/05\/Screenshot-2023-03-18-at-10.05.58-AM.png 826w, https:\/\/docs.imanage.com\/wp-content\/uploads\/2023\/05\/Screenshot-2023-03-18-at-10.05.58-AM-300x206.png 300w, https:\/\/docs.imanage.com\/wp-content\/uploads\/2023\/05\/Screenshot-2023-03-18-at-10.05.58-AM-768x527.png 768w\" sizes=\"auto, (max-width: 800px) 100vw, 800px\" \/><\/p>\n","protected":false},"excerpt":{"rendered":"<p>Cria\u00e7\u00e3o: 10.9.0 (Junho de 2023) Sincronizar e abrir conte\u00fados diretamente do iManage Work no iManage Drive for Mac Voc\u00ea pode agora sincronizar e abrir conte\u00fados salvados no iManage Work diretamente no iManage Drive. Voc\u00ea pode: selecionar o espa\u00e7o de trabalho, a pasta, o documento ou o e-mail que voc\u00ea quiser sincronizar e selecionar Sincronizar e [&hellip;]<\/p>\n","protected":false},"author":4,"featured_media":0,"parent":146,"menu_order":0,"comment_status":"closed","ping_status":"closed","template":"","meta":{"_acf_changed":false,"footnotes":""},"class_list":["post-837","page","type-page","status-publish","hentry"],"translation":{"provider":"WPGlobus","version":"3.0.2","language":"br","enabled_languages":["en","de","fr","qc","jp","br","es","zh"],"languages":{"en":{"title":true,"content":true,"excerpt":false},"de":{"title":true,"content":true,"excerpt":false},"fr":{"title":true,"content":true,"excerpt":false},"qc":{"title":false,"content":false,"excerpt":false},"jp":{"title":true,"content":true,"excerpt":false},"br":{"title":true,"content":true,"excerpt":false},"es":{"title":true,"content":true,"excerpt":false},"zh":{"title":true,"content":true,"excerpt":false}}},"acf":[],"yoast_head":"<!-- This site is optimized with the Yoast SEO plugin v27.3 - https:\/\/yoast.com\/product\/yoast-seo-wordpress\/ -->\n<title>O que h\u00e1 de novo no iManage Drive for Mac &#8211; Docs - iManage<\/title>\n<meta name=\"robots\" content=\"index, follow, max-snippet:-1, max-image-preview:large, max-video-preview:-1\" \/>\n<link rel=\"canonical\" href=\"https:\/\/docs.imanage.com\/work\/whats-new-in-imanage-drive-m-10-9-0.html\" \/>\n<meta property=\"og:locale\" content=\"pt_BR\" \/>\n<meta property=\"og:type\" content=\"article\" \/>\n<meta property=\"og:title\" content=\"O que h\u00e1 de novo no iManage Drive for Mac &#8211; Docs - iManage\" \/>\n<meta property=\"og:url\" content=\"https:\/\/docs.imanage.com\/work\/whats-new-in-imanage-drive-m-10-9-0.html\" \/>\n<meta property=\"og:site_name\" content=\"Docs - iManage\" \/>\n<meta property=\"article:modified_time\" content=\"2023-06-12T09:38:51+00:00\" \/>\n<meta property=\"og:image\" content=\"https:\/\/docs.imanage.com\/wp-content\/uploads\/2023\/03\/Screenshot-2023-03-06-at-10.06.34-PM.png\" \/>\n<meta name=\"twitter:card\" content=\"summary_large_image\" \/>\n<meta name=\"twitter:label1\" content=\"Est. reading time\" \/>\n\t<meta name=\"twitter:data1\" content=\"3 minutes\" \/>\n<script type=\"application\/ld+json\" class=\"yoast-schema-graph\">{\"@context\":\"https:\\\/\\\/schema.org\",\"@graph\":[{\"@type\":\"WebPage\",\"@id\":\"https:\\\/\\\/docs.imanage.com\\\/work\\\/whats-new-in-imanage-drive-m-10-9-0.html\",\"url\":\"https:\\\/\\\/docs.imanage.com\\\/work\\\/whats-new-in-imanage-drive-m-10-9-0.html\",\"name\":\"O que h\u00e1 de novo no iManage Drive for Mac &#8211; Docs - iManage\",\"isPartOf\":{\"@id\":\"https:\\\/\\\/docs.imanage.com\\\/#website\"},\"primaryImageOfPage\":{\"@id\":\"https:\\\/\\\/docs.imanage.com\\\/work\\\/whats-new-in-imanage-drive-m-10-9-0.html#primaryimage\"},\"image\":{\"@id\":\"https:\\\/\\\/docs.imanage.com\\\/work\\\/whats-new-in-imanage-drive-m-10-9-0.html#primaryimage\"},\"thumbnailUrl\":\"https:\\\/\\\/docs.imanage.com\\\/wp-content\\\/uploads\\\/2023\\\/03\\\/Screenshot-2023-03-06-at-10.06.34-PM.png\",\"datePublished\":\"2023-02-14T09:09:48+00:00\",\"dateModified\":\"2023-06-12T09:38:51+00:00\",\"breadcrumb\":{\"@id\":\"https:\\\/\\\/docs.imanage.com\\\/work\\\/whats-new-in-imanage-drive-m-10-9-0.html#breadcrumb\"},\"inLanguage\":\"pt-BR\",\"potentialAction\":[{\"@type\":\"ReadAction\",\"target\":[\"https:\\\/\\\/docs.imanage.com\\\/work\\\/whats-new-in-imanage-drive-m-10-9-0.html\"]}]},{\"@type\":\"ImageObject\",\"inLanguage\":\"pt-BR\",\"@id\":\"https:\\\/\\\/docs.imanage.com\\\/work\\\/whats-new-in-imanage-drive-m-10-9-0.html#primaryimage\",\"url\":\"https:\\\/\\\/docs.imanage.com\\\/wp-content\\\/uploads\\\/2023\\\/03\\\/Screenshot-2023-03-06-at-10.06.34-PM.png\",\"contentUrl\":\"https:\\\/\\\/docs.imanage.com\\\/wp-content\\\/uploads\\\/2023\\\/03\\\/Screenshot-2023-03-06-at-10.06.34-PM.png\"},{\"@type\":\"BreadcrumbList\",\"@id\":\"https:\\\/\\\/docs.imanage.com\\\/work\\\/whats-new-in-imanage-drive-m-10-9-0.html#breadcrumb\",\"itemListElement\":[{\"@type\":\"ListItem\",\"position\":1,\"name\":\"Home\",\"item\":\"https:\\\/\\\/docs.imanage.com\\\/\"},{\"@type\":\"ListItem\",\"position\":2,\"name\":\"Work\",\"item\":\"https:\\\/\\\/docs.imanage.com\\\/work.html\"},{\"@type\":\"ListItem\",\"position\":3,\"name\":\"What&#8217;s new in iManage Drive for Mac\"}]},{\"@type\":\"WebSite\",\"@id\":\"https:\\\/\\\/docs.imanage.com\\\/#website\",\"url\":\"https:\\\/\\\/docs.imanage.com\\\/\",\"name\":\"Docs - iManage\",\"description\":\"\",\"potentialAction\":[{\"@type\":\"SearchAction\",\"target\":{\"@type\":\"EntryPoint\",\"urlTemplate\":\"https:\\\/\\\/docs.imanage.com\\\/?s={search_term_string}\"},\"query-input\":{\"@type\":\"PropertyValueSpecification\",\"valueRequired\":true,\"valueName\":\"search_term_string\"}}],\"inLanguage\":\"pt-BR\"}]}<\/script>\n<!-- \/ Yoast SEO plugin. -->","yoast_head_json":{"title":"O que h\u00e1 de novo no iManage Drive for Mac &#8211; Docs - iManage","robots":{"index":"index","follow":"follow","max-snippet":"max-snippet:-1","max-image-preview":"max-image-preview:large","max-video-preview":"max-video-preview:-1"},"canonical":"https:\/\/docs.imanage.com\/work\/whats-new-in-imanage-drive-m-10-9-0.html","og_locale":"pt_BR","og_type":"article","og_title":"O que h\u00e1 de novo no iManage Drive for Mac &#8211; Docs - iManage","og_url":"https:\/\/docs.imanage.com\/work\/whats-new-in-imanage-drive-m-10-9-0.html","og_site_name":"Docs - iManage","article_modified_time":"2023-06-12T09:38:51+00:00","og_image":[{"url":"https:\/\/docs.imanage.com\/wp-content\/uploads\/2023\/03\/Screenshot-2023-03-06-at-10.06.34-PM.png","type":"","width":"","height":""}],"twitter_card":"summary_large_image","twitter_misc":{"Est. reading time":"3 minutes"},"schema":{"@context":"https:\/\/schema.org","@graph":[{"@type":"WebPage","@id":"https:\/\/docs.imanage.com\/work\/whats-new-in-imanage-drive-m-10-9-0.html","url":"https:\/\/docs.imanage.com\/work\/whats-new-in-imanage-drive-m-10-9-0.html","name":"O que h\u00e1 de novo no iManage Drive for Mac &#8211; Docs - iManage","isPartOf":{"@id":"https:\/\/docs.imanage.com\/#website"},"primaryImageOfPage":{"@id":"https:\/\/docs.imanage.com\/work\/whats-new-in-imanage-drive-m-10-9-0.html#primaryimage"},"image":{"@id":"https:\/\/docs.imanage.com\/work\/whats-new-in-imanage-drive-m-10-9-0.html#primaryimage"},"thumbnailUrl":"https:\/\/docs.imanage.com\/wp-content\/uploads\/2023\/03\/Screenshot-2023-03-06-at-10.06.34-PM.png","datePublished":"2023-02-14T09:09:48+00:00","dateModified":"2023-06-12T09:38:51+00:00","breadcrumb":{"@id":"https:\/\/docs.imanage.com\/work\/whats-new-in-imanage-drive-m-10-9-0.html#breadcrumb"},"inLanguage":"pt-BR","potentialAction":[{"@type":"ReadAction","target":["https:\/\/docs.imanage.com\/work\/whats-new-in-imanage-drive-m-10-9-0.html"]}]},{"@type":"ImageObject","inLanguage":"pt-BR","@id":"https:\/\/docs.imanage.com\/work\/whats-new-in-imanage-drive-m-10-9-0.html#primaryimage","url":"https:\/\/docs.imanage.com\/wp-content\/uploads\/2023\/03\/Screenshot-2023-03-06-at-10.06.34-PM.png","contentUrl":"https:\/\/docs.imanage.com\/wp-content\/uploads\/2023\/03\/Screenshot-2023-03-06-at-10.06.34-PM.png"},{"@type":"BreadcrumbList","@id":"https:\/\/docs.imanage.com\/work\/whats-new-in-imanage-drive-m-10-9-0.html#breadcrumb","itemListElement":[{"@type":"ListItem","position":1,"name":"Home","item":"https:\/\/docs.imanage.com\/"},{"@type":"ListItem","position":2,"name":"Work","item":"https:\/\/docs.imanage.com\/work.html"},{"@type":"ListItem","position":3,"name":"What&#8217;s new in iManage Drive for Mac"}]},{"@type":"WebSite","@id":"https:\/\/docs.imanage.com\/#website","url":"https:\/\/docs.imanage.com\/","name":"Docs - iManage","description":"","potentialAction":[{"@type":"SearchAction","target":{"@type":"EntryPoint","urlTemplate":"https:\/\/docs.imanage.com\/?s={search_term_string}"},"query-input":{"@type":"PropertyValueSpecification","valueRequired":true,"valueName":"search_term_string"}}],"inLanguage":"pt-BR"}]}},"_links":{"self":[{"href":"https:\/\/docs.imanage.com\/br\/wp-json\/wp\/v2\/pages\/837","targetHints":{"allow":["GET"]}}],"collection":[{"href":"https:\/\/docs.imanage.com\/br\/wp-json\/wp\/v2\/pages"}],"about":[{"href":"https:\/\/docs.imanage.com\/br\/wp-json\/wp\/v2\/types\/page"}],"author":[{"embeddable":true,"href":"https:\/\/docs.imanage.com\/br\/wp-json\/wp\/v2\/users\/4"}],"replies":[{"embeddable":true,"href":"https:\/\/docs.imanage.com\/br\/wp-json\/wp\/v2\/comments?post=837"}],"version-history":[{"count":0,"href":"https:\/\/docs.imanage.com\/br\/wp-json\/wp\/v2\/pages\/837\/revisions"}],"up":[{"embeddable":true,"href":"https:\/\/docs.imanage.com\/br\/wp-json\/wp\/v2\/pages\/146"}],"wp:attachment":[{"href":"https:\/\/docs.imanage.com\/br\/wp-json\/wp\/v2\/media?parent=837"}],"curies":[{"name":"wp","href":"https:\/\/api.w.org\/{rel}","templated":true}]}}