{"id":11,"date":"2019-03-04T21:55:02","date_gmt":"2019-03-04T21:55:02","guid":{"rendered":"http:\/\/192.168.12.75\/sample\/wpglobus\/?page_id=11"},"modified":"2019-04-11T07:14:12","modified_gmt":"2019-04-11T07:14:12","slug":"whats_new","status":"publish","type":"page","link":"https:\/\/docs.imanage.com\/de\/work\/whats_new.html","title":{"rendered":"Was ist neu?"},"content":{"rendered":"<p><strong>Versionen<\/strong><\/p>\n<ul>\n<li>iManage Work Desktop for Windows 10.2.0.185<\/li>\n<li>iManage Agent Services 10.2.0.73<\/li>\n<li>iManage Installer 10.2.0.49<\/li>\n<\/ul>\n<h1>Sortieren von Inhalten f\u00fcr eine verbesserte Visualisierung und einfachen Zugang<\/h1>\n<p>Sie k\u00f6nnen Ihre Inhalte jetzt in aufsteigender oder absteigender Reihenfolge sortieren, um Ihr Objekt schnell aus der Liste zu finden.<\/p>\n<h1>Bleiben Sie mit den neuesten Funktionen auf dem Laufenden<\/h1>\n<p>Mit iManage Auto Updates k\u00f6nnen Sie mit den neuesten iManage Work Desktop-Clients auf dem neuesten Stand bleiben und ihre Updates basierend auf Ihrem Zeitplan installieren. Sie k\u00f6nnen die Aktualisierungen sogar nach Bedarf zur\u00fccksetzen.<\/p>\n<h1>Verbesserte Arbeitsbereichs-Suche<\/h1>\n<p>\u00c4hnlich wie bei Dokumenten- und E-Mail-Suchen k\u00f6nnen Sie jetzt schnell die folgenden Werte f\u00fcr die Workspace-Suche ausw\u00e4hlen: Titel, Beschreibung, Eigent\u00fcmer und Schl\u00fcsselwort.<\/p>\n<h1>Alle E-Mails in der Konversation ablegen<\/h1>\n<p>Sie k\u00f6nnen alle E-Mails in der Konversation mit nur einem Klick ablegen.<\/p>\n<h1>Alle E-Mails in einer chronologischen Liste oder als Konversationen anzeigen<\/h1>\n<p>Sie k\u00f6nnen jetzt die Standardkonversationsansicht deaktivieren, um eine chronologische Liste der E-Mails anzuzeigen.<\/p>\n<p><strong>Weitere Informationen finden Sie in der iManage Work Dokumentation.<\/strong><\/p>\n","protected":false},"excerpt":{"rendered":"<p>Versionen iManage Work Desktop for Windows 10.2.0.185 iManage Agent Services 10.2.0.73 iManage Installer 10.2.0.49 Sortieren von Inhalten f\u00fcr eine verbesserte Visualisierung und einfachen Zugang Sie k\u00f6nnen Ihre Inhalte jetzt in aufsteigender oder absteigender Reihenfolge sortieren, um Ihr Objekt schnell aus der Liste zu finden. Bleiben Sie mit den neuesten Funktionen auf dem Laufenden Mit iManage [&hellip;]<\/p>\n","protected":false},"author":4,"featured_media":0,"parent":146,"menu_order":0,"comment_status":"closed","ping_status":"closed","template":"","meta":{"_acf_changed":false,"footnotes":""},"class_list":["post-11","page","type-page","status-publish","hentry"],"translation":{"provider":"WPGlobus","version":"3.0.2","language":"de","enabled_languages":["en","de","fr","qc","jp","br","es","zh"],"languages":{"en":{"title":true,"content":true,"excerpt":false},"de":{"title":true,"content":true,"excerpt":false},"fr":{"title":true,"content":true,"excerpt":false},"qc":{"title":false,"content":false,"excerpt":false},"jp":{"title":true,"content":true,"excerpt":false},"br":{"title":true,"content":true,"excerpt":false},"es":{"title":true,"content":true,"excerpt":false},"zh":{"title":false,"content":false,"excerpt":false}}},"acf":[],"yoast_head":"<!-- This site is optimized with the Yoast SEO plugin v27.6 - https:\/\/yoast.com\/product\/yoast-seo-wordpress\/ -->\n<title>Was ist neu? &#8211; Docs - iManage<\/title>\n<meta name=\"robots\" content=\"index, follow, max-snippet:-1, max-image-preview:large, max-video-preview:-1\" \/>\n<link rel=\"canonical\" href=\"https:\/\/docs.imanage.com\/work\/whats_new.html\" \/>\n<meta property=\"og:locale\" content=\"de_DE\" \/>\n<meta property=\"og:type\" content=\"article\" \/>\n<meta property=\"og:title\" content=\"Was ist neu? &#8211; Docs - iManage\" \/>\n<meta property=\"og:url\" content=\"https:\/\/docs.imanage.com\/work\/whats_new.html\" \/>\n<meta property=\"og:site_name\" content=\"Docs - iManage\" \/>\n<meta property=\"article:modified_time\" content=\"2019-04-11T07:14:12+00:00\" \/>\n<meta property=\"og:image\" content=\"https:\/\/docs.imanage.com\/wp-content\/uploads\/2019\/02\/sogreni_new-300x15.png\" \/>\n<meta name=\"twitter:card\" content=\"summary_large_image\" \/>\n<meta name=\"twitter:label1\" content=\"Est. reading time\" \/>\n\t<meta name=\"twitter:data1\" content=\"6 minutes\" \/>\n<script type=\"application\/ld+json\" class=\"yoast-schema-graph\">{\"@context\":\"https:\\\/\\\/schema.org\",\"@graph\":[{\"@type\":\"WebPage\",\"@id\":\"https:\\\/\\\/docs.imanage.com\\\/work\\\/whats_new.html\",\"url\":\"https:\\\/\\\/docs.imanage.com\\\/work\\\/whats_new.html\",\"name\":\"Was ist neu? &#8211; Docs - iManage\",\"isPartOf\":{\"@id\":\"https:\\\/\\\/docs.imanage.com\\\/#website\"},\"primaryImageOfPage\":{\"@id\":\"https:\\\/\\\/docs.imanage.com\\\/work\\\/whats_new.html#primaryimage\"},\"image\":{\"@id\":\"https:\\\/\\\/docs.imanage.com\\\/work\\\/whats_new.html#primaryimage\"},\"thumbnailUrl\":\"https:\\\/\\\/docs.imanage.com\\\/wp-content\\\/uploads\\\/2019\\\/02\\\/sogreni_new-300x15.png\",\"datePublished\":\"2019-03-04T21:55:02+00:00\",\"dateModified\":\"2019-04-11T07:14:12+00:00\",\"breadcrumb\":{\"@id\":\"https:\\\/\\\/docs.imanage.com\\\/work\\\/whats_new.html#breadcrumb\"},\"inLanguage\":\"de-DE\",\"potentialAction\":[{\"@type\":\"ReadAction\",\"target\":[\"https:\\\/\\\/docs.imanage.com\\\/work\\\/whats_new.html\"]}]},{\"@type\":\"ImageObject\",\"inLanguage\":\"de-DE\",\"@id\":\"https:\\\/\\\/docs.imanage.com\\\/work\\\/whats_new.html#primaryimage\",\"url\":\"https:\\\/\\\/docs.imanage.com\\\/wp-content\\\/uploads\\\/2019\\\/02\\\/sogreni_new-300x15.png\",\"contentUrl\":\"https:\\\/\\\/docs.imanage.com\\\/wp-content\\\/uploads\\\/2019\\\/02\\\/sogreni_new-300x15.png\"},{\"@type\":\"BreadcrumbList\",\"@id\":\"https:\\\/\\\/docs.imanage.com\\\/work\\\/whats_new.html#breadcrumb\",\"itemListElement\":[{\"@type\":\"ListItem\",\"position\":1,\"name\":\"Home\",\"item\":\"https:\\\/\\\/docs.imanage.com\\\/\"},{\"@type\":\"ListItem\",\"position\":2,\"name\":\"Work\",\"item\":\"https:\\\/\\\/docs.imanage.com\\\/work.html\"},{\"@type\":\"ListItem\",\"position\":3,\"name\":\"What&#8217;s New?\"}]},{\"@type\":\"WebSite\",\"@id\":\"https:\\\/\\\/docs.imanage.com\\\/#website\",\"url\":\"https:\\\/\\\/docs.imanage.com\\\/\",\"name\":\"Docs - iManage\",\"description\":\"\",\"potentialAction\":[{\"@type\":\"SearchAction\",\"target\":{\"@type\":\"EntryPoint\",\"urlTemplate\":\"https:\\\/\\\/docs.imanage.com\\\/?s={search_term_string}\"},\"query-input\":{\"@type\":\"PropertyValueSpecification\",\"valueRequired\":true,\"valueName\":\"search_term_string\"}}],\"inLanguage\":\"de-DE\"}]}<\/script>\n<!-- \/ Yoast SEO plugin. -->","yoast_head_json":{"title":"Was ist neu? &#8211; Docs - iManage","robots":{"index":"index","follow":"follow","max-snippet":"max-snippet:-1","max-image-preview":"max-image-preview:large","max-video-preview":"max-video-preview:-1"},"canonical":"https:\/\/docs.imanage.com\/work\/whats_new.html","og_locale":"de_DE","og_type":"article","og_title":"Was ist neu? &#8211; Docs - iManage","og_url":"https:\/\/docs.imanage.com\/work\/whats_new.html","og_site_name":"Docs - iManage","article_modified_time":"2019-04-11T07:14:12+00:00","og_image":[{"url":"https:\/\/docs.imanage.com\/wp-content\/uploads\/2019\/02\/sogreni_new-300x15.png","type":"","width":"","height":""}],"twitter_card":"summary_large_image","twitter_misc":{"Est. reading time":"6 minutes"},"schema":{"@context":"https:\/\/schema.org","@graph":[{"@type":"WebPage","@id":"https:\/\/docs.imanage.com\/work\/whats_new.html","url":"https:\/\/docs.imanage.com\/work\/whats_new.html","name":"Was ist neu? &#8211; Docs - iManage","isPartOf":{"@id":"https:\/\/docs.imanage.com\/#website"},"primaryImageOfPage":{"@id":"https:\/\/docs.imanage.com\/work\/whats_new.html#primaryimage"},"image":{"@id":"https:\/\/docs.imanage.com\/work\/whats_new.html#primaryimage"},"thumbnailUrl":"https:\/\/docs.imanage.com\/wp-content\/uploads\/2019\/02\/sogreni_new-300x15.png","datePublished":"2019-03-04T21:55:02+00:00","dateModified":"2019-04-11T07:14:12+00:00","breadcrumb":{"@id":"https:\/\/docs.imanage.com\/work\/whats_new.html#breadcrumb"},"inLanguage":"de-DE","potentialAction":[{"@type":"ReadAction","target":["https:\/\/docs.imanage.com\/work\/whats_new.html"]}]},{"@type":"ImageObject","inLanguage":"de-DE","@id":"https:\/\/docs.imanage.com\/work\/whats_new.html#primaryimage","url":"https:\/\/docs.imanage.com\/wp-content\/uploads\/2019\/02\/sogreni_new-300x15.png","contentUrl":"https:\/\/docs.imanage.com\/wp-content\/uploads\/2019\/02\/sogreni_new-300x15.png"},{"@type":"BreadcrumbList","@id":"https:\/\/docs.imanage.com\/work\/whats_new.html#breadcrumb","itemListElement":[{"@type":"ListItem","position":1,"name":"Home","item":"https:\/\/docs.imanage.com\/"},{"@type":"ListItem","position":2,"name":"Work","item":"https:\/\/docs.imanage.com\/work.html"},{"@type":"ListItem","position":3,"name":"What&#8217;s New?"}]},{"@type":"WebSite","@id":"https:\/\/docs.imanage.com\/#website","url":"https:\/\/docs.imanage.com\/","name":"Docs - iManage","description":"","potentialAction":[{"@type":"SearchAction","target":{"@type":"EntryPoint","urlTemplate":"https:\/\/docs.imanage.com\/?s={search_term_string}"},"query-input":{"@type":"PropertyValueSpecification","valueRequired":true,"valueName":"search_term_string"}}],"inLanguage":"de-DE"}]}},"_links":{"self":[{"href":"https:\/\/docs.imanage.com\/de\/wp-json\/wp\/v2\/pages\/11","targetHints":{"allow":["GET"]}}],"collection":[{"href":"https:\/\/docs.imanage.com\/de\/wp-json\/wp\/v2\/pages"}],"about":[{"href":"https:\/\/docs.imanage.com\/de\/wp-json\/wp\/v2\/types\/page"}],"author":[{"embeddable":true,"href":"https:\/\/docs.imanage.com\/de\/wp-json\/wp\/v2\/users\/4"}],"replies":[{"embeddable":true,"href":"https:\/\/docs.imanage.com\/de\/wp-json\/wp\/v2\/comments?post=11"}],"version-history":[{"count":0,"href":"https:\/\/docs.imanage.com\/de\/wp-json\/wp\/v2\/pages\/11\/revisions"}],"up":[{"embeddable":true,"href":"https:\/\/docs.imanage.com\/de\/wp-json\/wp\/v2\/pages\/146"}],"wp:attachment":[{"href":"https:\/\/docs.imanage.com\/de\/wp-json\/wp\/v2\/media?parent=11"}],"curies":[{"name":"wp","href":"https:\/\/api.w.org\/{rel}","templated":true}]}}