{"id":2,"date":"2018-06-22T05:55:25","date_gmt":"2018-06-22T05:55:25","guid":{"rendered":"http:\/\/192.168.12.75\/sample\/wpglobus\/?page_id=2"},"modified":"2019-05-17T11:59:41","modified_gmt":"2019-05-17T11:59:41","slug":"wdw-10-2-19-03","status":"publish","type":"page","link":"https:\/\/docs.imanage.com\/de\/work\/wdw-10-2-19-03.html","title":{"rendered":"Neues im iManage Work Desktop f\u00fcr Windows \u2013 April 2019"},"content":{"rendered":"<p><strong>Build: 10.2.1.142<\/strong><\/p>\n<h1>Automatische Check-In-Erinnerung<\/h1>\n<p>\u00d6ffnen Sie h\u00e4ufig Dokumente und lassen sie ausgecheckt, bis Ihre Kollegen Sie daran erinnern, wenn sie vergeblich versuchen, die Dokumente zu bearbeiten?<\/p>\n<p>Der iManage Work Desktop f\u00fcr Windows erinnert Sie jetzt automatisch an alle ge\u00f6ffneten oder ausgecheckten Dokumente und hilft ihnen dabei, ein versehentliches Sperren von Dokumenten auf ein Minimum zu reduzieren, damit Ihr Team weiterhin auf wichtige Dokumente zugreifen kann.<\/p>\n<p><img loading=\"lazy\" decoding=\"async\" class=\"alignnone size-full wp-image-311\" src=\"https:\/\/docs.imanage.com\/wp-content\/uploads\/2019\/05\/04_Notification-Popup-2-1.gif\" alt=\"\" width=\"786\" height=\"469\" \/><\/p>\n<h1>Optische Anzeige f\u00fcr Speichern und Synchronisieren<\/h1>\n<p>Wenn Sie ein Dokument bearbeiten und die Option <strong>Speichern und Synchronisieren<\/strong> verwenden, um die \u00c4nderungen zu speichern, werden Ihnen der Fortschritt und eine Best\u00e4tigung, dass \u00c4nderungen zu iManage Work hochgeladen wurden, optisch angezeigt.<\/p>\n<p><img loading=\"lazy\" decoding=\"async\" class=\"alignnone size-full wp-image-309\" src=\"https:\/\/docs.imanage.com\/wp-content\/uploads\/2019\/05\/02_Gif-Save-Sync-1.gif\" alt=\"\" width=\"786\" height=\"469\" \/><\/p>\n<h1>\u00c4nderung der Sprache der Benutzeroberfl\u00e4che in der Konsole von iManage Work<\/h1>\n<p>Die Konsole von iManage Work muss jetzt nicht mehr die gleiche Sprache haben wie Windows! Sie k\u00f6nnen die Sprache f\u00fcr die Work-Konsole in jede Sprache \u00e4ndern, die von iManage Work Desktop f\u00fcr Windows 10.2.1 unterst\u00fctzt wird. Verwenden Sie dazu die neue Option <strong>WebLocale<\/strong> in der Datei imEmm.config.<\/p>\n<h1>Neue Tastaturk\u00fcrzel f\u00fcr die Konsole von iManage Work<\/h1>\n<p>Zur Bet\u00e4tigung des Zooms oder zum Neuladen der Konsole stehen jetzt die folgenden Tastaturk\u00fcrzel zur Verf\u00fcgung:<\/p>\n<ul>\n<li><span class=\"inline-comment-marker\" data-ref=\"1323525a-1ca7-4ae0-9016-82818c7c5139\">STRG-Taste + Mausrad ODER STRG-Taste und + oder &#8211; Taste: Zum Hinein- oder Herauszoomen.<\/span><\/li>\n<li>STRG-Taste + F5: Zum Neuladen des Inhalts.<\/li>\n<li>STRG-Taste + 0 (Null): Zum Zur\u00fccksetzen des Zooms.<\/li>\n<\/ul>\n<h1>Konsole von iManage Work beim Start von MS Outlook automatisch starten<\/h1>\n<p>M\u00fcssen Sie die Konsole von iManage Work jedes Mal \u00f6ffnen, wenn Sie Outlook neu starten? Jetzt k\u00f6nnen Sie das Work Panel einfach so konfigurieren, dass es automatisch startet, damit Sie schnell zur\u00fcckkommen und Ihre Arbeit wirklich erledigen k\u00f6nnen.<\/p>\n<p><img loading=\"lazy\" decoding=\"async\" class=\"alignnone size-full wp-image-308\" src=\"https:\/\/docs.imanage.com\/wp-content\/uploads\/2019\/05\/01_Option-to-Display_Panel-1.gif\" alt=\"\" width=\"768\" height=\"413\" \/><\/p>\n<h1 id=\"id-.iManageWork10forOfficeandEmailManagementforOutlookReleaseNotes(10.1)v10.2.1-Optionforre-enablingdisablediManageWorkadd-insforMicrosoftOffice\">Deaktivierte Add-Ins von iManage Work f\u00fcr Microsoft Office erneut aktivieren<\/h1>\n<p>Wollen Sie den Arbeitsschritt vermeiden, die deaktivieren Add-Ins f\u00fcr verschiedene Anwendungen durchzugehen, um sie jedes Mal, wenn sie aus irgendeinem Grund deaktiviert werden, neu zu aktivieren? Die automatische erneute Aktivierung von Add-Ins f\u00fcr iManage Work f\u00fcr Microsoft Office Anwendungen (Outlook, Word, PowerPoint, Excel, Visio und MS Project) kann jetzt mit der neuen <strong>iwReEnabledAddinOption<\/strong> in der Datei imWorkOptions.xml konfiguriert werden.<\/p>\n<h1 id=\"id-.iManageWork10forOfficeandEmailManagementforOutlookReleaseNotes(10.1)v10.2.1-Visualindicatorfordocumentsdeclaredasrecords\">Optische Anzeige f\u00fcr Dokumente, die als Aufzeichnungen angegeben wurden<\/h1>\n<p>Um Dokumente, die als Aufzeichnungen deklariert wurden, in Microsoft Office besser auf einen Blick erkennen zu k\u00f6nnen, werden die Dokumente, die in der Backstage-Ansicht aufgef\u00fchrt sind, mit einem Hammer <img loading=\"lazy\" decoding=\"async\" class=\"alignnone size-full wp-image-284\" src=\"https:\/\/docs.imanage.com\/wp-content\/uploads\/2019\/03\/RecordOverlay-1.png\" alt=\"\" width=\"24\" height=\"24\" \/>-Symbol auf dem Dokument angezeigt.<\/p>\n<p><img loading=\"lazy\" decoding=\"async\" class=\"alignnone size-full wp-image-310\" src=\"https:\/\/docs.imanage.com\/wp-content\/uploads\/2019\/05\/03_GIF_DeclareAsRecordIcon-2-1.gif\" alt=\"\" width=\"820\" height=\"485\" \/><\/p>\n<p>&nbsp;<\/p>\n","protected":false},"excerpt":{"rendered":"<p>Build: 10.2.1.142 Automatische Check-In-Erinnerung \u00d6ffnen Sie h\u00e4ufig Dokumente und lassen sie ausgecheckt, bis Ihre Kollegen Sie daran erinnern, wenn sie vergeblich versuchen, die Dokumente zu bearbeiten? Der iManage Work Desktop f\u00fcr Windows erinnert Sie jetzt automatisch an alle ge\u00f6ffneten oder ausgecheckten Dokumente und hilft ihnen dabei, ein versehentliches Sperren von Dokumenten auf ein Minimum zu [&hellip;]<\/p>\n","protected":false},"author":4,"featured_media":0,"parent":146,"menu_order":0,"comment_status":"closed","ping_status":"open","template":"","meta":{"_acf_changed":false,"footnotes":""},"class_list":["post-2","page","type-page","status-publish","hentry"],"translation":{"provider":"WPGlobus","version":"3.0.2","language":"de","enabled_languages":["en","de","fr","qc","jp","br","es","zh"],"languages":{"en":{"title":true,"content":true,"excerpt":false},"de":{"title":true,"content":true,"excerpt":false},"fr":{"title":true,"content":true,"excerpt":false},"qc":{"title":false,"content":false,"excerpt":false},"jp":{"title":true,"content":true,"excerpt":false},"br":{"title":true,"content":true,"excerpt":false},"es":{"title":true,"content":true,"excerpt":false},"zh":{"title":true,"content":true,"excerpt":false}}},"acf":[],"yoast_head":"<!-- This site is optimized with the Yoast SEO plugin v27.5 - https:\/\/yoast.com\/product\/yoast-seo-wordpress\/ -->\n<title>Neues im iManage Work Desktop f\u00fcr Windows \u2013 April 2019 &#8211; Docs - iManage<\/title>\n<meta name=\"robots\" content=\"index, follow, max-snippet:-1, max-image-preview:large, max-video-preview:-1\" \/>\n<link rel=\"canonical\" href=\"https:\/\/docs.imanage.com\/br\/work\/wdw-10-2-19-03.html\" \/>\n<meta property=\"og:locale\" content=\"de_DE\" \/>\n<meta property=\"og:type\" content=\"article\" \/>\n<meta property=\"og:title\" content=\"Neues im iManage Work Desktop f\u00fcr Windows \u2013 April 2019 &#8211; Docs - iManage\" \/>\n<meta property=\"og:url\" content=\"https:\/\/docs.imanage.com\/br\/work\/wdw-10-2-19-03.html\" \/>\n<meta property=\"og:site_name\" content=\"Docs - iManage\" \/>\n<meta property=\"article:modified_time\" content=\"2019-05-17T11:59:41+00:00\" \/>\n<meta property=\"og:image\" content=\"https:\/\/docs.imanage.com\/wp-content\/uploads\/2019\/04\/04_Notification-Popup-2-1.gif\" \/>\n<meta name=\"twitter:card\" content=\"summary_large_image\" \/>\n<meta name=\"twitter:label1\" content=\"Est. reading time\" \/>\n\t<meta name=\"twitter:data1\" content=\"11 minutes\" \/>\n<script type=\"application\/ld+json\" class=\"yoast-schema-graph\">{\"@context\":\"https:\\\/\\\/schema.org\",\"@graph\":[{\"@type\":\"WebPage\",\"@id\":\"https:\\\/\\\/docs.imanage.com\\\/br\\\/work\\\/wdw-10-2-19-03.html\",\"url\":\"https:\\\/\\\/docs.imanage.com\\\/br\\\/work\\\/wdw-10-2-19-03.html\",\"name\":\"Neues im iManage Work Desktop f\u00fcr Windows \u2013 April 2019 &#8211; Docs - iManage\",\"isPartOf\":{\"@id\":\"https:\\\/\\\/docs.imanage.com\\\/#website\"},\"primaryImageOfPage\":{\"@id\":\"https:\\\/\\\/docs.imanage.com\\\/br\\\/work\\\/wdw-10-2-19-03.html#primaryimage\"},\"image\":{\"@id\":\"https:\\\/\\\/docs.imanage.com\\\/br\\\/work\\\/wdw-10-2-19-03.html#primaryimage\"},\"thumbnailUrl\":\"https:\\\/\\\/docs.imanage.com\\\/wp-content\\\/uploads\\\/2019\\\/04\\\/04_Notification-Popup-2-1.gif\",\"datePublished\":\"2018-06-22T05:55:25+00:00\",\"dateModified\":\"2019-05-17T11:59:41+00:00\",\"breadcrumb\":{\"@id\":\"https:\\\/\\\/docs.imanage.com\\\/br\\\/work\\\/wdw-10-2-19-03.html#breadcrumb\"},\"inLanguage\":\"de-DE\",\"potentialAction\":[{\"@type\":\"ReadAction\",\"target\":[\"https:\\\/\\\/docs.imanage.com\\\/br\\\/work\\\/wdw-10-2-19-03.html\"]}]},{\"@type\":\"ImageObject\",\"inLanguage\":\"de-DE\",\"@id\":\"https:\\\/\\\/docs.imanage.com\\\/br\\\/work\\\/wdw-10-2-19-03.html#primaryimage\",\"url\":\"https:\\\/\\\/docs.imanage.com\\\/wp-content\\\/uploads\\\/2019\\\/04\\\/04_Notification-Popup-2-1.gif\",\"contentUrl\":\"https:\\\/\\\/docs.imanage.com\\\/wp-content\\\/uploads\\\/2019\\\/04\\\/04_Notification-Popup-2-1.gif\"},{\"@type\":\"BreadcrumbList\",\"@id\":\"https:\\\/\\\/docs.imanage.com\\\/br\\\/work\\\/wdw-10-2-19-03.html#breadcrumb\",\"itemListElement\":[{\"@type\":\"ListItem\",\"position\":1,\"name\":\"Home\",\"item\":\"https:\\\/\\\/docs.imanage.com\\\/\"},{\"@type\":\"ListItem\",\"position\":2,\"name\":\"Work\",\"item\":\"https:\\\/\\\/docs.imanage.com\\\/work.html\"},{\"@type\":\"ListItem\",\"position\":3,\"name\":\"Novidades no iManage Desktop Work for Windows &#8211; Abril de 2019\"}]},{\"@type\":\"WebSite\",\"@id\":\"https:\\\/\\\/docs.imanage.com\\\/#website\",\"url\":\"https:\\\/\\\/docs.imanage.com\\\/\",\"name\":\"Docs - iManage\",\"description\":\"\",\"potentialAction\":[{\"@type\":\"SearchAction\",\"target\":{\"@type\":\"EntryPoint\",\"urlTemplate\":\"https:\\\/\\\/docs.imanage.com\\\/?s={search_term_string}\"},\"query-input\":{\"@type\":\"PropertyValueSpecification\",\"valueRequired\":true,\"valueName\":\"search_term_string\"}}],\"inLanguage\":\"de-DE\"}]}<\/script>\n<!-- \/ Yoast SEO plugin. -->","yoast_head_json":{"title":"Neues im iManage Work Desktop f\u00fcr Windows \u2013 April 2019 &#8211; Docs - iManage","robots":{"index":"index","follow":"follow","max-snippet":"max-snippet:-1","max-image-preview":"max-image-preview:large","max-video-preview":"max-video-preview:-1"},"canonical":"https:\/\/docs.imanage.com\/br\/work\/wdw-10-2-19-03.html","og_locale":"de_DE","og_type":"article","og_title":"Neues im iManage Work Desktop f\u00fcr Windows \u2013 April 2019 &#8211; Docs - iManage","og_url":"https:\/\/docs.imanage.com\/br\/work\/wdw-10-2-19-03.html","og_site_name":"Docs - iManage","article_modified_time":"2019-05-17T11:59:41+00:00","og_image":[{"url":"https:\/\/docs.imanage.com\/wp-content\/uploads\/2019\/04\/04_Notification-Popup-2-1.gif","type":"","width":"","height":""}],"twitter_card":"summary_large_image","twitter_misc":{"Est. reading time":"11 minutes"},"schema":{"@context":"https:\/\/schema.org","@graph":[{"@type":"WebPage","@id":"https:\/\/docs.imanage.com\/br\/work\/wdw-10-2-19-03.html","url":"https:\/\/docs.imanage.com\/br\/work\/wdw-10-2-19-03.html","name":"Neues im iManage Work Desktop f\u00fcr Windows \u2013 April 2019 &#8211; Docs - iManage","isPartOf":{"@id":"https:\/\/docs.imanage.com\/#website"},"primaryImageOfPage":{"@id":"https:\/\/docs.imanage.com\/br\/work\/wdw-10-2-19-03.html#primaryimage"},"image":{"@id":"https:\/\/docs.imanage.com\/br\/work\/wdw-10-2-19-03.html#primaryimage"},"thumbnailUrl":"https:\/\/docs.imanage.com\/wp-content\/uploads\/2019\/04\/04_Notification-Popup-2-1.gif","datePublished":"2018-06-22T05:55:25+00:00","dateModified":"2019-05-17T11:59:41+00:00","breadcrumb":{"@id":"https:\/\/docs.imanage.com\/br\/work\/wdw-10-2-19-03.html#breadcrumb"},"inLanguage":"de-DE","potentialAction":[{"@type":"ReadAction","target":["https:\/\/docs.imanage.com\/br\/work\/wdw-10-2-19-03.html"]}]},{"@type":"ImageObject","inLanguage":"de-DE","@id":"https:\/\/docs.imanage.com\/br\/work\/wdw-10-2-19-03.html#primaryimage","url":"https:\/\/docs.imanage.com\/wp-content\/uploads\/2019\/04\/04_Notification-Popup-2-1.gif","contentUrl":"https:\/\/docs.imanage.com\/wp-content\/uploads\/2019\/04\/04_Notification-Popup-2-1.gif"},{"@type":"BreadcrumbList","@id":"https:\/\/docs.imanage.com\/br\/work\/wdw-10-2-19-03.html#breadcrumb","itemListElement":[{"@type":"ListItem","position":1,"name":"Home","item":"https:\/\/docs.imanage.com\/"},{"@type":"ListItem","position":2,"name":"Work","item":"https:\/\/docs.imanage.com\/work.html"},{"@type":"ListItem","position":3,"name":"Novidades no iManage Desktop Work for Windows &#8211; Abril de 2019"}]},{"@type":"WebSite","@id":"https:\/\/docs.imanage.com\/#website","url":"https:\/\/docs.imanage.com\/","name":"Docs - iManage","description":"","potentialAction":[{"@type":"SearchAction","target":{"@type":"EntryPoint","urlTemplate":"https:\/\/docs.imanage.com\/?s={search_term_string}"},"query-input":{"@type":"PropertyValueSpecification","valueRequired":true,"valueName":"search_term_string"}}],"inLanguage":"de-DE"}]}},"_links":{"self":[{"href":"https:\/\/docs.imanage.com\/de\/wp-json\/wp\/v2\/pages\/2","targetHints":{"allow":["GET"]}}],"collection":[{"href":"https:\/\/docs.imanage.com\/de\/wp-json\/wp\/v2\/pages"}],"about":[{"href":"https:\/\/docs.imanage.com\/de\/wp-json\/wp\/v2\/types\/page"}],"author":[{"embeddable":true,"href":"https:\/\/docs.imanage.com\/de\/wp-json\/wp\/v2\/users\/4"}],"replies":[{"embeddable":true,"href":"https:\/\/docs.imanage.com\/de\/wp-json\/wp\/v2\/comments?post=2"}],"version-history":[{"count":0,"href":"https:\/\/docs.imanage.com\/de\/wp-json\/wp\/v2\/pages\/2\/revisions"}],"up":[{"embeddable":true,"href":"https:\/\/docs.imanage.com\/de\/wp-json\/wp\/v2\/pages\/146"}],"wp:attachment":[{"href":"https:\/\/docs.imanage.com\/de\/wp-json\/wp\/v2\/media?parent=2"}],"curies":[{"name":"wp","href":"https:\/\/api.w.org\/{rel}","templated":true}]}}