{"id":249,"date":"2019-06-05T21:22:34","date_gmt":"2019-06-05T21:22:34","guid":{"rendered":"https:\/\/docs.imanage.com\/?page_id=249"},"modified":"2020-09-07T10:36:34","modified_gmt":"2020-09-07T10:36:34","slug":"whats-new-in-imanage-work","status":"publish","type":"page","link":"https:\/\/docs.imanage.com\/de\/whats-new-in-imanage-work.html","title":{"rendered":"Neues in iManage Work?"},"content":{"rendered":"<h1>Juni 2019<\/h1>\n<h3>Mehrere Dateien herunterladen<\/h3>\n<p>W\u00e4hlen Sie mehrere Dateien aus und laden Sie sie an einen Speicherort auf Ihrem Computer herunter. Zum Herunterladen der Dateien haben Sie die Wahl zwischen einzelnen Dateien oder eine einzige ZIP-Datei. Letzteres stellt sicher, dass alle heruntergeladenen Dateien zusammen gezippt werden, sodass das Teilen vereinfacht wird.<br \/>\n<img loading=\"lazy\" decoding=\"async\" class=\"alignnone wp-image-320 size-full\" src=\"https:\/\/docs.imanage.com\/wp-content\/uploads\/2019\/06\/02_Downloading-multiple-items.gif\" alt=\"\" width=\"1000\" height=\"488\" \/><\/p>\n<h3>Inhalte aus Suchergebnissen oder k\u00fcrzlich erstellten Listen wiederfinden und verschieben<\/h3>\n<p>Bisher mussten Nutzer in ein Ordner navigieren, bevor sie Dokumente verschieben konnten, was zeitaufw\u00e4ndig und m\u00fchsam war. Jetzt k\u00f6nnen Nutzer nach Dokumenten suchen und diese in einen anderen Zielordner verschieben, sodass Dateien einfach organisiert werden k\u00f6nnen. Wird ein einzelnes Dokument an mehreren Speicherorten referenziert, werden die Nutzer benachrichtigt, damit sie entscheiden k\u00f6nnen, welche Dokumente er verschieben m\u00f6chte.<br \/>\n<img loading=\"lazy\" decoding=\"async\" class=\"alignnone wp-image-321\" src=\"https:\/\/docs.imanage.com\/wp-content\/uploads\/2019\/06\/Relocate-content-from-search-results.gif\" alt=\"\" width=\"973\" height=\"488\" \/><\/p>\n<p><img loading=\"lazy\" decoding=\"async\" class=\"alignnone wp-image-322\" src=\"https:\/\/docs.imanage.com\/wp-content\/uploads\/2019\/06\/Relocate-content-from-search-1.gif\" alt=\"\" width=\"973\" height=\"488\" \/><\/p>\n<h3>E-Mails einfach mit externen Parteien teilen<\/h3>\n<p>Es gibt Situationen, in denen Sie eine E-Mail als Referenz anh\u00e4ngen m\u00fcssen. Es ist einfacher als je zuvor, abgelegte E-Mails mit Ihren Kunden zu teilen. Sie k\u00f6nnen E-Mails einfach in die Ordner Ihrer Kunden kopieren oder gesicherte Links freigeben, die je nach Bedarf mit Nachverfolgbarkeit und Ablauf verwaltet werden k\u00f6nnen.<br \/>\n<img loading=\"lazy\" decoding=\"async\" class=\"alignnone wp-image-323\" src=\"https:\/\/docs.imanage.com\/wp-content\/uploads\/2019\/06\/Easily-share-emails.jpg\" alt=\"\" width=\"973\" height=\"517\" srcset=\"https:\/\/docs.imanage.com\/wp-content\/uploads\/2019\/06\/Easily-share-emails.jpg 2880w, https:\/\/docs.imanage.com\/wp-content\/uploads\/2019\/06\/Easily-share-emails-300x159.jpg 300w, https:\/\/docs.imanage.com\/wp-content\/uploads\/2019\/06\/Easily-share-emails-768x408.jpg 768w, https:\/\/docs.imanage.com\/wp-content\/uploads\/2019\/06\/Easily-share-emails-1024x544.jpg 1024w\" sizes=\"auto, (max-width: 973px) 100vw, 973px\" \/><\/p>\n<h3>Effizientes L\u00f6schen mehrerer Versionen eines Dokuments<\/h3>\n<p>Sie k\u00f6nnen das gesamte Dokument, das eventuell mehrere Versionen enth\u00e4lt, in einem einzigen Vorgang l\u00f6schen. Die Sicherheitsberechtigungen werden weiterhin beachtet, sodass, wenn Sie keinen Zugriff auf eine Version eines Dokuments haben, Sie diese nicht l\u00f6schen k\u00f6nnen. Wenn Sie das Dokument versehentlich gel\u00f6scht haben, k\u00f6nnen Sie es einfach aus Ihrem Work 10-Papierkorb zur\u00fcckspeichern, ohne die IT-Abteilung um Hilfe bitten zu m\u00fcssen.<br \/>\n<img loading=\"lazy\" decoding=\"async\" class=\"alignnone wp-image-324\" src=\"https:\/\/docs.imanage.com\/wp-content\/uploads\/2019\/06\/Del-Multiple-versions-1.jpg\" alt=\"\" width=\"450\" height=\"203\" srcset=\"https:\/\/docs.imanage.com\/wp-content\/uploads\/2019\/06\/Del-Multiple-versions-1.jpg 1208w, https:\/\/docs.imanage.com\/wp-content\/uploads\/2019\/06\/Del-Multiple-versions-1-300x135.jpg 300w, https:\/\/docs.imanage.com\/wp-content\/uploads\/2019\/06\/Del-Multiple-versions-1-768x346.jpg 768w, https:\/\/docs.imanage.com\/wp-content\/uploads\/2019\/06\/Del-Multiple-versions-1-1024x461.jpg 1024w\" sizes=\"auto, (max-width: 450px) 100vw, 450px\" \/><br \/>\n<img loading=\"lazy\" decoding=\"async\" class=\"alignnone wp-image-325\" src=\"https:\/\/docs.imanage.com\/wp-content\/uploads\/2019\/06\/Del-multiple-versions-2.jpg\" alt=\"\" width=\"450\" height=\"202\" srcset=\"https:\/\/docs.imanage.com\/wp-content\/uploads\/2019\/06\/Del-multiple-versions-2.jpg 1208w, https:\/\/docs.imanage.com\/wp-content\/uploads\/2019\/06\/Del-multiple-versions-2-300x135.jpg 300w, https:\/\/docs.imanage.com\/wp-content\/uploads\/2019\/06\/Del-multiple-versions-2-768x345.jpg 768w, https:\/\/docs.imanage.com\/wp-content\/uploads\/2019\/06\/Del-multiple-versions-2-1024x459.jpg 1024w\" sizes=\"auto, (max-width: 450px) 100vw, 450px\" \/><\/p>\n<h3>Schnell auf Elemente zugreifen, die f\u00fcr Sie wichtig sind<\/h3>\n<p>Stehen bei Ihrer Arbeit eher die Projekte statt einzelne Dokumente oder E-Mails im Mittelpunkt. Jetzt k\u00f6nnen Sie Ihre Homepage entweder auf J\u00fcngste Projekte, E-Mails oder sogar auf Kunden\/Verpflichtungen einstellen. Wenn Sie Ihren Tag lieber mit dem Zugriff auf ein Lesezeichen, z. B. eine Dokumentvorlage, beginnen m\u00f6chten, k\u00f6nnen Sie auch dies mit iManage Work tun.<\/p>\n<h1>Allgemeine Verbesserungen<\/h1>\n<ul>\n<li>Wenn ein gel\u00f6schter Ziel-Arbeitsbereich immer noch unter einer Kategorie in \u201eMeine Betreffs\u201c aufgef\u00fchrt ist, k\u00f6nnen Sie diesen Arbeitsbereich entfernen und \u201eMeine Betreffs\u201c bereinigen.<\/li>\n<li>Die Suche wurde verbessert, damit Abfragen, die durch Kommas oder Leerzeichen getrennte Dokumentennummern enthalten, ordnungsgem\u00e4\u00df verarbeitet werden.<\/li>\n<\/ul>\n<h1>Verbesserungen in Bezug auf Benutzerfreundlichkeit, Stabilit\u00e4t und Leistung<\/h1>\n<p>Mehrere Verbesserungen und Korrekturen wurden hinzugef\u00fcgt, um die allgemeine Benutzerfreundlichkeit und Leistung zu verbessern<\/p>\n","protected":false},"excerpt":{"rendered":"<p>Juni 2019 Mehrere Dateien herunterladen W\u00e4hlen Sie mehrere Dateien aus und laden Sie sie an einen Speicherort auf Ihrem Computer herunter. Zum Herunterladen der Dateien haben Sie die Wahl zwischen einzelnen Dateien oder eine einzige ZIP-Datei. Letzteres stellt sicher, dass alle heruntergeladenen Dateien zusammen gezippt werden, sodass das Teilen vereinfacht wird. Inhalte aus Suchergebnissen oder [&hellip;]<\/p>\n","protected":false},"author":4,"featured_media":0,"parent":0,"menu_order":0,"comment_status":"closed","ping_status":"closed","template":"","meta":{"_acf_changed":false,"footnotes":""},"class_list":["post-249","page","type-page","status-publish","hentry"],"translation":{"provider":"WPGlobus","version":"3.0.2","language":"de","enabled_languages":["en","de","fr","qc","jp","br","es","zh"],"languages":{"en":{"title":true,"content":true,"excerpt":false},"de":{"title":true,"content":true,"excerpt":false},"fr":{"title":true,"content":true,"excerpt":false},"qc":{"title":false,"content":false,"excerpt":false},"jp":{"title":true,"content":true,"excerpt":false},"br":{"title":true,"content":true,"excerpt":false},"es":{"title":true,"content":true,"excerpt":false},"zh":{"title":true,"content":true,"excerpt":false}}},"acf":[],"yoast_head":"<!-- This site is optimized with the Yoast SEO plugin v27.3 - https:\/\/yoast.com\/product\/yoast-seo-wordpress\/ -->\n<title>Neues in iManage Work? &#8211; Docs - iManage<\/title>\n<meta name=\"robots\" content=\"index, follow, max-snippet:-1, max-image-preview:large, max-video-preview:-1\" \/>\n<link rel=\"canonical\" href=\"https:\/\/docs.imanage.com\/jp\/whats-new-in-imanage-work.html\" \/>\n<meta property=\"og:locale\" content=\"de_DE\" \/>\n<meta property=\"og:type\" content=\"article\" \/>\n<meta property=\"og:title\" content=\"Neues in iManage Work? &#8211; Docs - iManage\" \/>\n<meta property=\"og:url\" content=\"https:\/\/docs.imanage.com\/jp\/whats-new-in-imanage-work.html\" \/>\n<meta property=\"og:site_name\" content=\"Docs - iManage\" \/>\n<meta property=\"article:modified_time\" content=\"2020-09-07T10:36:34+00:00\" \/>\n<meta property=\"og:image\" content=\"https:\/\/docs.imanage.com\/wp-content\/uploads\/2019\/06\/02_Downloading-multiple-items.gif\" \/>\n<meta name=\"twitter:card\" content=\"summary_large_image\" \/>\n<meta name=\"twitter:label1\" content=\"Est. reading time\" \/>\n\t<meta name=\"twitter:data1\" content=\"11 minutes\" \/>\n<script type=\"application\/ld+json\" class=\"yoast-schema-graph\">{\"@context\":\"https:\\\/\\\/schema.org\",\"@graph\":[{\"@type\":\"WebPage\",\"@id\":\"https:\\\/\\\/docs.imanage.com\\\/jp\\\/whats-new-in-imanage-work.html\",\"url\":\"https:\\\/\\\/docs.imanage.com\\\/jp\\\/whats-new-in-imanage-work.html\",\"name\":\"Neues in iManage Work? &#8211; Docs - iManage\",\"isPartOf\":{\"@id\":\"https:\\\/\\\/docs.imanage.com\\\/#website\"},\"primaryImageOfPage\":{\"@id\":\"https:\\\/\\\/docs.imanage.com\\\/jp\\\/whats-new-in-imanage-work.html#primaryimage\"},\"image\":{\"@id\":\"https:\\\/\\\/docs.imanage.com\\\/jp\\\/whats-new-in-imanage-work.html#primaryimage\"},\"thumbnailUrl\":\"https:\\\/\\\/docs.imanage.com\\\/wp-content\\\/uploads\\\/2019\\\/06\\\/02_Downloading-multiple-items.gif\",\"datePublished\":\"2019-06-05T21:22:34+00:00\",\"dateModified\":\"2020-09-07T10:36:34+00:00\",\"breadcrumb\":{\"@id\":\"https:\\\/\\\/docs.imanage.com\\\/jp\\\/whats-new-in-imanage-work.html#breadcrumb\"},\"inLanguage\":\"de-DE\",\"potentialAction\":[{\"@type\":\"ReadAction\",\"target\":[\"https:\\\/\\\/docs.imanage.com\\\/jp\\\/whats-new-in-imanage-work.html\"]}]},{\"@type\":\"ImageObject\",\"inLanguage\":\"de-DE\",\"@id\":\"https:\\\/\\\/docs.imanage.com\\\/jp\\\/whats-new-in-imanage-work.html#primaryimage\",\"url\":\"https:\\\/\\\/docs.imanage.com\\\/wp-content\\\/uploads\\\/2019\\\/06\\\/02_Downloading-multiple-items.gif\",\"contentUrl\":\"https:\\\/\\\/docs.imanage.com\\\/wp-content\\\/uploads\\\/2019\\\/06\\\/02_Downloading-multiple-items.gif\"},{\"@type\":\"BreadcrumbList\",\"@id\":\"https:\\\/\\\/docs.imanage.com\\\/jp\\\/whats-new-in-imanage-work.html#breadcrumb\",\"itemListElement\":[{\"@type\":\"ListItem\",\"position\":1,\"name\":\"Home\",\"item\":\"https:\\\/\\\/docs.imanage.com\\\/\"},{\"@type\":\"ListItem\",\"position\":2,\"name\":\"iManage Work\u306e\u65b0\u6a5f\u80fd\uff1f\"}]},{\"@type\":\"WebSite\",\"@id\":\"https:\\\/\\\/docs.imanage.com\\\/#website\",\"url\":\"https:\\\/\\\/docs.imanage.com\\\/\",\"name\":\"Docs - iManage\",\"description\":\"\",\"potentialAction\":[{\"@type\":\"SearchAction\",\"target\":{\"@type\":\"EntryPoint\",\"urlTemplate\":\"https:\\\/\\\/docs.imanage.com\\\/?s={search_term_string}\"},\"query-input\":{\"@type\":\"PropertyValueSpecification\",\"valueRequired\":true,\"valueName\":\"search_term_string\"}}],\"inLanguage\":\"de-DE\"}]}<\/script>\n<!-- \/ Yoast SEO plugin. -->","yoast_head_json":{"title":"Neues in iManage Work? &#8211; Docs - iManage","robots":{"index":"index","follow":"follow","max-snippet":"max-snippet:-1","max-image-preview":"max-image-preview:large","max-video-preview":"max-video-preview:-1"},"canonical":"https:\/\/docs.imanage.com\/jp\/whats-new-in-imanage-work.html","og_locale":"de_DE","og_type":"article","og_title":"Neues in iManage Work? &#8211; Docs - iManage","og_url":"https:\/\/docs.imanage.com\/jp\/whats-new-in-imanage-work.html","og_site_name":"Docs - iManage","article_modified_time":"2020-09-07T10:36:34+00:00","og_image":[{"url":"https:\/\/docs.imanage.com\/wp-content\/uploads\/2019\/06\/02_Downloading-multiple-items.gif","type":"","width":"","height":""}],"twitter_card":"summary_large_image","twitter_misc":{"Est. reading time":"11 minutes"},"schema":{"@context":"https:\/\/schema.org","@graph":[{"@type":"WebPage","@id":"https:\/\/docs.imanage.com\/jp\/whats-new-in-imanage-work.html","url":"https:\/\/docs.imanage.com\/jp\/whats-new-in-imanage-work.html","name":"Neues in iManage Work? &#8211; Docs - iManage","isPartOf":{"@id":"https:\/\/docs.imanage.com\/#website"},"primaryImageOfPage":{"@id":"https:\/\/docs.imanage.com\/jp\/whats-new-in-imanage-work.html#primaryimage"},"image":{"@id":"https:\/\/docs.imanage.com\/jp\/whats-new-in-imanage-work.html#primaryimage"},"thumbnailUrl":"https:\/\/docs.imanage.com\/wp-content\/uploads\/2019\/06\/02_Downloading-multiple-items.gif","datePublished":"2019-06-05T21:22:34+00:00","dateModified":"2020-09-07T10:36:34+00:00","breadcrumb":{"@id":"https:\/\/docs.imanage.com\/jp\/whats-new-in-imanage-work.html#breadcrumb"},"inLanguage":"de-DE","potentialAction":[{"@type":"ReadAction","target":["https:\/\/docs.imanage.com\/jp\/whats-new-in-imanage-work.html"]}]},{"@type":"ImageObject","inLanguage":"de-DE","@id":"https:\/\/docs.imanage.com\/jp\/whats-new-in-imanage-work.html#primaryimage","url":"https:\/\/docs.imanage.com\/wp-content\/uploads\/2019\/06\/02_Downloading-multiple-items.gif","contentUrl":"https:\/\/docs.imanage.com\/wp-content\/uploads\/2019\/06\/02_Downloading-multiple-items.gif"},{"@type":"BreadcrumbList","@id":"https:\/\/docs.imanage.com\/jp\/whats-new-in-imanage-work.html#breadcrumb","itemListElement":[{"@type":"ListItem","position":1,"name":"Home","item":"https:\/\/docs.imanage.com\/"},{"@type":"ListItem","position":2,"name":"iManage Work\u306e\u65b0\u6a5f\u80fd\uff1f"}]},{"@type":"WebSite","@id":"https:\/\/docs.imanage.com\/#website","url":"https:\/\/docs.imanage.com\/","name":"Docs - iManage","description":"","potentialAction":[{"@type":"SearchAction","target":{"@type":"EntryPoint","urlTemplate":"https:\/\/docs.imanage.com\/?s={search_term_string}"},"query-input":{"@type":"PropertyValueSpecification","valueRequired":true,"valueName":"search_term_string"}}],"inLanguage":"de-DE"}]}},"_links":{"self":[{"href":"https:\/\/docs.imanage.com\/de\/wp-json\/wp\/v2\/pages\/249","targetHints":{"allow":["GET"]}}],"collection":[{"href":"https:\/\/docs.imanage.com\/de\/wp-json\/wp\/v2\/pages"}],"about":[{"href":"https:\/\/docs.imanage.com\/de\/wp-json\/wp\/v2\/types\/page"}],"author":[{"embeddable":true,"href":"https:\/\/docs.imanage.com\/de\/wp-json\/wp\/v2\/users\/4"}],"replies":[{"embeddable":true,"href":"https:\/\/docs.imanage.com\/de\/wp-json\/wp\/v2\/comments?post=249"}],"version-history":[{"count":0,"href":"https:\/\/docs.imanage.com\/de\/wp-json\/wp\/v2\/pages\/249\/revisions"}],"wp:attachment":[{"href":"https:\/\/docs.imanage.com\/de\/wp-json\/wp\/v2\/media?parent=249"}],"curies":[{"name":"wp","href":"https:\/\/api.w.org\/{rel}","templated":true}]}}