{"id":301,"date":"2019-06-04T17:01:26","date_gmt":"2019-06-04T17:01:26","guid":{"rendered":"https:\/\/docs.imanage.com\/?page_id=301"},"modified":"2019-08-05T05:56:58","modified_gmt":"2019-08-05T05:56:58","slug":"wdw-10-2-19-06","status":"publish","type":"page","link":"https:\/\/docs.imanage.com\/de\/work\/wdw-10-2-19-06.html","title":{"rendered":"Neues im iManage Work Desktop f\u00fcr Windows \u2013 Juli 2019"},"content":{"rendered":"<div class=\"entry-content\">\n<h4><strong>Build: 10.2.3.38<\/strong><\/h4>\n<h1>Umbenennen von E-Mail-Betreffs w\u00e4hrend des Sendens und der Ablage<\/h1>\n<p>M\u00fcssen Sie beim Senden von E-Mails wichtige Informationen erfassen? Sie k\u00f6nnen jetzt die Beschreibung der E-Mail w\u00e4hrend des Sendens und der Ablage in iManage Work \u00e4ndern, sodass Sie die jeweilige E-Mail sp\u00e4ter leicht finden k\u00f6nnen. Der urspr\u00fcngliche Betreff der E-Mail wird durch die neue Beschreibung nicht ge\u00e4ndert, d. h. wenn Sie sp\u00e4ter auf diese E-Mail antworten oder sie weiterleiten, sieht der Empf\u00e4nger weiterhin den urspr\u00fcnglichen Betreff der E-Mail.<\/p>\n<h1>E-Mails, die in Outlook-Ordnern gespeichert sind, einfach in Projektordner in iManage Work importieren<\/h1>\n<p>Jetzt k\u00f6nnen Sie Ihre Outlook Posteingangsordner (einschlie\u00dflich der Unterordner) in einem einzigen einfachen Vorgang m\u00fchelos nach iManage Work verschieben oder kopieren. Sie k\u00f6nnen auf diese Weise auch den Outlook-Ordner und seinen Inhalt in mehrere Ordner kopieren.<\/p>\n<p>&nbsp;<\/p>\n<p><strong>Vorversion<\/strong><\/p>\n<p><a href=\"https:\/\/docs.imanage.com\/work\/wdw-10-2-19-05.html\">iManage Work Desktop f\u00fcr Windows \u2013 Juni 2019<\/a><\/p>\n<\/div>\n","protected":false},"excerpt":{"rendered":"<p>Build: 10.2.3.38 Umbenennen von E-Mail-Betreffs w\u00e4hrend des Sendens und der Ablage M\u00fcssen Sie beim Senden von E-Mails wichtige Informationen erfassen? Sie k\u00f6nnen jetzt die Beschreibung der E-Mail w\u00e4hrend des Sendens und der Ablage in iManage Work \u00e4ndern, sodass Sie die jeweilige E-Mail sp\u00e4ter leicht finden k\u00f6nnen. Der urspr\u00fcngliche Betreff der E-Mail wird durch die neue [&hellip;]<\/p>\n","protected":false},"author":4,"featured_media":0,"parent":146,"menu_order":0,"comment_status":"closed","ping_status":"closed","template":"","meta":{"_acf_changed":false,"footnotes":""},"class_list":["post-301","page","type-page","status-publish","hentry"],"translation":{"provider":"WPGlobus","version":"3.0.2","language":"de","enabled_languages":["en","de","fr","qc","jp","br","es","zh"],"languages":{"en":{"title":true,"content":true,"excerpt":false},"de":{"title":true,"content":true,"excerpt":false},"fr":{"title":true,"content":true,"excerpt":false},"qc":{"title":false,"content":false,"excerpt":false},"jp":{"title":true,"content":true,"excerpt":false},"br":{"title":true,"content":true,"excerpt":false},"es":{"title":true,"content":true,"excerpt":false},"zh":{"title":true,"content":true,"excerpt":false}}},"acf":[],"yoast_head":"<!-- This site is optimized with the Yoast SEO plugin v27.4 - https:\/\/yoast.com\/product\/yoast-seo-wordpress\/ -->\n<title>Neues im iManage Work Desktop f\u00fcr Windows \u2013 Juli 2019 &#8211; Docs - iManage<\/title>\n<meta name=\"robots\" content=\"index, follow, max-snippet:-1, max-image-preview:large, max-video-preview:-1\" \/>\n<link rel=\"canonical\" href=\"https:\/\/docs.imanage.com\/fr\/work\/wdw-10-2-19-06.html\" \/>\n<meta property=\"og:locale\" content=\"de_DE\" \/>\n<meta property=\"og:type\" content=\"article\" \/>\n<meta property=\"og:title\" content=\"Neues im iManage Work Desktop f\u00fcr Windows \u2013 Juli 2019 &#8211; Docs - iManage\" \/>\n<meta property=\"og:url\" content=\"https:\/\/docs.imanage.com\/fr\/work\/wdw-10-2-19-06.html\" \/>\n<meta property=\"og:site_name\" content=\"Docs - iManage\" \/>\n<meta property=\"article:modified_time\" content=\"2019-08-05T05:56:58+00:00\" \/>\n<meta property=\"og:image\" content=\"https:\/\/docs.imanage.com\/wp-content\/uploads\/2019\/08\/edit-description-1.png\" \/>\n<meta name=\"twitter:card\" content=\"summary_large_image\" \/>\n<meta name=\"twitter:label1\" content=\"Est. reading time\" \/>\n\t<meta name=\"twitter:data1\" content=\"4 minutes\" \/>\n<script type=\"application\/ld+json\" class=\"yoast-schema-graph\">{\"@context\":\"https:\\\/\\\/schema.org\",\"@graph\":[{\"@type\":\"WebPage\",\"@id\":\"https:\\\/\\\/docs.imanage.com\\\/fr\\\/work\\\/wdw-10-2-19-06.html\",\"url\":\"https:\\\/\\\/docs.imanage.com\\\/fr\\\/work\\\/wdw-10-2-19-06.html\",\"name\":\"Neues im iManage Work Desktop f\u00fcr Windows \u2013 Juli 2019 &#8211; Docs - iManage\",\"isPartOf\":{\"@id\":\"https:\\\/\\\/docs.imanage.com\\\/#website\"},\"primaryImageOfPage\":{\"@id\":\"https:\\\/\\\/docs.imanage.com\\\/fr\\\/work\\\/wdw-10-2-19-06.html#primaryimage\"},\"image\":{\"@id\":\"https:\\\/\\\/docs.imanage.com\\\/fr\\\/work\\\/wdw-10-2-19-06.html#primaryimage\"},\"thumbnailUrl\":\"https:\\\/\\\/docs.imanage.com\\\/wp-content\\\/uploads\\\/2019\\\/08\\\/edit-description-1.png\",\"datePublished\":\"2019-06-04T17:01:26+00:00\",\"dateModified\":\"2019-08-05T05:56:58+00:00\",\"breadcrumb\":{\"@id\":\"https:\\\/\\\/docs.imanage.com\\\/fr\\\/work\\\/wdw-10-2-19-06.html#breadcrumb\"},\"inLanguage\":\"de-DE\",\"potentialAction\":[{\"@type\":\"ReadAction\",\"target\":[\"https:\\\/\\\/docs.imanage.com\\\/fr\\\/work\\\/wdw-10-2-19-06.html\"]}]},{\"@type\":\"ImageObject\",\"inLanguage\":\"de-DE\",\"@id\":\"https:\\\/\\\/docs.imanage.com\\\/fr\\\/work\\\/wdw-10-2-19-06.html#primaryimage\",\"url\":\"https:\\\/\\\/docs.imanage.com\\\/wp-content\\\/uploads\\\/2019\\\/08\\\/edit-description-1.png\",\"contentUrl\":\"https:\\\/\\\/docs.imanage.com\\\/wp-content\\\/uploads\\\/2019\\\/08\\\/edit-description-1.png\"},{\"@type\":\"BreadcrumbList\",\"@id\":\"https:\\\/\\\/docs.imanage.com\\\/fr\\\/work\\\/wdw-10-2-19-06.html#breadcrumb\",\"itemListElement\":[{\"@type\":\"ListItem\",\"position\":1,\"name\":\"Home\",\"item\":\"https:\\\/\\\/docs.imanage.com\\\/\"},{\"@type\":\"ListItem\",\"position\":2,\"name\":\"Work\",\"item\":\"https:\\\/\\\/docs.imanage.com\\\/work.html\"},{\"@type\":\"ListItem\",\"position\":3,\"name\":\"Nouveaut\u00e9s de iManage Work Desktop pour Windows &#8211; Juillet 2019\"}]},{\"@type\":\"WebSite\",\"@id\":\"https:\\\/\\\/docs.imanage.com\\\/#website\",\"url\":\"https:\\\/\\\/docs.imanage.com\\\/\",\"name\":\"Docs - iManage\",\"description\":\"\",\"potentialAction\":[{\"@type\":\"SearchAction\",\"target\":{\"@type\":\"EntryPoint\",\"urlTemplate\":\"https:\\\/\\\/docs.imanage.com\\\/?s={search_term_string}\"},\"query-input\":{\"@type\":\"PropertyValueSpecification\",\"valueRequired\":true,\"valueName\":\"search_term_string\"}}],\"inLanguage\":\"de-DE\"}]}<\/script>\n<!-- \/ Yoast SEO plugin. -->","yoast_head_json":{"title":"Neues im iManage Work Desktop f\u00fcr Windows \u2013 Juli 2019 &#8211; Docs - iManage","robots":{"index":"index","follow":"follow","max-snippet":"max-snippet:-1","max-image-preview":"max-image-preview:large","max-video-preview":"max-video-preview:-1"},"canonical":"https:\/\/docs.imanage.com\/fr\/work\/wdw-10-2-19-06.html","og_locale":"de_DE","og_type":"article","og_title":"Neues im iManage Work Desktop f\u00fcr Windows \u2013 Juli 2019 &#8211; Docs - iManage","og_url":"https:\/\/docs.imanage.com\/fr\/work\/wdw-10-2-19-06.html","og_site_name":"Docs - iManage","article_modified_time":"2019-08-05T05:56:58+00:00","og_image":[{"url":"https:\/\/docs.imanage.com\/wp-content\/uploads\/2019\/08\/edit-description-1.png","type":"","width":"","height":""}],"twitter_card":"summary_large_image","twitter_misc":{"Est. reading time":"4 minutes"},"schema":{"@context":"https:\/\/schema.org","@graph":[{"@type":"WebPage","@id":"https:\/\/docs.imanage.com\/fr\/work\/wdw-10-2-19-06.html","url":"https:\/\/docs.imanage.com\/fr\/work\/wdw-10-2-19-06.html","name":"Neues im iManage Work Desktop f\u00fcr Windows \u2013 Juli 2019 &#8211; Docs - iManage","isPartOf":{"@id":"https:\/\/docs.imanage.com\/#website"},"primaryImageOfPage":{"@id":"https:\/\/docs.imanage.com\/fr\/work\/wdw-10-2-19-06.html#primaryimage"},"image":{"@id":"https:\/\/docs.imanage.com\/fr\/work\/wdw-10-2-19-06.html#primaryimage"},"thumbnailUrl":"https:\/\/docs.imanage.com\/wp-content\/uploads\/2019\/08\/edit-description-1.png","datePublished":"2019-06-04T17:01:26+00:00","dateModified":"2019-08-05T05:56:58+00:00","breadcrumb":{"@id":"https:\/\/docs.imanage.com\/fr\/work\/wdw-10-2-19-06.html#breadcrumb"},"inLanguage":"de-DE","potentialAction":[{"@type":"ReadAction","target":["https:\/\/docs.imanage.com\/fr\/work\/wdw-10-2-19-06.html"]}]},{"@type":"ImageObject","inLanguage":"de-DE","@id":"https:\/\/docs.imanage.com\/fr\/work\/wdw-10-2-19-06.html#primaryimage","url":"https:\/\/docs.imanage.com\/wp-content\/uploads\/2019\/08\/edit-description-1.png","contentUrl":"https:\/\/docs.imanage.com\/wp-content\/uploads\/2019\/08\/edit-description-1.png"},{"@type":"BreadcrumbList","@id":"https:\/\/docs.imanage.com\/fr\/work\/wdw-10-2-19-06.html#breadcrumb","itemListElement":[{"@type":"ListItem","position":1,"name":"Home","item":"https:\/\/docs.imanage.com\/"},{"@type":"ListItem","position":2,"name":"Work","item":"https:\/\/docs.imanage.com\/work.html"},{"@type":"ListItem","position":3,"name":"Nouveaut\u00e9s de iManage Work Desktop pour Windows &#8211; Juillet 2019"}]},{"@type":"WebSite","@id":"https:\/\/docs.imanage.com\/#website","url":"https:\/\/docs.imanage.com\/","name":"Docs - iManage","description":"","potentialAction":[{"@type":"SearchAction","target":{"@type":"EntryPoint","urlTemplate":"https:\/\/docs.imanage.com\/?s={search_term_string}"},"query-input":{"@type":"PropertyValueSpecification","valueRequired":true,"valueName":"search_term_string"}}],"inLanguage":"de-DE"}]}},"_links":{"self":[{"href":"https:\/\/docs.imanage.com\/de\/wp-json\/wp\/v2\/pages\/301","targetHints":{"allow":["GET"]}}],"collection":[{"href":"https:\/\/docs.imanage.com\/de\/wp-json\/wp\/v2\/pages"}],"about":[{"href":"https:\/\/docs.imanage.com\/de\/wp-json\/wp\/v2\/types\/page"}],"author":[{"embeddable":true,"href":"https:\/\/docs.imanage.com\/de\/wp-json\/wp\/v2\/users\/4"}],"replies":[{"embeddable":true,"href":"https:\/\/docs.imanage.com\/de\/wp-json\/wp\/v2\/comments?post=301"}],"version-history":[{"count":0,"href":"https:\/\/docs.imanage.com\/de\/wp-json\/wp\/v2\/pages\/301\/revisions"}],"up":[{"embeddable":true,"href":"https:\/\/docs.imanage.com\/de\/wp-json\/wp\/v2\/pages\/146"}],"wp:attachment":[{"href":"https:\/\/docs.imanage.com\/de\/wp-json\/wp\/v2\/media?parent=301"}],"curies":[{"name":"wp","href":"https:\/\/api.w.org\/{rel}","templated":true}]}}