{"id":302,"date":"2019-05-15T04:56:30","date_gmt":"2019-05-15T04:56:30","guid":{"rendered":"https:\/\/docs.imanage.com\/?page_id=302"},"modified":"2019-06-12T08:42:13","modified_gmt":"2019-06-12T08:42:13","slug":"wdw-10-2-19-05","status":"publish","type":"page","link":"https:\/\/docs.imanage.com\/de\/work\/wdw-10-2-19-05.html","title":{"rendered":"Neues in iManage Work Desktop f\u00fcr Windows \u2013 Juni 2019"},"content":{"rendered":"<p><strong>Build: 10.2.2.20<\/strong><\/p>\n<h1>Einfache, text-formatierte Links beim Einf\u00fcgen von Anh\u00e4ngen<\/h1>\n<p>Durch die vereinfachten, text-formatierten Links, wird sichergestellt, dass der Text Ihrer E-Mail nicht neu formatiert wird, wenn Sie iManage-Anh\u00e4nge als Links einf\u00fcgen. Dadurch k\u00f6nnen Sie den formatierten Link einfach kopieren und in einen anderen Abschnitt der E-Mail einf\u00fcgen.<\/p>\n<p><img loading=\"lazy\" decoding=\"async\" class=\"alignnone size-full wp-image-330\" src=\"https:\/\/docs.imanage.com\/wp-content\/uploads\/2019\/06\/Inserting-link-as-text-format-2.gif\" alt=\"\" width=\"960\" height=\"514\" \/><\/p>\n<h1>Vorschau von NRL-Links ohne Anh\u00e4nge \u00f6ffnen zu m\u00fcssen<\/h1>\n<p>Es ist nicht mehr notwendig, iManage Work zu \u00f6ffnen, um E-Mail-Anh\u00e4nge anzuzeigen. Sie k\u00f6nnen eine Vorschau von NRL-Anh\u00e4ngen in Microsoft Outlook anzeigen, indem Sie einfach auf das Symbol f\u00fcr Anh\u00e4nge im Lesebereich klicken.<\/p>\n<h1>iManage Work automatisch in Outlook \u00f6ffnen<\/h1>\n<p>Bevorzugen Sie, dass iManage Work beim \u00d6ffnen von Outlook automatisch ge\u00f6ffnet wird? iManage beh\u00e4lt jetzt Ihre letzten Einstellungen bei, wodurch Work beim \u00d6ffnen von Outlook automatisch ge\u00f6ffnet wird, wenn Sie Work beim Schlie\u00dfen von Outlook offen hatten.<\/p>\n<h1>Alle abgelegten E-Mails finden, indem Sie zum verlinkten Ordner navigieren<\/h1>\n<p>Sie brauchen iManage Work nicht mehr eigens \u00f6ffnen, um alle abgelegten E-Mails in einem verlinkten Ordner anzuzeigen. Mit der einfachen Option <strong>Zum iManage-Ordner gehen<\/strong>, k\u00f6nnen Sie schnell alle abgelegten E-Mails im verlinkten Ordner finden und Ihre Arbeit abschlie\u00dfen.<\/p>\n<p>&nbsp;<\/p>\n<p><img loading=\"lazy\" decoding=\"async\" class=\"alignnone size-full wp-image-304\" src=\"https:\/\/docs.imanage.com\/wp-content\/uploads\/2019\/05\/Go-to-iManage-Folder.gif\" alt=\"\" width=\"960\" height=\"512\" \/><\/p>\n<h1>Allgemeine Verbesserungen<\/h1>\n<ul>\n<li>Probleme behoben, die das Speichern neuer PDF-Dokumente mit einer Gr\u00f6\u00dfe von mehr als 25 MB verhinderten.<\/li>\n<li>Probleme behoben, die verhinderten, dass Gep\u00e4ckanh\u00e4nger beim Senden und Ablegen nicht zum E-Mail-Betreff hinzugef\u00fcgt wurden, wenn der Speicherort einer der Letzten Speicherorte war.<\/li>\n<\/ul>\n<h1>Verbesserungen in Bezug auf Benutzerfreundlichkeit, Stabilit\u00e4t und Leistung<\/h1>\n<p>Mehrere Verbesserungen und Korrekturen wurden hinzugef\u00fcgt, um die allgemeine Benutzerfreundlichkeit und Leistung zu verbessern. Insbesondere,<\/p>\n<ul>\n<li>Die Leistung beim \u00d6ffnen von Dateien in iManage Work wurde verbessert<\/li>\n<li>Es wurden Probleme behoben, bei denen der iManage Work f\u00fcr bestimmte Nutzer zeitweise als grauer Bereich angezeigt wurde<\/li>\n<\/ul>\n<p>&nbsp;<\/p>\n<p><strong>Vorversion<\/strong><\/p>\n<p><a href=\"https:\/\/docs.imanage.com\/work\/wdw-10-2-19-03.html\">iManage Work Desktop f\u00fcr Windows \u2013 April 2019<\/a><\/p>\n<p>&nbsp;<\/p>\n","protected":false},"excerpt":{"rendered":"<p>Build: 10.2.2.20 Einfache, text-formatierte Links beim Einf\u00fcgen von Anh\u00e4ngen Durch die vereinfachten, text-formatierten Links, wird sichergestellt, dass der Text Ihrer E-Mail nicht neu formatiert wird, wenn Sie iManage-Anh\u00e4nge als Links einf\u00fcgen. Dadurch k\u00f6nnen Sie den formatierten Link einfach kopieren und in einen anderen Abschnitt der E-Mail einf\u00fcgen. Vorschau von NRL-Links ohne Anh\u00e4nge \u00f6ffnen zu m\u00fcssen [&hellip;]<\/p>\n","protected":false},"author":4,"featured_media":0,"parent":146,"menu_order":0,"comment_status":"closed","ping_status":"closed","template":"","meta":{"_acf_changed":false,"footnotes":""},"class_list":["post-302","page","type-page","status-publish","hentry"],"translation":{"provider":"WPGlobus","version":"3.0.2","language":"de","enabled_languages":["en","de","fr","qc","jp","br","es","zh"],"languages":{"en":{"title":true,"content":true,"excerpt":false},"de":{"title":true,"content":true,"excerpt":false},"fr":{"title":true,"content":true,"excerpt":false},"qc":{"title":false,"content":false,"excerpt":false},"jp":{"title":true,"content":true,"excerpt":false},"br":{"title":true,"content":true,"excerpt":false},"es":{"title":true,"content":true,"excerpt":false},"zh":{"title":true,"content":true,"excerpt":false}}},"acf":[],"yoast_head":"<!-- This site is optimized with the Yoast SEO plugin v27.4 - https:\/\/yoast.com\/product\/yoast-seo-wordpress\/ -->\n<title>Neues in iManage Work Desktop f\u00fcr Windows \u2013 Juni 2019 &#8211; Docs - iManage<\/title>\n<meta name=\"robots\" content=\"index, follow, max-snippet:-1, max-image-preview:large, max-video-preview:-1\" \/>\n<link rel=\"canonical\" href=\"https:\/\/docs.imanage.com\/es\/work\/wdw-10-2-19-05.html\" \/>\n<meta property=\"og:locale\" content=\"de_DE\" \/>\n<meta property=\"og:type\" content=\"article\" \/>\n<meta property=\"og:title\" content=\"Neues in iManage Work Desktop f\u00fcr Windows \u2013 Juni 2019 &#8211; Docs - iManage\" \/>\n<meta property=\"og:url\" content=\"https:\/\/docs.imanage.com\/es\/work\/wdw-10-2-19-05.html\" \/>\n<meta property=\"og:site_name\" content=\"Docs - iManage\" \/>\n<meta property=\"article:modified_time\" content=\"2019-06-12T08:42:13+00:00\" \/>\n<meta property=\"og:image\" content=\"https:\/\/docs.imanage.com\/wp-content\/uploads\/2019\/05\/Inserting-link-as-text-format.gif\" \/>\n<meta name=\"twitter:card\" content=\"summary_large_image\" \/>\n<meta name=\"twitter:label1\" content=\"Est. reading time\" \/>\n\t<meta name=\"twitter:data1\" content=\"8 minutes\" \/>\n<script type=\"application\/ld+json\" class=\"yoast-schema-graph\">{\"@context\":\"https:\\\/\\\/schema.org\",\"@graph\":[{\"@type\":\"WebPage\",\"@id\":\"https:\\\/\\\/docs.imanage.com\\\/es\\\/work\\\/wdw-10-2-19-05.html\",\"url\":\"https:\\\/\\\/docs.imanage.com\\\/es\\\/work\\\/wdw-10-2-19-05.html\",\"name\":\"Neues in iManage Work Desktop f\u00fcr Windows \u2013 Juni 2019 &#8211; Docs - iManage\",\"isPartOf\":{\"@id\":\"https:\\\/\\\/docs.imanage.com\\\/#website\"},\"primaryImageOfPage\":{\"@id\":\"https:\\\/\\\/docs.imanage.com\\\/es\\\/work\\\/wdw-10-2-19-05.html#primaryimage\"},\"image\":{\"@id\":\"https:\\\/\\\/docs.imanage.com\\\/es\\\/work\\\/wdw-10-2-19-05.html#primaryimage\"},\"thumbnailUrl\":\"https:\\\/\\\/docs.imanage.com\\\/wp-content\\\/uploads\\\/2019\\\/05\\\/Inserting-link-as-text-format.gif\",\"datePublished\":\"2019-05-15T04:56:30+00:00\",\"dateModified\":\"2019-06-12T08:42:13+00:00\",\"description\":\"The latest iManage Work Desktop for Windows release offers better user experience, seamless previewing, and enhanced authentication security.\",\"breadcrumb\":{\"@id\":\"https:\\\/\\\/docs.imanage.com\\\/es\\\/work\\\/wdw-10-2-19-05.html#breadcrumb\"},\"inLanguage\":\"de-DE\",\"potentialAction\":[{\"@type\":\"ReadAction\",\"target\":[\"https:\\\/\\\/docs.imanage.com\\\/es\\\/work\\\/wdw-10-2-19-05.html\"]}]},{\"@type\":\"ImageObject\",\"inLanguage\":\"de-DE\",\"@id\":\"https:\\\/\\\/docs.imanage.com\\\/es\\\/work\\\/wdw-10-2-19-05.html#primaryimage\",\"url\":\"https:\\\/\\\/docs.imanage.com\\\/wp-content\\\/uploads\\\/2019\\\/05\\\/Inserting-link-as-text-format.gif\",\"contentUrl\":\"https:\\\/\\\/docs.imanage.com\\\/wp-content\\\/uploads\\\/2019\\\/05\\\/Inserting-link-as-text-format.gif\"},{\"@type\":\"BreadcrumbList\",\"@id\":\"https:\\\/\\\/docs.imanage.com\\\/es\\\/work\\\/wdw-10-2-19-05.html#breadcrumb\",\"itemListElement\":[{\"@type\":\"ListItem\",\"position\":1,\"name\":\"Home\",\"item\":\"https:\\\/\\\/docs.imanage.com\\\/\"},{\"@type\":\"ListItem\",\"position\":2,\"name\":\"Work\",\"item\":\"https:\\\/\\\/docs.imanage.com\\\/work.html\"},{\"@type\":\"ListItem\",\"position\":3,\"name\":\"Qu\u00e9 hay de nuevo en iManage Work Desktop para Windows \u2013 Junio 2019\"}]},{\"@type\":\"WebSite\",\"@id\":\"https:\\\/\\\/docs.imanage.com\\\/#website\",\"url\":\"https:\\\/\\\/docs.imanage.com\\\/\",\"name\":\"Docs - iManage\",\"description\":\"\",\"potentialAction\":[{\"@type\":\"SearchAction\",\"target\":{\"@type\":\"EntryPoint\",\"urlTemplate\":\"https:\\\/\\\/docs.imanage.com\\\/?s={search_term_string}\"},\"query-input\":{\"@type\":\"PropertyValueSpecification\",\"valueRequired\":true,\"valueName\":\"search_term_string\"}}],\"inLanguage\":\"de-DE\"}]}<\/script>\n<!-- \/ Yoast SEO plugin. -->","yoast_head_json":{"title":"Neues in iManage Work Desktop f\u00fcr Windows \u2013 Juni 2019 &#8211; Docs - iManage","robots":{"index":"index","follow":"follow","max-snippet":"max-snippet:-1","max-image-preview":"max-image-preview:large","max-video-preview":"max-video-preview:-1"},"canonical":"https:\/\/docs.imanage.com\/es\/work\/wdw-10-2-19-05.html","og_locale":"de_DE","og_type":"article","og_title":"Neues in iManage Work Desktop f\u00fcr Windows \u2013 Juni 2019 &#8211; Docs - iManage","og_url":"https:\/\/docs.imanage.com\/es\/work\/wdw-10-2-19-05.html","og_site_name":"Docs - iManage","article_modified_time":"2019-06-12T08:42:13+00:00","og_image":[{"url":"https:\/\/docs.imanage.com\/wp-content\/uploads\/2019\/05\/Inserting-link-as-text-format.gif","type":"","width":"","height":""}],"twitter_card":"summary_large_image","twitter_misc":{"Est. reading time":"8 minutes"},"schema":{"@context":"https:\/\/schema.org","@graph":[{"@type":"WebPage","@id":"https:\/\/docs.imanage.com\/es\/work\/wdw-10-2-19-05.html","url":"https:\/\/docs.imanage.com\/es\/work\/wdw-10-2-19-05.html","name":"Neues in iManage Work Desktop f\u00fcr Windows \u2013 Juni 2019 &#8211; Docs - iManage","isPartOf":{"@id":"https:\/\/docs.imanage.com\/#website"},"primaryImageOfPage":{"@id":"https:\/\/docs.imanage.com\/es\/work\/wdw-10-2-19-05.html#primaryimage"},"image":{"@id":"https:\/\/docs.imanage.com\/es\/work\/wdw-10-2-19-05.html#primaryimage"},"thumbnailUrl":"https:\/\/docs.imanage.com\/wp-content\/uploads\/2019\/05\/Inserting-link-as-text-format.gif","datePublished":"2019-05-15T04:56:30+00:00","dateModified":"2019-06-12T08:42:13+00:00","description":"The latest iManage Work Desktop for Windows release offers better user experience, seamless previewing, and enhanced authentication security.","breadcrumb":{"@id":"https:\/\/docs.imanage.com\/es\/work\/wdw-10-2-19-05.html#breadcrumb"},"inLanguage":"de-DE","potentialAction":[{"@type":"ReadAction","target":["https:\/\/docs.imanage.com\/es\/work\/wdw-10-2-19-05.html"]}]},{"@type":"ImageObject","inLanguage":"de-DE","@id":"https:\/\/docs.imanage.com\/es\/work\/wdw-10-2-19-05.html#primaryimage","url":"https:\/\/docs.imanage.com\/wp-content\/uploads\/2019\/05\/Inserting-link-as-text-format.gif","contentUrl":"https:\/\/docs.imanage.com\/wp-content\/uploads\/2019\/05\/Inserting-link-as-text-format.gif"},{"@type":"BreadcrumbList","@id":"https:\/\/docs.imanage.com\/es\/work\/wdw-10-2-19-05.html#breadcrumb","itemListElement":[{"@type":"ListItem","position":1,"name":"Home","item":"https:\/\/docs.imanage.com\/"},{"@type":"ListItem","position":2,"name":"Work","item":"https:\/\/docs.imanage.com\/work.html"},{"@type":"ListItem","position":3,"name":"Qu\u00e9 hay de nuevo en iManage Work Desktop para Windows \u2013 Junio 2019"}]},{"@type":"WebSite","@id":"https:\/\/docs.imanage.com\/#website","url":"https:\/\/docs.imanage.com\/","name":"Docs - iManage","description":"","potentialAction":[{"@type":"SearchAction","target":{"@type":"EntryPoint","urlTemplate":"https:\/\/docs.imanage.com\/?s={search_term_string}"},"query-input":{"@type":"PropertyValueSpecification","valueRequired":true,"valueName":"search_term_string"}}],"inLanguage":"de-DE"}]}},"_links":{"self":[{"href":"https:\/\/docs.imanage.com\/de\/wp-json\/wp\/v2\/pages\/302","targetHints":{"allow":["GET"]}}],"collection":[{"href":"https:\/\/docs.imanage.com\/de\/wp-json\/wp\/v2\/pages"}],"about":[{"href":"https:\/\/docs.imanage.com\/de\/wp-json\/wp\/v2\/types\/page"}],"author":[{"embeddable":true,"href":"https:\/\/docs.imanage.com\/de\/wp-json\/wp\/v2\/users\/4"}],"replies":[{"embeddable":true,"href":"https:\/\/docs.imanage.com\/de\/wp-json\/wp\/v2\/comments?post=302"}],"version-history":[{"count":0,"href":"https:\/\/docs.imanage.com\/de\/wp-json\/wp\/v2\/pages\/302\/revisions"}],"up":[{"embeddable":true,"href":"https:\/\/docs.imanage.com\/de\/wp-json\/wp\/v2\/pages\/146"}],"wp:attachment":[{"href":"https:\/\/docs.imanage.com\/de\/wp-json\/wp\/v2\/media?parent=302"}],"curies":[{"name":"wp","href":"https:\/\/api.w.org\/{rel}","templated":true}]}}