{"id":315,"date":"2019-06-04T14:29:38","date_gmt":"2019-06-04T14:29:38","guid":{"rendered":"https:\/\/docs.imanage.com\/?page_id=315"},"modified":"2019-06-19T09:28:52","modified_gmt":"2019-06-19T09:28:52","slug":"whats-new-in-imanage-work-2019-07","status":"publish","type":"page","link":"https:\/\/docs.imanage.com\/de\/whats-new-in-imanage-work-2019-07.html","title":{"rendered":"Neues in iManage Work \u2013 Juli 2019"},"content":{"rendered":"<h1>In K\u00fcrze verf\u00fcgbar<\/h1>\n<p>W\u00e4hlen Sie die Option \u201eIn K\u00fcrze verf\u00fcgbar\u201c und profitieren Sie von der M\u00f6glichkeit, Funktionen auszuprobieren, die kurz vor der Ver\u00f6ffentlichung stehen. Senden Sie Ihr Feedback an\u00a0<strong><a href=\"mailto:feedback@imanage.com\">feedback@imanage.com<\/a><\/strong>, um uns \u00fcber m\u00f6gliche Verbesserungen in Bezug auf die Vorschaufunktion zu informieren.<\/p>\n<p><img loading=\"lazy\" decoding=\"async\" class=\"alignnone wp-image-332 size-medium black-border\" src=\"https:\/\/docs.imanage.com\/wp-content\/uploads\/2019\/06\/coming-soon-167x300.png\" alt=\"\" width=\"167\" height=\"300\" srcset=\"https:\/\/docs.imanage.com\/wp-content\/uploads\/2019\/06\/coming-soon-167x300.png 167w, https:\/\/docs.imanage.com\/wp-content\/uploads\/2019\/06\/coming-soon.png 357w\" sizes=\"auto, (max-width: 167px) 100vw, 167px\" \/><\/p>\n<h1>Rasteransicht als Vorschau \u00fcber In K\u00fcrze verf\u00fcgbar<\/h1>\n<p>Wechseln Sie zwischen einer Listenansicht und einer Rasteransicht, um die Darstellung der Ergebnisse zu \u00e4ndern. Die Rasteransicht erm\u00f6glicht es Ihnen, zus\u00e4tzliche Metadatenspalten hinzuzuf\u00fcgen und die Spalten zu sortieren, um die Ergebnisse einfach zu visualisieren.<\/p>\n<p>&nbsp;<\/p>\n<h1>E-Mails nach Dokumentnummer suchen<\/h1>\n<p>Jetzt k\u00f6nnen Sie ganz einfach nach E-Mails suchen, indem Sie die Dokumentnummer(n) aus der Einfachen Suche verwenden.<\/p>\n","protected":false},"excerpt":{"rendered":"<p>In K\u00fcrze verf\u00fcgbar W\u00e4hlen Sie die Option \u201eIn K\u00fcrze verf\u00fcgbar\u201c und profitieren Sie von der M\u00f6glichkeit, Funktionen auszuprobieren, die kurz vor der Ver\u00f6ffentlichung stehen. Senden Sie Ihr Feedback an\u00a0feedback@imanage.com, um uns \u00fcber m\u00f6gliche Verbesserungen in Bezug auf die Vorschaufunktion zu informieren. Rasteransicht als Vorschau \u00fcber In K\u00fcrze verf\u00fcgbar Wechseln Sie zwischen einer Listenansicht und einer [&hellip;]<\/p>\n","protected":false},"author":4,"featured_media":0,"parent":0,"menu_order":0,"comment_status":"closed","ping_status":"closed","template":"","meta":{"_acf_changed":false,"footnotes":""},"class_list":["post-315","page","type-page","status-publish","hentry"],"translation":{"provider":"WPGlobus","version":"3.0.2","language":"de","enabled_languages":["en","de","fr","qc","jp","br","es","zh"],"languages":{"en":{"title":true,"content":true,"excerpt":false},"de":{"title":true,"content":true,"excerpt":false},"fr":{"title":true,"content":true,"excerpt":false},"qc":{"title":false,"content":false,"excerpt":false},"jp":{"title":true,"content":true,"excerpt":false},"br":{"title":true,"content":true,"excerpt":false},"es":{"title":true,"content":true,"excerpt":false},"zh":{"title":true,"content":true,"excerpt":false}}},"acf":[],"yoast_head":"<!-- This site is optimized with the Yoast SEO plugin v27.4 - https:\/\/yoast.com\/product\/yoast-seo-wordpress\/ -->\n<title>Neues in iManage Work \u2013 Juli 2019 &#8211; Docs - iManage<\/title>\n<meta name=\"robots\" content=\"index, follow, max-snippet:-1, max-image-preview:large, max-video-preview:-1\" \/>\n<link rel=\"canonical\" href=\"https:\/\/docs.imanage.com\/whats-new-in-imanage-work-2019-07.html\" \/>\n<meta property=\"og:locale\" content=\"de_DE\" \/>\n<meta property=\"og:type\" content=\"article\" \/>\n<meta property=\"og:title\" content=\"Neues in iManage Work \u2013 Juli 2019 &#8211; Docs - iManage\" \/>\n<meta property=\"og:url\" content=\"https:\/\/docs.imanage.com\/whats-new-in-imanage-work-2019-07.html\" \/>\n<meta property=\"og:site_name\" content=\"Docs - iManage\" \/>\n<meta property=\"article:modified_time\" content=\"2019-06-19T09:28:52+00:00\" \/>\n<meta property=\"og:image\" content=\"https:\/\/docs.imanage.com\/wp-content\/uploads\/2019\/06\/coming-soon-167x300.png\" \/>\n<meta name=\"twitter:card\" content=\"summary_large_image\" \/>\n<meta name=\"twitter:label1\" content=\"Est. reading time\" \/>\n\t<meta name=\"twitter:data1\" content=\"3 minutes\" \/>\n<script type=\"application\/ld+json\" class=\"yoast-schema-graph\">{\"@context\":\"https:\\\/\\\/schema.org\",\"@graph\":[{\"@type\":\"WebPage\",\"@id\":\"https:\\\/\\\/docs.imanage.com\\\/whats-new-in-imanage-work-2019-07.html\",\"url\":\"https:\\\/\\\/docs.imanage.com\\\/whats-new-in-imanage-work-2019-07.html\",\"name\":\"Neues in iManage Work \u2013 Juli 2019 &#8211; Docs - iManage\",\"isPartOf\":{\"@id\":\"https:\\\/\\\/docs.imanage.com\\\/#website\"},\"primaryImageOfPage\":{\"@id\":\"https:\\\/\\\/docs.imanage.com\\\/whats-new-in-imanage-work-2019-07.html#primaryimage\"},\"image\":{\"@id\":\"https:\\\/\\\/docs.imanage.com\\\/whats-new-in-imanage-work-2019-07.html#primaryimage\"},\"thumbnailUrl\":\"https:\\\/\\\/docs.imanage.com\\\/wp-content\\\/uploads\\\/2019\\\/06\\\/coming-soon-167x300.png\",\"datePublished\":\"2019-06-04T14:29:38+00:00\",\"dateModified\":\"2019-06-19T09:28:52+00:00\",\"breadcrumb\":{\"@id\":\"https:\\\/\\\/docs.imanage.com\\\/whats-new-in-imanage-work-2019-07.html#breadcrumb\"},\"inLanguage\":\"de-DE\",\"potentialAction\":[{\"@type\":\"ReadAction\",\"target\":[\"https:\\\/\\\/docs.imanage.com\\\/whats-new-in-imanage-work-2019-07.html\"]}]},{\"@type\":\"ImageObject\",\"inLanguage\":\"de-DE\",\"@id\":\"https:\\\/\\\/docs.imanage.com\\\/whats-new-in-imanage-work-2019-07.html#primaryimage\",\"url\":\"https:\\\/\\\/docs.imanage.com\\\/wp-content\\\/uploads\\\/2019\\\/06\\\/coming-soon-167x300.png\",\"contentUrl\":\"https:\\\/\\\/docs.imanage.com\\\/wp-content\\\/uploads\\\/2019\\\/06\\\/coming-soon-167x300.png\"},{\"@type\":\"BreadcrumbList\",\"@id\":\"https:\\\/\\\/docs.imanage.com\\\/whats-new-in-imanage-work-2019-07.html#breadcrumb\",\"itemListElement\":[{\"@type\":\"ListItem\",\"position\":1,\"name\":\"Home\",\"item\":\"https:\\\/\\\/docs.imanage.com\\\/\"},{\"@type\":\"ListItem\",\"position\":2,\"name\":\"What&#8217;s New in iManage Work &#8211; July 2019\"}]},{\"@type\":\"WebSite\",\"@id\":\"https:\\\/\\\/docs.imanage.com\\\/#website\",\"url\":\"https:\\\/\\\/docs.imanage.com\\\/\",\"name\":\"Docs - iManage\",\"description\":\"\",\"potentialAction\":[{\"@type\":\"SearchAction\",\"target\":{\"@type\":\"EntryPoint\",\"urlTemplate\":\"https:\\\/\\\/docs.imanage.com\\\/?s={search_term_string}\"},\"query-input\":{\"@type\":\"PropertyValueSpecification\",\"valueRequired\":true,\"valueName\":\"search_term_string\"}}],\"inLanguage\":\"de-DE\"}]}<\/script>\n<!-- \/ Yoast SEO plugin. -->","yoast_head_json":{"title":"Neues in iManage Work \u2013 Juli 2019 &#8211; Docs - iManage","robots":{"index":"index","follow":"follow","max-snippet":"max-snippet:-1","max-image-preview":"max-image-preview:large","max-video-preview":"max-video-preview:-1"},"canonical":"https:\/\/docs.imanage.com\/whats-new-in-imanage-work-2019-07.html","og_locale":"de_DE","og_type":"article","og_title":"Neues in iManage Work \u2013 Juli 2019 &#8211; Docs - iManage","og_url":"https:\/\/docs.imanage.com\/whats-new-in-imanage-work-2019-07.html","og_site_name":"Docs - iManage","article_modified_time":"2019-06-19T09:28:52+00:00","og_image":[{"url":"https:\/\/docs.imanage.com\/wp-content\/uploads\/2019\/06\/coming-soon-167x300.png","type":"","width":"","height":""}],"twitter_card":"summary_large_image","twitter_misc":{"Est. reading time":"3 minutes"},"schema":{"@context":"https:\/\/schema.org","@graph":[{"@type":"WebPage","@id":"https:\/\/docs.imanage.com\/whats-new-in-imanage-work-2019-07.html","url":"https:\/\/docs.imanage.com\/whats-new-in-imanage-work-2019-07.html","name":"Neues in iManage Work \u2013 Juli 2019 &#8211; Docs - iManage","isPartOf":{"@id":"https:\/\/docs.imanage.com\/#website"},"primaryImageOfPage":{"@id":"https:\/\/docs.imanage.com\/whats-new-in-imanage-work-2019-07.html#primaryimage"},"image":{"@id":"https:\/\/docs.imanage.com\/whats-new-in-imanage-work-2019-07.html#primaryimage"},"thumbnailUrl":"https:\/\/docs.imanage.com\/wp-content\/uploads\/2019\/06\/coming-soon-167x300.png","datePublished":"2019-06-04T14:29:38+00:00","dateModified":"2019-06-19T09:28:52+00:00","breadcrumb":{"@id":"https:\/\/docs.imanage.com\/whats-new-in-imanage-work-2019-07.html#breadcrumb"},"inLanguage":"de-DE","potentialAction":[{"@type":"ReadAction","target":["https:\/\/docs.imanage.com\/whats-new-in-imanage-work-2019-07.html"]}]},{"@type":"ImageObject","inLanguage":"de-DE","@id":"https:\/\/docs.imanage.com\/whats-new-in-imanage-work-2019-07.html#primaryimage","url":"https:\/\/docs.imanage.com\/wp-content\/uploads\/2019\/06\/coming-soon-167x300.png","contentUrl":"https:\/\/docs.imanage.com\/wp-content\/uploads\/2019\/06\/coming-soon-167x300.png"},{"@type":"BreadcrumbList","@id":"https:\/\/docs.imanage.com\/whats-new-in-imanage-work-2019-07.html#breadcrumb","itemListElement":[{"@type":"ListItem","position":1,"name":"Home","item":"https:\/\/docs.imanage.com\/"},{"@type":"ListItem","position":2,"name":"What&#8217;s New in iManage Work &#8211; July 2019"}]},{"@type":"WebSite","@id":"https:\/\/docs.imanage.com\/#website","url":"https:\/\/docs.imanage.com\/","name":"Docs - iManage","description":"","potentialAction":[{"@type":"SearchAction","target":{"@type":"EntryPoint","urlTemplate":"https:\/\/docs.imanage.com\/?s={search_term_string}"},"query-input":{"@type":"PropertyValueSpecification","valueRequired":true,"valueName":"search_term_string"}}],"inLanguage":"de-DE"}]}},"_links":{"self":[{"href":"https:\/\/docs.imanage.com\/de\/wp-json\/wp\/v2\/pages\/315","targetHints":{"allow":["GET"]}}],"collection":[{"href":"https:\/\/docs.imanage.com\/de\/wp-json\/wp\/v2\/pages"}],"about":[{"href":"https:\/\/docs.imanage.com\/de\/wp-json\/wp\/v2\/types\/page"}],"author":[{"embeddable":true,"href":"https:\/\/docs.imanage.com\/de\/wp-json\/wp\/v2\/users\/4"}],"replies":[{"embeddable":true,"href":"https:\/\/docs.imanage.com\/de\/wp-json\/wp\/v2\/comments?post=315"}],"version-history":[{"count":0,"href":"https:\/\/docs.imanage.com\/de\/wp-json\/wp\/v2\/pages\/315\/revisions"}],"wp:attachment":[{"href":"https:\/\/docs.imanage.com\/de\/wp-json\/wp\/v2\/media?parent=315"}],"curies":[{"name":"wp","href":"https:\/\/api.w.org\/{rel}","templated":true}]}}