{"id":346,"date":"2019-07-04T17:35:05","date_gmt":"2019-07-04T17:35:05","guid":{"rendered":"https:\/\/docs.imanage.com\/?page_id=346"},"modified":"2020-02-20T18:04:58","modified_gmt":"2020-02-20T18:04:58","slug":"whats-new-in-imanage-work-2020-01","status":"publish","type":"page","link":"https:\/\/docs.imanage.com\/de\/whats-new-in-imanage-work-2020-01.html","title":{"rendered":"Neuerungen in iManage Work \u2013 Januar 2020"},"content":{"rendered":"<p><strong>Auff\u00e4lliges In-K\u00fcrze-verf\u00fcgbar-Symbol hebt anstehende Funktionen und Merkmale hervor<\/strong><\/p>\n<p>\u00dcber <strong>In K\u00fcrze verf\u00fcgbar <\/strong>erhalten Sie eine Vorschau auf die kommenden Funktionen und Merkmalen. Die Liste der demn\u00e4chst verf\u00fcgbaren neuen Funktionen und Merkmale \u00f6ffnet sich, wenn Sie mit der Maus auf das In-K\u00fcrze-verf\u00fcgbar-Symbol neben dem Nutzermen\u00fc fahren.<\/p>\n<p><img loading=\"lazy\" decoding=\"async\" class=\"black-border alignnone wp-image-433\" src=\"https:\/\/docs.imanage.com\/wp-content\/uploads\/2020\/02\/German-coming-soon-300x62.png\" alt=\"\" width=\"320\" height=\"66\" srcset=\"https:\/\/docs.imanage.com\/wp-content\/uploads\/2020\/02\/German-coming-soon-300x62.png 300w, https:\/\/docs.imanage.com\/wp-content\/uploads\/2020\/02\/German-coming-soon-768x159.png 768w, https:\/\/docs.imanage.com\/wp-content\/uploads\/2020\/02\/German-coming-soon.png 997w\" sizes=\"auto, (max-width: 320px) 100vw, 320px\" \/><\/p>\n<p>&nbsp;<\/p>\n<p><strong>Strukturansicht<\/strong><\/p>\n<p>iManage Work hat durch Bereitstellung der erweiterbaren Ordnerstrukturansicht <strong>In K\u00fcrze verf\u00fcgbar<\/strong> das Navigationserlebnis verbessert. Damit k\u00f6nnen Sie jetzt ganz einfach zwischen verf\u00fcgbaren Orten und Unterordnern navigieren und darin suchen. In Microsoft Outlook finden Sie die Strukturansicht in der Registerkarte <strong>Durchsuchen <\/strong>von iManage Work Panel, wenn Sie angedockt sind.<\/p>\n<p><strong>HINWEIS:<\/strong> Die Filter wurden auf die rechte Seite unter die Schaltfl\u00e4che <strong>Filter<\/strong> verschoben. Die Strukturansicht ist bei Mobilger\u00e4ten mit kleinen Bildschirmen nicht verf\u00fcgbar.<\/p>\n<p><img loading=\"lazy\" decoding=\"async\" class=\"alignnone size-full wp-image-389 black-border\" src=\"https:\/\/docs.imanage.com\/wp-content\/uploads\/2019\/12\/FILTER_Placement_Simple_360.png\" alt=\"\" width=\"360\" height=\"246\" srcset=\"https:\/\/docs.imanage.com\/wp-content\/uploads\/2019\/12\/FILTER_Placement_Simple_360.png 360w, https:\/\/docs.imanage.com\/wp-content\/uploads\/2019\/12\/FILTER_Placement_Simple_360-300x205.png 300w\" sizes=\"auto, (max-width: 360px) 100vw, 360px\" \/><\/p>\n<p><strong>Aufwertung eines zuvor bearbeiteten Dokuments auf die aktuelle Version<\/strong><\/p>\n<p>Nun k\u00f6nnen Sie \u00fcber die Dokumentenzeitleiste ein zuvor bearbeitetes Dokument auf die aktuelle Version aufwerten, ohne das Dokument herunterladen zu m\u00fcssen.<br \/>\n<strong>HINWEIS:<\/strong> Diese Funktion ist nur f\u00fcr Nutzer von iManage Cloud verf\u00fcgbar.<\/p>\n<p><strong>Mehrere Dateien l\u00f6schen<\/strong><\/p>\n<p>W\u00e4hlen Sie bis zu 50 Elemente (in der Listenansicht) oder bis zu 5000 Elemente (in der Gitteransicht), die Sie dann in den Papierkorb verschieben oder l\u00f6schen k\u00f6nnen.<\/p>\n<p><img loading=\"lazy\" decoding=\"async\" class=\"black-border alignnone wp-image-434\" src=\"https:\/\/docs.imanage.com\/wp-content\/uploads\/2020\/02\/German-Delete-multiple-files--1024x281.png\" alt=\"\" width=\"990\" height=\"271\" srcset=\"https:\/\/docs.imanage.com\/wp-content\/uploads\/2020\/02\/German-Delete-multiple-files--1024x281.png 1024w, https:\/\/docs.imanage.com\/wp-content\/uploads\/2020\/02\/German-Delete-multiple-files--300x82.png 300w, https:\/\/docs.imanage.com\/wp-content\/uploads\/2020\/02\/German-Delete-multiple-files--768x210.png 768w, https:\/\/docs.imanage.com\/wp-content\/uploads\/2020\/02\/German-Delete-multiple-files--1536x421.png 1536w, https:\/\/docs.imanage.com\/wp-content\/uploads\/2020\/02\/German-Delete-multiple-files-.png 1872w\" sizes=\"auto, (max-width: 990px) 100vw, 990px\" \/><\/p>\n<p>Sie k\u00f6nnen alle Versionen eines ausgew\u00e4hlten Dokuments oder nur die aktuell ausgew\u00e4hlte Version l\u00f6schen.<\/p>\n<p><strong>Anhaltender Suchumfang f\u00fcr Unterordner<\/strong><\/p>\n<p>Suchen Sie nach Dateien innerhalb eines Ordners und all seiner Unterordner, ohne f\u00fcr jede Suche erneut die Pr\u00e4ferenzen festlegen zu m\u00fcssen.<\/p>\n<p><strong>Gitteransicht, jetzt standardm\u00e4\u00dfig mit zus\u00e4tzlichen Verbesserungen<\/strong><\/p>\n<p>Fr\u00fcher als die anderen in K\u00fcrze kommenden Funktionen steht jetzt schon die Gitteransicht als Standardansicht zur Verf\u00fcgung. Sie k\u00f6nnen jetzt nach Vorliebe zwischen der Listen- und der Gitteransicht w\u00e4hlen.<\/p>\n<p><img loading=\"lazy\" decoding=\"async\" class=\"alignnone wp-image-435 black-border\" src=\"https:\/\/docs.imanage.com\/wp-content\/uploads\/2020\/02\/german-dd-250x190.png\" alt=\"\" width=\"150\" height=\"89\" srcset=\"https:\/\/docs.imanage.com\/wp-content\/uploads\/2020\/02\/german-dd-300x177.png 300w, https:\/\/docs.imanage.com\/wp-content\/uploads\/2020\/02\/german-dd.png 500w\" sizes=\"auto, (max-width: 150px) 100vw, 150px\" \/><\/p>\n","protected":false},"excerpt":{"rendered":"<p>Auff\u00e4lliges In-K\u00fcrze-verf\u00fcgbar-Symbol hebt anstehende Funktionen und Merkmale hervor \u00dcber In K\u00fcrze verf\u00fcgbar erhalten Sie eine Vorschau auf die kommenden Funktionen und Merkmalen. Die Liste der demn\u00e4chst verf\u00fcgbaren neuen Funktionen und Merkmale \u00f6ffnet sich, wenn Sie mit der Maus auf das In-K\u00fcrze-verf\u00fcgbar-Symbol neben dem Nutzermen\u00fc fahren. &nbsp; Strukturansicht iManage Work hat durch Bereitstellung der erweiterbaren Ordnerstrukturansicht [&hellip;]<\/p>\n","protected":false},"author":4,"featured_media":0,"parent":0,"menu_order":0,"comment_status":"closed","ping_status":"closed","template":"","meta":{"_acf_changed":false,"footnotes":""},"class_list":["post-346","page","type-page","status-publish","hentry"],"translation":{"provider":"WPGlobus","version":"3.0.2","language":"de","enabled_languages":["en","de","fr","qc","jp","br","es","zh"],"languages":{"en":{"title":true,"content":true,"excerpt":false},"de":{"title":true,"content":true,"excerpt":false},"fr":{"title":true,"content":true,"excerpt":false},"qc":{"title":false,"content":false,"excerpt":false},"jp":{"title":true,"content":true,"excerpt":false},"br":{"title":true,"content":true,"excerpt":false},"es":{"title":true,"content":true,"excerpt":false},"zh":{"title":true,"content":true,"excerpt":false}}},"acf":[],"yoast_head":"<!-- This site is optimized with the Yoast SEO plugin v27.4 - https:\/\/yoast.com\/product\/yoast-seo-wordpress\/ -->\n<title>Neuerungen in iManage Work \u2013 Januar 2020 &#8211; Docs - iManage<\/title>\n<meta name=\"robots\" content=\"index, follow, max-snippet:-1, max-image-preview:large, max-video-preview:-1\" \/>\n<link rel=\"canonical\" href=\"https:\/\/docs.imanage.com\/zh\/whats-new-in-imanage-work-2020-01.html\" \/>\n<meta property=\"og:locale\" content=\"de_DE\" \/>\n<meta property=\"og:type\" content=\"article\" \/>\n<meta property=\"og:title\" content=\"Neuerungen in iManage Work \u2013 Januar 2020 &#8211; Docs - iManage\" \/>\n<meta property=\"og:url\" content=\"https:\/\/docs.imanage.com\/zh\/whats-new-in-imanage-work-2020-01.html\" \/>\n<meta property=\"og:site_name\" content=\"Docs - iManage\" \/>\n<meta property=\"article:modified_time\" content=\"2020-02-20T18:04:58+00:00\" \/>\n<meta property=\"og:image\" content=\"https:\/\/docs.imanage.com\/wp-content\/uploads\/2020\/01\/coming-soon-icon-250x129.png\" \/>\n<meta name=\"twitter:card\" content=\"summary_large_image\" \/>\n<meta name=\"twitter:label1\" content=\"Est. reading time\" \/>\n\t<meta name=\"twitter:data1\" content=\"8 minutes\" \/>\n<script type=\"application\/ld+json\" class=\"yoast-schema-graph\">{\"@context\":\"https:\\\/\\\/schema.org\",\"@graph\":[{\"@type\":\"WebPage\",\"@id\":\"https:\\\/\\\/docs.imanage.com\\\/zh\\\/whats-new-in-imanage-work-2020-01.html\",\"url\":\"https:\\\/\\\/docs.imanage.com\\\/zh\\\/whats-new-in-imanage-work-2020-01.html\",\"name\":\"Neuerungen in iManage Work \u2013 Januar 2020 &#8211; Docs - iManage\",\"isPartOf\":{\"@id\":\"https:\\\/\\\/docs.imanage.com\\\/#website\"},\"primaryImageOfPage\":{\"@id\":\"https:\\\/\\\/docs.imanage.com\\\/zh\\\/whats-new-in-imanage-work-2020-01.html#primaryimage\"},\"image\":{\"@id\":\"https:\\\/\\\/docs.imanage.com\\\/zh\\\/whats-new-in-imanage-work-2020-01.html#primaryimage\"},\"thumbnailUrl\":\"https:\\\/\\\/docs.imanage.com\\\/wp-content\\\/uploads\\\/2020\\\/01\\\/coming-soon-icon-250x129.png\",\"datePublished\":\"2019-07-04T17:35:05+00:00\",\"dateModified\":\"2020-02-20T18:04:58+00:00\",\"breadcrumb\":{\"@id\":\"https:\\\/\\\/docs.imanage.com\\\/zh\\\/whats-new-in-imanage-work-2020-01.html#breadcrumb\"},\"inLanguage\":\"de-DE\",\"potentialAction\":[{\"@type\":\"ReadAction\",\"target\":[\"https:\\\/\\\/docs.imanage.com\\\/zh\\\/whats-new-in-imanage-work-2020-01.html\"]}]},{\"@type\":\"ImageObject\",\"inLanguage\":\"de-DE\",\"@id\":\"https:\\\/\\\/docs.imanage.com\\\/zh\\\/whats-new-in-imanage-work-2020-01.html#primaryimage\",\"url\":\"https:\\\/\\\/docs.imanage.com\\\/wp-content\\\/uploads\\\/2020\\\/01\\\/coming-soon-icon-250x129.png\",\"contentUrl\":\"https:\\\/\\\/docs.imanage.com\\\/wp-content\\\/uploads\\\/2020\\\/01\\\/coming-soon-icon-250x129.png\"},{\"@type\":\"BreadcrumbList\",\"@id\":\"https:\\\/\\\/docs.imanage.com\\\/zh\\\/whats-new-in-imanage-work-2020-01.html#breadcrumb\",\"itemListElement\":[{\"@type\":\"ListItem\",\"position\":1,\"name\":\"Home\",\"item\":\"https:\\\/\\\/docs.imanage.com\\\/\"},{\"@type\":\"ListItem\",\"position\":2,\"name\":\"iManage Work \u65b0\u589e\u529f\u80fd \u2013 2020 \u5e74 1 \u6708\"}]},{\"@type\":\"WebSite\",\"@id\":\"https:\\\/\\\/docs.imanage.com\\\/#website\",\"url\":\"https:\\\/\\\/docs.imanage.com\\\/\",\"name\":\"Docs - iManage\",\"description\":\"\",\"potentialAction\":[{\"@type\":\"SearchAction\",\"target\":{\"@type\":\"EntryPoint\",\"urlTemplate\":\"https:\\\/\\\/docs.imanage.com\\\/?s={search_term_string}\"},\"query-input\":{\"@type\":\"PropertyValueSpecification\",\"valueRequired\":true,\"valueName\":\"search_term_string\"}}],\"inLanguage\":\"de-DE\"}]}<\/script>\n<!-- \/ Yoast SEO plugin. -->","yoast_head_json":{"title":"Neuerungen in iManage Work \u2013 Januar 2020 &#8211; Docs - iManage","robots":{"index":"index","follow":"follow","max-snippet":"max-snippet:-1","max-image-preview":"max-image-preview:large","max-video-preview":"max-video-preview:-1"},"canonical":"https:\/\/docs.imanage.com\/zh\/whats-new-in-imanage-work-2020-01.html","og_locale":"de_DE","og_type":"article","og_title":"Neuerungen in iManage Work \u2013 Januar 2020 &#8211; Docs - iManage","og_url":"https:\/\/docs.imanage.com\/zh\/whats-new-in-imanage-work-2020-01.html","og_site_name":"Docs - iManage","article_modified_time":"2020-02-20T18:04:58+00:00","og_image":[{"url":"https:\/\/docs.imanage.com\/wp-content\/uploads\/2020\/01\/coming-soon-icon-250x129.png","type":"","width":"","height":""}],"twitter_card":"summary_large_image","twitter_misc":{"Est. reading time":"8 minutes"},"schema":{"@context":"https:\/\/schema.org","@graph":[{"@type":"WebPage","@id":"https:\/\/docs.imanage.com\/zh\/whats-new-in-imanage-work-2020-01.html","url":"https:\/\/docs.imanage.com\/zh\/whats-new-in-imanage-work-2020-01.html","name":"Neuerungen in iManage Work \u2013 Januar 2020 &#8211; Docs - iManage","isPartOf":{"@id":"https:\/\/docs.imanage.com\/#website"},"primaryImageOfPage":{"@id":"https:\/\/docs.imanage.com\/zh\/whats-new-in-imanage-work-2020-01.html#primaryimage"},"image":{"@id":"https:\/\/docs.imanage.com\/zh\/whats-new-in-imanage-work-2020-01.html#primaryimage"},"thumbnailUrl":"https:\/\/docs.imanage.com\/wp-content\/uploads\/2020\/01\/coming-soon-icon-250x129.png","datePublished":"2019-07-04T17:35:05+00:00","dateModified":"2020-02-20T18:04:58+00:00","breadcrumb":{"@id":"https:\/\/docs.imanage.com\/zh\/whats-new-in-imanage-work-2020-01.html#breadcrumb"},"inLanguage":"de-DE","potentialAction":[{"@type":"ReadAction","target":["https:\/\/docs.imanage.com\/zh\/whats-new-in-imanage-work-2020-01.html"]}]},{"@type":"ImageObject","inLanguage":"de-DE","@id":"https:\/\/docs.imanage.com\/zh\/whats-new-in-imanage-work-2020-01.html#primaryimage","url":"https:\/\/docs.imanage.com\/wp-content\/uploads\/2020\/01\/coming-soon-icon-250x129.png","contentUrl":"https:\/\/docs.imanage.com\/wp-content\/uploads\/2020\/01\/coming-soon-icon-250x129.png"},{"@type":"BreadcrumbList","@id":"https:\/\/docs.imanage.com\/zh\/whats-new-in-imanage-work-2020-01.html#breadcrumb","itemListElement":[{"@type":"ListItem","position":1,"name":"Home","item":"https:\/\/docs.imanage.com\/"},{"@type":"ListItem","position":2,"name":"iManage Work \u65b0\u589e\u529f\u80fd \u2013 2020 \u5e74 1 \u6708"}]},{"@type":"WebSite","@id":"https:\/\/docs.imanage.com\/#website","url":"https:\/\/docs.imanage.com\/","name":"Docs - iManage","description":"","potentialAction":[{"@type":"SearchAction","target":{"@type":"EntryPoint","urlTemplate":"https:\/\/docs.imanage.com\/?s={search_term_string}"},"query-input":{"@type":"PropertyValueSpecification","valueRequired":true,"valueName":"search_term_string"}}],"inLanguage":"de-DE"}]}},"_links":{"self":[{"href":"https:\/\/docs.imanage.com\/de\/wp-json\/wp\/v2\/pages\/346","targetHints":{"allow":["GET"]}}],"collection":[{"href":"https:\/\/docs.imanage.com\/de\/wp-json\/wp\/v2\/pages"}],"about":[{"href":"https:\/\/docs.imanage.com\/de\/wp-json\/wp\/v2\/types\/page"}],"author":[{"embeddable":true,"href":"https:\/\/docs.imanage.com\/de\/wp-json\/wp\/v2\/users\/4"}],"replies":[{"embeddable":true,"href":"https:\/\/docs.imanage.com\/de\/wp-json\/wp\/v2\/comments?post=346"}],"version-history":[{"count":0,"href":"https:\/\/docs.imanage.com\/de\/wp-json\/wp\/v2\/pages\/346\/revisions"}],"wp:attachment":[{"href":"https:\/\/docs.imanage.com\/de\/wp-json\/wp\/v2\/media?parent=346"}],"curies":[{"name":"wp","href":"https:\/\/api.w.org\/{rel}","templated":true}]}}