{"id":508,"date":"2020-06-22T12:51:53","date_gmt":"2020-06-22T12:51:53","guid":{"rendered":"https:\/\/docs.imanage.com\/?page_id=508"},"modified":"2020-10-20T18:52:31","modified_gmt":"2020-10-20T18:52:31","slug":"whats-new-in-imanage-work-desktop-for-windows-june-2020","status":"publish","type":"page","link":"https:\/\/docs.imanage.com\/de\/work\/whats-new-in-imanage-work-desktop-for-windows-june-2020.html","title":{"rendered":"Neue Funktionen in iManage Work Desktop for Windows &#8211; Oktober 2020"},"content":{"rendered":"<h4><strong>Build: 10.2.7.90<\/strong><\/h4>\n<h1>Verbesserte Leistungsf\u00e4higkeit<\/h1>\n<p>Die Leistungsverbesserung ist ein kontinuierliches Bestreben, wobei mit dieser Version folgende Schwerpunkte gesetzt wurden:<\/p>\n<ul>\n<li style=\"list-style-type: none;\">\n<ul>\n<li style=\"list-style-type: none;\">\n<ul>\n<li>Speichern von Dokumenten und Speichern von Dokumenten als neue Version.<\/li>\n<li>\u00d6ffnen von Dokumenten in iManage Work web client, speziell in Netzwerken mit hoher Latenzzeit.<\/li>\n<li>\u00d6ffnen von Dokumenten aus integrierten Anwendungen.<\/li>\n<li>\u00d6ffnen der neuesten Dokumentenversion \u00fcber den iManage Work Server.<\/li>\n<li>\u00d6ffnen von Arbeitsbereichen, Ordnern und Unterordnern \u00fcber iManage Work.<\/li>\n<li>Navigation im Dialogfeld <strong>\u00d6ffnen<\/strong>.<\/li>\n<li>Zugriff auf den <strong>Arbeitsbereich<\/strong> in Microsoft Outlook.<\/li>\n<li>Datenabruf basierend auf den angewandten Filtern.<\/li>\n<li>Verwaltung der Netzwerkerkennung mit VPN-Verbindungen.<\/li>\n<\/ul>\n<\/li>\n<\/ul>\n<\/li>\n<\/ul>\n","protected":false},"excerpt":{"rendered":"<p>Build: 10.2.7.90 Verbesserte Leistungsf\u00e4higkeit Die Leistungsverbesserung ist ein kontinuierliches Bestreben, wobei mit dieser Version folgende Schwerpunkte gesetzt wurden: Speichern von Dokumenten und Speichern von Dokumenten als neue Version. \u00d6ffnen von Dokumenten in iManage Work web client, speziell in Netzwerken mit hoher Latenzzeit. \u00d6ffnen von Dokumenten aus integrierten Anwendungen. \u00d6ffnen der neuesten Dokumentenversion \u00fcber den iManage [&hellip;]<\/p>\n","protected":false},"author":4,"featured_media":0,"parent":146,"menu_order":0,"comment_status":"closed","ping_status":"closed","template":"","meta":{"_acf_changed":false,"footnotes":""},"class_list":["post-508","page","type-page","status-publish","hentry"],"translation":{"provider":"WPGlobus","version":"3.0.2","language":"de","enabled_languages":["en","de","fr","qc","jp","br","es","zh"],"languages":{"en":{"title":true,"content":true,"excerpt":false},"de":{"title":true,"content":true,"excerpt":false},"fr":{"title":true,"content":true,"excerpt":false},"qc":{"title":false,"content":false,"excerpt":false},"jp":{"title":true,"content":true,"excerpt":false},"br":{"title":true,"content":true,"excerpt":false},"es":{"title":true,"content":true,"excerpt":false},"zh":{"title":true,"content":true,"excerpt":false}}},"acf":[],"yoast_head":"<!-- This site is optimized with the Yoast SEO plugin v27.3 - https:\/\/yoast.com\/product\/yoast-seo-wordpress\/ -->\n<title>Neue Funktionen in iManage Work Desktop for Windows - Oktober 2020 &#8211; Docs - iManage<\/title>\n<meta name=\"robots\" content=\"index, follow, max-snippet:-1, max-image-preview:large, max-video-preview:-1\" \/>\n<link rel=\"canonical\" href=\"https:\/\/docs.imanage.com\/work\/whats-new-in-imanage-work-desktop-for-windows-june-2020.html\" \/>\n<meta property=\"og:locale\" content=\"de_DE\" \/>\n<meta property=\"og:type\" content=\"article\" \/>\n<meta property=\"og:title\" content=\"Neue Funktionen in iManage Work Desktop for Windows - Oktober 2020 &#8211; Docs - iManage\" \/>\n<meta property=\"og:url\" content=\"https:\/\/docs.imanage.com\/work\/whats-new-in-imanage-work-desktop-for-windows-june-2020.html\" \/>\n<meta property=\"og:site_name\" content=\"Docs - iManage\" \/>\n<meta property=\"article:modified_time\" content=\"2020-10-20T18:52:31+00:00\" \/>\n<meta name=\"twitter:card\" content=\"summary_large_image\" \/>\n<meta name=\"twitter:label1\" content=\"Est. reading time\" \/>\n\t<meta name=\"twitter:data1\" content=\"3 minutes\" \/>\n<script type=\"application\/ld+json\" class=\"yoast-schema-graph\">{\"@context\":\"https:\\\/\\\/schema.org\",\"@graph\":[{\"@type\":\"WebPage\",\"@id\":\"https:\\\/\\\/docs.imanage.com\\\/work\\\/whats-new-in-imanage-work-desktop-for-windows-june-2020.html\",\"url\":\"https:\\\/\\\/docs.imanage.com\\\/work\\\/whats-new-in-imanage-work-desktop-for-windows-june-2020.html\",\"name\":\"Neue Funktionen in iManage Work Desktop for Windows - Oktober 2020 &#8211; Docs - iManage\",\"isPartOf\":{\"@id\":\"https:\\\/\\\/docs.imanage.com\\\/#website\"},\"datePublished\":\"2020-06-22T12:51:53+00:00\",\"dateModified\":\"2020-10-20T18:52:31+00:00\",\"breadcrumb\":{\"@id\":\"https:\\\/\\\/docs.imanage.com\\\/work\\\/whats-new-in-imanage-work-desktop-for-windows-june-2020.html#breadcrumb\"},\"inLanguage\":\"de-DE\",\"potentialAction\":[{\"@type\":\"ReadAction\",\"target\":[\"https:\\\/\\\/docs.imanage.com\\\/work\\\/whats-new-in-imanage-work-desktop-for-windows-june-2020.html\"]}]},{\"@type\":\"BreadcrumbList\",\"@id\":\"https:\\\/\\\/docs.imanage.com\\\/work\\\/whats-new-in-imanage-work-desktop-for-windows-june-2020.html#breadcrumb\",\"itemListElement\":[{\"@type\":\"ListItem\",\"position\":1,\"name\":\"Home\",\"item\":\"https:\\\/\\\/docs.imanage.com\\\/\"},{\"@type\":\"ListItem\",\"position\":2,\"name\":\"Work\",\"item\":\"https:\\\/\\\/docs.imanage.com\\\/work.html\"},{\"@type\":\"ListItem\",\"position\":3,\"name\":\"What&#8217;s New in iManage Work Desktop for Windows &#8211; October 2020\"}]},{\"@type\":\"WebSite\",\"@id\":\"https:\\\/\\\/docs.imanage.com\\\/#website\",\"url\":\"https:\\\/\\\/docs.imanage.com\\\/\",\"name\":\"Docs - iManage\",\"description\":\"\",\"potentialAction\":[{\"@type\":\"SearchAction\",\"target\":{\"@type\":\"EntryPoint\",\"urlTemplate\":\"https:\\\/\\\/docs.imanage.com\\\/?s={search_term_string}\"},\"query-input\":{\"@type\":\"PropertyValueSpecification\",\"valueRequired\":true,\"valueName\":\"search_term_string\"}}],\"inLanguage\":\"de-DE\"}]}<\/script>\n<!-- \/ Yoast SEO plugin. -->","yoast_head_json":{"title":"Neue Funktionen in iManage Work Desktop for Windows - Oktober 2020 &#8211; Docs - iManage","robots":{"index":"index","follow":"follow","max-snippet":"max-snippet:-1","max-image-preview":"max-image-preview:large","max-video-preview":"max-video-preview:-1"},"canonical":"https:\/\/docs.imanage.com\/work\/whats-new-in-imanage-work-desktop-for-windows-june-2020.html","og_locale":"de_DE","og_type":"article","og_title":"Neue Funktionen in iManage Work Desktop for Windows - Oktober 2020 &#8211; Docs - iManage","og_url":"https:\/\/docs.imanage.com\/work\/whats-new-in-imanage-work-desktop-for-windows-june-2020.html","og_site_name":"Docs - iManage","article_modified_time":"2020-10-20T18:52:31+00:00","twitter_card":"summary_large_image","twitter_misc":{"Est. reading time":"3 minutes"},"schema":{"@context":"https:\/\/schema.org","@graph":[{"@type":"WebPage","@id":"https:\/\/docs.imanage.com\/work\/whats-new-in-imanage-work-desktop-for-windows-june-2020.html","url":"https:\/\/docs.imanage.com\/work\/whats-new-in-imanage-work-desktop-for-windows-june-2020.html","name":"Neue Funktionen in iManage Work Desktop for Windows - Oktober 2020 &#8211; Docs - iManage","isPartOf":{"@id":"https:\/\/docs.imanage.com\/#website"},"datePublished":"2020-06-22T12:51:53+00:00","dateModified":"2020-10-20T18:52:31+00:00","breadcrumb":{"@id":"https:\/\/docs.imanage.com\/work\/whats-new-in-imanage-work-desktop-for-windows-june-2020.html#breadcrumb"},"inLanguage":"de-DE","potentialAction":[{"@type":"ReadAction","target":["https:\/\/docs.imanage.com\/work\/whats-new-in-imanage-work-desktop-for-windows-june-2020.html"]}]},{"@type":"BreadcrumbList","@id":"https:\/\/docs.imanage.com\/work\/whats-new-in-imanage-work-desktop-for-windows-june-2020.html#breadcrumb","itemListElement":[{"@type":"ListItem","position":1,"name":"Home","item":"https:\/\/docs.imanage.com\/"},{"@type":"ListItem","position":2,"name":"Work","item":"https:\/\/docs.imanage.com\/work.html"},{"@type":"ListItem","position":3,"name":"What&#8217;s New in iManage Work Desktop for Windows &#8211; October 2020"}]},{"@type":"WebSite","@id":"https:\/\/docs.imanage.com\/#website","url":"https:\/\/docs.imanage.com\/","name":"Docs - iManage","description":"","potentialAction":[{"@type":"SearchAction","target":{"@type":"EntryPoint","urlTemplate":"https:\/\/docs.imanage.com\/?s={search_term_string}"},"query-input":{"@type":"PropertyValueSpecification","valueRequired":true,"valueName":"search_term_string"}}],"inLanguage":"de-DE"}]}},"_links":{"self":[{"href":"https:\/\/docs.imanage.com\/de\/wp-json\/wp\/v2\/pages\/508","targetHints":{"allow":["GET"]}}],"collection":[{"href":"https:\/\/docs.imanage.com\/de\/wp-json\/wp\/v2\/pages"}],"about":[{"href":"https:\/\/docs.imanage.com\/de\/wp-json\/wp\/v2\/types\/page"}],"author":[{"embeddable":true,"href":"https:\/\/docs.imanage.com\/de\/wp-json\/wp\/v2\/users\/4"}],"replies":[{"embeddable":true,"href":"https:\/\/docs.imanage.com\/de\/wp-json\/wp\/v2\/comments?post=508"}],"version-history":[{"count":0,"href":"https:\/\/docs.imanage.com\/de\/wp-json\/wp\/v2\/pages\/508\/revisions"}],"up":[{"embeddable":true,"href":"https:\/\/docs.imanage.com\/de\/wp-json\/wp\/v2\/pages\/146"}],"wp:attachment":[{"href":"https:\/\/docs.imanage.com\/de\/wp-json\/wp\/v2\/media?parent=508"}],"curies":[{"name":"wp","href":"https:\/\/api.w.org\/{rel}","templated":true}]}}