{"id":513,"date":"2020-07-06T06:37:03","date_gmt":"2020-07-06T06:37:03","guid":{"rendered":"https:\/\/docs.imanage.com\/?page_id=513"},"modified":"2020-08-12T05:23:15","modified_gmt":"2020-08-12T05:23:15","slug":"whats-new-in-imanage-work-2020-07","status":"publish","type":"page","link":"https:\/\/docs.imanage.com\/de\/whats-new-in-imanage-work-2020-07.html","title":{"rendered":"Neuerungen in iManage Work \u2013 Juli 2020"},"content":{"rendered":"<h1><span style=\"font-size: 1.5rem;\"><strong>Baumansicht als Standard<\/strong><\/span><\/h1>\n<p>Die bisher nur \u00fcber <strong>Kommt bald <\/strong>verf\u00fcgbare Baumansicht wird von nun an die Standardansicht f\u00fcr die Benutzer von iManage Work und das iManage Work-Fenster in Microsoft Outlook sein.<\/p>\n<h1><strong>Ordner \u00fcber das Kontext- oder D\u00f6ner-Men\u00fc verschieben<\/strong><\/h1>\n<p>Reorganisieren Sie Ihre Ordnerstruktur, indem Sie Ordner, Suchordner und Ordnerverkn\u00fcpfungen mit Hilfe des Kontext- oder D\u00f6ner-Men\u00fcs verschieben. Die im jeweiligen Ordner enthaltenen Unterordner, Dokumente und E-Mails werden zusammen mit dem \u00fcbergeordneten Ordner verschoben. Das Verschieben eines Suchordners hat keinen Einfluss auf die Suchkriterien, auf deren Grundlage der Suchordner gespeichert wurde.<\/p>\n<p><img loading=\"lazy\" decoding=\"async\" class=\"alignnone wp-image-514 black-border\" src=\"https:\/\/docs.imanage.com\/wp-content\/uploads\/2020\/07\/Moving-folders-using-context-or-kebab-menu.png\" alt=\"\" width=\"200\" height=\"173\" \/><\/p>\n<h1><strong>Kategorien \u00fcber das Kontext- oder D\u00f6ner-Men\u00fc verschieben<\/strong><\/h1>\n<p>Verschieben Sie eine Kategorie in eine beliebige andere in <strong>Meine Angelegenheiten<\/strong> oder <strong>Meine Favoriten<\/strong>.<\/p>\n<h1><strong>Verkn\u00fcpfungen f\u00fcr Dokumentordner \u00fcber das Kontext- oder D\u00f6ner-Men\u00fc erstellen<\/strong><\/h1>\n<p>Erstellen Sie eine Verkn\u00fcpfung zu einem Dokumentordner in einem anderen Arbeitsbereich oder einem anderen Register innerhalb derselben oder einer anderen Datenbank.<br \/>\n<img loading=\"lazy\" decoding=\"async\" class=\"black-border alignnone wp-image-517\" src=\"https:\/\/docs.imanage.com\/wp-content\/uploads\/2020\/07\/create-document-folder-shortcut.png\" alt=\"\" width=\"220\" height=\"165\" \/><br \/>\n<strong>HINWEIS<\/strong>: Das Erstellen von Dokumentverkn\u00fcpfungen ist nur m\u00f6glich, wenn Ihre Konfiguration das Erstellen von Objekten auf der Stammebene des Arbeitsbereichs erm\u00f6glicht.<\/p>\n<h1><strong>Verkn\u00fcpfungen \u00fcber das Kontext- oder D\u00f6ner-Men\u00fc verschieben<\/strong><\/h1>\n<p>Verschieben Sie Arbeitsbereichs- Dokumenten- und Ordnerverkn\u00fcpfungen von einem Ort zum anderen.<\/p>\n<p><img loading=\"lazy\" decoding=\"async\" class=\"black-border alignnone wp-image-518\" src=\"https:\/\/docs.imanage.com\/wp-content\/uploads\/2020\/07\/Moving-shortcuts.png\" alt=\"\" width=\"220\" height=\"190\" \/><\/p>\n<h1><strong>Erweiterter Workflow zum L\u00f6schen von Dokumenten<\/strong><\/h1>\n<p>L\u00f6schen Sie Dokumente \u00fcber das Kontext- oder D\u00f6ner-Men\u00fc aus einem Ordner. Die den Benutzern zur Verf\u00fcgung stehenden Optionen zum L\u00f6schen von Dokumenten h\u00e4ngen von der Anzahl der Versionen und Verweise des Dokuments ab, wie z.B:<br \/>\n&#8211; Dokument mit einer einzigen Version und ohne Verweis<br \/>\n&#8211; Dokument mit mehreren Versionen und ohne Verweise<br \/>\n&#8211; Dokument mit einer einzigen Version und Verweisen an vielen Stellen<br \/>\n&#8211; Dokument mit mehreren Versionen und Verweisen an vielen Stellen<br \/>\n&#8211; Mehrere Dokumente mit mehreren Verweisen<br \/>\nWeitere Informationen finden Sie unter <a href=\"https:\/\/docs.imanage.com\/work-web-help\/10.3.0\/en-US\/Deleting_a_document.html\">Ein Dokument l\u00f6schen<\/a>.<\/p>\n<h1><strong>Erweiterte administrative Konfigurationen im iManage Control Center<\/strong><\/h1>\n<p><strong>Das Standardverhalten beim Klicken auf den Titel eines Dokuments festlegen:<br \/>\n<\/strong>Option <strong><em>In gesch\u00fctzter Ansicht \u00f6ffnen<\/em><\/strong> zum \u00d6ffnen von Microsoft Office-Dokumenten in gesch\u00fctzter Ansicht, um zu verhindern, dass Benutzer Dokumente versehentlich in ausgecheckten Zustand belassen.<br \/>\n<img loading=\"lazy\" decoding=\"async\" class=\"black-border alignnone wp-image-519\" src=\"https:\/\/docs.imanage.com\/wp-content\/uploads\/2020\/07\/Open-in-protexted-view-1024x219.png\" alt=\"\" width=\"720\" height=\"154\" srcset=\"https:\/\/docs.imanage.com\/wp-content\/uploads\/2020\/07\/Open-in-protexted-view-1024x219.png 1024w, https:\/\/docs.imanage.com\/wp-content\/uploads\/2020\/07\/Open-in-protexted-view-300x64.png 300w, https:\/\/docs.imanage.com\/wp-content\/uploads\/2020\/07\/Open-in-protexted-view-768x164.png 768w, https:\/\/docs.imanage.com\/wp-content\/uploads\/2020\/07\/Open-in-protexted-view.png 1062w\" sizes=\"auto, (max-width: 720px) 100vw, 720px\" \/><\/p>\n<p id=\"CopyofiManageWorkReleaseNotes10.3-UnifiedDeletemenuoption\"><strong>Einheitliche Men\u00fcoption L\u00f6schen im iManage Control Center:<\/strong><br \/>\nDas direkte Men\u00fc <strong><em>Verkn\u00fcpfung l\u00f6schen<\/em><\/strong> wurde aus dem iManage Control Center entfernt. Stattdessen ist die Option <strong><em>L\u00f6schen <\/em><\/strong>jetzt kontextsensitiv und erscheint im Kontextmen\u00fc f\u00fcr Dokumente, E-Mails und Ordner, w\u00e4hrend die Option <strong><em>Verkn\u00fcpfung l\u00f6schen <\/em><\/strong>f\u00fcr Dokumente-, E-Mail- und Ordnerverkn\u00fcpfungen erscheint, wenn die Option L\u00f6schen in den jeweiligen Kontextmen\u00fcs verf\u00fcgbar ist.<\/p>\n<h1><strong>F\u00e4higkeit, mehrere Operationen im Baum mittels Ziehen und Ablegen durchzuf\u00fchren<\/strong><\/h1>\n<p><strong>Baumknoten expandieren und durchsuchen:<\/strong><\/p>\n<p>Ziehen Sie Objekte aus dem Mittelbereich auf den Baum, so dass sich die Knoten erweitern, und lassen Sie die Objekte an einer Stelle fallen, an der ein Container durch einen blauen Umriss hervorgehoben ist.<br \/>\n<img decoding=\"async\" class=\"alignnone wp-image-521 size-large black-border\" src=\"https:\/\/docs.imanage.com\/work-web-help\/10.3.0\/en-US\/images\/download\/attachments\/85082028\/expand_and_browse_tree_using_DnD.gif\" alt=\"\" width=\"700\" \/><\/p>\n<p>Die Liste der mit Auswahltasten durchf\u00fchrbaren Aktionen wird in der Eingabeaufforderung f\u00fcr die Hilfsmeldungen angezeigt.<br \/>\n<img loading=\"lazy\" decoding=\"async\" class=\"black-border alignnone wp-image-522 size-medium\" src=\"https:\/\/docs.imanage.com\/wp-content\/uploads\/2020\/07\/helper-message-on-windows-300x68.png\" alt=\"\" width=\"300\" height=\"68\" srcset=\"https:\/\/docs.imanage.com\/wp-content\/uploads\/2020\/07\/helper-message-on-windows-300x68.png 300w, https:\/\/docs.imanage.com\/wp-content\/uploads\/2020\/07\/helper-message-on-windows.png 506w\" sizes=\"auto, (max-width: 300px) 100vw, 300px\" \/><\/p>\n<p>Je nach dem vom Benutzer verwendeten Browser und Betriebssysten k\u00f6nnen das Verhalten und die f\u00fcr diese Baumfunktionen verwendeten Schl\u00fcssel variieren. Weitere Einzelheiten finden Sie unter <a href=\"https:\/\/docs.imanage.com\/work-web-help\/10.3.0\/en-US\/Keyboard_functions_for_operations_related_to_the_tree.html\">Tastaturfunktionen f\u00fcr Operationen im Zusammenhang mit dem Baum<\/a>.<\/p>\n<p><strong>Ordner aus der Listen- oder Gitteransicht in den Baum verschieben:<\/strong><\/p>\n<p>Verschieben Sie Dokumenten- und Suchordner per Ziehen und Ablegen.<br \/>\n<img decoding=\"async\" class=\"alignnone wp-image-521 size-large black-border\" src=\"https:\/\/docs.imanage.com\/work-web-help\/10.3.0\/en-US\/images\/download\/attachments\/85074216\/Moving_folders_using_DnD.gif\" alt=\"\" width=\"700\" \/><\/p>\n<p><strong>Dokumente und E-Mails in einen Ordner in der Baumstruktur verschieben:<\/strong><\/p>\n<p>Verschieben Sie Dokumente und E-Mails per Ziehen und Ablegen in Ordner oder Ordnerverkn\u00fcpfungen..<br \/>\n<img decoding=\"async\" class=\"alignnone wp-image-521 size-large black-border\" src=\"https:\/\/docs.imanage.com\/work-web-help\/10.3.0\/en-US\/images\/download\/attachments\/85074212\/Move_emails_using_DnD.gif\" alt=\"\" width=\"700\" \/><\/p>\n<p><strong>Dokumente in einen Ordner in der Baumstruktur kopieren:<\/strong><\/p>\n<p>Greifen Sie ein Dokument, ziehen Sie es zum Zielordner, dr\u00fccken Sie die <strong>Strg<\/strong>-Taste und lassen Sie es zum Kopieren dann los.<br \/>\n<img decoding=\"async\" class=\"alignnone wp-image-521 size-large black-border\" src=\"https:\/\/docs.imanage.com\/work-web-help\/10.3.0\/en-US\/images\/download\/attachments\/85082571\/Copy_to_tree_using_dnd.gif\" alt=\"\" width=\"700\" \/><\/p>\n<p>Je nach dem vom Benutzer verwendeten Browser und Betriebssysten k\u00f6nnen das Verhalten und der f\u00fcr diese Funktion verwendete Schl\u00fcssel variieren. Weitere Einzelheiten finden Sie unter <a href=\"https:\/\/docs.imanage.com\/work-web-help\/10.3.0\/en-US\/Copying_document%28s%29_to_a_folder_in_the_tree_using_drag-and-drop.html\">Kopieren eines oder mehrerer Dokumente per Ziehen und Ablegen in einen Ordner im Baum<\/a>.<\/p>\n<p><strong>Einen Dokumentenverweis zu einem Ordner in der Baumstruktur hinzuzuf\u00fcgen:<\/strong><\/p>\n<p>Greifen Sie ein Dokument, ziehen Sie es zum Zielordner, dr\u00fccken Sie die <strong>Umschalt<\/strong>-Taste und lassen Sie es zum Erstellen einer Verkn\u00fcpfung in diesem Ordner los.<br \/>\n<img decoding=\"async\" class=\"alignnone wp-image-521 size-large black-border\" src=\"https:\/\/docs.imanage.com\/work-web-help\/10.3.0\/en-US\/images\/download\/attachments\/85090116\/Add_doc_reference_to_tree_using_DnD.gif\" alt=\"\" width=\"700\" \/><\/p>\n<p>Je nach vom Benutzer verwendeten Browser und Betriebssysten k\u00f6nnen das Verhalten und der f\u00fcr diese Funktion verwendete Schl\u00fcssel variieren. Mehr Information finden Sie unter <a href=\"https:\/\/docs.imanage.com\/work-web-help\/10.3.0\/en-US\/Keyboard_functions_for_operations_related_to_the_tree.html\">Tastaturfunktionen f\u00fcr Operationen im Zusammenhang mit dem Baum<\/a>.<\/p>\n<p><strong>Ordnerverkn\u00fcpfungen in einen Arbeitsbereich oder ein Register im Baum hinzuf\u00fcgen<\/strong><\/p>\n<p>Greifen Sie ein Dokument bzw. einen Suchordner, ziehen Sie es\/ihn zum Ziel-Arbeitsbereich oder -Register, dr\u00fccken Sie die <strong>Umschalt<\/strong>-Taste und lassen Sie es\/ihn zum Erstellen einer Ordnerverkn\u00fcpfung los.<br \/>\n<img decoding=\"async\" class=\"alignnone wp-image-521 size-large black-border\" src=\"https:\/\/docs.imanage.com\/work-web-help\/10.3.0\/en-US\/images\/download\/attachments\/85096950\/Create_folder_shortcut_in_tree_using_DnD.gif\" alt=\"\" width=\"750\" \/><\/p>\n<p><strong>Objekte zu Meinen Favoriten in der Baumstruktur hinzuf\u00fcgen:<\/strong><\/p>\n<p>Ziehen Sie Objekte per Drag-and-Drop aus dem Mittelbereich in <strong>Meine Favoriten <\/strong>oder eine Kategorie, die in der Baumstruktur unter <strong>Meine Favoriten<\/strong> verschachtelt ist.<br \/>\n<img decoding=\"async\" class=\"alignnone wp-image-521 size-large black-border\" src=\"https:\/\/docs.imanage.com\/work-web-help\/10.3.0\/en-US\/images\/download\/attachments\/85098180\/Add_to_my_favorites_using_DnD.gif\" alt=\"\" width=\"750\" \/><\/p>\n<p id=\"title-text\" class=\"with-breadcrumbs\"><strong><span class=\"sv-ti-title-text\">Kategorien in Meine Favoriten\/Meine Angelegenheiten in der Baumstruktur verschieben:<\/p>\n<p><\/span><\/strong>Reorganisieren Sie die Kategorien in <strong>Meine Angelegenheiten <\/strong>oder <strong>Meine Favoriten<\/strong>, indem Sie einzelne oder mehrere Kategorien aus dem Mittelbereich per Ziehen und Ablegen in eine andere Kategorie in <strong>Meine Angelegenheiten <\/strong>oder <strong>Meine Favoriten<\/strong> verschieben.<\/p>\n<p><img decoding=\"async\" class=\"alignnone wp-image-521 size-large black-border\" src=\"https:\/\/docs.imanage.com\/work-web-help\/10.3.0\/en-US\/images\/download\/attachments\/89261980\/Moving_categories_using_DnD.gif\" alt=\"\" width=\"750\" \/><\/p>\n<p><strong>Arbeitsbereichsverkn\u00fcpfungen zu Meine Favoriten\/Meine Angelegenheiten oder zu Kategorien innerhalb von Meine Favoriten\/Meine Angelegenheiten hinzuf\u00fcgen:<\/p>\n<p><\/strong>Greifen Sie einen Arbeitsbereich, f\u00fchren Sie ihn mit der Maus im Baum auf <strong>Meine Favoriten <\/strong>oder <strong>Meine Angelegenheiten<\/strong> oder eine darin enthaltene Zielkategorie und lassen Sie ihn dann los.<br \/>\n<img decoding=\"async\" class=\"alignnone wp-image-521 size-large black-border\" src=\"https:\/\/docs.imanage.com\/work-web-help\/10.3.0\/en-US\/images\/download\/attachments\/89263536\/Adding_workspace_shortcuts_using_DnD.gif\" alt=\"\" width=\"750\" \/><\/p>\n<h1><strong>E-Mail-Anh\u00e4nge per Drag-and-Drop in iManage Work Panel ablegen<\/strong><\/h1>\n<p>Ziehen Sie einen einzelnen oder mehrere E-Mail-Anh\u00e4nge per Ziehen und Ablegen aus Ihrem Microsoft Outlook-Posteingang direkt in das Arbeitsfenster unter dem Registerkartenbaum (im angedockten Modus), um sie in iManage Work abzulegen.<\/p>\n","protected":false},"excerpt":{"rendered":"<p>Baumansicht als Standard Die bisher nur \u00fcber Kommt bald verf\u00fcgbare Baumansicht wird von nun an die Standardansicht f\u00fcr die Benutzer von iManage Work und das iManage Work-Fenster in Microsoft Outlook sein. Ordner \u00fcber das Kontext- oder D\u00f6ner-Men\u00fc verschieben Reorganisieren Sie Ihre Ordnerstruktur, indem Sie Ordner, Suchordner und Ordnerverkn\u00fcpfungen mit Hilfe des Kontext- oder D\u00f6ner-Men\u00fcs verschieben. [&hellip;]<\/p>\n","protected":false},"author":4,"featured_media":0,"parent":0,"menu_order":0,"comment_status":"closed","ping_status":"closed","template":"","meta":{"_acf_changed":false,"footnotes":""},"class_list":["post-513","page","type-page","status-publish","hentry"],"translation":{"provider":"WPGlobus","version":"3.0.2","language":"de","enabled_languages":["en","de","fr","qc","jp","br","es","zh"],"languages":{"en":{"title":true,"content":true,"excerpt":false},"de":{"title":true,"content":true,"excerpt":false},"fr":{"title":true,"content":true,"excerpt":false},"qc":{"title":false,"content":false,"excerpt":false},"jp":{"title":true,"content":true,"excerpt":false},"br":{"title":true,"content":true,"excerpt":false},"es":{"title":true,"content":true,"excerpt":false},"zh":{"title":true,"content":true,"excerpt":false}}},"acf":[],"yoast_head":"<!-- This site is optimized with the Yoast SEO plugin v27.5 - https:\/\/yoast.com\/product\/yoast-seo-wordpress\/ -->\n<title>Neuerungen in iManage Work \u2013 Juli 2020 &#8211; Docs - iManage<\/title>\n<meta name=\"robots\" content=\"index, follow, max-snippet:-1, max-image-preview:large, max-video-preview:-1\" \/>\n<link rel=\"canonical\" href=\"https:\/\/docs.imanage.com\/es\/whats-new-in-imanage-work-2020-07.html\" \/>\n<meta property=\"og:locale\" content=\"de_DE\" \/>\n<meta property=\"og:type\" content=\"article\" \/>\n<meta property=\"og:title\" content=\"Neuerungen in iManage Work \u2013 Juli 2020 &#8211; Docs - iManage\" \/>\n<meta property=\"og:url\" content=\"https:\/\/docs.imanage.com\/es\/whats-new-in-imanage-work-2020-07.html\" \/>\n<meta property=\"og:site_name\" content=\"Docs - iManage\" \/>\n<meta property=\"article:modified_time\" content=\"2020-08-12T05:23:15+00:00\" \/>\n<meta property=\"og:image\" content=\"https:\/\/docs.imanage.com\/wp-content\/uploads\/2020\/07\/Moving-folders-using-context-or-kebab-menu.png\" \/>\n<meta name=\"twitter:card\" content=\"summary_large_image\" \/>\n<meta name=\"twitter:label1\" content=\"Est. reading time\" \/>\n\t<meta name=\"twitter:data1\" content=\"25 minutes\" \/>\n<script type=\"application\/ld+json\" class=\"yoast-schema-graph\">{\"@context\":\"https:\\\/\\\/schema.org\",\"@graph\":[{\"@type\":\"WebPage\",\"@id\":\"https:\\\/\\\/docs.imanage.com\\\/es\\\/whats-new-in-imanage-work-2020-07.html\",\"url\":\"https:\\\/\\\/docs.imanage.com\\\/es\\\/whats-new-in-imanage-work-2020-07.html\",\"name\":\"Neuerungen in iManage Work \u2013 Juli 2020 &#8211; Docs - iManage\",\"isPartOf\":{\"@id\":\"https:\\\/\\\/docs.imanage.com\\\/#website\"},\"primaryImageOfPage\":{\"@id\":\"https:\\\/\\\/docs.imanage.com\\\/es\\\/whats-new-in-imanage-work-2020-07.html#primaryimage\"},\"image\":{\"@id\":\"https:\\\/\\\/docs.imanage.com\\\/es\\\/whats-new-in-imanage-work-2020-07.html#primaryimage\"},\"thumbnailUrl\":\"https:\\\/\\\/docs.imanage.com\\\/wp-content\\\/uploads\\\/2020\\\/07\\\/Moving-folders-using-context-or-kebab-menu.png\",\"datePublished\":\"2020-07-06T06:37:03+00:00\",\"dateModified\":\"2020-08-12T05:23:15+00:00\",\"breadcrumb\":{\"@id\":\"https:\\\/\\\/docs.imanage.com\\\/es\\\/whats-new-in-imanage-work-2020-07.html#breadcrumb\"},\"inLanguage\":\"de-DE\",\"potentialAction\":[{\"@type\":\"ReadAction\",\"target\":[\"https:\\\/\\\/docs.imanage.com\\\/es\\\/whats-new-in-imanage-work-2020-07.html\"]}]},{\"@type\":\"ImageObject\",\"inLanguage\":\"de-DE\",\"@id\":\"https:\\\/\\\/docs.imanage.com\\\/es\\\/whats-new-in-imanage-work-2020-07.html#primaryimage\",\"url\":\"https:\\\/\\\/docs.imanage.com\\\/wp-content\\\/uploads\\\/2020\\\/07\\\/Moving-folders-using-context-or-kebab-menu.png\",\"contentUrl\":\"https:\\\/\\\/docs.imanage.com\\\/wp-content\\\/uploads\\\/2020\\\/07\\\/Moving-folders-using-context-or-kebab-menu.png\"},{\"@type\":\"BreadcrumbList\",\"@id\":\"https:\\\/\\\/docs.imanage.com\\\/es\\\/whats-new-in-imanage-work-2020-07.html#breadcrumb\",\"itemListElement\":[{\"@type\":\"ListItem\",\"position\":1,\"name\":\"Home\",\"item\":\"https:\\\/\\\/docs.imanage.com\\\/\"},{\"@type\":\"ListItem\",\"position\":2,\"name\":\"Novedades en iManage Work &#8211; Julio 2020\"}]},{\"@type\":\"WebSite\",\"@id\":\"https:\\\/\\\/docs.imanage.com\\\/#website\",\"url\":\"https:\\\/\\\/docs.imanage.com\\\/\",\"name\":\"Docs - iManage\",\"description\":\"\",\"potentialAction\":[{\"@type\":\"SearchAction\",\"target\":{\"@type\":\"EntryPoint\",\"urlTemplate\":\"https:\\\/\\\/docs.imanage.com\\\/?s={search_term_string}\"},\"query-input\":{\"@type\":\"PropertyValueSpecification\",\"valueRequired\":true,\"valueName\":\"search_term_string\"}}],\"inLanguage\":\"de-DE\"}]}<\/script>\n<!-- \/ Yoast SEO plugin. -->","yoast_head_json":{"title":"Neuerungen in iManage Work \u2013 Juli 2020 &#8211; Docs - iManage","robots":{"index":"index","follow":"follow","max-snippet":"max-snippet:-1","max-image-preview":"max-image-preview:large","max-video-preview":"max-video-preview:-1"},"canonical":"https:\/\/docs.imanage.com\/es\/whats-new-in-imanage-work-2020-07.html","og_locale":"de_DE","og_type":"article","og_title":"Neuerungen in iManage Work \u2013 Juli 2020 &#8211; Docs - iManage","og_url":"https:\/\/docs.imanage.com\/es\/whats-new-in-imanage-work-2020-07.html","og_site_name":"Docs - iManage","article_modified_time":"2020-08-12T05:23:15+00:00","og_image":[{"url":"https:\/\/docs.imanage.com\/wp-content\/uploads\/2020\/07\/Moving-folders-using-context-or-kebab-menu.png","type":"","width":"","height":""}],"twitter_card":"summary_large_image","twitter_misc":{"Est. reading time":"25 minutes"},"schema":{"@context":"https:\/\/schema.org","@graph":[{"@type":"WebPage","@id":"https:\/\/docs.imanage.com\/es\/whats-new-in-imanage-work-2020-07.html","url":"https:\/\/docs.imanage.com\/es\/whats-new-in-imanage-work-2020-07.html","name":"Neuerungen in iManage Work \u2013 Juli 2020 &#8211; Docs - iManage","isPartOf":{"@id":"https:\/\/docs.imanage.com\/#website"},"primaryImageOfPage":{"@id":"https:\/\/docs.imanage.com\/es\/whats-new-in-imanage-work-2020-07.html#primaryimage"},"image":{"@id":"https:\/\/docs.imanage.com\/es\/whats-new-in-imanage-work-2020-07.html#primaryimage"},"thumbnailUrl":"https:\/\/docs.imanage.com\/wp-content\/uploads\/2020\/07\/Moving-folders-using-context-or-kebab-menu.png","datePublished":"2020-07-06T06:37:03+00:00","dateModified":"2020-08-12T05:23:15+00:00","breadcrumb":{"@id":"https:\/\/docs.imanage.com\/es\/whats-new-in-imanage-work-2020-07.html#breadcrumb"},"inLanguage":"de-DE","potentialAction":[{"@type":"ReadAction","target":["https:\/\/docs.imanage.com\/es\/whats-new-in-imanage-work-2020-07.html"]}]},{"@type":"ImageObject","inLanguage":"de-DE","@id":"https:\/\/docs.imanage.com\/es\/whats-new-in-imanage-work-2020-07.html#primaryimage","url":"https:\/\/docs.imanage.com\/wp-content\/uploads\/2020\/07\/Moving-folders-using-context-or-kebab-menu.png","contentUrl":"https:\/\/docs.imanage.com\/wp-content\/uploads\/2020\/07\/Moving-folders-using-context-or-kebab-menu.png"},{"@type":"BreadcrumbList","@id":"https:\/\/docs.imanage.com\/es\/whats-new-in-imanage-work-2020-07.html#breadcrumb","itemListElement":[{"@type":"ListItem","position":1,"name":"Home","item":"https:\/\/docs.imanage.com\/"},{"@type":"ListItem","position":2,"name":"Novedades en iManage Work &#8211; Julio 2020"}]},{"@type":"WebSite","@id":"https:\/\/docs.imanage.com\/#website","url":"https:\/\/docs.imanage.com\/","name":"Docs - iManage","description":"","potentialAction":[{"@type":"SearchAction","target":{"@type":"EntryPoint","urlTemplate":"https:\/\/docs.imanage.com\/?s={search_term_string}"},"query-input":{"@type":"PropertyValueSpecification","valueRequired":true,"valueName":"search_term_string"}}],"inLanguage":"de-DE"}]}},"_links":{"self":[{"href":"https:\/\/docs.imanage.com\/de\/wp-json\/wp\/v2\/pages\/513","targetHints":{"allow":["GET"]}}],"collection":[{"href":"https:\/\/docs.imanage.com\/de\/wp-json\/wp\/v2\/pages"}],"about":[{"href":"https:\/\/docs.imanage.com\/de\/wp-json\/wp\/v2\/types\/page"}],"author":[{"embeddable":true,"href":"https:\/\/docs.imanage.com\/de\/wp-json\/wp\/v2\/users\/4"}],"replies":[{"embeddable":true,"href":"https:\/\/docs.imanage.com\/de\/wp-json\/wp\/v2\/comments?post=513"}],"version-history":[{"count":0,"href":"https:\/\/docs.imanage.com\/de\/wp-json\/wp\/v2\/pages\/513\/revisions"}],"wp:attachment":[{"href":"https:\/\/docs.imanage.com\/de\/wp-json\/wp\/v2\/media?parent=513"}],"curies":[{"name":"wp","href":"https:\/\/api.w.org\/{rel}","templated":true}]}}