{"id":541,"date":"2020-09-09T12:23:41","date_gmt":"2020-09-09T12:23:41","guid":{"rendered":"https:\/\/docs.imanage.com\/?page_id=541"},"modified":"2021-08-09T16:32:23","modified_gmt":"2021-08-09T16:32:23","slug":"whats-new-in-imanage-work-2020-10","status":"publish","type":"page","link":"https:\/\/docs.imanage.com\/de\/whats-new-in-imanage-work-2020-10.html","title":{"rendered":"Neuerungen in iManage Work \u2013 Oktober 2020"},"content":{"rendered":"<h1><strong>Einf\u00fchrung von Drag-and-Drop f\u00fcr effiziente Arbeitsabl\u00e4ufe<\/strong><\/h1>\n<p>Verschieben Sie eine oder mehrere Dokumentverkn\u00fcpfung(en) durch einfaches Drag-and-Drop zwischen dem mittleren Bereich und der Verzeichnisbaum.<br \/>\n<img decoding=\"async\" class=\"alignnone wp-image-521 size-large black-border\" src=\"https:\/\/docs.imanage.com\/work-web-help\/10.3.2\/en-US\/images\/download\/attachments\/89278760\/dnddoc_shortcuts_from_center_panel_to_tree_July_23.gif\" alt=\"\" width=\"900\" \/><\/p>\n<p>Verschieben Sie die Verkn\u00fcpfung(en) des Arbeitsbereichs vom mittleren Bereich per Drag-and-Drop zu <strong>Meine Angelegenheiten<\/strong> oder der gew\u00fcnschten Kategorie in der Verzeichnisbaum.<br \/>\n<img decoding=\"async\" class=\"alignnone wp-image-521 size-large black-border\" src=\"https:\/\/docs.imanage.com\/work-web-help\/10.3.2\/en-US\/images\/download\/attachments\/89279991\/dnd_ws_shortcuts_from_center_panel_to_tree_July_23.gif\" alt=\"\" width=\"900\" \/><\/p>\n<p>Verschieben Sie eine oder mehrere Ordnerverkn\u00fcpfungen durch einfaches Drag-and-Drop zwischen dem mittleren Bereich und der Verzeichnisbaum.<\/p>\n<p><img decoding=\"async\" class=\"alignnone wp-image-521 size-large black-border\" src=\"https:\/\/docs.imanage.com\/work-web-help\/10.3.2\/en-US\/images\/download\/attachments\/89284392\/July_28%2C_Move_Folder_shortcuts_using_DnD.gif\" alt=\"\" width=\"900\" \/><\/p>\n<p>Verschieben Sie die Verkn\u00fcpfung(en) des Arbeitsbereichs vom mittleren Bereich per Drag-and-Drop zu Meine Favoriten oder der gew\u00fcnschten Kategorie in der Verzeichnisbaum.<\/p>\n<p><img decoding=\"async\" class=\"alignnone wp-image-521 size-large black-border\" src=\"https:\/\/docs.imanage.com\/work-web-help\/10.3.2\/en-US\/images\/download\/attachments\/89285194\/July_30%2C_DnD_Shortcuts_within_my_favorites.gif\" alt=\"\" width=\"900\" \/><\/p>\n<h1><strong>Uploads von Desktop zu Verzeichnisbaum, jetzt auch f\u00fcr Dokumente und Ordner<\/strong><\/h1>\n<p>F\u00fchren Sie einfach eine einzigen Schritt durch, indem Sie Ordner oder Dokumente per Drag-and-Drop von Ihrem Desktop in die Verzeichnisbaum hochladen.<br \/>\n<img decoding=\"async\" class=\"alignnone wp-image-521 size-large black-border\" src=\"https:\/\/docs.imanage.com\/work-web-help\/10.3.2\/en-US\/images\/download\/attachments\/89289833\/Sep_27%2C_Uploading_documents_from_the_desktop_to_a_tree_node_using_drag-and-drop.gif\" alt=\"\" width=\"1080\" \/><\/p>\n<p><img decoding=\"async\" class=\"alignnone wp-image-521 size-large black-border\" src=\"https:\/\/docs.imanage.com\/work-web-help\/10.3.2\/en-US\/images\/download\/attachments\/89289866\/Sep_27%2C_Uploading_folders_from_the_desktop_to_a_tree_node_using_drag-and-drop.gif\" alt=\"\" width=\"1080\" \/><\/p>\n<h1>Ordner und Dokumente verschieben<\/h1>\n<p>Neben der Drag-and-Drop-Funktion w\u00e4hlen Sie einfach die Ordner und Dokumente aus und nutzen Sie die Kontextmen\u00fc-Option mit der rechten Maustaste, um diese an einen anderen Speicherort zu verschieben.<\/p>\n<h1>Weitere Ordner in der Verzeichnisbaum anzeigen<\/h1>\n<p>Jetzt ist die Anzeige in der Verzeichnisbaum nicht mehr auf 50 Elemente beschr\u00e4nkt. Fahren Sie einfach mit der Maus \u00fcber<strong> Mehr anzeigen<\/strong>, um weitere Elemente direkt in der Verzeichnisbaum anzuzeigen und zu erweitern.<br \/>\n<img decoding=\"async\" class=\"alignnone wp-image-521 size-large black-border\" src=\"https:\/\/docs.imanage.com\/work-web-help\/10.3.2\/en-US\/images\/download\/attachments\/89287368\/Sep_26%2C_Ability_to_show_all_nodes_at_any_level_in_the_tree.gif\" alt=\"\" width=\"900\" \/><\/p>\n<h1>Einfaches Auffinden des \u00fcbergeordneten Ordners<\/h1>\n<p>Mit der Option<strong> In Verzeichnisbaum anzeigen<\/strong> im Rechtsklick-Kontextmen\u00fc k\u00f6nnen Sie den \u00fcbergeordneten Ordner leicht lokalisieren und den genauen Ordnerpfad ermitteln. Bei der Anzeige von Dokumenten in der Liste der zuletzt verwendeten Dokumente oder in den Suchergebnissen k\u00f6nnen Sie auf diese Weise schnell und einfach den genauen Speicherort der Datei finden und so feststellen, welche anderen Dateien sich in diesem Ordner befinden.<br \/>\n<img decoding=\"async\" class=\"alignnone wp-image-521 size-large black-border\" src=\"https:\/\/docs.imanage.com\/work-web-help\/10.3.2\/en-US\/images\/download\/attachments\/93036766\/Sep_01%2C_Show_in_tree_new_context_menu_option.gif\" alt=\"\" width=\"900\" \/><\/p>\n<p>Das Anzeigen von Elementen, die an mehreren Speicherorten vorhanden sind, erfolgt ganz einfach \u00fcber ein Dialogfeld, das diese Speicherorte anzeigt.<br \/>\n<img decoding=\"async\" class=\"alignnone wp-image-521 size-large black-border\" src=\"https:\/\/docs.imanage.com\/work-web-help\/10.3.2\/en-US\/images\/download\/attachments\/93033489\/Sep_27%2C_New_Show_in_Tree_context_menu_option_.gif\" alt=\"\" width=\"900\" \/><\/p>\n<h1>Angewandte Filter anzeigen<\/h1>\n<p>Einfaches Anzeigen und Anpassen der Filter, mit denen Sie die Ergebnisse beliebig sortieren und verfeinern k\u00f6nnen, um die relevantesten Inhalte zu finden.<br \/>\n<img decoding=\"async\" class=\"alignnone wp-image-521 size-large black-border\" src=\"https:\/\/docs.imanage.com\/work-web-help\/10.3.2\/en-US\/images\/download\/attachments\/93036750\/New_Filter.png\" alt=\"\" width=\"900\" \/><\/p>\n<h1>Rechtsklick-Kontextmen\u00fcs, fr\u00fcher im mittleren Bereich vorhanden und jetzt auch auf den Verzeichnisbaumknoten verf\u00fcgbar<\/h1>\n<p>Mehr Komfort f\u00fcr Sie&#8230; Die Rechtsklick-Kontextmen\u00fcs k\u00f6nnen Sie \u00fcber den Verzeichnisbaumknoten aufrufen. Dadurch, dass Sie beim Durchsuchen der Ordnerhierarchie Aktionen an Ort und Stelle durchf\u00fchren k\u00f6nnen, sparen Sie Zeit.<br \/>\n<img decoding=\"async\" class=\"alignnone wp-image-521 size-large black-border\" src=\"https:\/\/docs.imanage.com\/wp-content\/uploads\/2020\/09\/Sep-26-Ability-to-perform-context-menu-operations-on-the-tree-node-1.gif\" alt=\"\" width=\"900\" \/><\/p>\n<h1>Erweiterte Suche ohne MS Outlook zu verlassen<\/h1>\n<p>Gehen Sie \u00fcber die Autoren- und Titelsuche hinaus, um Inhalte auf der Grundlage beliebiger Metadaten mit Hilfe der erweiterten Suche im Arbeitsbereich von MS Outlook zu finden.<br \/>\n<img decoding=\"async\" class=\"alignnone wp-image-521 size-large black-border\" src=\"https:\/\/docs.imanage.com\/wp-content\/uploads\/2020\/09\/Sep-27-Advanced-search-in-Work-panel-.gif\" alt=\"\" width=\"700\" \/><\/p>\n<h1><strong>Zahlreiche Tastaturbefehle f\u00fcr eine schnellere Navigation<\/strong><\/h1>\n<p><img loading=\"lazy\" decoding=\"async\" class=\"alignnone wp-image-562\" src=\"https:\/\/docs.imanage.com\/wp-content\/uploads\/2020\/10\/German_Table.png\" alt=\"\" width=\"560\" height=\"316\" srcset=\"https:\/\/docs.imanage.com\/wp-content\/uploads\/2020\/10\/German_Table.png 694w, https:\/\/docs.imanage.com\/wp-content\/uploads\/2020\/10\/German_Table-300x169.png 300w\" sizes=\"auto, (max-width: 560px) 100vw, 560px\" \/><\/p>\n","protected":false},"excerpt":{"rendered":"<p>Einf\u00fchrung von Drag-and-Drop f\u00fcr effiziente Arbeitsabl\u00e4ufe Verschieben Sie eine oder mehrere Dokumentverkn\u00fcpfung(en) durch einfaches Drag-and-Drop zwischen dem mittleren Bereich und der Verzeichnisbaum. Verschieben Sie die Verkn\u00fcpfung(en) des Arbeitsbereichs vom mittleren Bereich per Drag-and-Drop zu Meine Angelegenheiten oder der gew\u00fcnschten Kategorie in der Verzeichnisbaum. Verschieben Sie eine oder mehrere Ordnerverkn\u00fcpfungen durch einfaches Drag-and-Drop zwischen dem mittleren [&hellip;]<\/p>\n","protected":false},"author":4,"featured_media":0,"parent":0,"menu_order":0,"comment_status":"closed","ping_status":"closed","template":"","meta":{"_acf_changed":false,"footnotes":""},"class_list":["post-541","page","type-page","status-publish","hentry"],"translation":{"provider":"WPGlobus","version":"3.0.2","language":"de","enabled_languages":["en","de","fr","qc","jp","br","es","zh"],"languages":{"en":{"title":true,"content":true,"excerpt":false},"de":{"title":true,"content":true,"excerpt":false},"fr":{"title":true,"content":true,"excerpt":false},"qc":{"title":false,"content":false,"excerpt":false},"jp":{"title":true,"content":true,"excerpt":false},"br":{"title":true,"content":true,"excerpt":false},"es":{"title":true,"content":true,"excerpt":false},"zh":{"title":true,"content":true,"excerpt":false}}},"acf":[],"yoast_head":"<!-- This site is optimized with the Yoast SEO plugin v27.4 - https:\/\/yoast.com\/product\/yoast-seo-wordpress\/ -->\n<title>Neuerungen in iManage Work \u2013 Oktober 2020 &#8211; Docs - iManage<\/title>\n<meta name=\"robots\" content=\"index, follow, max-snippet:-1, max-image-preview:large, max-video-preview:-1\" \/>\n<link rel=\"canonical\" href=\"https:\/\/docs.imanage.com\/whats-new-in-imanage-work-2020-10.html\" \/>\n<meta property=\"og:locale\" content=\"de_DE\" \/>\n<meta property=\"og:type\" content=\"article\" \/>\n<meta property=\"og:title\" content=\"Neuerungen in iManage Work \u2013 Oktober 2020 &#8211; Docs - iManage\" \/>\n<meta property=\"og:url\" content=\"https:\/\/docs.imanage.com\/whats-new-in-imanage-work-2020-10.html\" \/>\n<meta property=\"og:site_name\" content=\"Docs - iManage\" \/>\n<meta property=\"article:modified_time\" content=\"2021-08-09T16:32:23+00:00\" \/>\n<meta property=\"og:image\" content=\"https:\/\/docs.imanage.com\/work-web-help\/10.3.2\/en-US\/images\/download\/attachments\/89278760\/dnddoc_shortcuts_from_center_panel_to_tree_July_23.gif\" \/>\n<meta name=\"twitter:card\" content=\"summary_large_image\" \/>\n<meta name=\"twitter:label1\" content=\"Est. reading time\" \/>\n\t<meta name=\"twitter:data1\" content=\"11 minutes\" \/>\n<script type=\"application\/ld+json\" class=\"yoast-schema-graph\">{\"@context\":\"https:\\\/\\\/schema.org\",\"@graph\":[{\"@type\":\"WebPage\",\"@id\":\"https:\\\/\\\/docs.imanage.com\\\/whats-new-in-imanage-work-2020-10.html\",\"url\":\"https:\\\/\\\/docs.imanage.com\\\/whats-new-in-imanage-work-2020-10.html\",\"name\":\"Neuerungen in iManage Work \u2013 Oktober 2020 &#8211; Docs - iManage\",\"isPartOf\":{\"@id\":\"https:\\\/\\\/docs.imanage.com\\\/#website\"},\"primaryImageOfPage\":{\"@id\":\"https:\\\/\\\/docs.imanage.com\\\/whats-new-in-imanage-work-2020-10.html#primaryimage\"},\"image\":{\"@id\":\"https:\\\/\\\/docs.imanage.com\\\/whats-new-in-imanage-work-2020-10.html#primaryimage\"},\"thumbnailUrl\":\"https:\\\/\\\/docs.imanage.com\\\/work-web-help\\\/10.3.2\\\/en-US\\\/images\\\/download\\\/attachments\\\/89278760\\\/dnddoc_shortcuts_from_center_panel_to_tree_July_23.gif\",\"datePublished\":\"2020-09-09T12:23:41+00:00\",\"dateModified\":\"2021-08-09T16:32:23+00:00\",\"breadcrumb\":{\"@id\":\"https:\\\/\\\/docs.imanage.com\\\/whats-new-in-imanage-work-2020-10.html#breadcrumb\"},\"inLanguage\":\"de-DE\",\"potentialAction\":[{\"@type\":\"ReadAction\",\"target\":[\"https:\\\/\\\/docs.imanage.com\\\/whats-new-in-imanage-work-2020-10.html\"]}]},{\"@type\":\"ImageObject\",\"inLanguage\":\"de-DE\",\"@id\":\"https:\\\/\\\/docs.imanage.com\\\/whats-new-in-imanage-work-2020-10.html#primaryimage\",\"url\":\"https:\\\/\\\/docs.imanage.com\\\/work-web-help\\\/10.3.2\\\/en-US\\\/images\\\/download\\\/attachments\\\/89278760\\\/dnddoc_shortcuts_from_center_panel_to_tree_July_23.gif\",\"contentUrl\":\"https:\\\/\\\/docs.imanage.com\\\/work-web-help\\\/10.3.2\\\/en-US\\\/images\\\/download\\\/attachments\\\/89278760\\\/dnddoc_shortcuts_from_center_panel_to_tree_July_23.gif\"},{\"@type\":\"BreadcrumbList\",\"@id\":\"https:\\\/\\\/docs.imanage.com\\\/whats-new-in-imanage-work-2020-10.html#breadcrumb\",\"itemListElement\":[{\"@type\":\"ListItem\",\"position\":1,\"name\":\"Home\",\"item\":\"https:\\\/\\\/docs.imanage.com\\\/\"},{\"@type\":\"ListItem\",\"position\":2,\"name\":\"What&#8217;s New in iManage Work &#8211; October 2020\"}]},{\"@type\":\"WebSite\",\"@id\":\"https:\\\/\\\/docs.imanage.com\\\/#website\",\"url\":\"https:\\\/\\\/docs.imanage.com\\\/\",\"name\":\"Docs - iManage\",\"description\":\"\",\"potentialAction\":[{\"@type\":\"SearchAction\",\"target\":{\"@type\":\"EntryPoint\",\"urlTemplate\":\"https:\\\/\\\/docs.imanage.com\\\/?s={search_term_string}\"},\"query-input\":{\"@type\":\"PropertyValueSpecification\",\"valueRequired\":true,\"valueName\":\"search_term_string\"}}],\"inLanguage\":\"de-DE\"}]}<\/script>\n<!-- \/ Yoast SEO plugin. -->","yoast_head_json":{"title":"Neuerungen in iManage Work \u2013 Oktober 2020 &#8211; Docs - iManage","robots":{"index":"index","follow":"follow","max-snippet":"max-snippet:-1","max-image-preview":"max-image-preview:large","max-video-preview":"max-video-preview:-1"},"canonical":"https:\/\/docs.imanage.com\/whats-new-in-imanage-work-2020-10.html","og_locale":"de_DE","og_type":"article","og_title":"Neuerungen in iManage Work \u2013 Oktober 2020 &#8211; Docs - iManage","og_url":"https:\/\/docs.imanage.com\/whats-new-in-imanage-work-2020-10.html","og_site_name":"Docs - iManage","article_modified_time":"2021-08-09T16:32:23+00:00","og_image":[{"url":"https:\/\/docs.imanage.com\/work-web-help\/10.3.2\/en-US\/images\/download\/attachments\/89278760\/dnddoc_shortcuts_from_center_panel_to_tree_July_23.gif","type":"","width":"","height":""}],"twitter_card":"summary_large_image","twitter_misc":{"Est. reading time":"11 minutes"},"schema":{"@context":"https:\/\/schema.org","@graph":[{"@type":"WebPage","@id":"https:\/\/docs.imanage.com\/whats-new-in-imanage-work-2020-10.html","url":"https:\/\/docs.imanage.com\/whats-new-in-imanage-work-2020-10.html","name":"Neuerungen in iManage Work \u2013 Oktober 2020 &#8211; Docs - iManage","isPartOf":{"@id":"https:\/\/docs.imanage.com\/#website"},"primaryImageOfPage":{"@id":"https:\/\/docs.imanage.com\/whats-new-in-imanage-work-2020-10.html#primaryimage"},"image":{"@id":"https:\/\/docs.imanage.com\/whats-new-in-imanage-work-2020-10.html#primaryimage"},"thumbnailUrl":"https:\/\/docs.imanage.com\/work-web-help\/10.3.2\/en-US\/images\/download\/attachments\/89278760\/dnddoc_shortcuts_from_center_panel_to_tree_July_23.gif","datePublished":"2020-09-09T12:23:41+00:00","dateModified":"2021-08-09T16:32:23+00:00","breadcrumb":{"@id":"https:\/\/docs.imanage.com\/whats-new-in-imanage-work-2020-10.html#breadcrumb"},"inLanguage":"de-DE","potentialAction":[{"@type":"ReadAction","target":["https:\/\/docs.imanage.com\/whats-new-in-imanage-work-2020-10.html"]}]},{"@type":"ImageObject","inLanguage":"de-DE","@id":"https:\/\/docs.imanage.com\/whats-new-in-imanage-work-2020-10.html#primaryimage","url":"https:\/\/docs.imanage.com\/work-web-help\/10.3.2\/en-US\/images\/download\/attachments\/89278760\/dnddoc_shortcuts_from_center_panel_to_tree_July_23.gif","contentUrl":"https:\/\/docs.imanage.com\/work-web-help\/10.3.2\/en-US\/images\/download\/attachments\/89278760\/dnddoc_shortcuts_from_center_panel_to_tree_July_23.gif"},{"@type":"BreadcrumbList","@id":"https:\/\/docs.imanage.com\/whats-new-in-imanage-work-2020-10.html#breadcrumb","itemListElement":[{"@type":"ListItem","position":1,"name":"Home","item":"https:\/\/docs.imanage.com\/"},{"@type":"ListItem","position":2,"name":"What&#8217;s New in iManage Work &#8211; October 2020"}]},{"@type":"WebSite","@id":"https:\/\/docs.imanage.com\/#website","url":"https:\/\/docs.imanage.com\/","name":"Docs - iManage","description":"","potentialAction":[{"@type":"SearchAction","target":{"@type":"EntryPoint","urlTemplate":"https:\/\/docs.imanage.com\/?s={search_term_string}"},"query-input":{"@type":"PropertyValueSpecification","valueRequired":true,"valueName":"search_term_string"}}],"inLanguage":"de-DE"}]}},"_links":{"self":[{"href":"https:\/\/docs.imanage.com\/de\/wp-json\/wp\/v2\/pages\/541","targetHints":{"allow":["GET"]}}],"collection":[{"href":"https:\/\/docs.imanage.com\/de\/wp-json\/wp\/v2\/pages"}],"about":[{"href":"https:\/\/docs.imanage.com\/de\/wp-json\/wp\/v2\/types\/page"}],"author":[{"embeddable":true,"href":"https:\/\/docs.imanage.com\/de\/wp-json\/wp\/v2\/users\/4"}],"replies":[{"embeddable":true,"href":"https:\/\/docs.imanage.com\/de\/wp-json\/wp\/v2\/comments?post=541"}],"version-history":[{"count":0,"href":"https:\/\/docs.imanage.com\/de\/wp-json\/wp\/v2\/pages\/541\/revisions"}],"wp:attachment":[{"href":"https:\/\/docs.imanage.com\/de\/wp-json\/wp\/v2\/media?parent=541"}],"curies":[{"name":"wp","href":"https:\/\/api.w.org\/{rel}","templated":true}]}}