{"id":548,"date":"2020-09-18T16:52:21","date_gmt":"2020-09-18T16:52:21","guid":{"rendered":"https:\/\/docs.imanage.com\/?page_id=548"},"modified":"2021-02-11T07:37:26","modified_gmt":"2021-02-11T07:37:26","slug":"whats-new-in-imanage-work-desktop-for-windows-october-2020","status":"publish","type":"page","link":"https:\/\/docs.imanage.com\/de\/whats-new-in-imanage-work-desktop-for-windows-october-2020.html","title":{"rendered":"Was ist neu in iManage Work Desktop for Windows"},"content":{"rendered":"<h4><strong>Build 10.3.0.38 (Februar 2021)<\/strong><\/h4>\n<h1>Allgemeine Verbesserungen<\/h1>\n<p>Zur Verbesserung der allgemeinen Benutzerfreundlichkeit und Leistung wurden mehrere Korrekturen vorgenommen. Insbesondere:<\/p>\n<ul>\n<li>Probleme im Zusammenhang mit dem Anh\u00e4ngen von E-Mails wurden behoben.<\/li>\n<li>Probleme im Zusammenhang mit dem \u00d6ffnen von Dokumenten mit klassischen Klienten von iManage Work wurden behoben.<\/li>\n<\/ul>\n<h1><strong style=\"font-size: 16px;\">Build 10.3.0.31 (Oktober 2020)<\/strong><\/h1>\n<h1><strong>Sprache der Benutzeroberfl\u00e4che von iManage Work Desktop f\u00fcr Windows \u00e4ndern<\/strong><\/h1>\n<p>Sie k\u00f6nnen jetzt ganz einfach die Sprache f\u00fcr alle Komponenten von iManage Work Desktop f\u00fcr Windows \u00e4ndern, z. B. iManage Ribbon, Dialogfelder, iManage <strong>Work Panel<\/strong>, ohne dabei die Spracheinstellung von Microsoft Windows \u00e4ndern zu m\u00fcssen. Die neue Konfiguration iwLocale ist jetzt verf\u00fcgbar, mit der Sie die Sprache der Benutzeroberfl\u00e4che von iManage Work Desktop f\u00fcr Windows in Microsoft Office und Microsoft Outlook einstellen k\u00f6nnen. Sie k\u00f6nnen jede Sprache einstellen, die iManage Work Desktop f\u00fcr Windows unterst\u00fctzt. Wenden Sie sich an Ihren Administrator, wenn Sie die Spracheinstellung der Benutzeroberfl\u00e4che \u00e4ndern m\u00fcssen.<\/p>\n<p><strong>HINWEIS:<\/strong> Die unterst\u00fctzten Sprachen sind Englisch (Standard), Franz\u00f6sisch (Frankreich), Deutsch, Portugiesisch (Brasilien), Spanisch, Japanisch und vereinfachtes Chinesisch.<\/p>\n<p><strong>Vorherige Ausgabe<\/strong>: <a href=\"https:\/\/docs.imanage.com\/work\/whats-new-in-imanage-work-desktop-for-windows-june-2020.html\">iManage Work Desktop for Windows 10.2.7<\/a><\/p>\n","protected":false},"excerpt":{"rendered":"<p>Build 10.3.0.38 (Februar 2021) Allgemeine Verbesserungen Zur Verbesserung der allgemeinen Benutzerfreundlichkeit und Leistung wurden mehrere Korrekturen vorgenommen. Insbesondere: Probleme im Zusammenhang mit dem Anh\u00e4ngen von E-Mails wurden behoben. Probleme im Zusammenhang mit dem \u00d6ffnen von Dokumenten mit klassischen Klienten von iManage Work wurden behoben. Build 10.3.0.31 (Oktober 2020) Sprache der Benutzeroberfl\u00e4che von iManage Work Desktop [&hellip;]<\/p>\n","protected":false},"author":4,"featured_media":0,"parent":0,"menu_order":0,"comment_status":"closed","ping_status":"closed","template":"","meta":{"_acf_changed":false,"footnotes":""},"class_list":["post-548","page","type-page","status-publish","hentry"],"translation":{"provider":"WPGlobus","version":"3.0.2","language":"de","enabled_languages":["en","de","fr","qc","jp","br","es","zh"],"languages":{"en":{"title":true,"content":true,"excerpt":false},"de":{"title":true,"content":true,"excerpt":false},"fr":{"title":true,"content":true,"excerpt":false},"qc":{"title":false,"content":false,"excerpt":false},"jp":{"title":true,"content":true,"excerpt":false},"br":{"title":true,"content":true,"excerpt":false},"es":{"title":true,"content":true,"excerpt":false},"zh":{"title":true,"content":true,"excerpt":false}}},"acf":[],"yoast_head":"<!-- This site is optimized with the Yoast SEO plugin v27.3 - https:\/\/yoast.com\/product\/yoast-seo-wordpress\/ -->\n<title>Was ist neu in iManage Work Desktop for Windows &#8211; Docs - iManage<\/title>\n<meta name=\"robots\" content=\"index, follow, max-snippet:-1, max-image-preview:large, max-video-preview:-1\" \/>\n<link rel=\"canonical\" href=\"https:\/\/docs.imanage.com\/whats-new-in-imanage-work-desktop-for-windows-october-2020.html\" \/>\n<meta property=\"og:locale\" content=\"de_DE\" \/>\n<meta property=\"og:type\" content=\"article\" \/>\n<meta property=\"og:title\" content=\"Was ist neu in iManage Work Desktop for Windows &#8211; Docs - iManage\" \/>\n<meta property=\"og:url\" content=\"https:\/\/docs.imanage.com\/whats-new-in-imanage-work-desktop-for-windows-october-2020.html\" \/>\n<meta property=\"og:site_name\" content=\"Docs - iManage\" \/>\n<meta property=\"article:modified_time\" content=\"2021-02-11T07:37:26+00:00\" \/>\n<meta property=\"og:image\" content=\"https:\/\/docs.imanage.com\/wp-content\/uploads\/2020\/10\/FolderSync.gif\" \/>\n<meta name=\"twitter:card\" content=\"summary_large_image\" \/>\n<meta name=\"twitter:label1\" content=\"Est. reading time\" \/>\n\t<meta name=\"twitter:data1\" content=\"6 minutes\" \/>\n<script type=\"application\/ld+json\" class=\"yoast-schema-graph\">{\"@context\":\"https:\\\/\\\/schema.org\",\"@graph\":[{\"@type\":\"WebPage\",\"@id\":\"https:\\\/\\\/docs.imanage.com\\\/whats-new-in-imanage-work-desktop-for-windows-october-2020.html\",\"url\":\"https:\\\/\\\/docs.imanage.com\\\/whats-new-in-imanage-work-desktop-for-windows-october-2020.html\",\"name\":\"Was ist neu in iManage Work Desktop for Windows &#8211; Docs - iManage\",\"isPartOf\":{\"@id\":\"https:\\\/\\\/docs.imanage.com\\\/#website\"},\"primaryImageOfPage\":{\"@id\":\"https:\\\/\\\/docs.imanage.com\\\/whats-new-in-imanage-work-desktop-for-windows-october-2020.html#primaryimage\"},\"image\":{\"@id\":\"https:\\\/\\\/docs.imanage.com\\\/whats-new-in-imanage-work-desktop-for-windows-october-2020.html#primaryimage\"},\"thumbnailUrl\":\"https:\\\/\\\/docs.imanage.com\\\/wp-content\\\/uploads\\\/2020\\\/10\\\/FolderSync.gif\",\"datePublished\":\"2020-09-18T16:52:21+00:00\",\"dateModified\":\"2021-02-11T07:37:26+00:00\",\"breadcrumb\":{\"@id\":\"https:\\\/\\\/docs.imanage.com\\\/whats-new-in-imanage-work-desktop-for-windows-october-2020.html#breadcrumb\"},\"inLanguage\":\"de-DE\",\"potentialAction\":[{\"@type\":\"ReadAction\",\"target\":[\"https:\\\/\\\/docs.imanage.com\\\/whats-new-in-imanage-work-desktop-for-windows-october-2020.html\"]}]},{\"@type\":\"ImageObject\",\"inLanguage\":\"de-DE\",\"@id\":\"https:\\\/\\\/docs.imanage.com\\\/whats-new-in-imanage-work-desktop-for-windows-october-2020.html#primaryimage\",\"url\":\"https:\\\/\\\/docs.imanage.com\\\/wp-content\\\/uploads\\\/2020\\\/10\\\/FolderSync.gif\",\"contentUrl\":\"https:\\\/\\\/docs.imanage.com\\\/wp-content\\\/uploads\\\/2020\\\/10\\\/FolderSync.gif\"},{\"@type\":\"BreadcrumbList\",\"@id\":\"https:\\\/\\\/docs.imanage.com\\\/whats-new-in-imanage-work-desktop-for-windows-october-2020.html#breadcrumb\",\"itemListElement\":[{\"@type\":\"ListItem\",\"position\":1,\"name\":\"Home\",\"item\":\"https:\\\/\\\/docs.imanage.com\\\/\"},{\"@type\":\"ListItem\",\"position\":2,\"name\":\"What&#8217;s New in iManage Work Desktop for Windows\"}]},{\"@type\":\"WebSite\",\"@id\":\"https:\\\/\\\/docs.imanage.com\\\/#website\",\"url\":\"https:\\\/\\\/docs.imanage.com\\\/\",\"name\":\"Docs - iManage\",\"description\":\"\",\"potentialAction\":[{\"@type\":\"SearchAction\",\"target\":{\"@type\":\"EntryPoint\",\"urlTemplate\":\"https:\\\/\\\/docs.imanage.com\\\/?s={search_term_string}\"},\"query-input\":{\"@type\":\"PropertyValueSpecification\",\"valueRequired\":true,\"valueName\":\"search_term_string\"}}],\"inLanguage\":\"de-DE\"}]}<\/script>\n<!-- \/ Yoast SEO plugin. -->","yoast_head_json":{"title":"Was ist neu in iManage Work Desktop for Windows &#8211; Docs - iManage","robots":{"index":"index","follow":"follow","max-snippet":"max-snippet:-1","max-image-preview":"max-image-preview:large","max-video-preview":"max-video-preview:-1"},"canonical":"https:\/\/docs.imanage.com\/whats-new-in-imanage-work-desktop-for-windows-october-2020.html","og_locale":"de_DE","og_type":"article","og_title":"Was ist neu in iManage Work Desktop for Windows &#8211; Docs - iManage","og_url":"https:\/\/docs.imanage.com\/whats-new-in-imanage-work-desktop-for-windows-october-2020.html","og_site_name":"Docs - iManage","article_modified_time":"2021-02-11T07:37:26+00:00","og_image":[{"url":"https:\/\/docs.imanage.com\/wp-content\/uploads\/2020\/10\/FolderSync.gif","type":"","width":"","height":""}],"twitter_card":"summary_large_image","twitter_misc":{"Est. reading time":"6 minutes"},"schema":{"@context":"https:\/\/schema.org","@graph":[{"@type":"WebPage","@id":"https:\/\/docs.imanage.com\/whats-new-in-imanage-work-desktop-for-windows-october-2020.html","url":"https:\/\/docs.imanage.com\/whats-new-in-imanage-work-desktop-for-windows-october-2020.html","name":"Was ist neu in iManage Work Desktop for Windows &#8211; Docs - iManage","isPartOf":{"@id":"https:\/\/docs.imanage.com\/#website"},"primaryImageOfPage":{"@id":"https:\/\/docs.imanage.com\/whats-new-in-imanage-work-desktop-for-windows-october-2020.html#primaryimage"},"image":{"@id":"https:\/\/docs.imanage.com\/whats-new-in-imanage-work-desktop-for-windows-october-2020.html#primaryimage"},"thumbnailUrl":"https:\/\/docs.imanage.com\/wp-content\/uploads\/2020\/10\/FolderSync.gif","datePublished":"2020-09-18T16:52:21+00:00","dateModified":"2021-02-11T07:37:26+00:00","breadcrumb":{"@id":"https:\/\/docs.imanage.com\/whats-new-in-imanage-work-desktop-for-windows-october-2020.html#breadcrumb"},"inLanguage":"de-DE","potentialAction":[{"@type":"ReadAction","target":["https:\/\/docs.imanage.com\/whats-new-in-imanage-work-desktop-for-windows-october-2020.html"]}]},{"@type":"ImageObject","inLanguage":"de-DE","@id":"https:\/\/docs.imanage.com\/whats-new-in-imanage-work-desktop-for-windows-october-2020.html#primaryimage","url":"https:\/\/docs.imanage.com\/wp-content\/uploads\/2020\/10\/FolderSync.gif","contentUrl":"https:\/\/docs.imanage.com\/wp-content\/uploads\/2020\/10\/FolderSync.gif"},{"@type":"BreadcrumbList","@id":"https:\/\/docs.imanage.com\/whats-new-in-imanage-work-desktop-for-windows-october-2020.html#breadcrumb","itemListElement":[{"@type":"ListItem","position":1,"name":"Home","item":"https:\/\/docs.imanage.com\/"},{"@type":"ListItem","position":2,"name":"What&#8217;s New in iManage Work Desktop for Windows"}]},{"@type":"WebSite","@id":"https:\/\/docs.imanage.com\/#website","url":"https:\/\/docs.imanage.com\/","name":"Docs - iManage","description":"","potentialAction":[{"@type":"SearchAction","target":{"@type":"EntryPoint","urlTemplate":"https:\/\/docs.imanage.com\/?s={search_term_string}"},"query-input":{"@type":"PropertyValueSpecification","valueRequired":true,"valueName":"search_term_string"}}],"inLanguage":"de-DE"}]}},"_links":{"self":[{"href":"https:\/\/docs.imanage.com\/de\/wp-json\/wp\/v2\/pages\/548","targetHints":{"allow":["GET"]}}],"collection":[{"href":"https:\/\/docs.imanage.com\/de\/wp-json\/wp\/v2\/pages"}],"about":[{"href":"https:\/\/docs.imanage.com\/de\/wp-json\/wp\/v2\/types\/page"}],"author":[{"embeddable":true,"href":"https:\/\/docs.imanage.com\/de\/wp-json\/wp\/v2\/users\/4"}],"replies":[{"embeddable":true,"href":"https:\/\/docs.imanage.com\/de\/wp-json\/wp\/v2\/comments?post=548"}],"version-history":[{"count":0,"href":"https:\/\/docs.imanage.com\/de\/wp-json\/wp\/v2\/pages\/548\/revisions"}],"wp:attachment":[{"href":"https:\/\/docs.imanage.com\/de\/wp-json\/wp\/v2\/media?parent=548"}],"curies":[{"name":"wp","href":"https:\/\/api.w.org\/{rel}","templated":true}]}}