{"id":571,"date":"2020-11-04T20:13:37","date_gmt":"2020-11-04T20:13:37","guid":{"rendered":"https:\/\/docs.imanage.com\/?page_id=571"},"modified":"2021-08-09T16:19:25","modified_gmt":"2021-08-09T16:19:25","slug":"whats-new-in-imanage-work-2021-02","status":"publish","type":"page","link":"https:\/\/docs.imanage.com\/de\/whats-new-in-imanage-work-2021-02.html","title":{"rendered":"Was ist neu in iManage Work"},"content":{"rendered":"<h4>Februar 2021<\/h4>\n<h1><strong>Den Sicherheitsstatus eines Ordners schnell erkl\u00e4rt<\/strong><\/h1>\n<p>Kein Navigieren zu den Ordnereigenschaften mehr, um die Sicherheit des Ordners zu \u00fcberpr\u00fcfen. F\u00fcr die Ordner, die nicht die Sicherheit des \u00fcbergeordneten Ordners erben, wird jetzt ein neues Schl\u00fcssel\u00fcberlagerungssymbol\u00a0\u00a0<img loading=\"lazy\" decoding=\"async\" class=\"alignnone wp-image-576\" src=\"https:\/\/docs.imanage.com\/wp-content\/uploads\/2020\/12\/key-overlay-icon.png\" alt=\"\" width=\"34\" height=\"28\" \/> angezeigt.<\/p>\n<p><img decoding=\"async\" class=\"alignnone wp-image-521 size-large black-border\" src=\"https:\/\/docs.imanage.com\/work-web-help\/10.3.3\/en-US\/images\/download\/attachments\/99821371\/Updation_of_folder_security_for_Folder_or_Tab_or_Category.gif\" alt=\"\" width=\"900\" \/><\/p>\n<h1>Ein Dokument direkt\u00a0aus seiner Vorschau zu den Favoriten hinzuf\u00fcgen<\/h1>\n<p>Sie m\u00f6chten ein Dokument aus der Vorschau zu \u201eMeine Favoriten\u201c hinzuf\u00fcgen? W\u00e4hlen Sie dazu einfach in der Vorschau-Symbolleiste die neue Option <strong>Zu meinen Favoriten hinzuf\u00fcgen<\/strong>.<br \/>\n<img loading=\"lazy\" decoding=\"async\" class=\"alignnone size-large wp-image-594 black-border\" src=\"https:\/\/docs.imanage.com\/wp-content\/uploads\/2021\/02\/Adding-a-document-to-My-Fav-in-preview-mode-1024x352.png\" alt=\"\" width=\"525\" height=\"180\" srcset=\"https:\/\/docs.imanage.com\/wp-content\/uploads\/2021\/02\/Adding-a-document-to-My-Fav-in-preview-mode-1024x352.png 1024w, https:\/\/docs.imanage.com\/wp-content\/uploads\/2021\/02\/Adding-a-document-to-My-Fav-in-preview-mode-300x103.png 300w, https:\/\/docs.imanage.com\/wp-content\/uploads\/2021\/02\/Adding-a-document-to-My-Fav-in-preview-mode-768x264.png 768w, https:\/\/docs.imanage.com\/wp-content\/uploads\/2021\/02\/Adding-a-document-to-My-Fav-in-preview-mode.png 1338w\" sizes=\"auto, (max-width: 525px) 100vw, 525px\" \/><\/p>\n<h1>Erweitern oder Einklappen der Seitennavigation als neue Funktion!<\/h1>\n<p>Sie h\u00e4tten gerne mehr Platz auf dem Bildschirm, um mehr Informationen zu sehen? Mit dem Tastaturk\u00fcrzel &#8220;Schr\u00e4gstrich nach hinten&#8221; oder \u00fcber das Drei-Striche-Men\u00fc <img loading=\"lazy\" decoding=\"async\" class=\"alignnone wp-image-577\" src=\"https:\/\/docs.imanage.com\/wp-content\/uploads\/2020\/12\/hamburger-menu.png\" alt=\"\" width=\"34\" height=\"32\" \/> in der oberen linken Ecke k\u00f6nnen Sie die Seitennavigation einfach aus- oder einklappen und so mehr Platz schaffen.<\/p>\n<h1>Der Export von Metadaten erm\u00f6glicht eine einfachere gemeinsame Nutzung<\/h1>\n<p>Mit der <strong>Funktion<\/strong> Exportieren k\u00f6nnen Sie die Metadaten von Objekten (im Wesentlichen die in den Einstellungen der Rasteransicht konfigurierten Spaltenwerte) in der Rasteransicht als .csv-Bericht exportieren.<\/p>\n<p><img decoding=\"async\" class=\"alignnone wp-image-521 size-large black-border\" src=\"https:\/\/docs.imanage.com\/work-web-help\/10.3.3\/en-US\/images\/download\/attachments\/99821407\/Exporting_metadata_from_the_grid_view.gif\" alt=\"\" width=\"900\" \/><\/p>\n<h1>Mit der\u00a0 Option Schreibgesch\u00fctzt \u00f6ffnen k\u00f6nnen Sie noch besser mit MS Office-Dokumenten arbeiten<\/h1>\n<p>Die neue Option \u00a0<strong>Schreibgesch\u00fctzt \u00f6ffnen<\/strong>, auf die Sie \u00fcber das Kontextmen\u00fc bzw. das Klappmen\u00fc der rechten Maustaste oder \u00fcber die Dokumentenvorschau zugreifen k\u00f6nnen, erm\u00f6glicht es Ihnen, Vorg\u00e4nge wie Drucken, Als neues Dokument speichern und andere auszuf\u00fchren, ohne das Dokument auschecken zu m\u00fcssen.<\/p>\n<p><img loading=\"lazy\" decoding=\"async\" class=\"black-border alignnone wp-image-595\" src=\"https:\/\/docs.imanage.com\/wp-content\/uploads\/2021\/02\/Red-only-in-MS-office.png\" alt=\"\" width=\"200\" height=\"372\" srcset=\"https:\/\/docs.imanage.com\/wp-content\/uploads\/2021\/02\/Red-only-in-MS-office.png 394w, https:\/\/docs.imanage.com\/wp-content\/uploads\/2021\/02\/Red-only-in-MS-office-161x300.png 161w\" sizes=\"auto, (max-width: 200px) 100vw, 200px\" \/><\/p>\n<p>&nbsp;<\/p>\n<p>&nbsp;<\/p>\n","protected":false},"excerpt":{"rendered":"<p>Februar 2021 Den Sicherheitsstatus eines Ordners schnell erkl\u00e4rt Kein Navigieren zu den Ordnereigenschaften mehr, um die Sicherheit des Ordners zu \u00fcberpr\u00fcfen. F\u00fcr die Ordner, die nicht die Sicherheit des \u00fcbergeordneten Ordners erben, wird jetzt ein neues Schl\u00fcssel\u00fcberlagerungssymbol\u00a0\u00a0 angezeigt. Ein Dokument direkt\u00a0aus seiner Vorschau zu den Favoriten hinzuf\u00fcgen Sie m\u00f6chten ein Dokument aus der Vorschau zu [&hellip;]<\/p>\n","protected":false},"author":4,"featured_media":0,"parent":0,"menu_order":0,"comment_status":"closed","ping_status":"closed","template":"","meta":{"_acf_changed":false,"footnotes":""},"class_list":["post-571","page","type-page","status-publish","hentry"],"translation":{"provider":"WPGlobus","version":"3.0.2","language":"de","enabled_languages":["en","de","fr","qc","jp","br","es","zh"],"languages":{"en":{"title":true,"content":true,"excerpt":false},"de":{"title":true,"content":true,"excerpt":false},"fr":{"title":true,"content":true,"excerpt":false},"qc":{"title":false,"content":false,"excerpt":false},"jp":{"title":true,"content":true,"excerpt":false},"br":{"title":true,"content":true,"excerpt":false},"es":{"title":true,"content":true,"excerpt":false},"zh":{"title":true,"content":true,"excerpt":false}}},"acf":[],"yoast_head":"<!-- This site is optimized with the Yoast SEO plugin v27.4 - https:\/\/yoast.com\/product\/yoast-seo-wordpress\/ -->\n<title>Was ist neu in iManage Work &#8211; Docs - iManage<\/title>\n<meta name=\"robots\" content=\"index, follow, max-snippet:-1, max-image-preview:large, max-video-preview:-1\" \/>\n<link rel=\"canonical\" href=\"https:\/\/docs.imanage.com\/zh\/whats-new-in-imanage-work-2021-02.html\" \/>\n<meta property=\"og:locale\" content=\"de_DE\" \/>\n<meta property=\"og:type\" content=\"article\" \/>\n<meta property=\"og:title\" content=\"Was ist neu in iManage Work &#8211; Docs - iManage\" \/>\n<meta property=\"og:url\" content=\"https:\/\/docs.imanage.com\/zh\/whats-new-in-imanage-work-2021-02.html\" \/>\n<meta property=\"og:site_name\" content=\"Docs - iManage\" \/>\n<meta property=\"article:modified_time\" content=\"2021-08-09T16:19:25+00:00\" \/>\n<meta property=\"og:image\" content=\"https:\/\/docs.imanage.com\/wp-content\/uploads\/2020\/12\/key-overlay-icon.png\" \/>\n<meta name=\"twitter:card\" content=\"summary_large_image\" \/>\n<meta name=\"twitter:label1\" content=\"Est. reading time\" \/>\n\t<meta name=\"twitter:data1\" content=\"6 minutes\" \/>\n<script type=\"application\/ld+json\" class=\"yoast-schema-graph\">{\"@context\":\"https:\\\/\\\/schema.org\",\"@graph\":[{\"@type\":\"WebPage\",\"@id\":\"https:\\\/\\\/docs.imanage.com\\\/zh\\\/whats-new-in-imanage-work-2021-02.html\",\"url\":\"https:\\\/\\\/docs.imanage.com\\\/zh\\\/whats-new-in-imanage-work-2021-02.html\",\"name\":\"Was ist neu in iManage Work &#8211; Docs - iManage\",\"isPartOf\":{\"@id\":\"https:\\\/\\\/docs.imanage.com\\\/#website\"},\"primaryImageOfPage\":{\"@id\":\"https:\\\/\\\/docs.imanage.com\\\/zh\\\/whats-new-in-imanage-work-2021-02.html#primaryimage\"},\"image\":{\"@id\":\"https:\\\/\\\/docs.imanage.com\\\/zh\\\/whats-new-in-imanage-work-2021-02.html#primaryimage\"},\"thumbnailUrl\":\"https:\\\/\\\/docs.imanage.com\\\/wp-content\\\/uploads\\\/2020\\\/12\\\/key-overlay-icon.png\",\"datePublished\":\"2020-11-04T20:13:37+00:00\",\"dateModified\":\"2021-08-09T16:19:25+00:00\",\"breadcrumb\":{\"@id\":\"https:\\\/\\\/docs.imanage.com\\\/zh\\\/whats-new-in-imanage-work-2021-02.html#breadcrumb\"},\"inLanguage\":\"de-DE\",\"potentialAction\":[{\"@type\":\"ReadAction\",\"target\":[\"https:\\\/\\\/docs.imanage.com\\\/zh\\\/whats-new-in-imanage-work-2021-02.html\"]}]},{\"@type\":\"ImageObject\",\"inLanguage\":\"de-DE\",\"@id\":\"https:\\\/\\\/docs.imanage.com\\\/zh\\\/whats-new-in-imanage-work-2021-02.html#primaryimage\",\"url\":\"https:\\\/\\\/docs.imanage.com\\\/wp-content\\\/uploads\\\/2020\\\/12\\\/key-overlay-icon.png\",\"contentUrl\":\"https:\\\/\\\/docs.imanage.com\\\/wp-content\\\/uploads\\\/2020\\\/12\\\/key-overlay-icon.png\"},{\"@type\":\"BreadcrumbList\",\"@id\":\"https:\\\/\\\/docs.imanage.com\\\/zh\\\/whats-new-in-imanage-work-2021-02.html#breadcrumb\",\"itemListElement\":[{\"@type\":\"ListItem\",\"position\":1,\"name\":\"Home\",\"item\":\"https:\\\/\\\/docs.imanage.com\\\/\"},{\"@type\":\"ListItem\",\"position\":2,\"name\":\"iManage Work \u65b0\u589e\u529f\u80fd\"}]},{\"@type\":\"WebSite\",\"@id\":\"https:\\\/\\\/docs.imanage.com\\\/#website\",\"url\":\"https:\\\/\\\/docs.imanage.com\\\/\",\"name\":\"Docs - iManage\",\"description\":\"\",\"potentialAction\":[{\"@type\":\"SearchAction\",\"target\":{\"@type\":\"EntryPoint\",\"urlTemplate\":\"https:\\\/\\\/docs.imanage.com\\\/?s={search_term_string}\"},\"query-input\":{\"@type\":\"PropertyValueSpecification\",\"valueRequired\":true,\"valueName\":\"search_term_string\"}}],\"inLanguage\":\"de-DE\"}]}<\/script>\n<!-- \/ Yoast SEO plugin. -->","yoast_head_json":{"title":"Was ist neu in iManage Work &#8211; Docs - iManage","robots":{"index":"index","follow":"follow","max-snippet":"max-snippet:-1","max-image-preview":"max-image-preview:large","max-video-preview":"max-video-preview:-1"},"canonical":"https:\/\/docs.imanage.com\/zh\/whats-new-in-imanage-work-2021-02.html","og_locale":"de_DE","og_type":"article","og_title":"Was ist neu in iManage Work &#8211; Docs - iManage","og_url":"https:\/\/docs.imanage.com\/zh\/whats-new-in-imanage-work-2021-02.html","og_site_name":"Docs - iManage","article_modified_time":"2021-08-09T16:19:25+00:00","og_image":[{"url":"https:\/\/docs.imanage.com\/wp-content\/uploads\/2020\/12\/key-overlay-icon.png","type":"","width":"","height":""}],"twitter_card":"summary_large_image","twitter_misc":{"Est. reading time":"6 minutes"},"schema":{"@context":"https:\/\/schema.org","@graph":[{"@type":"WebPage","@id":"https:\/\/docs.imanage.com\/zh\/whats-new-in-imanage-work-2021-02.html","url":"https:\/\/docs.imanage.com\/zh\/whats-new-in-imanage-work-2021-02.html","name":"Was ist neu in iManage Work &#8211; Docs - iManage","isPartOf":{"@id":"https:\/\/docs.imanage.com\/#website"},"primaryImageOfPage":{"@id":"https:\/\/docs.imanage.com\/zh\/whats-new-in-imanage-work-2021-02.html#primaryimage"},"image":{"@id":"https:\/\/docs.imanage.com\/zh\/whats-new-in-imanage-work-2021-02.html#primaryimage"},"thumbnailUrl":"https:\/\/docs.imanage.com\/wp-content\/uploads\/2020\/12\/key-overlay-icon.png","datePublished":"2020-11-04T20:13:37+00:00","dateModified":"2021-08-09T16:19:25+00:00","breadcrumb":{"@id":"https:\/\/docs.imanage.com\/zh\/whats-new-in-imanage-work-2021-02.html#breadcrumb"},"inLanguage":"de-DE","potentialAction":[{"@type":"ReadAction","target":["https:\/\/docs.imanage.com\/zh\/whats-new-in-imanage-work-2021-02.html"]}]},{"@type":"ImageObject","inLanguage":"de-DE","@id":"https:\/\/docs.imanage.com\/zh\/whats-new-in-imanage-work-2021-02.html#primaryimage","url":"https:\/\/docs.imanage.com\/wp-content\/uploads\/2020\/12\/key-overlay-icon.png","contentUrl":"https:\/\/docs.imanage.com\/wp-content\/uploads\/2020\/12\/key-overlay-icon.png"},{"@type":"BreadcrumbList","@id":"https:\/\/docs.imanage.com\/zh\/whats-new-in-imanage-work-2021-02.html#breadcrumb","itemListElement":[{"@type":"ListItem","position":1,"name":"Home","item":"https:\/\/docs.imanage.com\/"},{"@type":"ListItem","position":2,"name":"iManage Work \u65b0\u589e\u529f\u80fd"}]},{"@type":"WebSite","@id":"https:\/\/docs.imanage.com\/#website","url":"https:\/\/docs.imanage.com\/","name":"Docs - iManage","description":"","potentialAction":[{"@type":"SearchAction","target":{"@type":"EntryPoint","urlTemplate":"https:\/\/docs.imanage.com\/?s={search_term_string}"},"query-input":{"@type":"PropertyValueSpecification","valueRequired":true,"valueName":"search_term_string"}}],"inLanguage":"de-DE"}]}},"_links":{"self":[{"href":"https:\/\/docs.imanage.com\/de\/wp-json\/wp\/v2\/pages\/571","targetHints":{"allow":["GET"]}}],"collection":[{"href":"https:\/\/docs.imanage.com\/de\/wp-json\/wp\/v2\/pages"}],"about":[{"href":"https:\/\/docs.imanage.com\/de\/wp-json\/wp\/v2\/types\/page"}],"author":[{"embeddable":true,"href":"https:\/\/docs.imanage.com\/de\/wp-json\/wp\/v2\/users\/4"}],"replies":[{"embeddable":true,"href":"https:\/\/docs.imanage.com\/de\/wp-json\/wp\/v2\/comments?post=571"}],"version-history":[{"count":0,"href":"https:\/\/docs.imanage.com\/de\/wp-json\/wp\/v2\/pages\/571\/revisions"}],"wp:attachment":[{"href":"https:\/\/docs.imanage.com\/de\/wp-json\/wp\/v2\/media?parent=571"}],"curies":[{"name":"wp","href":"https:\/\/api.w.org\/{rel}","templated":true}]}}