{"id":579,"date":"2021-01-08T07:12:30","date_gmt":"2021-01-08T07:12:30","guid":{"rendered":"https:\/\/docs.imanage.com\/?page_id=579"},"modified":"2021-03-01T16:02:05","modified_gmt":"2021-03-01T16:02:05","slug":"whats-new-in-imanage-wdw-02-2021","status":"publish","type":"page","link":"https:\/\/docs.imanage.com\/de\/work\/whats-new-in-imanage-wdw-02-2021.html","title":{"rendered":"Was ist neu in iManage Work Desktop for Windows"},"content":{"rendered":"<h4>\u00a0Build: 10.4.0.45 (M\u00e4rz 2021)<\/h4>\n<h1>Verbesserungen an der E-Mail-Verwaltung f\u00fcr Microsoft Outlook<\/h1>\n<h3><strong>Ablage von E-Mails aus freigegebenen Microsoft Outlook-Postf\u00e4chern<\/strong><\/h3>\n<p>Wenn Sie und Ihre Kollegen in Ihrem Unternehmen gemeinsame Microsoft Outlook-Postf\u00e4cher verwenden, k\u00f6nnen Sie jetzt Ihre gemeinsamen Postfachordner mit einem entsprechenden iManage Work-Ordner verkn\u00fcpfen und so sicherstellen, dass alle Ihre E-Mails in iManage Work abgelegt werden. Wenn Sie die Ordner der gemeinsamen Mailbox verkn\u00fcpfen, legen Sie E-Mails im Namen anderer Benutzer der gemeinsamen Mailbox ab.<\/p>\n<p><img loading=\"lazy\" decoding=\"async\" class=\"alignnone wp-image-587\" src=\"https:\/\/docs.imanage.com\/wp-content\/uploads\/2021\/01\/GIF_1-1.gif\" alt=\"\" width=\"1000\" height=\"454\" \/><\/p>\n<h3><strong>Leichte Unterscheidung zwischen mehreren NRL-Links<\/strong><\/h3>\n<p>In den vorherigen Versionen mussten Sie, um ein Dokument bearbeiten zu k\u00f6nnen, die NRL-Links durchprobieren, um das gew\u00fcnschte Dokument zu identifizieren. Ab dieser Version ist dies nicht mehr n\u00f6tig. Sie sehen jetzt NRL-Link-bezogene Informationen wie z. B. Dokumentversion und -typ auf einen Blick, ohne den Link \u00f6ffnen zu m\u00fcssen. Dies erleichtert die Unterscheidung insbesondere bei vielen NRL-Links, so dass Sie jetzt sicher sein k\u00f6nnen, den richtigen Link direkt beim ersten Mal zu \u00f6ffnen. Weitere Informationen zur Konfiguration der NRL-Links erhalten Sie von Ihrem Administrator.<\/p>\n<p><img loading=\"lazy\" decoding=\"async\" class=\"alignnone wp-image-591\" src=\"https:\/\/docs.imanage.com\/wp-content\/uploads\/2021\/02\/wdw_latest_01-1.png\" alt=\"\" width=\"1000\" height=\"301\" srcset=\"https:\/\/docs.imanage.com\/wp-content\/uploads\/2021\/02\/wdw_latest_01-1.png 1425w, https:\/\/docs.imanage.com\/wp-content\/uploads\/2021\/02\/wdw_latest_01-1-300x90.png 300w, https:\/\/docs.imanage.com\/wp-content\/uploads\/2021\/02\/wdw_latest_01-1-1024x308.png 1024w, https:\/\/docs.imanage.com\/wp-content\/uploads\/2021\/02\/wdw_latest_01-1-768x231.png 768w\" sizes=\"auto, (max-width: 1000px) 100vw, 1000px\" \/><\/p>\n<h3><strong>Erweitern Sie E-Mail-Ablage-Anwendungsf\u00e4lle mit benutzerdefinierten Optionen<\/strong><\/h3>\n<p>iManage Work Desktop for Windows zeigt jetzt benutzerdefinierte Schaltfl\u00e4chen in der Symbolleiste f\u00fcr die E-Mail-Verwaltung, um die E-Mail-Ablage zu erleichtern. Sie k\u00f6nnen diese benutzerdefinierten Schaltfl\u00e4chen verwenden, um die Hauptanwendungsf\u00e4lle Ihrer E-Mail-Verwaltung zu erweitern &#8211; zum Beispiel, um einen Benutzer aufzufordern, beim Ablegen von E-Mails Kommentare einzugeben. Weitere Informationen zu diesen benutzerdefinierten Schaltfl\u00e4chen erhalten Sie von Ihrem Administrator.<\/p>\n<h1>Was ist neu in iManage Drive<\/h1>\n<h4>\u00a0Build: 10.4.1 (M\u00e4rz 2021)<\/h4>\n<h3>Sprachenunterst\u00fctzung<\/h3>\n<p>Verwenden Sie iManage Drive in Ihrer Lieblings- oder Muttersprache! Die Anwendung ist jetzt in allen auch von iManage Work unterst\u00fctzten Sprachen verf\u00fcgbar, d. h.:<\/p>\n<ul>\n<li>Englisch (US)<\/li>\n<li>Franz\u00f6sisch (Frankreich)<\/li>\n<li>Deutsch (Deutschland)<\/li>\n<li>Portugiesisch (Brasilien)<\/li>\n<li>Spanisch (Spanien)<\/li>\n<li>Chinesisch (China)<\/li>\n<li>Japanisch (Japan)<\/li>\n<\/ul>\n<p><img loading=\"lazy\" decoding=\"async\" class=\"alignnone wp-image-597\" src=\"https:\/\/docs.imanage.com\/wp-content\/uploads\/2021\/02\/WinLang.gif\" alt=\"\" width=\"1000\" height=\"625\" \/><\/p>\n<h3>Unterst\u00fctzung f\u00fcr benutzerdefinierte Beschriftungen<\/h3>\n<p>iManage Drive unterst\u00fctzt jetzt benutzerdefinierte Beschriftungen in iManage Work zur Anpassung der Benutzeroberfl\u00e4che (UI), wie z. B. &#8220;Angelegenheiten&#8221;, &#8220;Meine Arbeit&#8221;, &#8220;Dokumente&#8221;, usw. Wenn Ihr iManage Work-Administrator z. B. die Angelegenheiten als <em>Arbeitsbereiche<\/em> benennt, erscheint dies jetzt auch auf der iManage Drive-Benutzeroberfl\u00e4che. Da die Beschriftungen in den Sprachsatz f\u00fcr die jeweilige unterst\u00fctzte Sprache \u00fcbersetzt werden, erscheinen sie in der ausgew\u00e4hlten Sprache, wenn Sie iManage Drive verwenden, um sich bei iManage Work anzumelden.<\/p>\n<h3>iManage Drive verf\u00fcgbar f\u00fcr macOS<\/h3>\n<p>Die Version iManage Drive f\u00fcr Mac 10.4.1 General Availability (GA) stellt sicher, dass Sie jetzt mit Ihrem Mac auf iManage Work-Inhalte zugreifen und diese aktualisieren k\u00f6nnen. Die Anwendung l\u00e4uft unter macOS Catalina 10.15.6 oder Big Sur und erm\u00f6glicht Ihnen schnellen Zugriff auf iManage-Inhalte \u00fcber Ihr Finder-Fenster und das iManage Drive-Men\u00fc in Ihrer Mac-Men\u00fcleiste.<\/p>\n<p><img loading=\"lazy\" decoding=\"async\" class=\"alignnone wp-image-598\" src=\"https:\/\/docs.imanage.com\/wp-content\/uploads\/2021\/02\/DriveMac.gif\" alt=\"\" width=\"1000\" height=\"625\" \/><\/p>\n<h3>M\u00f6glichkeit, iManage-Links freizugeben<\/h3>\n<p>Klicken Sie mit der rechten Maustaste auf einen beliebigen Inhalt (Angelegenheiten, Dateien und Ordner) in Ihrem zugeordneten Laufwerk, den Sie f\u00fcr andere iManage Work-Benutzer freigeben m\u00f6chten, w\u00e4hlen Sie <strong>Link kopieren<\/strong> und f\u00fcgen Sie den Link in eine E-Mail oder eine andere von Ihnen verwendete Kommunikation ein. Wenn der Empf\u00e4nger den Link anklickt, wird der Inhalt in iManage Work ge\u00f6ffnet.<\/p>\n<p><img loading=\"lazy\" decoding=\"async\" class=\"alignnone wp-image-599\" src=\"https:\/\/docs.imanage.com\/wp-content\/uploads\/2021\/02\/WinCopyLink.gif\" alt=\"\" width=\"1000\" height=\"625\" \/><\/p>\n<p><strong>Vorherige Ausgabe<\/strong>: <a href=\"https:\/\/docs.imanage.com\/de\/whats-new-in-imanage-work-desktop-for-windows-october-2020.html\">Manage Desktop for Windows &#8211; 10.3.0<\/a><\/p>\n","protected":false},"excerpt":{"rendered":"<p>\u00a0Build: 10.4.0.45 (M\u00e4rz 2021) Verbesserungen an der E-Mail-Verwaltung f\u00fcr Microsoft Outlook Ablage von E-Mails aus freigegebenen Microsoft Outlook-Postf\u00e4chern Wenn Sie und Ihre Kollegen in Ihrem Unternehmen gemeinsame Microsoft Outlook-Postf\u00e4cher verwenden, k\u00f6nnen Sie jetzt Ihre gemeinsamen Postfachordner mit einem entsprechenden iManage Work-Ordner verkn\u00fcpfen und so sicherstellen, dass alle Ihre E-Mails in iManage Work abgelegt werden. Wenn [&hellip;]<\/p>\n","protected":false},"author":4,"featured_media":0,"parent":146,"menu_order":0,"comment_status":"closed","ping_status":"closed","template":"","meta":{"_acf_changed":false,"footnotes":""},"class_list":["post-579","page","type-page","status-publish","hentry"],"translation":{"provider":"WPGlobus","version":"3.0.2","language":"de","enabled_languages":["en","de","fr","qc","jp","br","es","zh"],"languages":{"en":{"title":true,"content":true,"excerpt":false},"de":{"title":true,"content":true,"excerpt":false},"fr":{"title":true,"content":true,"excerpt":false},"qc":{"title":false,"content":false,"excerpt":false},"jp":{"title":true,"content":true,"excerpt":false},"br":{"title":true,"content":true,"excerpt":false},"es":{"title":true,"content":true,"excerpt":false},"zh":{"title":true,"content":true,"excerpt":false}}},"acf":[],"yoast_head":"<!-- This site is optimized with the Yoast SEO plugin v27.3 - https:\/\/yoast.com\/product\/yoast-seo-wordpress\/ -->\n<title>Was ist neu in iManage Work Desktop for Windows &#8211; Docs - iManage<\/title>\n<meta name=\"robots\" content=\"index, follow, max-snippet:-1, max-image-preview:large, max-video-preview:-1\" \/>\n<link rel=\"canonical\" href=\"https:\/\/docs.imanage.com\/br\/work\/whats-new-in-imanage-wdw-02-2021.html\" \/>\n<meta property=\"og:locale\" content=\"de_DE\" \/>\n<meta property=\"og:type\" content=\"article\" \/>\n<meta property=\"og:title\" content=\"Was ist neu in iManage Work Desktop for Windows &#8211; Docs - iManage\" \/>\n<meta property=\"og:url\" content=\"https:\/\/docs.imanage.com\/br\/work\/whats-new-in-imanage-wdw-02-2021.html\" \/>\n<meta property=\"og:site_name\" content=\"Docs - iManage\" \/>\n<meta property=\"article:modified_time\" content=\"2021-03-01T16:02:05+00:00\" \/>\n<meta property=\"og:image\" content=\"https:\/\/docs.imanage.com\/wp-content\/uploads\/2021\/01\/GIF_1-1.gif\" \/>\n<meta name=\"twitter:card\" content=\"summary_large_image\" \/>\n<meta name=\"twitter:label1\" content=\"Est. reading time\" \/>\n\t<meta name=\"twitter:data1\" content=\"15 minutes\" \/>\n<script type=\"application\/ld+json\" class=\"yoast-schema-graph\">{\"@context\":\"https:\\\/\\\/schema.org\",\"@graph\":[{\"@type\":\"WebPage\",\"@id\":\"https:\\\/\\\/docs.imanage.com\\\/br\\\/work\\\/whats-new-in-imanage-wdw-02-2021.html\",\"url\":\"https:\\\/\\\/docs.imanage.com\\\/br\\\/work\\\/whats-new-in-imanage-wdw-02-2021.html\",\"name\":\"Was ist neu in iManage Work Desktop for Windows &#8211; Docs - iManage\",\"isPartOf\":{\"@id\":\"https:\\\/\\\/docs.imanage.com\\\/#website\"},\"primaryImageOfPage\":{\"@id\":\"https:\\\/\\\/docs.imanage.com\\\/br\\\/work\\\/whats-new-in-imanage-wdw-02-2021.html#primaryimage\"},\"image\":{\"@id\":\"https:\\\/\\\/docs.imanage.com\\\/br\\\/work\\\/whats-new-in-imanage-wdw-02-2021.html#primaryimage\"},\"thumbnailUrl\":\"https:\\\/\\\/docs.imanage.com\\\/wp-content\\\/uploads\\\/2021\\\/01\\\/GIF_1-1.gif\",\"datePublished\":\"2021-01-08T07:12:30+00:00\",\"dateModified\":\"2021-03-01T16:02:05+00:00\",\"breadcrumb\":{\"@id\":\"https:\\\/\\\/docs.imanage.com\\\/br\\\/work\\\/whats-new-in-imanage-wdw-02-2021.html#breadcrumb\"},\"inLanguage\":\"de-DE\",\"potentialAction\":[{\"@type\":\"ReadAction\",\"target\":[\"https:\\\/\\\/docs.imanage.com\\\/br\\\/work\\\/whats-new-in-imanage-wdw-02-2021.html\"]}]},{\"@type\":\"ImageObject\",\"inLanguage\":\"de-DE\",\"@id\":\"https:\\\/\\\/docs.imanage.com\\\/br\\\/work\\\/whats-new-in-imanage-wdw-02-2021.html#primaryimage\",\"url\":\"https:\\\/\\\/docs.imanage.com\\\/wp-content\\\/uploads\\\/2021\\\/01\\\/GIF_1-1.gif\",\"contentUrl\":\"https:\\\/\\\/docs.imanage.com\\\/wp-content\\\/uploads\\\/2021\\\/01\\\/GIF_1-1.gif\"},{\"@type\":\"BreadcrumbList\",\"@id\":\"https:\\\/\\\/docs.imanage.com\\\/br\\\/work\\\/whats-new-in-imanage-wdw-02-2021.html#breadcrumb\",\"itemListElement\":[{\"@type\":\"ListItem\",\"position\":1,\"name\":\"Home\",\"item\":\"https:\\\/\\\/docs.imanage.com\\\/\"},{\"@type\":\"ListItem\",\"position\":2,\"name\":\"Work\",\"item\":\"https:\\\/\\\/docs.imanage.com\\\/work.html\"},{\"@type\":\"ListItem\",\"position\":3,\"name\":\"O que h\u00e1 de novo no iManage Work Desktop for Windows\"}]},{\"@type\":\"WebSite\",\"@id\":\"https:\\\/\\\/docs.imanage.com\\\/#website\",\"url\":\"https:\\\/\\\/docs.imanage.com\\\/\",\"name\":\"Docs - iManage\",\"description\":\"\",\"potentialAction\":[{\"@type\":\"SearchAction\",\"target\":{\"@type\":\"EntryPoint\",\"urlTemplate\":\"https:\\\/\\\/docs.imanage.com\\\/?s={search_term_string}\"},\"query-input\":{\"@type\":\"PropertyValueSpecification\",\"valueRequired\":true,\"valueName\":\"search_term_string\"}}],\"inLanguage\":\"de-DE\"}]}<\/script>\n<!-- \/ Yoast SEO plugin. -->","yoast_head_json":{"title":"Was ist neu in iManage Work Desktop for Windows &#8211; Docs - iManage","robots":{"index":"index","follow":"follow","max-snippet":"max-snippet:-1","max-image-preview":"max-image-preview:large","max-video-preview":"max-video-preview:-1"},"canonical":"https:\/\/docs.imanage.com\/br\/work\/whats-new-in-imanage-wdw-02-2021.html","og_locale":"de_DE","og_type":"article","og_title":"Was ist neu in iManage Work Desktop for Windows &#8211; Docs - iManage","og_url":"https:\/\/docs.imanage.com\/br\/work\/whats-new-in-imanage-wdw-02-2021.html","og_site_name":"Docs - iManage","article_modified_time":"2021-03-01T16:02:05+00:00","og_image":[{"url":"https:\/\/docs.imanage.com\/wp-content\/uploads\/2021\/01\/GIF_1-1.gif","type":"","width":"","height":""}],"twitter_card":"summary_large_image","twitter_misc":{"Est. reading time":"15 minutes"},"schema":{"@context":"https:\/\/schema.org","@graph":[{"@type":"WebPage","@id":"https:\/\/docs.imanage.com\/br\/work\/whats-new-in-imanage-wdw-02-2021.html","url":"https:\/\/docs.imanage.com\/br\/work\/whats-new-in-imanage-wdw-02-2021.html","name":"Was ist neu in iManage Work Desktop for Windows &#8211; Docs - iManage","isPartOf":{"@id":"https:\/\/docs.imanage.com\/#website"},"primaryImageOfPage":{"@id":"https:\/\/docs.imanage.com\/br\/work\/whats-new-in-imanage-wdw-02-2021.html#primaryimage"},"image":{"@id":"https:\/\/docs.imanage.com\/br\/work\/whats-new-in-imanage-wdw-02-2021.html#primaryimage"},"thumbnailUrl":"https:\/\/docs.imanage.com\/wp-content\/uploads\/2021\/01\/GIF_1-1.gif","datePublished":"2021-01-08T07:12:30+00:00","dateModified":"2021-03-01T16:02:05+00:00","breadcrumb":{"@id":"https:\/\/docs.imanage.com\/br\/work\/whats-new-in-imanage-wdw-02-2021.html#breadcrumb"},"inLanguage":"de-DE","potentialAction":[{"@type":"ReadAction","target":["https:\/\/docs.imanage.com\/br\/work\/whats-new-in-imanage-wdw-02-2021.html"]}]},{"@type":"ImageObject","inLanguage":"de-DE","@id":"https:\/\/docs.imanage.com\/br\/work\/whats-new-in-imanage-wdw-02-2021.html#primaryimage","url":"https:\/\/docs.imanage.com\/wp-content\/uploads\/2021\/01\/GIF_1-1.gif","contentUrl":"https:\/\/docs.imanage.com\/wp-content\/uploads\/2021\/01\/GIF_1-1.gif"},{"@type":"BreadcrumbList","@id":"https:\/\/docs.imanage.com\/br\/work\/whats-new-in-imanage-wdw-02-2021.html#breadcrumb","itemListElement":[{"@type":"ListItem","position":1,"name":"Home","item":"https:\/\/docs.imanage.com\/"},{"@type":"ListItem","position":2,"name":"Work","item":"https:\/\/docs.imanage.com\/work.html"},{"@type":"ListItem","position":3,"name":"O que h\u00e1 de novo no iManage Work Desktop for Windows"}]},{"@type":"WebSite","@id":"https:\/\/docs.imanage.com\/#website","url":"https:\/\/docs.imanage.com\/","name":"Docs - iManage","description":"","potentialAction":[{"@type":"SearchAction","target":{"@type":"EntryPoint","urlTemplate":"https:\/\/docs.imanage.com\/?s={search_term_string}"},"query-input":{"@type":"PropertyValueSpecification","valueRequired":true,"valueName":"search_term_string"}}],"inLanguage":"de-DE"}]}},"_links":{"self":[{"href":"https:\/\/docs.imanage.com\/de\/wp-json\/wp\/v2\/pages\/579","targetHints":{"allow":["GET"]}}],"collection":[{"href":"https:\/\/docs.imanage.com\/de\/wp-json\/wp\/v2\/pages"}],"about":[{"href":"https:\/\/docs.imanage.com\/de\/wp-json\/wp\/v2\/types\/page"}],"author":[{"embeddable":true,"href":"https:\/\/docs.imanage.com\/de\/wp-json\/wp\/v2\/users\/4"}],"replies":[{"embeddable":true,"href":"https:\/\/docs.imanage.com\/de\/wp-json\/wp\/v2\/comments?post=579"}],"version-history":[{"count":0,"href":"https:\/\/docs.imanage.com\/de\/wp-json\/wp\/v2\/pages\/579\/revisions"}],"up":[{"embeddable":true,"href":"https:\/\/docs.imanage.com\/de\/wp-json\/wp\/v2\/pages\/146"}],"wp:attachment":[{"href":"https:\/\/docs.imanage.com\/de\/wp-json\/wp\/v2\/media?parent=579"}],"curies":[{"name":"wp","href":"https:\/\/api.w.org\/{rel}","templated":true}]}}