{"id":581,"date":"2021-01-15T12:07:35","date_gmt":"2021-01-15T12:07:35","guid":{"rendered":"https:\/\/docs.imanage.com\/?page_id=581"},"modified":"2021-10-21T12:43:07","modified_gmt":"2021-10-21T12:43:07","slug":"whats-new-in-imanage-work-2021-09","status":"publish","type":"page","link":"https:\/\/docs.imanage.com\/de\/whats-new-in-imanage-work-2021-09.html","title":{"rendered":"Neuheiten in iManage Work"},"content":{"rendered":"<p><strong>Juli 2021<\/strong><\/p>\n<h1>Vereinfachte Erstellung einer neuen Dokumentversion!<\/h1>\n<p>Sie k\u00f6nnen jetzt ein Dokument kopieren und eine neue Version erstellen, ohne es erst \u00f6ffnen oder herunterladen zu m\u00fcssen. Dies spart eine Menge Zeit.<br \/>\n<img loading=\"lazy\" decoding=\"async\" class=\"gifplayer alignnone wp-image-664 size-large black-border\" src=\"https:\/\/docs.imanage.com\/wp-content\/uploads\/2021\/07\/Sep-2021-rel-Copy-as-new-version--1024x573.jpg\" alt=\"\" width=\"900\" height=\"504\" data-gif=\"https:\/\/docs.imanage.com\/wp-content\/uploads\/2021\/07\/Sep-2021-rel-Copy-as-new-version-.gif\" srcset=\"https:\/\/docs.imanage.com\/wp-content\/uploads\/2021\/07\/Sep-2021-rel-Copy-as-new-version--1024x573.jpg 1024w, https:\/\/docs.imanage.com\/wp-content\/uploads\/2021\/07\/Sep-2021-rel-Copy-as-new-version--300x168.jpg 300w, https:\/\/docs.imanage.com\/wp-content\/uploads\/2021\/07\/Sep-2021-rel-Copy-as-new-version--768x430.jpg 768w, https:\/\/docs.imanage.com\/wp-content\/uploads\/2021\/07\/Sep-2021-rel-Copy-as-new-version--1536x860.jpg 1536w, https:\/\/docs.imanage.com\/wp-content\/uploads\/2021\/07\/Sep-2021-rel-Copy-as-new-version--2048x1146.jpg 2048w\" sizes=\"auto, (max-width: 900px) 100vw, 900px\" \/><\/p>\n<h1>Link mit einem Klick kopieren.<\/h1>\n<p>Kopieren und teilen Sie einen Link zu einer Datei oder einem Projekt mit einem einzigen Klick. Mit dem neuen Tool zum Kopieren von Links k\u00f6nnen Sie Inhalte mit nur einem Mausklick schnell und einfach mit Kollegen teilen. Sparen Sie Zeit, indem Sie mit einem einzigen Klick einen Link zu einer Datei oder einem Projekt kopieren und mit Ihren Kollegen teilen.<br \/>\n<img loading=\"lazy\" decoding=\"async\" class=\"gifplayer alignnone wp-image-664 size-large black-border\" src=\"https:\/\/docs.imanage.com\/wp-content\/uploads\/2021\/07\/Sep-2021-rel-Simplified-copy-link-workflow-.jpg\" alt=\"\" width=\"900\" height=\"504\" data-gif=\"https:\/\/docs.imanage.com\/wp-content\/uploads\/2021\/07\/Sep-2021-rel-Simplified-copy-link-workflow-.gif\" \/><\/p>\n<h1>Immer auf dem Laufenden bleiben<\/h1>\n<p>Wenn Sie auf einen Link klicken, um ein Dokument in der Vorschau anzuzeigen, werden Sie automatisch auf die neueste Version weitergeleitet. Auf diese Weise bleiben Sie immer auf dem neuesten Stand der \u00c4nderungen und haben die M\u00f6glichkeit, den Verlauf des Dokuments zu \u00fcberpr\u00fcfen, indem Sie zur Dokumentenansicht wechseln.<br \/>\n<img loading=\"lazy\" decoding=\"async\" class=\"gifplayer alignnone wp-image-664 size-large black-border\" src=\"https:\/\/docs.imanage.com\/wp-content\/uploads\/2021\/08\/Sep-2021-rel-Always-stay-current.jpg\" alt=\"\" width=\"900\" height=\"504\" data-gif=\"https:\/\/docs.imanage.com\/wp-content\/uploads\/2021\/08\/Sep-2021-rel-Always-stay-current.gif\" \/><\/p>\n<p><strong>HINWEIS<\/strong>: Um diese Funktion zu aktivieren, k\u00f6nnen Administratoren die Einstellungen im <a href=\"https:\/\/docs.imanage.com\/cloud\/cc-help\/en\/Upcoming_Features.html\">iManage Control Center<\/a> \u00e4ndern.<\/p>\n<h1><span style=\"font-size: 1.5rem;\">Neue, spezielle Untermen\u00fcs f\u00fcr Dokumentenvorg\u00e4nge<\/span><\/h1>\n<p>Neue Untermen\u00fcs f\u00fcr Dokumentenoperationen machen das \u00d6ffnen oder Kopieren von Dokumenten schnell und einfach, sodass Sie sich ganz auf Ihre Arbeit konzentrieren k\u00f6nnen.<br \/>\n<img loading=\"lazy\" decoding=\"async\" class=\"gifplayer alignnone wp-image-664 size-large black-border\" src=\"https:\/\/docs.imanage.com\/wp-content\/uploads\/2021\/07\/Sep-2021-rel-Open-and-copy-sub-menu.jpg\" alt=\"\" width=\"900\" height=\"504\" data-gif=\"https:\/\/docs.imanage.com\/wp-content\/uploads\/2021\/07\/Sep-2021-rel-Open-and-copy-sub-menu.gif\" \/><\/p>\n<h1><span style=\"font-size: 1.5rem;\">Keine versehentliche Freigabe von Inhalten<\/span><\/h1>\n<p>Wenn Sie Benutzern, Autoren oder Gruppen Zugriff auf Inhalte gew\u00e4hren, k\u00f6nnen Sie schnell feststellen, ob diese \u00fcber die entsprechenden Zugriffsrechte verf\u00fcgen. So wird das Risiko einer versehentlichen Freigabe von Inhalten vermieden.<br \/>\n<img loading=\"lazy\" decoding=\"async\" class=\"gifplayer alignnone wp-image-664 size-large black-border\" src=\"https:\/\/docs.imanage.com\/wp-content\/uploads\/2021\/08\/Eliminate-accidental-exposure.jpg\" alt=\"\" width=\"900\" height=\"504\" data-gif=\"https:\/\/docs.imanage.com\/wp-content\/uploads\/2021\/08\/Eliminate-accidental-exposure.gif\" \/><\/p>\n<h1><span style=\"font-size: 1.5rem;\">Einfacher Zugang zu den letzten Ordnern.<\/span><\/h1>\n<p>Sie m\u00f6chten Ordner finden, in denen Sie k\u00fcrzlich Inhalte gespeichert oder E-Mails abgelegt haben? Jetzt sind diese Ordner mit einem einzigen Klick leicht zug\u00e4nglich. Au\u00dferdem ist die Ordnersuche bequem \u00fcber die einfache Suche verf\u00fcgbar, so dass Sie bestimmte Ordner schnell finden k\u00f6nnen, ohne die erweiterte Suche verwenden zu m\u00fcssen.<br \/>\n<img loading=\"lazy\" decoding=\"async\" class=\"gifplayer alignnone wp-image-664 size-large black-border\" src=\"https:\/\/docs.imanage.com\/wp-content\/uploads\/2021\/08\/Easily-access-Recent-Folders.jpg\" alt=\"\" width=\"900\" height=\"504\" data-gif=\"https:\/\/docs.imanage.com\/wp-content\/uploads\/2021\/08\/Easily-access-Recent-Folders.gif\" \/><\/p>\n<h1><span style=\"font-size: 1.5rem;\">Verschieben Sie das Fortschrittsfenster an eine beliebige Stelle<\/span><\/h1>\n<p>Sie arbeiten auf einem kleinen Bildschirm und ben\u00f6tigen mehr Anzeigefl\u00e4che? Greifen und ziehen Sie das Fortschrittsfeld an eine beliebige Stelle in iManage Work. Die von Ihnen gew\u00e4hlte Position des Fortschrittsfelds wird gespeichert, bis Sie es erneut verschieben!<br \/>\n<img loading=\"lazy\" decoding=\"async\" class=\"gifplayer alignnone wp-image-664 size-large black-border\" style=\"font-size: 1rem;\" src=\"https:\/\/docs.imanage.com\/wp-content\/uploads\/2021\/07\/Sep-2021-rel-Moving-progress-panel.jpg\" alt=\"\" width=\"900\" height=\"504\" data-gif=\"https:\/\/docs.imanage.com\/wp-content\/uploads\/2021\/07\/Sep-2021-rel-Moving-progress-panel.gif\" \/><\/p>\n<p><a href=\"https:\/\/docs.imanage.com\/whats-new-in-imanage-work-2021-02.html\">Vorherige Ausgabe<\/a><\/p>\n","protected":false},"excerpt":{"rendered":"<p>Juli 2021 Vereinfachte Erstellung einer neuen Dokumentversion! Sie k\u00f6nnen jetzt ein Dokument kopieren und eine neue Version erstellen, ohne es erst \u00f6ffnen oder herunterladen zu m\u00fcssen. Dies spart eine Menge Zeit. Link mit einem Klick kopieren. Kopieren und teilen Sie einen Link zu einer Datei oder einem Projekt mit einem einzigen Klick. Mit dem neuen [&hellip;]<\/p>\n","protected":false},"author":4,"featured_media":0,"parent":0,"menu_order":0,"comment_status":"closed","ping_status":"closed","template":"","meta":{"_acf_changed":false,"footnotes":""},"class_list":["post-581","page","type-page","status-publish","hentry"],"translation":{"provider":"WPGlobus","version":"3.0.2","language":"de","enabled_languages":["en","de","fr","qc","jp","br","es","zh"],"languages":{"en":{"title":true,"content":true,"excerpt":false},"de":{"title":true,"content":true,"excerpt":false},"fr":{"title":true,"content":true,"excerpt":false},"qc":{"title":false,"content":false,"excerpt":false},"jp":{"title":true,"content":true,"excerpt":false},"br":{"title":true,"content":true,"excerpt":false},"es":{"title":true,"content":true,"excerpt":false},"zh":{"title":true,"content":true,"excerpt":false}}},"acf":[],"yoast_head":"<!-- This site is optimized with the Yoast SEO plugin v27.4 - https:\/\/yoast.com\/product\/yoast-seo-wordpress\/ -->\n<title>Neuheiten in iManage Work &#8211; Docs - iManage<\/title>\n<meta name=\"robots\" content=\"index, follow, max-snippet:-1, max-image-preview:large, max-video-preview:-1\" \/>\n<link rel=\"canonical\" href=\"https:\/\/docs.imanage.com\/whats-new-in-imanage-work-2021-09.html\" \/>\n<meta property=\"og:locale\" content=\"de_DE\" \/>\n<meta property=\"og:type\" content=\"article\" \/>\n<meta property=\"og:title\" content=\"Neuheiten in iManage Work &#8211; Docs - iManage\" \/>\n<meta property=\"og:url\" content=\"https:\/\/docs.imanage.com\/whats-new-in-imanage-work-2021-09.html\" \/>\n<meta property=\"og:site_name\" content=\"Docs - iManage\" \/>\n<meta property=\"article:modified_time\" content=\"2021-10-21T12:43:07+00:00\" \/>\n<meta property=\"og:image\" content=\"https:\/\/docs.imanage.com\/wp-content\/uploads\/2021\/07\/Sep-2021-rel-Copy-as-new-version--1024x573.jpg\" \/>\n<meta name=\"twitter:card\" content=\"summary_large_image\" \/>\n<meta name=\"twitter:label1\" content=\"Est. reading time\" \/>\n\t<meta name=\"twitter:data1\" content=\"9 minutes\" \/>\n<script type=\"application\/ld+json\" class=\"yoast-schema-graph\">{\"@context\":\"https:\\\/\\\/schema.org\",\"@graph\":[{\"@type\":\"WebPage\",\"@id\":\"https:\\\/\\\/docs.imanage.com\\\/whats-new-in-imanage-work-2021-09.html\",\"url\":\"https:\\\/\\\/docs.imanage.com\\\/whats-new-in-imanage-work-2021-09.html\",\"name\":\"Neuheiten in iManage Work &#8211; Docs - iManage\",\"isPartOf\":{\"@id\":\"https:\\\/\\\/docs.imanage.com\\\/#website\"},\"primaryImageOfPage\":{\"@id\":\"https:\\\/\\\/docs.imanage.com\\\/whats-new-in-imanage-work-2021-09.html#primaryimage\"},\"image\":{\"@id\":\"https:\\\/\\\/docs.imanage.com\\\/whats-new-in-imanage-work-2021-09.html#primaryimage\"},\"thumbnailUrl\":\"https:\\\/\\\/docs.imanage.com\\\/wp-content\\\/uploads\\\/2021\\\/07\\\/Sep-2021-rel-Copy-as-new-version--1024x573.jpg\",\"datePublished\":\"2021-01-15T12:07:35+00:00\",\"dateModified\":\"2021-10-21T12:43:07+00:00\",\"breadcrumb\":{\"@id\":\"https:\\\/\\\/docs.imanage.com\\\/whats-new-in-imanage-work-2021-09.html#breadcrumb\"},\"inLanguage\":\"de-DE\",\"potentialAction\":[{\"@type\":\"ReadAction\",\"target\":[\"https:\\\/\\\/docs.imanage.com\\\/whats-new-in-imanage-work-2021-09.html\"]}]},{\"@type\":\"ImageObject\",\"inLanguage\":\"de-DE\",\"@id\":\"https:\\\/\\\/docs.imanage.com\\\/whats-new-in-imanage-work-2021-09.html#primaryimage\",\"url\":\"https:\\\/\\\/docs.imanage.com\\\/wp-content\\\/uploads\\\/2021\\\/07\\\/Sep-2021-rel-Copy-as-new-version--1024x573.jpg\",\"contentUrl\":\"https:\\\/\\\/docs.imanage.com\\\/wp-content\\\/uploads\\\/2021\\\/07\\\/Sep-2021-rel-Copy-as-new-version--1024x573.jpg\"},{\"@type\":\"BreadcrumbList\",\"@id\":\"https:\\\/\\\/docs.imanage.com\\\/whats-new-in-imanage-work-2021-09.html#breadcrumb\",\"itemListElement\":[{\"@type\":\"ListItem\",\"position\":1,\"name\":\"Home\",\"item\":\"https:\\\/\\\/docs.imanage.com\\\/\"},{\"@type\":\"ListItem\",\"position\":2,\"name\":\"What&#8217;s New in iManage Work\"}]},{\"@type\":\"WebSite\",\"@id\":\"https:\\\/\\\/docs.imanage.com\\\/#website\",\"url\":\"https:\\\/\\\/docs.imanage.com\\\/\",\"name\":\"Docs - iManage\",\"description\":\"\",\"potentialAction\":[{\"@type\":\"SearchAction\",\"target\":{\"@type\":\"EntryPoint\",\"urlTemplate\":\"https:\\\/\\\/docs.imanage.com\\\/?s={search_term_string}\"},\"query-input\":{\"@type\":\"PropertyValueSpecification\",\"valueRequired\":true,\"valueName\":\"search_term_string\"}}],\"inLanguage\":\"de-DE\"}]}<\/script>\n<!-- \/ Yoast SEO plugin. -->","yoast_head_json":{"title":"Neuheiten in iManage Work &#8211; Docs - iManage","robots":{"index":"index","follow":"follow","max-snippet":"max-snippet:-1","max-image-preview":"max-image-preview:large","max-video-preview":"max-video-preview:-1"},"canonical":"https:\/\/docs.imanage.com\/whats-new-in-imanage-work-2021-09.html","og_locale":"de_DE","og_type":"article","og_title":"Neuheiten in iManage Work &#8211; Docs - iManage","og_url":"https:\/\/docs.imanage.com\/whats-new-in-imanage-work-2021-09.html","og_site_name":"Docs - iManage","article_modified_time":"2021-10-21T12:43:07+00:00","og_image":[{"url":"https:\/\/docs.imanage.com\/wp-content\/uploads\/2021\/07\/Sep-2021-rel-Copy-as-new-version--1024x573.jpg","type":"","width":"","height":""}],"twitter_card":"summary_large_image","twitter_misc":{"Est. reading time":"9 minutes"},"schema":{"@context":"https:\/\/schema.org","@graph":[{"@type":"WebPage","@id":"https:\/\/docs.imanage.com\/whats-new-in-imanage-work-2021-09.html","url":"https:\/\/docs.imanage.com\/whats-new-in-imanage-work-2021-09.html","name":"Neuheiten in iManage Work &#8211; Docs - iManage","isPartOf":{"@id":"https:\/\/docs.imanage.com\/#website"},"primaryImageOfPage":{"@id":"https:\/\/docs.imanage.com\/whats-new-in-imanage-work-2021-09.html#primaryimage"},"image":{"@id":"https:\/\/docs.imanage.com\/whats-new-in-imanage-work-2021-09.html#primaryimage"},"thumbnailUrl":"https:\/\/docs.imanage.com\/wp-content\/uploads\/2021\/07\/Sep-2021-rel-Copy-as-new-version--1024x573.jpg","datePublished":"2021-01-15T12:07:35+00:00","dateModified":"2021-10-21T12:43:07+00:00","breadcrumb":{"@id":"https:\/\/docs.imanage.com\/whats-new-in-imanage-work-2021-09.html#breadcrumb"},"inLanguage":"de-DE","potentialAction":[{"@type":"ReadAction","target":["https:\/\/docs.imanage.com\/whats-new-in-imanage-work-2021-09.html"]}]},{"@type":"ImageObject","inLanguage":"de-DE","@id":"https:\/\/docs.imanage.com\/whats-new-in-imanage-work-2021-09.html#primaryimage","url":"https:\/\/docs.imanage.com\/wp-content\/uploads\/2021\/07\/Sep-2021-rel-Copy-as-new-version--1024x573.jpg","contentUrl":"https:\/\/docs.imanage.com\/wp-content\/uploads\/2021\/07\/Sep-2021-rel-Copy-as-new-version--1024x573.jpg"},{"@type":"BreadcrumbList","@id":"https:\/\/docs.imanage.com\/whats-new-in-imanage-work-2021-09.html#breadcrumb","itemListElement":[{"@type":"ListItem","position":1,"name":"Home","item":"https:\/\/docs.imanage.com\/"},{"@type":"ListItem","position":2,"name":"What&#8217;s New in iManage Work"}]},{"@type":"WebSite","@id":"https:\/\/docs.imanage.com\/#website","url":"https:\/\/docs.imanage.com\/","name":"Docs - iManage","description":"","potentialAction":[{"@type":"SearchAction","target":{"@type":"EntryPoint","urlTemplate":"https:\/\/docs.imanage.com\/?s={search_term_string}"},"query-input":{"@type":"PropertyValueSpecification","valueRequired":true,"valueName":"search_term_string"}}],"inLanguage":"de-DE"}]}},"_links":{"self":[{"href":"https:\/\/docs.imanage.com\/de\/wp-json\/wp\/v2\/pages\/581","targetHints":{"allow":["GET"]}}],"collection":[{"href":"https:\/\/docs.imanage.com\/de\/wp-json\/wp\/v2\/pages"}],"about":[{"href":"https:\/\/docs.imanage.com\/de\/wp-json\/wp\/v2\/types\/page"}],"author":[{"embeddable":true,"href":"https:\/\/docs.imanage.com\/de\/wp-json\/wp\/v2\/users\/4"}],"replies":[{"embeddable":true,"href":"https:\/\/docs.imanage.com\/de\/wp-json\/wp\/v2\/comments?post=581"}],"version-history":[{"count":0,"href":"https:\/\/docs.imanage.com\/de\/wp-json\/wp\/v2\/pages\/581\/revisions"}],"wp:attachment":[{"href":"https:\/\/docs.imanage.com\/de\/wp-json\/wp\/v2\/media?parent=581"}],"curies":[{"name":"wp","href":"https:\/\/api.w.org\/{rel}","templated":true}]}}