{"id":610,"date":"2021-03-26T08:22:04","date_gmt":"2021-03-26T08:22:04","guid":{"rendered":"https:\/\/docs.imanage.com\/?page_id=610"},"modified":"2022-10-17T08:20:40","modified_gmt":"2022-10-17T08:20:40","slug":"whats-new-in-imanage-wdw-2021","status":"publish","type":"page","link":"https:\/\/docs.imanage.com\/de\/work\/whats-new-in-imanage-wdw-2021.html","title":{"rendered":"Was ist neu in iManage Work Desktop for Windows"},"content":{"rendered":"<h4>Erstellt: 10.5.0.43 (Juni 2021)<\/h4>\n<h1>Verbesserungen der E-Mail-Verwaltung f\u00fcr Microsoft Outlook<\/h1>\n<h3>Verlieren Sie nie Ihren Platz, wenn Sie iManage Work Panel an- oder abkoppeln<\/h3>\n<p>Sie k\u00f6nnen jetzt Ihr iManage <strong>Work Panel<\/strong> andocken oder abdocken, ohne sich Sorgen zu machen, Ihren Platz zu verlieren. Nach diesem Update k\u00f6nnen Sie zu einem Ordner oder Dokument navigieren und dann iManage <strong>Work Panel<\/strong> an- und wieder abdocken, wobei Ihr Navigationspfad automatisch gespeichert wird.\u00a0Das spart Ihnen Zeit und macht Ihnen die Konzentration auf die Arbeit leichter.<\/p>\n<p><img loading=\"lazy\" decoding=\"async\" class=\"alignnone wp-image-625\" src=\"https:\/\/docs.imanage.com\/wp-content\/uploads\/2021\/05\/Undock-a-doc-1.gif\" alt=\"\" width=\"1000\" height=\"564\" \/><\/p>\n<h1>Verbesserungen bei der Arbeit mit Dokumenten<\/h1>\n<h3>\u00c4nderungen an den E-Mail-Benachrichtigungen f\u00fcr Co-Authoring<\/h3>\n<p>Wenn Sie in fr\u00fcheren Versionen eine E-Mail-Benachrichtigung zum Mitverfassen eines Dokuments gesendet haben, hatten die Empf\u00e4nger keine M\u00f6glichkeit zu erkennen, wer das Dokument bearbeiten und wer es nur ansehen konnte. Wenn Sie in der neuen Version von iManage Work nun eine E-Mail-Einladung senden, werden in der E-Mail deutlich die Namen der Empf\u00e4nger aufgef\u00fchrt und ob sie die Berechtigung zum Bearbeiten oder nur zum Anzeigen haben. Weitere Informationen zum Aktivieren dieser Funktion erhalten Sie von Ihrem Administrator.<\/p>\n<h4><img loading=\"lazy\" decoding=\"async\" class=\"alignnone wp-image-621\" src=\"https:\/\/docs.imanage.com\/wp-content\/uploads\/2021\/05\/Screenshot-2021-05-13-at-2.00.26-PM-1024x428.png\" alt=\"\" width=\"1000\" height=\"418\" srcset=\"https:\/\/docs.imanage.com\/wp-content\/uploads\/2021\/05\/Screenshot-2021-05-13-at-2.00.26-PM-1024x428.png 1024w, https:\/\/docs.imanage.com\/wp-content\/uploads\/2021\/05\/Screenshot-2021-05-13-at-2.00.26-PM-300x125.png 300w, https:\/\/docs.imanage.com\/wp-content\/uploads\/2021\/05\/Screenshot-2021-05-13-at-2.00.26-PM-768x321.png 768w, https:\/\/docs.imanage.com\/wp-content\/uploads\/2021\/05\/Screenshot-2021-05-13-at-2.00.26-PM-1536x642.png 1536w, https:\/\/docs.imanage.com\/wp-content\/uploads\/2021\/05\/Screenshot-2021-05-13-at-2.00.26-PM-2048x856.png 2048w\" sizes=\"auto, (max-width: 1000px) 100vw, 1000px\" \/><\/h4>\n<h3>Ein PDF als neues Dokument speichern leicht gemacht<\/h3>\n<p>Wenn Sie bisher ein neues Microsoft Office-Dokument in iManage Work 10 als PDF-Datei speichern wollten, war die Standardoption <strong>Neue Version<\/strong>. Wenn Sie also eine PDF-Datei als neues Dokument speichern wollten, mussten Sie die Option von <strong>Neue Version<\/strong>\u00a0auf\u00a0<strong>Neues Dokument<\/strong> \u00e4ndern.\u00a0 Jetzt k\u00f6nnen Sie die Option <strong>Neues Dokument<\/strong> als Standard festlegen, was Ihnen Zeit spart, da Sie diese Option nicht mehr jedes Mal ausw\u00e4hlen m\u00fcssen, wenn Sie eine PDF-Datei speichern.\u00a0 Weitere Informationen zum Aktivieren dieser Einstellung erhalten Sie von Ihrem Administrator.<\/p>\n<p><img loading=\"lazy\" decoding=\"async\" class=\"alignnone wp-image-622\" src=\"https:\/\/docs.imanage.com\/wp-content\/uploads\/2021\/05\/Screenshot-2021-05-13-at-1.19.19-PM-1024x850.png\" alt=\"\" width=\"720\" height=\"598\" srcset=\"https:\/\/docs.imanage.com\/wp-content\/uploads\/2021\/05\/Screenshot-2021-05-13-at-1.19.19-PM-1024x850.png 1024w, https:\/\/docs.imanage.com\/wp-content\/uploads\/2021\/05\/Screenshot-2021-05-13-at-1.19.19-PM-300x249.png 300w, https:\/\/docs.imanage.com\/wp-content\/uploads\/2021\/05\/Screenshot-2021-05-13-at-1.19.19-PM-768x638.png 768w, https:\/\/docs.imanage.com\/wp-content\/uploads\/2021\/05\/Screenshot-2021-05-13-at-1.19.19-PM-1536x1275.png 1536w, https:\/\/docs.imanage.com\/wp-content\/uploads\/2021\/05\/Screenshot-2021-05-13-at-1.19.19-PM.png 1650w\" sizes=\"auto, (max-width: 720px) 100vw, 720px\" \/><\/p>\n<h1>Was ist neu in iManage Drive<\/h1>\n<p><strong>Erstellt: 10.5.1 (Juli 2021)<\/strong><\/p>\n<h2>Zugriff auf die Ordner Meine Angelegenheiten\u00a0und Aktuelle Angelegenheiten von Ihrem zugeordneten Ordner aus<\/h2>\n<ul>\n<li>iManage Drive listet Ihre Ordner Meine Angelegenheiten und Aktuelle Angelegenheiten in Ihrem zugeordneten Ordner auf.<\/li>\n<li>Wenn Sie ein iManage FileShare-Benutzer sind, erfolgt die Migration zu iManage Drive nahtlos, ohne dass Sie Ihr Benutzerverhalten \u00e4ndern m\u00fcssen.<\/li>\n<\/ul>\n<p><img loading=\"lazy\" decoding=\"async\" class=\"alignnone wp-image-645 size-full\" src=\"https:\/\/docs.imanage.com\/wp-content\/uploads\/2021\/07\/Mac_Mymatters.gif\" alt=\"\" width=\"720\" height=\"417\" \/><\/p>\n<h2>Anzeige des Fortschritts der Arbeitsbereichssynchronisierung im iManage Drive Panel<\/h2>\n<p>Sie fragen sich, wann die Synchronisierung f\u00fcr die verschiedenen von Ihnen ausgew\u00e4hlten Arbeitsbereiche abgeschlossen ist? Das iManage Drive Panel zeigt st\u00e4ndig Aktualisierungen des Synchronisierungsfortschritts an, insbesondere bei einer gro\u00dfen Anzahl von Ordnern und Dokumenten, bei denen es einige Zeit dauern kann, bis sie synchronisiert sind.<\/p>\n<p>Alle Arbeitsbereiche, die Sie f\u00fcr die Synchronisierung ausgew\u00e4hlt haben, werden in der Warteschlange aufgelistet und in der aufgef\u00fchrten Reihenfolge synchronisiert.<\/p>\n<p><img loading=\"lazy\" decoding=\"async\" class=\"alignnone size-full wp-image-647\" src=\"https:\/\/docs.imanage.com\/wp-content\/uploads\/2021\/07\/Mac_Mattersync.gif\" alt=\"\" width=\"720\" height=\"433\" \/><\/p>\n<p>&nbsp;<\/p>\n<h2>Hochladen neuer Dateiversionen mit der Rechtsklick-Option<\/h2>\n<p>Klicken Sie mit der rechten Maustaste auf eine Datei in Ihrem zugeordneten Ordner und verwenden Sie die Option <strong>Neue Version hochladen<\/strong>, um eine beliebige Datei aus Ihrem lokalen Ordner oder Desktop auszuw\u00e4hlen und eine neue Version zu erstellen. Die neue Datei kann das gleiche Format wie die aktuelle Version haben oder in einem anderen Format vorliegen. Ein Beispiel: Sie arbeiten am Jahresabschluss Ihres Unternehmens, der im Microsoft Word-Format vorliegt, und laden dann die fertige Version als PDF-Datei \u00fcber Ihren zugeordneten Ordner hoch.<\/p>\n<p>Wenn iManage Drive synchronisiert, wird diese Datei in iManage Work hochgeladen und ersetzt die vorherige Version im zugeordneten Ordner.<\/p>\n<p><strong>HINWEIS:<\/strong> Diese Option ist nicht verf\u00fcgbar f\u00fcr Dateien, die als Datensatz deklariert sind, oder f\u00fcr ausgecheckte Dateien, und wird nicht f\u00fcr E-Mails unterst\u00fctzt.<\/p>\n<p><img loading=\"lazy\" decoding=\"async\" class=\"alignnone size-full wp-image-648\" src=\"https:\/\/docs.imanage.com\/wp-content\/uploads\/2021\/07\/Mac_Upload.gif\" alt=\"\" width=\"720\" height=\"417\" \/><\/p>\n<p><strong>Vorherige Version: <\/strong><a href=\"https:\/\/docs.imanage.com\/de\/work\/whats-new-in-imanage-wdw-02-2021.html\">iManage Desktop for Windows &#8211; 10.4.0 und iManage Drive &#8211; 10.4.1<\/a><\/p>\n","protected":false},"excerpt":{"rendered":"<p>Erstellt: 10.5.0.43 (Juni 2021) Verbesserungen der E-Mail-Verwaltung f\u00fcr Microsoft Outlook Verlieren Sie nie Ihren Platz, wenn Sie iManage Work Panel an- oder abkoppeln Sie k\u00f6nnen jetzt Ihr iManage Work Panel andocken oder abdocken, ohne sich Sorgen zu machen, Ihren Platz zu verlieren. Nach diesem Update k\u00f6nnen Sie zu einem Ordner oder Dokument navigieren und dann [&hellip;]<\/p>\n","protected":false},"author":4,"featured_media":0,"parent":146,"menu_order":0,"comment_status":"closed","ping_status":"closed","template":"","meta":{"_acf_changed":false,"footnotes":""},"class_list":["post-610","page","type-page","status-publish","hentry"],"translation":{"provider":"WPGlobus","version":"3.0.2","language":"de","enabled_languages":["en","de","fr","qc","jp","br","es","zh"],"languages":{"en":{"title":true,"content":true,"excerpt":false},"de":{"title":true,"content":true,"excerpt":false},"fr":{"title":true,"content":true,"excerpt":false},"qc":{"title":false,"content":false,"excerpt":false},"jp":{"title":true,"content":true,"excerpt":false},"br":{"title":true,"content":true,"excerpt":false},"es":{"title":true,"content":true,"excerpt":false},"zh":{"title":true,"content":true,"excerpt":false}}},"acf":[],"yoast_head":"<!-- This site is optimized with the Yoast SEO plugin v27.3 - https:\/\/yoast.com\/product\/yoast-seo-wordpress\/ -->\n<title>Was ist neu in iManage Work Desktop for Windows &#8211; Docs - iManage<\/title>\n<meta name=\"robots\" content=\"index, follow, max-snippet:-1, max-image-preview:large, max-video-preview:-1\" \/>\n<link rel=\"canonical\" href=\"https:\/\/docs.imanage.com\/work\/whats-new-in-imanage-wdw-2021.html\" \/>\n<meta property=\"og:locale\" content=\"de_DE\" \/>\n<meta property=\"og:type\" content=\"article\" \/>\n<meta property=\"og:title\" content=\"Was ist neu in iManage Work Desktop for Windows &#8211; Docs - iManage\" \/>\n<meta property=\"og:url\" content=\"https:\/\/docs.imanage.com\/work\/whats-new-in-imanage-wdw-2021.html\" \/>\n<meta property=\"og:site_name\" content=\"Docs - iManage\" \/>\n<meta property=\"article:modified_time\" content=\"2022-10-17T08:20:40+00:00\" \/>\n<meta property=\"og:image\" content=\"https:\/\/docs.imanage.com\/wp-content\/uploads\/2021\/05\/Undock-a-doc-1.gif\" \/>\n<meta name=\"twitter:card\" content=\"summary_large_image\" \/>\n<meta name=\"twitter:label1\" content=\"Est. reading time\" \/>\n\t<meta name=\"twitter:data1\" content=\"4 minutes\" \/>\n<script type=\"application\/ld+json\" class=\"yoast-schema-graph\">{\"@context\":\"https:\\\/\\\/schema.org\",\"@graph\":[{\"@type\":\"WebPage\",\"@id\":\"https:\\\/\\\/docs.imanage.com\\\/work\\\/whats-new-in-imanage-wdw-2021.html\",\"url\":\"https:\\\/\\\/docs.imanage.com\\\/work\\\/whats-new-in-imanage-wdw-2021.html\",\"name\":\"Was ist neu in iManage Work Desktop for Windows &#8211; Docs - iManage\",\"isPartOf\":{\"@id\":\"https:\\\/\\\/docs.imanage.com\\\/#website\"},\"primaryImageOfPage\":{\"@id\":\"https:\\\/\\\/docs.imanage.com\\\/work\\\/whats-new-in-imanage-wdw-2021.html#primaryimage\"},\"image\":{\"@id\":\"https:\\\/\\\/docs.imanage.com\\\/work\\\/whats-new-in-imanage-wdw-2021.html#primaryimage\"},\"thumbnailUrl\":\"https:\\\/\\\/docs.imanage.com\\\/wp-content\\\/uploads\\\/2021\\\/05\\\/Undock-a-doc-1.gif\",\"datePublished\":\"2021-03-26T08:22:04+00:00\",\"dateModified\":\"2022-10-17T08:20:40+00:00\",\"breadcrumb\":{\"@id\":\"https:\\\/\\\/docs.imanage.com\\\/work\\\/whats-new-in-imanage-wdw-2021.html#breadcrumb\"},\"inLanguage\":\"de-DE\",\"potentialAction\":[{\"@type\":\"ReadAction\",\"target\":[\"https:\\\/\\\/docs.imanage.com\\\/work\\\/whats-new-in-imanage-wdw-2021.html\"]}]},{\"@type\":\"ImageObject\",\"inLanguage\":\"de-DE\",\"@id\":\"https:\\\/\\\/docs.imanage.com\\\/work\\\/whats-new-in-imanage-wdw-2021.html#primaryimage\",\"url\":\"https:\\\/\\\/docs.imanage.com\\\/wp-content\\\/uploads\\\/2021\\\/05\\\/Undock-a-doc-1.gif\",\"contentUrl\":\"https:\\\/\\\/docs.imanage.com\\\/wp-content\\\/uploads\\\/2021\\\/05\\\/Undock-a-doc-1.gif\"},{\"@type\":\"BreadcrumbList\",\"@id\":\"https:\\\/\\\/docs.imanage.com\\\/work\\\/whats-new-in-imanage-wdw-2021.html#breadcrumb\",\"itemListElement\":[{\"@type\":\"ListItem\",\"position\":1,\"name\":\"Home\",\"item\":\"https:\\\/\\\/docs.imanage.com\\\/\"},{\"@type\":\"ListItem\",\"position\":2,\"name\":\"Work\",\"item\":\"https:\\\/\\\/docs.imanage.com\\\/work.html\"},{\"@type\":\"ListItem\",\"position\":3,\"name\":\"What&#8217;s new in iManage Work Desktop for Windows\"}]},{\"@type\":\"WebSite\",\"@id\":\"https:\\\/\\\/docs.imanage.com\\\/#website\",\"url\":\"https:\\\/\\\/docs.imanage.com\\\/\",\"name\":\"Docs - iManage\",\"description\":\"\",\"potentialAction\":[{\"@type\":\"SearchAction\",\"target\":{\"@type\":\"EntryPoint\",\"urlTemplate\":\"https:\\\/\\\/docs.imanage.com\\\/?s={search_term_string}\"},\"query-input\":{\"@type\":\"PropertyValueSpecification\",\"valueRequired\":true,\"valueName\":\"search_term_string\"}}],\"inLanguage\":\"de-DE\"}]}<\/script>\n<!-- \/ Yoast SEO plugin. -->","yoast_head_json":{"title":"Was ist neu in iManage Work Desktop for Windows &#8211; Docs - iManage","robots":{"index":"index","follow":"follow","max-snippet":"max-snippet:-1","max-image-preview":"max-image-preview:large","max-video-preview":"max-video-preview:-1"},"canonical":"https:\/\/docs.imanage.com\/work\/whats-new-in-imanage-wdw-2021.html","og_locale":"de_DE","og_type":"article","og_title":"Was ist neu in iManage Work Desktop for Windows &#8211; Docs - iManage","og_url":"https:\/\/docs.imanage.com\/work\/whats-new-in-imanage-wdw-2021.html","og_site_name":"Docs - iManage","article_modified_time":"2022-10-17T08:20:40+00:00","og_image":[{"url":"https:\/\/docs.imanage.com\/wp-content\/uploads\/2021\/05\/Undock-a-doc-1.gif","type":"","width":"","height":""}],"twitter_card":"summary_large_image","twitter_misc":{"Est. reading time":"4 minutes"},"schema":{"@context":"https:\/\/schema.org","@graph":[{"@type":"WebPage","@id":"https:\/\/docs.imanage.com\/work\/whats-new-in-imanage-wdw-2021.html","url":"https:\/\/docs.imanage.com\/work\/whats-new-in-imanage-wdw-2021.html","name":"Was ist neu in iManage Work Desktop for Windows &#8211; Docs - iManage","isPartOf":{"@id":"https:\/\/docs.imanage.com\/#website"},"primaryImageOfPage":{"@id":"https:\/\/docs.imanage.com\/work\/whats-new-in-imanage-wdw-2021.html#primaryimage"},"image":{"@id":"https:\/\/docs.imanage.com\/work\/whats-new-in-imanage-wdw-2021.html#primaryimage"},"thumbnailUrl":"https:\/\/docs.imanage.com\/wp-content\/uploads\/2021\/05\/Undock-a-doc-1.gif","datePublished":"2021-03-26T08:22:04+00:00","dateModified":"2022-10-17T08:20:40+00:00","breadcrumb":{"@id":"https:\/\/docs.imanage.com\/work\/whats-new-in-imanage-wdw-2021.html#breadcrumb"},"inLanguage":"de-DE","potentialAction":[{"@type":"ReadAction","target":["https:\/\/docs.imanage.com\/work\/whats-new-in-imanage-wdw-2021.html"]}]},{"@type":"ImageObject","inLanguage":"de-DE","@id":"https:\/\/docs.imanage.com\/work\/whats-new-in-imanage-wdw-2021.html#primaryimage","url":"https:\/\/docs.imanage.com\/wp-content\/uploads\/2021\/05\/Undock-a-doc-1.gif","contentUrl":"https:\/\/docs.imanage.com\/wp-content\/uploads\/2021\/05\/Undock-a-doc-1.gif"},{"@type":"BreadcrumbList","@id":"https:\/\/docs.imanage.com\/work\/whats-new-in-imanage-wdw-2021.html#breadcrumb","itemListElement":[{"@type":"ListItem","position":1,"name":"Home","item":"https:\/\/docs.imanage.com\/"},{"@type":"ListItem","position":2,"name":"Work","item":"https:\/\/docs.imanage.com\/work.html"},{"@type":"ListItem","position":3,"name":"What&#8217;s new in iManage Work Desktop for Windows"}]},{"@type":"WebSite","@id":"https:\/\/docs.imanage.com\/#website","url":"https:\/\/docs.imanage.com\/","name":"Docs - iManage","description":"","potentialAction":[{"@type":"SearchAction","target":{"@type":"EntryPoint","urlTemplate":"https:\/\/docs.imanage.com\/?s={search_term_string}"},"query-input":{"@type":"PropertyValueSpecification","valueRequired":true,"valueName":"search_term_string"}}],"inLanguage":"de-DE"}]}},"_links":{"self":[{"href":"https:\/\/docs.imanage.com\/de\/wp-json\/wp\/v2\/pages\/610","targetHints":{"allow":["GET"]}}],"collection":[{"href":"https:\/\/docs.imanage.com\/de\/wp-json\/wp\/v2\/pages"}],"about":[{"href":"https:\/\/docs.imanage.com\/de\/wp-json\/wp\/v2\/types\/page"}],"author":[{"embeddable":true,"href":"https:\/\/docs.imanage.com\/de\/wp-json\/wp\/v2\/users\/4"}],"replies":[{"embeddable":true,"href":"https:\/\/docs.imanage.com\/de\/wp-json\/wp\/v2\/comments?post=610"}],"version-history":[{"count":0,"href":"https:\/\/docs.imanage.com\/de\/wp-json\/wp\/v2\/pages\/610\/revisions"}],"up":[{"embeddable":true,"href":"https:\/\/docs.imanage.com\/de\/wp-json\/wp\/v2\/pages\/146"}],"wp:attachment":[{"href":"https:\/\/docs.imanage.com\/de\/wp-json\/wp\/v2\/media?parent=610"}],"curies":[{"name":"wp","href":"https:\/\/api.w.org\/{rel}","templated":true}]}}