{"id":643,"date":"2021-07-14T08:28:36","date_gmt":"2021-07-14T08:28:36","guid":{"rendered":"https:\/\/docs.imanage.com\/?page_id=643"},"modified":"2021-07-28T09:42:28","modified_gmt":"2021-07-28T09:42:28","slug":"whats-new-in-imanage-drive-mac-2021-07","status":"publish","type":"page","link":"https:\/\/docs.imanage.com\/de\/whats-new-in-imanage-drive-mac-2021-07.html","title":{"rendered":"Was ist neu in iManage Drive"},"content":{"rendered":"<p><strong>Erstellt: 10.5.1 (Juli 2021)<\/strong><\/p>\n<h1><strong>Zugriff auf die Ordner Meine Angelegenheiten\u00a0und Aktuelle Angelegenheiten von Ihrem zugeordneten Ordner aus<\/strong><\/h1>\n<ul>\n<li>iManage Drive listet Ihre Ordner Meine Angelegenheiten und Aktuelle Angelegenheiten in Ihrem zugeordneten Ordner auf.<\/li>\n<li>Wenn Sie ein iManage FileShare-Benutzer sind, erfolgt die Migration zu iManage Drive nahtlos, ohne dass Sie Ihr Benutzerverhalten \u00e4ndern m\u00fcssen.<\/li>\n<\/ul>\n<p><img loading=\"lazy\" decoding=\"async\" class=\"alignnone wp-image-645 size-full\" src=\"https:\/\/docs.imanage.com\/wp-content\/uploads\/2021\/07\/Mac_Mymatters.gif\" alt=\"\" width=\"720\" height=\"417\" \/><\/p>\n<h1><strong>Anzeige des Fortschritts der Arbeitsbereichssynchronisierung im iManage Drive Panel<\/strong><\/h1>\n<p>Sie fragen sich, wann die Synchronisierung f\u00fcr die verschiedenen von Ihnen ausgew\u00e4hlten Arbeitsbereiche abgeschlossen ist? Das iManage Drive Panel zeigt st\u00e4ndig Aktualisierungen des Synchronisierungsfortschritts an, insbesondere bei einer gro\u00dfen Anzahl von Ordnern und Dokumenten, bei denen es einige Zeit dauern kann, bis sie synchronisiert sind.<\/p>\n<p>Alle Arbeitsbereiche, die Sie f\u00fcr die Synchronisierung ausgew\u00e4hlt haben, werden in der Warteschlange aufgelistet und in der aufgef\u00fchrten Reihenfolge synchronisiert.<\/p>\n<p><img loading=\"lazy\" decoding=\"async\" class=\"alignnone size-full wp-image-647\" src=\"https:\/\/docs.imanage.com\/wp-content\/uploads\/2021\/07\/Mac_Mattersync.gif\" alt=\"\" width=\"720\" height=\"433\" \/><\/p>\n<p>&nbsp;<\/p>\n<h1><strong>Hochladen neuer Dateiversionen mit der Rechtsklick-Option<\/strong><\/h1>\n<p>Klicken Sie mit der rechten Maustaste auf eine Datei in Ihrem zugeordneten Ordner und verwenden Sie die Option <strong>Neue Version hochladen<\/strong>, um eine beliebige Datei aus Ihrem lokalen Ordner oder Desktop auszuw\u00e4hlen und eine neue Version zu erstellen. Die neue Datei kann das gleiche Format wie die aktuelle Version haben oder in einem anderen Format vorliegen. Ein Beispiel: Sie arbeiten am Jahresabschluss Ihres Unternehmens, der im Microsoft Word-Format vorliegt, und laden dann die fertige Version als PDF-Datei \u00fcber Ihren zugeordneten Ordner hoch.<\/p>\n<p>Wenn iManage Drive synchronisiert, wird diese Datei in iManage Work hochgeladen und ersetzt die vorherige Version im zugeordneten Ordner.<\/p>\n<p><strong>HINWEIS:<\/strong> Diese Option ist nicht verf\u00fcgbar f\u00fcr Dateien, die als Datensatz deklariert sind, oder f\u00fcr ausgecheckte Dateien, und wird nicht f\u00fcr E-Mails unterst\u00fctzt.<\/p>\n<p><img loading=\"lazy\" decoding=\"async\" class=\"alignnone size-full wp-image-648\" src=\"https:\/\/docs.imanage.com\/wp-content\/uploads\/2021\/07\/Mac_Upload.gif\" alt=\"\" width=\"720\" height=\"417\" \/><\/p>\n","protected":false},"excerpt":{"rendered":"<p>Erstellt: 10.5.1 (Juli 2021) Zugriff auf die Ordner Meine Angelegenheiten\u00a0und Aktuelle Angelegenheiten von Ihrem zugeordneten Ordner aus iManage Drive listet Ihre Ordner Meine Angelegenheiten und Aktuelle Angelegenheiten in Ihrem zugeordneten Ordner auf. Wenn Sie ein iManage FileShare-Benutzer sind, erfolgt die Migration zu iManage Drive nahtlos, ohne dass Sie Ihr Benutzerverhalten \u00e4ndern m\u00fcssen. Anzeige des Fortschritts [&hellip;]<\/p>\n","protected":false},"author":4,"featured_media":0,"parent":0,"menu_order":0,"comment_status":"closed","ping_status":"closed","template":"","meta":{"_acf_changed":false,"footnotes":""},"class_list":["post-643","page","type-page","status-publish","hentry"],"translation":{"provider":"WPGlobus","version":"3.0.2","language":"de","enabled_languages":["en","de","fr","qc","jp","br","es","zh"],"languages":{"en":{"title":true,"content":true,"excerpt":false},"de":{"title":true,"content":true,"excerpt":false},"fr":{"title":true,"content":true,"excerpt":false},"qc":{"title":false,"content":false,"excerpt":false},"jp":{"title":true,"content":true,"excerpt":false},"br":{"title":true,"content":true,"excerpt":false},"es":{"title":true,"content":true,"excerpt":false},"zh":{"title":true,"content":true,"excerpt":false}}},"acf":[],"yoast_head":"<!-- This site is optimized with the Yoast SEO plugin v27.3 - https:\/\/yoast.com\/product\/yoast-seo-wordpress\/ -->\n<title>Was ist neu in iManage Drive &#8211; Docs - iManage<\/title>\n<meta name=\"robots\" content=\"index, follow, max-snippet:-1, max-image-preview:large, max-video-preview:-1\" \/>\n<link rel=\"canonical\" href=\"https:\/\/docs.imanage.com\/whats-new-in-imanage-drive-mac-2021-07.html\" \/>\n<meta property=\"og:locale\" content=\"de_DE\" \/>\n<meta property=\"og:type\" content=\"article\" \/>\n<meta property=\"og:title\" content=\"Was ist neu in iManage Drive &#8211; Docs - iManage\" \/>\n<meta property=\"og:url\" content=\"https:\/\/docs.imanage.com\/whats-new-in-imanage-drive-mac-2021-07.html\" \/>\n<meta property=\"og:site_name\" content=\"Docs - iManage\" \/>\n<meta property=\"article:modified_time\" content=\"2021-07-28T09:42:28+00:00\" \/>\n<meta property=\"og:image\" content=\"https:\/\/docs.imanage.com\/wp-content\/uploads\/2021\/07\/Mac_Mymatters.gif\" \/>\n<meta name=\"twitter:card\" content=\"summary_large_image\" \/>\n<meta name=\"twitter:label1\" content=\"Est. reading time\" \/>\n\t<meta name=\"twitter:data1\" content=\"7 minutes\" \/>\n<script type=\"application\/ld+json\" class=\"yoast-schema-graph\">{\"@context\":\"https:\\\/\\\/schema.org\",\"@graph\":[{\"@type\":\"WebPage\",\"@id\":\"https:\\\/\\\/docs.imanage.com\\\/whats-new-in-imanage-drive-mac-2021-07.html\",\"url\":\"https:\\\/\\\/docs.imanage.com\\\/whats-new-in-imanage-drive-mac-2021-07.html\",\"name\":\"Was ist neu in iManage Drive &#8211; Docs - iManage\",\"isPartOf\":{\"@id\":\"https:\\\/\\\/docs.imanage.com\\\/#website\"},\"primaryImageOfPage\":{\"@id\":\"https:\\\/\\\/docs.imanage.com\\\/whats-new-in-imanage-drive-mac-2021-07.html#primaryimage\"},\"image\":{\"@id\":\"https:\\\/\\\/docs.imanage.com\\\/whats-new-in-imanage-drive-mac-2021-07.html#primaryimage\"},\"thumbnailUrl\":\"https:\\\/\\\/docs.imanage.com\\\/wp-content\\\/uploads\\\/2021\\\/07\\\/Mac_Mymatters.gif\",\"datePublished\":\"2021-07-14T08:28:36+00:00\",\"dateModified\":\"2021-07-28T09:42:28+00:00\",\"breadcrumb\":{\"@id\":\"https:\\\/\\\/docs.imanage.com\\\/whats-new-in-imanage-drive-mac-2021-07.html#breadcrumb\"},\"inLanguage\":\"de-DE\",\"potentialAction\":[{\"@type\":\"ReadAction\",\"target\":[\"https:\\\/\\\/docs.imanage.com\\\/whats-new-in-imanage-drive-mac-2021-07.html\"]}]},{\"@type\":\"ImageObject\",\"inLanguage\":\"de-DE\",\"@id\":\"https:\\\/\\\/docs.imanage.com\\\/whats-new-in-imanage-drive-mac-2021-07.html#primaryimage\",\"url\":\"https:\\\/\\\/docs.imanage.com\\\/wp-content\\\/uploads\\\/2021\\\/07\\\/Mac_Mymatters.gif\",\"contentUrl\":\"https:\\\/\\\/docs.imanage.com\\\/wp-content\\\/uploads\\\/2021\\\/07\\\/Mac_Mymatters.gif\"},{\"@type\":\"BreadcrumbList\",\"@id\":\"https:\\\/\\\/docs.imanage.com\\\/whats-new-in-imanage-drive-mac-2021-07.html#breadcrumb\",\"itemListElement\":[{\"@type\":\"ListItem\",\"position\":1,\"name\":\"Home\",\"item\":\"https:\\\/\\\/docs.imanage.com\\\/\"},{\"@type\":\"ListItem\",\"position\":2,\"name\":\"What\u2019s new in iManage Drive\"}]},{\"@type\":\"WebSite\",\"@id\":\"https:\\\/\\\/docs.imanage.com\\\/#website\",\"url\":\"https:\\\/\\\/docs.imanage.com\\\/\",\"name\":\"Docs - iManage\",\"description\":\"\",\"potentialAction\":[{\"@type\":\"SearchAction\",\"target\":{\"@type\":\"EntryPoint\",\"urlTemplate\":\"https:\\\/\\\/docs.imanage.com\\\/?s={search_term_string}\"},\"query-input\":{\"@type\":\"PropertyValueSpecification\",\"valueRequired\":true,\"valueName\":\"search_term_string\"}}],\"inLanguage\":\"de-DE\"}]}<\/script>\n<!-- \/ Yoast SEO plugin. -->","yoast_head_json":{"title":"Was ist neu in iManage Drive &#8211; Docs - iManage","robots":{"index":"index","follow":"follow","max-snippet":"max-snippet:-1","max-image-preview":"max-image-preview:large","max-video-preview":"max-video-preview:-1"},"canonical":"https:\/\/docs.imanage.com\/whats-new-in-imanage-drive-mac-2021-07.html","og_locale":"de_DE","og_type":"article","og_title":"Was ist neu in iManage Drive &#8211; Docs - iManage","og_url":"https:\/\/docs.imanage.com\/whats-new-in-imanage-drive-mac-2021-07.html","og_site_name":"Docs - iManage","article_modified_time":"2021-07-28T09:42:28+00:00","og_image":[{"url":"https:\/\/docs.imanage.com\/wp-content\/uploads\/2021\/07\/Mac_Mymatters.gif","type":"","width":"","height":""}],"twitter_card":"summary_large_image","twitter_misc":{"Est. reading time":"7 minutes"},"schema":{"@context":"https:\/\/schema.org","@graph":[{"@type":"WebPage","@id":"https:\/\/docs.imanage.com\/whats-new-in-imanage-drive-mac-2021-07.html","url":"https:\/\/docs.imanage.com\/whats-new-in-imanage-drive-mac-2021-07.html","name":"Was ist neu in iManage Drive &#8211; Docs - iManage","isPartOf":{"@id":"https:\/\/docs.imanage.com\/#website"},"primaryImageOfPage":{"@id":"https:\/\/docs.imanage.com\/whats-new-in-imanage-drive-mac-2021-07.html#primaryimage"},"image":{"@id":"https:\/\/docs.imanage.com\/whats-new-in-imanage-drive-mac-2021-07.html#primaryimage"},"thumbnailUrl":"https:\/\/docs.imanage.com\/wp-content\/uploads\/2021\/07\/Mac_Mymatters.gif","datePublished":"2021-07-14T08:28:36+00:00","dateModified":"2021-07-28T09:42:28+00:00","breadcrumb":{"@id":"https:\/\/docs.imanage.com\/whats-new-in-imanage-drive-mac-2021-07.html#breadcrumb"},"inLanguage":"de-DE","potentialAction":[{"@type":"ReadAction","target":["https:\/\/docs.imanage.com\/whats-new-in-imanage-drive-mac-2021-07.html"]}]},{"@type":"ImageObject","inLanguage":"de-DE","@id":"https:\/\/docs.imanage.com\/whats-new-in-imanage-drive-mac-2021-07.html#primaryimage","url":"https:\/\/docs.imanage.com\/wp-content\/uploads\/2021\/07\/Mac_Mymatters.gif","contentUrl":"https:\/\/docs.imanage.com\/wp-content\/uploads\/2021\/07\/Mac_Mymatters.gif"},{"@type":"BreadcrumbList","@id":"https:\/\/docs.imanage.com\/whats-new-in-imanage-drive-mac-2021-07.html#breadcrumb","itemListElement":[{"@type":"ListItem","position":1,"name":"Home","item":"https:\/\/docs.imanage.com\/"},{"@type":"ListItem","position":2,"name":"What\u2019s new in iManage Drive"}]},{"@type":"WebSite","@id":"https:\/\/docs.imanage.com\/#website","url":"https:\/\/docs.imanage.com\/","name":"Docs - iManage","description":"","potentialAction":[{"@type":"SearchAction","target":{"@type":"EntryPoint","urlTemplate":"https:\/\/docs.imanage.com\/?s={search_term_string}"},"query-input":{"@type":"PropertyValueSpecification","valueRequired":true,"valueName":"search_term_string"}}],"inLanguage":"de-DE"}]}},"_links":{"self":[{"href":"https:\/\/docs.imanage.com\/de\/wp-json\/wp\/v2\/pages\/643","targetHints":{"allow":["GET"]}}],"collection":[{"href":"https:\/\/docs.imanage.com\/de\/wp-json\/wp\/v2\/pages"}],"about":[{"href":"https:\/\/docs.imanage.com\/de\/wp-json\/wp\/v2\/types\/page"}],"author":[{"embeddable":true,"href":"https:\/\/docs.imanage.com\/de\/wp-json\/wp\/v2\/users\/4"}],"replies":[{"embeddable":true,"href":"https:\/\/docs.imanage.com\/de\/wp-json\/wp\/v2\/comments?post=643"}],"version-history":[{"count":0,"href":"https:\/\/docs.imanage.com\/de\/wp-json\/wp\/v2\/pages\/643\/revisions"}],"wp:attachment":[{"href":"https:\/\/docs.imanage.com\/de\/wp-json\/wp\/v2\/media?parent=643"}],"curies":[{"name":"wp","href":"https:\/\/api.w.org\/{rel}","templated":true}]}}