{"id":644,"date":"2021-07-17T13:44:48","date_gmt":"2021-07-17T13:44:48","guid":{"rendered":"https:\/\/docs.imanage.com\/?page_id=644"},"modified":"2022-02-22T12:06:01","modified_gmt":"2022-02-22T12:06:01","slug":"whats-new-in-imanage-wdw-2021-10","status":"publish","type":"page","link":"https:\/\/docs.imanage.com\/de\/work\/whats-new-in-imanage-wdw-2021-10.html","title":{"rendered":"Was ist neu in iManage Work Desktop for Windows"},"content":{"rendered":"<p><strong>Erstellt: 10.6.0.64\u00a0 (Oktober 2021)<\/strong><\/p>\n<h2>Verbesserungen bei der Arbeit mit Dokumenten<\/h2>\n<h3>Erstellen Sie personalisierte Briefe mit Mail Merge<\/h3>\n<p>Erstellen Sie beispielsweise einen Stapel von Dokumenten \u2013 einen Brief oder eine Rechnung, die f\u00fcr jeden Ihrer Kunden personalisiert sind? Sie k\u00f6nnen jetzt einen Serienbrief starten, indem Sie Dokumente direkt aus iManage Work ausw\u00e4hlen, anstatt die Dateien auf Ihren lokalen Computer herunterzuladen.<\/p>\n<p><img loading=\"lazy\" decoding=\"async\" class=\"alignnone wp-image-707\" src=\"https:\/\/docs.imanage.com\/wp-content\/uploads\/2021\/09\/mail_merge_01-1024x151.png\" alt=\"\" width=\"900\" height=\"132\" srcset=\"https:\/\/docs.imanage.com\/wp-content\/uploads\/2021\/09\/mail_merge_01-1024x151.png 1024w, https:\/\/docs.imanage.com\/wp-content\/uploads\/2021\/09\/mail_merge_01-300x44.png 300w, https:\/\/docs.imanage.com\/wp-content\/uploads\/2021\/09\/mail_merge_01-768x113.png 768w, https:\/\/docs.imanage.com\/wp-content\/uploads\/2021\/09\/mail_merge_01-1536x226.png 1536w, https:\/\/docs.imanage.com\/wp-content\/uploads\/2021\/09\/mail_merge_01.png 1986w\" sizes=\"auto, (max-width: 900px) 100vw, 900px\" \/><\/p>\n<p><img loading=\"lazy\" decoding=\"async\" class=\"wp-image-706 aligncenter\" src=\"https:\/\/docs.imanage.com\/wp-content\/uploads\/2021\/09\/maril_merge-1.png\" alt=\"\" width=\"700\" height=\"527\" srcset=\"https:\/\/docs.imanage.com\/wp-content\/uploads\/2021\/09\/maril_merge-1.png 972w, https:\/\/docs.imanage.com\/wp-content\/uploads\/2021\/09\/maril_merge-1-300x226.png 300w, https:\/\/docs.imanage.com\/wp-content\/uploads\/2021\/09\/maril_merge-1-768x578.png 768w\" sizes=\"auto, (max-width: 700px) 100vw, 700px\" \/><\/p>\n<h3>Text aus einer PDF-Datei in Microsoft Word einf\u00fcgen<\/h3>\n<p>Jetzt k\u00f6nnen Sie Text aus einer PDF-Datei, die in iManage Work verf\u00fcgbar ist, direkt in Microsoft Word einf\u00fcgen. Sie m\u00fcssen das PDF-Dokument nicht mehr herunterladen und in eine Textdatei konvertieren, bevor Sie den Inhalt in ein Microsoft Word-Dokument einf\u00fcgen.<\/p>\n<p><img loading=\"lazy\" decoding=\"async\" class=\"alignnone wp-image-710\" src=\"https:\/\/docs.imanage.com\/wp-content\/uploads\/2021\/09\/InsertZoom-2.gif\" alt=\"\" width=\"900\" height=\"441\" \/><\/p>\n<h3>Die Arbeit mit den Versionen Adobe Acrobat Standard und Professional wird einfacher<\/h3>\n<p>Wenn Sie in Ihrem Unternehmen die Versionen Adobe Acrobat Standard DC und Adobe Acrobat Pro DC verwenden, k\u00f6nnen Sie jetzt ein Dokument direkt aus iManage Work f\u00fcr die folgenden Vorg\u00e4nge \u00f6ffnen:<\/p>\n<ul>\n<li>Erstellen Sie eine oder mehrere PDF-Dateien aus einer beliebigen, in iManage Work gespeicherten, Datei und speichern Sie diese wieder in iManage Work.<\/li>\n<li>Erstellen Sie ein PDF-Portfolio aus, in iManage Work gespeicherten Dateien, und speichern Sie dieses erneut in iManage Work.<\/li>\n<li>Vergleichen Sie zwei, in iManage Work gespeicherte, PDF-Dateien.<\/li>\n<li>Kombinieren Sie zwei oder mehr PDF-Dateien, die in iManage Work gespeichert sind.<\/li>\n<li>F\u00fcgen Sie Bates-Nummern zu den, in iManage Work gespeicherten PDF-Dateien, hinzu.<\/li>\n<\/ul>\n<p>M\u00fcssen Sie Dateien von Ihrem lokalen Computer \u00f6ffnen? Verwenden Sie die Option <strong>Lokale Datei \u00f6ffnen <\/strong>im Dialogfeld iManage <strong>\u00d6ffnen<\/strong>, um jede, auf Ihrem Computer verf\u00fcgbare Datei, zu \u00f6ffnen.<\/p>\n<p><strong>HINWEIS:<\/strong> Diese Funktionen werden bei der Verwendung von Adobe Acrobat Reader nicht unterst\u00fctzt.<\/p>\n<h3>M\u00f6chten Sie Adobe Acrobat in einer anderen Sprache verwenden?<\/h3>\n<p>Bisher unterst\u00fctzten Adobe Acrobat Reader und Adobe Acrobat DC die Lokalisierung nur basierend auf der, in Microsoft Windows konfigurierten, Sprache. Jetzt k\u00f6nnen Sie Adobe Acrobat so konfigurieren, dass es in einer beliebigen unterst\u00fctzten Sprache vorliegt, unabh\u00e4ngig vom lokalen Setup. Wenden Sie sich an Ihren Administrator, falls Sie die Standardsprache f\u00fcr Adobe Acrobat \u00e4ndern m\u00fcssen.<\/p>\n<p><strong>HINWEIS:<\/strong> Die unterst\u00fctzten Sprachen sind: Englisch (Standard), Franz\u00f6sisch (Frankreich), Deutsch, Portugiesisch (Brasilien), Spanisch, Japanisch und vereinfachtes Chinesisch.<\/p>\n<h2>Verbesserungen der E-Mail-Verwaltung f\u00fcr Microsoft Outlook<\/h2>\n<h3>Speichern von Anh\u00e4ngen aus einer Microsoft Outlook-Einladung<\/h3>\n<p>Jetzt k\u00f6nnen Sie Anh\u00e4nge, die Sie in Microsoft Outlook-Einladungen erhalten haben, zu iManage Work, als Neues Dokument oder Neue Version speichern, indem Sie die Option <strong>Anh\u00e4nge speichern<\/strong> in der EMM-Symbolleiste verwenden.<\/p>\n<p><img loading=\"lazy\" decoding=\"async\" class=\"alignnone wp-image-704\" src=\"https:\/\/docs.imanage.com\/wp-content\/uploads\/2021\/09\/SaveAttachment.gif\" alt=\"\" width=\"900\" height=\"441\" \/><\/p>\n<h3>Mehr als ein Vorschlag zur E-Mail-Ablage?<\/h3>\n<p>Um die Genauigkeit von E-Mail-Vorschl\u00e4gen zu erh\u00f6hen, werden jetzt ein Vorschlagssymbol und ein Tooltip angezeigt, um darauf hinzuweisen, dass alternative Ablagevorschl\u00e4ge verf\u00fcgbar sind, wenn Sie einen Ablageort zum Ablegen von E-Mails ausw\u00e4hlen.<\/p>\n<p><img loading=\"lazy\" decoding=\"async\" class=\"alignnone wp-image-699\" src=\"https:\/\/docs.imanage.com\/wp-content\/uploads\/2021\/09\/image-1.png\" alt=\"\" width=\"900\" height=\"99\" srcset=\"https:\/\/docs.imanage.com\/wp-content\/uploads\/2021\/09\/image-1.png 970w, https:\/\/docs.imanage.com\/wp-content\/uploads\/2021\/09\/image-1-300x33.png 300w, https:\/\/docs.imanage.com\/wp-content\/uploads\/2021\/09\/image-1-768x85.png 768w\" sizes=\"auto, (max-width: 900px) 100vw, 900px\" \/><\/p>\n<h3>M\u00f6chten Sie alle gespeicherten Dateien anzeigen, wenn Sie einen Ablageort ausw\u00e4hlen?<\/h3>\n<p>Jetzt k\u00f6nnen Sie den iManage Work-Ordner einfach aus der vorgeschlagenen Ablage \u00f6ffnen, um alle E-Mails und Dokumente anzuzeigen, die im iManage Work-Ordner gespeichert sind. Dies hilft Ihnen zu entscheiden, ob der, von Ihnen gew\u00e4hlte Ablageort, der richtige ist.<\/p>\n<h3><img loading=\"lazy\" decoding=\"async\" class=\"alignnone wp-image-713\" style=\"font-size: 1rem;\" src=\"https:\/\/docs.imanage.com\/wp-content\/uploads\/2021\/09\/2_filingFolder.gif\" alt=\"\" width=\"900\" height=\"518\" \/><\/h3>\n<h3>Entscheiden Sie, wie Sie beim Verfassen von E-Mails Anh\u00e4nge einf\u00fcgen m\u00f6chten<\/h3>\n<p>Sie k\u00f6nnen nun entscheiden, wie Dateianh\u00e4nge hinzugef\u00fcgt werden k\u00f6nnen (Link, Datei oder beides) und Ihre Auswahl wird gespeichert. So sparen Sie Zeit beim Verfassen von E-Mails.<\/p>\n<p><img loading=\"lazy\" decoding=\"async\" class=\"alignnone wp-image-712\" src=\"https:\/\/docs.imanage.com\/wp-content\/uploads\/2021\/09\/1_InsertAttachment.gif\" alt=\"\" width=\"900\" height=\"518\" \/><\/p>\n<h1>Was ist neu in iManage Drive<\/h1>\n<p><strong>Erstellt: 10.6.1 (November 2021)<\/strong><\/p>\n<h2>Aufforderung zur Best\u00e4tigung von \u00c4nderungen von Dateien und Ordnern<\/h2>\n<p>iManage Drive benachrichtigt Sie nun vor Massenhandlungen &#8211; massenhafte L\u00f6schungen werden mit dem Server synchronisiert.\u00a0Die Anwendung fordert Sie dazu auf, \u00c4nderungen an Dateien und Ordnern &#8211; wie z.B. das L\u00f6schen, Erstellen, Aktualisieren und Umbenennen &#8211; vor der Synchronisierung mit iManage Work zu best\u00e4tigen.<\/p>\n<p>Ihr Administrator kann die Anzahl an \u00c4nderungen oder L\u00f6schungen, die erforderlich sind, um das Erscheinen des Dialogfeldes zur Best\u00e4tigung der Synchronisierung zu aktivieren, einstellen; der Standartwert lautet 10. Sie k\u00f6nnen dies unter\u00a0<strong>Einstellungen<\/strong>\u00a0>\u00a0<strong>Benachrichtigungs-<\/strong>Tab \u00e4ndern.\u00a0Weiter Informationen finden Sie im Abschnitt\u00a0<em>Best\u00e4tigung von \u00c4nderungen an Dateien und Ordnern<\/em> im\u00a0<em>iManage Drive Benutzerhandbuch 10.6.1<\/em>.<\/p>\n<p><img loading=\"lazy\" decoding=\"async\" class=\"alignnone wp-image-744\" src=\"https:\/\/docs.imanage.com\/wp-content\/uploads\/2021\/11\/SyncConfirm-1.gif\" alt=\"\" width=\"1000\" height=\"625\" \/><\/p>\n<h2>Synchronisierungsprobleme mit Dateien handhaben<\/h2>\n<p>Um sicherzustellen, dass Dateien, die aufgrund von Berechtigungs- oder sonstigen Problemen nicht mit dem Server synchronisiert werden, in Ihrem iManage Drive Arbeitsverzeichnis nicht verloren gehen, wird das Dialogfeld \u201eSynchronisierungsprobleme\u201c angezeigt, und erm\u00f6glicht es Ihnen:<\/p>\n<ul>\n<li>die Dateien an den gew\u00fcnschten Standort zu kopieren<\/li>\n<li>einige oder alle aufgelisteten Dateien zu ignorieren<\/li>\n<li>einen Rechtsklick bei einzelnen Dateien vorzunehmen und die gew\u00fcnschte Handlung aus dem angezeigten Kontextmen\u00fc auszuw\u00e4hlen.<\/li>\n<\/ul>\n<p>Weiter Informationen finden Sie im Abschnitt\u00a0<em>Synchronisierungsprobleme mit Dateien handhaben<\/em> im\u00a0<em>iManage Drive Benutzerhandbuch 10.6.1<\/em>.<\/p>\n<p><img loading=\"lazy\" decoding=\"async\" class=\"alignnone size-full wp-image-745\" src=\"https:\/\/docs.imanage.com\/wp-content\/uploads\/2021\/11\/SyncIssues-1.gif\" alt=\"\" width=\"1000\" height=\"625\" \/><\/p>\n<h2>Verbesserung des UI-Datentransfers: Aktionen f\u00fcr Arbeitsbereiche und Ordner<\/h2>\n<p>Sofern Sie Handlungen, wie das L\u00f6schen, Kopieren, Erstellen, Umbenennen oder Verschieben, vornehmen m\u00f6chten, dies aber von iManage Drive verhindert wird, zeigt die Anwendung Nachrichten an, aus welchen hervorgeht, warum die betreffende Aktion nicht durchgef\u00fchrt werden kann. Dies hilft Ihnen dabei, dieselbe unzul\u00e4ssige Aktion nicht zu wiederholen. \u00c4ndern Sie wenn m\u00f6glich die Einstellungen, um die Aktion zu aktivieren, oder bitten Sie um die erforderlichen Berechtigungen.\u00a0Diese Meldungen werden unter anderem in folgenden F\u00e4llen angezeigt:<\/p>\n<ul>\n<li>Beim Versuch, einen Ordner au\u00dferhalb von iManage Drive zu kopieren, wenn die Einstellung allow_folder_copy_outside_drive\u00a0deaktiviert ist.<\/li>\n<li>Beim Versuch, einen Ordner aus iManage Drive zu entfernen.<\/li>\n<li>Wenn Sie Ordner umbenennen und l\u00f6schen m\u00f6chten, ohne \u00fcber die daf\u00fcr erforderliche Berechtigung zu verf\u00fcgen.<\/li>\n<li>Wenn Sie Ordner in andere Ordner kopieren und verschieben m\u00f6chten, ohne die erforderliche Berechtigungsstufe f\u00fcr die \u00fcbergeordneten Ordner zu besitzen.<\/li>\n<li>Wenn Sie versuchen unzul\u00e4ssige Vorg\u00e4nge durchzuf\u00fchren, wie z. B. das L\u00f6schen oder Verschieben eines Ordners im Offline-Modus, das Verschieben von Ordnern \u00fcber Arbeitsbereiche hinweg und das Durchf\u00fchren von bestimmten Vorg\u00e4ngen in den Ordnern, die sich auf der Ebene befinden, auf der sich alle Arbeitsbereiche befinden, sowie in den Ordnern <strong>Meine Angelegenheiten <\/strong>und <strong>Aktuelle Angelegenheiten<\/strong>.<\/li>\n<li>Beim Versuch, Ordner zu l\u00f6schen, wenn das L\u00f6schen von Ordnern in den <strong>Einstellungen <\/strong>der Anwendung nicht aktiviert ist.<\/li>\n<\/ul>\n<p><img loading=\"lazy\" decoding=\"async\" class=\"alignnone size-full wp-image-746\" src=\"https:\/\/docs.imanage.com\/wp-content\/uploads\/2021\/11\/WorkspaceFldrs-1.gif\" alt=\"\" width=\"1000\" height=\"625\" \/><\/p>\n<p><strong>Vorherige Version<\/strong>: <a href=\"https:\/\/docs.imanage.com\/de\/work\/whats-new-in-imanage-wdw-2021.html\">iManage Work Desktop for Windows 10.5 und iManage Drive 10.5.1<\/a><\/p>\n","protected":false},"excerpt":{"rendered":"<p>Erstellt: 10.6.0.64\u00a0 (Oktober 2021) Verbesserungen bei der Arbeit mit Dokumenten Erstellen Sie personalisierte Briefe mit Mail Merge Erstellen Sie beispielsweise einen Stapel von Dokumenten \u2013 einen Brief oder eine Rechnung, die f\u00fcr jeden Ihrer Kunden personalisiert sind? Sie k\u00f6nnen jetzt einen Serienbrief starten, indem Sie Dokumente direkt aus iManage Work ausw\u00e4hlen, anstatt die Dateien auf [&hellip;]<\/p>\n","protected":false},"author":4,"featured_media":0,"parent":146,"menu_order":0,"comment_status":"closed","ping_status":"closed","template":"","meta":{"_acf_changed":false,"footnotes":""},"class_list":["post-644","page","type-page","status-publish","hentry"],"translation":{"provider":"WPGlobus","version":"3.0.2","language":"de","enabled_languages":["en","de","fr","qc","jp","br","es","zh"],"languages":{"en":{"title":true,"content":true,"excerpt":false},"de":{"title":true,"content":true,"excerpt":false},"fr":{"title":true,"content":true,"excerpt":false},"qc":{"title":false,"content":false,"excerpt":false},"jp":{"title":true,"content":true,"excerpt":false},"br":{"title":true,"content":true,"excerpt":false},"es":{"title":true,"content":true,"excerpt":false},"zh":{"title":true,"content":true,"excerpt":false}}},"acf":[],"yoast_head":"<!-- This site is optimized with the Yoast SEO plugin v27.3 - https:\/\/yoast.com\/product\/yoast-seo-wordpress\/ -->\n<title>Was ist neu in iManage Work Desktop for Windows &#8211; Docs - iManage<\/title>\n<meta name=\"robots\" content=\"index, follow, max-snippet:-1, max-image-preview:large, max-video-preview:-1\" \/>\n<link rel=\"canonical\" href=\"https:\/\/docs.imanage.com\/work\/whats-new-in-imanage-wdw-2021-10.html\" \/>\n<meta property=\"og:locale\" content=\"de_DE\" \/>\n<meta property=\"og:type\" content=\"article\" \/>\n<meta property=\"og:title\" content=\"Was ist neu in iManage Work Desktop for Windows &#8211; Docs - iManage\" \/>\n<meta property=\"og:url\" content=\"https:\/\/docs.imanage.com\/work\/whats-new-in-imanage-wdw-2021-10.html\" \/>\n<meta property=\"og:site_name\" content=\"Docs - iManage\" \/>\n<meta property=\"article:modified_time\" content=\"2022-02-22T12:06:01+00:00\" \/>\n<meta property=\"og:image\" content=\"https:\/\/docs.imanage.com\/wp-content\/uploads\/2021\/09\/mail_merge_01-1024x151.png\" \/>\n<meta name=\"twitter:card\" content=\"summary_large_image\" \/>\n<meta name=\"twitter:label1\" content=\"Est. reading time\" \/>\n\t<meta name=\"twitter:data1\" content=\"27 minutes\" \/>\n<script type=\"application\/ld+json\" class=\"yoast-schema-graph\">{\"@context\":\"https:\\\/\\\/schema.org\",\"@graph\":[{\"@type\":\"WebPage\",\"@id\":\"https:\\\/\\\/docs.imanage.com\\\/work\\\/whats-new-in-imanage-wdw-2021-10.html\",\"url\":\"https:\\\/\\\/docs.imanage.com\\\/work\\\/whats-new-in-imanage-wdw-2021-10.html\",\"name\":\"Was ist neu in iManage Work Desktop for Windows &#8211; Docs - iManage\",\"isPartOf\":{\"@id\":\"https:\\\/\\\/docs.imanage.com\\\/#website\"},\"primaryImageOfPage\":{\"@id\":\"https:\\\/\\\/docs.imanage.com\\\/work\\\/whats-new-in-imanage-wdw-2021-10.html#primaryimage\"},\"image\":{\"@id\":\"https:\\\/\\\/docs.imanage.com\\\/work\\\/whats-new-in-imanage-wdw-2021-10.html#primaryimage\"},\"thumbnailUrl\":\"https:\\\/\\\/docs.imanage.com\\\/wp-content\\\/uploads\\\/2021\\\/09\\\/mail_merge_01-1024x151.png\",\"datePublished\":\"2021-07-17T13:44:48+00:00\",\"dateModified\":\"2022-02-22T12:06:01+00:00\",\"breadcrumb\":{\"@id\":\"https:\\\/\\\/docs.imanage.com\\\/work\\\/whats-new-in-imanage-wdw-2021-10.html#breadcrumb\"},\"inLanguage\":\"de-DE\",\"potentialAction\":[{\"@type\":\"ReadAction\",\"target\":[\"https:\\\/\\\/docs.imanage.com\\\/work\\\/whats-new-in-imanage-wdw-2021-10.html\"]}]},{\"@type\":\"ImageObject\",\"inLanguage\":\"de-DE\",\"@id\":\"https:\\\/\\\/docs.imanage.com\\\/work\\\/whats-new-in-imanage-wdw-2021-10.html#primaryimage\",\"url\":\"https:\\\/\\\/docs.imanage.com\\\/wp-content\\\/uploads\\\/2021\\\/09\\\/mail_merge_01-1024x151.png\",\"contentUrl\":\"https:\\\/\\\/docs.imanage.com\\\/wp-content\\\/uploads\\\/2021\\\/09\\\/mail_merge_01-1024x151.png\"},{\"@type\":\"BreadcrumbList\",\"@id\":\"https:\\\/\\\/docs.imanage.com\\\/work\\\/whats-new-in-imanage-wdw-2021-10.html#breadcrumb\",\"itemListElement\":[{\"@type\":\"ListItem\",\"position\":1,\"name\":\"Home\",\"item\":\"https:\\\/\\\/docs.imanage.com\\\/\"},{\"@type\":\"ListItem\",\"position\":2,\"name\":\"Work\",\"item\":\"https:\\\/\\\/docs.imanage.com\\\/work.html\"},{\"@type\":\"ListItem\",\"position\":3,\"name\":\"What&#8217;s new in iManage Work Desktop for Windows\"}]},{\"@type\":\"WebSite\",\"@id\":\"https:\\\/\\\/docs.imanage.com\\\/#website\",\"url\":\"https:\\\/\\\/docs.imanage.com\\\/\",\"name\":\"Docs - iManage\",\"description\":\"\",\"potentialAction\":[{\"@type\":\"SearchAction\",\"target\":{\"@type\":\"EntryPoint\",\"urlTemplate\":\"https:\\\/\\\/docs.imanage.com\\\/?s={search_term_string}\"},\"query-input\":{\"@type\":\"PropertyValueSpecification\",\"valueRequired\":true,\"valueName\":\"search_term_string\"}}],\"inLanguage\":\"de-DE\"}]}<\/script>\n<!-- \/ Yoast SEO plugin. -->","yoast_head_json":{"title":"Was ist neu in iManage Work Desktop for Windows &#8211; Docs - iManage","robots":{"index":"index","follow":"follow","max-snippet":"max-snippet:-1","max-image-preview":"max-image-preview:large","max-video-preview":"max-video-preview:-1"},"canonical":"https:\/\/docs.imanage.com\/work\/whats-new-in-imanage-wdw-2021-10.html","og_locale":"de_DE","og_type":"article","og_title":"Was ist neu in iManage Work Desktop for Windows &#8211; Docs - iManage","og_url":"https:\/\/docs.imanage.com\/work\/whats-new-in-imanage-wdw-2021-10.html","og_site_name":"Docs - iManage","article_modified_time":"2022-02-22T12:06:01+00:00","og_image":[{"url":"https:\/\/docs.imanage.com\/wp-content\/uploads\/2021\/09\/mail_merge_01-1024x151.png","type":"","width":"","height":""}],"twitter_card":"summary_large_image","twitter_misc":{"Est. reading time":"27 minutes"},"schema":{"@context":"https:\/\/schema.org","@graph":[{"@type":"WebPage","@id":"https:\/\/docs.imanage.com\/work\/whats-new-in-imanage-wdw-2021-10.html","url":"https:\/\/docs.imanage.com\/work\/whats-new-in-imanage-wdw-2021-10.html","name":"Was ist neu in iManage Work Desktop for Windows &#8211; Docs - iManage","isPartOf":{"@id":"https:\/\/docs.imanage.com\/#website"},"primaryImageOfPage":{"@id":"https:\/\/docs.imanage.com\/work\/whats-new-in-imanage-wdw-2021-10.html#primaryimage"},"image":{"@id":"https:\/\/docs.imanage.com\/work\/whats-new-in-imanage-wdw-2021-10.html#primaryimage"},"thumbnailUrl":"https:\/\/docs.imanage.com\/wp-content\/uploads\/2021\/09\/mail_merge_01-1024x151.png","datePublished":"2021-07-17T13:44:48+00:00","dateModified":"2022-02-22T12:06:01+00:00","breadcrumb":{"@id":"https:\/\/docs.imanage.com\/work\/whats-new-in-imanage-wdw-2021-10.html#breadcrumb"},"inLanguage":"de-DE","potentialAction":[{"@type":"ReadAction","target":["https:\/\/docs.imanage.com\/work\/whats-new-in-imanage-wdw-2021-10.html"]}]},{"@type":"ImageObject","inLanguage":"de-DE","@id":"https:\/\/docs.imanage.com\/work\/whats-new-in-imanage-wdw-2021-10.html#primaryimage","url":"https:\/\/docs.imanage.com\/wp-content\/uploads\/2021\/09\/mail_merge_01-1024x151.png","contentUrl":"https:\/\/docs.imanage.com\/wp-content\/uploads\/2021\/09\/mail_merge_01-1024x151.png"},{"@type":"BreadcrumbList","@id":"https:\/\/docs.imanage.com\/work\/whats-new-in-imanage-wdw-2021-10.html#breadcrumb","itemListElement":[{"@type":"ListItem","position":1,"name":"Home","item":"https:\/\/docs.imanage.com\/"},{"@type":"ListItem","position":2,"name":"Work","item":"https:\/\/docs.imanage.com\/work.html"},{"@type":"ListItem","position":3,"name":"What&#8217;s new in iManage Work Desktop for Windows"}]},{"@type":"WebSite","@id":"https:\/\/docs.imanage.com\/#website","url":"https:\/\/docs.imanage.com\/","name":"Docs - iManage","description":"","potentialAction":[{"@type":"SearchAction","target":{"@type":"EntryPoint","urlTemplate":"https:\/\/docs.imanage.com\/?s={search_term_string}"},"query-input":{"@type":"PropertyValueSpecification","valueRequired":true,"valueName":"search_term_string"}}],"inLanguage":"de-DE"}]}},"_links":{"self":[{"href":"https:\/\/docs.imanage.com\/de\/wp-json\/wp\/v2\/pages\/644","targetHints":{"allow":["GET"]}}],"collection":[{"href":"https:\/\/docs.imanage.com\/de\/wp-json\/wp\/v2\/pages"}],"about":[{"href":"https:\/\/docs.imanage.com\/de\/wp-json\/wp\/v2\/types\/page"}],"author":[{"embeddable":true,"href":"https:\/\/docs.imanage.com\/de\/wp-json\/wp\/v2\/users\/4"}],"replies":[{"embeddable":true,"href":"https:\/\/docs.imanage.com\/de\/wp-json\/wp\/v2\/comments?post=644"}],"version-history":[{"count":0,"href":"https:\/\/docs.imanage.com\/de\/wp-json\/wp\/v2\/pages\/644\/revisions"}],"up":[{"embeddable":true,"href":"https:\/\/docs.imanage.com\/de\/wp-json\/wp\/v2\/pages\/146"}],"wp:attachment":[{"href":"https:\/\/docs.imanage.com\/de\/wp-json\/wp\/v2\/media?parent=644"}],"curies":[{"name":"wp","href":"https:\/\/api.w.org\/{rel}","templated":true}]}}