{"id":711,"date":"2021-09-28T13:00:57","date_gmt":"2021-09-28T13:00:57","guid":{"rendered":"https:\/\/docs.imanage.com\/?page_id=711"},"modified":"2024-04-16T17:20:33","modified_gmt":"2024-04-16T17:20:33","slug":"whats-new-in-imanage-wdw-2022-02","status":"publish","type":"page","link":"https:\/\/docs.imanage.com\/de\/work\/whats-new-in-imanage-wdw-2022-02.html","title":{"rendered":"Was gibt es Neues in iManage Work Desktop for Windows?"},"content":{"rendered":"<p><strong>Erstellung 10.7.1.20 (November 2022)<\/strong><\/p>\n<h2>Allgemeine Verbesserungen<\/h2>\n<p>Diese Version behebt ein paar Fehler. Diese Version beinhaltet keine Neuerungen.<\/p>\n<p><strong>Erstellung 10.7.1.1 (Juni 2022)<\/strong><\/p>\n<h2>Allgemeine Verbesserungen<\/h2>\n<p>Einige \u00c4nderungen wurden hinzugef\u00fcgt, um die Benutzerfreundlichkeit und Performance insgesamt zu verbessern. Insbesondere,<\/p>\n<ul>\n<li>Behobene Probleme bei der Anzeige der Aufl\u00f6sung\/Skalierung f\u00fcr integrierte iManage-Dialogfelder (iManage Open, iManage Save usw.). Von nun an, wenn Sie die Anzeigeaufl\u00f6sung und die Anzeigewerte Ihres Monitors \u00e4ndern oder mehrere Monitore verwenden, wobei jeder Monitor auf eine andere Anzeigeeinstellung eingestellt ist, werden die integrierten Dialogfelder von iManage automatisch gem\u00e4\u00df den Monitoreinstellungen angezeigt. Es wird nicht mehr unscharf, leer oder verschoben dargestellt.<\/li>\n<li>Probleme beim Erstellen von PDF-Dateien mit der Option iManage <strong>Save as PDF<\/strong> in Microsoft Word behoben. Beim Erstellen von PDF-Dateien, die auf Ihrem lokalen Computer gespeichert sind, ist standardm\u00e4\u00dfig <strong>Neues Dokument <\/strong>ausgew\u00e4hlt. Wenn Sie versuchen, PDF-Dateien aus in iManage Work gespeicherten Dokumenten zu erstellen, wird standardm\u00e4\u00dfig die <strong>neue Version<\/strong> ausgew\u00e4hlt.<\/li>\n<li>Behebung von Problemen in Bezug auf Konfigurationsdateien, die f\u00fcr bestimmte iManage Cloud-Benutzer nicht heruntergeladen wurden.<\/li>\n<li>Es wurden Probleme behoben, die sich auf Microsoft Word-Dokumente bezogen, die nicht einchecken, wenn sie in der gesch\u00fctzten Ansicht ge\u00f6ffnet wurden, nach dem Bearbeiten geschlossen wurden.<\/li>\n<\/ul>\n<p><strong>Erstellung 10.7.105 (April 2022)<\/strong><\/p>\n<h2>iManage Work Panel reagiert jetzt in Echtzeit, wenn E-Mails in die Ablage gezogen werden<\/h2>\n<p>iManage Work Panel wird automatisch aktualisiert, wenn Sie E-Mails oder Anh\u00e4nge in einen Ordner in iManage Work Panel ziehen, um sie abzulegen. Mit anderen Worten: Sie sehen die \u00c4nderungen, sobald die E-Mail oder der Anhang abgelegt wird. Damit m\u00fcssen Sie das iManage Work Panel nicht mehr manuell aktualisieren, um das Ablegen zu best\u00e4tigen.<\/p>\n<p><strong>HINWEIS:<\/strong> Diese Funktion erfordert iManage Work Desktop for Windows 10.6.0 oder h\u00f6her, iManage Work web Version 10.4.x und Oktober 2021 Service Updates f\u00fcr iManage Work Cloud Benutzer.<\/p>\n<p><img loading=\"lazy\" decoding=\"async\" class=\"alignnone wp-image-775\" src=\"https:\/\/docs.imanage.com\/wp-content\/uploads\/2022\/03\/WorkPanelRefresh_2.gif\" alt=\"\" width=\"800\" height=\"390\" \/><\/p>\n<h2>Bearbeiten Sie Ihre PDF-Dateien in Adobe Acrobat Pro und Adobe Acrobat Reader im gesch\u00fctzten Modus<\/h2>\n<p>Wenn Ihre Organisation die Verwendung von Adobe Acrobat Pro oder Adobe Acrobat Reader nur im gesch\u00fctzten Modus zul\u00e4sst, k\u00f6nnen Sie jetzt in iManage Work gespeicherte PDF-Dateien mit diesen Anwendungen bearbeiten, auch wenn der gesch\u00fctzte Modus aktiviert ist.<\/p>\n<p>Wenn der gesch\u00fctzte Modus in Adobe Acrobat Pro und Adobe Acrobat Reader aktiviert ist, ist das iManage Work-Plugin in diesen Anwendungen deaktiviert und Sie k\u00f6nnen die iManage Work-Optionen wie \u201e\u00d6ffnen\u201c, \u201eSpeichern unter\u201c usw. nicht anzeigen lassen. Wenn Sie jedoch PDF-Dateien in iManage Work mit diesen Anwendungen bearbeiten, werden alle Ihre \u00c4nderungen in iManage Work gespeichert. Wenden Sie sich an Ihren Administrator, um diese Funktion zu aktivieren oder weitere Informationen \u00fcber diese Funktion zu erhalten.<\/p>\n<p><img loading=\"lazy\" decoding=\"async\" class=\"alignnone wp-image-776\" src=\"https:\/\/docs.imanage.com\/wp-content\/uploads\/2022\/03\/NonIntegration.gif\" alt=\"\" width=\"800\" height=\"450\" \/><\/p>\n<h2>Kanadisches Franz\u00f6sisch wird jetzt in iManage Work Desktop for Windows unterst\u00fctzt<\/h2>\n<p>iManage Work Desktop for Windows zeigt jetzt kanadisches Franz\u00f6sisch an, wenn Ihre Microsoft Windows-Anzeigesprache und Microsoft Office auf kanadisches Franz\u00f6sisch eingestellt sind.\u00a0 Weitere Informationen erhalten Sie von Ihrem Administrator.<\/p>\n<h1>Was gibt es Neues in iManage Drive?<\/h1>\n<p><strong>Erstellt: 10.8.0 (September 2022)<\/strong><\/p>\n<h2 id=\"id-.ForBeamerv10.8.0-DieSucheistjetztiniManageDriveforMaczufinden\">Die Suche ist jetzt in iManage Drive for Mac zu finden<\/h2>\n<p>Sie k\u00f6nnen jetzt von iManage Drive aus nach einem oder mehreren Dokumenten suchen, die in einem synchronisierten Arbeitsbereich gespeichert sind. W\u00e4hlen Sie \u00a0 <img loading=\"lazy\" decoding=\"async\" class=\"alignnone wp-image-821\" src=\"https:\/\/docs.imanage.com\/wp-content\/uploads\/2022\/09\/Screenshot-2022-07-24-at-10.00.32-PM-1.png\" alt=\"\" width=\"25\" height=\"28\" \/>\u00a0(Suchsymbol) in iManage Drive, um das\u00a0<strong>Such<\/strong>fenster in der Anwendung zu \u00f6ffnen und nach Dokumenten zu suchen, und zwar entweder mit Hilfe eines Schl\u00fcsselworts, des Dokumenttitels, des Autors\/Betreibers, dem das @-Symbol vorangestellt ist, oder der Dokumentnummer, der das #-Symbol vorangestellt ist.\u00a0Weitere Informationen zu dieser Funktion finden Sie im Abschnitt\u00a0<a class=\"external-link\" href=\"https:\/\/docs.imanage.com\/drive-windows-help\/10.8.0\/en\/Searching_for_documents_in_iManage_Drive.html\" rel=\"nofollow\"><em>Nach Dokumenten suchen in iManage Drive<\/em>\u00a0<\/a>in der\u00a0<a class=\"external-link\" href=\"https:\/\/docs.imanage.com\/drive-windows-help\/10.8.0\/en\/iManage_Drive_User_Guide.html\" rel=\"nofollow\"><em>iManage Drive-Benutzerhilfe<\/em><\/a>. Die Suchfunktion ist in iManage Drive 10.8.0 oder einer.<\/p>\n<p><img loading=\"lazy\" decoding=\"async\" class=\"alignnone wp-image-822 size-full\" src=\"https:\/\/docs.imanage.com\/wp-content\/uploads\/2022\/09\/3_searchwindows.gif\" alt=\"\" width=\"820\" height=\"659\" \/><\/p>\n<p><strong>Vorherige Version<\/strong>:\u00a0<a href=\"https:\/\/docs.imanage.com\/de\/work\/whats-new-in-imanage-wdw-2021-10.html\">iManage Work Desktop for Windows 10.6.0\u00a0<\/a><\/p>\n","protected":false},"excerpt":{"rendered":"<p>Erstellung 10.7.1.20 (November 2022) Allgemeine Verbesserungen Diese Version behebt ein paar Fehler. Diese Version beinhaltet keine Neuerungen. Erstellung 10.7.1.1 (Juni 2022) Allgemeine Verbesserungen Einige \u00c4nderungen wurden hinzugef\u00fcgt, um die Benutzerfreundlichkeit und Performance insgesamt zu verbessern. Insbesondere, Behobene Probleme bei der Anzeige der Aufl\u00f6sung\/Skalierung f\u00fcr integrierte iManage-Dialogfelder (iManage Open, iManage Save usw.). Von nun an, wenn [&hellip;]<\/p>\n","protected":false},"author":4,"featured_media":0,"parent":146,"menu_order":0,"comment_status":"closed","ping_status":"closed","template":"","meta":{"_acf_changed":false,"footnotes":""},"class_list":["post-711","page","type-page","status-publish","hentry"],"translation":{"provider":"WPGlobus","version":"3.0.2","language":"de","enabled_languages":["en","de","fr","qc","jp","br","es","zh"],"languages":{"en":{"title":true,"content":true,"excerpt":false},"de":{"title":true,"content":true,"excerpt":false},"fr":{"title":true,"content":true,"excerpt":false},"qc":{"title":true,"content":true,"excerpt":false},"jp":{"title":true,"content":true,"excerpt":false},"br":{"title":true,"content":true,"excerpt":false},"es":{"title":true,"content":true,"excerpt":false},"zh":{"title":true,"content":true,"excerpt":false}}},"acf":[],"yoast_head":"<!-- This site is optimized with the Yoast SEO plugin v27.3 - https:\/\/yoast.com\/product\/yoast-seo-wordpress\/ -->\n<title>Was gibt es Neues in iManage Work Desktop for Windows? &#8211; Docs - iManage<\/title>\n<meta name=\"robots\" content=\"index, follow, max-snippet:-1, max-image-preview:large, max-video-preview:-1\" \/>\n<link rel=\"canonical\" href=\"https:\/\/docs.imanage.com\/work\/whats-new-in-imanage-wdw-2022-02.html\" \/>\n<meta property=\"og:locale\" content=\"de_DE\" \/>\n<meta property=\"og:type\" content=\"article\" \/>\n<meta property=\"og:title\" content=\"Was gibt es Neues in iManage Work Desktop for Windows? &#8211; Docs - iManage\" \/>\n<meta property=\"og:url\" content=\"https:\/\/docs.imanage.com\/work\/whats-new-in-imanage-wdw-2022-02.html\" \/>\n<meta property=\"og:site_name\" content=\"Docs - iManage\" \/>\n<meta property=\"article:modified_time\" content=\"2024-04-16T17:20:33+00:00\" \/>\n<meta property=\"og:image\" content=\"https:\/\/docs.imanage.com\/wp-content\/uploads\/2022\/03\/WorkPanelRefresh_2.gif\" \/>\n<meta name=\"twitter:card\" content=\"summary_large_image\" \/>\n<meta name=\"twitter:label1\" content=\"Est. reading time\" \/>\n\t<meta name=\"twitter:data1\" content=\"2 minutes\" \/>\n<script type=\"application\/ld+json\" class=\"yoast-schema-graph\">{\"@context\":\"https:\\\/\\\/schema.org\",\"@graph\":[{\"@type\":\"WebPage\",\"@id\":\"https:\\\/\\\/docs.imanage.com\\\/work\\\/whats-new-in-imanage-wdw-2022-02.html\",\"url\":\"https:\\\/\\\/docs.imanage.com\\\/work\\\/whats-new-in-imanage-wdw-2022-02.html\",\"name\":\"Was gibt es Neues in iManage Work Desktop for Windows? &#8211; Docs - iManage\",\"isPartOf\":{\"@id\":\"https:\\\/\\\/docs.imanage.com\\\/#website\"},\"primaryImageOfPage\":{\"@id\":\"https:\\\/\\\/docs.imanage.com\\\/work\\\/whats-new-in-imanage-wdw-2022-02.html#primaryimage\"},\"image\":{\"@id\":\"https:\\\/\\\/docs.imanage.com\\\/work\\\/whats-new-in-imanage-wdw-2022-02.html#primaryimage\"},\"thumbnailUrl\":\"https:\\\/\\\/docs.imanage.com\\\/wp-content\\\/uploads\\\/2022\\\/03\\\/WorkPanelRefresh_2.gif\",\"datePublished\":\"2021-09-28T13:00:57+00:00\",\"dateModified\":\"2024-04-16T17:20:33+00:00\",\"breadcrumb\":{\"@id\":\"https:\\\/\\\/docs.imanage.com\\\/work\\\/whats-new-in-imanage-wdw-2022-02.html#breadcrumb\"},\"inLanguage\":\"de-DE\",\"potentialAction\":[{\"@type\":\"ReadAction\",\"target\":[\"https:\\\/\\\/docs.imanage.com\\\/work\\\/whats-new-in-imanage-wdw-2022-02.html\"]}]},{\"@type\":\"ImageObject\",\"inLanguage\":\"de-DE\",\"@id\":\"https:\\\/\\\/docs.imanage.com\\\/work\\\/whats-new-in-imanage-wdw-2022-02.html#primaryimage\",\"url\":\"https:\\\/\\\/docs.imanage.com\\\/wp-content\\\/uploads\\\/2022\\\/03\\\/WorkPanelRefresh_2.gif\",\"contentUrl\":\"https:\\\/\\\/docs.imanage.com\\\/wp-content\\\/uploads\\\/2022\\\/03\\\/WorkPanelRefresh_2.gif\"},{\"@type\":\"BreadcrumbList\",\"@id\":\"https:\\\/\\\/docs.imanage.com\\\/work\\\/whats-new-in-imanage-wdw-2022-02.html#breadcrumb\",\"itemListElement\":[{\"@type\":\"ListItem\",\"position\":1,\"name\":\"Home\",\"item\":\"https:\\\/\\\/docs.imanage.com\\\/\"},{\"@type\":\"ListItem\",\"position\":2,\"name\":\"Work\",\"item\":\"https:\\\/\\\/docs.imanage.com\\\/work.html\"},{\"@type\":\"ListItem\",\"position\":3,\"name\":\"What\u2019s new in iManage Work Desktop for Windows\"}]},{\"@type\":\"WebSite\",\"@id\":\"https:\\\/\\\/docs.imanage.com\\\/#website\",\"url\":\"https:\\\/\\\/docs.imanage.com\\\/\",\"name\":\"Docs - iManage\",\"description\":\"\",\"potentialAction\":[{\"@type\":\"SearchAction\",\"target\":{\"@type\":\"EntryPoint\",\"urlTemplate\":\"https:\\\/\\\/docs.imanage.com\\\/?s={search_term_string}\"},\"query-input\":{\"@type\":\"PropertyValueSpecification\",\"valueRequired\":true,\"valueName\":\"search_term_string\"}}],\"inLanguage\":\"de-DE\"}]}<\/script>\n<!-- \/ Yoast SEO plugin. -->","yoast_head_json":{"title":"Was gibt es Neues in iManage Work Desktop for Windows? &#8211; Docs - iManage","robots":{"index":"index","follow":"follow","max-snippet":"max-snippet:-1","max-image-preview":"max-image-preview:large","max-video-preview":"max-video-preview:-1"},"canonical":"https:\/\/docs.imanage.com\/work\/whats-new-in-imanage-wdw-2022-02.html","og_locale":"de_DE","og_type":"article","og_title":"Was gibt es Neues in iManage Work Desktop for Windows? &#8211; Docs - iManage","og_url":"https:\/\/docs.imanage.com\/work\/whats-new-in-imanage-wdw-2022-02.html","og_site_name":"Docs - iManage","article_modified_time":"2024-04-16T17:20:33+00:00","og_image":[{"url":"https:\/\/docs.imanage.com\/wp-content\/uploads\/2022\/03\/WorkPanelRefresh_2.gif","type":"","width":"","height":""}],"twitter_card":"summary_large_image","twitter_misc":{"Est. reading time":"2 minutes"},"schema":{"@context":"https:\/\/schema.org","@graph":[{"@type":"WebPage","@id":"https:\/\/docs.imanage.com\/work\/whats-new-in-imanage-wdw-2022-02.html","url":"https:\/\/docs.imanage.com\/work\/whats-new-in-imanage-wdw-2022-02.html","name":"Was gibt es Neues in iManage Work Desktop for Windows? &#8211; Docs - iManage","isPartOf":{"@id":"https:\/\/docs.imanage.com\/#website"},"primaryImageOfPage":{"@id":"https:\/\/docs.imanage.com\/work\/whats-new-in-imanage-wdw-2022-02.html#primaryimage"},"image":{"@id":"https:\/\/docs.imanage.com\/work\/whats-new-in-imanage-wdw-2022-02.html#primaryimage"},"thumbnailUrl":"https:\/\/docs.imanage.com\/wp-content\/uploads\/2022\/03\/WorkPanelRefresh_2.gif","datePublished":"2021-09-28T13:00:57+00:00","dateModified":"2024-04-16T17:20:33+00:00","breadcrumb":{"@id":"https:\/\/docs.imanage.com\/work\/whats-new-in-imanage-wdw-2022-02.html#breadcrumb"},"inLanguage":"de-DE","potentialAction":[{"@type":"ReadAction","target":["https:\/\/docs.imanage.com\/work\/whats-new-in-imanage-wdw-2022-02.html"]}]},{"@type":"ImageObject","inLanguage":"de-DE","@id":"https:\/\/docs.imanage.com\/work\/whats-new-in-imanage-wdw-2022-02.html#primaryimage","url":"https:\/\/docs.imanage.com\/wp-content\/uploads\/2022\/03\/WorkPanelRefresh_2.gif","contentUrl":"https:\/\/docs.imanage.com\/wp-content\/uploads\/2022\/03\/WorkPanelRefresh_2.gif"},{"@type":"BreadcrumbList","@id":"https:\/\/docs.imanage.com\/work\/whats-new-in-imanage-wdw-2022-02.html#breadcrumb","itemListElement":[{"@type":"ListItem","position":1,"name":"Home","item":"https:\/\/docs.imanage.com\/"},{"@type":"ListItem","position":2,"name":"Work","item":"https:\/\/docs.imanage.com\/work.html"},{"@type":"ListItem","position":3,"name":"What\u2019s new in iManage Work Desktop for Windows"}]},{"@type":"WebSite","@id":"https:\/\/docs.imanage.com\/#website","url":"https:\/\/docs.imanage.com\/","name":"Docs - iManage","description":"","potentialAction":[{"@type":"SearchAction","target":{"@type":"EntryPoint","urlTemplate":"https:\/\/docs.imanage.com\/?s={search_term_string}"},"query-input":{"@type":"PropertyValueSpecification","valueRequired":true,"valueName":"search_term_string"}}],"inLanguage":"de-DE"}]}},"_links":{"self":[{"href":"https:\/\/docs.imanage.com\/de\/wp-json\/wp\/v2\/pages\/711","targetHints":{"allow":["GET"]}}],"collection":[{"href":"https:\/\/docs.imanage.com\/de\/wp-json\/wp\/v2\/pages"}],"about":[{"href":"https:\/\/docs.imanage.com\/de\/wp-json\/wp\/v2\/types\/page"}],"author":[{"embeddable":true,"href":"https:\/\/docs.imanage.com\/de\/wp-json\/wp\/v2\/users\/4"}],"replies":[{"embeddable":true,"href":"https:\/\/docs.imanage.com\/de\/wp-json\/wp\/v2\/comments?post=711"}],"version-history":[{"count":0,"href":"https:\/\/docs.imanage.com\/de\/wp-json\/wp\/v2\/pages\/711\/revisions"}],"up":[{"embeddable":true,"href":"https:\/\/docs.imanage.com\/de\/wp-json\/wp\/v2\/pages\/146"}],"wp:attachment":[{"href":"https:\/\/docs.imanage.com\/de\/wp-json\/wp\/v2\/media?parent=711"}],"curies":[{"name":"wp","href":"https:\/\/api.w.org\/{rel}","templated":true}]}}