{"id":794,"date":"2022-04-22T09:46:17","date_gmt":"2022-04-22T09:46:17","guid":{"rendered":"https:\/\/docs.imanage.com\/?page_id=794"},"modified":"2024-04-16T17:21:25","modified_gmt":"2024-04-16T17:21:25","slug":"whats-new-in-imanage-wdw-10-8-0","status":"publish","type":"page","link":"https:\/\/docs.imanage.com\/de\/work\/whats-new-in-imanage-wdw-10-8-0.html","title":{"rendered":"Was gibt es Neues in iManage Work Desktop for Windows?"},"content":{"rendered":"<p>Version 10.8.0.98 (Oktober 2022)<\/p>\n<h2>Verlinken oder binden Sie Microsoft Excel-Dateien zusammen mit iManage Links Manager ein<\/h2>\n<p>Um auf zugeh\u00f6rige Informationen in einer anderen Microsoft Excel Datei schneller zuzugreifen, k\u00f6nnen Sie jetzt einen Direktlink in eine Tabelle einf\u00fcgen. Sie k\u00f6nnen auch eine komplette Microsoft Excel Datei in die Tabelle einf\u00fcgen. Das <strong>iManage Links Manager<\/strong> Bedienfeld macht dies m\u00f6glich.<\/p>\n<p>Um das<strong> iManage Links Manager<\/strong> Bedienfeld nutzen zu k\u00f6nnen, sollten folgende Programme installiert sein:<\/p>\n<ul>\n<li>Microsoft Excel 2016 oder Microsoft Excel in Microsoft 365.<\/li>\n<li>iManage Drive 10.7.1 oder neuer muss installiert sein und ausgef\u00fchrt werden.<\/li>\n<\/ul>\n<p>Kontaktieren Sie bei Bedarf Ihren Administrator f\u00fcr weitere Informationen.<\/p>\n<p><img loading=\"lazy\" decoding=\"async\" class=\"alignnone wp-image-811 size-full\" src=\"https:\/\/docs.imanage.com\/wp-content\/uploads\/2022\/09\/04_OLE_Linking.gif\" alt=\"\" width=\"920\" height=\"519\" \/><\/p>\n<h2>Geben Sie \u201eiManage Work\u201c in die Betreffzeile ein, wenn Sie eine solche E-Mail schreiben.<\/h2>\n<p class=\"with-breadcrumbs\"><span style=\"color: #333333; font-size: 1rem;\">Sie k\u00f6nnen die Betreffzeile anpassen, wenn Sie E-Mails an iManage Work schreiben, indem Sie das <\/span><img loading=\"lazy\" decoding=\"async\" class=\"alignnone size-full wp-image-809\" style=\"color: #333333; font-size: 1rem;\" src=\"https:\/\/docs.imanage.com\/wp-content\/uploads\/2022\/08\/checkbox_rename_filing.png\" alt=\"\" width=\"42\" height=\"29\" \/>\u00a0K\u00e4stchen (<strong>Ausgew\u00e4hlte E-Mail(s) umbenennen) <\/strong>ausw\u00e4hlen, das sich in der EMM Symbolleiste befindet, und im Auswahlfenster dann <strong>Ablageort w\u00e4hlen <\/strong>anklicken. Kontaktieren Sie Ihren Administrator, um diese Funktion freizuschalten.<\/p>\n<p><strong>HINWEIS:<\/strong> Wenn Sie die Betreffzeile der E-Mail \u00e4ndern, bevor Sie sie in iManage Work ablegen,<\/p>\n<ul>\n<li>wird nur das Feld <strong>Thema<\/strong> in iManage Work auf den neuen Namen ge\u00e4ndert.<\/li>\n<li>Die Betreffzeile der E-Mail in Microsoft Outlook \u00e4ndert sich nicht.<\/li>\n<li>Das urspr\u00fcngliche Thema wird angezeigt, wenn Sie die E-Mail in iManage Work oder im iManage Work Panels \u00f6ffnen, beantworten oder weiterleiten.<\/li>\n<\/ul>\n<p><img loading=\"lazy\" decoding=\"async\" class=\"alignnone size-full wp-image-812\" src=\"https:\/\/docs.imanage.com\/wp-content\/uploads\/2022\/09\/01_RenameEmails.gif\" alt=\"\" width=\"920\" height=\"472\" \/><\/p>\n<h2>iManage Work Desktop for Windows ist Barrierefrei gem\u00e4\u00df Abschnitt 508 der WCAG-Richtlinien f\u00fcr Digitale Barrierefreiheit<\/h2>\n<p>iManage Work Desktop for Windows ist Barrierefrei gem\u00e4\u00df Abschnitt 508 der US-Amerikanischen Gesetzesvorschriften f\u00fcr Digitale Barrierefreiheit.<\/p>\n<p>Sie k\u00f6nnen jetzt die Bildschirmleseprogramme JAWS 2021 oder JAWS 2022 verwenden, um sich den Bildschirminhalt vorlesen zu lassen, oder um die Tastatursteuerung f\u00fcr Mausklicks zu verwenden, wenn Sie folgende Elemente verwenden:<\/p>\n<ul>\n<li>iManage Reiter, B\u00e4nder, Men\u00fcs, Auswahlfenster und Bedienfelder, die in Microsoft Word, Microsoft Excel, Microsoft PowerPoint, Microsoft Outlook, Microsoft Visio sowie in Anwendungen von MS Projekt verf\u00fcgbar sind<\/li>\n<li>iManage Reiter, Men\u00fcs, Auswahlfenster und Bedienfelder in Adobe Acrobat Reader DC und Adobe Acrobat Pro DC<\/li>\n<li>E-Mail-Management Symbolleiste und Auswahlfenster zum Ablageort in Microsoft Outlook<\/li>\n<li>iManage Work Panels<\/li>\n<li>iManage Work Agent<\/li>\n<\/ul>\n<p>Kontaktieren Sie Ihren Administrator, um diese Funktion freizuschalten.<\/p>\n<h2>iManage Work Anh\u00e4nge \u00fcber den Reiter Einf\u00fcgen einf\u00fcgen<\/h2>\n<p>Sie k\u00f6nnen Dokumente, die Sie in iManage Work abgespeichert haben, einf\u00fcgen, wenn Sie Aufgaben, Meetings oder Termine erstellen, indem Sie die Option <strong>iManage Anhang einf\u00fcgen <\/strong>verwenden, die jetzt im Reiter Einf\u00fcgen in den Fenstern <strong>Neue Aufgabe, Neues Meeting <\/strong>oder <strong>Neuer Termin <\/strong>in Microsoft Outlook zur Verf\u00fcgung steht.<\/p>\n<p>Fenster Neuer Termin<\/p>\n<p><img loading=\"lazy\" decoding=\"async\" class=\"alignnone wp-image-816 size-full\" src=\"https:\/\/docs.imanage.com\/wp-content\/uploads\/2022\/09\/02_Attachment_meeting-1.gif\" alt=\"\" width=\"920\" height=\"472\" \/><\/p>\n<p>Fenster Neue Aufgabe<\/p>\n<p><img loading=\"lazy\" decoding=\"async\" class=\"alignnone wp-image-817 size-full\" src=\"https:\/\/docs.imanage.com\/wp-content\/uploads\/2022\/09\/03_Attachment_Task-1.gif\" alt=\"\" width=\"920\" height=\"472\" \/><\/p>\n<h1>Was gibt es Neues in iManage Drive?<\/h1>\n<p>Erstellt: 10.8.0 (September 2022)<\/p>\n<h2 id=\"id-.ForBeamerv10.8.0-DieSucheistjetztiniManageDriveforMaczufinden\">Die Suche ist jetzt in iManage Drive for Mac zu finden<\/h2>\n<p>Sie k\u00f6nnen jetzt von iManage Drive aus nach einem oder mehreren Dokumenten suchen, die in einem synchronisierten Arbeitsbereich gespeichert sind. W\u00e4hlen Sie \u00a0 <img loading=\"lazy\" decoding=\"async\" class=\"alignnone wp-image-821\" src=\"https:\/\/docs.imanage.com\/wp-content\/uploads\/2022\/09\/Screenshot-2022-07-24-at-10.00.32-PM-1.png\" alt=\"\" width=\"25\" height=\"28\" \/>\u00a0(Suchsymbol) in iManage Drive, um das\u00a0<strong>Such<\/strong>fenster in der Anwendung zu \u00f6ffnen und nach Dokumenten zu suchen, und zwar entweder mit Hilfe eines Schl\u00fcsselworts, des Dokumenttitels, des Autors\/Betreibers, dem das @-Symbol vorangestellt ist, oder der Dokumentnummer, der das #-Symbol vorangestellt ist.\u00a0Weitere Informationen zu dieser Funktion finden Sie im Abschnitt\u00a0<a class=\"external-link\" href=\"https:\/\/docs.imanage.com\/drive-windows-help\/10.8.0\/en\/Searching_for_documents_in_iManage_Drive.html\" rel=\"nofollow\"><em>Nach Dokumenten suchen in iManage Drive<\/em>\u00a0<\/a>in der\u00a0<a class=\"external-link\" href=\"https:\/\/docs.imanage.com\/drive-windows-help\/10.8.0\/en\/iManage_Drive_User_Guide.html\" rel=\"nofollow\"><em>iManage Drive-Benutzerhilfe<\/em><\/a>. Die Suchfunktion ist in iManage Drive 10.8.0 oder einer.<\/p>\n<p><img loading=\"lazy\" decoding=\"async\" class=\"alignnone wp-image-822\" src=\"https:\/\/docs.imanage.com\/wp-content\/uploads\/2022\/09\/3_searchwindows.gif\" alt=\"\" width=\"834\" height=\"670\" \/><\/p>\n<p><strong>Previous release<\/strong>:\u00a0<a href=\"https:\/\/docs.imanage.com\/de\/work\/whats-new-in-imanage-wdw-2022-02.html\">iManage Desktop for Windows 10.7<\/a><\/p>\n","protected":false},"excerpt":{"rendered":"<p>Version 10.8.0.98 (Oktober 2022) Verlinken oder binden Sie Microsoft Excel-Dateien zusammen mit iManage Links Manager ein Um auf zugeh\u00f6rige Informationen in einer anderen Microsoft Excel Datei schneller zuzugreifen, k\u00f6nnen Sie jetzt einen Direktlink in eine Tabelle einf\u00fcgen. Sie k\u00f6nnen auch eine komplette Microsoft Excel Datei in die Tabelle einf\u00fcgen. Das iManage Links Manager Bedienfeld macht [&hellip;]<\/p>\n","protected":false},"author":4,"featured_media":0,"parent":146,"menu_order":0,"comment_status":"closed","ping_status":"closed","template":"","meta":{"_acf_changed":false,"footnotes":""},"class_list":["post-794","page","type-page","status-publish","hentry"],"translation":{"provider":"WPGlobus","version":"3.0.2","language":"de","enabled_languages":["en","de","fr","qc","jp","br","es","zh"],"languages":{"en":{"title":true,"content":true,"excerpt":false},"de":{"title":true,"content":true,"excerpt":false},"fr":{"title":true,"content":true,"excerpt":false},"qc":{"title":true,"content":true,"excerpt":false},"jp":{"title":true,"content":true,"excerpt":false},"br":{"title":true,"content":true,"excerpt":false},"es":{"title":true,"content":true,"excerpt":false},"zh":{"title":true,"content":true,"excerpt":false}}},"acf":[],"yoast_head":"<!-- This site is optimized with the Yoast SEO plugin v27.3 - https:\/\/yoast.com\/product\/yoast-seo-wordpress\/ -->\n<title>Was gibt es Neues in iManage Work Desktop for Windows? &#8211; Docs - iManage<\/title>\n<meta name=\"robots\" content=\"index, follow, max-snippet:-1, max-image-preview:large, max-video-preview:-1\" \/>\n<link rel=\"canonical\" href=\"https:\/\/docs.imanage.com\/work\/whats-new-in-imanage-wdw-10-8-0.html\" \/>\n<meta property=\"og:locale\" content=\"de_DE\" \/>\n<meta property=\"og:type\" content=\"article\" \/>\n<meta property=\"og:title\" content=\"Was gibt es Neues in iManage Work Desktop for Windows? &#8211; Docs - iManage\" \/>\n<meta property=\"og:url\" content=\"https:\/\/docs.imanage.com\/work\/whats-new-in-imanage-wdw-10-8-0.html\" \/>\n<meta property=\"og:site_name\" content=\"Docs - iManage\" \/>\n<meta property=\"article:modified_time\" content=\"2024-04-16T17:21:25+00:00\" \/>\n<meta property=\"og:image\" content=\"https:\/\/docs.imanage.com\/wp-content\/uploads\/2022\/09\/04_OLE_Linking.gif\" \/>\n<meta name=\"twitter:card\" content=\"summary_large_image\" \/>\n<meta name=\"twitter:label1\" content=\"Est. reading time\" \/>\n\t<meta name=\"twitter:data1\" content=\"4 minutes\" \/>\n<script type=\"application\/ld+json\" class=\"yoast-schema-graph\">{\"@context\":\"https:\\\/\\\/schema.org\",\"@graph\":[{\"@type\":\"WebPage\",\"@id\":\"https:\\\/\\\/docs.imanage.com\\\/work\\\/whats-new-in-imanage-wdw-10-8-0.html\",\"url\":\"https:\\\/\\\/docs.imanage.com\\\/work\\\/whats-new-in-imanage-wdw-10-8-0.html\",\"name\":\"Was gibt es Neues in iManage Work Desktop for Windows? &#8211; Docs - iManage\",\"isPartOf\":{\"@id\":\"https:\\\/\\\/docs.imanage.com\\\/#website\"},\"primaryImageOfPage\":{\"@id\":\"https:\\\/\\\/docs.imanage.com\\\/work\\\/whats-new-in-imanage-wdw-10-8-0.html#primaryimage\"},\"image\":{\"@id\":\"https:\\\/\\\/docs.imanage.com\\\/work\\\/whats-new-in-imanage-wdw-10-8-0.html#primaryimage\"},\"thumbnailUrl\":\"https:\\\/\\\/docs.imanage.com\\\/wp-content\\\/uploads\\\/2022\\\/09\\\/04_OLE_Linking.gif\",\"datePublished\":\"2022-04-22T09:46:17+00:00\",\"dateModified\":\"2024-04-16T17:21:25+00:00\",\"breadcrumb\":{\"@id\":\"https:\\\/\\\/docs.imanage.com\\\/work\\\/whats-new-in-imanage-wdw-10-8-0.html#breadcrumb\"},\"inLanguage\":\"de-DE\",\"potentialAction\":[{\"@type\":\"ReadAction\",\"target\":[\"https:\\\/\\\/docs.imanage.com\\\/work\\\/whats-new-in-imanage-wdw-10-8-0.html\"]}]},{\"@type\":\"ImageObject\",\"inLanguage\":\"de-DE\",\"@id\":\"https:\\\/\\\/docs.imanage.com\\\/work\\\/whats-new-in-imanage-wdw-10-8-0.html#primaryimage\",\"url\":\"https:\\\/\\\/docs.imanage.com\\\/wp-content\\\/uploads\\\/2022\\\/09\\\/04_OLE_Linking.gif\",\"contentUrl\":\"https:\\\/\\\/docs.imanage.com\\\/wp-content\\\/uploads\\\/2022\\\/09\\\/04_OLE_Linking.gif\"},{\"@type\":\"BreadcrumbList\",\"@id\":\"https:\\\/\\\/docs.imanage.com\\\/work\\\/whats-new-in-imanage-wdw-10-8-0.html#breadcrumb\",\"itemListElement\":[{\"@type\":\"ListItem\",\"position\":1,\"name\":\"Home\",\"item\":\"https:\\\/\\\/docs.imanage.com\\\/\"},{\"@type\":\"ListItem\",\"position\":2,\"name\":\"Work\",\"item\":\"https:\\\/\\\/docs.imanage.com\\\/work.html\"},{\"@type\":\"ListItem\",\"position\":3,\"name\":\"What\u2019s new in iManage Work Desktop for Windows\"}]},{\"@type\":\"WebSite\",\"@id\":\"https:\\\/\\\/docs.imanage.com\\\/#website\",\"url\":\"https:\\\/\\\/docs.imanage.com\\\/\",\"name\":\"Docs - iManage\",\"description\":\"\",\"potentialAction\":[{\"@type\":\"SearchAction\",\"target\":{\"@type\":\"EntryPoint\",\"urlTemplate\":\"https:\\\/\\\/docs.imanage.com\\\/?s={search_term_string}\"},\"query-input\":{\"@type\":\"PropertyValueSpecification\",\"valueRequired\":true,\"valueName\":\"search_term_string\"}}],\"inLanguage\":\"de-DE\"}]}<\/script>\n<!-- \/ Yoast SEO plugin. -->","yoast_head_json":{"title":"Was gibt es Neues in iManage Work Desktop for Windows? &#8211; Docs - iManage","robots":{"index":"index","follow":"follow","max-snippet":"max-snippet:-1","max-image-preview":"max-image-preview:large","max-video-preview":"max-video-preview:-1"},"canonical":"https:\/\/docs.imanage.com\/work\/whats-new-in-imanage-wdw-10-8-0.html","og_locale":"de_DE","og_type":"article","og_title":"Was gibt es Neues in iManage Work Desktop for Windows? &#8211; Docs - iManage","og_url":"https:\/\/docs.imanage.com\/work\/whats-new-in-imanage-wdw-10-8-0.html","og_site_name":"Docs - iManage","article_modified_time":"2024-04-16T17:21:25+00:00","og_image":[{"url":"https:\/\/docs.imanage.com\/wp-content\/uploads\/2022\/09\/04_OLE_Linking.gif","type":"","width":"","height":""}],"twitter_card":"summary_large_image","twitter_misc":{"Est. reading time":"4 minutes"},"schema":{"@context":"https:\/\/schema.org","@graph":[{"@type":"WebPage","@id":"https:\/\/docs.imanage.com\/work\/whats-new-in-imanage-wdw-10-8-0.html","url":"https:\/\/docs.imanage.com\/work\/whats-new-in-imanage-wdw-10-8-0.html","name":"Was gibt es Neues in iManage Work Desktop for Windows? &#8211; Docs - iManage","isPartOf":{"@id":"https:\/\/docs.imanage.com\/#website"},"primaryImageOfPage":{"@id":"https:\/\/docs.imanage.com\/work\/whats-new-in-imanage-wdw-10-8-0.html#primaryimage"},"image":{"@id":"https:\/\/docs.imanage.com\/work\/whats-new-in-imanage-wdw-10-8-0.html#primaryimage"},"thumbnailUrl":"https:\/\/docs.imanage.com\/wp-content\/uploads\/2022\/09\/04_OLE_Linking.gif","datePublished":"2022-04-22T09:46:17+00:00","dateModified":"2024-04-16T17:21:25+00:00","breadcrumb":{"@id":"https:\/\/docs.imanage.com\/work\/whats-new-in-imanage-wdw-10-8-0.html#breadcrumb"},"inLanguage":"de-DE","potentialAction":[{"@type":"ReadAction","target":["https:\/\/docs.imanage.com\/work\/whats-new-in-imanage-wdw-10-8-0.html"]}]},{"@type":"ImageObject","inLanguage":"de-DE","@id":"https:\/\/docs.imanage.com\/work\/whats-new-in-imanage-wdw-10-8-0.html#primaryimage","url":"https:\/\/docs.imanage.com\/wp-content\/uploads\/2022\/09\/04_OLE_Linking.gif","contentUrl":"https:\/\/docs.imanage.com\/wp-content\/uploads\/2022\/09\/04_OLE_Linking.gif"},{"@type":"BreadcrumbList","@id":"https:\/\/docs.imanage.com\/work\/whats-new-in-imanage-wdw-10-8-0.html#breadcrumb","itemListElement":[{"@type":"ListItem","position":1,"name":"Home","item":"https:\/\/docs.imanage.com\/"},{"@type":"ListItem","position":2,"name":"Work","item":"https:\/\/docs.imanage.com\/work.html"},{"@type":"ListItem","position":3,"name":"What\u2019s new in iManage Work Desktop for Windows"}]},{"@type":"WebSite","@id":"https:\/\/docs.imanage.com\/#website","url":"https:\/\/docs.imanage.com\/","name":"Docs - iManage","description":"","potentialAction":[{"@type":"SearchAction","target":{"@type":"EntryPoint","urlTemplate":"https:\/\/docs.imanage.com\/?s={search_term_string}"},"query-input":{"@type":"PropertyValueSpecification","valueRequired":true,"valueName":"search_term_string"}}],"inLanguage":"de-DE"}]}},"_links":{"self":[{"href":"https:\/\/docs.imanage.com\/de\/wp-json\/wp\/v2\/pages\/794","targetHints":{"allow":["GET"]}}],"collection":[{"href":"https:\/\/docs.imanage.com\/de\/wp-json\/wp\/v2\/pages"}],"about":[{"href":"https:\/\/docs.imanage.com\/de\/wp-json\/wp\/v2\/types\/page"}],"author":[{"embeddable":true,"href":"https:\/\/docs.imanage.com\/de\/wp-json\/wp\/v2\/users\/4"}],"replies":[{"embeddable":true,"href":"https:\/\/docs.imanage.com\/de\/wp-json\/wp\/v2\/comments?post=794"}],"version-history":[{"count":0,"href":"https:\/\/docs.imanage.com\/de\/wp-json\/wp\/v2\/pages\/794\/revisions"}],"up":[{"embeddable":true,"href":"https:\/\/docs.imanage.com\/de\/wp-json\/wp\/v2\/pages\/146"}],"wp:attachment":[{"href":"https:\/\/docs.imanage.com\/de\/wp-json\/wp\/v2\/media?parent=794"}],"curies":[{"name":"wp","href":"https:\/\/api.w.org\/{rel}","templated":true}]}}