{"id":832,"date":"2022-11-11T18:32:52","date_gmt":"2022-11-11T18:32:52","guid":{"rendered":"https:\/\/docs.imanage.com\/?page_id=832"},"modified":"2024-04-16T18:16:34","modified_gmt":"2024-04-16T18:16:34","slug":"whats-new-in-imanage-wdw-10-9-0","status":"publish","type":"page","link":"https:\/\/docs.imanage.com\/de\/work\/whats-new-in-imanage-wdw-10-9-0.html","title":{"rendered":"Was gibt es Neues in iManage Work Desktop for Windows?"},"content":{"rendered":"<p>Build: 10.9.1.14 (September 2023)<\/p>\n<h2>Dialogfenster Speichern Als beh\u00e4lt den letzten Speicherort<\/h2>\n<p>Wenn Sie ab jetzt die iManage Option Speicher Als verwenden, um ein neues Dokument oder einen Anhang zu speichern, beh\u00e4lt das iManage Dialogfenster Speichern Als den letzten Speicherort. Das hei\u00dft, Sie m\u00fcssen nicht jedes Mal nach dem Ordner suchen.<\/p>\n<p>Dar\u00fcber hinaus navigiert das Dialogfenster Speichern Als standardm\u00e4\u00dfig zum Speicherort von dem das Dokument ge\u00f6ffnet wurde, wenn Sie ein vorhandenes Dokument mit der Option Speichern Als speichern.<\/p>\n<h2>\u00a0Erweiterte Zugangserleichterung zum iManage Offline Panel<\/h2>\n<p>Sie k\u00f6nnen nun den Job Access With Speech (JAWS) Bildschirmleser 2022 mit dem iManage Offline Panel verwenden. Sie k\u00f6nnen alternativ zu Mausklicks im iManage Offline Panel bestimmte Tastaturbefehle nutzen.<\/p>\n<p>Weitere Informationen zur Verwendung von bestimmten Tastaturbefehlen im iManage Offline Panel finden Sie im <em>Abschnitt Anzeigen und Hochladen von Offline-Dokumenten<\/em> in der <em>Hilfe f\u00fcr iManage Work Desktop f\u00fcr Windows<\/em>.<\/p>\n<h2>Effizienterer Anmeldevorgang f\u00fcr iManage Work Desktop for Windows<\/h2>\n<p>Sie k\u00f6nnen sich nun in iManage Work Desktop for Windows mit dem Standard-Browser anstatt des Dialogfelds Anmelden anmelden. Diese Funktion ist insbesondere dann hilfreich, wenn Sie mit dem traditionellen Dialogfeld Anmelden Probleme haben.<\/p>\n<p><img loading=\"lazy\" decoding=\"async\" class=\"alignnone wp-image-877\" src=\"https:\/\/docs.imanage.com\/wp-content\/uploads\/2023\/07\/LoginNew_GIF.gif\" alt=\"\" width=\"700\" height=\"423\" \/><\/p>\n<p>Build: 10.9.0.91 (April 2023)<\/p>\n<h2>\u00a0Erweiterungen f\u00fcr iManage Auto Updates<\/h2>\n<p>Wir haben unsere iManage Auto Updates erweitert. Ab dem Zeitpunkt, an dem Sie iManage Work Desktop for Windows 10.9.0 installieren:<\/p>\n<ul>\n<li>M\u00fcssen Sie Ihre Microsoft Office oder Adobe Acrobat-Anwendungen nicht l\u00e4nger schlie\u00dfen, wenn Sie auf aktuellere Builds oder Versionen aktualisieren. Ist die Aktualisierung installiert, wird ein gelber Balken in Ihrer Microsoft Office-Anwendung angezeigt, au\u00dfer in Microsoft Visio.<\/li>\n<li>K\u00f6nnen Sie sicherstellen, dass die Aktualisierungen automatisch auf Ihrem Ger\u00e4t installiert werden, ohne dass Sie weiter etwas tun m\u00fcssen.<\/li>\n<\/ul>\n<p><img loading=\"lazy\" decoding=\"async\" class=\"alignnone wp-image-859 size-full\" src=\"https:\/\/docs.imanage.com\/wp-content\/uploads\/2023\/04\/2023-04-12_14-12-43.png\" alt=\"\" width=\"1200\" height=\"60\" srcset=\"https:\/\/docs.imanage.com\/wp-content\/uploads\/2023\/04\/2023-04-12_14-12-43.png 1200w, https:\/\/docs.imanage.com\/wp-content\/uploads\/2023\/04\/2023-04-12_14-12-43-300x15.png 300w, https:\/\/docs.imanage.com\/wp-content\/uploads\/2023\/04\/2023-04-12_14-12-43-1024x51.png 1024w, https:\/\/docs.imanage.com\/wp-content\/uploads\/2023\/04\/2023-04-12_14-12-43-768x38.png 768w\" sizes=\"auto, (max-width: 1200px) 100vw, 1200px\" \/><\/p>\n<p>Um die vollen Vorz\u00fcge von iManage Auto Updates zu genie\u00dfen, befragen Sie Ihren Systemadministrator und verweisen Sie auf die<a href=\"https:\/\/docs.imanage.com\/wdw-install-help\/10.9.0\/en\/iManage_Work_Desktop_for_Windows_Installation_Help.html\"> <em>Installationsanleitungen von iManage Work Desktop for Windows<\/em><\/a>.<\/p>\n<p><strong>HINWEIS<\/strong>: Sie k\u00f6nnen die oben aufgelisteten Vorteile nur genie\u00dfen, wenn Sie von iManage Work Desktop for Windows 10.9.0 auf eine aktuellere Version der Anwendung upgraden. Diese Vorteile sind nicht verf\u00fcgbar, wenn sie von einer vorigen Version von iManage Work Desktop for Windows aktualisieren (10.8.0 und \u00e4lter).<\/p>\n<h2>\u00c4nderungen an der co-Autoren-Vorlage<\/h2>\n<p>Wenn Sie mit der Arbeit als co-Autoren fertig sind und sie als neues Dokument speichern, werden Sie eine E-Mail-Vorlage mit Links finden, sowohl zum neuen, als auch zum Originaldokument Empf\u00e4nger k\u00f6nnen dann entweder das alte oder neue Dokument ausw\u00e4hlen um daran als co-Autoren zu arbeiten.<\/p>\n<p><img loading=\"lazy\" decoding=\"async\" class=\"alignnone wp-image-857 size-full\" src=\"https:\/\/docs.imanage.com\/wp-content\/uploads\/2023\/04\/coauthor_template.png\" alt=\"\" width=\"1658\" height=\"729\" srcset=\"https:\/\/docs.imanage.com\/wp-content\/uploads\/2023\/04\/coauthor_template.png 1658w, https:\/\/docs.imanage.com\/wp-content\/uploads\/2023\/04\/coauthor_template-300x132.png 300w, https:\/\/docs.imanage.com\/wp-content\/uploads\/2023\/04\/coauthor_template-1024x450.png 1024w, https:\/\/docs.imanage.com\/wp-content\/uploads\/2023\/04\/coauthor_template-768x338.png 768w, https:\/\/docs.imanage.com\/wp-content\/uploads\/2023\/04\/coauthor_template-1536x675.png 1536w\" sizes=\"auto, (max-width: 1658px) 100vw, 1658px\" \/><\/p>\n<h2>Erweiterter Zugriff auf die Durchsuchen-und-Ordnen-Dialogbox und EMM-Symbolleiste<\/h2>\n<p>Sie k\u00f6nnen nun denJAWS-Bildschirmleser mit der Durchsuchen-und-Ordnen-Dialogbox und EMM-Symbolleiste verwenden. Sie k\u00f6nnen auch die Tastatur-Alternative f\u00fcr Mausklicks auf die EMM-Symbolleiste anwenden und die Ablageort-Auswahl-Dialogbox verwenden.<\/p>\n<p>F\u00fcr mehr Information dar\u00fcber, wie man die Keyboard-Alternativen f\u00fcr EMM-Symbolleiste und Ablageort-Auswahl-Dialogbox verwendet, wenden Sie sich an den Abschnitt <em>Verwendung der EMM-Symbolleiste und Ablageort-Auswahl-Dialogbox<\/em>\u00a0in der<em>iManage Work Desktop for Windows-Hilfe<\/em>.<\/p>\n<h2>Verbesserungen an der E-Mail-Ablage<\/h2>\n<p>Wir haben die Art, wie E-Mails in iManage Work geordnet werden, verbessert. Ab jetzt<\/p>\n<ul>\n<li>K\u00f6nnen E-Mails geordnet werden, sogar dann wenn Sie sie an einen anderen Ort in Ihrem Postfach verschoben haben.<\/li>\n<li>E-Mails, die aufgrund verschiedener Fehler nicht eingeordnet werden, werden mit einem Fehlerstatus markiert.<\/li>\n<\/ul>\n<p>Wenn Sie das Postfach besitzen, an dem Sie arbeiten, k\u00f6nnen Sie alle E-Mails einsehen, die aufgrund verschiedener Fehler nicht eingeordnet sind, indem Sie <strong>Einordnungsfehler anzeigen<\/strong> ausw\u00e4hlen, was im iManage Tab in Microsoft Outlook verf\u00fcgbar ist. Alle E-Mails, die nicht eingeordnet wurden, k\u00f6nnen im E-Mail-Einordnungsfehler-Ordner eingesehen werden.<\/p>\n<p><img loading=\"lazy\" decoding=\"async\" class=\"alignnone wp-image-860\" src=\"https:\/\/docs.imanage.com\/wp-content\/uploads\/2023\/04\/GIF_Email_Filing.gif\" alt=\"\" width=\"700\" height=\"306\" \/><\/p>\n<p>Sie k\u00f6nnen dann die Erneut-Einordnen-Option verwenden, die im Rechtsklick-Men\u00fc verf\u00fcgbar ist, um die Einordnung dieser E-Mails erneut zu versuchen. Diese E-Mails werden erneut verarbeitet und dann in die\/den vorher vorgeschlagenen Ort\/e eingeordnet.<\/p>\n<p><img loading=\"lazy\" decoding=\"async\" class=\"alignnone wp-image-861\" src=\"https:\/\/docs.imanage.com\/wp-content\/uploads\/2023\/04\/RetryFiling.gif\" alt=\"\" width=\"700\" height=\"287\" \/><\/p>\n<h1>Was gibt es Neues in iManage Drive?<\/h1>\n<p><strong>Build: 10.9.0 (Mai 2023)<\/strong><\/p>\n<h2>Synchronisieren und \u00d6ffnen Sie Inhalte direkt von iManage Work zu iManage Drive<\/h2>\n<p>Sie k\u00f6nnen nun Inhalte, die Sie in iManage Work gespeichert haben, direkt zu iManage Drive synchronisieren und \u00f6ffnen. Sie k\u00f6nnen:<\/p>\n<ul class=\"ak-ul\" data-indent-level=\"1\">\n<li>den Arbeitsbereich, den Ordner, das Dokument oder die E-Mail ausw\u00e4hlen, die Sie synchronisieren m\u00f6chten, und dann im <img loading=\"lazy\" decoding=\"async\" class=\"alignnone wp-image-847\" src=\"https:\/\/docs.imanage.com\/wp-content\/uploads\/2023\/03\/Screenshot-2023-03-06-at-10.06.34-PM.png\" alt=\"\" width=\"17\" height=\"32\" \/> Hamburger-Men\u00fc\u00a0<strong>Im Datei-Explorer synchronisieren und \u00f6ffnen<\/strong>\u00a0ausw\u00e4hlen.<\/li>\n<li>mehrere Arbeitsbereiche w\u00e4hlen und dann <img loading=\"lazy\" decoding=\"async\" class=\"alignnone wp-image-848\" src=\"https:\/\/docs.imanage.com\/wp-content\/uploads\/2023\/03\/Screenshot-2023-03-06-at-10.41.27-PM.png\" alt=\"\" width=\"24\" height=\"24\" \/> <strong>Im Datei-Explorer synchronisieren und \u00f6ffnen<\/strong>\u00a0ausw\u00e4hlen<\/li>\n<\/ul>\n<p>Falls iManage Drive erkennt, dass das gew\u00e4hlte Element nicht synchronisiert wurde, \u00f6ffnet sich die iManage Drive-Konsole und fordert Sie auf, die Synchronisierung der gew\u00e4hlten Elemente zu best\u00e4tigen. Sobald die Elemente synchronisiert wurden, \u00f6ffnet sich der Windows-Explorer und Sie k\u00f6nnen die synchronisierten Elemente markiert ansehen. Weitere Informationen finden Sie im Abschnitt <a href=\"https:\/\/docs.imanage.com\/drive-windows-help\/10.9.0\/en\/Syncing_from_iManage_Work_using_web_extensions.html\"><em>Synchronisieren von iManage Work mit Web-Erweiterungen<\/em>\u00a0<\/a>in der\u00a0<a href=\"https:\/\/docs.imanage.com\/drive-windows-help\/10.9.0\/en\/iManage_Drive_Help.html\"><em>iManage Drive Hilfe<\/em><\/a>.<\/p>\n<p><strong>HINWEIS<\/strong>: Ihr Administrator muss die iManage Drive Web Extensions im iManage Control Center aktivieren, damit Sie diese Funktion nutzen k\u00f6nnen. Kontaktieren Sie Ihren Administrator, um weitere Informationen zu erhalten.<\/p>\n<p data-renderer-start-pos=\"831\"><img loading=\"lazy\" decoding=\"async\" class=\"alignnone wp-image-849 size-full\" src=\"https:\/\/docs.imanage.com\/wp-content\/uploads\/2023\/03\/sync_web.gif\" alt=\"\" width=\"920\" height=\"518\" \/><\/p>\n<h2>Verbesserungen bei der Synchronisierung und des Stoppens der Synchronisierung von Inhalten von der iManage Drive-Konsole<\/h2>\n<p>Wenn Sie neue zu synchronisierende Angelegenheiten im Dialogfenster \u201eZu Synchronisierende Angelegenheiten ausw\u00e4hlen\u201c w\u00e4hlen, werden diese am Anfang der Auswahlliste mit der Kennzeichnung\u00a0<strong>Neu<\/strong>\u00a0aufgef\u00fchrt- Wenn Sie eine Angelegenheit zum Entsynchronisieren ausw\u00e4hlen, wird die Kennzeichnung\u00a0<strong>Zu Entsynchronisieren<\/strong>, wie in der Abbildung unterhalb dargestellt, angezeigt.<\/p>\n<p><img loading=\"lazy\" decoding=\"async\" class=\"alignnone wp-image-850\" src=\"https:\/\/docs.imanage.com\/wp-content\/uploads\/2023\/03\/Screenshot-2023-03-19-at-4.07.37-PM-300x239.png\" alt=\"\" width=\"700\" height=\"557\" srcset=\"https:\/\/docs.imanage.com\/wp-content\/uploads\/2023\/03\/Screenshot-2023-03-19-at-4.07.37-PM-300x239.png 300w, https:\/\/docs.imanage.com\/wp-content\/uploads\/2023\/03\/Screenshot-2023-03-19-at-4.07.37-PM-1024x815.png 1024w, https:\/\/docs.imanage.com\/wp-content\/uploads\/2023\/03\/Screenshot-2023-03-19-at-4.07.37-PM-768x611.png 768w, https:\/\/docs.imanage.com\/wp-content\/uploads\/2023\/03\/Screenshot-2023-03-19-at-4.07.37-PM-1536x1223.png 1536w, https:\/\/docs.imanage.com\/wp-content\/uploads\/2023\/03\/Screenshot-2023-03-19-at-4.07.37-PM.png 1568w\" sizes=\"auto, (max-width: 700px) 100vw, 700px\" \/><\/p>\n<div class=\"rich-media-item mediaSingleView-content-wrap image-center css-1mzi1es\" data-layout=\"center\" data-node-type=\"mediaSingle\">\n<div class=\"css-1co4408\">\n<div data-context-id=\"270139445\" data-type=\"file\" data-node-type=\"media\" data-width=\"1568\" data-height=\"1248\" data-id=\"956fab6d-ce88-4bd4-bc60-a3c3500ede0f\" data-collection=\"contentId-270139445\" data-file-name=\"Screenshot%202023-03-19%20at%204.07.37%20PM.png?version=1&amp;modificationDate=1679223616207&amp;cacheVersion=1&amp;api=v2&amp;width=720\" data-file-size=\"531470\" data-file-mime-type=\"image\/png\" data-alt=\"\">\n<div id=\"newFileExperienceWrapper\" class=\"new-file-experience-wrapper css-1m3tkab\" data-testid=\"media-card-view\">\n<div class=\"media-file-card-view css-1yn77bd\" data-testid=\"media-file-card-view\" data-test-status=\"complete\" data-test-media-name=\"Screenshot%202023-03-19%20at%204.07.37%20PM.png?version=1&amp;modificationDate=1679223616207&amp;cacheVersion=1&amp;api=v2&amp;width=720\" data-test-progress=\"1\">\n<p>Dar\u00fcber hinaus haben wir den Eintrag im Arbeitsbereich-Men\u00fc von Verkn\u00fcpfung trennen auf Zu Entsynchronisieren ge\u00e4ndert. Wenn Sie von nun an also Angelegenheiten von der iManage Drive-Konsole aus Synchronisierte Angelegenheiten, Meine Angelegenheiten oder J\u00fcngste Angelegenheiten entsynchronisieren, m\u00fcssen Sie, wie in der Abbildung unterhalb dargestellt,\u00a0<strong>Entsynchronisieren<\/strong>\u00a0anstatt\u00a0<strong>Verkn\u00fcpfung\u00a0trennen<\/strong> ausw\u00e4hlen.<\/p>\n<\/div>\n<div data-testid=\"media-file-card-view\" data-test-status=\"complete\" data-test-media-name=\"Screenshot%202023-03-19%20at%204.07.37%20PM.png?version=1&amp;modificationDate=1679223616207&amp;cacheVersion=1&amp;api=v2&amp;width=720\" data-test-progress=\"1\"><\/div>\n<\/div>\n<\/div>\n<\/div>\n<\/div>\n<div class=\"rich-media-item mediaSingleView-content-wrap image-center css-1mzi1es\" data-layout=\"center\" data-node-type=\"mediaSingle\">\n<div class=\"css-bx0m7m\">\n<div data-context-id=\"270139445\" data-type=\"file\" data-node-type=\"media\" data-width=\"804\" data-height=\"478\" data-id=\"ed50029b-ba5a-4a52-9fbf-c6089ee2a5d9\" data-collection=\"contentId-270139445\" data-file-name=\"Screenshot 2023-03-24 at 3.23.50 PM.png\" data-file-size=\"328616\" data-file-mime-type=\"image\/png\" data-alt=\"\">\n<div id=\"newFileExperienceWrapper\" class=\"new-file-experience-wrapper css-blus94\" data-testid=\"media-card-view\">\n<div class=\"media-file-card-view css-1yn77bd\" data-testid=\"media-file-card-view\" data-test-status=\"complete\" data-test-media-name=\"Screenshot 2023-03-24 at 3.23.50 PM.png\" data-test-progress=\"1\"><img decoding=\"async\" draggable=\"false\" src=\"blob:https:\/\/imanage-wiki.atlassian.net\/71bd069f-b39a-4fad-8bb4-31bd0f0bce67#media-blob-url=true&amp;id=ed50029b-ba5a-4a52-9fbf-c6089ee2a5d9&amp;collection=contentId-270139445&amp;contextId=270139445&amp;mimeType=image%2Fpng&amp;name=Screenshot%202023-03-24%20at%203.23.50%20PM.png&amp;size=328616&amp;height=478&amp;width=804&amp;alt=\" alt=\"\" data-testid=\"media-image\" \/><img loading=\"lazy\" decoding=\"async\" class=\"alignnone wp-image-851\" src=\"https:\/\/docs.imanage.com\/wp-content\/uploads\/2023\/03\/Screenshot-2023-03-24-at-3.23.50-PM-300x178.png\" alt=\"\" width=\"700\" height=\"416\" srcset=\"https:\/\/docs.imanage.com\/wp-content\/uploads\/2023\/03\/Screenshot-2023-03-24-at-3.23.50-PM-300x178.png 300w, https:\/\/docs.imanage.com\/wp-content\/uploads\/2023\/03\/Screenshot-2023-03-24-at-3.23.50-PM-1024x609.png 1024w, https:\/\/docs.imanage.com\/wp-content\/uploads\/2023\/03\/Screenshot-2023-03-24-at-3.23.50-PM-768x457.png 768w, https:\/\/docs.imanage.com\/wp-content\/uploads\/2023\/03\/Screenshot-2023-03-24-at-3.23.50-PM-1536x913.png 1536w, https:\/\/docs.imanage.com\/wp-content\/uploads\/2023\/03\/Screenshot-2023-03-24-at-3.23.50-PM.png 1608w\" sizes=\"auto, (max-width: 700px) 100vw, 700px\" \/><\/div>\n<div data-testid=\"media-file-card-view\" data-test-status=\"complete\" data-test-media-name=\"Screenshot 2023-03-24 at 3.23.50 PM.png\" data-test-progress=\"1\">\n<h2>Verbesserte Programmoberfl\u00e4che bei der Ansicht von Synchronisierungsproblemen<\/h2>\n<p>Wir haben das Dialogfenster Synchronisierungsprobleme anzeigen in iManage Drive\u00a010.9.0 verbessert.\u00a0Alle Elemente, bei denen ein Synchronisierungskonflikt erkannt wurde, sind im Dialogfenster nun vorab ausgew\u00e4hlt. Die verf\u00fcgbaren Optionen zum Beheben der Synchronisierungsprobleme werde nun ebenfalls gut sichtbar am Fu\u00df des Dialogfensters angezeigt.<\/p>\n<p data-renderer-start-pos=\"1785\">Es wurde zus\u00e4tzlicher Text hinzugef\u00fcgt, der Sie dabei unterst\u00fctzt, die am besten passende Aktion auszuw\u00e4hlen. Weitere Informationen finden Sie im Abschnitt\u00a0<a href=\"https:\/\/docs.imanage.com\/drive-windows-help\/10.9.0\/en\/Managing_file_sync_issues.html\"><em>Synchronisierungsprobleme von Dateien verwalten<\/em><\/a>\u00a0in\u00a0der<a href=\"https:\/\/docs.imanage.com\/drive-windows-help\/10.9.0\/en\/iManage_Drive_Help.html\"><em>\u00a0iManage\u00a0Drive-Hilfe<\/em><\/a><\/p>\n<\/div>\n<\/div>\n<\/div>\n<\/div>\n<\/div>\n<p><img loading=\"lazy\" decoding=\"async\" class=\"alignnone wp-image-852\" src=\"https:\/\/docs.imanage.com\/wp-content\/uploads\/2023\/03\/Screenshot-2023-03-18-at-10.05.58-AM-300x203.png\" alt=\"\" width=\"700\" height=\"473\" srcset=\"https:\/\/docs.imanage.com\/wp-content\/uploads\/2023\/03\/Screenshot-2023-03-18-at-10.05.58-AM-300x203.png 300w, https:\/\/docs.imanage.com\/wp-content\/uploads\/2023\/03\/Screenshot-2023-03-18-at-10.05.58-AM-768x519.png 768w, https:\/\/docs.imanage.com\/wp-content\/uploads\/2023\/03\/Screenshot-2023-03-18-at-10.05.58-AM.png 827w\" sizes=\"auto, (max-width: 700px) 100vw, 700px\" \/><\/p>\n<p><strong>Vorherige Version:\u00a0 <\/strong><a href=\"https:\/\/docs.imanage.com\/de\/work\/whats-new-in-imanage-wdw-10-8-0.html\">iManage Desktop for Windows 10.8.0 und iManage Drive 10.8.0<\/a><\/p>\n","protected":false},"excerpt":{"rendered":"<p>Build: 10.9.1.14 (September 2023) Dialogfenster Speichern Als beh\u00e4lt den letzten Speicherort Wenn Sie ab jetzt die iManage Option Speicher Als verwenden, um ein neues Dokument oder einen Anhang zu speichern, beh\u00e4lt das iManage Dialogfenster Speichern Als den letzten Speicherort. Das hei\u00dft, Sie m\u00fcssen nicht jedes Mal nach dem Ordner suchen. Dar\u00fcber hinaus navigiert das Dialogfenster [&hellip;]<\/p>\n","protected":false},"author":4,"featured_media":0,"parent":146,"menu_order":0,"comment_status":"closed","ping_status":"closed","template":"","meta":{"_acf_changed":false,"footnotes":""},"class_list":["post-832","page","type-page","status-publish","hentry"],"translation":{"provider":"WPGlobus","version":"3.0.2","language":"de","enabled_languages":["en","de","fr","qc","jp","br","es","zh"],"languages":{"en":{"title":true,"content":true,"excerpt":false},"de":{"title":true,"content":true,"excerpt":false},"fr":{"title":true,"content":true,"excerpt":false},"qc":{"title":true,"content":true,"excerpt":false},"jp":{"title":true,"content":true,"excerpt":false},"br":{"title":true,"content":true,"excerpt":false},"es":{"title":true,"content":true,"excerpt":false},"zh":{"title":true,"content":true,"excerpt":false}}},"acf":[],"yoast_head":"<!-- This site is optimized with the Yoast SEO plugin v27.3 - https:\/\/yoast.com\/product\/yoast-seo-wordpress\/ -->\n<title>Was gibt es Neues in iManage Work Desktop for Windows? &#8211; Docs - iManage<\/title>\n<meta name=\"robots\" content=\"index, follow, max-snippet:-1, max-image-preview:large, max-video-preview:-1\" \/>\n<link rel=\"canonical\" href=\"https:\/\/docs.imanage.com\/work\/whats-new-in-imanage-wdw-10-9-0.html\" \/>\n<meta property=\"og:locale\" content=\"de_DE\" \/>\n<meta property=\"og:type\" content=\"article\" \/>\n<meta property=\"og:title\" content=\"Was gibt es Neues in iManage Work Desktop for Windows? &#8211; Docs - iManage\" \/>\n<meta property=\"og:url\" content=\"https:\/\/docs.imanage.com\/work\/whats-new-in-imanage-wdw-10-9-0.html\" \/>\n<meta property=\"og:site_name\" content=\"Docs - iManage\" \/>\n<meta property=\"article:modified_time\" content=\"2024-04-16T18:16:34+00:00\" \/>\n<meta property=\"og:image\" content=\"https:\/\/docs.imanage.com\/wp-content\/uploads\/2023\/07\/LoginNew_GIF.gif\" \/>\n<meta name=\"twitter:card\" content=\"summary_large_image\" \/>\n<meta name=\"twitter:label1\" content=\"Est. reading time\" \/>\n\t<meta name=\"twitter:data1\" content=\"7 minutes\" \/>\n<script type=\"application\/ld+json\" class=\"yoast-schema-graph\">{\"@context\":\"https:\\\/\\\/schema.org\",\"@graph\":[{\"@type\":\"WebPage\",\"@id\":\"https:\\\/\\\/docs.imanage.com\\\/work\\\/whats-new-in-imanage-wdw-10-9-0.html\",\"url\":\"https:\\\/\\\/docs.imanage.com\\\/work\\\/whats-new-in-imanage-wdw-10-9-0.html\",\"name\":\"Was gibt es Neues in iManage Work Desktop for Windows? &#8211; Docs - iManage\",\"isPartOf\":{\"@id\":\"https:\\\/\\\/docs.imanage.com\\\/#website\"},\"primaryImageOfPage\":{\"@id\":\"https:\\\/\\\/docs.imanage.com\\\/work\\\/whats-new-in-imanage-wdw-10-9-0.html#primaryimage\"},\"image\":{\"@id\":\"https:\\\/\\\/docs.imanage.com\\\/work\\\/whats-new-in-imanage-wdw-10-9-0.html#primaryimage\"},\"thumbnailUrl\":\"https:\\\/\\\/docs.imanage.com\\\/wp-content\\\/uploads\\\/2023\\\/07\\\/LoginNew_GIF.gif\",\"datePublished\":\"2022-11-11T18:32:52+00:00\",\"dateModified\":\"2024-04-16T18:16:34+00:00\",\"breadcrumb\":{\"@id\":\"https:\\\/\\\/docs.imanage.com\\\/work\\\/whats-new-in-imanage-wdw-10-9-0.html#breadcrumb\"},\"inLanguage\":\"de-DE\",\"potentialAction\":[{\"@type\":\"ReadAction\",\"target\":[\"https:\\\/\\\/docs.imanage.com\\\/work\\\/whats-new-in-imanage-wdw-10-9-0.html\"]}]},{\"@type\":\"ImageObject\",\"inLanguage\":\"de-DE\",\"@id\":\"https:\\\/\\\/docs.imanage.com\\\/work\\\/whats-new-in-imanage-wdw-10-9-0.html#primaryimage\",\"url\":\"https:\\\/\\\/docs.imanage.com\\\/wp-content\\\/uploads\\\/2023\\\/07\\\/LoginNew_GIF.gif\",\"contentUrl\":\"https:\\\/\\\/docs.imanage.com\\\/wp-content\\\/uploads\\\/2023\\\/07\\\/LoginNew_GIF.gif\"},{\"@type\":\"BreadcrumbList\",\"@id\":\"https:\\\/\\\/docs.imanage.com\\\/work\\\/whats-new-in-imanage-wdw-10-9-0.html#breadcrumb\",\"itemListElement\":[{\"@type\":\"ListItem\",\"position\":1,\"name\":\"Home\",\"item\":\"https:\\\/\\\/docs.imanage.com\\\/\"},{\"@type\":\"ListItem\",\"position\":2,\"name\":\"Work\",\"item\":\"https:\\\/\\\/docs.imanage.com\\\/work.html\"},{\"@type\":\"ListItem\",\"position\":3,\"name\":\"What&#8217;s new in iManage Work Desktop for Windows\"}]},{\"@type\":\"WebSite\",\"@id\":\"https:\\\/\\\/docs.imanage.com\\\/#website\",\"url\":\"https:\\\/\\\/docs.imanage.com\\\/\",\"name\":\"Docs - iManage\",\"description\":\"\",\"potentialAction\":[{\"@type\":\"SearchAction\",\"target\":{\"@type\":\"EntryPoint\",\"urlTemplate\":\"https:\\\/\\\/docs.imanage.com\\\/?s={search_term_string}\"},\"query-input\":{\"@type\":\"PropertyValueSpecification\",\"valueRequired\":true,\"valueName\":\"search_term_string\"}}],\"inLanguage\":\"de-DE\"}]}<\/script>\n<!-- \/ Yoast SEO plugin. -->","yoast_head_json":{"title":"Was gibt es Neues in iManage Work Desktop for Windows? &#8211; Docs - iManage","robots":{"index":"index","follow":"follow","max-snippet":"max-snippet:-1","max-image-preview":"max-image-preview:large","max-video-preview":"max-video-preview:-1"},"canonical":"https:\/\/docs.imanage.com\/work\/whats-new-in-imanage-wdw-10-9-0.html","og_locale":"de_DE","og_type":"article","og_title":"Was gibt es Neues in iManage Work Desktop for Windows? &#8211; Docs - iManage","og_url":"https:\/\/docs.imanage.com\/work\/whats-new-in-imanage-wdw-10-9-0.html","og_site_name":"Docs - iManage","article_modified_time":"2024-04-16T18:16:34+00:00","og_image":[{"url":"https:\/\/docs.imanage.com\/wp-content\/uploads\/2023\/07\/LoginNew_GIF.gif","type":"","width":"","height":""}],"twitter_card":"summary_large_image","twitter_misc":{"Est. reading time":"7 minutes"},"schema":{"@context":"https:\/\/schema.org","@graph":[{"@type":"WebPage","@id":"https:\/\/docs.imanage.com\/work\/whats-new-in-imanage-wdw-10-9-0.html","url":"https:\/\/docs.imanage.com\/work\/whats-new-in-imanage-wdw-10-9-0.html","name":"Was gibt es Neues in iManage Work Desktop for Windows? &#8211; Docs - iManage","isPartOf":{"@id":"https:\/\/docs.imanage.com\/#website"},"primaryImageOfPage":{"@id":"https:\/\/docs.imanage.com\/work\/whats-new-in-imanage-wdw-10-9-0.html#primaryimage"},"image":{"@id":"https:\/\/docs.imanage.com\/work\/whats-new-in-imanage-wdw-10-9-0.html#primaryimage"},"thumbnailUrl":"https:\/\/docs.imanage.com\/wp-content\/uploads\/2023\/07\/LoginNew_GIF.gif","datePublished":"2022-11-11T18:32:52+00:00","dateModified":"2024-04-16T18:16:34+00:00","breadcrumb":{"@id":"https:\/\/docs.imanage.com\/work\/whats-new-in-imanage-wdw-10-9-0.html#breadcrumb"},"inLanguage":"de-DE","potentialAction":[{"@type":"ReadAction","target":["https:\/\/docs.imanage.com\/work\/whats-new-in-imanage-wdw-10-9-0.html"]}]},{"@type":"ImageObject","inLanguage":"de-DE","@id":"https:\/\/docs.imanage.com\/work\/whats-new-in-imanage-wdw-10-9-0.html#primaryimage","url":"https:\/\/docs.imanage.com\/wp-content\/uploads\/2023\/07\/LoginNew_GIF.gif","contentUrl":"https:\/\/docs.imanage.com\/wp-content\/uploads\/2023\/07\/LoginNew_GIF.gif"},{"@type":"BreadcrumbList","@id":"https:\/\/docs.imanage.com\/work\/whats-new-in-imanage-wdw-10-9-0.html#breadcrumb","itemListElement":[{"@type":"ListItem","position":1,"name":"Home","item":"https:\/\/docs.imanage.com\/"},{"@type":"ListItem","position":2,"name":"Work","item":"https:\/\/docs.imanage.com\/work.html"},{"@type":"ListItem","position":3,"name":"What&#8217;s new in iManage Work Desktop for Windows"}]},{"@type":"WebSite","@id":"https:\/\/docs.imanage.com\/#website","url":"https:\/\/docs.imanage.com\/","name":"Docs - iManage","description":"","potentialAction":[{"@type":"SearchAction","target":{"@type":"EntryPoint","urlTemplate":"https:\/\/docs.imanage.com\/?s={search_term_string}"},"query-input":{"@type":"PropertyValueSpecification","valueRequired":true,"valueName":"search_term_string"}}],"inLanguage":"de-DE"}]}},"_links":{"self":[{"href":"https:\/\/docs.imanage.com\/de\/wp-json\/wp\/v2\/pages\/832","targetHints":{"allow":["GET"]}}],"collection":[{"href":"https:\/\/docs.imanage.com\/de\/wp-json\/wp\/v2\/pages"}],"about":[{"href":"https:\/\/docs.imanage.com\/de\/wp-json\/wp\/v2\/types\/page"}],"author":[{"embeddable":true,"href":"https:\/\/docs.imanage.com\/de\/wp-json\/wp\/v2\/users\/4"}],"replies":[{"embeddable":true,"href":"https:\/\/docs.imanage.com\/de\/wp-json\/wp\/v2\/comments?post=832"}],"version-history":[{"count":0,"href":"https:\/\/docs.imanage.com\/de\/wp-json\/wp\/v2\/pages\/832\/revisions"}],"up":[{"embeddable":true,"href":"https:\/\/docs.imanage.com\/de\/wp-json\/wp\/v2\/pages\/146"}],"wp:attachment":[{"href":"https:\/\/docs.imanage.com\/de\/wp-json\/wp\/v2\/media?parent=832"}],"curies":[{"name":"wp","href":"https:\/\/api.w.org\/{rel}","templated":true}]}}