{"id":837,"date":"2023-02-14T09:09:48","date_gmt":"2023-02-14T09:09:48","guid":{"rendered":"https:\/\/docs.imanage.com\/?page_id=837"},"modified":"2023-06-12T09:38:51","modified_gmt":"2023-06-12T09:38:51","slug":"whats-new-in-imanage-drive-m-10-9-0","status":"publish","type":"page","link":"https:\/\/docs.imanage.com\/de\/work\/whats-new-in-imanage-drive-m-10-9-0.html","title":{"rendered":"Was gibt es Neues in iManage Drive for Mac?"},"content":{"rendered":"<p><strong>Build: 10.9.0 (Juni 2023)<\/strong><\/p>\n<h2>Synchronisieren und \u00d6ffnen Sie Inhalte direkt von iManage Work zu iManage Drive for Mac<\/h2>\n<p>Sie k\u00f6nnen nun Inhalte, die Sie in iManage Work gespeichert haben, direkt zu iManage Drive for Mac synchronisieren und \u00f6ffnen. Sie k\u00f6nnen:<\/p>\n<ul class=\"ak-ul\" data-indent-level=\"1\">\n<li>den Arbeitsbereich, den Ordner, das Dokument oder die E-Mail ausw\u00e4hlen, die Sie synchronisieren m\u00f6chten, und dann im <img loading=\"lazy\" decoding=\"async\" class=\"alignnone wp-image-847\" src=\"https:\/\/docs.imanage.com\/wp-content\/uploads\/2023\/03\/Screenshot-2023-03-06-at-10.06.34-PM.png\" alt=\"\" width=\"17\" height=\"32\" \/> Hamburger-Men\u00fc\u00a0<strong>Im Datei-Explorer synchronisieren und \u00f6ffnen<\/strong>\u00a0ausw\u00e4hlen.<\/li>\n<li>mehrere Arbeitsbereiche w\u00e4hlen und dann <img loading=\"lazy\" decoding=\"async\" class=\"alignnone wp-image-848\" src=\"https:\/\/docs.imanage.com\/wp-content\/uploads\/2023\/03\/Screenshot-2023-03-06-at-10.41.27-PM.png\" alt=\"\" width=\"24\" height=\"24\" \/> <strong>Im Datei-Explorer synchronisieren und \u00f6ffnen<\/strong>\u00a0ausw\u00e4hlen<\/li>\n<\/ul>\n<p>Falls iManage Drive erkennt, dass das gew\u00e4hlte Element nicht synchronisiert wurde, \u00f6ffnet sich die iManage Drive for Mac-Konsole und fordert Sie auf, die Synchronisierung der gew\u00e4hlten Elemente zu best\u00e4tigen. Sobald die Elemente synchronisiert wurden, \u00f6ffnet sich der Finder und Sie k\u00f6nnen die synchronisierten Elemente markiert ansehen. Weitere Informationen finden Sie im Abschnitt <a href=\"https:\/\/docs.imanage.com\/drive-mac-help\/10.9.0\/en\/Syncing_from_iManage_Work_using_web_extensions.html\"><em>Synchronisieren von iManage Work mit Web-Erweiterungen<\/em>\u00a0<\/a>in der\u00a0<a href=\"https:\/\/docs.imanage.com\/drive-mac-help\/10.9.0\/en\/iManage_Drive_for_Mac_User_Help.html\"><em>iManage Drive\u00a0 for Mac Hilfe<\/em><\/a>.<\/p>\n<p><strong>HINWEIS<\/strong>: Ihr Administrator muss die iManage Drive Web Extensions im iManage Control Center aktivieren, damit Sie diese Funktion nutzen k\u00f6nnen. Kontaktieren Sie Ihren Administrator, um weitere Informationen zu erhalten.<\/p>\n<p><img loading=\"lazy\" decoding=\"async\" class=\"alignnone wp-image-869\" src=\"https:\/\/docs.imanage.com\/wp-content\/uploads\/2023\/06\/WhatsNew_DriveMac.gif\" alt=\"\" width=\"800\" height=\"539\" \/><\/p>\n<h2>Verbesserungen bei der Synchronisierung und des Stoppens der Synchronisierung von Inhalten von der iManage Drive for Mac-Konsole<\/h2>\n<p>Wenn Sie neue zu synchronisierende Angelegenheiten im Dialogfenster \u201eZu Synchronisierende Angelegenheiten ausw\u00e4hlen\u201c w\u00e4hlen, werden diese am Anfang der Auswahlliste mit der Kennzeichnung\u00a0<strong>Neu<\/strong>\u00a0aufgef\u00fchrt- Wenn Sie eine Angelegenheit zum Entsynchronisieren ausw\u00e4hlen, wird die Kennzeichnung\u00a0<strong>Zu Entsynchronisieren<\/strong>, wie in der Abbildung unterhalb dargestellt, angezeigt.<\/p>\n<p><img loading=\"lazy\" decoding=\"async\" class=\"alignnone wp-image-865\" src=\"https:\/\/docs.imanage.com\/wp-content\/uploads\/2023\/05\/2023-04-05_23-12-25.png\" alt=\"\" width=\"800\" height=\"630\" srcset=\"https:\/\/docs.imanage.com\/wp-content\/uploads\/2023\/05\/2023-04-05_23-12-25.png 1566w, https:\/\/docs.imanage.com\/wp-content\/uploads\/2023\/05\/2023-04-05_23-12-25-300x236.png 300w, https:\/\/docs.imanage.com\/wp-content\/uploads\/2023\/05\/2023-04-05_23-12-25-1024x807.png 1024w, https:\/\/docs.imanage.com\/wp-content\/uploads\/2023\/05\/2023-04-05_23-12-25-768x605.png 768w, https:\/\/docs.imanage.com\/wp-content\/uploads\/2023\/05\/2023-04-05_23-12-25-1536x1210.png 1536w\" sizes=\"auto, (max-width: 800px) 100vw, 800px\" \/><\/p>\n<p>Dar\u00fcber hinaus haben wir den Eintrag im Arbeitsbereich-Men\u00fc von Verkn\u00fcpfung trennen auf Zu Entsynchronisieren ge\u00e4ndert. Wenn Sie von nun an also Angelegenheiten von der iManage Drive for Mac-Konsole aus Synchronisierte Angelegenheiten, Meine Angelegenheiten oder J\u00fcngste Angelegenheiten entsynchronisieren, m\u00fcssen Sie, wie in der Abbildung unterhalb dargestellt, <strong>Entsynchronisieren<\/strong>\u00a0anstatt\u00a0<strong>Verkn\u00fcpfung\u00a0trennen<\/strong> ausw\u00e4hlen.<\/p>\n<p><img loading=\"lazy\" decoding=\"async\" class=\"alignnone wp-image-866\" src=\"https:\/\/docs.imanage.com\/wp-content\/uploads\/2023\/05\/Screenshot-2023-03-24-at-3.23.50-PM.png\" alt=\"\" width=\"800\" height=\"476\" srcset=\"https:\/\/docs.imanage.com\/wp-content\/uploads\/2023\/05\/Screenshot-2023-03-24-at-3.23.50-PM.png 1608w, https:\/\/docs.imanage.com\/wp-content\/uploads\/2023\/05\/Screenshot-2023-03-24-at-3.23.50-PM-300x178.png 300w, https:\/\/docs.imanage.com\/wp-content\/uploads\/2023\/05\/Screenshot-2023-03-24-at-3.23.50-PM-1024x609.png 1024w, https:\/\/docs.imanage.com\/wp-content\/uploads\/2023\/05\/Screenshot-2023-03-24-at-3.23.50-PM-768x457.png 768w, https:\/\/docs.imanage.com\/wp-content\/uploads\/2023\/05\/Screenshot-2023-03-24-at-3.23.50-PM-1536x913.png 1536w\" sizes=\"auto, (max-width: 800px) 100vw, 800px\" \/><\/p>\n<h2>Verbesserte Programmoberfl\u00e4che bei der Ansicht von Synchronisierungsproblemen<\/h2>\n<p>Wir haben das Dialogfenster Synchronisierungsprobleme anzeigen in iManage Drive for Mac 10.9.0 verbessert. Alle Elemente, bei denen ein Synchronisierungskonflikt erkannt wurde, sind im Dialogfenster nun vorab ausgew\u00e4hlt. Die verf\u00fcgbaren Optionen zum Beheben der Synchronisierungsprobleme werde nun ebenfalls gut sichtbar am Fu\u00df des Dialogfensters angezeigt.<\/p>\n<p data-renderer-start-pos=\"1785\">Es wurde zus\u00e4tzlicher Text hinzugef\u00fcgt, der Sie dabei unterst\u00fctzt, die am besten passende Aktion auszuw\u00e4hlen. Weitere Informationen finden Sie im Abschnitt\u00a0<a href=\"https:\/\/docs.imanage.com\/drive-mac-help\/10.9.0\/en\/Managing_file_sync_issues.html\"><em>Synchronisierungsprobleme von Dateien verwalten<\/em><\/a>\u00a0in\u00a0der<a href=\"https:\/\/docs.imanage.com\/drive-mac-help\/10.9.0\/en\/iManage_Drive_for_Mac_User_Help.html\"><em> iManage Drive for Mac-Hilfe<\/em><\/a><\/p>\n<p><img loading=\"lazy\" decoding=\"async\" class=\"alignnone wp-image-867\" src=\"https:\/\/docs.imanage.com\/wp-content\/uploads\/2023\/05\/Screenshot-2023-03-18-at-10.05.58-AM.png\" alt=\"\" width=\"800\" height=\"549\" srcset=\"https:\/\/docs.imanage.com\/wp-content\/uploads\/2023\/05\/Screenshot-2023-03-18-at-10.05.58-AM.png 826w, https:\/\/docs.imanage.com\/wp-content\/uploads\/2023\/05\/Screenshot-2023-03-18-at-10.05.58-AM-300x206.png 300w, https:\/\/docs.imanage.com\/wp-content\/uploads\/2023\/05\/Screenshot-2023-03-18-at-10.05.58-AM-768x527.png 768w\" sizes=\"auto, (max-width: 800px) 100vw, 800px\" \/><\/p>\n","protected":false},"excerpt":{"rendered":"<p>Build: 10.9.0 (Juni 2023) Synchronisieren und \u00d6ffnen Sie Inhalte direkt von iManage Work zu iManage Drive for Mac Sie k\u00f6nnen nun Inhalte, die Sie in iManage Work gespeichert haben, direkt zu iManage Drive for Mac synchronisieren und \u00f6ffnen. Sie k\u00f6nnen: den Arbeitsbereich, den Ordner, das Dokument oder die E-Mail ausw\u00e4hlen, die Sie synchronisieren m\u00f6chten, und [&hellip;]<\/p>\n","protected":false},"author":4,"featured_media":0,"parent":146,"menu_order":0,"comment_status":"closed","ping_status":"closed","template":"","meta":{"_acf_changed":false,"footnotes":""},"class_list":["post-837","page","type-page","status-publish","hentry"],"translation":{"provider":"WPGlobus","version":"3.0.2","language":"de","enabled_languages":["en","de","fr","qc","jp","br","es","zh"],"languages":{"en":{"title":true,"content":true,"excerpt":false},"de":{"title":true,"content":true,"excerpt":false},"fr":{"title":true,"content":true,"excerpt":false},"qc":{"title":false,"content":false,"excerpt":false},"jp":{"title":true,"content":true,"excerpt":false},"br":{"title":true,"content":true,"excerpt":false},"es":{"title":true,"content":true,"excerpt":false},"zh":{"title":true,"content":true,"excerpt":false}}},"acf":[],"yoast_head":"<!-- This site is optimized with the Yoast SEO plugin v27.3 - https:\/\/yoast.com\/product\/yoast-seo-wordpress\/ -->\n<title>Was gibt es Neues in iManage Drive for Mac? &#8211; Docs - iManage<\/title>\n<meta name=\"robots\" content=\"index, follow, max-snippet:-1, max-image-preview:large, max-video-preview:-1\" \/>\n<link rel=\"canonical\" href=\"https:\/\/docs.imanage.com\/work\/whats-new-in-imanage-drive-m-10-9-0.html\" \/>\n<meta property=\"og:locale\" content=\"de_DE\" \/>\n<meta property=\"og:type\" content=\"article\" \/>\n<meta property=\"og:title\" content=\"Was gibt es Neues in iManage Drive for Mac? &#8211; Docs - iManage\" \/>\n<meta property=\"og:url\" content=\"https:\/\/docs.imanage.com\/work\/whats-new-in-imanage-drive-m-10-9-0.html\" \/>\n<meta property=\"og:site_name\" content=\"Docs - iManage\" \/>\n<meta property=\"article:modified_time\" content=\"2023-06-12T09:38:51+00:00\" \/>\n<meta property=\"og:image\" content=\"https:\/\/docs.imanage.com\/wp-content\/uploads\/2023\/03\/Screenshot-2023-03-06-at-10.06.34-PM.png\" \/>\n<meta name=\"twitter:card\" content=\"summary_large_image\" \/>\n<meta name=\"twitter:label1\" content=\"Est. reading time\" \/>\n\t<meta name=\"twitter:data1\" content=\"3 minutes\" \/>\n<script type=\"application\/ld+json\" class=\"yoast-schema-graph\">{\"@context\":\"https:\\\/\\\/schema.org\",\"@graph\":[{\"@type\":\"WebPage\",\"@id\":\"https:\\\/\\\/docs.imanage.com\\\/work\\\/whats-new-in-imanage-drive-m-10-9-0.html\",\"url\":\"https:\\\/\\\/docs.imanage.com\\\/work\\\/whats-new-in-imanage-drive-m-10-9-0.html\",\"name\":\"Was gibt es Neues in iManage Drive for Mac? &#8211; Docs - iManage\",\"isPartOf\":{\"@id\":\"https:\\\/\\\/docs.imanage.com\\\/#website\"},\"primaryImageOfPage\":{\"@id\":\"https:\\\/\\\/docs.imanage.com\\\/work\\\/whats-new-in-imanage-drive-m-10-9-0.html#primaryimage\"},\"image\":{\"@id\":\"https:\\\/\\\/docs.imanage.com\\\/work\\\/whats-new-in-imanage-drive-m-10-9-0.html#primaryimage\"},\"thumbnailUrl\":\"https:\\\/\\\/docs.imanage.com\\\/wp-content\\\/uploads\\\/2023\\\/03\\\/Screenshot-2023-03-06-at-10.06.34-PM.png\",\"datePublished\":\"2023-02-14T09:09:48+00:00\",\"dateModified\":\"2023-06-12T09:38:51+00:00\",\"breadcrumb\":{\"@id\":\"https:\\\/\\\/docs.imanage.com\\\/work\\\/whats-new-in-imanage-drive-m-10-9-0.html#breadcrumb\"},\"inLanguage\":\"de-DE\",\"potentialAction\":[{\"@type\":\"ReadAction\",\"target\":[\"https:\\\/\\\/docs.imanage.com\\\/work\\\/whats-new-in-imanage-drive-m-10-9-0.html\"]}]},{\"@type\":\"ImageObject\",\"inLanguage\":\"de-DE\",\"@id\":\"https:\\\/\\\/docs.imanage.com\\\/work\\\/whats-new-in-imanage-drive-m-10-9-0.html#primaryimage\",\"url\":\"https:\\\/\\\/docs.imanage.com\\\/wp-content\\\/uploads\\\/2023\\\/03\\\/Screenshot-2023-03-06-at-10.06.34-PM.png\",\"contentUrl\":\"https:\\\/\\\/docs.imanage.com\\\/wp-content\\\/uploads\\\/2023\\\/03\\\/Screenshot-2023-03-06-at-10.06.34-PM.png\"},{\"@type\":\"BreadcrumbList\",\"@id\":\"https:\\\/\\\/docs.imanage.com\\\/work\\\/whats-new-in-imanage-drive-m-10-9-0.html#breadcrumb\",\"itemListElement\":[{\"@type\":\"ListItem\",\"position\":1,\"name\":\"Home\",\"item\":\"https:\\\/\\\/docs.imanage.com\\\/\"},{\"@type\":\"ListItem\",\"position\":2,\"name\":\"Work\",\"item\":\"https:\\\/\\\/docs.imanage.com\\\/work.html\"},{\"@type\":\"ListItem\",\"position\":3,\"name\":\"What&#8217;s new in iManage Drive for Mac\"}]},{\"@type\":\"WebSite\",\"@id\":\"https:\\\/\\\/docs.imanage.com\\\/#website\",\"url\":\"https:\\\/\\\/docs.imanage.com\\\/\",\"name\":\"Docs - iManage\",\"description\":\"\",\"potentialAction\":[{\"@type\":\"SearchAction\",\"target\":{\"@type\":\"EntryPoint\",\"urlTemplate\":\"https:\\\/\\\/docs.imanage.com\\\/?s={search_term_string}\"},\"query-input\":{\"@type\":\"PropertyValueSpecification\",\"valueRequired\":true,\"valueName\":\"search_term_string\"}}],\"inLanguage\":\"de-DE\"}]}<\/script>\n<!-- \/ Yoast SEO plugin. -->","yoast_head_json":{"title":"Was gibt es Neues in iManage Drive for Mac? &#8211; Docs - iManage","robots":{"index":"index","follow":"follow","max-snippet":"max-snippet:-1","max-image-preview":"max-image-preview:large","max-video-preview":"max-video-preview:-1"},"canonical":"https:\/\/docs.imanage.com\/work\/whats-new-in-imanage-drive-m-10-9-0.html","og_locale":"de_DE","og_type":"article","og_title":"Was gibt es Neues in iManage Drive for Mac? &#8211; Docs - iManage","og_url":"https:\/\/docs.imanage.com\/work\/whats-new-in-imanage-drive-m-10-9-0.html","og_site_name":"Docs - iManage","article_modified_time":"2023-06-12T09:38:51+00:00","og_image":[{"url":"https:\/\/docs.imanage.com\/wp-content\/uploads\/2023\/03\/Screenshot-2023-03-06-at-10.06.34-PM.png","type":"","width":"","height":""}],"twitter_card":"summary_large_image","twitter_misc":{"Est. reading time":"3 minutes"},"schema":{"@context":"https:\/\/schema.org","@graph":[{"@type":"WebPage","@id":"https:\/\/docs.imanage.com\/work\/whats-new-in-imanage-drive-m-10-9-0.html","url":"https:\/\/docs.imanage.com\/work\/whats-new-in-imanage-drive-m-10-9-0.html","name":"Was gibt es Neues in iManage Drive for Mac? &#8211; Docs - iManage","isPartOf":{"@id":"https:\/\/docs.imanage.com\/#website"},"primaryImageOfPage":{"@id":"https:\/\/docs.imanage.com\/work\/whats-new-in-imanage-drive-m-10-9-0.html#primaryimage"},"image":{"@id":"https:\/\/docs.imanage.com\/work\/whats-new-in-imanage-drive-m-10-9-0.html#primaryimage"},"thumbnailUrl":"https:\/\/docs.imanage.com\/wp-content\/uploads\/2023\/03\/Screenshot-2023-03-06-at-10.06.34-PM.png","datePublished":"2023-02-14T09:09:48+00:00","dateModified":"2023-06-12T09:38:51+00:00","breadcrumb":{"@id":"https:\/\/docs.imanage.com\/work\/whats-new-in-imanage-drive-m-10-9-0.html#breadcrumb"},"inLanguage":"de-DE","potentialAction":[{"@type":"ReadAction","target":["https:\/\/docs.imanage.com\/work\/whats-new-in-imanage-drive-m-10-9-0.html"]}]},{"@type":"ImageObject","inLanguage":"de-DE","@id":"https:\/\/docs.imanage.com\/work\/whats-new-in-imanage-drive-m-10-9-0.html#primaryimage","url":"https:\/\/docs.imanage.com\/wp-content\/uploads\/2023\/03\/Screenshot-2023-03-06-at-10.06.34-PM.png","contentUrl":"https:\/\/docs.imanage.com\/wp-content\/uploads\/2023\/03\/Screenshot-2023-03-06-at-10.06.34-PM.png"},{"@type":"BreadcrumbList","@id":"https:\/\/docs.imanage.com\/work\/whats-new-in-imanage-drive-m-10-9-0.html#breadcrumb","itemListElement":[{"@type":"ListItem","position":1,"name":"Home","item":"https:\/\/docs.imanage.com\/"},{"@type":"ListItem","position":2,"name":"Work","item":"https:\/\/docs.imanage.com\/work.html"},{"@type":"ListItem","position":3,"name":"What&#8217;s new in iManage Drive for Mac"}]},{"@type":"WebSite","@id":"https:\/\/docs.imanage.com\/#website","url":"https:\/\/docs.imanage.com\/","name":"Docs - iManage","description":"","potentialAction":[{"@type":"SearchAction","target":{"@type":"EntryPoint","urlTemplate":"https:\/\/docs.imanage.com\/?s={search_term_string}"},"query-input":{"@type":"PropertyValueSpecification","valueRequired":true,"valueName":"search_term_string"}}],"inLanguage":"de-DE"}]}},"_links":{"self":[{"href":"https:\/\/docs.imanage.com\/de\/wp-json\/wp\/v2\/pages\/837","targetHints":{"allow":["GET"]}}],"collection":[{"href":"https:\/\/docs.imanage.com\/de\/wp-json\/wp\/v2\/pages"}],"about":[{"href":"https:\/\/docs.imanage.com\/de\/wp-json\/wp\/v2\/types\/page"}],"author":[{"embeddable":true,"href":"https:\/\/docs.imanage.com\/de\/wp-json\/wp\/v2\/users\/4"}],"replies":[{"embeddable":true,"href":"https:\/\/docs.imanage.com\/de\/wp-json\/wp\/v2\/comments?post=837"}],"version-history":[{"count":0,"href":"https:\/\/docs.imanage.com\/de\/wp-json\/wp\/v2\/pages\/837\/revisions"}],"up":[{"embeddable":true,"href":"https:\/\/docs.imanage.com\/de\/wp-json\/wp\/v2\/pages\/146"}],"wp:attachment":[{"href":"https:\/\/docs.imanage.com\/de\/wp-json\/wp\/v2\/media?parent=837"}],"curies":[{"name":"wp","href":"https:\/\/api.w.org\/{rel}","templated":true}]}}