{"id":2,"date":"2018-06-22T05:55:25","date_gmt":"2018-06-22T05:55:25","guid":{"rendered":"http:\/\/192.168.12.75\/sample\/wpglobus\/?page_id=2"},"modified":"2019-05-17T11:59:41","modified_gmt":"2019-05-17T11:59:41","slug":"wdw-10-2-19-03","status":"publish","type":"page","link":"https:\/\/docs.imanage.com\/es\/work\/wdw-10-2-19-03.html","title":{"rendered":"Novedades de iManage Work Desktop para Windows &#8211; Abril del 2019"},"content":{"rendered":"<p><strong>Versi\u00f3n: 10.2.1.142<\/strong><\/p>\n<h1>Recordatorio de registro autom\u00e1tico<\/h1>\n<p>\u00bfA menudo abre documentos y sin querer los deja en blanco, de modo que sus colegas deben recordarle cuando intentan editarlos sin \u00e9xito?<\/p>\n<p>Ahora iManage Work Desktop para Windows le recuerda autom\u00e1ticamente cuando deja alg\u00fan documento abierto y le ayuda a minimizar la posibilidad de que ocurran bloqueos accidentales para que su equipo pueda acceder a los documentos importantes.<\/p>\n<p><img loading=\"lazy\" decoding=\"async\" class=\"alignnone size-full wp-image-311\" src=\"https:\/\/docs.imanage.com\/wp-content\/uploads\/2019\/05\/04_Notification-Popup-2-1.gif\" alt=\"\" width=\"786\" height=\"469\" \/><\/p>\n<h1>Indicador visual para Guardar y Sincronizar<\/h1>\n<p>Cuando edita un documento y utiliza la opci\u00f3n <strong>Guardar y Sincronizar<\/strong> para guardar sus cambios, ahora aparecer\u00e1 un indicador visual que muestra el progreso y una confirmaci\u00f3n de que los cambios se cargaron en iManage Work.<\/p>\n<p><img loading=\"lazy\" decoding=\"async\" class=\"alignnone size-full wp-image-309\" src=\"https:\/\/docs.imanage.com\/wp-content\/uploads\/2019\/05\/02_Gif-Save-Sync-1.gif\" alt=\"\" width=\"786\" height=\"469\" \/><\/p>\n<h1>Cambiar el idioma de la interfaz de usuario desde el panel de iManage Work<\/h1>\n<p>\u00a1Ya no es necesario que el idioma del Panel de trabajo sea el mismo que Windows! Puede cambiar el idioma del Panel de trabajo al idioma que desee, compatible con iManage Work Desktop para Windows 10.2.1 mediante la nueva opci\u00f3n <strong>WebLocale<\/strong> en el archivo imEmm.config.<\/p>\n<h1>Nuevos atajos de teclado para el Panel de trabajo de iManage<\/h1>\n<p>Los siguientes atajos de teclado est\u00e1n disponibles para manipular el nivel de zoom o para volver a cargar el panel:<\/p>\n<ul>\n<li><span class=\"inline-comment-marker\" data-ref=\"1323525a-1ca7-4ae0-9016-82818c7c5139\">Tecla CTRL+rueda del rat\u00f3n O tecla CTRL y teclas + o \u2013: Para aumentar o disminuir el nivel de zoom.<\/span><\/li>\n<li>Tecla CTRL+F5: Para volver a cargar el contenido.<\/li>\n<li>Tecla CTRL+0 (cero): Para restablecer el nivel de zoom.<\/li>\n<\/ul>\n<h1>Iniciar autom\u00e1ticamente el Panel de trabajo de iManage cuando se inicia MS Outlook<\/h1>\n<p>\u00bfDebe abrir el Panel de trabajo de iManage cada vez que reinicia Outlook? Ahora puede configurar f\u00e1cilmente el Panel de trabajo para que se inicie autom\u00e1ticamente y pueda reiniciar su trabajo con rapidez.<\/p>\n<p><img loading=\"lazy\" decoding=\"async\" class=\"alignnone size-full wp-image-308\" src=\"https:\/\/docs.imanage.com\/wp-content\/uploads\/2019\/05\/01_Option-to-Display_Panel-1.gif\" alt=\"\" width=\"768\" height=\"413\" \/><\/p>\n<h1 id=\"id-.iManageWork10forOfficeandEmailManagementforOutlookReleaseNotes(10.1)v10.2.1-Optionforre-enablingdisablediManageWorkadd-insforMicrosoftOffice\">Volver a habilitar los complementos de iManage Work desactivados para Microsoft Office<\/h1>\n<p>\u00bfDesea evitar la tarea de pasar por la lista de complementos deshabilitados para diferentes aplicaciones y habilitarlos cada vez que se deshabiliten por alguna raz\u00f3n? La habilitaci\u00f3n autom\u00e1tica de los complementos de iManage Work para las aplicaciones de Microsoft Office (Outlook, Word, PowerPoint, Excel, Visio y MS Project) puede configurarse utilizando la nueva opci\u00f3n <strong>iwReEnabledAddinOption<\/strong> en el archivo imWorkOptions.xml.<\/p>\n<h1 id=\"id-.iManageWork10forOfficeandEmailManagementforOutlookReleaseNotes(10.1)v10.2.1-Visualindicatorfordocumentsdeclaredasrecords\">Indicador visual de los documentos declarados como registros<\/h1>\n<p>Para ayudarle a identificar r\u00e1pidamente los documentos que se declaran como registros en Microsoft Office, los documentos que se listan en la vista Backstage muestran un icono con forma de martillo\u00a0<img loading=\"lazy\" decoding=\"async\" class=\"alignnone size-full wp-image-284\" src=\"https:\/\/docs.imanage.com\/wp-content\/uploads\/2019\/03\/RecordOverlay-1.png\" alt=\"\" width=\"24\" height=\"24\" \/> en el documento.<\/p>\n<p><img loading=\"lazy\" decoding=\"async\" class=\"alignnone size-full wp-image-310\" src=\"https:\/\/docs.imanage.com\/wp-content\/uploads\/2019\/05\/03_GIF_DeclareAsRecordIcon-2-1.gif\" alt=\"\" width=\"820\" height=\"485\" \/><\/p>\n","protected":false},"excerpt":{"rendered":"<p>Versi\u00f3n: 10.2.1.142 Recordatorio de registro autom\u00e1tico \u00bfA menudo abre documentos y sin querer los deja en blanco, de modo que sus colegas deben recordarle cuando intentan editarlos sin \u00e9xito? Ahora iManage Work Desktop para Windows le recuerda autom\u00e1ticamente cuando deja alg\u00fan documento abierto y le ayuda a minimizar la posibilidad de que ocurran bloqueos accidentales [&hellip;]<\/p>\n","protected":false},"author":4,"featured_media":0,"parent":146,"menu_order":0,"comment_status":"closed","ping_status":"open","template":"","meta":{"_acf_changed":false,"footnotes":""},"class_list":["post-2","page","type-page","status-publish","hentry"],"translation":{"provider":"WPGlobus","version":"3.0.2","language":"es","enabled_languages":["en","de","fr","qc","jp","br","es","zh"],"languages":{"en":{"title":true,"content":true,"excerpt":false},"de":{"title":true,"content":true,"excerpt":false},"fr":{"title":true,"content":true,"excerpt":false},"qc":{"title":false,"content":false,"excerpt":false},"jp":{"title":true,"content":true,"excerpt":false},"br":{"title":true,"content":true,"excerpt":false},"es":{"title":true,"content":true,"excerpt":false},"zh":{"title":true,"content":true,"excerpt":false}}},"acf":[],"yoast_head":"<!-- This site is optimized with the Yoast SEO plugin v27.5 - https:\/\/yoast.com\/product\/yoast-seo-wordpress\/ -->\n<title>Novedades de iManage Work Desktop para Windows - Abril del 2019 &#8211; Docs - iManage<\/title>\n<meta name=\"robots\" content=\"index, follow, max-snippet:-1, max-image-preview:large, max-video-preview:-1\" \/>\n<link rel=\"canonical\" href=\"https:\/\/docs.imanage.com\/br\/work\/wdw-10-2-19-03.html\" \/>\n<meta property=\"og:locale\" content=\"es_ES\" \/>\n<meta property=\"og:type\" content=\"article\" \/>\n<meta property=\"og:title\" content=\"Novedades de iManage Work Desktop para Windows - Abril del 2019 &#8211; Docs - iManage\" \/>\n<meta property=\"og:url\" content=\"https:\/\/docs.imanage.com\/br\/work\/wdw-10-2-19-03.html\" \/>\n<meta property=\"og:site_name\" content=\"Docs - iManage\" \/>\n<meta property=\"article:modified_time\" content=\"2019-05-17T11:59:41+00:00\" \/>\n<meta property=\"og:image\" content=\"https:\/\/docs.imanage.com\/wp-content\/uploads\/2019\/04\/04_Notification-Popup-2-1.gif\" \/>\n<meta name=\"twitter:card\" content=\"summary_large_image\" \/>\n<meta name=\"twitter:label1\" content=\"Est. reading time\" \/>\n\t<meta name=\"twitter:data1\" content=\"11 minutes\" \/>\n<script type=\"application\/ld+json\" class=\"yoast-schema-graph\">{\"@context\":\"https:\\\/\\\/schema.org\",\"@graph\":[{\"@type\":\"WebPage\",\"@id\":\"https:\\\/\\\/docs.imanage.com\\\/br\\\/work\\\/wdw-10-2-19-03.html\",\"url\":\"https:\\\/\\\/docs.imanage.com\\\/br\\\/work\\\/wdw-10-2-19-03.html\",\"name\":\"Novedades de iManage Work Desktop para Windows - Abril del 2019 &#8211; Docs - iManage\",\"isPartOf\":{\"@id\":\"https:\\\/\\\/docs.imanage.com\\\/#website\"},\"primaryImageOfPage\":{\"@id\":\"https:\\\/\\\/docs.imanage.com\\\/br\\\/work\\\/wdw-10-2-19-03.html#primaryimage\"},\"image\":{\"@id\":\"https:\\\/\\\/docs.imanage.com\\\/br\\\/work\\\/wdw-10-2-19-03.html#primaryimage\"},\"thumbnailUrl\":\"https:\\\/\\\/docs.imanage.com\\\/wp-content\\\/uploads\\\/2019\\\/04\\\/04_Notification-Popup-2-1.gif\",\"datePublished\":\"2018-06-22T05:55:25+00:00\",\"dateModified\":\"2019-05-17T11:59:41+00:00\",\"breadcrumb\":{\"@id\":\"https:\\\/\\\/docs.imanage.com\\\/br\\\/work\\\/wdw-10-2-19-03.html#breadcrumb\"},\"inLanguage\":\"es-ES\",\"potentialAction\":[{\"@type\":\"ReadAction\",\"target\":[\"https:\\\/\\\/docs.imanage.com\\\/br\\\/work\\\/wdw-10-2-19-03.html\"]}]},{\"@type\":\"ImageObject\",\"inLanguage\":\"es-ES\",\"@id\":\"https:\\\/\\\/docs.imanage.com\\\/br\\\/work\\\/wdw-10-2-19-03.html#primaryimage\",\"url\":\"https:\\\/\\\/docs.imanage.com\\\/wp-content\\\/uploads\\\/2019\\\/04\\\/04_Notification-Popup-2-1.gif\",\"contentUrl\":\"https:\\\/\\\/docs.imanage.com\\\/wp-content\\\/uploads\\\/2019\\\/04\\\/04_Notification-Popup-2-1.gif\"},{\"@type\":\"BreadcrumbList\",\"@id\":\"https:\\\/\\\/docs.imanage.com\\\/br\\\/work\\\/wdw-10-2-19-03.html#breadcrumb\",\"itemListElement\":[{\"@type\":\"ListItem\",\"position\":1,\"name\":\"Home\",\"item\":\"https:\\\/\\\/docs.imanage.com\\\/\"},{\"@type\":\"ListItem\",\"position\":2,\"name\":\"Work\",\"item\":\"https:\\\/\\\/docs.imanage.com\\\/work.html\"},{\"@type\":\"ListItem\",\"position\":3,\"name\":\"Novidades no iManage Desktop Work for Windows &#8211; Abril de 2019\"}]},{\"@type\":\"WebSite\",\"@id\":\"https:\\\/\\\/docs.imanage.com\\\/#website\",\"url\":\"https:\\\/\\\/docs.imanage.com\\\/\",\"name\":\"Docs - iManage\",\"description\":\"\",\"potentialAction\":[{\"@type\":\"SearchAction\",\"target\":{\"@type\":\"EntryPoint\",\"urlTemplate\":\"https:\\\/\\\/docs.imanage.com\\\/?s={search_term_string}\"},\"query-input\":{\"@type\":\"PropertyValueSpecification\",\"valueRequired\":true,\"valueName\":\"search_term_string\"}}],\"inLanguage\":\"es-ES\"}]}<\/script>\n<!-- \/ Yoast SEO plugin. -->","yoast_head_json":{"title":"Novedades de iManage Work Desktop para Windows - Abril del 2019 &#8211; Docs - iManage","robots":{"index":"index","follow":"follow","max-snippet":"max-snippet:-1","max-image-preview":"max-image-preview:large","max-video-preview":"max-video-preview:-1"},"canonical":"https:\/\/docs.imanage.com\/br\/work\/wdw-10-2-19-03.html","og_locale":"es_ES","og_type":"article","og_title":"Novedades de iManage Work Desktop para Windows - Abril del 2019 &#8211; Docs - iManage","og_url":"https:\/\/docs.imanage.com\/br\/work\/wdw-10-2-19-03.html","og_site_name":"Docs - iManage","article_modified_time":"2019-05-17T11:59:41+00:00","og_image":[{"url":"https:\/\/docs.imanage.com\/wp-content\/uploads\/2019\/04\/04_Notification-Popup-2-1.gif","type":"","width":"","height":""}],"twitter_card":"summary_large_image","twitter_misc":{"Est. reading time":"11 minutes"},"schema":{"@context":"https:\/\/schema.org","@graph":[{"@type":"WebPage","@id":"https:\/\/docs.imanage.com\/br\/work\/wdw-10-2-19-03.html","url":"https:\/\/docs.imanage.com\/br\/work\/wdw-10-2-19-03.html","name":"Novedades de iManage Work Desktop para Windows - Abril del 2019 &#8211; Docs - iManage","isPartOf":{"@id":"https:\/\/docs.imanage.com\/#website"},"primaryImageOfPage":{"@id":"https:\/\/docs.imanage.com\/br\/work\/wdw-10-2-19-03.html#primaryimage"},"image":{"@id":"https:\/\/docs.imanage.com\/br\/work\/wdw-10-2-19-03.html#primaryimage"},"thumbnailUrl":"https:\/\/docs.imanage.com\/wp-content\/uploads\/2019\/04\/04_Notification-Popup-2-1.gif","datePublished":"2018-06-22T05:55:25+00:00","dateModified":"2019-05-17T11:59:41+00:00","breadcrumb":{"@id":"https:\/\/docs.imanage.com\/br\/work\/wdw-10-2-19-03.html#breadcrumb"},"inLanguage":"es-ES","potentialAction":[{"@type":"ReadAction","target":["https:\/\/docs.imanage.com\/br\/work\/wdw-10-2-19-03.html"]}]},{"@type":"ImageObject","inLanguage":"es-ES","@id":"https:\/\/docs.imanage.com\/br\/work\/wdw-10-2-19-03.html#primaryimage","url":"https:\/\/docs.imanage.com\/wp-content\/uploads\/2019\/04\/04_Notification-Popup-2-1.gif","contentUrl":"https:\/\/docs.imanage.com\/wp-content\/uploads\/2019\/04\/04_Notification-Popup-2-1.gif"},{"@type":"BreadcrumbList","@id":"https:\/\/docs.imanage.com\/br\/work\/wdw-10-2-19-03.html#breadcrumb","itemListElement":[{"@type":"ListItem","position":1,"name":"Home","item":"https:\/\/docs.imanage.com\/"},{"@type":"ListItem","position":2,"name":"Work","item":"https:\/\/docs.imanage.com\/work.html"},{"@type":"ListItem","position":3,"name":"Novidades no iManage Desktop Work for Windows &#8211; Abril de 2019"}]},{"@type":"WebSite","@id":"https:\/\/docs.imanage.com\/#website","url":"https:\/\/docs.imanage.com\/","name":"Docs - iManage","description":"","potentialAction":[{"@type":"SearchAction","target":{"@type":"EntryPoint","urlTemplate":"https:\/\/docs.imanage.com\/?s={search_term_string}"},"query-input":{"@type":"PropertyValueSpecification","valueRequired":true,"valueName":"search_term_string"}}],"inLanguage":"es-ES"}]}},"_links":{"self":[{"href":"https:\/\/docs.imanage.com\/es\/wp-json\/wp\/v2\/pages\/2","targetHints":{"allow":["GET"]}}],"collection":[{"href":"https:\/\/docs.imanage.com\/es\/wp-json\/wp\/v2\/pages"}],"about":[{"href":"https:\/\/docs.imanage.com\/es\/wp-json\/wp\/v2\/types\/page"}],"author":[{"embeddable":true,"href":"https:\/\/docs.imanage.com\/es\/wp-json\/wp\/v2\/users\/4"}],"replies":[{"embeddable":true,"href":"https:\/\/docs.imanage.com\/es\/wp-json\/wp\/v2\/comments?post=2"}],"version-history":[{"count":0,"href":"https:\/\/docs.imanage.com\/es\/wp-json\/wp\/v2\/pages\/2\/revisions"}],"up":[{"embeddable":true,"href":"https:\/\/docs.imanage.com\/es\/wp-json\/wp\/v2\/pages\/146"}],"wp:attachment":[{"href":"https:\/\/docs.imanage.com\/es\/wp-json\/wp\/v2\/media?parent=2"}],"curies":[{"name":"wp","href":"https:\/\/api.w.org\/{rel}","templated":true}]}}