{"id":249,"date":"2019-06-05T21:22:34","date_gmt":"2019-06-05T21:22:34","guid":{"rendered":"https:\/\/docs.imanage.com\/?page_id=249"},"modified":"2020-09-07T10:36:34","modified_gmt":"2020-09-07T10:36:34","slug":"whats-new-in-imanage-work","status":"publish","type":"page","link":"https:\/\/docs.imanage.com\/es\/whats-new-in-imanage-work.html","title":{"rendered":"\u00bfQu\u00e9 hay de nuevo en iManage Work?"},"content":{"rendered":"<h1>Junio 2019<\/h1>\n<h3>Descargar m\u00faltiples archivos a la vez<\/h3>\n<p>Seleccionar varios archivos y descargarlos en su computadora. Puede optar entre descargar archivos individualmente o descargar un solo archivo ZIP con todos los archivos comprimidos conjuntamente para ser compartidos de forma sencilla.<\/p>\n<h3>Reorganizar contenido desde los resultados de b\u00fasqueda o listas recientes<\/h3>\n<p>Anteriormente, los usuarios ten\u00edan que acceder a cada carpeta para mover documentos, lo cual era un proceso poco eficiente y lento. Ahora los usuarios pueden buscar documentos y moverlos a otra carpeta de destino para una organizaci\u00f3n de archivos m\u00e1s pr\u00e1ctica. Los usuarios son notificados si un documento est\u00e1 vinculado a diversas ubicaciones para que puedan decidir qu\u00e9 documentos desean mover.<\/p>\n<h3>Compartir correos de manera m\u00e1s pr\u00e1ctica con terceros<\/h3>\n<p>Es posible que en alg\u00fan momento necesite adjuntar un correo electr\u00f3nico como referencia. Ahora, compartir correos electr\u00f3nicos archivados con sus clientes es m\u00e1s f\u00e1cil que nunca. Simplemente copie los correos electr\u00f3nicos en las carpetas de sus clientes o comparta enlaces seguros, los cuales pueden ser gestionados f\u00e1cilmente seg\u00fan sus necesidades con las opciones de seguimiento y caducidad.<\/p>\n<h3>Eliminar m\u00faltiples versiones de un documento de manera eficiente<\/h3>\n<p>Puede eliminar completamente un documento que contenga varias versiones realizando una sola acci\u00f3n. Los permisos de seguridad prevalecer\u00e1n, por lo que no podr\u00e1 eliminar versiones de documentos a las que no tenga acceso. Si elimina un documento por error, puede recuperarlo f\u00e1cilmente de la papelera de Work 10 sin necesidad de pedir ayuda al servicio t\u00e9cnico.<\/p>\n<h3>Encontrar lo que necesita r\u00e1pidamente<\/h3>\n<p>\u00bfSuele trabajar con proyectos en vez de documentos o correos electr\u00f3nicos individuales? Ahora puede configurar su p\u00e1gina de inicio para que se muestren los proyectos, correos o incluso los clientes y las interacciones recientes. De forma alternativa, si prefiere comenzar su d\u00eda de trabajo accediendo a elementos destacados como las plantillas de documentos, tambi\u00e9n puede configurarlo en iManage Work.<\/p>\n<h1>Mejoras generales<\/h1>\n<ul>\n<li>Si un espacio de trabajo sigue apareciendo en una de las categor\u00edas de Mis Asuntos despu\u00e9s de haber sido eliminado, puede eliminarlo para actualizar Mis Asuntos.<\/li>\n<li>La funci\u00f3n de b\u00fasqueda ha sido mejorada para procesar adecuadamente las consultas que incluyen n\u00fameros de documentos separados por comas o espacios.<\/li>\n<\/ul>\n<h1>Mejoras de usabilidad, estabilidad y desempe\u00f1o<\/h1>\n<p>Se realizaron varias reparaciones y mejoras con el objetivo de perfeccionar la usabilidad y el desempe\u00f1o general<\/p>\n","protected":false},"excerpt":{"rendered":"<p>Junio 2019 Descargar m\u00faltiples archivos a la vez Seleccionar varios archivos y descargarlos en su computadora. Puede optar entre descargar archivos individualmente o descargar un solo archivo ZIP con todos los archivos comprimidos conjuntamente para ser compartidos de forma sencilla. Reorganizar contenido desde los resultados de b\u00fasqueda o listas recientes Anteriormente, los usuarios ten\u00edan que [&hellip;]<\/p>\n","protected":false},"author":4,"featured_media":0,"parent":0,"menu_order":0,"comment_status":"closed","ping_status":"closed","template":"","meta":{"_acf_changed":false,"footnotes":""},"class_list":["post-249","page","type-page","status-publish","hentry"],"translation":{"provider":"WPGlobus","version":"3.0.2","language":"es","enabled_languages":["en","de","fr","qc","jp","br","es","zh"],"languages":{"en":{"title":true,"content":true,"excerpt":false},"de":{"title":true,"content":true,"excerpt":false},"fr":{"title":true,"content":true,"excerpt":false},"qc":{"title":false,"content":false,"excerpt":false},"jp":{"title":true,"content":true,"excerpt":false},"br":{"title":true,"content":true,"excerpt":false},"es":{"title":true,"content":true,"excerpt":false},"zh":{"title":true,"content":true,"excerpt":false}}},"acf":[],"yoast_head":"<!-- This site is optimized with the Yoast SEO plugin v27.3 - https:\/\/yoast.com\/product\/yoast-seo-wordpress\/ -->\n<title>\u00bfQu\u00e9 hay de nuevo en iManage Work? &#8211; Docs - iManage<\/title>\n<meta name=\"robots\" content=\"index, follow, max-snippet:-1, max-image-preview:large, max-video-preview:-1\" \/>\n<link rel=\"canonical\" href=\"https:\/\/docs.imanage.com\/jp\/whats-new-in-imanage-work.html\" \/>\n<meta property=\"og:locale\" content=\"es_ES\" \/>\n<meta property=\"og:type\" content=\"article\" \/>\n<meta property=\"og:title\" content=\"\u00bfQu\u00e9 hay de nuevo en iManage Work? &#8211; Docs - iManage\" \/>\n<meta property=\"og:url\" content=\"https:\/\/docs.imanage.com\/jp\/whats-new-in-imanage-work.html\" \/>\n<meta property=\"og:site_name\" content=\"Docs - iManage\" \/>\n<meta property=\"article:modified_time\" content=\"2020-09-07T10:36:34+00:00\" \/>\n<meta property=\"og:image\" content=\"https:\/\/docs.imanage.com\/wp-content\/uploads\/2019\/06\/02_Downloading-multiple-items.gif\" \/>\n<meta name=\"twitter:card\" content=\"summary_large_image\" \/>\n<meta name=\"twitter:label1\" content=\"Est. reading time\" \/>\n\t<meta name=\"twitter:data1\" content=\"11 minutes\" \/>\n<script type=\"application\/ld+json\" class=\"yoast-schema-graph\">{\"@context\":\"https:\\\/\\\/schema.org\",\"@graph\":[{\"@type\":\"WebPage\",\"@id\":\"https:\\\/\\\/docs.imanage.com\\\/jp\\\/whats-new-in-imanage-work.html\",\"url\":\"https:\\\/\\\/docs.imanage.com\\\/jp\\\/whats-new-in-imanage-work.html\",\"name\":\"\u00bfQu\u00e9 hay de nuevo en iManage Work? &#8211; Docs - iManage\",\"isPartOf\":{\"@id\":\"https:\\\/\\\/docs.imanage.com\\\/#website\"},\"primaryImageOfPage\":{\"@id\":\"https:\\\/\\\/docs.imanage.com\\\/jp\\\/whats-new-in-imanage-work.html#primaryimage\"},\"image\":{\"@id\":\"https:\\\/\\\/docs.imanage.com\\\/jp\\\/whats-new-in-imanage-work.html#primaryimage\"},\"thumbnailUrl\":\"https:\\\/\\\/docs.imanage.com\\\/wp-content\\\/uploads\\\/2019\\\/06\\\/02_Downloading-multiple-items.gif\",\"datePublished\":\"2019-06-05T21:22:34+00:00\",\"dateModified\":\"2020-09-07T10:36:34+00:00\",\"breadcrumb\":{\"@id\":\"https:\\\/\\\/docs.imanage.com\\\/jp\\\/whats-new-in-imanage-work.html#breadcrumb\"},\"inLanguage\":\"es-ES\",\"potentialAction\":[{\"@type\":\"ReadAction\",\"target\":[\"https:\\\/\\\/docs.imanage.com\\\/jp\\\/whats-new-in-imanage-work.html\"]}]},{\"@type\":\"ImageObject\",\"inLanguage\":\"es-ES\",\"@id\":\"https:\\\/\\\/docs.imanage.com\\\/jp\\\/whats-new-in-imanage-work.html#primaryimage\",\"url\":\"https:\\\/\\\/docs.imanage.com\\\/wp-content\\\/uploads\\\/2019\\\/06\\\/02_Downloading-multiple-items.gif\",\"contentUrl\":\"https:\\\/\\\/docs.imanage.com\\\/wp-content\\\/uploads\\\/2019\\\/06\\\/02_Downloading-multiple-items.gif\"},{\"@type\":\"BreadcrumbList\",\"@id\":\"https:\\\/\\\/docs.imanage.com\\\/jp\\\/whats-new-in-imanage-work.html#breadcrumb\",\"itemListElement\":[{\"@type\":\"ListItem\",\"position\":1,\"name\":\"Home\",\"item\":\"https:\\\/\\\/docs.imanage.com\\\/\"},{\"@type\":\"ListItem\",\"position\":2,\"name\":\"iManage Work\u306e\u65b0\u6a5f\u80fd\uff1f\"}]},{\"@type\":\"WebSite\",\"@id\":\"https:\\\/\\\/docs.imanage.com\\\/#website\",\"url\":\"https:\\\/\\\/docs.imanage.com\\\/\",\"name\":\"Docs - iManage\",\"description\":\"\",\"potentialAction\":[{\"@type\":\"SearchAction\",\"target\":{\"@type\":\"EntryPoint\",\"urlTemplate\":\"https:\\\/\\\/docs.imanage.com\\\/?s={search_term_string}\"},\"query-input\":{\"@type\":\"PropertyValueSpecification\",\"valueRequired\":true,\"valueName\":\"search_term_string\"}}],\"inLanguage\":\"es-ES\"}]}<\/script>\n<!-- \/ Yoast SEO plugin. -->","yoast_head_json":{"title":"\u00bfQu\u00e9 hay de nuevo en iManage Work? &#8211; Docs - iManage","robots":{"index":"index","follow":"follow","max-snippet":"max-snippet:-1","max-image-preview":"max-image-preview:large","max-video-preview":"max-video-preview:-1"},"canonical":"https:\/\/docs.imanage.com\/jp\/whats-new-in-imanage-work.html","og_locale":"es_ES","og_type":"article","og_title":"\u00bfQu\u00e9 hay de nuevo en iManage Work? &#8211; Docs - iManage","og_url":"https:\/\/docs.imanage.com\/jp\/whats-new-in-imanage-work.html","og_site_name":"Docs - iManage","article_modified_time":"2020-09-07T10:36:34+00:00","og_image":[{"url":"https:\/\/docs.imanage.com\/wp-content\/uploads\/2019\/06\/02_Downloading-multiple-items.gif","type":"","width":"","height":""}],"twitter_card":"summary_large_image","twitter_misc":{"Est. reading time":"11 minutes"},"schema":{"@context":"https:\/\/schema.org","@graph":[{"@type":"WebPage","@id":"https:\/\/docs.imanage.com\/jp\/whats-new-in-imanage-work.html","url":"https:\/\/docs.imanage.com\/jp\/whats-new-in-imanage-work.html","name":"\u00bfQu\u00e9 hay de nuevo en iManage Work? &#8211; Docs - iManage","isPartOf":{"@id":"https:\/\/docs.imanage.com\/#website"},"primaryImageOfPage":{"@id":"https:\/\/docs.imanage.com\/jp\/whats-new-in-imanage-work.html#primaryimage"},"image":{"@id":"https:\/\/docs.imanage.com\/jp\/whats-new-in-imanage-work.html#primaryimage"},"thumbnailUrl":"https:\/\/docs.imanage.com\/wp-content\/uploads\/2019\/06\/02_Downloading-multiple-items.gif","datePublished":"2019-06-05T21:22:34+00:00","dateModified":"2020-09-07T10:36:34+00:00","breadcrumb":{"@id":"https:\/\/docs.imanage.com\/jp\/whats-new-in-imanage-work.html#breadcrumb"},"inLanguage":"es-ES","potentialAction":[{"@type":"ReadAction","target":["https:\/\/docs.imanage.com\/jp\/whats-new-in-imanage-work.html"]}]},{"@type":"ImageObject","inLanguage":"es-ES","@id":"https:\/\/docs.imanage.com\/jp\/whats-new-in-imanage-work.html#primaryimage","url":"https:\/\/docs.imanage.com\/wp-content\/uploads\/2019\/06\/02_Downloading-multiple-items.gif","contentUrl":"https:\/\/docs.imanage.com\/wp-content\/uploads\/2019\/06\/02_Downloading-multiple-items.gif"},{"@type":"BreadcrumbList","@id":"https:\/\/docs.imanage.com\/jp\/whats-new-in-imanage-work.html#breadcrumb","itemListElement":[{"@type":"ListItem","position":1,"name":"Home","item":"https:\/\/docs.imanage.com\/"},{"@type":"ListItem","position":2,"name":"iManage Work\u306e\u65b0\u6a5f\u80fd\uff1f"}]},{"@type":"WebSite","@id":"https:\/\/docs.imanage.com\/#website","url":"https:\/\/docs.imanage.com\/","name":"Docs - iManage","description":"","potentialAction":[{"@type":"SearchAction","target":{"@type":"EntryPoint","urlTemplate":"https:\/\/docs.imanage.com\/?s={search_term_string}"},"query-input":{"@type":"PropertyValueSpecification","valueRequired":true,"valueName":"search_term_string"}}],"inLanguage":"es-ES"}]}},"_links":{"self":[{"href":"https:\/\/docs.imanage.com\/es\/wp-json\/wp\/v2\/pages\/249","targetHints":{"allow":["GET"]}}],"collection":[{"href":"https:\/\/docs.imanage.com\/es\/wp-json\/wp\/v2\/pages"}],"about":[{"href":"https:\/\/docs.imanage.com\/es\/wp-json\/wp\/v2\/types\/page"}],"author":[{"embeddable":true,"href":"https:\/\/docs.imanage.com\/es\/wp-json\/wp\/v2\/users\/4"}],"replies":[{"embeddable":true,"href":"https:\/\/docs.imanage.com\/es\/wp-json\/wp\/v2\/comments?post=249"}],"version-history":[{"count":0,"href":"https:\/\/docs.imanage.com\/es\/wp-json\/wp\/v2\/pages\/249\/revisions"}],"wp:attachment":[{"href":"https:\/\/docs.imanage.com\/es\/wp-json\/wp\/v2\/media?parent=249"}],"curies":[{"name":"wp","href":"https:\/\/api.w.org\/{rel}","templated":true}]}}