{"id":302,"date":"2019-05-15T04:56:30","date_gmt":"2019-05-15T04:56:30","guid":{"rendered":"https:\/\/docs.imanage.com\/?page_id=302"},"modified":"2019-06-12T08:42:13","modified_gmt":"2019-06-12T08:42:13","slug":"wdw-10-2-19-05","status":"publish","type":"page","link":"https:\/\/docs.imanage.com\/es\/work\/wdw-10-2-19-05.html","title":{"rendered":"Qu\u00e9 hay de nuevo en iManage Work Desktop para Windows \u2013 Junio 2019"},"content":{"rendered":"<p><strong>Versi\u00f3n: 10.2.2.20<\/strong><\/p>\n<h1>Enlaces en formato de texto simplificado para insertar archivos adjuntos<\/h1>\n<p>Los enlaces en formato de texto simplificado garantizan que no se modificar\u00e1 el formato del cuerpo de su correo electr\u00f3nico al insertar archivos adjuntos de iManage como enlaces. Le permiten copiar y pegar f\u00e1cilmente los enlaces formateados en cualquier secci\u00f3n de su correo electr\u00f3nico.<\/p>\n<p><img loading=\"lazy\" decoding=\"async\" class=\"alignnone size-full wp-image-330\" src=\"https:\/\/docs.imanage.com\/wp-content\/uploads\/2019\/06\/Inserting-link-as-text-format-2.gif\" alt=\"\" width=\"960\" height=\"514\" \/><\/p>\n<h1>Previsualizar enlaces NRL sin abrir los archivos adjuntos<\/h1>\n<p>Ya no necesita abrir iManage Work para ver los archivos adjuntos de un correo electr\u00f3nico. Puede previsualizar los enlaces NRL en Microsoft Outlook simplemente haciendo clic en el icono de archivos adjuntos en el panel de Lectura.<\/p>\n<h1>Abrir autom\u00e1ticamente el panel de iManage Work en Outlook<\/h1>\n<p>\u00bfPrefiere que el panel de iManage Work se abra autom\u00e1ticamente al iniciar Outlook? Ahora iManage recuerda su \u00faltima preferencia, por lo que si el panel de Work estaba abierto cuando cerr\u00f3 Outlook, se volver\u00e1 a abrir de forma autom\u00e1tica la pr\u00f3xima vez que inicie Outlook.<\/p>\n<h1>Encontrar todos los correos archivados accediendo a la carpeta enlazada<\/h1>\n<p>Ya no tiene que abrir iManage Work expresamente para ver todos los correos electr\u00f3nicos archivados en una carpeta enlazada. Gracias a la simple opci\u00f3n <strong>Ir a la carpeta de iManage<\/strong> puede encontrar r\u00e1pidamente todos los correos electr\u00f3nicos archivados dentro de la carpeta enlazada y completar su trabajo.<\/p>\n<p><img loading=\"lazy\" decoding=\"async\" class=\"alignnone size-full wp-image-304\" src=\"https:\/\/docs.imanage.com\/wp-content\/uploads\/2019\/05\/Go-to-iManage-Folder.gif\" alt=\"\" width=\"960\" height=\"512\" \/><\/p>\n<h1>Mejoras generales<\/h1>\n<ul>\n<li>Se resolvieron los problemas para guardar nuevos documentos PDF de m\u00e1s de 25 MB.<\/li>\n<li>Se resolvieron los problemas que no permit\u00edan agregar etiquetas de localizaci\u00f3n en el asunto de los correos al enviar y archivar cuando la ubicaci\u00f3n de archivado pertenecia a Ubicaciones Recientes.<\/li>\n<\/ul>\n<h1>Mejoras de usabilidad, estabilidad y desempe\u00f1o<\/h1>\n<p>Se realizaron varias reparaciones y mejoras con el objetivo de perfeccionar la usabilidad y el desempe\u00f1o general. En particular,<\/p>\n<ul>\n<li>Se mejor\u00f3 la apertura de archivos en iManage Work<\/li>\n<li>Se resolvieron los problemas que provocaban que el panel de iManage Work se mostrara en gris de forma intermitente para ciertos usuarios<\/li>\n<\/ul>\n<p>&nbsp;<\/p>\n<p><strong>Comunicado anterior<\/strong><\/p>\n<p><a href=\"https:\/\/docs.imanage.com\/work\/wdw-10-2-19-03.html\">iManage Work Desktop para Windows \u2013 Abril 2019<\/a><\/p>\n","protected":false},"excerpt":{"rendered":"<p>Versi\u00f3n: 10.2.2.20 Enlaces en formato de texto simplificado para insertar archivos adjuntos Los enlaces en formato de texto simplificado garantizan que no se modificar\u00e1 el formato del cuerpo de su correo electr\u00f3nico al insertar archivos adjuntos de iManage como enlaces. Le permiten copiar y pegar f\u00e1cilmente los enlaces formateados en cualquier secci\u00f3n de su correo [&hellip;]<\/p>\n","protected":false},"author":4,"featured_media":0,"parent":146,"menu_order":0,"comment_status":"closed","ping_status":"closed","template":"","meta":{"_acf_changed":false,"footnotes":""},"class_list":["post-302","page","type-page","status-publish","hentry"],"translation":{"provider":"WPGlobus","version":"3.0.2","language":"es","enabled_languages":["en","de","fr","qc","jp","br","es","zh"],"languages":{"en":{"title":true,"content":true,"excerpt":false},"de":{"title":true,"content":true,"excerpt":false},"fr":{"title":true,"content":true,"excerpt":false},"qc":{"title":false,"content":false,"excerpt":false},"jp":{"title":true,"content":true,"excerpt":false},"br":{"title":true,"content":true,"excerpt":false},"es":{"title":true,"content":true,"excerpt":false},"zh":{"title":true,"content":true,"excerpt":false}}},"acf":[],"yoast_head":"<!-- This site is optimized with the Yoast SEO plugin v27.4 - https:\/\/yoast.com\/product\/yoast-seo-wordpress\/ -->\n<title>Qu\u00e9 hay de nuevo en iManage Work Desktop para Windows \u2013 Junio 2019 &#8211; Docs - iManage<\/title>\n<meta name=\"robots\" content=\"index, follow, max-snippet:-1, max-image-preview:large, max-video-preview:-1\" \/>\n<link rel=\"canonical\" href=\"https:\/\/docs.imanage.com\/es\/work\/wdw-10-2-19-05.html\" \/>\n<meta property=\"og:locale\" content=\"es_ES\" \/>\n<meta property=\"og:type\" content=\"article\" \/>\n<meta property=\"og:title\" content=\"Qu\u00e9 hay de nuevo en iManage Work Desktop para Windows \u2013 Junio 2019 &#8211; Docs - iManage\" \/>\n<meta property=\"og:url\" content=\"https:\/\/docs.imanage.com\/es\/work\/wdw-10-2-19-05.html\" \/>\n<meta property=\"og:site_name\" content=\"Docs - iManage\" \/>\n<meta property=\"article:modified_time\" content=\"2019-06-12T08:42:13+00:00\" \/>\n<meta property=\"og:image\" content=\"https:\/\/docs.imanage.com\/wp-content\/uploads\/2019\/05\/Inserting-link-as-text-format.gif\" \/>\n<meta name=\"twitter:card\" content=\"summary_large_image\" \/>\n<meta name=\"twitter:label1\" content=\"Est. reading time\" \/>\n\t<meta name=\"twitter:data1\" content=\"8 minutes\" \/>\n<script type=\"application\/ld+json\" class=\"yoast-schema-graph\">{\"@context\":\"https:\\\/\\\/schema.org\",\"@graph\":[{\"@type\":\"WebPage\",\"@id\":\"https:\\\/\\\/docs.imanage.com\\\/es\\\/work\\\/wdw-10-2-19-05.html\",\"url\":\"https:\\\/\\\/docs.imanage.com\\\/es\\\/work\\\/wdw-10-2-19-05.html\",\"name\":\"Qu\u00e9 hay de nuevo en iManage Work Desktop para Windows \u2013 Junio 2019 &#8211; Docs - iManage\",\"isPartOf\":{\"@id\":\"https:\\\/\\\/docs.imanage.com\\\/#website\"},\"primaryImageOfPage\":{\"@id\":\"https:\\\/\\\/docs.imanage.com\\\/es\\\/work\\\/wdw-10-2-19-05.html#primaryimage\"},\"image\":{\"@id\":\"https:\\\/\\\/docs.imanage.com\\\/es\\\/work\\\/wdw-10-2-19-05.html#primaryimage\"},\"thumbnailUrl\":\"https:\\\/\\\/docs.imanage.com\\\/wp-content\\\/uploads\\\/2019\\\/05\\\/Inserting-link-as-text-format.gif\",\"datePublished\":\"2019-05-15T04:56:30+00:00\",\"dateModified\":\"2019-06-12T08:42:13+00:00\",\"description\":\"The latest iManage Work Desktop for Windows release offers better user experience, seamless previewing, and enhanced authentication security.\",\"breadcrumb\":{\"@id\":\"https:\\\/\\\/docs.imanage.com\\\/es\\\/work\\\/wdw-10-2-19-05.html#breadcrumb\"},\"inLanguage\":\"es-ES\",\"potentialAction\":[{\"@type\":\"ReadAction\",\"target\":[\"https:\\\/\\\/docs.imanage.com\\\/es\\\/work\\\/wdw-10-2-19-05.html\"]}]},{\"@type\":\"ImageObject\",\"inLanguage\":\"es-ES\",\"@id\":\"https:\\\/\\\/docs.imanage.com\\\/es\\\/work\\\/wdw-10-2-19-05.html#primaryimage\",\"url\":\"https:\\\/\\\/docs.imanage.com\\\/wp-content\\\/uploads\\\/2019\\\/05\\\/Inserting-link-as-text-format.gif\",\"contentUrl\":\"https:\\\/\\\/docs.imanage.com\\\/wp-content\\\/uploads\\\/2019\\\/05\\\/Inserting-link-as-text-format.gif\"},{\"@type\":\"BreadcrumbList\",\"@id\":\"https:\\\/\\\/docs.imanage.com\\\/es\\\/work\\\/wdw-10-2-19-05.html#breadcrumb\",\"itemListElement\":[{\"@type\":\"ListItem\",\"position\":1,\"name\":\"Home\",\"item\":\"https:\\\/\\\/docs.imanage.com\\\/\"},{\"@type\":\"ListItem\",\"position\":2,\"name\":\"Work\",\"item\":\"https:\\\/\\\/docs.imanage.com\\\/work.html\"},{\"@type\":\"ListItem\",\"position\":3,\"name\":\"Qu\u00e9 hay de nuevo en iManage Work Desktop para Windows \u2013 Junio 2019\"}]},{\"@type\":\"WebSite\",\"@id\":\"https:\\\/\\\/docs.imanage.com\\\/#website\",\"url\":\"https:\\\/\\\/docs.imanage.com\\\/\",\"name\":\"Docs - iManage\",\"description\":\"\",\"potentialAction\":[{\"@type\":\"SearchAction\",\"target\":{\"@type\":\"EntryPoint\",\"urlTemplate\":\"https:\\\/\\\/docs.imanage.com\\\/?s={search_term_string}\"},\"query-input\":{\"@type\":\"PropertyValueSpecification\",\"valueRequired\":true,\"valueName\":\"search_term_string\"}}],\"inLanguage\":\"es-ES\"}]}<\/script>\n<!-- \/ Yoast SEO plugin. -->","yoast_head_json":{"title":"Qu\u00e9 hay de nuevo en iManage Work Desktop para Windows \u2013 Junio 2019 &#8211; Docs - iManage","robots":{"index":"index","follow":"follow","max-snippet":"max-snippet:-1","max-image-preview":"max-image-preview:large","max-video-preview":"max-video-preview:-1"},"canonical":"https:\/\/docs.imanage.com\/es\/work\/wdw-10-2-19-05.html","og_locale":"es_ES","og_type":"article","og_title":"Qu\u00e9 hay de nuevo en iManage Work Desktop para Windows \u2013 Junio 2019 &#8211; Docs - iManage","og_url":"https:\/\/docs.imanage.com\/es\/work\/wdw-10-2-19-05.html","og_site_name":"Docs - iManage","article_modified_time":"2019-06-12T08:42:13+00:00","og_image":[{"url":"https:\/\/docs.imanage.com\/wp-content\/uploads\/2019\/05\/Inserting-link-as-text-format.gif","type":"","width":"","height":""}],"twitter_card":"summary_large_image","twitter_misc":{"Est. reading time":"8 minutes"},"schema":{"@context":"https:\/\/schema.org","@graph":[{"@type":"WebPage","@id":"https:\/\/docs.imanage.com\/es\/work\/wdw-10-2-19-05.html","url":"https:\/\/docs.imanage.com\/es\/work\/wdw-10-2-19-05.html","name":"Qu\u00e9 hay de nuevo en iManage Work Desktop para Windows \u2013 Junio 2019 &#8211; Docs - iManage","isPartOf":{"@id":"https:\/\/docs.imanage.com\/#website"},"primaryImageOfPage":{"@id":"https:\/\/docs.imanage.com\/es\/work\/wdw-10-2-19-05.html#primaryimage"},"image":{"@id":"https:\/\/docs.imanage.com\/es\/work\/wdw-10-2-19-05.html#primaryimage"},"thumbnailUrl":"https:\/\/docs.imanage.com\/wp-content\/uploads\/2019\/05\/Inserting-link-as-text-format.gif","datePublished":"2019-05-15T04:56:30+00:00","dateModified":"2019-06-12T08:42:13+00:00","description":"The latest iManage Work Desktop for Windows release offers better user experience, seamless previewing, and enhanced authentication security.","breadcrumb":{"@id":"https:\/\/docs.imanage.com\/es\/work\/wdw-10-2-19-05.html#breadcrumb"},"inLanguage":"es-ES","potentialAction":[{"@type":"ReadAction","target":["https:\/\/docs.imanage.com\/es\/work\/wdw-10-2-19-05.html"]}]},{"@type":"ImageObject","inLanguage":"es-ES","@id":"https:\/\/docs.imanage.com\/es\/work\/wdw-10-2-19-05.html#primaryimage","url":"https:\/\/docs.imanage.com\/wp-content\/uploads\/2019\/05\/Inserting-link-as-text-format.gif","contentUrl":"https:\/\/docs.imanage.com\/wp-content\/uploads\/2019\/05\/Inserting-link-as-text-format.gif"},{"@type":"BreadcrumbList","@id":"https:\/\/docs.imanage.com\/es\/work\/wdw-10-2-19-05.html#breadcrumb","itemListElement":[{"@type":"ListItem","position":1,"name":"Home","item":"https:\/\/docs.imanage.com\/"},{"@type":"ListItem","position":2,"name":"Work","item":"https:\/\/docs.imanage.com\/work.html"},{"@type":"ListItem","position":3,"name":"Qu\u00e9 hay de nuevo en iManage Work Desktop para Windows \u2013 Junio 2019"}]},{"@type":"WebSite","@id":"https:\/\/docs.imanage.com\/#website","url":"https:\/\/docs.imanage.com\/","name":"Docs - iManage","description":"","potentialAction":[{"@type":"SearchAction","target":{"@type":"EntryPoint","urlTemplate":"https:\/\/docs.imanage.com\/?s={search_term_string}"},"query-input":{"@type":"PropertyValueSpecification","valueRequired":true,"valueName":"search_term_string"}}],"inLanguage":"es-ES"}]}},"_links":{"self":[{"href":"https:\/\/docs.imanage.com\/es\/wp-json\/wp\/v2\/pages\/302","targetHints":{"allow":["GET"]}}],"collection":[{"href":"https:\/\/docs.imanage.com\/es\/wp-json\/wp\/v2\/pages"}],"about":[{"href":"https:\/\/docs.imanage.com\/es\/wp-json\/wp\/v2\/types\/page"}],"author":[{"embeddable":true,"href":"https:\/\/docs.imanage.com\/es\/wp-json\/wp\/v2\/users\/4"}],"replies":[{"embeddable":true,"href":"https:\/\/docs.imanage.com\/es\/wp-json\/wp\/v2\/comments?post=302"}],"version-history":[{"count":0,"href":"https:\/\/docs.imanage.com\/es\/wp-json\/wp\/v2\/pages\/302\/revisions"}],"up":[{"embeddable":true,"href":"https:\/\/docs.imanage.com\/es\/wp-json\/wp\/v2\/pages\/146"}],"wp:attachment":[{"href":"https:\/\/docs.imanage.com\/es\/wp-json\/wp\/v2\/media?parent=302"}],"curies":[{"name":"wp","href":"https:\/\/api.w.org\/{rel}","templated":true}]}}