{"id":346,"date":"2019-07-04T17:35:05","date_gmt":"2019-07-04T17:35:05","guid":{"rendered":"https:\/\/docs.imanage.com\/?page_id=346"},"modified":"2020-02-20T18:04:58","modified_gmt":"2020-02-20T18:04:58","slug":"whats-new-in-imanage-work-2020-01","status":"publish","type":"page","link":"https:\/\/docs.imanage.com\/es\/whats-new-in-imanage-work-2020-01.html","title":{"rendered":"Novedades en iManage Work &#8211; Enero 2020"},"content":{"rendered":"<p><strong>Icono prominente de &#8220;Pr\u00f3ximamente&#8221; destacando las futuras funciones<\/strong><\/p>\n<p>Indica que la vista previa de la funci\u00f3n est\u00e1 habilitada a trav\u00e9s de &#8220;<strong>Pr\u00f3ximamente<\/strong>&#8220;. Consulte la lista de novedades pasando el cursor sobre el icono Pr\u00f3ximamente situado al lado del men\u00fa de usuario.<\/p>\n<p><img loading=\"lazy\" decoding=\"async\" class=\"black-border alignnone wp-image-444\" src=\"https:\/\/docs.imanage.com\/wp-content\/uploads\/2020\/02\/spanish-coming-soon-250x190.png\" alt=\"\" width=\"320\" height=\"60\" srcset=\"https:\/\/docs.imanage.com\/wp-content\/uploads\/2020\/02\/spanish-coming-soon-300x56.png 300w, https:\/\/docs.imanage.com\/wp-content\/uploads\/2020\/02\/spanish-coming-soon-1024x192.png 1024w, https:\/\/docs.imanage.com\/wp-content\/uploads\/2020\/02\/spanish-coming-soon-768x144.png 768w, https:\/\/docs.imanage.com\/wp-content\/uploads\/2020\/02\/spanish-coming-soon.png 1032w\" sizes=\"auto, (max-width: 320px) 100vw, 320px\" \/><\/p>\n<p><strong>Vista de estructura<\/strong><\/p>\n<p>iManage Work ha optimizado la experiencia de navegaci\u00f3n al proporcionar una vista de estructura de carpetas ampliable a trav\u00e9s de &#8220;<strong>Pr\u00f3ximamente<\/strong>&#8220;. Puede utilizarla para navegar f\u00e1cilmente entre las distintas ubicaciones y subcarpetas disponibles. En Microsoft Outlook, puede encontrar la vista de estructura en la pesta\u00f1a &#8220;<strong>Examinar<\/strong>&#8221; del panel de iManage Work cuando est\u00e9 acoplado.<\/p>\n<p><strong>NOTA:<\/strong> Los filtros se han desplazado a la derecha, debajo del bot\u00f3n &#8220;<strong>Filtros<\/strong>&#8220;. La vista de estructura no est\u00e1 disponible para dispositivos m\u00f3viles con pantallas peque\u00f1as.<\/p>\n<p><img loading=\"lazy\" decoding=\"async\" class=\"alignnone size-full wp-image-389 black-border\" src=\"https:\/\/docs.imanage.com\/wp-content\/uploads\/2019\/12\/FILTER_Placement_Simple_360.png\" alt=\"\" width=\"360\" height=\"246\" srcset=\"https:\/\/docs.imanage.com\/wp-content\/uploads\/2019\/12\/FILTER_Placement_Simple_360.png 360w, https:\/\/docs.imanage.com\/wp-content\/uploads\/2019\/12\/FILTER_Placement_Simple_360-300x205.png 300w\" sizes=\"auto, (max-width: 360px) 100vw, 360px\" \/><\/p>\n<p><strong>Promoci\u00f3n de un documento previamente editado a la \u00faltima versi\u00f3n<\/strong><\/p>\n<p>Ahora puede utilizar la l\u00ednea temporal del documento para promover un documento previamente editado a la \u00faltima versi\u00f3n, sin tener que descargar el documento.<\/p>\n<p><img loading=\"lazy\" decoding=\"async\" class=\"black-border alignnone wp-image-445\" src=\"https:\/\/docs.imanage.com\/wp-content\/uploads\/2020\/02\/Spanish-delete-multiple-files-250x190.png\" alt=\"\" width=\"990\" height=\"251\" srcset=\"https:\/\/docs.imanage.com\/wp-content\/uploads\/2020\/02\/Spanish-delete-multiple-files-300x76.png 300w, https:\/\/docs.imanage.com\/wp-content\/uploads\/2020\/02\/Spanish-delete-multiple-files-1024x260.png 1024w, https:\/\/docs.imanage.com\/wp-content\/uploads\/2020\/02\/Spanish-delete-multiple-files-768x195.png 768w, https:\/\/docs.imanage.com\/wp-content\/uploads\/2020\/02\/Spanish-delete-multiple-files-1536x390.png 1536w, https:\/\/docs.imanage.com\/wp-content\/uploads\/2020\/02\/Spanish-delete-multiple-files.png 1873w\" sizes=\"auto, (max-width: 990px) 100vw, 990px\" \/><br \/>\n<strong>NOTA<\/strong>: Esta funci\u00f3n est\u00e1 disponible solamente para los usuarios de iManage Cloud.<\/p>\n<p><strong>Eliminar m\u00faltiples archivos<\/strong><\/p>\n<p>Seleccione hasta 50 elementos (en la vista de lista) o hasta 5000 elementos (en la vista de cuadr\u00edcula), y luego mu\u00e9valos a la papelera o elim\u00ednelos.<\/p>\n<p>Puede eliminar todas las versiones de un documento seleccionado o solamente la versi\u00f3n seleccionada actualmente.<\/p>\n<p><strong>\u00c1mbito de b\u00fasqueda persistente para subcarpetas<\/strong><\/p>\n<p>Busque archivos dentro de una carpeta y todas las subcarpetas anidadas por debajo de la misma sin tener que establecer las preferencias para cada b\u00fasqueda.<\/p>\n<p><strong>Vista de cuadr\u00edcula, ahora disponible de forma predeterminada con mejoras adicionales<\/strong><\/p>\n<p>Anteriormente disponible como una funci\u00f3n de &#8220;Pr\u00f3ximamente&#8221;, la vista de cuadr\u00edcula est\u00e1 ya disponible como una funci\u00f3n predeterminada. Escoja entre la vista de lista o la vista de cuadr\u00edcula seg\u00fan su preferencia.<\/p>\n<p><img loading=\"lazy\" decoding=\"async\" class=\"black-border alignnone wp-image-446\" src=\"https:\/\/docs.imanage.com\/wp-content\/uploads\/2020\/02\/spanish-dd-250x190.png\" alt=\"\" width=\"180\" height=\"90\" srcset=\"https:\/\/docs.imanage.com\/wp-content\/uploads\/2020\/02\/spanish-dd-300x149.png 300w, https:\/\/docs.imanage.com\/wp-content\/uploads\/2020\/02\/spanish-dd.png 594w\" sizes=\"auto, (max-width: 180px) 100vw, 180px\" \/><\/p>\n","protected":false},"excerpt":{"rendered":"<p>Icono prominente de &#8220;Pr\u00f3ximamente&#8221; destacando las futuras funciones Indica que la vista previa de la funci\u00f3n est\u00e1 habilitada a trav\u00e9s de &#8220;Pr\u00f3ximamente&#8220;. Consulte la lista de novedades pasando el cursor sobre el icono Pr\u00f3ximamente situado al lado del men\u00fa de usuario. Vista de estructura iManage Work ha optimizado la experiencia de navegaci\u00f3n al proporcionar una [&hellip;]<\/p>\n","protected":false},"author":4,"featured_media":0,"parent":0,"menu_order":0,"comment_status":"closed","ping_status":"closed","template":"","meta":{"_acf_changed":false,"footnotes":""},"class_list":["post-346","page","type-page","status-publish","hentry"],"translation":{"provider":"WPGlobus","version":"3.0.2","language":"es","enabled_languages":["en","de","fr","qc","jp","br","es","zh"],"languages":{"en":{"title":true,"content":true,"excerpt":false},"de":{"title":true,"content":true,"excerpt":false},"fr":{"title":true,"content":true,"excerpt":false},"qc":{"title":false,"content":false,"excerpt":false},"jp":{"title":true,"content":true,"excerpt":false},"br":{"title":true,"content":true,"excerpt":false},"es":{"title":true,"content":true,"excerpt":false},"zh":{"title":true,"content":true,"excerpt":false}}},"acf":[],"yoast_head":"<!-- This site is optimized with the Yoast SEO plugin v27.4 - https:\/\/yoast.com\/product\/yoast-seo-wordpress\/ -->\n<title>Novedades en iManage Work - Enero 2020 &#8211; Docs - iManage<\/title>\n<meta name=\"robots\" content=\"index, follow, max-snippet:-1, max-image-preview:large, max-video-preview:-1\" \/>\n<link rel=\"canonical\" href=\"https:\/\/docs.imanage.com\/zh\/whats-new-in-imanage-work-2020-01.html\" \/>\n<meta property=\"og:locale\" content=\"es_ES\" \/>\n<meta property=\"og:type\" content=\"article\" \/>\n<meta property=\"og:title\" content=\"Novedades en iManage Work - Enero 2020 &#8211; Docs - iManage\" \/>\n<meta property=\"og:url\" content=\"https:\/\/docs.imanage.com\/zh\/whats-new-in-imanage-work-2020-01.html\" \/>\n<meta property=\"og:site_name\" content=\"Docs - iManage\" \/>\n<meta property=\"article:modified_time\" content=\"2020-02-20T18:04:58+00:00\" \/>\n<meta property=\"og:image\" content=\"https:\/\/docs.imanage.com\/wp-content\/uploads\/2020\/01\/coming-soon-icon-250x129.png\" \/>\n<meta name=\"twitter:card\" content=\"summary_large_image\" \/>\n<meta name=\"twitter:label1\" content=\"Est. reading time\" \/>\n\t<meta name=\"twitter:data1\" content=\"8 minutes\" \/>\n<script type=\"application\/ld+json\" class=\"yoast-schema-graph\">{\"@context\":\"https:\\\/\\\/schema.org\",\"@graph\":[{\"@type\":\"WebPage\",\"@id\":\"https:\\\/\\\/docs.imanage.com\\\/zh\\\/whats-new-in-imanage-work-2020-01.html\",\"url\":\"https:\\\/\\\/docs.imanage.com\\\/zh\\\/whats-new-in-imanage-work-2020-01.html\",\"name\":\"Novedades en iManage Work - Enero 2020 &#8211; Docs - iManage\",\"isPartOf\":{\"@id\":\"https:\\\/\\\/docs.imanage.com\\\/#website\"},\"primaryImageOfPage\":{\"@id\":\"https:\\\/\\\/docs.imanage.com\\\/zh\\\/whats-new-in-imanage-work-2020-01.html#primaryimage\"},\"image\":{\"@id\":\"https:\\\/\\\/docs.imanage.com\\\/zh\\\/whats-new-in-imanage-work-2020-01.html#primaryimage\"},\"thumbnailUrl\":\"https:\\\/\\\/docs.imanage.com\\\/wp-content\\\/uploads\\\/2020\\\/01\\\/coming-soon-icon-250x129.png\",\"datePublished\":\"2019-07-04T17:35:05+00:00\",\"dateModified\":\"2020-02-20T18:04:58+00:00\",\"breadcrumb\":{\"@id\":\"https:\\\/\\\/docs.imanage.com\\\/zh\\\/whats-new-in-imanage-work-2020-01.html#breadcrumb\"},\"inLanguage\":\"es-ES\",\"potentialAction\":[{\"@type\":\"ReadAction\",\"target\":[\"https:\\\/\\\/docs.imanage.com\\\/zh\\\/whats-new-in-imanage-work-2020-01.html\"]}]},{\"@type\":\"ImageObject\",\"inLanguage\":\"es-ES\",\"@id\":\"https:\\\/\\\/docs.imanage.com\\\/zh\\\/whats-new-in-imanage-work-2020-01.html#primaryimage\",\"url\":\"https:\\\/\\\/docs.imanage.com\\\/wp-content\\\/uploads\\\/2020\\\/01\\\/coming-soon-icon-250x129.png\",\"contentUrl\":\"https:\\\/\\\/docs.imanage.com\\\/wp-content\\\/uploads\\\/2020\\\/01\\\/coming-soon-icon-250x129.png\"},{\"@type\":\"BreadcrumbList\",\"@id\":\"https:\\\/\\\/docs.imanage.com\\\/zh\\\/whats-new-in-imanage-work-2020-01.html#breadcrumb\",\"itemListElement\":[{\"@type\":\"ListItem\",\"position\":1,\"name\":\"Home\",\"item\":\"https:\\\/\\\/docs.imanage.com\\\/\"},{\"@type\":\"ListItem\",\"position\":2,\"name\":\"iManage Work \u65b0\u589e\u529f\u80fd \u2013 2020 \u5e74 1 \u6708\"}]},{\"@type\":\"WebSite\",\"@id\":\"https:\\\/\\\/docs.imanage.com\\\/#website\",\"url\":\"https:\\\/\\\/docs.imanage.com\\\/\",\"name\":\"Docs - iManage\",\"description\":\"\",\"potentialAction\":[{\"@type\":\"SearchAction\",\"target\":{\"@type\":\"EntryPoint\",\"urlTemplate\":\"https:\\\/\\\/docs.imanage.com\\\/?s={search_term_string}\"},\"query-input\":{\"@type\":\"PropertyValueSpecification\",\"valueRequired\":true,\"valueName\":\"search_term_string\"}}],\"inLanguage\":\"es-ES\"}]}<\/script>\n<!-- \/ Yoast SEO plugin. -->","yoast_head_json":{"title":"Novedades en iManage Work - Enero 2020 &#8211; Docs - iManage","robots":{"index":"index","follow":"follow","max-snippet":"max-snippet:-1","max-image-preview":"max-image-preview:large","max-video-preview":"max-video-preview:-1"},"canonical":"https:\/\/docs.imanage.com\/zh\/whats-new-in-imanage-work-2020-01.html","og_locale":"es_ES","og_type":"article","og_title":"Novedades en iManage Work - Enero 2020 &#8211; Docs - iManage","og_url":"https:\/\/docs.imanage.com\/zh\/whats-new-in-imanage-work-2020-01.html","og_site_name":"Docs - iManage","article_modified_time":"2020-02-20T18:04:58+00:00","og_image":[{"url":"https:\/\/docs.imanage.com\/wp-content\/uploads\/2020\/01\/coming-soon-icon-250x129.png","type":"","width":"","height":""}],"twitter_card":"summary_large_image","twitter_misc":{"Est. reading time":"8 minutes"},"schema":{"@context":"https:\/\/schema.org","@graph":[{"@type":"WebPage","@id":"https:\/\/docs.imanage.com\/zh\/whats-new-in-imanage-work-2020-01.html","url":"https:\/\/docs.imanage.com\/zh\/whats-new-in-imanage-work-2020-01.html","name":"Novedades en iManage Work - Enero 2020 &#8211; Docs - iManage","isPartOf":{"@id":"https:\/\/docs.imanage.com\/#website"},"primaryImageOfPage":{"@id":"https:\/\/docs.imanage.com\/zh\/whats-new-in-imanage-work-2020-01.html#primaryimage"},"image":{"@id":"https:\/\/docs.imanage.com\/zh\/whats-new-in-imanage-work-2020-01.html#primaryimage"},"thumbnailUrl":"https:\/\/docs.imanage.com\/wp-content\/uploads\/2020\/01\/coming-soon-icon-250x129.png","datePublished":"2019-07-04T17:35:05+00:00","dateModified":"2020-02-20T18:04:58+00:00","breadcrumb":{"@id":"https:\/\/docs.imanage.com\/zh\/whats-new-in-imanage-work-2020-01.html#breadcrumb"},"inLanguage":"es-ES","potentialAction":[{"@type":"ReadAction","target":["https:\/\/docs.imanage.com\/zh\/whats-new-in-imanage-work-2020-01.html"]}]},{"@type":"ImageObject","inLanguage":"es-ES","@id":"https:\/\/docs.imanage.com\/zh\/whats-new-in-imanage-work-2020-01.html#primaryimage","url":"https:\/\/docs.imanage.com\/wp-content\/uploads\/2020\/01\/coming-soon-icon-250x129.png","contentUrl":"https:\/\/docs.imanage.com\/wp-content\/uploads\/2020\/01\/coming-soon-icon-250x129.png"},{"@type":"BreadcrumbList","@id":"https:\/\/docs.imanage.com\/zh\/whats-new-in-imanage-work-2020-01.html#breadcrumb","itemListElement":[{"@type":"ListItem","position":1,"name":"Home","item":"https:\/\/docs.imanage.com\/"},{"@type":"ListItem","position":2,"name":"iManage Work \u65b0\u589e\u529f\u80fd \u2013 2020 \u5e74 1 \u6708"}]},{"@type":"WebSite","@id":"https:\/\/docs.imanage.com\/#website","url":"https:\/\/docs.imanage.com\/","name":"Docs - iManage","description":"","potentialAction":[{"@type":"SearchAction","target":{"@type":"EntryPoint","urlTemplate":"https:\/\/docs.imanage.com\/?s={search_term_string}"},"query-input":{"@type":"PropertyValueSpecification","valueRequired":true,"valueName":"search_term_string"}}],"inLanguage":"es-ES"}]}},"_links":{"self":[{"href":"https:\/\/docs.imanage.com\/es\/wp-json\/wp\/v2\/pages\/346","targetHints":{"allow":["GET"]}}],"collection":[{"href":"https:\/\/docs.imanage.com\/es\/wp-json\/wp\/v2\/pages"}],"about":[{"href":"https:\/\/docs.imanage.com\/es\/wp-json\/wp\/v2\/types\/page"}],"author":[{"embeddable":true,"href":"https:\/\/docs.imanage.com\/es\/wp-json\/wp\/v2\/users\/4"}],"replies":[{"embeddable":true,"href":"https:\/\/docs.imanage.com\/es\/wp-json\/wp\/v2\/comments?post=346"}],"version-history":[{"count":0,"href":"https:\/\/docs.imanage.com\/es\/wp-json\/wp\/v2\/pages\/346\/revisions"}],"wp:attachment":[{"href":"https:\/\/docs.imanage.com\/es\/wp-json\/wp\/v2\/media?parent=346"}],"curies":[{"name":"wp","href":"https:\/\/api.w.org\/{rel}","templated":true}]}}