{"id":464,"date":"2020-02-25T06:20:55","date_gmt":"2020-02-25T06:20:55","guid":{"rendered":"https:\/\/docs.imanage.com\/?page_id=464"},"modified":"2020-08-03T13:27:28","modified_gmt":"2020-08-03T13:27:28","slug":"whats-new-in-imanage-wdw-2020-03","status":"publish","type":"page","link":"https:\/\/docs.imanage.com\/es\/work\/whats-new-in-imanage-wdw-2020-03.html","title":{"rendered":"Novedades de iManage Work Desktop for Windows &#8211; Junio 2020"},"content":{"rendered":"<h4><strong>Build: 10.2.6.107<\/strong><\/h4>\n<h1>Seleccione la cabecera de la columna del espacio de trabajo que desee ver en los cuadros de di\u00e1logo de archivado del correo electr\u00f3nico<\/h1>\n<p>Ahora podr\u00e1 seleccionar las cabeceras de las columnas del espacio de trabajo que desee ver en los cuadros de di\u00e1logo de archivado del correo electr\u00f3nico.\u00a0 Seleccione en el cuadro de di\u00e1logo\u00a0<strong>Enviar y archivar<\/strong>, el cuadro de di\u00e1logo <strong>Navegar y archivar <\/strong>y en el cuadro de di\u00e1logo de la barra de herramientas de<strong> iManage Work<\/strong> para a\u00f1adir o eliminar las cabeceras de columna predeterminadas configuradas por su administrador. Tambi\u00e9n podr\u00e1 hacer clic con el bot\u00f3n derecho del rat\u00f3n en cualquier columna existente para a\u00f1adir o eliminar cabeceras de columna en estos cuadros de di\u00e1logo de archivado. Adem\u00e1s, podr\u00e1 reorganizar estas cabeceras de columna mediante el m\u00e9todo de arrastrar y soltar.<\/p>\n<p>Los cambios realizados se guardan en su equipo y aparecer\u00e1n en los tres cuadros de di\u00e1logo de archivado y cuando se archivan los correos electr\u00f3nicos fuera de l\u00ednea.<\/p>\n<p><strong>NOTA:<\/strong> Si desea ver un campo o una cabecera personalizados en una columna que no est\u00e1 disponible actualmente, p\u00f3ngase en contacto con su administrador.<\/p>\n<p><img loading=\"lazy\" decoding=\"async\" class=\"alignnone size-full wp-image-511\" src=\"https:\/\/docs.imanage.com\/wp-content\/uploads\/2020\/07\/Gif-file-for-Whats-new-page.gif\" alt=\"\" width=\"920\" height=\"446\" \/><\/p>\n","protected":false},"excerpt":{"rendered":"<p>Build: 10.2.6.107 Seleccione la cabecera de la columna del espacio de trabajo que desee ver en los cuadros de di\u00e1logo de archivado del correo electr\u00f3nico Ahora podr\u00e1 seleccionar las cabeceras de las columnas del espacio de trabajo que desee ver en los cuadros de di\u00e1logo de archivado del correo electr\u00f3nico.\u00a0 Seleccione en el cuadro de [&hellip;]<\/p>\n","protected":false},"author":4,"featured_media":0,"parent":146,"menu_order":0,"comment_status":"closed","ping_status":"closed","template":"","meta":{"_acf_changed":false,"footnotes":""},"class_list":["post-464","page","type-page","status-publish","hentry"],"translation":{"provider":"WPGlobus","version":"3.0.2","language":"es","enabled_languages":["en","de","fr","qc","jp","br","es","zh"],"languages":{"en":{"title":true,"content":true,"excerpt":false},"de":{"title":true,"content":true,"excerpt":false},"fr":{"title":true,"content":true,"excerpt":false},"qc":{"title":false,"content":false,"excerpt":false},"jp":{"title":true,"content":true,"excerpt":false},"br":{"title":true,"content":true,"excerpt":false},"es":{"title":true,"content":true,"excerpt":false},"zh":{"title":true,"content":true,"excerpt":false}}},"acf":[],"yoast_head":"<!-- This site is optimized with the Yoast SEO plugin v27.4 - https:\/\/yoast.com\/product\/yoast-seo-wordpress\/ -->\n<title>Novedades de iManage Work Desktop for Windows - Junio 2020 &#8211; Docs - iManage<\/title>\n<meta name=\"robots\" content=\"index, follow, max-snippet:-1, max-image-preview:large, max-video-preview:-1\" \/>\n<link rel=\"canonical\" href=\"https:\/\/docs.imanage.com\/work\/whats-new-in-imanage-wdw-2020-03.html\" \/>\n<meta property=\"og:locale\" content=\"es_ES\" \/>\n<meta property=\"og:type\" content=\"article\" \/>\n<meta property=\"og:title\" content=\"Novedades de iManage Work Desktop for Windows - Junio 2020 &#8211; Docs - iManage\" \/>\n<meta property=\"og:url\" content=\"https:\/\/docs.imanage.com\/work\/whats-new-in-imanage-wdw-2020-03.html\" \/>\n<meta property=\"og:site_name\" content=\"Docs - iManage\" \/>\n<meta property=\"article:modified_time\" content=\"2020-08-03T13:27:28+00:00\" \/>\n<meta property=\"og:image\" content=\"https:\/\/docs.imanage.com\/wp-content\/uploads\/2020\/03\/gear.png\" \/>\n<meta name=\"twitter:card\" content=\"summary_large_image\" \/>\n<meta name=\"twitter:label1\" content=\"Est. reading time\" \/>\n\t<meta name=\"twitter:data1\" content=\"5 minutes\" \/>\n<script type=\"application\/ld+json\" class=\"yoast-schema-graph\">{\"@context\":\"https:\\\/\\\/schema.org\",\"@graph\":[{\"@type\":\"WebPage\",\"@id\":\"https:\\\/\\\/docs.imanage.com\\\/work\\\/whats-new-in-imanage-wdw-2020-03.html\",\"url\":\"https:\\\/\\\/docs.imanage.com\\\/work\\\/whats-new-in-imanage-wdw-2020-03.html\",\"name\":\"Novedades de iManage Work Desktop for Windows - Junio 2020 &#8211; Docs - iManage\",\"isPartOf\":{\"@id\":\"https:\\\/\\\/docs.imanage.com\\\/#website\"},\"primaryImageOfPage\":{\"@id\":\"https:\\\/\\\/docs.imanage.com\\\/work\\\/whats-new-in-imanage-wdw-2020-03.html#primaryimage\"},\"image\":{\"@id\":\"https:\\\/\\\/docs.imanage.com\\\/work\\\/whats-new-in-imanage-wdw-2020-03.html#primaryimage\"},\"thumbnailUrl\":\"https:\\\/\\\/docs.imanage.com\\\/wp-content\\\/uploads\\\/2020\\\/03\\\/gear.png\",\"datePublished\":\"2020-02-25T06:20:55+00:00\",\"dateModified\":\"2020-08-03T13:27:28+00:00\",\"breadcrumb\":{\"@id\":\"https:\\\/\\\/docs.imanage.com\\\/work\\\/whats-new-in-imanage-wdw-2020-03.html#breadcrumb\"},\"inLanguage\":\"es-ES\",\"potentialAction\":[{\"@type\":\"ReadAction\",\"target\":[\"https:\\\/\\\/docs.imanage.com\\\/work\\\/whats-new-in-imanage-wdw-2020-03.html\"]}]},{\"@type\":\"ImageObject\",\"inLanguage\":\"es-ES\",\"@id\":\"https:\\\/\\\/docs.imanage.com\\\/work\\\/whats-new-in-imanage-wdw-2020-03.html#primaryimage\",\"url\":\"https:\\\/\\\/docs.imanage.com\\\/wp-content\\\/uploads\\\/2020\\\/03\\\/gear.png\",\"contentUrl\":\"https:\\\/\\\/docs.imanage.com\\\/wp-content\\\/uploads\\\/2020\\\/03\\\/gear.png\"},{\"@type\":\"BreadcrumbList\",\"@id\":\"https:\\\/\\\/docs.imanage.com\\\/work\\\/whats-new-in-imanage-wdw-2020-03.html#breadcrumb\",\"itemListElement\":[{\"@type\":\"ListItem\",\"position\":1,\"name\":\"Home\",\"item\":\"https:\\\/\\\/docs.imanage.com\\\/\"},{\"@type\":\"ListItem\",\"position\":2,\"name\":\"Work\",\"item\":\"https:\\\/\\\/docs.imanage.com\\\/work.html\"},{\"@type\":\"ListItem\",\"position\":3,\"name\":\"What&#8217;s New in iManage Work Desktop for Windows &#8211; June 2020\"}]},{\"@type\":\"WebSite\",\"@id\":\"https:\\\/\\\/docs.imanage.com\\\/#website\",\"url\":\"https:\\\/\\\/docs.imanage.com\\\/\",\"name\":\"Docs - iManage\",\"description\":\"\",\"potentialAction\":[{\"@type\":\"SearchAction\",\"target\":{\"@type\":\"EntryPoint\",\"urlTemplate\":\"https:\\\/\\\/docs.imanage.com\\\/?s={search_term_string}\"},\"query-input\":{\"@type\":\"PropertyValueSpecification\",\"valueRequired\":true,\"valueName\":\"search_term_string\"}}],\"inLanguage\":\"es-ES\"}]}<\/script>\n<!-- \/ Yoast SEO plugin. -->","yoast_head_json":{"title":"Novedades de iManage Work Desktop for Windows - Junio 2020 &#8211; Docs - iManage","robots":{"index":"index","follow":"follow","max-snippet":"max-snippet:-1","max-image-preview":"max-image-preview:large","max-video-preview":"max-video-preview:-1"},"canonical":"https:\/\/docs.imanage.com\/work\/whats-new-in-imanage-wdw-2020-03.html","og_locale":"es_ES","og_type":"article","og_title":"Novedades de iManage Work Desktop for Windows - Junio 2020 &#8211; Docs - iManage","og_url":"https:\/\/docs.imanage.com\/work\/whats-new-in-imanage-wdw-2020-03.html","og_site_name":"Docs - iManage","article_modified_time":"2020-08-03T13:27:28+00:00","og_image":[{"url":"https:\/\/docs.imanage.com\/wp-content\/uploads\/2020\/03\/gear.png","type":"","width":"","height":""}],"twitter_card":"summary_large_image","twitter_misc":{"Est. reading time":"5 minutes"},"schema":{"@context":"https:\/\/schema.org","@graph":[{"@type":"WebPage","@id":"https:\/\/docs.imanage.com\/work\/whats-new-in-imanage-wdw-2020-03.html","url":"https:\/\/docs.imanage.com\/work\/whats-new-in-imanage-wdw-2020-03.html","name":"Novedades de iManage Work Desktop for Windows - Junio 2020 &#8211; Docs - iManage","isPartOf":{"@id":"https:\/\/docs.imanage.com\/#website"},"primaryImageOfPage":{"@id":"https:\/\/docs.imanage.com\/work\/whats-new-in-imanage-wdw-2020-03.html#primaryimage"},"image":{"@id":"https:\/\/docs.imanage.com\/work\/whats-new-in-imanage-wdw-2020-03.html#primaryimage"},"thumbnailUrl":"https:\/\/docs.imanage.com\/wp-content\/uploads\/2020\/03\/gear.png","datePublished":"2020-02-25T06:20:55+00:00","dateModified":"2020-08-03T13:27:28+00:00","breadcrumb":{"@id":"https:\/\/docs.imanage.com\/work\/whats-new-in-imanage-wdw-2020-03.html#breadcrumb"},"inLanguage":"es-ES","potentialAction":[{"@type":"ReadAction","target":["https:\/\/docs.imanage.com\/work\/whats-new-in-imanage-wdw-2020-03.html"]}]},{"@type":"ImageObject","inLanguage":"es-ES","@id":"https:\/\/docs.imanage.com\/work\/whats-new-in-imanage-wdw-2020-03.html#primaryimage","url":"https:\/\/docs.imanage.com\/wp-content\/uploads\/2020\/03\/gear.png","contentUrl":"https:\/\/docs.imanage.com\/wp-content\/uploads\/2020\/03\/gear.png"},{"@type":"BreadcrumbList","@id":"https:\/\/docs.imanage.com\/work\/whats-new-in-imanage-wdw-2020-03.html#breadcrumb","itemListElement":[{"@type":"ListItem","position":1,"name":"Home","item":"https:\/\/docs.imanage.com\/"},{"@type":"ListItem","position":2,"name":"Work","item":"https:\/\/docs.imanage.com\/work.html"},{"@type":"ListItem","position":3,"name":"What&#8217;s New in iManage Work Desktop for Windows &#8211; June 2020"}]},{"@type":"WebSite","@id":"https:\/\/docs.imanage.com\/#website","url":"https:\/\/docs.imanage.com\/","name":"Docs - iManage","description":"","potentialAction":[{"@type":"SearchAction","target":{"@type":"EntryPoint","urlTemplate":"https:\/\/docs.imanage.com\/?s={search_term_string}"},"query-input":{"@type":"PropertyValueSpecification","valueRequired":true,"valueName":"search_term_string"}}],"inLanguage":"es-ES"}]}},"_links":{"self":[{"href":"https:\/\/docs.imanage.com\/es\/wp-json\/wp\/v2\/pages\/464","targetHints":{"allow":["GET"]}}],"collection":[{"href":"https:\/\/docs.imanage.com\/es\/wp-json\/wp\/v2\/pages"}],"about":[{"href":"https:\/\/docs.imanage.com\/es\/wp-json\/wp\/v2\/types\/page"}],"author":[{"embeddable":true,"href":"https:\/\/docs.imanage.com\/es\/wp-json\/wp\/v2\/users\/4"}],"replies":[{"embeddable":true,"href":"https:\/\/docs.imanage.com\/es\/wp-json\/wp\/v2\/comments?post=464"}],"version-history":[{"count":0,"href":"https:\/\/docs.imanage.com\/es\/wp-json\/wp\/v2\/pages\/464\/revisions"}],"up":[{"embeddable":true,"href":"https:\/\/docs.imanage.com\/es\/wp-json\/wp\/v2\/pages\/146"}],"wp:attachment":[{"href":"https:\/\/docs.imanage.com\/es\/wp-json\/wp\/v2\/media?parent=464"}],"curies":[{"name":"wp","href":"https:\/\/api.w.org\/{rel}","templated":true}]}}