{"id":513,"date":"2020-07-06T06:37:03","date_gmt":"2020-07-06T06:37:03","guid":{"rendered":"https:\/\/docs.imanage.com\/?page_id=513"},"modified":"2020-08-12T05:23:15","modified_gmt":"2020-08-12T05:23:15","slug":"whats-new-in-imanage-work-2020-07","status":"publish","type":"page","link":"https:\/\/docs.imanage.com\/es\/whats-new-in-imanage-work-2020-07.html","title":{"rendered":"Novedades en iManage Work &#8211; Julio 2020"},"content":{"rendered":"<h1><span style=\"font-size: 1.5rem;\">Vista de \u00e1rbol de forma est\u00e1ndar<br \/>\n<\/span><\/h1>\n<p>Previamente accesible a trav\u00e9s de <strong>Pr\u00f3ximamente<\/strong>, la vista de \u00e1rbol pasar\u00e1 a ser la vista predeterminada a partir de ahora para los usuarios en el panel de iManage Work y iManage Work para Microsoft Outlook.<\/p>\n<h1>Mover carpetas mediante el men\u00fa contextual o kebab<\/h1>\n<p>Reorganice la estructura de carpetas cambiando la ubicaci\u00f3n de las carpetas, carpetas de b\u00fasqueda y accesos directos a las carpetas mediante el men\u00fa contextual o kebab. Las subcarpetas, los documentos y los correos electr\u00f3nicos que se encuentran en una carpeta se trasladan junto con la carpeta principal en el momento de ser reubicados. Mover una carpeta de b\u00fasqueda no afecta a los criterios de b\u00fasqueda en los que se bas\u00f3 la carpeta de b\u00fasqueda.<\/p>\n<p><img loading=\"lazy\" decoding=\"async\" class=\"alignnone wp-image-514 black-border\" src=\"https:\/\/docs.imanage.com\/wp-content\/uploads\/2020\/07\/Moving-folders-using-context-or-kebab-menu.png\" alt=\"\" width=\"200\" height=\"173\" \/><\/p>\n<h1>Mover categor\u00edas mediante el men\u00fa contextual o kebab<\/h1>\n<p>Mover una categor\u00eda a otra categor\u00eda que se encuentra dentro de <strong>Mis asuntos<\/strong> o <strong>Mis favoritos<\/strong>.<\/p>\n<h1>Crear accesos directos a la carpeta de documentos utilizando el men\u00fa contextual o kebab<\/h1>\n<p>Crear un acceso directo a una carpeta de documentos en otro espacio de trabajo o una pesta\u00f1a ubicada en la misma base de datos o en otra base de datos distinta.<br \/>\n<img loading=\"lazy\" decoding=\"async\" class=\"black-border alignnone wp-image-517\" src=\"https:\/\/docs.imanage.com\/wp-content\/uploads\/2020\/07\/create-document-folder-shortcut.png\" alt=\"\" width=\"220\" height=\"165\" \/><\/p>\n<p>NOTA: La creaci\u00f3n de accesos directos a documentos solo es posible si su configuraci\u00f3n permite crear objetos en el nivel ra\u00edz del espacio de trabajo.<\/p>\n<h1>Mover accesos directos mediante el men\u00fa contextual o kebab<\/h1>\n<p>Mover los accesos directos del espacio de trabajo, los accesos directos de los documentos y los accesos directos de las carpetas de un sitio a otro.<br \/>\n<img loading=\"lazy\" decoding=\"async\" class=\"black-border alignnone wp-image-518\" src=\"https:\/\/docs.imanage.com\/wp-content\/uploads\/2020\/07\/Moving-shortcuts.png\" alt=\"\" width=\"220\" height=\"190\" \/><\/p>\n<h1>Mejora del flujo de trabajo de eliminaci\u00f3n de documentos<\/h1>\n<p>Eliminar documentos de una carpeta utilizando el men\u00fa contextual o kebab. Las opciones que los usuarios tienen a su disposici\u00f3n para eliminar el documento var\u00edan seg\u00fan el n\u00famero de versiones y referencias que posea un documento, como por ejemplo:<br \/>\n&#8211; Documento con versi\u00f3n \u00fanica y sin referencia<br \/>\n&#8211; Documento con m\u00faltiples versiones y sin referencias<br \/>\n&#8211; Documento con una \u00fanica versi\u00f3n y referencias en m\u00faltiples sitios<br \/>\n&#8211; Documento con m\u00faltiples versiones y referencias en m\u00faltiples sitios<br \/>\n&#8211; Documentos m\u00faltiples con m\u00faltiples referencias<br \/>\nPara obtener m\u00e1s informaci\u00f3n, consulte <a href=\"https:\/\/docs.imanage.com\/work-web-help\/10.3.0\/en-US\/Deleting_a_document.html\">Eliminar un documento<\/a>.<\/p>\n<h1>Configuraciones administrativas mejoradas en el iManage Control Center<\/h1>\n<p><strong>Definir el comportamiento predefinido de los clics de t\u00edtulo para documentos:<br \/>\n<\/strong>La opci\u00f3n <strong><em>Abrir en vista protegida<\/em><\/strong> permite acceder a los documentos de Microsoft Office en vista protegida para evitar que los usuarios dejen accidentalmente los documentos en un estado desprotegido.<\/p>\n<p><img loading=\"lazy\" decoding=\"async\" class=\"black-border alignnone wp-image-519\" src=\"https:\/\/docs.imanage.com\/wp-content\/uploads\/2020\/07\/Open-in-protexted-view-1024x219.png\" alt=\"\" width=\"720\" height=\"154\" srcset=\"https:\/\/docs.imanage.com\/wp-content\/uploads\/2020\/07\/Open-in-protexted-view-1024x219.png 1024w, https:\/\/docs.imanage.com\/wp-content\/uploads\/2020\/07\/Open-in-protexted-view-300x64.png 300w, https:\/\/docs.imanage.com\/wp-content\/uploads\/2020\/07\/Open-in-protexted-view-768x164.png 768w, https:\/\/docs.imanage.com\/wp-content\/uploads\/2020\/07\/Open-in-protexted-view.png 1062w\" sizes=\"auto, (max-width: 720px) 100vw, 720px\" \/><\/p>\n<p><strong>La opci\u00f3n de men\u00fa Eliminar unificado del iManage Control Center:<\/strong><br \/>\nEl men\u00fa contextual expl\u00edcito para <strong><em>Eliminar acceso directo<\/em><\/strong> se ha eliminado del iManage Control Center. En consecuencia, la opci\u00f3n <strong><em>Eliminar<\/em><\/strong> es ahora dependiente del contexto y aparece en el men\u00fa contextual para documentos, correos electr\u00f3nicos y carpetas, mientras que la opci\u00f3n <strong><em>Eliminar acceso directo<\/em><\/strong> aparece para los accesos directos a documentos, correos electr\u00f3nicos y carpetas al incluir la opci\u00f3n Eliminar en los respectivos men\u00fas contextuales.<\/p>\n<h1>Posibilidad de realizar m\u00faltiples operaciones en el \u00e1rbol mediante arrastrar y soltar<\/h1>\n<p><strong>Ampliar y explorar los nodos de los \u00e1rboles:<\/strong><\/p>\n<p>Arrastre los elementos del panel central, pase el cursor por encima del \u00e1rbol para ampliar los nodos y suelte los elementos cuando un contenedor est\u00e9 resaltado por un contorno azul.<\/p>\n<p><img decoding=\"async\" class=\"alignnone wp-image-521 size-large black-border\" src=\"https:\/\/docs.imanage.com\/work-web-help\/10.3.0\/en-US\/images\/download\/attachments\/85082028\/expand_and_browse_tree_using_DnD.gif\" alt=\"\" width=\"700\" \/><\/p>\n<p>La lista de las posibles acciones que se pueden realizar con las teclas de selecci\u00f3n aparece en el mensaje de ayuda.<\/p>\n<p><img loading=\"lazy\" decoding=\"async\" class=\"black-border alignnone wp-image-522 size-medium\" src=\"https:\/\/docs.imanage.com\/wp-content\/uploads\/2020\/07\/helper-message-on-windows-300x68.png\" alt=\"\" width=\"300\" height=\"68\" srcset=\"https:\/\/docs.imanage.com\/wp-content\/uploads\/2020\/07\/helper-message-on-windows-300x68.png 300w, https:\/\/docs.imanage.com\/wp-content\/uploads\/2020\/07\/helper-message-on-windows.png 506w\" sizes=\"auto, (max-width: 300px) 100vw, 300px\" \/><\/p>\n<p>Seg\u00fan los navegadores y el sistema operativo utilizados por los usuarios, el comportamiento y la tecla utilizada para las operaciones relacionadas con el \u00e1rbol pueden variar. Para obtener m\u00e1s informaci\u00f3n, consulte <a href=\"https:\/\/docs.imanage.com\/work-web-help\/10.3.0\/en-US\/Keyboard_functions_for_operations_related_to_the_tree.html\">Funciones del teclado para operaciones relacionadas con el \u00e1rbol<\/a>.<\/p>\n<p><strong>Mover carpetas desde la vista de lista o de cuadr\u00edcula a la de \u00e1rbol:<\/strong><\/p>\n<p>Mueva las carpetas de documentos y las carpetas de b\u00fasqueda mediante el m\u00e9todo de arrastrar y soltar.<\/p>\n<p><img decoding=\"async\" class=\"alignnone wp-image-521 size-large black-border\" src=\"https:\/\/docs.imanage.com\/work-web-help\/10.3.0\/en-US\/images\/download\/attachments\/85074216\/Moving_folders_using_DnD.gif\" alt=\"\" width=\"700\" \/><\/p>\n<p><strong>Mover documentos y correos electr\u00f3nicos a una carpeta en el \u00e1rbol:<\/strong><\/p>\n<p>Mueva los documentos y correos electr\u00f3nicos a carpetas o accesos directos a carpetas mediante el m\u00e9todo de arrastrar y soltar.<br \/>\n<img decoding=\"async\" class=\"alignnone wp-image-521 size-large black-border\" src=\"https:\/\/docs.imanage.com\/work-web-help\/10.3.0\/en-US\/images\/download\/attachments\/85074212\/Move_emails_using_DnD.gif\" alt=\"\" width=\"700\" \/><\/p>\n<p><strong>Copiar documentos a una carpeta en el \u00e1rbol:<\/strong><\/p>\n<p>Arrastre un documento, localice la carpeta destino, pulse la tecla <strong>Ctrl<\/strong> y a continuaci\u00f3n suelte para hacer una copia.<br \/>\n<img decoding=\"async\" class=\"alignnone wp-image-521 size-large black-border\" src=\"https:\/\/docs.imanage.com\/work-web-help\/10.3.0\/en-US\/images\/download\/attachments\/85082571\/Copy_to_tree_using_dnd.gif\" alt=\"\" width=\"700\" \/><\/p>\n<p>Seg\u00fan los navegadores y el sistema operativo utilizados por los usuarios, el comportamiento y la tecla utilizada para esta funci\u00f3n pueden variar. Para obtener m\u00e1s informaci\u00f3n, consulte <a href=\"https:\/\/docs.imanage.com\/work-web-help\/10.3.0\/en-US\/Copying_document%28s%29_to_a_folder_in_the_tree_using_drag-and-drop.html\">Copiar documento(s) a una carpeta en el \u00e1rbol usando arrastrar y soltar<\/a>.<\/p>\n<p><strong>A\u00f1adir referencia al documento en una carpeta del \u00e1rbol:<br \/>\n<\/strong>Arrastre un documento, localice la carpeta destino, pulse la tecla <strong>May\u00fasculas<\/strong> y a continuaci\u00f3n suelte para a\u00f1adir una referencia a esa carpeta.<\/p>\n<p><img decoding=\"async\" class=\"alignnone wp-image-521 size-large black-border\" src=\"https:\/\/docs.imanage.com\/work-web-help\/10.3.0\/en-US\/images\/download\/attachments\/85090116\/Add_doc_reference_to_tree_using_DnD.gif\" alt=\"\" width=\"700\" \/><\/p>\n<p>El comportamiento y la clave utilizada para esta caracter\u00edstica pueden variar seg\u00fan los navegadores y el sistema operativo utilizados por los usuarios. Para obtener m\u00e1s informaci\u00f3n, consulte <a href=\"https:\/\/docs.imanage.com\/work-web-help\/10.3.0\/en-US\/Keyboard_functions_for_operations_related_to_the_tree.html\">Funciones del teclado para operaciones relacionadas con el \u00e1rbol<\/a>.<\/p>\n<p><strong>A\u00f1adir accesos directos a carpetas en un espacio de trabajo o una pesta\u00f1a del \u00e1rbol:<br \/>\n<\/strong>Arrastre una carpeta de documentos o de b\u00fasqueda, localice el espacio de trabajo o la pesta\u00f1a destino, pulse la tecla <strong>May\u00fasculas<\/strong> y a continuaci\u00f3n, suelte para a\u00f1adir un acceso directo a la carpeta.<br \/>\n<img decoding=\"async\" class=\"alignnone wp-image-521 size-large black-border\" src=\"https:\/\/docs.imanage.com\/work-web-help\/10.3.0\/en-US\/images\/download\/attachments\/85096950\/Create_folder_shortcut_in_tree_using_DnD.gif\" alt=\"\" width=\"750\" \/><\/p>\n<p><strong>A\u00f1adir elementos a Mis Favoritos en el \u00e1rbol:<br \/>\n<\/strong>Arrastre y suelte elementos del panel central a <strong>Mis favoritos<\/strong> o a una categor\u00eda anidada bajo <strong>Mis favoritos<\/strong> en el \u00e1rbol.<\/p>\n<p><img decoding=\"async\" class=\"alignnone wp-image-521 size-large black-border\" src=\"https:\/\/docs.imanage.com\/work-web-help\/10.3.0\/en-US\/images\/download\/attachments\/85098180\/Add_to_my_favorites_using_DnD.gif\" alt=\"\" width=\"750\" \/><\/p>\n<p><strong>Mover categor\u00edas a Mis favoritos o Mis asuntos en el \u00e1rbol:<br \/>\n<\/strong>Reorganice las categor\u00edas de <strong>Mis asuntos<\/strong> o <strong>Mis favoritos<\/strong> moviendo una o m\u00faltiples categor\u00edas del panel central a otra categor\u00eda de <strong>Mis asuntos<\/strong> o <strong>Mis favoritos<\/strong> mediante el m\u00e9todo de arrastrar y soltar.<\/p>\n<p><img decoding=\"async\" class=\"alignnone wp-image-521 size-large black-border\" src=\"https:\/\/docs.imanage.com\/work-web-help\/10.3.0\/en-US\/images\/download\/attachments\/89261980\/Moving_categories_using_DnD.gif\" alt=\"\" width=\"750\" \/><\/p>\n<p><strong>A\u00f1adir accesos directos al espacio de trabajo en Mis favoritos o Mis asuntos o categor\u00edas dentro de Mis favoritos o Mis asuntos:<br \/>\n<\/strong>Arrastre un espacio de trabajo, pase el cursor por encima del \u00e1rbol hasta llegar a <strong>Mis Favoritos<\/strong> o <strong>Mis Asuntos<\/strong> o a la categor\u00eda destino situada dentro de estos y a continuaci\u00f3n, su\u00e9ltelo.<\/p>\n<p><img decoding=\"async\" class=\"alignnone wp-image-521 size-large black-border\" src=\"https:\/\/docs.imanage.com\/work-web-help\/10.3.0\/en-US\/images\/download\/attachments\/89263536\/Adding_workspace_shortcuts_using_DnD.gif\" alt=\"\" width=\"750\" \/><\/p>\n<h1>Archivar archivos adjuntos de correo electr\u00f3nico en el panel de iManage Work mediante el m\u00e9todo de arrastrar y soltar<\/h1>\n<p>Arrastre y suelte uno o m\u00faltiples archivos adjuntos de correo electr\u00f3nico desde su bandeja de entrada de Microsoft Outlook directamente al panel Work en el \u00e1rbol de pesta\u00f1as de navegaci\u00f3n (en modo acoplado) para archivarlos en iManage Work.<\/p>\n<p>&nbsp;<\/p>\n<p>&nbsp;<\/p>\n<p>&nbsp;<\/p>\n<p>&nbsp;<\/p>\n<p>&nbsp;<\/p>\n<p>&nbsp;<\/p>\n<p>&nbsp;<\/p>\n","protected":false},"excerpt":{"rendered":"<p>Vista de \u00e1rbol de forma est\u00e1ndar Previamente accesible a trav\u00e9s de Pr\u00f3ximamente, la vista de \u00e1rbol pasar\u00e1 a ser la vista predeterminada a partir de ahora para los usuarios en el panel de iManage Work y iManage Work para Microsoft Outlook. Mover carpetas mediante el men\u00fa contextual o kebab Reorganice la estructura de carpetas cambiando [&hellip;]<\/p>\n","protected":false},"author":4,"featured_media":0,"parent":0,"menu_order":0,"comment_status":"closed","ping_status":"closed","template":"","meta":{"_acf_changed":false,"footnotes":""},"class_list":["post-513","page","type-page","status-publish","hentry"],"translation":{"provider":"WPGlobus","version":"3.0.2","language":"es","enabled_languages":["en","de","fr","qc","jp","br","es","zh"],"languages":{"en":{"title":true,"content":true,"excerpt":false},"de":{"title":true,"content":true,"excerpt":false},"fr":{"title":true,"content":true,"excerpt":false},"qc":{"title":false,"content":false,"excerpt":false},"jp":{"title":true,"content":true,"excerpt":false},"br":{"title":true,"content":true,"excerpt":false},"es":{"title":true,"content":true,"excerpt":false},"zh":{"title":true,"content":true,"excerpt":false}}},"acf":[],"yoast_head":"<!-- This site is optimized with the Yoast SEO plugin v27.5 - https:\/\/yoast.com\/product\/yoast-seo-wordpress\/ -->\n<title>Novedades en iManage Work - Julio 2020 &#8211; Docs - iManage<\/title>\n<meta name=\"robots\" content=\"index, follow, max-snippet:-1, max-image-preview:large, max-video-preview:-1\" \/>\n<link rel=\"canonical\" href=\"https:\/\/docs.imanage.com\/es\/whats-new-in-imanage-work-2020-07.html\" \/>\n<meta property=\"og:locale\" content=\"es_ES\" \/>\n<meta property=\"og:type\" content=\"article\" \/>\n<meta property=\"og:title\" content=\"Novedades en iManage Work - Julio 2020 &#8211; Docs - iManage\" \/>\n<meta property=\"og:url\" content=\"https:\/\/docs.imanage.com\/es\/whats-new-in-imanage-work-2020-07.html\" \/>\n<meta property=\"og:site_name\" content=\"Docs - iManage\" \/>\n<meta property=\"article:modified_time\" content=\"2020-08-12T05:23:15+00:00\" \/>\n<meta property=\"og:image\" content=\"https:\/\/docs.imanage.com\/wp-content\/uploads\/2020\/07\/Moving-folders-using-context-or-kebab-menu.png\" \/>\n<meta name=\"twitter:card\" content=\"summary_large_image\" \/>\n<meta name=\"twitter:label1\" content=\"Est. reading time\" \/>\n\t<meta name=\"twitter:data1\" content=\"25 minutes\" \/>\n<script type=\"application\/ld+json\" class=\"yoast-schema-graph\">{\"@context\":\"https:\\\/\\\/schema.org\",\"@graph\":[{\"@type\":\"WebPage\",\"@id\":\"https:\\\/\\\/docs.imanage.com\\\/es\\\/whats-new-in-imanage-work-2020-07.html\",\"url\":\"https:\\\/\\\/docs.imanage.com\\\/es\\\/whats-new-in-imanage-work-2020-07.html\",\"name\":\"Novedades en iManage Work - Julio 2020 &#8211; Docs - iManage\",\"isPartOf\":{\"@id\":\"https:\\\/\\\/docs.imanage.com\\\/#website\"},\"primaryImageOfPage\":{\"@id\":\"https:\\\/\\\/docs.imanage.com\\\/es\\\/whats-new-in-imanage-work-2020-07.html#primaryimage\"},\"image\":{\"@id\":\"https:\\\/\\\/docs.imanage.com\\\/es\\\/whats-new-in-imanage-work-2020-07.html#primaryimage\"},\"thumbnailUrl\":\"https:\\\/\\\/docs.imanage.com\\\/wp-content\\\/uploads\\\/2020\\\/07\\\/Moving-folders-using-context-or-kebab-menu.png\",\"datePublished\":\"2020-07-06T06:37:03+00:00\",\"dateModified\":\"2020-08-12T05:23:15+00:00\",\"breadcrumb\":{\"@id\":\"https:\\\/\\\/docs.imanage.com\\\/es\\\/whats-new-in-imanage-work-2020-07.html#breadcrumb\"},\"inLanguage\":\"es-ES\",\"potentialAction\":[{\"@type\":\"ReadAction\",\"target\":[\"https:\\\/\\\/docs.imanage.com\\\/es\\\/whats-new-in-imanage-work-2020-07.html\"]}]},{\"@type\":\"ImageObject\",\"inLanguage\":\"es-ES\",\"@id\":\"https:\\\/\\\/docs.imanage.com\\\/es\\\/whats-new-in-imanage-work-2020-07.html#primaryimage\",\"url\":\"https:\\\/\\\/docs.imanage.com\\\/wp-content\\\/uploads\\\/2020\\\/07\\\/Moving-folders-using-context-or-kebab-menu.png\",\"contentUrl\":\"https:\\\/\\\/docs.imanage.com\\\/wp-content\\\/uploads\\\/2020\\\/07\\\/Moving-folders-using-context-or-kebab-menu.png\"},{\"@type\":\"BreadcrumbList\",\"@id\":\"https:\\\/\\\/docs.imanage.com\\\/es\\\/whats-new-in-imanage-work-2020-07.html#breadcrumb\",\"itemListElement\":[{\"@type\":\"ListItem\",\"position\":1,\"name\":\"Home\",\"item\":\"https:\\\/\\\/docs.imanage.com\\\/\"},{\"@type\":\"ListItem\",\"position\":2,\"name\":\"Novedades en iManage Work &#8211; Julio 2020\"}]},{\"@type\":\"WebSite\",\"@id\":\"https:\\\/\\\/docs.imanage.com\\\/#website\",\"url\":\"https:\\\/\\\/docs.imanage.com\\\/\",\"name\":\"Docs - iManage\",\"description\":\"\",\"potentialAction\":[{\"@type\":\"SearchAction\",\"target\":{\"@type\":\"EntryPoint\",\"urlTemplate\":\"https:\\\/\\\/docs.imanage.com\\\/?s={search_term_string}\"},\"query-input\":{\"@type\":\"PropertyValueSpecification\",\"valueRequired\":true,\"valueName\":\"search_term_string\"}}],\"inLanguage\":\"es-ES\"}]}<\/script>\n<!-- \/ Yoast SEO plugin. -->","yoast_head_json":{"title":"Novedades en iManage Work - Julio 2020 &#8211; Docs - iManage","robots":{"index":"index","follow":"follow","max-snippet":"max-snippet:-1","max-image-preview":"max-image-preview:large","max-video-preview":"max-video-preview:-1"},"canonical":"https:\/\/docs.imanage.com\/es\/whats-new-in-imanage-work-2020-07.html","og_locale":"es_ES","og_type":"article","og_title":"Novedades en iManage Work - Julio 2020 &#8211; Docs - iManage","og_url":"https:\/\/docs.imanage.com\/es\/whats-new-in-imanage-work-2020-07.html","og_site_name":"Docs - iManage","article_modified_time":"2020-08-12T05:23:15+00:00","og_image":[{"url":"https:\/\/docs.imanage.com\/wp-content\/uploads\/2020\/07\/Moving-folders-using-context-or-kebab-menu.png","type":"","width":"","height":""}],"twitter_card":"summary_large_image","twitter_misc":{"Est. reading time":"25 minutes"},"schema":{"@context":"https:\/\/schema.org","@graph":[{"@type":"WebPage","@id":"https:\/\/docs.imanage.com\/es\/whats-new-in-imanage-work-2020-07.html","url":"https:\/\/docs.imanage.com\/es\/whats-new-in-imanage-work-2020-07.html","name":"Novedades en iManage Work - Julio 2020 &#8211; Docs - iManage","isPartOf":{"@id":"https:\/\/docs.imanage.com\/#website"},"primaryImageOfPage":{"@id":"https:\/\/docs.imanage.com\/es\/whats-new-in-imanage-work-2020-07.html#primaryimage"},"image":{"@id":"https:\/\/docs.imanage.com\/es\/whats-new-in-imanage-work-2020-07.html#primaryimage"},"thumbnailUrl":"https:\/\/docs.imanage.com\/wp-content\/uploads\/2020\/07\/Moving-folders-using-context-or-kebab-menu.png","datePublished":"2020-07-06T06:37:03+00:00","dateModified":"2020-08-12T05:23:15+00:00","breadcrumb":{"@id":"https:\/\/docs.imanage.com\/es\/whats-new-in-imanage-work-2020-07.html#breadcrumb"},"inLanguage":"es-ES","potentialAction":[{"@type":"ReadAction","target":["https:\/\/docs.imanage.com\/es\/whats-new-in-imanage-work-2020-07.html"]}]},{"@type":"ImageObject","inLanguage":"es-ES","@id":"https:\/\/docs.imanage.com\/es\/whats-new-in-imanage-work-2020-07.html#primaryimage","url":"https:\/\/docs.imanage.com\/wp-content\/uploads\/2020\/07\/Moving-folders-using-context-or-kebab-menu.png","contentUrl":"https:\/\/docs.imanage.com\/wp-content\/uploads\/2020\/07\/Moving-folders-using-context-or-kebab-menu.png"},{"@type":"BreadcrumbList","@id":"https:\/\/docs.imanage.com\/es\/whats-new-in-imanage-work-2020-07.html#breadcrumb","itemListElement":[{"@type":"ListItem","position":1,"name":"Home","item":"https:\/\/docs.imanage.com\/"},{"@type":"ListItem","position":2,"name":"Novedades en iManage Work &#8211; Julio 2020"}]},{"@type":"WebSite","@id":"https:\/\/docs.imanage.com\/#website","url":"https:\/\/docs.imanage.com\/","name":"Docs - iManage","description":"","potentialAction":[{"@type":"SearchAction","target":{"@type":"EntryPoint","urlTemplate":"https:\/\/docs.imanage.com\/?s={search_term_string}"},"query-input":{"@type":"PropertyValueSpecification","valueRequired":true,"valueName":"search_term_string"}}],"inLanguage":"es-ES"}]}},"_links":{"self":[{"href":"https:\/\/docs.imanage.com\/es\/wp-json\/wp\/v2\/pages\/513","targetHints":{"allow":["GET"]}}],"collection":[{"href":"https:\/\/docs.imanage.com\/es\/wp-json\/wp\/v2\/pages"}],"about":[{"href":"https:\/\/docs.imanage.com\/es\/wp-json\/wp\/v2\/types\/page"}],"author":[{"embeddable":true,"href":"https:\/\/docs.imanage.com\/es\/wp-json\/wp\/v2\/users\/4"}],"replies":[{"embeddable":true,"href":"https:\/\/docs.imanage.com\/es\/wp-json\/wp\/v2\/comments?post=513"}],"version-history":[{"count":0,"href":"https:\/\/docs.imanage.com\/es\/wp-json\/wp\/v2\/pages\/513\/revisions"}],"wp:attachment":[{"href":"https:\/\/docs.imanage.com\/es\/wp-json\/wp\/v2\/media?parent=513"}],"curies":[{"name":"wp","href":"https:\/\/api.w.org\/{rel}","templated":true}]}}