{"id":541,"date":"2020-09-09T12:23:41","date_gmt":"2020-09-09T12:23:41","guid":{"rendered":"https:\/\/docs.imanage.com\/?page_id=541"},"modified":"2021-08-09T16:32:23","modified_gmt":"2021-08-09T16:32:23","slug":"whats-new-in-imanage-work-2020-10","status":"publish","type":"page","link":"https:\/\/docs.imanage.com\/es\/whats-new-in-imanage-work-2020-10.html","title":{"rendered":"Novedades en iManage Work &#8211; Octubre de 2020"},"content":{"rendered":"<h1><strong>Introducci\u00f3n a la funci\u00f3n de arrastrar y soltar para flujos de trabajo eficientes<\/strong><\/h1>\n<p>Mueva uno o m\u00e1s accesos directos de documentos usando un simple arrastrar y soltar entre el panel central y el \u00e1rbol.<br \/>\n<img decoding=\"async\" class=\"alignnone wp-image-521 size-large black-border\" src=\"https:\/\/docs.imanage.com\/work-web-help\/10.3.2\/en-US\/images\/download\/attachments\/89278760\/dnddoc_shortcuts_from_center_panel_to_tree_July_23.gif\" alt=\"\" width=\"900\" \/><\/p>\n<p>Mueva los accesos directos de espacio de trabajo desde el panel central a\u00a0<strong>Mis asuntos\u00a0<\/strong>o a la categor\u00eda deseada dentro de ellos en el \u00e1rbol usando arrastrar y soltar.<\/p>\n<p><img decoding=\"async\" class=\"alignnone wp-image-521 size-large black-border\" src=\"https:\/\/docs.imanage.com\/work-web-help\/10.3.2\/en-US\/images\/download\/attachments\/89279991\/dnd_ws_shortcuts_from_center_panel_to_tree_July_23.gif\" alt=\"\" width=\"900\" \/><\/p>\n<p>Mueva uno o m\u00e1s accesos directos de carpetas usando un simple arrastrar y soltar entre el panel central y el \u00e1rbol.<\/p>\n<p><img decoding=\"async\" class=\"alignnone wp-image-521 size-large black-border\" src=\"https:\/\/docs.imanage.com\/work-web-help\/10.3.2\/en-US\/images\/download\/attachments\/89284392\/July_28%2C_Move_Folder_shortcuts_using_DnD.gif\" alt=\"\" width=\"900\" \/><\/p>\n<p>Mueva uno o m\u00e1s accesos directos de espacio de trabajo desde el panel central a\u00a0Mis favoritos\u00a0o a la categor\u00eda deseada dentro de ellos en el \u00e1rbol usando arrastrar y soltar.<\/p>\n<p><img decoding=\"async\" class=\"alignnone wp-image-521 size-large black-border\" src=\"https:\/\/docs.imanage.com\/work-web-help\/10.3.2\/en-US\/images\/download\/attachments\/89285194\/July_30%2C_DnD_Shortcuts_within_my_favorites.gif\" alt=\"\" width=\"900\" \/><\/p>\n<h1><strong>Ahora es compatible cargar documentos y carpetas del escritorio al \u00e1rbol<\/strong><\/h1>\n<p>Solo tiene que hacer un \u00fanico movimiento, subir una o m\u00e1s carpetas o documentos de su escritorio al \u00e1rbol usando arrastrar y soltar.<br \/>\n<img decoding=\"async\" class=\"alignnone wp-image-521 size-large black-border\" src=\"https:\/\/docs.imanage.com\/work-web-help\/10.3.2\/en-US\/images\/download\/attachments\/89289833\/Sep_27%2C_Uploading_documents_from_the_desktop_to_a_tree_node_using_drag-and-drop.gif\" alt=\"\" width=\"1080\" \/><\/p>\n<p><img decoding=\"async\" class=\"alignnone wp-image-521 size-large black-border\" src=\"https:\/\/docs.imanage.com\/work-web-help\/10.3.2\/en-US\/images\/download\/attachments\/89289866\/Sep_27%2C_Uploading_folders_from_the_desktop_to_a_tree_node_using_drag-and-drop.gif\" alt=\"\" width=\"1080\" \/><\/p>\n<h1>Mover carpetas y documentos<\/h1>\n<p>Adem\u00e1s de arrastrar y soltar, simplemente seleccione las carpetas y documentos y utilice la opci\u00f3n del men\u00fa contextual con el bot\u00f3n derecho del rat\u00f3n para trasladarse a otra ubicaci\u00f3n y organizar su trabajo.<\/p>\n<h1>Ver m\u00e1s carpetas en cuadr\u00edcula<\/h1>\n<p>Ya no est\u00e1 limitado a ver solo 50 elementos en el \u00e1rbol. Simplemente pase el cursor sobre\u00a0<strong>Mostrar m\u00e1s\u00a0<\/strong>para expandir y ver m\u00e1s elementos directamente dentro del \u00e1rbol.<br \/>\n<img decoding=\"async\" class=\"alignnone wp-image-521 size-large black-border\" src=\"https:\/\/docs.imanage.com\/work-web-help\/10.3.2\/en-US\/images\/download\/attachments\/89287368\/Sep_26%2C_Ability_to_show_all_nodes_at_any_level_in_the_tree.gif\" alt=\"\" width=\"900\" \/><\/p>\n<h1>Localizar la carpeta principal con facilidad<\/h1>\n<p>Utilice la opci\u00f3n\u00a0<strong>Mostrar en cuadr\u00edcula\u00a0<\/strong>en el men\u00fa contextual del bot\u00f3n derecho del rat\u00f3n para localizar f\u00e1cilmente la carpeta principal y localizar la ruta de la carpeta exacta. Al ver los documentos en la lista reciente o en los resultados de b\u00fasqueda, esto le permite encontrar f\u00e1cilmente la ubicaci\u00f3n exacta del archivo, para que pueda encontrar qu\u00e9 otros archivos se encuentran en esta carpeta.<br \/>\n<img decoding=\"async\" class=\"alignnone wp-image-521 size-large black-border\" src=\"https:\/\/docs.imanage.com\/work-web-help\/10.3.2\/en-US\/images\/download\/attachments\/93036766\/Sep_01%2C_Show_in_tree_new_context_menu_option.gif\" alt=\"\" width=\"900\" \/><\/p>\n<p>La visualizaci\u00f3n de los elementos presentes en m\u00faltiples ubicaciones se simplifica con un cuadro de di\u00e1logo que muestra dichas ubicaciones.<\/p>\n<p><img decoding=\"async\" class=\"alignnone wp-image-521 size-large black-border\" src=\"https:\/\/docs.imanage.com\/work-web-help\/10.3.2\/en-US\/images\/download\/attachments\/93033489\/Sep_27%2C_New_Show_in_Tree_context_menu_option_.gif\" alt=\"\" width=\"900\" \/><\/p>\n<h1>Visualizaci\u00f3n de los filtros aplicados<\/h1>\n<p>Visualice y ajuste f\u00e1cilmente los filtros, permiti\u00e9ndole segmentar los resultados para encontrar el contenido m\u00e1s relevante.<br \/>\n<img decoding=\"async\" class=\"alignnone wp-image-521 size-large black-border\" src=\"https:\/\/docs.imanage.com\/work-web-help\/10.3.2\/en-US\/images\/download\/attachments\/93036750\/New_Filter.png\" alt=\"\" width=\"900\" \/><\/p>\n<h1>Men\u00fas contextuales con el bot\u00f3n derecho del rat\u00f3n\u00a0antes disponible en el panel central, ahora tambi\u00e9n disponible en los nodos del \u00e1rbol<\/h1>\n<p>M\u00e1s comodidad para usted&#8230; Los men\u00fas contextuales del bot\u00f3n derecho del rat\u00f3n est\u00e1n disponibles en el nodo del \u00e1rbol. Le permite realizar acciones en la ubicaci\u00f3n mientras navega por la jerarqu\u00eda de carpetas, lo cual le ahorra tiempo.<br \/>\n<img decoding=\"async\" class=\"alignnone wp-image-521 size-large black-border\" src=\"https:\/\/docs.imanage.com\/wp-content\/uploads\/2020\/09\/Sep-26-Ability-to-perform-context-menu-operations-on-the-tree-node-1.gif\" alt=\"\" width=\"900\" \/><\/p>\n<h1>B\u00fasqueda avanzada sin salir de MS Outlook<\/h1>\n<p>Vaya m\u00e1s all\u00e1 de la b\u00fasqueda de autores y t\u00edtulos para encontrar contenido basado en cualquier metadato utilizando la B\u00fasqueda Avanzada en el Panel de Trabajo dentro de MS Outlook.<br \/>\n<img decoding=\"async\" class=\"alignnone wp-image-521 size-large black-border\" src=\"https:\/\/docs.imanage.com\/wp-content\/uploads\/2020\/09\/Sep-27-Advanced-search-in-Work-panel-.gif\" alt=\"\" width=\"700\" \/><\/p>\n<h1><strong>M\u00e1s atajos de teclado para una navegaci\u00f3n m\u00e1s r\u00e1pida<\/strong><\/h1>\n<p><img loading=\"lazy\" decoding=\"async\" class=\"alignnone size-full wp-image-566\" src=\"https:\/\/docs.imanage.com\/wp-content\/uploads\/2020\/10\/Spanish_table.png\" alt=\"\" width=\"632\" height=\"389\" srcset=\"https:\/\/docs.imanage.com\/wp-content\/uploads\/2020\/10\/Spanish_table.png 632w, https:\/\/docs.imanage.com\/wp-content\/uploads\/2020\/10\/Spanish_table-300x185.png 300w\" sizes=\"auto, (max-width: 632px) 100vw, 632px\" \/><\/p>\n","protected":false},"excerpt":{"rendered":"<p>Introducci\u00f3n a la funci\u00f3n de arrastrar y soltar para flujos de trabajo eficientes Mueva uno o m\u00e1s accesos directos de documentos usando un simple arrastrar y soltar entre el panel central y el \u00e1rbol. Mueva los accesos directos de espacio de trabajo desde el panel central a\u00a0Mis asuntos\u00a0o a la categor\u00eda deseada dentro de ellos [&hellip;]<\/p>\n","protected":false},"author":4,"featured_media":0,"parent":0,"menu_order":0,"comment_status":"closed","ping_status":"closed","template":"","meta":{"_acf_changed":false,"footnotes":""},"class_list":["post-541","page","type-page","status-publish","hentry"],"translation":{"provider":"WPGlobus","version":"3.0.2","language":"es","enabled_languages":["en","de","fr","qc","jp","br","es","zh"],"languages":{"en":{"title":true,"content":true,"excerpt":false},"de":{"title":true,"content":true,"excerpt":false},"fr":{"title":true,"content":true,"excerpt":false},"qc":{"title":false,"content":false,"excerpt":false},"jp":{"title":true,"content":true,"excerpt":false},"br":{"title":true,"content":true,"excerpt":false},"es":{"title":true,"content":true,"excerpt":false},"zh":{"title":true,"content":true,"excerpt":false}}},"acf":[],"yoast_head":"<!-- This site is optimized with the Yoast SEO plugin v27.4 - https:\/\/yoast.com\/product\/yoast-seo-wordpress\/ -->\n<title>Novedades en iManage Work - Octubre de 2020 &#8211; Docs - iManage<\/title>\n<meta name=\"robots\" content=\"index, follow, max-snippet:-1, max-image-preview:large, max-video-preview:-1\" \/>\n<link rel=\"canonical\" href=\"https:\/\/docs.imanage.com\/whats-new-in-imanage-work-2020-10.html\" \/>\n<meta property=\"og:locale\" content=\"es_ES\" \/>\n<meta property=\"og:type\" content=\"article\" \/>\n<meta property=\"og:title\" content=\"Novedades en iManage Work - Octubre de 2020 &#8211; Docs - iManage\" \/>\n<meta property=\"og:url\" content=\"https:\/\/docs.imanage.com\/whats-new-in-imanage-work-2020-10.html\" \/>\n<meta property=\"og:site_name\" content=\"Docs - iManage\" \/>\n<meta property=\"article:modified_time\" content=\"2021-08-09T16:32:23+00:00\" \/>\n<meta property=\"og:image\" content=\"https:\/\/docs.imanage.com\/work-web-help\/10.3.2\/en-US\/images\/download\/attachments\/89278760\/dnddoc_shortcuts_from_center_panel_to_tree_July_23.gif\" \/>\n<meta name=\"twitter:card\" content=\"summary_large_image\" \/>\n<meta name=\"twitter:label1\" content=\"Est. reading time\" \/>\n\t<meta name=\"twitter:data1\" content=\"11 minutes\" \/>\n<script type=\"application\/ld+json\" class=\"yoast-schema-graph\">{\"@context\":\"https:\\\/\\\/schema.org\",\"@graph\":[{\"@type\":\"WebPage\",\"@id\":\"https:\\\/\\\/docs.imanage.com\\\/whats-new-in-imanage-work-2020-10.html\",\"url\":\"https:\\\/\\\/docs.imanage.com\\\/whats-new-in-imanage-work-2020-10.html\",\"name\":\"Novedades en iManage Work - Octubre de 2020 &#8211; Docs - iManage\",\"isPartOf\":{\"@id\":\"https:\\\/\\\/docs.imanage.com\\\/#website\"},\"primaryImageOfPage\":{\"@id\":\"https:\\\/\\\/docs.imanage.com\\\/whats-new-in-imanage-work-2020-10.html#primaryimage\"},\"image\":{\"@id\":\"https:\\\/\\\/docs.imanage.com\\\/whats-new-in-imanage-work-2020-10.html#primaryimage\"},\"thumbnailUrl\":\"https:\\\/\\\/docs.imanage.com\\\/work-web-help\\\/10.3.2\\\/en-US\\\/images\\\/download\\\/attachments\\\/89278760\\\/dnddoc_shortcuts_from_center_panel_to_tree_July_23.gif\",\"datePublished\":\"2020-09-09T12:23:41+00:00\",\"dateModified\":\"2021-08-09T16:32:23+00:00\",\"breadcrumb\":{\"@id\":\"https:\\\/\\\/docs.imanage.com\\\/whats-new-in-imanage-work-2020-10.html#breadcrumb\"},\"inLanguage\":\"es-ES\",\"potentialAction\":[{\"@type\":\"ReadAction\",\"target\":[\"https:\\\/\\\/docs.imanage.com\\\/whats-new-in-imanage-work-2020-10.html\"]}]},{\"@type\":\"ImageObject\",\"inLanguage\":\"es-ES\",\"@id\":\"https:\\\/\\\/docs.imanage.com\\\/whats-new-in-imanage-work-2020-10.html#primaryimage\",\"url\":\"https:\\\/\\\/docs.imanage.com\\\/work-web-help\\\/10.3.2\\\/en-US\\\/images\\\/download\\\/attachments\\\/89278760\\\/dnddoc_shortcuts_from_center_panel_to_tree_July_23.gif\",\"contentUrl\":\"https:\\\/\\\/docs.imanage.com\\\/work-web-help\\\/10.3.2\\\/en-US\\\/images\\\/download\\\/attachments\\\/89278760\\\/dnddoc_shortcuts_from_center_panel_to_tree_July_23.gif\"},{\"@type\":\"BreadcrumbList\",\"@id\":\"https:\\\/\\\/docs.imanage.com\\\/whats-new-in-imanage-work-2020-10.html#breadcrumb\",\"itemListElement\":[{\"@type\":\"ListItem\",\"position\":1,\"name\":\"Home\",\"item\":\"https:\\\/\\\/docs.imanage.com\\\/\"},{\"@type\":\"ListItem\",\"position\":2,\"name\":\"What&#8217;s New in iManage Work &#8211; October 2020\"}]},{\"@type\":\"WebSite\",\"@id\":\"https:\\\/\\\/docs.imanage.com\\\/#website\",\"url\":\"https:\\\/\\\/docs.imanage.com\\\/\",\"name\":\"Docs - iManage\",\"description\":\"\",\"potentialAction\":[{\"@type\":\"SearchAction\",\"target\":{\"@type\":\"EntryPoint\",\"urlTemplate\":\"https:\\\/\\\/docs.imanage.com\\\/?s={search_term_string}\"},\"query-input\":{\"@type\":\"PropertyValueSpecification\",\"valueRequired\":true,\"valueName\":\"search_term_string\"}}],\"inLanguage\":\"es-ES\"}]}<\/script>\n<!-- \/ Yoast SEO plugin. -->","yoast_head_json":{"title":"Novedades en iManage Work - Octubre de 2020 &#8211; Docs - iManage","robots":{"index":"index","follow":"follow","max-snippet":"max-snippet:-1","max-image-preview":"max-image-preview:large","max-video-preview":"max-video-preview:-1"},"canonical":"https:\/\/docs.imanage.com\/whats-new-in-imanage-work-2020-10.html","og_locale":"es_ES","og_type":"article","og_title":"Novedades en iManage Work - Octubre de 2020 &#8211; Docs - iManage","og_url":"https:\/\/docs.imanage.com\/whats-new-in-imanage-work-2020-10.html","og_site_name":"Docs - iManage","article_modified_time":"2021-08-09T16:32:23+00:00","og_image":[{"url":"https:\/\/docs.imanage.com\/work-web-help\/10.3.2\/en-US\/images\/download\/attachments\/89278760\/dnddoc_shortcuts_from_center_panel_to_tree_July_23.gif","type":"","width":"","height":""}],"twitter_card":"summary_large_image","twitter_misc":{"Est. reading time":"11 minutes"},"schema":{"@context":"https:\/\/schema.org","@graph":[{"@type":"WebPage","@id":"https:\/\/docs.imanage.com\/whats-new-in-imanage-work-2020-10.html","url":"https:\/\/docs.imanage.com\/whats-new-in-imanage-work-2020-10.html","name":"Novedades en iManage Work - Octubre de 2020 &#8211; Docs - iManage","isPartOf":{"@id":"https:\/\/docs.imanage.com\/#website"},"primaryImageOfPage":{"@id":"https:\/\/docs.imanage.com\/whats-new-in-imanage-work-2020-10.html#primaryimage"},"image":{"@id":"https:\/\/docs.imanage.com\/whats-new-in-imanage-work-2020-10.html#primaryimage"},"thumbnailUrl":"https:\/\/docs.imanage.com\/work-web-help\/10.3.2\/en-US\/images\/download\/attachments\/89278760\/dnddoc_shortcuts_from_center_panel_to_tree_July_23.gif","datePublished":"2020-09-09T12:23:41+00:00","dateModified":"2021-08-09T16:32:23+00:00","breadcrumb":{"@id":"https:\/\/docs.imanage.com\/whats-new-in-imanage-work-2020-10.html#breadcrumb"},"inLanguage":"es-ES","potentialAction":[{"@type":"ReadAction","target":["https:\/\/docs.imanage.com\/whats-new-in-imanage-work-2020-10.html"]}]},{"@type":"ImageObject","inLanguage":"es-ES","@id":"https:\/\/docs.imanage.com\/whats-new-in-imanage-work-2020-10.html#primaryimage","url":"https:\/\/docs.imanage.com\/work-web-help\/10.3.2\/en-US\/images\/download\/attachments\/89278760\/dnddoc_shortcuts_from_center_panel_to_tree_July_23.gif","contentUrl":"https:\/\/docs.imanage.com\/work-web-help\/10.3.2\/en-US\/images\/download\/attachments\/89278760\/dnddoc_shortcuts_from_center_panel_to_tree_July_23.gif"},{"@type":"BreadcrumbList","@id":"https:\/\/docs.imanage.com\/whats-new-in-imanage-work-2020-10.html#breadcrumb","itemListElement":[{"@type":"ListItem","position":1,"name":"Home","item":"https:\/\/docs.imanage.com\/"},{"@type":"ListItem","position":2,"name":"What&#8217;s New in iManage Work &#8211; October 2020"}]},{"@type":"WebSite","@id":"https:\/\/docs.imanage.com\/#website","url":"https:\/\/docs.imanage.com\/","name":"Docs - iManage","description":"","potentialAction":[{"@type":"SearchAction","target":{"@type":"EntryPoint","urlTemplate":"https:\/\/docs.imanage.com\/?s={search_term_string}"},"query-input":{"@type":"PropertyValueSpecification","valueRequired":true,"valueName":"search_term_string"}}],"inLanguage":"es-ES"}]}},"_links":{"self":[{"href":"https:\/\/docs.imanage.com\/es\/wp-json\/wp\/v2\/pages\/541","targetHints":{"allow":["GET"]}}],"collection":[{"href":"https:\/\/docs.imanage.com\/es\/wp-json\/wp\/v2\/pages"}],"about":[{"href":"https:\/\/docs.imanage.com\/es\/wp-json\/wp\/v2\/types\/page"}],"author":[{"embeddable":true,"href":"https:\/\/docs.imanage.com\/es\/wp-json\/wp\/v2\/users\/4"}],"replies":[{"embeddable":true,"href":"https:\/\/docs.imanage.com\/es\/wp-json\/wp\/v2\/comments?post=541"}],"version-history":[{"count":0,"href":"https:\/\/docs.imanage.com\/es\/wp-json\/wp\/v2\/pages\/541\/revisions"}],"wp:attachment":[{"href":"https:\/\/docs.imanage.com\/es\/wp-json\/wp\/v2\/media?parent=541"}],"curies":[{"name":"wp","href":"https:\/\/api.w.org\/{rel}","templated":true}]}}