{"id":571,"date":"2020-11-04T20:13:37","date_gmt":"2020-11-04T20:13:37","guid":{"rendered":"https:\/\/docs.imanage.com\/?page_id=571"},"modified":"2021-08-09T16:19:25","modified_gmt":"2021-08-09T16:19:25","slug":"whats-new-in-imanage-work-2021-02","status":"publish","type":"page","link":"https:\/\/docs.imanage.com\/es\/whats-new-in-imanage-work-2021-02.html","title":{"rendered":"Novedades de iManage Work"},"content":{"rendered":"<h4>Febrero de 2021<\/h4>\n<h1><strong>Conozca el estado de seguridad de una carpeta de un vistazo<\/strong><\/h1>\n<p>Ya no habr\u00e1 que navegar hasta las propiedades de la carpeta para comprobar la seguridad de la misma. Aparecer\u00e1 un nuevo icono de superposici\u00f3n de claves <img loading=\"lazy\" decoding=\"async\" class=\"alignnone wp-image-576\" src=\"https:\/\/docs.imanage.com\/wp-content\/uploads\/2020\/12\/key-overlay-icon.png\" alt=\"\" width=\"34\" height=\"28\" \/> en las carpetas que no heredan la seguridad de su principal.<br \/>\n<img decoding=\"async\" class=\"alignnone wp-image-521 size-large black-border\" src=\"https:\/\/docs.imanage.com\/work-web-help\/10.3.3\/en-US\/images\/download\/attachments\/99821371\/Updation_of_folder_security_for_Folder_or_Tab_or_Category.gif\" alt=\"\" width=\"900\" \/><\/p>\n<h1>A\u00f1ada un documento a Mis Favoritos, directamente desde su vista previa<\/h1>\n<p>\u00bfEst\u00e1 viendo un documento y necesita a\u00f1adirlo a Mis Favoritos para poder encontrarlo r\u00e1pidamente m\u00e1s tarde? Simplemente seleccione la nueva opci\u00f3n <strong>A\u00f1adir a mis favoritos<\/strong> que aparece en la barra de herramientas de vista previa.<br \/>\n<img loading=\"lazy\" decoding=\"async\" class=\"alignnone size-large wp-image-594 black-border\" src=\"https:\/\/docs.imanage.com\/wp-content\/uploads\/2021\/02\/Adding-a-document-to-My-Fav-in-preview-mode-1024x352.png\" alt=\"\" width=\"525\" height=\"180\" srcset=\"https:\/\/docs.imanage.com\/wp-content\/uploads\/2021\/02\/Adding-a-document-to-My-Fav-in-preview-mode-1024x352.png 1024w, https:\/\/docs.imanage.com\/wp-content\/uploads\/2021\/02\/Adding-a-document-to-My-Fav-in-preview-mode-300x103.png 300w, https:\/\/docs.imanage.com\/wp-content\/uploads\/2021\/02\/Adding-a-document-to-My-Fav-in-preview-mode-768x264.png 768w, https:\/\/docs.imanage.com\/wp-content\/uploads\/2021\/02\/Adding-a-document-to-My-Fav-in-preview-mode.png 1338w\" sizes=\"auto, (max-width: 525px) 100vw, 525px\" \/><\/p>\n<h1>Expanda o contraiga la navegaci\u00f3n lateral, \u00a1m\u00e1s poder para usted!<\/h1>\n<p>\u00bfNecesita m\u00e1s espacio en su pantalla para ver m\u00e1s informaci\u00f3n? El atajo de teclado de la barra invertida o la opci\u00f3n de men\u00fa hamburguesa <img loading=\"lazy\" decoding=\"async\" class=\"alignnone wp-image-577\" src=\"https:\/\/docs.imanage.com\/wp-content\/uploads\/2020\/12\/hamburger-menu.png\" alt=\"\" width=\"34\" height=\"32\" \/> en la esquina superior izquierda facilitan expandir o contraer la navegaci\u00f3n lateral y ganar m\u00e1s espacio.<\/p>\n<h1>La exportaci\u00f3n de metadatos facilita el intercambio<\/h1>\n<p>La funci\u00f3n <strong>Exportar<\/strong> permite exportar los metadatos de los elementos (b\u00e1sicamente los valores de las columnas que ha configurado en la configuraci\u00f3n de la vista de cuadr\u00edcula) en la vista de cuadr\u00edcula como un informe .csv.\u00a0<img decoding=\"async\" class=\"alignnone wp-image-521 size-large black-border\" src=\"https:\/\/docs.imanage.com\/work-web-help\/10.3.3\/en-US\/images\/download\/attachments\/99821407\/Exporting_metadata_from_the_grid_view.gif\" alt=\"\" width=\"900\" \/><\/p>\n<h1>Realice m\u00e1s funciones con los documentos de MS Office utilizando la opci\u00f3n Abrir en modo solo lectura<\/h1>\n<p>Accesible desde el men\u00fa contextual\/kebab del bot\u00f3n derecho del rat\u00f3n o desde el modo de vista previa del documento, la nueva opci\u00f3n <strong>Abrir (solo lectura)<\/strong> permite realizar operaciones como Imprimir, Guardar como nuevo documento, etc., sin necesidad de consultar el documento.<\/p>\n<p><img loading=\"lazy\" decoding=\"async\" class=\"black-border alignnone wp-image-595\" src=\"https:\/\/docs.imanage.com\/wp-content\/uploads\/2021\/02\/Red-only-in-MS-office.png\" alt=\"\" width=\"200\" height=\"372\" srcset=\"https:\/\/docs.imanage.com\/wp-content\/uploads\/2021\/02\/Red-only-in-MS-office.png 394w, https:\/\/docs.imanage.com\/wp-content\/uploads\/2021\/02\/Red-only-in-MS-office-161x300.png 161w\" sizes=\"auto, (max-width: 200px) 100vw, 200px\" \/><\/p>\n","protected":false},"excerpt":{"rendered":"<p>Febrero de 2021 Conozca el estado de seguridad de una carpeta de un vistazo Ya no habr\u00e1 que navegar hasta las propiedades de la carpeta para comprobar la seguridad de la misma. Aparecer\u00e1 un nuevo icono de superposici\u00f3n de claves en las carpetas que no heredan la seguridad de su principal. A\u00f1ada un documento a [&hellip;]<\/p>\n","protected":false},"author":4,"featured_media":0,"parent":0,"menu_order":0,"comment_status":"closed","ping_status":"closed","template":"","meta":{"_acf_changed":false,"footnotes":""},"class_list":["post-571","page","type-page","status-publish","hentry"],"translation":{"provider":"WPGlobus","version":"3.0.2","language":"es","enabled_languages":["en","de","fr","qc","jp","br","es","zh"],"languages":{"en":{"title":true,"content":true,"excerpt":false},"de":{"title":true,"content":true,"excerpt":false},"fr":{"title":true,"content":true,"excerpt":false},"qc":{"title":false,"content":false,"excerpt":false},"jp":{"title":true,"content":true,"excerpt":false},"br":{"title":true,"content":true,"excerpt":false},"es":{"title":true,"content":true,"excerpt":false},"zh":{"title":true,"content":true,"excerpt":false}}},"acf":[],"yoast_head":"<!-- This site is optimized with the Yoast SEO plugin v27.4 - https:\/\/yoast.com\/product\/yoast-seo-wordpress\/ -->\n<title>Novedades de iManage Work &#8211; Docs - iManage<\/title>\n<meta name=\"robots\" content=\"index, follow, max-snippet:-1, max-image-preview:large, max-video-preview:-1\" \/>\n<link rel=\"canonical\" href=\"https:\/\/docs.imanage.com\/zh\/whats-new-in-imanage-work-2021-02.html\" \/>\n<meta property=\"og:locale\" content=\"es_ES\" \/>\n<meta property=\"og:type\" content=\"article\" \/>\n<meta property=\"og:title\" content=\"Novedades de iManage Work &#8211; Docs - iManage\" \/>\n<meta property=\"og:url\" content=\"https:\/\/docs.imanage.com\/zh\/whats-new-in-imanage-work-2021-02.html\" \/>\n<meta property=\"og:site_name\" content=\"Docs - iManage\" \/>\n<meta property=\"article:modified_time\" content=\"2021-08-09T16:19:25+00:00\" \/>\n<meta property=\"og:image\" content=\"https:\/\/docs.imanage.com\/wp-content\/uploads\/2020\/12\/key-overlay-icon.png\" \/>\n<meta name=\"twitter:card\" content=\"summary_large_image\" \/>\n<meta name=\"twitter:label1\" content=\"Est. reading time\" \/>\n\t<meta name=\"twitter:data1\" content=\"6 minutes\" \/>\n<script type=\"application\/ld+json\" class=\"yoast-schema-graph\">{\"@context\":\"https:\\\/\\\/schema.org\",\"@graph\":[{\"@type\":\"WebPage\",\"@id\":\"https:\\\/\\\/docs.imanage.com\\\/zh\\\/whats-new-in-imanage-work-2021-02.html\",\"url\":\"https:\\\/\\\/docs.imanage.com\\\/zh\\\/whats-new-in-imanage-work-2021-02.html\",\"name\":\"Novedades de iManage Work &#8211; Docs - iManage\",\"isPartOf\":{\"@id\":\"https:\\\/\\\/docs.imanage.com\\\/#website\"},\"primaryImageOfPage\":{\"@id\":\"https:\\\/\\\/docs.imanage.com\\\/zh\\\/whats-new-in-imanage-work-2021-02.html#primaryimage\"},\"image\":{\"@id\":\"https:\\\/\\\/docs.imanage.com\\\/zh\\\/whats-new-in-imanage-work-2021-02.html#primaryimage\"},\"thumbnailUrl\":\"https:\\\/\\\/docs.imanage.com\\\/wp-content\\\/uploads\\\/2020\\\/12\\\/key-overlay-icon.png\",\"datePublished\":\"2020-11-04T20:13:37+00:00\",\"dateModified\":\"2021-08-09T16:19:25+00:00\",\"breadcrumb\":{\"@id\":\"https:\\\/\\\/docs.imanage.com\\\/zh\\\/whats-new-in-imanage-work-2021-02.html#breadcrumb\"},\"inLanguage\":\"es-ES\",\"potentialAction\":[{\"@type\":\"ReadAction\",\"target\":[\"https:\\\/\\\/docs.imanage.com\\\/zh\\\/whats-new-in-imanage-work-2021-02.html\"]}]},{\"@type\":\"ImageObject\",\"inLanguage\":\"es-ES\",\"@id\":\"https:\\\/\\\/docs.imanage.com\\\/zh\\\/whats-new-in-imanage-work-2021-02.html#primaryimage\",\"url\":\"https:\\\/\\\/docs.imanage.com\\\/wp-content\\\/uploads\\\/2020\\\/12\\\/key-overlay-icon.png\",\"contentUrl\":\"https:\\\/\\\/docs.imanage.com\\\/wp-content\\\/uploads\\\/2020\\\/12\\\/key-overlay-icon.png\"},{\"@type\":\"BreadcrumbList\",\"@id\":\"https:\\\/\\\/docs.imanage.com\\\/zh\\\/whats-new-in-imanage-work-2021-02.html#breadcrumb\",\"itemListElement\":[{\"@type\":\"ListItem\",\"position\":1,\"name\":\"Home\",\"item\":\"https:\\\/\\\/docs.imanage.com\\\/\"},{\"@type\":\"ListItem\",\"position\":2,\"name\":\"iManage Work \u65b0\u589e\u529f\u80fd\"}]},{\"@type\":\"WebSite\",\"@id\":\"https:\\\/\\\/docs.imanage.com\\\/#website\",\"url\":\"https:\\\/\\\/docs.imanage.com\\\/\",\"name\":\"Docs - iManage\",\"description\":\"\",\"potentialAction\":[{\"@type\":\"SearchAction\",\"target\":{\"@type\":\"EntryPoint\",\"urlTemplate\":\"https:\\\/\\\/docs.imanage.com\\\/?s={search_term_string}\"},\"query-input\":{\"@type\":\"PropertyValueSpecification\",\"valueRequired\":true,\"valueName\":\"search_term_string\"}}],\"inLanguage\":\"es-ES\"}]}<\/script>\n<!-- \/ Yoast SEO plugin. -->","yoast_head_json":{"title":"Novedades de iManage Work &#8211; Docs - iManage","robots":{"index":"index","follow":"follow","max-snippet":"max-snippet:-1","max-image-preview":"max-image-preview:large","max-video-preview":"max-video-preview:-1"},"canonical":"https:\/\/docs.imanage.com\/zh\/whats-new-in-imanage-work-2021-02.html","og_locale":"es_ES","og_type":"article","og_title":"Novedades de iManage Work &#8211; Docs - iManage","og_url":"https:\/\/docs.imanage.com\/zh\/whats-new-in-imanage-work-2021-02.html","og_site_name":"Docs - iManage","article_modified_time":"2021-08-09T16:19:25+00:00","og_image":[{"url":"https:\/\/docs.imanage.com\/wp-content\/uploads\/2020\/12\/key-overlay-icon.png","type":"","width":"","height":""}],"twitter_card":"summary_large_image","twitter_misc":{"Est. reading time":"6 minutes"},"schema":{"@context":"https:\/\/schema.org","@graph":[{"@type":"WebPage","@id":"https:\/\/docs.imanage.com\/zh\/whats-new-in-imanage-work-2021-02.html","url":"https:\/\/docs.imanage.com\/zh\/whats-new-in-imanage-work-2021-02.html","name":"Novedades de iManage Work &#8211; Docs - iManage","isPartOf":{"@id":"https:\/\/docs.imanage.com\/#website"},"primaryImageOfPage":{"@id":"https:\/\/docs.imanage.com\/zh\/whats-new-in-imanage-work-2021-02.html#primaryimage"},"image":{"@id":"https:\/\/docs.imanage.com\/zh\/whats-new-in-imanage-work-2021-02.html#primaryimage"},"thumbnailUrl":"https:\/\/docs.imanage.com\/wp-content\/uploads\/2020\/12\/key-overlay-icon.png","datePublished":"2020-11-04T20:13:37+00:00","dateModified":"2021-08-09T16:19:25+00:00","breadcrumb":{"@id":"https:\/\/docs.imanage.com\/zh\/whats-new-in-imanage-work-2021-02.html#breadcrumb"},"inLanguage":"es-ES","potentialAction":[{"@type":"ReadAction","target":["https:\/\/docs.imanage.com\/zh\/whats-new-in-imanage-work-2021-02.html"]}]},{"@type":"ImageObject","inLanguage":"es-ES","@id":"https:\/\/docs.imanage.com\/zh\/whats-new-in-imanage-work-2021-02.html#primaryimage","url":"https:\/\/docs.imanage.com\/wp-content\/uploads\/2020\/12\/key-overlay-icon.png","contentUrl":"https:\/\/docs.imanage.com\/wp-content\/uploads\/2020\/12\/key-overlay-icon.png"},{"@type":"BreadcrumbList","@id":"https:\/\/docs.imanage.com\/zh\/whats-new-in-imanage-work-2021-02.html#breadcrumb","itemListElement":[{"@type":"ListItem","position":1,"name":"Home","item":"https:\/\/docs.imanage.com\/"},{"@type":"ListItem","position":2,"name":"iManage Work \u65b0\u589e\u529f\u80fd"}]},{"@type":"WebSite","@id":"https:\/\/docs.imanage.com\/#website","url":"https:\/\/docs.imanage.com\/","name":"Docs - iManage","description":"","potentialAction":[{"@type":"SearchAction","target":{"@type":"EntryPoint","urlTemplate":"https:\/\/docs.imanage.com\/?s={search_term_string}"},"query-input":{"@type":"PropertyValueSpecification","valueRequired":true,"valueName":"search_term_string"}}],"inLanguage":"es-ES"}]}},"_links":{"self":[{"href":"https:\/\/docs.imanage.com\/es\/wp-json\/wp\/v2\/pages\/571","targetHints":{"allow":["GET"]}}],"collection":[{"href":"https:\/\/docs.imanage.com\/es\/wp-json\/wp\/v2\/pages"}],"about":[{"href":"https:\/\/docs.imanage.com\/es\/wp-json\/wp\/v2\/types\/page"}],"author":[{"embeddable":true,"href":"https:\/\/docs.imanage.com\/es\/wp-json\/wp\/v2\/users\/4"}],"replies":[{"embeddable":true,"href":"https:\/\/docs.imanage.com\/es\/wp-json\/wp\/v2\/comments?post=571"}],"version-history":[{"count":0,"href":"https:\/\/docs.imanage.com\/es\/wp-json\/wp\/v2\/pages\/571\/revisions"}],"wp:attachment":[{"href":"https:\/\/docs.imanage.com\/es\/wp-json\/wp\/v2\/media?parent=571"}],"curies":[{"name":"wp","href":"https:\/\/api.w.org\/{rel}","templated":true}]}}